{"id":6248,"date":"2016-08-01T07:56:44","date_gmt":"2016-08-01T07:56:44","guid":{"rendered":"https:\/\/www.enaikoon.com\/?page_id=6248"},"modified":"2016-12-02T09:26:03","modified_gmt":"2016-12-02T09:26:03","slug":"limit-checker","status":"publish","type":"page","link":"https:\/\/www.enaikoon.com\/es\/software-es\/plugins\/limit-checker\/","title":{"rendered":"Limit Checker"},"content":{"rendered":"<div class=\"gl_slide_scroll_box\">\r\n\t<div class=\"gl_scroll_box\">\r\n <noindex><\/noindex>        <ul>\r\n            <li><a class=\"gl_scroll_link_title\" href=\"https:\/\/www.enaikoon.com\/es\/software-es\/plugins\/staff-tracker\/\" title=\"staff-tracker\" >staff-tracker<\/a><br\/>\r\n            \r\n            <a href=\"https:\/\/www.enaikoon.com\/es\/software-es\/plugins\/staff-tracker\/\" title=\"staff-tracker\" ><img decoding=\"async\" class=\"gl_scroll_link_img\" src=\"https:\/\/www.enaikoon.com\/wp-content\/uploads\/2016\/07\/staff-tracker.png\" border=\"0\" alt=\"\"><\/a><\/li>\r\n            \r\n           <li><a class=\"gl_scroll_link_title\" href=\"https:\/\/www.enaikoon.com\/es\/software-es\/plugins\/fuel-tracker\/\" title=\"fuel-tracker\">fuel-tracker<\/a><br\/>\r\n           \r\n            <a href=\"https:\/\/www.enaikoon.com\/es\/software-es\/plugins\/fuel-tracker\/\" title=\"fuel-tracker\"><img decoding=\"async\" class=\"gl_scroll_link_img\" src=\"https:\/\/www.enaikoon.com\/wp-content\/uploads\/2016\/07\/fuel-tracker.png\" border=\"0\" alt=\"\"><\/a><\/li>\r\n            \r\n            <li><a class=\"gl_scroll_link_title\" href=\"https:\/\/www.enaikoon.com\/es\/software-es\/plugins\/can-66\/\" title=\"can-66\">can-66<\/a><br\/>\r\n            \r\n            <a href=\"https:\/\/www.enaikoon.com\/es\/software-es\/plugins\/can-66\/\" title=\"can-66\"><img decoding=\"async\" class=\"gl_scroll_link_img\" src=\"https:\/\/www.enaikoon.com\/wp-content\/uploads\/2016\/07\/can-66.png\" border=\"0\" alt=\"\"><\/a><\/li>\r\n            \r\n            <li><a class=\"gl_scroll_link_title\" href=\"https:\/\/www.enaikoon.com\/es\/software-es\/plugins\/limit-checker\/\" title=\"limit-checker\">limit-checker<\/a><br\/>\r\n            \r\n            <a href=\"https:\/\/www.enaikoon.com\/es\/software-es\/plugins\/limit-checker\/\" title=\"limit-checker\"><img decoding=\"async\" class=\"gl_scroll_link_img_active\" src=\"https:\/\/www.enaikoon.com\/wp-content\/uploads\/2016\/07\/limit-checker.png\" border=\"0\" alt=\"\"><\/a><\/li>\r\n            \r\n            <li><a class=\"gl_scroll_link_title\" href=\"https:\/\/www.enaikoon.com\/es\/software-es\/plugins\/messenger\/\" title=\"messenger\">messenger<\/a><br\/>\r\n            \r\n            <a href=\"https:\/\/www.enaikoon.com\/es\/software-es\/plugins\/messenger\/\" title=\"messenger\"><img decoding=\"async\" class=\"gl_scroll_link_img\" src=\"https:\/\/www.enaikoon.com\/wp-content\/uploads\/2016\/07\/messenger.png\" border=\"0\" alt=\"\"><\/a><\/li>\r\n            \r\n            <li><a class=\"gl_scroll_link_title\" href=\"https:\/\/www.enaikoon.com\/es\/software-es\/plugins\/temp-checker\/\" title=\"temp-checker\">temp-checker<\/a><br\/>\r\n            \r\n            <a href=\"https:\/\/www.enaikoon.com\/es\/software-es\/plugins\/temp-checker\/\"  title=\"temp-checker\"><img decoding=\"async\" class=\"gl_scroll_link_img\" src=\"https:\/\/www.enaikoon.com\/wp-content\/uploads\/2016\/07\/temp-checker.png\" border=\"0\" alt=\"\"><\/a><\/li>\r\n            \r\n            <li><a class=\"gl_scroll_link_title\" href=\"https:\/\/www.enaikoon.com\/es\/software-es\/plugins\/tour-checker\/\"  title=\"tour-checker\">tour-checker<\/a><br\/>\r\n            <a href=\"https:\/\/www.enaikoon.com\/es\/software-es\/plugins\/tour-checker\/\"  title=\"tour-checker\"><img decoding=\"async\" class=\"gl_scroll_link_img\" src=\"https:\/\/www.enaikoon.com\/wp-content\/uploads\/2016\/07\/tour-checker.png\" border=\"0\" alt=\"\"><\/a><\/li>\r\n            \r\n          \r\n          <\/ul>\r\n\r\n    <\/div>\r\n<\/div>\r\n\r\n<div class=\"row\">\r\n\r\n<div class=\"gl_border-page\">\r\n\t\t\r\n\t\t<div class=\"col-md-4\">\r\n\t\r\n\t\t<div><img decoding=\"async\" src=\"https:\/\/www.enaikoon.com\/wp-content\/uploads\/2016\/07\/f6b1cf47dc.png\" border=\"0\" align=\"left\" alt=\"ENAiKOON limit-checker permite establecer umbrales y recibir alertas\" title=\"ENAiKOON limit-checker\"\/><\/div>\r\n\t\t<h2>&nbsp;ENAiKOON<br>&nbsp;limit-checker<\/h2>\r\n\t\t\t\r\n\t\t<\/div>\r\n\t\t\r\n\t\t<div class=\"col-md-4\">\r\n\t\t\r\n\t\t<div>&nbsp;<\/div>\r\n\t\t\r\n\t\t<\/div>\r\n\t\t\r\n\t\t<div class=\"col-md-4\">\r\n\r\n\t\t\r\n\t\t<div>&nbsp;<\/div>\r\n\t\t\r\n\t\t<\/div>\r\n\t\t\r\n\t\t<div class=\"gl_row_space\"><\/div>\r\n\t\t\r\n\t\t<div class=\"col-md-4\">\r\n\t\r\n\t\t<div class=\"gl_h5-italic\"><strong>ENAiKOON limit-checker<\/strong> es el plugin dise\u00f1ado para ayudarle a cuidar sus veh\u00edculos y maquinaria y organizar su programa de mantenimiento de forma efectiva.<\/div>\r\n\t\t<div>&nbsp;<\/div>\r\n\t\t<div class=\"gl_h4big\">Aplicaciones<\/div>\r\n\t\t<div>Cualquier industria que requiera la correcta gesti\u00f3n de su flota: transporte y log\u00edstica, empresas de taxis, de reparto o de mercanc\u00edas, industria de la construcci\u00f3n, alquiler de veh\u00edculos o de maquinaria, etc.<\/div>\r\n\t\t\t\r\n\t\t<\/div>\r\n\t\t\r\n\t\t<div class=\"col-md-4\">\r\n\t\t\r\n\t\t<div class=\"gl_h4big\">Caracter\u00edsticas principales<\/div>\r\n\t\t<ul type=\"square\" class=\"gl_space_ul\">\r\n\t\t\t<li class=\"gl_space_li\"><strong>Control del kilometraje<\/strong><br>env\u00edo de alarma dependiendo del kilometraje especificado<\/li>\r\n\t\t\t<li class=\"gl_space_li\"><strong>Control de las horas de servicio<\/strong><br>env\u00edo de alarma dependiendo de las horas de servicio detalladas<\/li>\r\n\t\t\t<li class=\"gl_space_li\"><strong>Control de eventos peri\u00f3dicos<\/strong><\/li>\r\n\t\t\t<li class=\"gl_space_li\"><strong>Control de eventos inusuales<\/strong><\/li>\r\n    \t<\/ul>\t\t\r\n\t\t\r\n\t\t<\/div>\r\n\t\t\r\n\t\t<div class=\"col-md-4\">\r\n\t\t\r\n\t\t<div class=\"gl_h4big\">Combinaci\u00f3n de dispositivos<\/div>\r\n\t\t<div><a href=\"https:\/\/www.enaikoon.com\/es\/dispositivos\/gama-locate\/locate-04\/\" title=\"ENAiKOON locate-04\">ENAiKOON locate-04<\/a> o <a href=\"https:\/\/www.enaikoon.com\/es\/dispositivos\/gama-locate\/locate-06\/\" title=\"ENAiKOON locate-06\">ENAiKOON locate-06<\/a> + <a href=\"https:\/\/www.enaikoon.com\/es\/software-es\/inviu-pro\/\" title=\"inViu pro\">inViu pro<\/a> + ENAiKOON limit-checker = localizaci\u00f3n GPS precisa, monitorizaci\u00f3n de datos y an\u00e1lisis. Optimiza el proceso de mantenimiento y permite una f\u00e1cil comunicaci\u00f3n entre los miembros de su equipo, ahorrando tiempo y dinero.<\/div>\r\n\t\t<div><a class=\"gl_button_grey\" rel=\"nofollow\" href=\"https:\/\/www.enaikoon.com\/fileadmin\/enaikoon\/Dateien\/pdf\/Datenblatt\/limit-checker\/spanisch\/ENAiKOON_limit-checker_hojas_de_datos.pdf\" target=\"_blank\">Descargar PDF<\/a><\/div>\r\n\t\t<div><a class=\"gl_button_yellow\" href=\"https:\/\/www.enaikoon.com\/es\/contacto\/prueba-gratuita\/\">Pida un kit de prueba<\/a><\/div>\r\n\t\t<div><a class=\"gl_button_blue\" href=\"https:\/\/www.enaikoon.com\/es\/contacto\/contacto\/\">cont\u00e1ctenos<\/a><\/div>\r\n\t\t\r\n\t\t<\/div>\r\n\t\t\r\n\t\t<div class=\"gl_row_space\"><\/div>\r\n<\/div>\r\n\r\n<\/div>","protected":false},"excerpt":{"rendered":"<p> [&hellip;]<\/p>\n","protected":false},"author":7,"featured_media":0,"parent":6239,"menu_order":0,"comment_status":"closed","ping_status":"closed","template":"","meta":{"footnotes":""},"acf":[],"_links":{"self":[{"href":"https:\/\/www.enaikoon.com\/es\/wp-json\/wp\/v2\/pages\/6248"}],"collection":[{"href":"https:\/\/www.enaikoon.com\/es\/wp-json\/wp\/v2\/pages"}],"about":[{"href":"https:\/\/www.enaikoon.com\/es\/wp-json\/wp\/v2\/types\/page"}],"author":[{"embeddable":true,"href":"https:\/\/www.enaikoon.com\/es\/wp-json\/wp\/v2\/users\/7"}],"replies":[{"embeddable":true,"href":"https:\/\/www.enaikoon.com\/es\/wp-json\/wp\/v2\/comments?post=6248"}],"version-history":[{"count":5,"href":"https:\/\/www.enaikoon.com\/es\/wp-json\/wp\/v2\/pages\/6248\/revisions"}],"predecessor-version":[{"id":11193,"href":"https:\/\/www.enaikoon.com\/es\/wp-json\/wp\/v2\/pages\/6248\/revisions\/11193"}],"up":[{"embeddable":true,"href":"https:\/\/www.enaikoon.com\/es\/wp-json\/wp\/v2\/pages\/6239"}],"wp:attachment":[{"href":"https:\/\/www.enaikoon.com\/es\/wp-json\/wp\/v2\/media?parent=6248"}],"curies":[{"name":"wp","href":"https:\/\/api.w.org\/{rel}","templated":true}]}}