{"id":6246,"date":"2016-08-01T07:56:19","date_gmt":"2016-08-01T07:56:19","guid":{"rendered":"https:\/\/www.enaikoon.com\/?page_id=6246"},"modified":"2016-12-02T09:25:42","modified_gmt":"2016-12-02T09:25:42","slug":"fuel-tracker","status":"publish","type":"page","link":"https:\/\/www.enaikoon.com\/es\/software-es\/plugins\/fuel-tracker\/","title":{"rendered":"Fuel Tracker"},"content":{"rendered":"<div class=\"gl_slide_scroll_box\">\r\n\t<div class=\"gl_scroll_box\">\r\n <noindex><\/noindex>        <ul>\r\n            <li><a class=\"gl_scroll_link_title\" href=\"https:\/\/www.enaikoon.com\/es\/software-es\/plugins\/staff-tracker\/\" title=\"staff-tracker\" >staff-tracker<\/a><br\/>\r\n            \r\n            <a href=\"https:\/\/www.enaikoon.com\/es\/software-es\/plugins\/staff-tracker\/\" title=\"staff-tracker\" ><img decoding=\"async\" class=\"gl_scroll_link_img\" src=\"https:\/\/www.enaikoon.com\/wp-content\/uploads\/2016\/07\/staff-tracker.png\" border=\"0\" alt=\"\"><\/a><\/li>\r\n            \r\n           <li><a class=\"gl_scroll_link_title\" href=\"https:\/\/www.enaikoon.com\/es\/software-es\/plugins\/fuel-tracker\/\" title=\"fuel-tracker\">fuel-tracker<\/a><br\/>\r\n           \r\n            <a href=\"https:\/\/www.enaikoon.com\/es\/software-es\/plugins\/fuel-tracker\/\" title=\"fuel-tracker\"><img decoding=\"async\" class=\"gl_scroll_link_img_active\" src=\"https:\/\/www.enaikoon.com\/wp-content\/uploads\/2016\/07\/fuel-tracker.png\" border=\"0\" alt=\"\"><\/a><\/li>\r\n            \r\n            <li><a class=\"gl_scroll_link_title\" href=\"https:\/\/www.enaikoon.com\/es\/software-es\/plugins\/can-66\/\" title=\"can-66\">can-66<\/a><br\/>\r\n            \r\n            <a href=\"https:\/\/www.enaikoon.com\/es\/software-es\/plugins\/can-66\/\" title=\"can-66\"><img decoding=\"async\" class=\"gl_scroll_link_img\" src=\"https:\/\/www.enaikoon.com\/wp-content\/uploads\/2016\/07\/can-66.png\" border=\"0\" alt=\"\"><\/a><\/li>\r\n            \r\n            <li><a class=\"gl_scroll_link_title\" href=\"https:\/\/www.enaikoon.com\/es\/software-es\/plugins\/limit-checker\/\" title=\"limit-checker\">limit-checker<\/a><br\/>\r\n            \r\n            <a href=\"https:\/\/www.enaikoon.com\/es\/software-es\/plugins\/limit-checker\/\" title=\"limit-checker\"><img decoding=\"async\" class=\"gl_scroll_link_img\" src=\"https:\/\/www.enaikoon.com\/wp-content\/uploads\/2016\/07\/limit-checker.png\" border=\"0\" alt=\"\"><\/a><\/li>\r\n            \r\n            <li><a class=\"gl_scroll_link_title\" href=\"https:\/\/www.enaikoon.com\/es\/software-es\/plugins\/messenger\/\" title=\"messenger\">messenger<\/a><br\/>\r\n            \r\n            <a href=\"https:\/\/www.enaikoon.com\/es\/software-es\/plugins\/messenger\/\" title=\"messenger\"><img decoding=\"async\" class=\"gl_scroll_link_img\" src=\"https:\/\/www.enaikoon.com\/wp-content\/uploads\/2016\/07\/messenger.png\" border=\"0\" alt=\"\"><\/a><\/li>\r\n            \r\n            <li><a class=\"gl_scroll_link_title\" href=\"https:\/\/www.enaikoon.com\/es\/software-es\/plugins\/temp-checker\/\" title=\"temp-checker\">temp-checker<\/a><br\/>\r\n            \r\n            <a href=\"https:\/\/www.enaikoon.com\/es\/software-es\/plugins\/temp-checker\/\"  title=\"temp-checker\"><img decoding=\"async\" class=\"gl_scroll_link_img\" src=\"https:\/\/www.enaikoon.com\/wp-content\/uploads\/2016\/07\/temp-checker.png\" border=\"0\" alt=\"\"><\/a><\/li>\r\n            \r\n            <li><a class=\"gl_scroll_link_title\" href=\"https:\/\/www.enaikoon.com\/es\/software-es\/plugins\/tour-checker\/\"  title=\"tour-checker\">tour-checker<\/a><br\/>\r\n            <a href=\"https:\/\/www.enaikoon.com\/es\/software-es\/plugins\/tour-checker\/\"  title=\"tour-checker\"><img decoding=\"async\" class=\"gl_scroll_link_img\" src=\"https:\/\/www.enaikoon.com\/wp-content\/uploads\/2016\/07\/tour-checker.png\" border=\"0\" alt=\"\"><\/a><\/li>\r\n            \r\n          \r\n          <\/ul>\r\n\r\n    <\/div>\r\n<\/div>\r\n<div class=\"row\">\r\n\r\n<div class=\"gl_border-page\">\r\n\t\t\r\n\t\t<div class=\"col-md-4\">\r\n\t\r\n\t\t<div><img decoding=\"async\" src=\"https:\/\/www.enaikoon.com\/wp-content\/uploads\/2016\/07\/e3a47ab166.png\" border=\"0\" align=\"left\" alt=\"ENAiKOON fuel-tracker monitoriza su consumo de combustible permitiendo el ahorro de dinero\" title=\"ENAiKOON fuel-tracker\"\/><\/div>\r\n\t\t<h2>&nbsp;ENAiKOON<br>&nbsp;fuel-tracker<\/h2>\r\n\t\t\t\r\n\t\t<\/div>\r\n\t\t\r\n\t\t<div class=\"col-md-4\">\r\n\t\t\r\n\t\t<div>&nbsp;<\/div>\r\n\t\t\r\n\t\t<\/div>\r\n\t\t\r\n\t\t<div class=\"col-md-4\">\r\n\t\t\r\n\t\t<div>&nbsp;<\/div>\r\n\t\t\r\n\t\t<\/div>\r\n\t\t\r\n\t\t<div class=\"gl_row_space\"><\/div>\r\n\t\t\r\n\t\t<div class=\"col-md-4\">\r\n\t\r\n\t\t<div class=\"gl_h5-italic\"><strong>ENAiKOON fuel-tracker<\/strong> es el plugin dise\u00f1ado para reducir los costes de carburante, protegiendo sus veh\u00edculos contra el robo de gasoil y controlando simult\u00e1neamente el nivel de di\u00e9sel de todos los tanques para combustible de su flota.<\/div>\r\n\t\t<div>&nbsp;<\/div>\r\n\t\t<div class=\"gl_h4big\">Aplicaciones<\/div>\r\n\t\t<div>Cualquier industria que requiera la correcta gesti\u00f3n de su flota: transporte, log\u00edstica, empresas de taxis, reparto de mercanc\u00edas, construcci\u00f3n, alquiler de veh\u00edculos, etc.<\/div>\r\n\t\t\t\r\n\t\t<\/div>\r\n\t\t\r\n\t\t<div class=\"col-md-4\">\r\n\t\t\r\n\t\t<div class=\"gl_h4big\">Caracter\u00edsticas principales<\/div>\r\n\t\t<ul type=\"square\" class=\"gl_space_ul\">\r\n\t\t\t<li class=\"gl_space_li\"><strong>Detecta el robo de gasoil:<\/strong> incluso cuando el veh\u00edculo est\u00e1 parado. Ser\u00e1 informado autom\u00e1ticamente por SMS o e-mail cuando el sistema antirrobo detecte el uso de una cantidad inusual de carburante<\/li>\r\n\t\t\t<li class=\"gl_space_li\"><strong>Reconoce el nivel exacto de relleno del tanque de combustible:<\/strong> as\u00ed podr\u00e1 controlar el consumo de combustible y verificar si concuerda con los recibos<\/li>\r\n    \t<\/ul>\r\n\t\t\r\n\t\t<\/div>\r\n\t\t\r\n\t\t<div class=\"col-md-4\">\r\n\t\t\r\n\t\t<div class=\"gl_h4big\">Combinaci\u00f3n de dispositivos<\/div>\r\n\t\t<div>ENAiKOON fuel-tracker + <a href=\"https:\/\/www.enaikoon.com\/es\/software-es\/plugins\/messenger\/\" title=\"ENAiKOON messenger\">ENAiKOON messenger<\/a> + <a href=\"https:\/\/www.enaikoon.com\/es\/software-es\/inviu-pro\/\" title=\"inViu pro\">inViu pro<\/a> + <a href=\"https:\/\/www.enaikoon.com\/es\/dispositivos\/gama-locate\/locate-06\/\" title=\"ENAiKOON locate-06\">ENAiKOON locate-06<\/a> + <a href=\"https:\/\/www.enaikoon.com\/es\/dispositivos\/accesorios\/sensor-ultrasonico\/\" title=\"ENAiKOON fuel-level sensor\">ENAiKOON fuel-level sensor<\/a> = mejor visi\u00f3n general de su flota y de sus empleados; consulte en tiempo real los datos sobre el nivel del tanque de combustible de sus veh\u00edculos y proteja los veh\u00edculos contra el robo de gasoil.<\/div>\r\n\t\t<div><a class=\"gl_button_grey\"  rel=\"nofollow\" href=\"https:\/\/www.enaikoon.com\/fileadmin\/enaikoon\/Dateien\/pdf\/Datenblatt\/fuel-tracker\/spanisch\/ENAiKOON_fuel-tracker_hojas_de_datos.pdf\" target=\"_blank\">fuel-tracker<\/a><\/div>\r\n\t\t<div><a class=\"gl_button_grey\"  rel=\"nofollow\" href=\"https:\/\/www.enaikoon.com\/fileadmin\/enaikoon\/Dateien\/pdf\/Datenblatt\/fuel-level-sensor\/spanisch\/ENAiKOON_fuel-level-sensor_hojas_de_dato.pdf\" target=\"_blank\">fuel level sensor<\/a><\/div>\r\n\t\t<div><a class=\"gl_button_yellow\"  href=\"https:\/\/www.enaikoon.com\/es\/contacto\/prueba-gratuita\/\">Pida un kit de prueba<\/a><\/div>\r\n\t\t<div><a class=\"gl_button_blue\"  href=\"https:\/\/www.enaikoon.com\/es\/contacto\/contacto\/\">cont\u00e1ctenos<\/a><\/div>\r\n\t\t\r\n\t\t<\/div>\r\n\t\t\r\n\t\t<div class=\"gl_row_space\"><\/div>\r\n<\/div>\r\n\r\n<\/div>","protected":false},"excerpt":{"rendered":"<p> [&hellip;]<\/p>\n","protected":false},"author":7,"featured_media":0,"parent":6239,"menu_order":0,"comment_status":"closed","ping_status":"closed","template":"","meta":{"footnotes":""},"acf":[],"_links":{"self":[{"href":"https:\/\/www.enaikoon.com\/es\/wp-json\/wp\/v2\/pages\/6246"}],"collection":[{"href":"https:\/\/www.enaikoon.com\/es\/wp-json\/wp\/v2\/pages"}],"about":[{"href":"https:\/\/www.enaikoon.com\/es\/wp-json\/wp\/v2\/types\/page"}],"author":[{"embeddable":true,"href":"https:\/\/www.enaikoon.com\/es\/wp-json\/wp\/v2\/users\/7"}],"replies":[{"embeddable":true,"href":"https:\/\/www.enaikoon.com\/es\/wp-json\/wp\/v2\/comments?post=6246"}],"version-history":[{"count":6,"href":"https:\/\/www.enaikoon.com\/es\/wp-json\/wp\/v2\/pages\/6246\/revisions"}],"predecessor-version":[{"id":11191,"href":"https:\/\/www.enaikoon.com\/es\/wp-json\/wp\/v2\/pages\/6246\/revisions\/11191"}],"up":[{"embeddable":true,"href":"https:\/\/www.enaikoon.com\/es\/wp-json\/wp\/v2\/pages\/6239"}],"wp:attachment":[{"href":"https:\/\/www.enaikoon.com\/es\/wp-json\/wp\/v2\/media?parent=6246"}],"curies":[{"name":"wp","href":"https:\/\/api.w.org\/{rel}","templated":true}]}}