{"id":6239,"date":"2016-08-01T07:52:13","date_gmt":"2016-08-01T07:52:13","guid":{"rendered":"https:\/\/www.enaikoon.com\/?page_id=6239"},"modified":"2016-12-02T09:25:18","modified_gmt":"2016-12-02T09:25:18","slug":"plugins","status":"publish","type":"page","link":"https:\/\/www.enaikoon.com\/es\/software-es\/plugins\/","title":{"rendered":"plugins"},"content":{"rendered":"<div class=\"gl_slide_scroll_box\">\r\n\t<div class=\"gl_scroll_box\">\r\n <noindex><\/noindex>        <ul>\r\n            <li><a class=\"gl_scroll_link_title\" href=\"https:\/\/www.enaikoon.com\/es\/software-es\/plugins\/staff-tracker\/\" title=\"staff-tracker\" >staff-tracker<\/a><br\/>\r\n            \r\n            <a href=\"https:\/\/www.enaikoon.com\/es\/software-es\/plugins\/staff-tracker\/\" title=\"staff-tracker\" ><img decoding=\"async\" class=\"gl_scroll_link_img_active\" src=\"https:\/\/www.enaikoon.com\/wp-content\/uploads\/2016\/07\/staff-tracker.png\" border=\"0\" alt=\"\"><\/a><\/li>\r\n            \r\n         <li><a class=\"gl_scroll_link_title\" href=\"https:\/\/www.enaikoon.com\/es\/software-es\/plugins\/fuel-tracker\/\" title=\"fuel-tracker\">fuel-tracker<\/a><br\/>\r\n           \r\n            <a href=\"https:\/\/www.enaikoon.com\/es\/software-es\/plugins\/fuel-tracker\/\" title=\"fuel-tracker\"><img decoding=\"async\" class=\"gl_scroll_link_img\" src=\"https:\/\/www.enaikoon.com\/wp-content\/uploads\/2016\/07\/fuel-tracker.png\" border=\"0\" alt=\"\"><\/a><\/li>\r\n            \r\n            <li><a class=\"gl_scroll_link_title\" href=\"https:\/\/www.enaikoon.com\/es\/software-es\/plugins\/can-66\/\" title=\"can-66\">can-66<\/a><br\/>\r\n            \r\n            <a href=\"https:\/\/www.enaikoon.com\/es\/software-es\/plugins\/can-66\/\" title=\"can-66\"><img decoding=\"async\" class=\"gl_scroll_link_img\" src=\"https:\/\/www.enaikoon.com\/wp-content\/uploads\/2016\/07\/can-66.png\" border=\"0\" alt=\"\"><\/a><\/li>\r\n            \r\n            <li><a class=\"gl_scroll_link_title\" href=\"https:\/\/www.enaikoon.com\/es\/software-es\/plugins\/limit-checker\/\" title=\"limit-checker\">limit-checker<\/a><br\/>\r\n            \r\n            <a href=\"https:\/\/www.enaikoon.com\/es\/software-es\/plugins\/limit-checker\/\" title=\"limit-checker\"><img decoding=\"async\" class=\"gl_scroll_link_img\" src=\"https:\/\/www.enaikoon.com\/wp-content\/uploads\/2016\/07\/limit-checker.png\" border=\"0\" alt=\"\"><\/a><\/li>\r\n            \r\n            <li><a class=\"gl_scroll_link_title\" href=\"https:\/\/www.enaikoon.com\/es\/software-es\/plugins\/messenger\/\" title=\"messenger\">messenger<\/a><br\/>\r\n            \r\n            <a href=\"https:\/\/www.enaikoon.com\/es\/software-es\/plugins\/messenger\/\" title=\"messenger\"><img decoding=\"async\" class=\"gl_scroll_link_img\" src=\"https:\/\/www.enaikoon.com\/wp-content\/uploads\/2016\/07\/messenger.png\" border=\"0\" alt=\"\"><\/a><\/li>\r\n            \r\n            <li><a class=\"gl_scroll_link_title\" href=\"https:\/\/www.enaikoon.com\/es\/software-es\/plugins\/temp-checker\/\" title=\"temp-checker\">temp-checker<\/a><br\/>\r\n            \r\n            <a href=\"https:\/\/www.enaikoon.com\/es\/software-es\/plugins\/temp-checker\/\"  title=\"temp-checker\"><img decoding=\"async\" class=\"gl_scroll_link_img\" src=\"https:\/\/www.enaikoon.com\/wp-content\/uploads\/2016\/07\/temp-checker.png\" border=\"0\" alt=\"\"><\/a><\/li>\r\n            \r\n            <li><a class=\"gl_scroll_link_title\" href=\"https:\/\/www.enaikoon.com\/es\/software-es\/plugins\/tour-checker\/\"  title=\"tour-checker\">tour-checker<\/a><br\/>\r\n            <a href=\"https:\/\/www.enaikoon.com\/es\/software-es\/plugins\/tour-checker\/\"  title=\"tour-checker\"><img decoding=\"async\" class=\"gl_scroll_link_img\" src=\"https:\/\/www.enaikoon.com\/wp-content\/uploads\/2016\/07\/tour-checker.png\" border=\"0\" alt=\"\"><\/a><\/li>\r\n            \r\n          <\/ul>\r\n\r\n    <\/div>\r\n<\/div>\r\n<div class=\"row\">\r\n\r\n<div class=\"gl_border-page\">\r\n\t\t\r\n\t\t<div class=\"col-md-4\">\r\n\t\r\n\t\t<div><img decoding=\"async\" src=\"https:\/\/www.enaikoon.com\/wp-content\/uploads\/2016\/07\/a64b124e29.png\" border=\"0\" align=\"left\" title=\"ENAiKOON staff-tracker\" alt=\"ENAiKOON staff-tracker es un sistema de identificaci\u00f3n del conductor\"\/><\/div>\r\n\t\t<h2>&nbsp;ENAiKOON<br>&nbsp;staff-tracker<\/h2>\r\n\t\t\t\r\n\t\t<\/div>\r\n\t\t\r\n\t\t<div class=\"col-md-4\">\r\n\t\t\r\n\t\t<div>&nbsp;<\/div>\r\n\t\t\r\n\t\t<\/div>\r\n\t\t\r\n\t\t<div class=\"col-md-4\">\r\n\t\t\r\n\t\t<div>&nbsp;<\/div>\r\n\t\t\r\n\t\t<\/div>\r\n\t\t\r\n\t\t<div class=\"gl_row_space\"><\/div>\r\n\t\t\r\n\t\t<div class=\"col-md-4\">\r\n\t\r\n\t\t<div class=\"gl_h5-italic\"><strong>ENAiKOON staff-tracker<\/strong> ayuda a controlar sus trabajadores m\u00f3viles, organizando mejor sus actividades, facilitando las evaluaciones de desempe\u00f1o y ofreciendo un m\u00e9todo eficiente para implementar los datos recogidos en el c\u00e1lculo de n\u00f3minas del personal.<\/div>\r\n\t\t<div>&nbsp;<\/div>\r\n\t\t<div class=\"gl_h4big\">Aplicaciones<\/div>\r\n\t\t<div>Cualquier industria con trabajadores m\u00f3viles: transportistas y log\u00edstica, taxis, servicio de entrega y correo, construcci\u00f3n, servicio de seguridad, instalaciones y gesti\u00f3n de la propiedad. <\/div>\r\n\t\t\t\r\n\t\t<\/div>\r\n\t\t\r\n\t\t<div class=\"col-md-4\">\r\n\t\t\r\n\t\t<div class=\"gl_h4big\">Caracter\u00edsticas principales<\/div>\r\n\t\t<ul type=\"square\" class=\"gl_space_ul\">\r\n\t\t<li class=\"gl_space_li\"><strong>Control de acceso:<\/strong> s\u00f3lo el personal autorizado puede entrar en una habitaci\u00f3n o encender una m\u00e1quina<\/li>\r\n\t\t<li class=\"gl_space_li\"><strong>Control del personal y sus tiempos:<\/strong> evaluaci\u00f3n del personal por veh\u00edculo, por aplicaci\u00f3n o por rutas<\/li>\r\n\t\t<li class=\"gl_space_li\"><strong>Integraci\u00f3n de los datos:<\/strong> los datos pueden registrarse y exportarse en formato XLS o CSV, los cuales pueden usarse en su propio software, p.ej. n\u00f3minas, asignaci\u00f3n de costes y facturaci\u00f3n a clientes<\/li>\r\n    \t<\/ul>\r\n\t\t\r\n\t\t<\/div>\r\n\t\t\r\n\t\t<div class=\"col-md-4\">\r\n\t\t\r\n\t\t<div class=\"gl_h4big\">Combinaci\u00f3n de dispositivos<\/div>\r\n\t\t<div>ENAiKOON staff-tracker + <a href=\"https:\/\/www.enaikoon.com\/es\/dispositivos\/gama-locate\/locate-06\/\" title=\"ENAiKOON locate-06\">ENAiKOON locate-06<\/a> + <a href=\"https:\/\/www.enaikoon.com\/es\/software-es\/inviu-pro\/\" title=\"inViu pro\">inViu pro<\/a> + <a href=\"https:\/\/www.enaikoon.com\/es\/software-es\/plugins\/messenger\/\" title=\"ENAiKOON messenger\">ENAiKOON messenger<\/a> = una mejor visi\u00f3n y programaci\u00f3n de los trabajadores m\u00f3viles y un aumento de la productividad con una mejor comunicaci\u00f3n y control.<\/div>\r\n\t\t<div><a class=\"gl_button_yellow\" href=\"https:\/\/www.enaikoon.com\/es\/contacto\/prueba-gratuita\/\">Pida un kit de prueba<\/a><\/div>\r\n\t\t<div><a class=\"gl_button_blue\" href=\"https:\/\/www.enaikoon.com\/es\/contacto\/contacto\/\">cont\u00e1ctenos<\/a><\/div>\r\n\t\t\r\n\t\t<\/div>\r\n\t\t\r\n\t\t<div class=\"gl_row_space\"><\/div>\r\n<\/div>\r\n\r\n<\/div>","protected":false},"excerpt":{"rendered":"<p> [&hellip;]<\/p>\n","protected":false},"author":7,"featured_media":0,"parent":6232,"menu_order":0,"comment_status":"closed","ping_status":"closed","template":"","meta":{"footnotes":""},"acf":[],"_links":{"self":[{"href":"https:\/\/www.enaikoon.com\/es\/wp-json\/wp\/v2\/pages\/6239"}],"collection":[{"href":"https:\/\/www.enaikoon.com\/es\/wp-json\/wp\/v2\/pages"}],"about":[{"href":"https:\/\/www.enaikoon.com\/es\/wp-json\/wp\/v2\/types\/page"}],"author":[{"embeddable":true,"href":"https:\/\/www.enaikoon.com\/es\/wp-json\/wp\/v2\/users\/7"}],"replies":[{"embeddable":true,"href":"https:\/\/www.enaikoon.com\/es\/wp-json\/wp\/v2\/comments?post=6239"}],"version-history":[{"count":5,"href":"https:\/\/www.enaikoon.com\/es\/wp-json\/wp\/v2\/pages\/6239\/revisions"}],"predecessor-version":[{"id":11189,"href":"https:\/\/www.enaikoon.com\/es\/wp-json\/wp\/v2\/pages\/6239\/revisions\/11189"}],"up":[{"embeddable":true,"href":"https:\/\/www.enaikoon.com\/es\/wp-json\/wp\/v2\/pages\/6232"}],"wp:attachment":[{"href":"https:\/\/www.enaikoon.com\/es\/wp-json\/wp\/v2\/media?parent=6239"}],"curies":[{"name":"wp","href":"https:\/\/api.w.org\/{rel}","templated":true}]}}