{"id":6235,"date":"2016-08-01T07:50:46","date_gmt":"2016-08-01T07:50:46","guid":{"rendered":"https:\/\/www.enaikoon.com\/?page_id=6235"},"modified":"2017-11-19T15:20:02","modified_gmt":"2017-11-19T15:20:02","slug":"inviu-pro","status":"publish","type":"page","link":"https:\/\/www.enaikoon.com\/es\/software-es\/inviu-pro\/","title":{"rendered":"inViu pro"},"content":{"rendered":"<div class=\"row row-slider\">\n\t\t\t<!-- START inviupro_es REVOLUTION SLIDER 6.6.16 --><p class=\"rs-p-wp-fix\"><\/p>\n\t\t\t<rs-module-wrap id=\"rev_slider_51_1_wrapper\" data-source=\"gallery\" style=\"visibility:hidden;background:transparent;padding:0;margin:0px auto;margin-top:0;margin-bottom:0;\">\n\t\t\t\t<rs-module id=\"rev_slider_51_1\" style=\"\" data-version=\"6.6.16\">\n\t\t\t\t\t<rs-slides style=\"overflow: hidden; position: absolute;\">\n\t\t\t\t\t\t<rs-slide style=\"position: absolute;\" data-key=\"rs-73\" data-title=\"banner\" data-anim=\"adpr:false;\">\n\t\t\t\t\t\t\t<img src=\"\/\/www.enaikoon.com\/wp-content\/plugins\/revslider\/public\/assets\/assets\/dummy.png\" alt=\"\" title=\"inViu pro\" class=\"rev-slidebg tp-rs-img rs-lazyload\" data-lazyload=\"\/\/www.enaikoon.com\/wp-content\/uploads\/2016\/07\/banner-inViu_pro-monitor_04.png\" data-no-retina>\n<!--\n\t\t\t\t\t\t\t--><rs-layer\n\t\t\t\t\t\t\t\tid=\"slider-51-slide-73-layer-1\" \n\t\t\t\t\t\t\t\tdata-type=\"image\"\n\t\t\t\t\t\t\t\tdata-rsp_ch=\"on\"\n\t\t\t\t\t\t\t\tdata-text=\"l:22;\"\n\t\t\t\t\t\t\t\tdata-dim=\"w:998px;h:300px;\"\n\t\t\t\t\t\t\t\tdata-frame_0=\"tp:600;\"\n\t\t\t\t\t\t\t\tdata-frame_1=\"tp:600;e:power2.inOut;st:500;\"\n\t\t\t\t\t\t\t\tdata-frame_999=\"o:0;tp:600;e:nothing;st:9000;\"\n\t\t\t\t\t\t\t\tstyle=\"z-index:5;\"\n\t\t\t\t\t\t\t><img src=\"\/\/www.enaikoon.com\/wp-content\/plugins\/revslider\/public\/assets\/assets\/dummy.png\" alt=\"\" class=\"tp-rs-img rs-lazyload\" data-lazyload=\"\/wp-content\/uploads\/2016\/07\/banner-inViu_pro-monitor_04.png\" data-no-retina> \n\t\t\t\t\t\t\t<\/rs-layer><!--\n\n\t\t\t\t\t\t\t--><rs-layer\n\t\t\t\t\t\t\t\tid=\"slider-51-slide-73-layer-2\" \n\t\t\t\t\t\t\t\tclass=\"medium-blue-text\"\n\t\t\t\t\t\t\t\tdata-type=\"text\"\n\t\t\t\t\t\t\t\tdata-color=\"rgba(70,180,231,1)\"\n\t\t\t\t\t\t\t\tdata-rsp_ch=\"on\"\n\t\t\t\t\t\t\t\tdata-xy=\"x:540px;y:65px;\"\n\t\t\t\t\t\t\t\tdata-text=\"s:32;l:34;fw:700;\"\n\t\t\t\t\t\t\t\tdata-frame_0=\"y:50px;tp:600;\"\n\t\t\t\t\t\t\t\tdata-frame_1=\"tp:600;e:power2.inOut;st:800;sp:500;\"\n\t\t\t\t\t\t\t\tdata-frame_999=\"o:1;tp:600;e:nothing;st:9000;\"\n\t\t\t\t\t\t\t\tstyle=\"z-index:6;font-family:'Myriad Pro';color:#12B9FF !important;letter-spacing:0px !important;\"\n\t\t\t\t\t\t\t>inViu pro -<br\/>\nel portal telem\u00e1tico \n\t\t\t\t\t\t\t<\/rs-layer><!--\n\n\t\t\t\t\t\t\t--><rs-layer\n\t\t\t\t\t\t\t\tid=\"slider-51-slide-73-layer-3\" \n\t\t\t\t\t\t\t\tclass=\"small-brown-text\"\n\t\t\t\t\t\t\t\tdata-type=\"text\"\n\t\t\t\t\t\t\t\tdata-color=\"rgba(143,143,143,1)\"\n\t\t\t\t\t\t\t\tdata-rsp_ch=\"on\"\n\t\t\t\t\t\t\t\tdata-xy=\"x:540px;y:148px;\"\n\t\t\t\t\t\t\t\tdata-text=\"s:16;l:20;\"\n\t\t\t\t\t\t\t\tdata-frame_0=\"y:50px;tp:600;\"\n\t\t\t\t\t\t\t\tdata-frame_1=\"tp:600;e:power2.inOut;st:800;sp:500;\"\n\t\t\t\t\t\t\t\tdata-frame_999=\"o:1;tp:600;e:nothing;st:9000;\"\n\t\t\t\t\t\t\t\tstyle=\"z-index:7;font-family:'Myriad Pro';letter-spacing:1 !important;font-size:14.4px;line-height:17px;\"\n\t\t\t\t\t\t\t>Gracias al sistema modular y a la asesor\u00eda personalizada, inViu <br\/>pro ofrece a cada empresa una soluci\u00f3n a la medida \n\t\t\t\t\t\t\t<\/rs-layer><!--\n\n\t\t\t\t\t\t\t--><rs-layer\n\t\t\t\t\t\t\t\tid=\"slider-51-slide-73-layer-4\" \n\t\t\t\t\t\t\t\tdata-type=\"text\"\n\t\t\t\t\t\t\t\tdata-color=\"rgba(255,255,255,1)\"\n\t\t\t\t\t\t\t\tdata-rsp_ch=\"on\"\n\t\t\t\t\t\t\t\tdata-xy=\"x:538px;y:225px;\"\n\t\t\t\t\t\t\t\tdata-text=\"l:22;\"\n\t\t\t\t\t\t\t\tdata-frame_0=\"y:50px;tp:600;\"\n\t\t\t\t\t\t\t\tdata-frame_1=\"tp:600;e:power2.inOut;st:800;sp:500;\"\n\t\t\t\t\t\t\t\tdata-frame_999=\"o:1;tp:600;e:nothing;st:9000;\"\n\t\t\t\t\t\t\t\tstyle=\"z-index:8;font-family:'';\"\n\t\t\t\t\t\t\t><a class=\"gl_button_blue\" href=\"https:\/\/sso.enaikoon.de\/SSOServer\/?locale=es&demo=1\"  target=\"_blank\"  title=\"inViu pro Demostraci\u00f3n\"  rel=\"nofollow\" >Vea inViu pro en directo<\/a> \n\t\t\t\t\t\t\t<\/rs-layer><!--\n-->\t\t\t\t\t\t<\/rs-slide>\n\t\t\t\t\t<\/rs-slides>\n\t\t\t\t<\/rs-module>\n\t\t\t\t<script>\n\t\t\t\t\tsetREVStartSize({c: 'rev_slider_51_1',rl:[1240,1024,778,480],el:[],gw:[998],gh:[300],type:'standard',justify:'',layout:'fullwidth',mh:\"0\"});if (window.RS_MODULES!==undefined && window.RS_MODULES.modules!==undefined && window.RS_MODULES.modules[\"revslider511\"]!==undefined) {window.RS_MODULES.modules[\"revslider511\"].once = false;window.revapi51 = undefined;if (window.RS_MODULES.checkMinimal!==undefined) window.RS_MODULES.checkMinimal()}\n\t\t\t\t<\/script>\n\t\t\t<\/rs-module-wrap>\n\t\t\t<!-- END REVOLUTION SLIDER -->\n<\/div>\r\n<div class=\"row\">\r\n\r\n<div class=\"gl_space_page\">\r\n\r\n\t<div class=\"col-md-8\">\r\n\t\r\n\t<div class=\"gl_space_pageleft\">\r\n\t\r\n\t\t<div class=\"gl_h2big\">Caracter\u00edsticas inViu pro<\/div> \r\n\t\t<div>Use inViu con nuestros <a href=\"https:\/\/www.enaikoon.com\/es\/dispositivos\/\" title=\"m\u00f3dulos GPS\">m\u00f3dulos GPS<\/a> y los <a href=\"https:\/\/www.enaikoon.com\/es\/dispositivos\/accesorios\/sim-card\/\" title=\"accesorios\">accesorios<\/a> correctos y <a href=\"https:\/\/www.enaikoon.com\/es\/movil\/app-moviles\/\" title=\"aplicaciones m\u00f3viles\">aplicaciones m\u00f3viles<\/a> como la mejor <a href=\"https:\/\/www.enaikoon.com\/es\/solucion\/\" title=\"soluci\u00f3n\">soluci\u00f3n<\/a> para sus necesidades espec\u00edficas en materia de gesti\u00f3n de flotas, maquinaria y personal.<\/div>\r\n\t\t<div>&nbsp;<\/div>\r\n\t\t<div>Escoja sus caracter\u00edsticas a medida para mejorar su negocio y las relaciones con los clientes, y personalice completamente su soluci\u00f3n con nuestros <a href=\"https:\/\/www.enaikoon.com\/es\/software-es\/plugins\/staff-tracker\/\">plugins<\/a>. Con inViu ahorrar\u00e1 tiempo y dinero. <\/div>\r\n\t\t<div>&nbsp;<\/div>\r\n\t\t<div>Para m\u00e1s informaci\u00f3n sobre inViu, descargue la ficha PDF o solicite una <a href=\"https:\/\/www.enaikoon.com\/es\/contacto\/prueba-gratuita\/\" title=\"prueba gratuita\">prueba gratuita<\/a>.<\/div>\r\n\t\t\r\n\t<\/div>\r\n\t\r\n\t<\/div>\r\n\t\r\n\t<div class=\"col-md-4\">\r\n\t\r\n\t<div class=\"gl_space_pageright\">\r\n\t\r\n\t\t<h5 class=\"gl_space_right30\" style=\"font-family:Times New Roman\">\u00abTras probar de forma continuada todos los productos disponibles en el mercado, finalmente decidimos equipar m\u00e1s de un centenar de veh\u00edculos con ENAiKOON locate-06 y usar el portal online inViu pro.\u00bb <\/h5>\r\n\t\t<h6 style=\"font-family:Times New Roman\">Piotr Frank, director t\u00e9cnico, G\u00fctertransport Brusendorf GmbH<\/h6>\r\n\t\t<div class=\"clearfix\"><a href=\"https:\/\/www.enaikoon.com\/es\/solucion\/casos-practicos\/planificacion-y-coordinacion\/\" title=\"Lea este caso\"><img decoding=\"async\" src=\"https:\/\/www.enaikoon.com\/wp-content\/uploads\/2016\/07\/icon1.png\" border=\"0\" align=\"right\" class=\"gl_software_personicon\" alt=\"Caso ENAiKOON sobre planificaci\u00f3n\"\/><\/a><\/div>\r\n\t\t<div class=\"gl_space_top15\"><a class=\"gl_button_blue\" href=\"https:\/\/www.enaikoon.com\/es\/contacto\/contacto\/\">cont\u00e1ctenos<\/a><\/div>\r\n\t\t<div><a class=\"gl_button_grey\" rel=\"nofollow\" href=\"https:\/\/www.enaikoon.com\/fileadmin\/enaikoon\/Dateien\/pdf\/Datenblatt\/inViu_pro\/spanisch\/inViu_pro_hojas_de_datos.pdf\" target=\"_blank\">Descargar PDF<\/a><\/div>\r\n\t\r\n\t<\/div>\r\n\t\r\n\t<\/div>\r\n\r\n\t<div class=\"gl_row_space\"><\/div>\r\n\t<div class=\"gl_line\"><\/div>\r\n\t\r\n\t<div class=\"col-md-4\">\r\n\t\r\n\t<div><img decoding=\"async\" src=\"https:\/\/www.enaikoon.com\/wp-content\/uploads\/2016\/07\/Localise-icon-small_05.png\" border=\"0\" align=\"left\" alt=\"\"\/><\/div>\r\n\t<h2>&nbsp; Localizaci\u00f3n en <br>&nbsp; tiempo real<\/h2>\r\n\t<div>Encuentre la posici\u00f3n exacta de sus veh\u00edculos u objetos m\u00f3viles en cualquier momento y visual\u00edcelos inmediatamente en el mapa integrado de inViu.<\/div>\r\n\t<div>&nbsp;<\/div>\r\n\t<div>inViu usa OpenStreetMap, uno de los mapas online m\u00e1s potentes del mundo. Obtenga m\u00e1s informaci\u00f3n sobre <a href=\"https:\/\/www.enaikoon.com\/es\/acerca-de\/openstreetmap-es\/\" title=\"OpenStreetMap\">OpenStreetMap<\/a>.<\/div>\r\n\t\r\n\t<\/div>\r\n\t\r\n\t<div class=\"col-md-4\">\r\n\t\r\n\t<div><img decoding=\"async\" src=\"https:\/\/www.enaikoon.com\/wp-content\/uploads\/2016\/07\/Monitor-icon-small_04.png\" border=\"0\" align=\"left\" alt=\"\"\/><\/div>\r\n\t<h2>&nbsp; Monitorizaci\u00f3n e <br>&nbsp; informes<\/h2>\r\n\t<div>inViu ofrece una localizaci\u00f3n y gesti\u00f3n precisa y flexible para todos sus trackables en cualquier momento. El mapa online le muestra una vista general de todos sus trackables y detalles de sus bienes. Transforma autom\u00e1ticamente datos digitales y anal\u00f3gicos en informes comprensibles para exportar como archivos XLS y CSV para su posterior an\u00e1lisis.<\/div>\r\n\t\r\n\t<\/div>\r\n\t\r\n\t<div class=\"col-md-4\">\r\n\t\r\n\t<div><img decoding=\"async\" src=\"https:\/\/www.enaikoon.com\/wp-content\/uploads\/2016\/07\/a30793c91e.png\" border=\"0\" align=\"left\" alt=\"\"\/><\/div>\r\n\t<h2>&nbsp; Informaci\u00f3n fiable y <br>&nbsp; segura<\/h2>\r\n\t<div>Evite costes innecesarios, reaccione r\u00e1pidamente a situaciones inesperadas y experimente la tranquilidad con inViu, ya que ofrece una visi\u00f3n general fiable de su negocio y le informa de inmediato cuando hay cambio de planes.<\/div>\r\n\t\r\n\t<\/div>\r\n\t\r\n\t<div class=\"gl_row_space\"><\/div>\r\n\r\n\t<div class=\"col-md-4\">\r\n\t\r\n\t<div class=\"gl_space_top20\">&nbsp;<\/div>\r\n\t<div><img decoding=\"async\" src=\"https:\/\/www.enaikoon.com\/wp-content\/uploads\/2016\/07\/Truck.png\" border=\"0\" align=\"left\" alt=\"\"\/><\/div>\r\n\t<h2>&nbsp; Gesti\u00f3n de<br>&nbsp; flotas<\/h2>\r\n\t<div>Controle f\u00e1cilmente su flota de camiones y tr\u00e1ileres con inViu, el rastreador de veh\u00edculos. El mapa online ofrece una vista de todos los automotores y los datos detallados son accesibles con un solo clic. Mejore considerablemente sus operaciones diarias con el an\u00e1lisis de los datos del <a href=\"https:\/\/www.enaikoon.com\/es\/software-es\/plugins\/can-66\/\" title=\"ENAiKOON can-66\">CAN-bus<\/a>, p.ej. las <a href=\"https:\/\/www.enaikoon.com\/es\/dispositivos\/accesorios\/temp-sensor\/\" title=\"ENAiKOON temp-sensor\">temperaturas<\/a>, planifique eficientemente sus rutas y mantenga una <a href=\"https:\/\/www.enaikoon.com\/es\/software-es\/plugins\/messenger\/\" title=\"ENAiKOON messenger\">comunicaci\u00f3n<\/a> r\u00e1pida y eficiente con los conductores. <\/div>\r\n\t\r\n\t<\/div>\r\n\t\r\n\t<div class=\"col-md-4\">\r\n\t\r\n\t<div class=\"gl_space_top20\">&nbsp;<\/div>\r\n\t<div><img decoding=\"async\" src=\"https:\/\/www.enaikoon.com\/wp-content\/uploads\/2016\/07\/Bulldozer.png\" border=\"0\" align=\"left\" alt=\"\"\/><\/div>\r\n\t<h2>&nbsp; Gesti\u00f3n de<br>&nbsp; la construcci\u00f3n<\/h2>\r\n\t<div>Programe y env\u00ede sus <a href=\"https:\/\/www.enaikoon.com\/es\/solucion\/casos-practicos\/transporte-y-cadena-de-frio\/\" title=\"Gesti\u00f3n maquinaria construcci\u00f3n\">equipos de construcci\u00f3n<\/a> con los <a href=\"https:\/\/www.enaikoon.com\/es\/dispositivos\/gama-locate\/locate-15\/\" title=\"locate-15\">dispositivos de localizaci\u00f3n<\/a> a cada puesto de trabajo y controle el estado de la implementaci\u00f3n. Disponibles m\u00faltiples informes, incluyendo horas operativas por cada equipo y por unidades auxiliares. <\/div>\r\n\t\r\n\t<\/div>\r\n\t\r\n\t<div class=\"col-md-4\">\r\n\t\r\n\t<div class=\"gl_space_top20\">&nbsp;<\/div>\r\n\t<div><img decoding=\"async\" src=\"https:\/\/www.enaikoon.com\/wp-content\/uploads\/2016\/07\/e82f0b9eb6.png\" border=\"0\" align=\"left\" alt=\"\"\/><\/div>\r\n\t<h2>&nbsp; Gesti\u00f3n de <br>&nbsp; personal<\/h2>\r\n\t<div>Gestione su equipo con facilidad. Mant\u00e9ngase en contacto con ellos en todo momento y registre las horas de trabajo, pausas y tipo de conducci\u00f3n de cada empleado. As\u00ed puede reducir costes y mejorar sus servicios. Las <a href=\"https:\/\/www.enaikoon.com\/es\/solucion\/\" title=\"Soluci\u00f3n\">soluciones de coordinaci\u00f3n y comunicaci\u00f3n<\/a> de su equipo en tiempo real se adaptan f\u00e1cilmente a su sistema de trabajo y lo convierten en la clave del \u00e9xito de su negocio.<\/div>\r\n\t\r\n\t<\/div>\r\n\t\r\n\t<div class=\"gl_row_space\"><\/div>\r\n\r\n\t<div class=\"col-md-4\">\r\n\t\r\n\t<div class=\"gl_space_top20\">&nbsp;<\/div>\r\n\t<div><img decoding=\"async\" src=\"https:\/\/www.enaikoon.com\/wp-content\/uploads\/2016\/07\/7c5cbe8ad4.png\" border=\"0\" align=\"left\" alt=\"\"\/><\/div>\r\n\t<h2>&nbsp; Documentaci\u00f3n <br>&nbsp; como prueba<\/h2>\r\n\t<div>Nuestro sistema de informes autom\u00e1ticos le ofrece acceso a registros y documentos oficiales para la localizaci\u00f3n de bienes, horas operativas y tareas completadas. El registro electr\u00f3nico le ayuda a evitar el exceso de facturaci\u00f3n.<\/div>\r\n\t\r\n\t<\/div>\r\n\t\r\n\t<div class=\"col-md-4\">\r\n\t\r\n\t<div class=\"gl_space_top20\">&nbsp;<\/div>\r\n\t<div><img decoding=\"async\" src=\"https:\/\/www.enaikoon.com\/wp-content\/uploads\/2016\/07\/Fence.png\" border=\"0\" align=\"left\" alt=\"\"\/><\/div>\r\n\t<h2>&nbsp; Crear<br>&nbsp; geofences<\/h2>\r\n\t<div>Una geofence es una barrera virtual entorno a una \u00e1rea geogr\u00e1fica en particular. Proteja sus bienes contra posibles robos recibiendo actualizaciones de estado por e-mail cuando un trackable acceda o abandone una geofence. Todas las actualizaciones de estado hechas en una geofence en particular pueden resumirse en un informe, haciendo m\u00e1s f\u00e1cil determinar exactamente qui\u00e9n estaba presente y durante cuanto tiempo en una localizaci\u00f3n en concreto. Estos datos pueden asignarse a diferentes centros de costes, ya que la informaci\u00f3n puede ser espec\u00edfica a una localizaci\u00f3n, empleado o maquinaria.<\/div>\r\n\t\r\n\t<\/div>\r\n\t\r\n\t<div class=\"col-md-4\">\r\n\t\r\n\t<div class=\"gl_space_top20\">&nbsp;<\/div>\r\n\t<div><img decoding=\"async\" src=\"https:\/\/www.enaikoon.com\/wp-content\/uploads\/2016\/07\/Customise-icon-small_08.png\" border=\"0\" align=\"left\" alt=\"\"\/><\/div>\r\n\t<h2>&nbsp; Completa <br>&nbsp; configuraci\u00f3n<\/h2>\r\n\t<div>Programe su inViu para incluir <a href=\"https:\/\/www.enaikoon.com\/es\/software-es\/plugins\/staff-tracker\/\">plugins<\/a> \u00fatiles para su negocio y reciba alertas instant\u00e1neas v\u00eda e-mail o mensaje de texto (SMS) cuando suceda algo inesperado. Personalice la vista de los mapas e informes con diferentes colores y plantillas de dise\u00f1o.<\/div>\r\n\t\r\n\t<\/div>\r\n\t\r\n\t<div class=\"gl_row_space\"><\/div>\r\n\t<div class=\"gl_line\"><\/div>\r\n\t\r\n\t<div class=\"col-md-4\">\r\n\r\n\t\r\n\t<h2>plugins inViu pro<\/h2>\r\n\t<div>Use cualquiera de estas potentes <br>herramientas para mejorar su soluci\u00f3n: <\/div>\r\n\t\r\n\t<\/div>\r\n\t\r\n\t<div class=\"gl_row_space\"><\/div>\r\n\t\r\n\t<div class=\"col-md-4\">\r\n\t\r\n\t<div class=\"gl_space_top20\"><\/div>\r\n\t<div><a href=\"https:\/\/www.enaikoon.com\/es\/software-es\/plugins\/staff-tracker\/\" title=\"ENAiKOON staff-tracker\"><img decoding=\"async\" src=\"https:\/\/www.enaikoon.com\/wp-content\/uploads\/2016\/07\/1a3ade9ec9.png\" border=\"0\" align=\"left\" alt=\"ENAiKOON staff-tracker optimiza la gesti\u00f3n del personal mediante un sistema de identificaci\u00f3n, registro de tiempo y control de acceso\"\/><\/a><\/div>\r\n\t<div class=\"gl_space_left-pad50\">\r\n\t\t<div class=\"gl_h4big\"><a href=\"https:\/\/www.enaikoon.com\/es\/software-es\/plugins\/staff-tracker\/\">ENAiKOON staff-tracker<\/a><\/div>\r\n\t\t<div>Mejora de la gesti\u00f3n del personal con un sistema de identificaci\u00f3n, registro de tiempo y control de acceso<\/div>\r\n\t<\/div>\r\n\t\r\n\t<\/div>\r\n\t\r\n\t<div class=\"col-md-4\">\r\n\t\r\n\t<div class=\"gl_space_top20\"><\/div>\r\n\t<div><a href=\"https:\/\/www.enaikoon.com\/es\/software-es\/plugins\/limit-checker\/\" title=\"ENAiKOON limit-checker\"><img decoding=\"async\" src=\"https:\/\/www.enaikoon.com\/wp-content\/uploads\/2016\/07\/b506cb6b43.jpg\" border=\"0\" align=\"left\" alt=\"ENAiKOON limit-checker\"\/><\/a><\/div>\r\n\t<div class=\"gl_space_left-pad50\">\r\n\t\t<div class=\"gl_h4big\"><a href=\"https:\/\/www.enaikoon.com\/es\/software-es\/plugins\/limit-checker\/\">ENAiKOON limit-checker <\/a><\/div>\r\n\t\t<div>Optimice la gesti\u00f3n de procesos programando autom\u00e1ticamente las fechas de mantenimiento y revisi\u00f3n <\/div>\r\n\t<\/div>\r\n\t\r\n\t<\/div>\r\n\t\r\n\t<div class=\"col-md-4\">\r\n\t\r\n<div class=\"gl_space_top20\"><\/div>\r\n\t<div><a href=\"https:\/\/www.enaikoon.com\/es\/software-es\/plugins\/temp-checker\/\" title=\"ENAiKOON temp-checker\"><img decoding=\"async\" src=\"https:\/\/www.enaikoon.com\/wp-content\/uploads\/2016\/07\/7b5f6ed7b9.png\" border=\"0\" align=\"left\" alt=\"ENAiKOON temp-checker eval\u00faa los datos de temperatura medidos y alerta sobre la superaci\u00f3n o la ca\u00edda por debajo del umbral\"\/><\/a><\/div>\r\n\r\n\t\t<div class=\"gl_space_left-pad50\">\r\n\t\t<div class=\"gl_h4big\"><a href=\"https:\/\/www.enaikoon.com\/es\/software-es\/plugins\/temp-checker\/\">ENAiKOON temp-checker<\/a><\/div>\r\n\t\t<div>Control continuo de la temperatura, se env\u00eda una alarma si la temperatura excede o no llega a los par\u00e1metros fijados<\/div>\r\n\t\t<\/div>\r\n\r\n\r\n\t\r\n\t<\/div>\r\n\t\r\n\t<div class=\"gl_row_space\"><\/div>\r\n\t\r\n\t<div class=\"col-md-4\">\r\n\t\r\n\t<div class=\"gl_space_top30\"><\/div>\r\n\t<div><a href=\"https:\/\/www.enaikoon.com\/es\/software-es\/plugins\/fuel-tracker\/\" title=\"ENAiKOON fuel-tracker\"><img decoding=\"async\" src=\"https:\/\/www.enaikoon.com\/wp-content\/uploads\/2016\/07\/dd0eb3c958.jpg\" border=\"0\" align=\"left\" alt=\"ENAiKOON fuel-tracker\"\/><\/a><\/div>\r\n\t<div class=\"gl_space_left-pad50\">\r\n\t\t<div class=\"gl_h4big\"><a href=\"https:\/\/www.enaikoon.com\/es\/software-es\/plugins\/fuel-tracker\/\">ENAiKOON fuel-tracker <\/a><\/div>\r\n\t\t<div>Ahorre dinero protegi\u00e9ndose contra el robo de gasoil<\/div>\r\n\t<\/div>\r\n\r\n\t<div class=\"gl_space_top30\"><\/div>\r\n\t<div><a href=\"https:\/\/www.enaikoon.com\/es\/software-es\/plugins\/can-66\/\" title=\"ENAiKOON can-66\"><img decoding=\"async\" src=\"https:\/\/www.enaikoon.com\/wp-content\/uploads\/2016\/07\/67fa57eeaf.jpg\" border=\"0\" align=\"left\" alt=\"ENAiKOON can-66\"\/><\/a><\/div>\r\n\t<div class=\"gl_space_left-pad50\">\r\n\t\t<div class=\"gl_h4big\"><a href=\"https:\/\/www.enaikoon.com\/es\/software-es\/plugins\/can-66\/\">ENAiKOON can-66<\/a><\/div>\r\n\t\t<div>Mejore la conducci\u00f3n de sus trabajadores con instrucciones a medida<\/div>\r\n\t<\/div>\r\n\t<\/div>\r\n\t\r\n\t<div class=\"col-md-4\">\r\n\t\r\n\t<div class=\"gl_space_top30\"><\/div>\r\n\t<div><a href=\"https:\/\/www.enaikoon.com\/es\/software-es\/plugins\/messenger\/\" title=\"ENAiKOON messenger\"><img decoding=\"async\" src=\"https:\/\/www.enaikoon.com\/wp-content\/uploads\/2016\/07\/7195d18a3c.jpg\" border=\"0\" align=\"left\" alt=\"ENAiKOON messenger\"\/><\/a><\/div>\r\n\t<div class=\"gl_space_left-pad50\">\r\n\t\t<div class=\"gl_h4big\"><a href=\"https:\/\/www.enaikoon.com\/es\/software-es\/plugins\/messenger\/\">ENAiKOON messenger<\/a><\/div>\r\n\t\t<div>Aumente su eficiencia configurando, asignando y monitorizando las tareas. Comun\u00edquese instant\u00e1neamente con todos sus trabajadores<\/div>\r\n\t<\/div>\r\n\t\r\n\t<\/div>\r\n\t\r\n\t<div class=\"col-md-4\">\r\n\t<div class=\"gl_space_top20\"><\/div>\r\n\t<div><a href=\"https:\/\/www.enaikoon.com\/es\/software-es\/plugins\/tour-checker\/\" title=\"ENAiKOON tour-checker\"><img decoding=\"async\" src=\"https:\/\/www.enaikoon.com\/wp-content\/uploads\/2016\/07\/da01c3816c.jpg\" border=\"0\" align=\"left\" alt=\"ENAiKOON tour-checker\"\/><\/a><\/div>\r\n\t\t<div class=\"gl_space_left-pad50\">\r\n\t\t<div class=\"gl_h4big\"><a href=\"https:\/\/www.enaikoon.com\/es\/software-es\/plugins\/tour-checker\/\">ENAiKOON tour-checker<\/a><\/div>\r\n\t\t<div>Incremente su productividad creando y actualizando sus rutas y su planificaci\u00f3n de desplazamientos<\/div>\r\n<\/div><div class=\"gl_space_top20\"><\/div>\r\n\t<div><a class=\"gl_button_blue\"  href=\"https:\/\/www.enaikoon.com\/es\/software-es\/plugins\/staff-tracker\/\">configure su inViu pro<\/a><\/div>\r\n\t<\/div>\r\n<\/div>\t\r\n<div class=\"gl_space_pagebottom\">&nbsp;<\/div>\r\n\r\n<\/div>","protected":false},"excerpt":{"rendered":"","protected":false},"author":7,"featured_media":0,"parent":6232,"menu_order":0,"comment_status":"closed","ping_status":"closed","template":"","meta":{"footnotes":""},"acf":[],"_links":{"self":[{"href":"https:\/\/www.enaikoon.com\/es\/wp-json\/wp\/v2\/pages\/6235"}],"collection":[{"href":"https:\/\/www.enaikoon.com\/es\/wp-json\/wp\/v2\/pages"}],"about":[{"href":"https:\/\/www.enaikoon.com\/es\/wp-json\/wp\/v2\/types\/page"}],"author":[{"embeddable":true,"href":"https:\/\/www.enaikoon.com\/es\/wp-json\/wp\/v2\/users\/7"}],"replies":[{"embeddable":true,"href":"https:\/\/www.enaikoon.com\/es\/wp-json\/wp\/v2\/comments?post=6235"}],"version-history":[{"count":14,"href":"https:\/\/www.enaikoon.com\/es\/wp-json\/wp\/v2\/pages\/6235\/revisions"}],"predecessor-version":[{"id":11666,"href":"https:\/\/www.enaikoon.com\/es\/wp-json\/wp\/v2\/pages\/6235\/revisions\/11666"}],"up":[{"embeddable":true,"href":"https:\/\/www.enaikoon.com\/es\/wp-json\/wp\/v2\/pages\/6232"}],"wp:attachment":[{"href":"https:\/\/www.enaikoon.com\/es\/wp-json\/wp\/v2\/media?parent=6235"}],"curies":[{"name":"wp","href":"https:\/\/api.w.org\/{rel}","templated":true}]}}