{"id":6232,"date":"2016-08-01T07:49:18","date_gmt":"2016-08-01T07:49:18","guid":{"rendered":"https:\/\/www.enaikoon.com\/?page_id=6232"},"modified":"2019-08-02T11:40:16","modified_gmt":"2019-08-02T11:40:16","slug":"software-es","status":"publish","type":"page","link":"https:\/\/www.enaikoon.com\/es\/software-es\/","title":{"rendered":"software-es"},"content":{"rendered":"<div class=\"row row-slider\">\n\t\t\t<!-- START software_es REVOLUTION SLIDER 6.6.16 --><p class=\"rs-p-wp-fix\"><\/p>\n\t\t\t<rs-module-wrap id=\"rev_slider_49_1_wrapper\" data-source=\"gallery\" style=\"visibility:hidden;background:transparent;padding:0;margin:0px auto;margin-top:0;margin-bottom:0;\">\n\t\t\t\t<rs-module id=\"rev_slider_49_1\" style=\"\" data-version=\"6.6.16\">\n\t\t\t\t\t<rs-slides style=\"overflow: hidden; position: absolute;\">\n\t\t\t\t\t\t<rs-slide style=\"position: absolute;\" data-key=\"rs-71\" data-title=\"banner\" data-anim=\"adpr:false;\">\n\t\t\t\t\t\t\t<img src=\"\/\/www.enaikoon.com\/wp-content\/plugins\/revslider\/public\/assets\/assets\/dummy.png\" alt=\"\" title=\"software-es\" class=\"rev-slidebg tp-rs-img rs-lazyload\" data-lazyload=\"\/\/www.enaikoon.com\/wp-content\/uploads\/2016\/07\/Basic_inViu-software-banner4.png\" data-no-retina>\n<!--\n\t\t\t\t\t\t\t--><rs-layer\n\t\t\t\t\t\t\t\tid=\"slider-49-slide-71-layer-1\" \n\t\t\t\t\t\t\t\tdata-type=\"image\"\n\t\t\t\t\t\t\t\tdata-rsp_ch=\"on\"\n\t\t\t\t\t\t\t\tdata-text=\"l:22;\"\n\t\t\t\t\t\t\t\tdata-dim=\"w:998px;h:300px;\"\n\t\t\t\t\t\t\t\tdata-frame_0=\"tp:600;\"\n\t\t\t\t\t\t\t\tdata-frame_1=\"tp:600;e:power2.inOut;st:500;\"\n\t\t\t\t\t\t\t\tdata-frame_999=\"o:0;tp:600;e:nothing;st:9000;\"\n\t\t\t\t\t\t\t\tstyle=\"z-index:5;\"\n\t\t\t\t\t\t\t><img src=\"\/\/www.enaikoon.com\/wp-content\/plugins\/revslider\/public\/assets\/assets\/dummy.png\" alt=\"\" class=\"tp-rs-img rs-lazyload\" data-lazyload=\"\/wp-content\/uploads\/2016\/07\/Basic_inViu-software-banner4.png\" data-no-retina> \n\t\t\t\t\t\t\t<\/rs-layer><!--\n\n\t\t\t\t\t\t\t--><rs-layer\n\t\t\t\t\t\t\t\tid=\"slider-49-slide-71-layer-2\" \n\t\t\t\t\t\t\t\tclass=\"medium-blue-text\"\n\t\t\t\t\t\t\t\tdata-type=\"text\"\n\t\t\t\t\t\t\t\tdata-color=\"rgba(70,180,231,1)\"\n\t\t\t\t\t\t\t\tdata-rsp_ch=\"on\"\n\t\t\t\t\t\t\t\tdata-xy=\"x:540px;y:74px;\"\n\t\t\t\t\t\t\t\tdata-text=\"s:32;l:34;fw:700;\"\n\t\t\t\t\t\t\t\tdata-frame_0=\"y:50px;tp:600;\"\n\t\t\t\t\t\t\t\tdata-frame_1=\"tp:600;e:power2.inOut;st:800;sp:500;\"\n\t\t\t\t\t\t\t\tdata-frame_999=\"o:1;tp:600;e:nothing;st:9000;\"\n\t\t\t\t\t\t\t\tstyle=\"z-index:6;font-family:'Myriad Pro';color:#12B9FF !important;letter-spacing:0px !important;\"\n\t\t\t\t\t\t\t>El portal web adecuado<br\/>\npara todas sus aplicaciones \n\t\t\t\t\t\t\t<\/rs-layer><!--\n\n\t\t\t\t\t\t\t--><rs-layer\n\t\t\t\t\t\t\t\tid=\"slider-49-slide-71-layer-3\" \n\t\t\t\t\t\t\t\tclass=\"small-brown-text\"\n\t\t\t\t\t\t\t\tdata-type=\"text\"\n\t\t\t\t\t\t\t\tdata-color=\"rgba(143,143,143,1)\"\n\t\t\t\t\t\t\t\tdata-rsp_ch=\"on\"\n\t\t\t\t\t\t\t\tdata-xy=\"x:540px;y:158px;\"\n\t\t\t\t\t\t\t\tdata-text=\"s:16;l:20;\"\n\t\t\t\t\t\t\t\tdata-frame_0=\"y:50px;tp:600;\"\n\t\t\t\t\t\t\t\tdata-frame_1=\"tp:600;e:power2.inOut;st:800;sp:500;\"\n\t\t\t\t\t\t\t\tdata-frame_999=\"o:1;tp:600;e:nothing;st:9000;\"\n\t\t\t\t\t\t\t\tstyle=\"z-index:7;font-family:'Myriad Pro';letter-spacing:1 !important;font-size:14.4px;line-height:17px;\"\n\t\t\t\t\t\t\t>Rastree y monitorice todos sus objetos m\u00f3viles con inViu, el <br\/>portal online para la gesti\u00f3n por GPS en tiempo real  \n\t\t\t\t\t\t\t<\/rs-layer><!--\n\n\t\t\t\t\t\t\t--><rs-layer\n\t\t\t\t\t\t\t\tid=\"slider-49-slide-71-layer-4\" \n\t\t\t\t\t\t\t\tdata-type=\"text\"\n\t\t\t\t\t\t\t\tdata-color=\"rgba(255,255,255,1)\"\n\t\t\t\t\t\t\t\tdata-rsp_ch=\"on\"\n\t\t\t\t\t\t\t\tdata-xy=\"x:540px;y:202px;\"\n\t\t\t\t\t\t\t\tdata-text=\"l:22;\"\n\t\t\t\t\t\t\t\tdata-frame_0=\"y:50px;tp:600;\"\n\t\t\t\t\t\t\t\tdata-frame_1=\"tp:600;e:power2.inOut;st:800;sp:500;\"\n\t\t\t\t\t\t\t\tdata-frame_999=\"o:1;tp:600;e:nothing;st:9000;\"\n\t\t\t\t\t\t\t\tstyle=\"z-index:8;font-family:'';\"\n\t\t\t\t\t\t\t><a class=\"gl_button_blue\" target=\"_blank\" href=\"https:\/\/sso.enaikoon.de\/?locale=es\" rel=\"nofollow\">Acceso con inViu<\/a> \n\t\t\t\t\t\t\t<\/rs-layer><!--\n-->\t\t\t\t\t\t<\/rs-slide>\n\t\t\t\t\t<\/rs-slides>\n\t\t\t\t<\/rs-module>\n\t\t\t\t<script>\n\t\t\t\t\tsetREVStartSize({c: 'rev_slider_49_1',rl:[1240,1024,778,480],el:[],gw:[998],gh:[300],type:'standard',justify:'',layout:'fullwidth',mh:\"0\"});if (window.RS_MODULES!==undefined && window.RS_MODULES.modules!==undefined && window.RS_MODULES.modules[\"revslider491\"]!==undefined) {window.RS_MODULES.modules[\"revslider491\"].once = false;window.revapi49 = undefined;if (window.RS_MODULES.checkMinimal!==undefined) window.RS_MODULES.checkMinimal()}\n\t\t\t\t<\/script>\n\t\t\t<\/rs-module-wrap>\n\t\t\t<!-- END REVOLUTION SLIDER -->\n<\/div>\n<div class=\"row\">\n<div class=\"gl_space_page\">\n\n\t<div class=\"col-md-8\">\n<div class=\"gl_space_pageleft\">\n<div class=\"gl_h2big\">Un software multifuncional y f\u00e1cil de usar<\/div>\ninViu es una aplicaci\u00f3n segura basada en Internet que procesa sus datos telem\u00e1ticos con alta precisi\u00f3n.\n<div>&nbsp;<\/div>\n<div class=\"gl_h3big\">Sistema inViu de ENAiKOON &#8211; \u00a1siempre la soluci\u00f3n correcta!<\/div>\nENAiKOON ofrece un gran \u00absistema modular\u00bb, con el cual todas las necesidades se pueden satisfacer. Con el asesoramiento y elecci\u00f3n adecuados, su soluci\u00f3n se adaptar\u00e1 a su medida.\n<div>&nbsp;<\/div>\n<div class=\"clearfix\">\n<div><a href=\"https:\/\/www.enaikoon.com\/es\/software-es\/inviu-web\/\" title=\"inViu web: el portal web r\u00e1pido y f\u00e1cil para cualquiera\"><img decoding=\"async\" src=\"https:\/\/www.enaikoon.com\/wp-content\/uploads\/2016\/07\/inViu-web.png\" alt=\"inViu web: el portal web r\u00e1pido y f\u00e1cil para cualquiera\" border=\"0\" align=\"left\"><\/a><\/div>\n<div class=\"gl_software_inViuweb\">\u00bfNecesita la posici\u00f3n GPS m\u00e1s reciente y quiere disponer de una vista r\u00e1pida de sus trackables?\n<a href=\"https:\/\/www.enaikoon.com\/es\/software-es\/inviu-web\/\" title=\"inViu web\">inViu web<\/a> es un portal r\u00e1pido y simple<\/div>\n<\/div>\n<div>&nbsp;<\/div>\n<div class=\"clearfix\">\n<div><a href=\"https:\/\/www.enaikoon.com\/es\/software-es\/inviu-pro\/\" title=\"inViu pro: el portal web para los usuarios profesionales\"><img decoding=\"async\" src=\"https:\/\/www.enaikoon.com\/wp-content\/uploads\/2016\/07\/inViu-pro.png\" alt=\"inViu pro: el portal web para los usuarios profesionales\" border=\"0\" align=\"left\"><\/a><\/div>\n<div class=\"gl_software_inViupro\">\u00bfNecesita herramientas de gesti\u00f3n para flotas de veh\u00edculos o equipo de construcci\u00f3n, monitorizaci\u00f3n de tanque y temperatura, evaluaci\u00f3n de horas operativas e informaci\u00f3n m\u00e1s detallada?\n<a href=\"https:\/\/www.enaikoon.com\/es\/software-es\/inviu-pro\/\" title=\"inViu pro\">inViu pro<\/a> con los plugins ofrece la soluci\u00f3n correcta<\/div>\n<\/div>\n<div>&nbsp;<\/div>\n<div class=\"clearfix\">\n<div class=\"gl_space_top10-inv\"><a href=\"https:\/\/www.enaikoon.com\/es\/movil\/inviu-movile\/\" title=\"inViu routes - la app Android sobre GPS\"><img decoding=\"async\" src=\"https:\/\/www.enaikoon.com\/wp-content\/uploads\/2016\/07\/inViu-routes.png\" alt=\"inViu routes - la app Android sobre GPS\" border=\"0\" align=\"left\"><\/a><\/div>\n<div class=\"gl_software_inViuroutes\">\u00bfQuiere saber la localizaci\u00f3n de sus trabajadores m\u00f3viles y quiere ver y analizar estos datos y m\u00e1s en inViu web o inViu pro?\n<a href=\"https:\/\/www.enaikoon.com\/es\/movil\/plugins\/routes\/\" title=\"inViu routes\">inViu routes<\/a> es la app m\u00f3vil perfecta<\/div>\n<\/div>\n<div>&nbsp;<\/div>\n<div>Miles de negocios y particulares de todo el mundo conf\u00edan en la eficacia de ENAiKOON e <a href=\"https:\/\/www.enaikoon.com\/es\/software-es\/inviu-pro\/\" title=\"inViu\">inViu<\/a>. Lea los <a href=\"https:\/\/www.enaikoon.com\/es\/solucion\/casos-practicos\/alquiler-para-construccion\/\" title=\"testimonios\">testimonios<\/a>.<\/div>\n<\/div>\n<\/div>\n\n<div class=\"col-md-4\">\n<div class=\"gl_space_pageright\">\n<div><a rel=\"nofollow\" href=\"https:\/\/www.enaikoon.com\/wp-content\/uploads\/2016\/07\/App_Screen_04.jpg\" title=\"ENAiKOON inViu\"><img decoding=\"async\" src=\"https:\/\/www.enaikoon.com\/wp-content\/uploads\/2016\/07\/inViu.jpg\" alt=\"Rastrea y monitoriza en tiempo real todos tus trackables con ENAiKOON inViu\" border=\"0\"><\/a><\/div>\n<h3>A partir de ahora,\ntome las decisiones adecuadas<\/h3>\n<div class=\"gl_ul_style2\">\n<ul>\n \t<li class=\"gl_space_li\">Sin instalaci\u00f3n de software &#8211; no hay tiempo de inactividad<\/li>\n \t<li class=\"gl_space_li\">Transmisi\u00f3n inal\u00e1mbrica por m\u00f3vil &#8211; sin tiempo de espera<\/li>\n \t<li class=\"gl_space_li\">Recuperaci\u00f3n de datos mediante navegador web, PC o m\u00f3vil<\/li>\n \t<li class=\"gl_space_li\">Flexibilidad de integraci\u00f3n de sus datos en aplicaciones de terceras partes<\/li>\n<\/ul>\n<\/div>\n<div><a class=\"gl_button_blue\" href=\"https:\/\/www.enaikoon.com\/es\/contacto\/contacto\/\">cont\u00e1ctenos<\/a><\/div>\n<div><a class=\"gl_button_yellow\" href=\"https:\/\/www.enaikoon.com\/es\/contacto\/consulte-a-un-experto\/\">Programe una cita<\/a><\/div>\n<div class=\"gl_space_top10\">Descubra todas las posibilidades y lo sencillo que es de usar nuestro portal web inViu pro, simplemente haga clic en el bot\u00f3n que aparece abajo y en la siguiente pantalla seleccione la opci\u00f3n de demo.<\/div>\n<div><a class=\"gl_button_yellow\" rel=\"nofollow\" href=\"https:\/\/sso.enaikoon.de\/SSOServer\/?locale=es&amp;demo=1\" target=\"_blank\">inViu pro demo<\/a><\/div>\n<\/div>\n<\/div>\n<div class=\"gl_row_space\"><\/div>\n<div class=\"gl_line\"><\/div>\n<div class=\"col-md-4\">\n<div class=\"gl_h2big\"><a href=\"https:\/\/www.enaikoon.com\/es\/software-es\/inviu-web\/\">inViu web<\/a><\/div>\n<div>El innovador portal web inViu: con un dise\u00f1o funcional, una interfaz simple e intuitiva, trabaja en conjunto con nuestros <a href=\"https:\/\/www.enaikoon.com\/es\/dispositivos\/\" title=\"m\u00f3dulos\">m\u00f3dulos<\/a> telem\u00e1ticos as\u00ed como <a href=\"https:\/\/www.enaikoon.com\/es\/movil\/plugins\/routes\/\" title=\"inViu routes\">inViu routes<\/a>.<\/div>\n<div class=\"gl_space_top15\">Toda la informaci\u00f3n sobre sus trackables est\u00e1 disponible a su alcance, la posici\u00f3n actual se muestra en el mapa online con un marcador y el estado de las \u00faltimas 100 posiciones. La gesti\u00f3n de las Geofence y el sistema de alerta, completan las funciones b\u00e1sicas disponibles en inViu.<\/div>\n<\/div>\n\n<div class=\"col-md-4\">\n<div class=\"gl_h2big\"><a href=\"https:\/\/www.enaikoon.com\/es\/software-es\/inviu-pro\/\">inViu pro<\/a><\/div>\n<div>Adem\u00e1s de todas las caracter\u00edsticas b\u00e1sicas como la localizaci\u00f3n, las rutas viajadas y el monitoreo de las geofence, inViu pro tiene m\u00e1s opciones y plugins disponibles. Con inViu pro y los plugins como el <a href=\"https:\/\/www.enaikoon.com\/es\/software-es\/plugins\/staff-tracker\/\" title=\"staff-tracker\">staff-tracker<\/a>, <a href=\"https:\/\/www.enaikoon.com\/es\/software-es\/plugins\/fuel-tracker\/\" title=\"fuel-tracker\">fuel-tracker<\/a>, <a href=\"https:\/\/www.enaikoon.com\/es\/software-es\/plugins\/tire-monitor-system\/\" title=\"tire-monitor-system\">tire-monitor-system<\/a>, <a href=\"https:\/\/www.enaikoon.com\/es\/software-es\/plugins\/can-66\/\" title=\"can-66\">can-66<\/a>, <a href=\"https:\/\/www.enaikoon.com\/es\/software-es\/plugins\/limit-checker\/\" title=\"limit-checker\">limit-checker<\/a>, <a href=\"https:\/\/www.enaikoon.com\/es\/software-es\/plugins\/messenger\/\" title=\"messenger\">messenger<\/a>, <a href=\"https:\/\/www.enaikoon.com\/es\/software-es\/plugins\/temp-checker\/\" title=\"temp-checker\">temp-checker<\/a>, o <a href=\"https:\/\/www.enaikoon.com\/es\/software-es\/plugins\/tour-checker\/\" title=\"tour-checker\">tour-checker<\/a>, siempre puede encontrar la soluci\u00f3n adaptada a las necesidades de su negocio.<\/div>\n<div>&nbsp;<\/div>\n<div>Combine inViu pro con nuestros <a href=\"https:\/\/www.enaikoon.com\/es\/dispositivos\/\" title=\"m\u00f3dulos\">m\u00f3dulos<\/a> telem\u00e1ticos y con la app de Android <a href=\"https:\/\/www.enaikoon.com\/es\/movil\/plugins\/routes\/\" title=\"inViu routes\">inViu routes<\/a> para una soluci\u00f3n completa. Deje que los expertos de ENAiKOON le ayuden a encontrar la opci\u00f3n adecuada.<\/div>\n<\/div>\n\n<div class=\"col-md-4\">\n<div class=\"gl_h2big\"><a href=\"https:\/\/www.enaikoon.com\/es\/movil\/inviu-movile\/\">inViu routes<\/a><\/div>\n<div>Mucho m\u00e1s que una app para ver su posici\u00f3n GPS, inViu routes trabaja con inViu web. Su m\u00f3vil equipado con inViu routes puede enviar su posici\u00f3n a los servidores de inViu y estos datos se pueden ver y analizar exactamente como un dispositivo de telem\u00e1tica.<\/div>\n<div>&nbsp;<\/div>\n<div>Use inViu routes junto a inViu web o inViu pro y aproveche todas las funciones, como saber d\u00f3nde est\u00e1n sus <a href=\"https:\/\/www.enaikoon.com\/es\/blog\/\" title=\"blog\">trackables<\/a> con un simple vistazo.<\/div>\n<div>&nbsp;<\/div>\n<\/div>\n<div class=\"gl_row_space\"><\/div>\n<div>&nbsp;<\/div>\n<div class=\"col-md-4\">\n<div><img decoding=\"async\" src=\"https:\/\/www.enaikoon.com\/wp-content\/uploads\/2016\/07\/2e8ec0a4a9.png\" alt=\"\" border=\"0\" align=\"left\"><img decoding=\"async\" src=\"https:\/\/www.enaikoon.com\/wp-content\/uploads\/2016\/07\/2ddf9a36b1.png\" class=\"gl_space_left10\" alt=\"\" border=\"0\" align=\"left\"><img decoding=\"async\" src=\"https:\/\/www.enaikoon.com\/wp-content\/uploads\/2016\/07\/d535dae36a.png\" class=\"gl_space_left10\" alt=\"\" border=\"0\" align=\"left\"><img decoding=\"async\" src=\"https:\/\/www.enaikoon.com\/wp-content\/uploads\/2016\/07\/8c4beb49a0.png\" class=\"gl_space_left10\" alt=\"\" border=\"0\" align=\"left\"><img decoding=\"async\" src=\"https:\/\/www.enaikoon.com\/wp-content\/uploads\/2016\/07\/b1a55eeef1.png\" class=\"gl_space_left10\" alt=\"\" border=\"0\" align=\"left\"><img decoding=\"async\" src=\"https:\/\/www.enaikoon.com\/wp-content\/uploads\/2016\/07\/17eda6e6a0.png\" class=\"gl_space_left10\" alt=\"\" border=\"0\" align=\"left\"><\/div>\n<\/div>\n\n<div class=\"col-md-4\">\n<div class=\"clearfix\">\n<div class=\"gl_space_left50\"><a href=\"https:\/\/www.enaikoon.com\/es\/software-es\/plugins\/staff-tracker\/\" title=\"staff-tracker\"><img decoding=\"async\" src=\"https:\/\/www.enaikoon.com\/wp-content\/uploads\/2016\/07\/fb304c3517.png\" alt=\"\" border=\"0\" align=\"left\"><\/a><a href=\"https:\/\/www.enaikoon.com\/es\/software-es\/plugins\/fuel-tracker\/\" title=\"fuel-tracker\"><img decoding=\"async\" src=\"https:\/\/www.enaikoon.com\/wp-content\/uploads\/2016\/07\/f3b9041571.png\" class=\"gl_space_left15\" alt=\"\" border=\"0\" align=\"left\"><\/a><a href=\"https:\/\/www.enaikoon.com\/es\/software-es\/plugins\/tire-monitor-system\/\" title=\"tire-monitor-system\"><img decoding=\"async\" src=\"https:\/\/www.enaikoon.com\/wp-content\/uploads\/2016\/07\/b2c11ca25d.png\" class=\"gl_space_left15\" alt=\"\" border=\"0\" align=\"left\"><\/a><a href=\"https:\/\/www.enaikoon.com\/es\/software-es\/plugins\/can-66\/\" title=\"can-66\"><img decoding=\"async\" src=\"https:\/\/www.enaikoon.com\/wp-content\/uploads\/2016\/07\/9abc6ef630.png\" class=\"gl_space_left15\" alt=\"\" border=\"0\" align=\"left\"><\/a><\/div>\n<\/div>\n<div class=\"gl_space_top10\"><\/div>\n<div class=\"clearfix\">\n<div class=\"gl_space_left50\"><a href=\"https:\/\/www.enaikoon.com\/es\/software-es\/plugins\/limit-checker\/\" title=\"limit-checker\"><img decoding=\"async\" src=\"https:\/\/www.enaikoon.com\/wp-content\/uploads\/2016\/07\/55dc342593.png\" alt=\"\" border=\"0\" align=\"left\"><\/a><a href=\"https:\/\/www.enaikoon.com\/es\/software-es\/plugins\/messenger\/\" title=\"messenger\"><img decoding=\"async\" src=\"https:\/\/www.enaikoon.com\/wp-content\/uploads\/2016\/07\/30f654127e.png\" class=\"gl_space_left15\" alt=\"\" border=\"0\" align=\"left\"><\/a><a href=\"https:\/\/www.enaikoon.com\/es\/software-es\/plugins\/temp-checker\/\" title=\"temp-checker\"><img decoding=\"async\" src=\"https:\/\/www.enaikoon.com\/wp-content\/uploads\/2016\/07\/941c876d4b.png\" class=\"gl_space_left15\" alt=\"\" border=\"0\" align=\"left\"><\/a><a href=\"https:\/\/www.enaikoon.com\/es\/software-es\/plugins\/tour-checker\/\" title=\"tour-checker\"><img decoding=\"async\" src=\"https:\/\/www.enaikoon.com\/wp-content\/uploads\/2016\/07\/007b6fe07c.png\" class=\"gl_space_left15\" alt=\"\" border=\"0\" align=\"left\"><\/a><\/div>\n<\/div>\n<\/div>\n\n<div class=\"col-md-4\">\n<div class=\"gl_space_left10\">\n\n<a href=\"https:\/\/www.enaikoon.com\/es\/movil\/plugins\/routes\/\" title=\"routes\"><img decoding=\"async\" src=\"https:\/\/www.enaikoon.com\/wp-content\/uploads\/2016\/07\/fc883d2141.jpg\" alt=\"\" border=\"0\" align=\"left\"><\/a><\/div>\n<\/div>\n<div class=\"gl_row_space\"><\/div>\n<div class=\"gl_line\"><\/div>\n<div class=\"col-md-4\">\n<div class=\"clearfix\">\n<div class=\"image_center\"><a href=\"https:\/\/www.enaikoon.com\/es\/inicio\/enaikoon-id\/\" title=\"Acceso con el seguro ENAiKOON iD\"><img decoding=\"async\" src=\"https:\/\/www.enaikoon.com\/wp-content\/uploads\/2016\/07\/LogIn_64.png\" alt=\"Acceso con el seguro ENAiKOON iD\" border=\"0\"><\/a><\/div>\n<\/div>\n<div class=\"gl_h4big\"><a href=\"https:\/\/www.enaikoon.com\/es\/inicio\/enaikoon-id\/\">Acceso a inViu<\/a><\/div>\n<div>Acceda a inViu desde cualquier navegador o tel\u00e9fono m\u00f3vil sin necesidad de instalaci\u00f3n de software. <a rel=\"nofollow\" href=\"https:\/\/testsso.enaikoon.de\/SSOServer\/\" target=\"_blank\" title=\"Reg\u00edstrese para un \u00fanico ENAiKOON iD\">Consiga su ENAiKOON iD ahora mismo<\/a>.<\/div>\n<\/div>\n\n<div class=\"col-md-4\">\n<div class=\"clearfix\">\n<div class=\"image_center\"><a href=\"https:\/\/www.enaikoon.com\/es\/contacto\/prueba-gratuita\/\" title=\"\u00a1Pru\u00e9belo ahora!\"><img decoding=\"async\" src=\"https:\/\/www.enaikoon.com\/wp-content\/uploads\/2016\/07\/Try-n-Buy-icon_11.png\" alt=\"Pruebe nuestro kit de prueba gratuito y descubra los beneficios de los servicios de telem\u00e1tica de ENAiKOON\" border=\"0\"><\/a><\/div>\n<\/div>\n<div class=\"gl_h4big\"><a href=\"https:\/\/www.enaikoon.com\/es\/contacto\/prueba-gratuita\/\" title=\"Try out the app for free!\">Kit de prueba gratuito<\/a><\/div>\n<div>inViu demo es el primer paso para conseguir una soluci\u00f3n telem\u00e1tica de ENAiKOON.\n<a href=\"https:\/\/www.enaikoon.com\/es\/contacto\/prueba-gratuita\/\">\u00a1Solicite ahora un kit de prueba gratuito!<\/a><\/div>\n<\/div>\n\n<div class=\"col-md-4\">\n<div class=\"clearfix\">\n<div class=\"image_center\"><a href=\"https:\/\/www.enaikoon.com\/es\/contacto\/consulte-a-un-experto\/\" title=\"Reserve hora para una llamada\"><img decoding=\"async\" src=\"https:\/\/www.enaikoon.com\/wp-content\/uploads\/2016\/07\/Callback-icon_23.png\" alt=\"Reserve hora para una llamada\" border=\"0\"><\/a><\/div>\n<\/div>\n<div class=\"clearfix\">\n<div class=\"gl_h4big\"><a href=\"https:\/\/www.enaikoon.com\/es\/contacto\/consulte-a-un-experto\/\">Especifique una hora de contacto<\/a><\/div>\n<div>\u00bfTiene una agenda apretada? Nuestros expertos le llamar\u00e1n gratuitamente <a href=\"https:\/\/www.enaikoon.com\/es\/contacto\/contacto\/\">a la hora que nos indique (de 8:30 a 17:30 CET)<\/a>.<\/div>\n<\/div>\n<\/div>\n\n<\/div>\n<div class=\"gl_space_pagebot\">&nbsp;<\/div>\n<\/div>","protected":false},"excerpt":{"rendered":"","protected":false},"author":7,"featured_media":0,"parent":0,"menu_order":0,"comment_status":"closed","ping_status":"closed","template":"","meta":{"footnotes":""},"acf":[],"_links":{"self":[{"href":"https:\/\/www.enaikoon.com\/es\/wp-json\/wp\/v2\/pages\/6232"}],"collection":[{"href":"https:\/\/www.enaikoon.com\/es\/wp-json\/wp\/v2\/pages"}],"about":[{"href":"https:\/\/www.enaikoon.com\/es\/wp-json\/wp\/v2\/types\/page"}],"author":[{"embeddable":true,"href":"https:\/\/www.enaikoon.com\/es\/wp-json\/wp\/v2\/users\/7"}],"replies":[{"embeddable":true,"href":"https:\/\/www.enaikoon.com\/es\/wp-json\/wp\/v2\/comments?post=6232"}],"version-history":[{"count":11,"href":"https:\/\/www.enaikoon.com\/es\/wp-json\/wp\/v2\/pages\/6232\/revisions"}],"predecessor-version":[{"id":17433,"href":"https:\/\/www.enaikoon.com\/es\/wp-json\/wp\/v2\/pages\/6232\/revisions\/17433"}],"wp:attachment":[{"href":"https:\/\/www.enaikoon.com\/es\/wp-json\/wp\/v2\/media?parent=6232"}],"curies":[{"name":"wp","href":"https:\/\/api.w.org\/{rel}","templated":true}]}}