{"id":6230,"date":"2016-08-01T07:47:39","date_gmt":"2016-08-01T07:47:39","guid":{"rendered":"https:\/\/www.enaikoon.com\/?page_id=6230"},"modified":"2019-07-31T11:31:32","modified_gmt":"2019-07-31T11:31:32","slug":"rastreo-y-seguimiento","status":"publish","type":"page","link":"https:\/\/www.enaikoon.com\/es\/solucion\/industrias\/rastreo-y-seguimiento\/","title":{"rendered":"rastreo y seguimiento"},"content":{"rendered":"<div class=\"row row-slider\">\n\t\t\t<!-- START trackingtracing_es REVOLUTION SLIDER 6.6.16 --><p class=\"rs-p-wp-fix\"><\/p>\n\t\t\t<rs-module-wrap id=\"rev_slider_62_1_wrapper\" data-source=\"gallery\" style=\"visibility:hidden;background:transparent;padding:0;margin:0px auto;margin-top:0;margin-bottom:0;\">\n\t\t\t\t<rs-module id=\"rev_slider_62_1\" style=\"\" data-version=\"6.6.16\">\n\t\t\t\t\t<rs-slides style=\"overflow: hidden; position: absolute;\">\n\t\t\t\t\t\t<rs-slide style=\"position: absolute;\" data-key=\"rs-86\" data-title=\"banner\" data-anim=\"adpr:false;\">\n\t\t\t\t\t\t\t<img src=\"\/\/www.enaikoon.com\/wp-content\/plugins\/revslider\/public\/assets\/assets\/dummy.png\" alt=\"\" title=\"rastreo y seguimiento\" class=\"rev-slidebg tp-rs-img rs-lazyload\" data-lazyload=\"\/\/www.enaikoon.com\/wp-content\/uploads\/2016\/08\/Banner_construction_security.png\" data-no-retina>\n<!--\n\t\t\t\t\t\t\t--><rs-layer\n\t\t\t\t\t\t\t\tid=\"slider-62-slide-86-layer-1\" \n\t\t\t\t\t\t\t\tdata-type=\"image\"\n\t\t\t\t\t\t\t\tdata-rsp_ch=\"on\"\n\t\t\t\t\t\t\t\ttitle=\"Ruta de navegaci\u00f3n y seguimiento de forma sencilla\"\n\t\t\t\t\t\t\t\tdata-text=\"l:22;\"\n\t\t\t\t\t\t\t\tdata-dim=\"w:998px;h:300px;\"\n\t\t\t\t\t\t\t\tdata-frame_0=\"tp:600;\"\n\t\t\t\t\t\t\t\tdata-frame_1=\"tp:600;e:power2.inOut;st:500;\"\n\t\t\t\t\t\t\t\tdata-frame_999=\"o:0;tp:600;e:nothing;st:w;\"\n\t\t\t\t\t\t\t\tstyle=\"z-index:5;\"\n\t\t\t\t\t\t\t><img src=\"\/\/www.enaikoon.com\/wp-content\/plugins\/revslider\/public\/assets\/assets\/dummy.png\" alt=\"Ruta de navegaci\u00f3n y seguimiento de forma sencilla\" class=\"tp-rs-img rs-lazyload\" data-lazyload=\"\/wp-content\/uploads\/2016\/07\/Banner_construction_security.png\" data-no-retina> \n\t\t\t\t\t\t\t<\/rs-layer><!--\n\n\t\t\t\t\t\t\t--><rs-layer\n\t\t\t\t\t\t\t\tid=\"slider-62-slide-86-layer-2\" \n\t\t\t\t\t\t\t\tclass=\"medium-blue-text\"\n\t\t\t\t\t\t\t\tdata-type=\"text\"\n\t\t\t\t\t\t\t\tdata-color=\"rgba(70,180,231,1)\"\n\t\t\t\t\t\t\t\tdata-rsp_ch=\"on\"\n\t\t\t\t\t\t\t\tdata-xy=\"x:540px;y:60px;\"\n\t\t\t\t\t\t\t\tdata-text=\"s:32;l:34;fw:700;\"\n\t\t\t\t\t\t\t\tdata-frame_0=\"y:50px;tp:600;\"\n\t\t\t\t\t\t\t\tdata-frame_1=\"tp:600;e:power2.inOut;st:800;sp:500;\"\n\t\t\t\t\t\t\t\tdata-frame_999=\"o:1;tp:600;e:nothing;st:w;\"\n\t\t\t\t\t\t\t\tstyle=\"z-index:6;font-family:'Myriad Pro';color:#12B9FF !important;letter-spacing:0px !important;\"\n\t\t\t\t\t\t\t>Seguimiento y geolocalizaci\u00f3n: <br\/>listos para usarse \n\t\t\t\t\t\t\t<\/rs-layer><!--\n\n\t\t\t\t\t\t\t--><rs-layer\n\t\t\t\t\t\t\t\tid=\"slider-62-slide-86-layer-3\" \n\t\t\t\t\t\t\t\tclass=\"small-brown-text\"\n\t\t\t\t\t\t\t\tdata-type=\"text\"\n\t\t\t\t\t\t\t\tdata-color=\"rgba(143,143,143,1)\"\n\t\t\t\t\t\t\t\tdata-rsp_ch=\"on\"\n\t\t\t\t\t\t\t\tdata-xy=\"x:540px;y:142px;\"\n\t\t\t\t\t\t\t\tdata-text=\"s:16;l:20;\"\n\t\t\t\t\t\t\t\tdata-frame_0=\"y:50px;tp:600;\"\n\t\t\t\t\t\t\t\tdata-frame_1=\"tp:600;e:power2.inOut;st:800;sp:500;\"\n\t\t\t\t\t\t\t\tdata-frame_999=\"o:1;tp:600;e:nothing;st:w;\"\n\t\t\t\t\t\t\t\tstyle=\"z-index:7;font-family:'Myriad Pro';letter-spacing:1 !important;font-size:14.4px;line-height:17px;\"\n\t\t\t\t\t\t\t>Para controlar todo tipo de objetos en movimiento de manera <br\/>f\u00e1cil, asequible y fiable gracias a nuestro pr\u00e1ctico y c\u00f3modo <br\/>software, inViu web \n\t\t\t\t\t\t\t<\/rs-layer><!--\n\n\t\t\t\t\t\t\t--><rs-layer\n\t\t\t\t\t\t\t\tid=\"slider-62-slide-86-layer-4\" \n\t\t\t\t\t\t\t\tdata-type=\"text\"\n\t\t\t\t\t\t\t\tdata-color=\"rgba(255,255,255,1)\"\n\t\t\t\t\t\t\t\tdata-rsp_ch=\"on\"\n\t\t\t\t\t\t\t\tdata-xy=\"x:540px;y:205px;\"\n\t\t\t\t\t\t\t\tdata-text=\"l:22;\"\n\t\t\t\t\t\t\t\tdata-frame_0=\"y:50px;tp:600;\"\n\t\t\t\t\t\t\t\tdata-frame_1=\"tp:600;e:power2.inOut;st:800;sp:500;\"\n\t\t\t\t\t\t\t\tdata-frame_999=\"o:1;tp:600;e:nothing;st:w;\"\n\t\t\t\t\t\t\t\tstyle=\"z-index:8;font-family:'';\"\n\t\t\t\t\t\t\t><a class=\"gl_button_blue\" href=\"\/es\/solucion\/nuestros-servicios\/\">Nuestros servicios<\/a> \n\t\t\t\t\t\t\t<\/rs-layer><!--\n-->\t\t\t\t\t\t<\/rs-slide>\n\t\t\t\t\t<\/rs-slides>\n\t\t\t\t<\/rs-module>\n\t\t\t\t<script>\n\t\t\t\t\tsetREVStartSize({c: 'rev_slider_62_1',rl:[1240,1024,778,480],el:[],gw:[998],gh:[300],type:'standard',justify:'',layout:'fullwidth',mh:\"0\"});if (window.RS_MODULES!==undefined && window.RS_MODULES.modules!==undefined && window.RS_MODULES.modules[\"revslider621\"]!==undefined) {window.RS_MODULES.modules[\"revslider621\"].once = false;window.revapi62 = undefined;if (window.RS_MODULES.checkMinimal!==undefined) window.RS_MODULES.checkMinimal()}\n\t\t\t\t<\/script>\n\t\t\t<\/rs-module-wrap>\n\t\t\t<!-- END REVOLUTION SLIDER -->\n<\/div>\n<div style=\"height:40px;\">&nbsp;<\/div>\n<div class=\"row\">\n\n<div class=\"col-md-4\">\n<div class=\"gl_space_right10\">\n<div class=\"gl_h2big\">Nuestras soluciones ofrecen<\/div>\n<div class=\"gl_space_top10\"><\/div>\n<div class=\"gl_h4big\">rastreo de flotas<\/div>\n<div class=\"gl_ul_style2\">\n<ul>\n \t<li>localizaci\u00f3n en tiempo real<\/li>\n \t<li>registro de direcci\u00f3n, altitud y velocidad<\/li>\n \t<li>crear \u00abgeofences\u00bb ilimitadas: usar cercas virtuales que env\u00edan alarmas cuando se sale o entra<\/li>\n \t<li>informes de actividades exhaustivos<\/li>\n \t<li>puede dar acceso a terceras partes para monitorizar entregas o alquileres<\/li>\n<\/ul>\n<\/div>\n<div class=\"gl_space_top15\"><\/div>\n<div class=\"gl_h4big\">f\u00e1cil uso<\/div>\n<div class=\"gl_ul_style2\">\n<ul>\n \t<li>interfaz de usuario simple y atractiva<\/li>\n \t<li>completa customizaci\u00f3n del software<\/li>\n \t<li>no hay l\u00edmite de n\u00famero de veh\u00edculos o geofences<\/li>\n \t<li>acceso mediante tel\u00e9fono m\u00f3vil o navegador web<\/li>\n \t<li>configuraci\u00f3n sin cables<\/li>\n<\/ul>\n<\/div>\n<div class=\"gl_space_top15\"><\/div>\n<div class=\"gl_h4big\">protecci\u00f3n contra el robo<\/div>\n<div class=\"gl_ul_style2\">\n<ul>\n \t<li>soluci\u00f3n probada para la recuperaci\u00f3n de activos robados<\/li>\n \t<li>el dispositivo funciona cuando la ignici\u00f3n est\u00e1 apagada<\/li>\n \t<li>no m\u00e1s uso no autorizado<\/li>\n<\/ul>\n<\/div>\n<div class=\"gl_space_top60\"><\/div>\n<div class=\"gl_h2big\">M\u00e1s informaci\u00f3n<\/div>\n<div class=\"gl_space_top15\"><\/div>\n<div class=\"clearfix\">\n<div class=\"branch_sheet_img\">\n        <a rel=\"nofollow\" href=\"https:\/\/www.enaikoon.com\/uploads\/media\/ENAiKOON_hojas_de_temas_Transporte_y_logistica_01.pdf\" target=\"_blank\"><img decoding=\"async\" src=\"https:\/\/www.enaikoon.com\/wp-content\/uploads\/2016\/07\/Branch_sheets8.jpg\" alt=\"\" border=\"0\"> <\/a><\/div>\n<div class=\"branch_sheet_name\">\n       <a rel=\"nofollow\" href=\"https:\/\/www.enaikoon.com\/uploads\/media\/ENAiKOON_hojas_de_temas_Transporte_y_logistica_01.pdf\" target=\"_blank\">\ntransporte\ny logistica<\/a><\/div>\n<\/div>\n<\/div>\n<\/div>\n\n<div class=\"col-md-4\">\n<div class=\"gl_space_right10\">\n<div class=\"gl_h2big\">Usos en los\nsectores<\/div>\n<div class=\"gl_space_top10\"><\/div>\n<div class=\"gl_h4big\">industries<\/div>\n<div class=\"gl_ul_style2\">\n<ul>\n \t<li>log\u00edstica y transporte<\/li>\n \t<li>empresas de alquiler<\/li>\n \t<li>flotas comerciales<\/li>\n \t<li>empresas de correo<\/li>\n \t<li>servicio de taxi y limusinas<\/li>\n \t<li>empresas de gr\u00faas<\/li>\n<\/ul>\n<\/div>\n<div class=\"gl_space_top25\"><\/div>\n<div class=\"gl_h2big\">Lo que opinan\nnuestros usuarios&#8230;<\/div>\n<div class=\"gl_space_top10\"><\/div>\n<div class=\"gl_industry\">\n<div class=\"gl_industry_image\"><a href=\"https:\/\/www.enaikoon.com\/es\/solucion\/casos-practicos\/planificacion-y-coordinacion\/\" title=\"Coordinaci\u00f3n\"><img decoding=\"async\" src=\"https:\/\/www.enaikoon.com\/wp-content\/uploads\/2016\/07\/industry6.jpg\" alt=\"Coordinaci\u00f3n\"><\/a><\/div>\n<div class=\"gl_industry_text\">\n<p class=\"gl_h3big\"><a href=\"https:\/\/www.enaikoon.com\/es\/solucion\/casos-practicos\/planificacion-y-coordinacion\/\">Env\u00edos<\/a><\/p>\n\u00abCon las soluciones telem\u00e1ticas de ENAiKOON hemos mejorado el rendimiento de nuestros veh\u00edculos en un 40%.\u00bb\u00bb\n\n<\/div>\n<\/div>\n<div class=\"gl_industry\">\n<div class=\"gl_industry_image\"><a href=\"https:\/\/www.enaikoon.com\/es\/solucion\/casos-practicos\/seguridad-y-antirrobo\/\" title=\"security and theft protection\"><img decoding=\"async\" src=\"https:\/\/www.enaikoon.com\/wp-content\/uploads\/2016\/07\/industry13.jpg\" alt=\"security and theft protection\"><\/a><\/div>\n<div class=\"gl_industry_text\">\n<p class=\"gl_h3big\"><a href=\"https:\/\/www.enaikoon.com\/es\/solucion\/casos-practicos\/seguridad-y-antirrobo\/\">Seguridad y antirrobo<\/a><\/p>\n\u00abSin la soluci\u00f3n telem\u00e1tica ENAiKOON, no habr\u00edamos recuperado el coche. Esta inversi\u00f3n nos ha ahorrado much\u00edsimo dinero.\u00bb\n\n<\/div>\n<\/div>\n<div class=\"gl_row_space\"><\/div>\n<div style=\"height:110px;\"><\/div>\n<div class=\"clearfix\">\n<div class=\"branch_sheet_img\">\n        <a rel=\"nofollow\" href=\"https:\/\/www.enaikoon.com\/uploads\/media\/ENAiKOON_locate-04_hojas_de_datos.pdf\" target=\"_blank\"><img decoding=\"async\" src=\"https:\/\/www.enaikoon.com\/wp-content\/uploads\/2016\/07\/Branch_sheets9.jpg\" alt=\"\" border=\"0\"> <\/a><\/div>\n<div class=\"branch_sheet_name\">\n       <a rel=\"nofollow\" href=\"https:\/\/www.enaikoon.com\/uploads\/media\/ENAiKOON_locate-04_hojas_de_datos.pdf\" target=\"_blank\">hoja de datos\nlocate-04<\/a><\/div>\n<\/div>\n<\/div>\n<\/div>\n\n<div class=\"col-md-4\">\n<div class=\"gl_enaikoon_logo\"><img decoding=\"async\" src=\"https:\/\/www.enaikoon.com\/wp-content\/uploads\/2016\/07\/ENAiKOON-frosted-logo.png\" alt=\"\"><\/div>\n<div><a class=\"gl_button_blue\" href=\"https:\/\/www.enaikoon.com\/es\/contacto\/contacto\/\">cont\u00e1ctenos<\/a><\/div>\n<div class=\"gl_introduction_contact\">\n                    <img decoding=\"async\" src=\"https:\/\/www.enaikoon.com\/wp-content\/uploads\/2016\/07\/icon_email.png\">\n<p class=\"gl_text_space\"><a rel=\"nofollow\" href=\"mailto:sales@enaikoon.com\">sales@enaikoon.com<\/a><\/p>\n\n\n<\/div>\n<div class=\"gl_introduction_contact\">\n<p class=\"gl_text_space\"><img decoding=\"async\" src=\"https:\/\/www.enaikoon.com\/wp-content\/uploads\/2016\/07\/icon_phone1.png\" alt=\"\">\n+49 30 397475-30\n\n<\/div>\n<div class=\"gl_introduction_contact\">\n<p class=\"gl_text_space\"><img decoding=\"async\" src=\"https:\/\/www.enaikoon.com\/wp-content\/uploads\/2016\/07\/icon_phone2.png\" alt=\"\">\n+49 30 397475-40\n\n<\/div>\n<div class=\"gl_space_top20\"><\/div>\n<div class=\"gl_space_top20\"><\/div>\n<div><a class=\"gl_button_blue\" href=\"https:\/\/www.enaikoon.com\/es\/solucion\/industrias\/\">volver a industrias<\/a><\/div>\n<div class=\"gl_space_top20\"><\/div>\n<p class=\"gl_space_right20\">Descubra todas las posibilidades y lo sencillo que es de usar nuestro portal web inViu pro, simplemente haga clic en el bot\u00f3n que aparece abajo y en la siguiente pantalla seleccione la opci\u00f3n de demo.<\/p>\n\n<div><a class=\"gl_button_yellow\" rel=\"nofollow\" href=\"https:\/\/sso.enaikoon.de\/SSOServer\/?locale=es&amp;demo=1\" target=\"_blank\">inViu pro demo<\/a><\/div>\n<div style=\"height:60px;\"><\/div>\n<div>\n                 <a href=\"https:\/\/www.enaikoon.com\/es\/contacto\/prueba-gratuita\/\" title=\"Try out the app for free!\"><img decoding=\"async\" class=\"gl_space_left30\" src=\"https:\/\/www.enaikoon.com\/wp-content\/uploads\/2016\/07\/Try-n-Buy-icon_11.png\" alt=\"free trial for field service app\" border=\"0\"><\/a><\/div>\n<div class=\"gl_space_top15\"><\/div>\n<div class=\"gl_h4big\"><a href=\"https:\/\/www.enaikoon.com\/es\/contacto\/prueba-gratuita\/\" target=\"_self\">Kit de prueba gratuito<\/a><\/div>\n<p class=\"gl_space_right20\">inViu demo es el primer paso para conseguir una soluci\u00f3n telem\u00e1tica\nde ENAiKOON.\n\n<a href=\"https:\/\/www.enaikoon.com\/es\/contacto\/prueba-gratuita\/\">\u00a1Solicite ahora un kit de prueba\ngratuito!<\/a>\n\n<\/div>\n<div class=\"gl_row_space\"><\/div>\n<div class=\"gl_line\"><\/div>\n<\/div>\n<div class=\"gl_h2big\">C\u00f3mo funciona<\/div>\n<div class=\"row\">\n\n<div class=\"col-md-4\">\n<div class=\"gl_space_top10\"><\/div>\n<div class=\"gl_h4_fix\"><a href=\"https:\/\/www.enaikoon.com\/es\/dispositivos\/gama-locate\/locate-04\/\">instale el locate-04 en su veh\u00edculo<\/a><\/div>\n<div class=\"gl_space_top15\"><\/div>\n<a href=\"https:\/\/www.enaikoon.com\/es\/dispositivos\/gama-locate\/locate-04\/\" title=\"inViu routes: localizar cualquier objeto y an\u00e1lisis de sus datos\"><img decoding=\"async\" loading=\"lazy\" src=\"https:\/\/www.enaikoon.com\/wp-content\/uploads\/2016\/07\/branch16.png\" alt=\"iniciar el seguimiento de rutas con inViu routes\" width=\"310\" height=\"310\" border=\"0\"><\/a>\n<\/div>\n<div class=\"col-md-4\">\n<div class=\"gl_space_top10\"><\/div>\n<div class=\"gl_h4_fix\"><a href=\"https:\/\/www.enaikoon.com\/es\/software-es\/inviu-pro\/\">acceda a inViu web desde la web o smartphone<\/a><\/div>\n<div class=\"gl_space_top15\"><\/div>\n<a href=\"https:\/\/www.enaikoon.com\/es\/software-es\/inviu-pro\/\" title=\"ENAiKOON inViu: una potente software de gesti\u00f3n de flota y de monitoreo\"><img decoding=\"async\" loading=\"lazy\" src=\"https:\/\/www.enaikoon.com\/wp-content\/uploads\/2016\/07\/branch17.png\" alt=\"inViu de ENAiKOON es el portal internet de gesti\u00f3n de flota y seguimiento\" width=\"310\" height=\"310\" border=\"0\"><\/a>\n<\/div>\n<div class=\"col-md-4\">\n<div class=\"gl_space_top10\"><\/div>\n<div class=\"gl_h4_fix\"><a href=\"https:\/\/www.enaikoon.com\/es\/movil\/inviu-movile\/\">inicie el rastreo y el uso de funciones<\/a><\/div>\n<div class=\"gl_space_top15\"><\/div>\n<a href=\"https:\/\/www.enaikoon.com\/es\/movil\/\" title=\"ENAiKOON m\u00f3vil: proteger f\u00e1cilmente su negocio, manteniendo un ojo en tanto su equipo y su activos utilizando nuestras aplicaciones empresariales m\u00f3viles.\"><img decoding=\"async\" loading=\"lazy\" src=\"https:\/\/www.enaikoon.com\/wp-content\/uploads\/2016\/07\/branch18.png\" alt=\"ENAiKOON m\u00f3vil: proteger f\u00e1cilmente su negocio, manteniendo un ojo en tanto su equipo y su activos utilizando nuestras aplicaciones empresariales m\u00f3viles.\" width=\"310\" height=\"310\" border=\"0\"><\/a>\n<\/div>\n<\/div>\n<div class=\"row\">\n<div class=\"col-md-4\">\nLa instalaci\u00f3n es bastante simple y una vez instalado casi no requiere mantenimiento. El dispositivo env\u00eda datos de la m\u00e1quina a nuestros servidores seguros en Berl\u00edn, Alemania. Los datos se cargan en nuestro software backend, inViu web.\n<\/div>\n<div class=\"col-md-4\">\nControl remoto y gesti\u00f3n de sus bienes en cualquier momento, en cualquier sitio, con inViu integrado f\u00e1cilmente en su negocio. Una gran variedad de plugins de software le permite crear soluciones telem\u00e1ticas a medida dise\u00f1adas para sus necesidades.            <\/div>\n<div class=\"col-md-4\">\nMonitorice sus veh\u00edculos y conductores en tiempo real, cree geofences y tome control de las actividades de su negocio. La imagen de arriba muestra una geofence usada a lo largo de la frontera entre Alemania y Polonia, si un cami\u00f3n sale o entra, se env\u00eda una alerta instant\u00e1nea.\n<\/div>\n<div class=\"gl_space_pagebot\">&nbsp;<\/div>\n<\/div>","protected":false},"excerpt":{"rendered":"<p> [&hellip;]<\/p>\n","protected":false},"author":7,"featured_media":0,"parent":6217,"menu_order":0,"comment_status":"closed","ping_status":"closed","template":"","meta":{"footnotes":""},"acf":[],"_links":{"self":[{"href":"https:\/\/www.enaikoon.com\/es\/wp-json\/wp\/v2\/pages\/6230"}],"collection":[{"href":"https:\/\/www.enaikoon.com\/es\/wp-json\/wp\/v2\/pages"}],"about":[{"href":"https:\/\/www.enaikoon.com\/es\/wp-json\/wp\/v2\/types\/page"}],"author":[{"embeddable":true,"href":"https:\/\/www.enaikoon.com\/es\/wp-json\/wp\/v2\/users\/7"}],"replies":[{"embeddable":true,"href":"https:\/\/www.enaikoon.com\/es\/wp-json\/wp\/v2\/comments?post=6230"}],"version-history":[{"count":13,"href":"https:\/\/www.enaikoon.com\/es\/wp-json\/wp\/v2\/pages\/6230\/revisions"}],"predecessor-version":[{"id":17135,"href":"https:\/\/www.enaikoon.com\/es\/wp-json\/wp\/v2\/pages\/6230\/revisions\/17135"}],"up":[{"embeddable":true,"href":"https:\/\/www.enaikoon.com\/es\/wp-json\/wp\/v2\/pages\/6217"}],"wp:attachment":[{"href":"https:\/\/www.enaikoon.com\/es\/wp-json\/wp\/v2\/media?parent=6230"}],"curies":[{"name":"wp","href":"https:\/\/api.w.org\/{rel}","templated":true}]}}