{"id":6228,"date":"2016-08-01T07:46:30","date_gmt":"2016-08-01T07:46:30","guid":{"rendered":"https:\/\/www.enaikoon.com\/?page_id=6228"},"modified":"2019-07-31T11:22:32","modified_gmt":"2019-07-31T11:22:32","slug":"contenedores","status":"publish","type":"page","link":"https:\/\/www.enaikoon.com\/es\/solucion\/industrias\/contenedores\/","title":{"rendered":"contenedores"},"content":{"rendered":"<div class=\"row row-slider\">\n\t\t\t<!-- START container_es REVOLUTION SLIDER 6.6.16 --><p class=\"rs-p-wp-fix\"><\/p>\n\t\t\t<rs-module-wrap id=\"rev_slider_61_1_wrapper\" data-source=\"gallery\" style=\"visibility:hidden;background:transparent;padding:0;margin:0px auto;margin-top:0;margin-bottom:0;\">\n\t\t\t\t<rs-module id=\"rev_slider_61_1\" style=\"\" data-version=\"6.6.16\">\n\t\t\t\t\t<rs-slides style=\"overflow: hidden; position: absolute;\">\n\t\t\t\t\t\t<rs-slide style=\"position: absolute;\" data-key=\"rs-85\" data-title=\"banner\" data-anim=\"adpr:false;\">\n\t\t\t\t\t\t\t<img src=\"\/\/www.enaikoon.com\/wp-content\/plugins\/revslider\/public\/assets\/assets\/dummy.png\" alt=\"\" title=\"contenedores\" class=\"rev-slidebg tp-rs-img rs-lazyload\" data-lazyload=\"\/\/www.enaikoon.com\/wp-content\/uploads\/2016\/08\/Banner_container.png\" data-no-retina>\n<!--\n\t\t\t\t\t\t\t--><rs-layer\n\t\t\t\t\t\t\t\tid=\"slider-61-slide-85-layer-1\" \n\t\t\t\t\t\t\t\tdata-type=\"image\"\n\t\t\t\t\t\t\t\tdata-rsp_ch=\"on\"\n\t\t\t\t\t\t\t\ttitle=\"F\u00e1cil seguimiento de contenedores con soluciones de ENAiKOON\"\n\t\t\t\t\t\t\t\tdata-text=\"l:22;\"\n\t\t\t\t\t\t\t\tdata-dim=\"w:998px;h:300px;\"\n\t\t\t\t\t\t\t\tdata-frame_0=\"tp:600;\"\n\t\t\t\t\t\t\t\tdata-frame_1=\"tp:600;e:power2.inOut;st:500;\"\n\t\t\t\t\t\t\t\tdata-frame_999=\"o:0;tp:600;e:nothing;st:w;\"\n\t\t\t\t\t\t\t\tstyle=\"z-index:5;\"\n\t\t\t\t\t\t\t><img src=\"\/\/www.enaikoon.com\/wp-content\/plugins\/revslider\/public\/assets\/assets\/dummy.png\" alt=\"F\u00e1cil seguimiento de contenedores con soluciones de ENAiKOON\" class=\"tp-rs-img rs-lazyload\" data-lazyload=\"\/wp-content\/uploads\/2016\/07\/Banner_container.png\" data-no-retina> \n\t\t\t\t\t\t\t<\/rs-layer><!--\n\n\t\t\t\t\t\t\t--><rs-layer\n\t\t\t\t\t\t\t\tid=\"slider-61-slide-85-layer-2\" \n\t\t\t\t\t\t\t\tclass=\"medium-blue-text\"\n\t\t\t\t\t\t\t\tdata-type=\"text\"\n\t\t\t\t\t\t\t\tdata-color=\"rgba(70,180,231,1)\"\n\t\t\t\t\t\t\t\tdata-rsp_ch=\"on\"\n\t\t\t\t\t\t\t\tdata-xy=\"x:540px;y:60px;\"\n\t\t\t\t\t\t\t\tdata-text=\"s:32;l:34;fw:700;\"\n\t\t\t\t\t\t\t\tdata-frame_0=\"y:50px;tp:600;\"\n\t\t\t\t\t\t\t\tdata-frame_1=\"tp:600;e:power2.inOut;st:800;sp:500;\"\n\t\t\t\t\t\t\t\tdata-frame_999=\"o:1;tp:600;e:nothing;st:w;\"\n\t\t\t\t\t\t\t\tstyle=\"z-index:6;font-family:'Myriad Pro';color:#12B9FF !important;letter-spacing:0px !important;\"\n\t\t\t\t\t\t\t>Localizaci\u00f3n y gesti\u00f3n de <br\/>contenedores\n \n\t\t\t\t\t\t\t<\/rs-layer><!--\n\n\t\t\t\t\t\t\t--><rs-layer\n\t\t\t\t\t\t\t\tid=\"slider-61-slide-85-layer-3\" \n\t\t\t\t\t\t\t\tclass=\"small-brown-text\"\n\t\t\t\t\t\t\t\tdata-type=\"text\"\n\t\t\t\t\t\t\t\tdata-color=\"rgba(143,143,143,1)\"\n\t\t\t\t\t\t\t\tdata-rsp_ch=\"on\"\n\t\t\t\t\t\t\t\tdata-xy=\"x:540px;y:144px;\"\n\t\t\t\t\t\t\t\tdata-text=\"s:16;l:20;\"\n\t\t\t\t\t\t\t\tdata-frame_0=\"y:50px;tp:600;\"\n\t\t\t\t\t\t\t\tdata-frame_1=\"tp:600;e:power2.inOut;st:800;sp:500;\"\n\t\t\t\t\t\t\t\tdata-frame_999=\"o:1;tp:600;e:nothing;st:w;\"\n\t\t\t\t\t\t\t\tstyle=\"z-index:7;font-family:'Myriad Pro';letter-spacing:1 !important;font-size:14.4px;line-height:17px;\"\n\t\t\t\t\t\t\t>Compruebe como la integraci\u00f3n de la telem\u00e1tica en su negocio <br\/>puede ahorrarle tiempo y dinero \n\t\t\t\t\t\t\t<\/rs-layer><!--\n\n\t\t\t\t\t\t\t--><rs-layer\n\t\t\t\t\t\t\t\tid=\"slider-61-slide-85-layer-4\" \n\t\t\t\t\t\t\t\tdata-type=\"text\"\n\t\t\t\t\t\t\t\tdata-color=\"rgba(255,255,255,1)\"\n\t\t\t\t\t\t\t\tdata-rsp_ch=\"on\"\n\t\t\t\t\t\t\t\tdata-xy=\"x:540px;y:192px;\"\n\t\t\t\t\t\t\t\tdata-text=\"l:22;\"\n\t\t\t\t\t\t\t\tdata-frame_0=\"y:50px;tp:600;\"\n\t\t\t\t\t\t\t\tdata-frame_1=\"tp:600;e:power2.inOut;st:800;sp:500;\"\n\t\t\t\t\t\t\t\tdata-frame_999=\"o:1;tp:600;e:nothing;st:w;\"\n\t\t\t\t\t\t\t\tstyle=\"z-index:8;font-family:'';\"\n\t\t\t\t\t\t\t><a class=\"gl_button_blue\" href=\"\/es\/solucion\/nuestros-servicios\/\">Nuestros servicios<\/a> \n\t\t\t\t\t\t\t<\/rs-layer><!--\n-->\t\t\t\t\t\t<\/rs-slide>\n\t\t\t\t\t<\/rs-slides>\n\t\t\t\t<\/rs-module>\n\t\t\t\t<script>\n\t\t\t\t\tsetREVStartSize({c: 'rev_slider_61_1',rl:[1240,1024,778,480],el:[],gw:[998],gh:[300],type:'standard',justify:'',layout:'fullwidth',mh:\"0\"});if (window.RS_MODULES!==undefined && window.RS_MODULES.modules!==undefined && window.RS_MODULES.modules[\"revslider611\"]!==undefined) {window.RS_MODULES.modules[\"revslider611\"].once = false;window.revapi61 = undefined;if (window.RS_MODULES.checkMinimal!==undefined) window.RS_MODULES.checkMinimal()}\n\t\t\t\t<\/script>\n\t\t\t<\/rs-module-wrap>\n\t\t\t<!-- END REVOLUTION SLIDER -->\n<\/div>\n<div style=\"height:40px;\">&nbsp;<\/div>\n<div class=\"row\">\n\n<div class=\"col-md-4\">\n<div class=\"gl_space_right10\">\n<div class=\"gl_h2big\">Nuestras soluciones ofrecen<\/div>\n<div class=\"gl_space_top10\"><\/div>\n<div class=\"gl_h4big\">posicionamiento GPS<\/div>\n<div class=\"gl_ul_style2\">\n<ul type=\"square\">\n \t<li>localizaci\u00f3n de activos<\/li>\n \t<li>muestra en el mapa<\/li>\n \t<li>funci\u00f3n de geofence para monitorizar movimientos<\/li>\n \t<li>rastreo de rutas y env\u00edos<\/li>\n \t<li>gesti\u00f3n de la cadena de suministros<\/li>\n<\/ul>\n<\/div>\n<div class=\"gl_space_top15\"><\/div>\n<div class=\"gl_h4big\">gesti\u00f3n de contenedores<\/div>\n<div class=\"gl_ul_style2\">\n<ul type=\"square\">\n \t<li>gesti\u00f3n de contenedores log\u00edsticos<\/li>\n \t<li>gesti\u00f3n de m\u00faltiples contenedores y grupos<\/li>\n \t<li>gesti\u00f3n de varias localizaciones y grupos de clientes<\/li>\n<\/ul>\n<\/div>\n<div class=\"gl_space_top15\"><\/div>\n<div class=\"gl_h4big\">horas operativas<\/div>\n<div class=\"gl_ul_style2\">\n<ul type=\"square\">\n \t<li>control del tiempo real de intervalos de mantenimiento<\/li>\n \t<li>registro simple de horas operativas de todas las m\u00e1quinas, camiones, equipos hidr\u00e1ulicos, etc.<\/li>\n<\/ul>\n<\/div>\n<div class=\"gl_space_top15\"><\/div>\n<div class=\"gl_h4big\">mensajes de estado<\/div>\n<div class=\"gl_ul_style2\">\n<ul type=\"square\">\n \t<li>niveles (p.ej. 75% \/ lleno)<\/li>\n \t<li>aver\u00edas<\/li>\n \t<li>transporte<\/li>\n<\/ul>\n<\/div>\n<div class=\"gl_space_top15\"><\/div>\n<div class=\"gl_h4big\">monitorizaci\u00f3n de robos<\/div>\n<div class=\"gl_ul_style2\">\n<ul type=\"square\">\n \t<li>monitorizaci\u00f3n de \u00e1rea con geofences<\/li>\n \t<li>detecci\u00f3n de movimiento con sensor de vibraci\u00f3n<\/li>\n \t<li>alarma para uso no autorizado<\/li>\n \t<li>desconexi\u00f3n remota<\/li>\n<\/ul>\n<\/div>\n<\/div>\n<\/div>\n\n<div class=\"col-md-4\">\n<div class=\"gl_h2big\">Lo que opinan\nnuestros usuarios&#8230;<\/div>\n<div class=\"gl_space_top10\"><\/div>\n<div class=\"gl_industry\">\n<div class=\"gl_industry_image\"><a rel=\"nofollow\" href=\"https:\/\/www.enaikoon.com\/solution\/case-studies\/gps-container-tracking\/\" title=\"Container management\"><img decoding=\"async\" src=\"https:\/\/www.enaikoon.com\/wp-content\/uploads\/2016\/07\/industry12.png\" alt=\"Container management\" border=\"0\"><\/a><\/div>\n<div class=\"gl_industry_text\">\n<p class=\"gl_h3big\"><a rel=\"nofollow\" href=\"https:\/\/www.enaikoon.com\/solution\/case-studies\/gps-container-tracking\/\">Gesti\u00f3n de contenedores<\/a><\/p>\n\u00abCon el dispositivo independiente de rastreo ENAiKOON locate-15, recibimos cada d\u00eda una actualizaci\u00f3n de localizaci\u00f3n actual de todos nuestros contenedores. Esto es perfecto para la gesti\u00f3n de nuestros contenedores.\u00bb\n\n<\/div>\n<\/div>\n<div class=\"gl_industry\">\n<div class=\"gl_industry_image\"><a rel=\"nofollow\" href=\"https:\/\/www.enaikoon.com\/solution\/case-studies\/fleet-maintenance-management\/\" title=\"Programa de mantenimiento\"><img decoding=\"async\" src=\"https:\/\/www.enaikoon.com\/wp-content\/uploads\/2016\/07\/industry7.jpg\" alt=\"Programa de mantenimiento\" border=\"0\"><\/a><\/div>\n<div class=\"gl_industry_text\">\n<p class=\"gl_h3big\"><a rel=\"nofollow\" href=\"https:\/\/www.enaikoon.com\/solution\/case-studies\/fleet-maintenance-management\/\">Programa de mantenimiento<\/a><\/p>\n\u00abPodemos planificar cada inspecci\u00f3n y rutina de mantenimiento incluidas en nuestro plan completo de servicio, determinado por fechas, horas operativas o distancia recorrida.\u00bb\n\n<\/div>\n<\/div>\n<div class=\"gl_h2big\">Ficha de tema<\/div>\n<div class=\"gl_space_top10\"><\/div>\n<div class=\"clearfix\">\n<div class=\"branch_sheet_img\">\n        <a rel=\"nofollow\" href=\"https:\/\/www.enaikoon.com\/uploads\/media\/ENAiKOON_hojas_de_aplicaciones_Servicio_de_contenedores.pdf\" target=\"_blank\"><img decoding=\"async\" src=\"https:\/\/www.enaikoon.com\/wp-content\/uploads\/2016\/07\/Branch_sheets7.jpg\" alt=\"\" border=\"0\"> <\/a><\/div>\n<div class=\"branch_sheet_name\">\n        <a rel=\"nofollow\" href=\"https:\/\/www.enaikoon.com\/uploads\/media\/ENAiKOON_hojas_de_aplicaciones_Servicio_de_contenedores.pdf\" target=\"_blank\">contenodores<\/a><\/div>\n<\/div>\n<\/div>\n\n<div class=\"col-md-4\">\n<div class=\"gl_enaikoon_logo\"><img decoding=\"async\" src=\"https:\/\/www.enaikoon.com\/wp-content\/uploads\/2016\/07\/ENAiKOON-frosted-logo.png\" alt=\"\"><\/div>\n<div><a class=\"gl_button_blue\" href=\"https:\/\/www.enaikoon.com\/es\/contacto\/contacto\/\">cont\u00e1ctenos<\/a><\/div>\n<div class=\"gl_introduction_contact\">\n                    <img decoding=\"async\" src=\"https:\/\/www.enaikoon.com\/wp-content\/uploads\/2016\/07\/icon_email.png\" alt=\"\">\n<p class=\"gl_text_space\"><a rel=\"nofollow\" href=\"mailto:sales@enaikoon.com\">sales@enaikoon.com<\/a><\/p>\n\n\n<\/div>\n<div class=\"gl_introduction_contact\">\n<p class=\"gl_text_space\"><img decoding=\"async\" src=\"https:\/\/www.enaikoon.com\/wp-content\/uploads\/2016\/07\/icon_phone1.png\" alt=\"\">\n+49 30 397475-30\n\n<\/div>\n<div class=\"gl_introduction_contact\">\n<p class=\"gl_text_space\"><img decoding=\"async\" src=\"https:\/\/www.enaikoon.com\/wp-content\/uploads\/2016\/07\/icon_phone2.png\" alt=\"\">\n+49 30 397475-40\n\n<\/div>\n<div class=\"gl_space_top20\"><\/div>\n<div class=\"gl_space_top20\"><\/div>\n<div><a class=\"gl_button_blue\" href=\"https:\/\/www.enaikoon.com\/es\/solucion\/industrias\/\">volver a industrias<\/a><\/div>\n<div class=\"gl_space_top20\"><\/div>\n<p class=\"gl_space_right20\">Descubra todas las posibilidades y lo sencillo que es de usar nuestro   portal web inViu pro, simplemente haga clic en el bot\u00f3n que aparece   abajo y en la siguiente pantalla seleccione la opci\u00f3n de demo.<\/p>\n\n<div><a class=\"gl_button_yellow\" rel=\"nofollow\" href=\"https:\/\/sso.enaikoon.de\/SSOServer\/?locale=es&amp;demo=1\" target=\"_blank\">inViu pro demo<\/a><\/div>\n<div style=\"height:60px;\"><\/div>\n<div>\n                 <a href=\"https:\/\/www.enaikoon.com\/es\/contacto\/prueba-gratuita\/\" title=\"Try out the app for free!\"><img decoding=\"async\" class=\"gl_space_left30\" src=\"https:\/\/www.enaikoon.com\/wp-content\/uploads\/2016\/07\/Try-n-Buy-icon_11.png\" alt=\"free trial for field service app\" border=\"0\"><\/a><\/div>\n<div class=\"gl_space_top15\"><\/div>\n<div class=\"gl_h4big\"><a href=\"https:\/\/www.enaikoon.com\/es\/contacto\/prueba-gratuita\/\" target=\"_self\">Kit de prueba gratuito<\/a><\/div>\n<p class=\"gl_space_right30\">inViu demo es el primer paso para conseguir una soluci\u00f3n telem\u00e1tica\nde ENAiKOON.\n\n<a href=\"https:\/\/www.enaikoon.com\/es\/contacto\/prueba-gratuita\/\">\u00a1Solicite ahora un kit de prueba gratuito!<\/a>\n\n<\/div>\n<div class=\"gl_row_space\"><\/div>\n<div class=\"gl_line\"><\/div>\n<\/div>\n<div class=\"gl_h2big\">C\u00f3mo funciona<\/div>\n<div class=\"row\">\n\n<div class=\"col-md-4\">\n<div class=\"gl_space_top10\"><\/div>\n<div class=\"gl_h4_fix\"><span style=\"letter-spacing:0px;\">recopilaci\u00f3n y env\u00edo de informaci\u00f3n desde dispositivos de rastreo<\/span><\/div>\n<div class=\"gl_space_top15\"><\/div>\n<a href=\"https:\/\/www.enaikoon.com\/es\/dispositivos\/gama-locate\/locate-04\/\" title=\"dispositivos GPS de ENAiKOON: localizan cualquier trackable y analizan sus datos\"><img decoding=\"async\" loading=\"lazy\" src=\"https:\/\/www.enaikoon.com\/wp-content\/uploads\/2016\/07\/branch13.png\" alt=\"dispositivos ENAiKOON: la tecnolog\u00eda avanzada de los dispositivos permiten localizar y analizar una amplia gama de datos\" width=\"310\" height=\"310\" border=\"0\"><\/a>\n<\/div>\n<div class=\"col-md-4\">\n<div class=\"gl_space_top10\"><\/div>\n<div class=\"gl_h4_fix\">toda la informaci\u00f3n importante disponible en un vistazo<\/div>\n<div class=\"gl_space_top15\"><\/div>\n<a href=\"https:\/\/www.enaikoon.com\/es\/software-es\/inviu-pro\/\" title=\"inViu es el portal online de gesti\u00f3n y rastreo de flotas de ENAiKOON\"><img decoding=\"async\" loading=\"lazy\" src=\"https:\/\/www.enaikoon.com\/wp-content\/uploads\/2016\/07\/branch14.png\" alt=\"inViu es el portal online de gesti\u00f3n y rastreo de flotas de ENAiKOON\" width=\"310\" height=\"310\" border=\"0\"><\/a>\n<\/div>\n<div class=\"col-md-4\">\n<div class=\"gl_space_top10\"><\/div>\n<div class=\"gl_h4_fix\">gesti\u00f3n de empleados y acceso a datos m\u00f3viles<\/div>\n<div class=\"gl_space_top15\"><\/div>\n<a href=\"https:\/\/www.enaikoon.com\/es\/movil\/\" title=\"Con nuestra amplia gama de aplicaciones m\u00f3viles puede controlar y gestionar su equipo f\u00e1cilmente, a la vez que protege sus m\u00e1quinas.\"><img decoding=\"async\" loading=\"lazy\" src=\"https:\/\/www.enaikoon.com\/wp-content\/uploads\/2016\/07\/branch15.png\" alt=\"Con nuestra amplia gama de aplicaciones m\u00f3viles puede controlar y gestionar su equipo f\u00e1cilmente, a la vez que protege sus m\u00e1quinas.\" width=\"310\" height=\"310\" border=\"0\"><\/a>\n<\/div>\n<\/div>\n<div class=\"row\">\n<div class=\"col-md-4\">\nLas caracter\u00edsticas avanzadas y   t\u00e9cnicas de nuestros dispositivos permiten localizar y analizar una   amplia gama de datos remotos. El dispositivo de rastreo <a href=\"https:\/\/www.enaikoon.com\/es\/dispositivos\/gama-locate\/locate-04\/\" title=\"Abre el enlace interno en la ventana actual\" target=\"_blank\">ENAiKOON locate-04<\/a> representa la base y se puede optimizar con el accesorio adecuado.\n<\/div>\n<div class=\"col-md-4\">\nControl remoto y gesti\u00f3n de sus bienes   en cualquier momento, en cualquier sitio, con inViu integrado   f\u00e1cilmente en su negocio. Una gran variedad de plugins de software le   permite crear soluciones telem\u00e1ticas a medida dise\u00f1adas para sus   necesidades.\n<\/div>\n<div class=\"col-md-4\">\nEl software para tel\u00e9fonos   m\u00f3viles complementa las soluciones telem\u00e1ticas modernas de ENAiKOON. Por   una parte, la app inViu routes env\u00eda la informaci\u00f3n de localizaci\u00f3n de   sus contenedores al portal online inViu web; por otra parte, muestra la   ubicaci\u00f3n de todos sus contenedores y equipos de log\u00edstica.\n<\/div>\n<div class=\"gl_space_pagebot\">&nbsp;<\/div>\n<\/div>","protected":false},"excerpt":{"rendered":"<p> [&hellip;]<\/p>\n","protected":false},"author":7,"featured_media":0,"parent":6217,"menu_order":0,"comment_status":"closed","ping_status":"closed","template":"","meta":{"footnotes":""},"acf":[],"_links":{"self":[{"href":"https:\/\/www.enaikoon.com\/es\/wp-json\/wp\/v2\/pages\/6228"}],"collection":[{"href":"https:\/\/www.enaikoon.com\/es\/wp-json\/wp\/v2\/pages"}],"about":[{"href":"https:\/\/www.enaikoon.com\/es\/wp-json\/wp\/v2\/types\/page"}],"author":[{"embeddable":true,"href":"https:\/\/www.enaikoon.com\/es\/wp-json\/wp\/v2\/users\/7"}],"replies":[{"embeddable":true,"href":"https:\/\/www.enaikoon.com\/es\/wp-json\/wp\/v2\/comments?post=6228"}],"version-history":[{"count":11,"href":"https:\/\/www.enaikoon.com\/es\/wp-json\/wp\/v2\/pages\/6228\/revisions"}],"predecessor-version":[{"id":17128,"href":"https:\/\/www.enaikoon.com\/es\/wp-json\/wp\/v2\/pages\/6228\/revisions\/17128"}],"up":[{"embeddable":true,"href":"https:\/\/www.enaikoon.com\/es\/wp-json\/wp\/v2\/pages\/6217"}],"wp:attachment":[{"href":"https:\/\/www.enaikoon.com\/es\/wp-json\/wp\/v2\/media?parent=6228"}],"curies":[{"name":"wp","href":"https:\/\/api.w.org\/{rel}","templated":true}]}}