{"id":6226,"date":"2016-08-01T07:45:42","date_gmt":"2016-08-01T07:45:42","guid":{"rendered":"https:\/\/www.enaikoon.com\/?page_id=6226"},"modified":"2019-07-31T10:52:49","modified_gmt":"2019-07-31T10:52:49","slug":"planificacion-logistica","status":"publish","type":"page","link":"https:\/\/www.enaikoon.com\/es\/solucion\/industrias\/planificacion-logistica\/","title":{"rendered":"planificaci\u00f3n log\u00edstica"},"content":{"rendered":"\n<div class=\"row row-slider\">\n\t\t\t<!-- START fleettelematics_es REVOLUTION SLIDER 6.6.16 --><p class=\"rs-p-wp-fix\"><\/p>\n\t\t\t<rs-module-wrap id=\"rev_slider_60_1_wrapper\" data-source=\"gallery\" style=\"visibility:hidden;background:transparent;padding:0;margin:0px auto;margin-top:0;margin-bottom:0;\">\n\t\t\t\t<rs-module id=\"rev_slider_60_1\" style=\"\" data-version=\"6.6.16\">\n\t\t\t\t\t<rs-slides style=\"overflow: hidden; position: absolute;\">\n\t\t\t\t\t\t<rs-slide style=\"position: absolute;\" data-key=\"rs-84\" data-title=\"banner\" data-anim=\"adpr:false;\">\n\t\t\t\t\t\t\t<img src=\"\/\/www.enaikoon.com\/wp-content\/plugins\/revslider\/public\/assets\/assets\/dummy.png\" alt=\"\" title=\"planificaci\u00f3n log\u00edstica\" class=\"rev-slidebg tp-rs-img rs-lazyload\" data-lazyload=\"\/\/www.enaikoon.com\/wp-content\/uploads\/2016\/07\/Banner_Fleet.png\" data-no-retina>\n<!--\n\t\t\t\t\t\t\t--><rs-layer\n\t\t\t\t\t\t\t\tid=\"slider-60-slide-84-layer-1\" \n\t\t\t\t\t\t\t\tdata-type=\"image\"\n\t\t\t\t\t\t\t\tdata-rsp_ch=\"on\"\n\t\t\t\t\t\t\t\ttitle=\"Las soluciones de ENAiKOON para la gesti\u00f3n de flotas\"\n\t\t\t\t\t\t\t\tdata-text=\"l:22;\"\n\t\t\t\t\t\t\t\tdata-dim=\"w:998px;h:300px;\"\n\t\t\t\t\t\t\t\tdata-frame_0=\"tp:600;\"\n\t\t\t\t\t\t\t\tdata-frame_1=\"tp:600;e:power2.inOut;st:500;\"\n\t\t\t\t\t\t\t\tdata-frame_999=\"o:0;tp:600;e:nothing;st:w;\"\n\t\t\t\t\t\t\t\tstyle=\"z-index:5;\"\n\t\t\t\t\t\t\t><img src=\"\/\/www.enaikoon.com\/wp-content\/plugins\/revslider\/public\/assets\/assets\/dummy.png\" alt=\"Las soluciones de ENAiKOON para la gesti\u00f3n de flotas\" class=\"tp-rs-img rs-lazyload\" data-lazyload=\"\/wp-content\/uploads\/2016\/07\/Banner_Fleet.png\" data-no-retina> \n\t\t\t\t\t\t\t<\/rs-layer><!--\n\n\t\t\t\t\t\t\t--><rs-layer\n\t\t\t\t\t\t\t\tid=\"slider-60-slide-84-layer-2\" \n\t\t\t\t\t\t\t\tclass=\"medium-blue-text\"\n\t\t\t\t\t\t\t\tdata-type=\"text\"\n\t\t\t\t\t\t\t\tdata-color=\"rgba(70,180,231,1)\"\n\t\t\t\t\t\t\t\tdata-rsp_ch=\"on\"\n\t\t\t\t\t\t\t\tdata-xy=\"x:537px;y:55px;\"\n\t\t\t\t\t\t\t\tdata-text=\"s:32;l:34;fw:700;\"\n\t\t\t\t\t\t\t\tdata-frame_0=\"y:50px;tp:600;\"\n\t\t\t\t\t\t\t\tdata-frame_1=\"tp:600;e:power2.inOut;st:800;sp:500;\"\n\t\t\t\t\t\t\t\tdata-frame_999=\"o:1;tp:600;e:nothing;st:w;\"\n\t\t\t\t\t\t\t\tstyle=\"z-index:6;font-family:'Myriad Pro';color:#12B9FF !important;letter-spacing:0px !important;\"\n\t\t\t\t\t\t\t>Localizaci\u00f3n y gesti\u00f3n de<br\/>camiones, trailers y<br\/>trabajadores m\u00f3viles \n\t\t\t\t\t\t\t<\/rs-layer><!--\n\n\t\t\t\t\t\t\t--><rs-layer\n\t\t\t\t\t\t\t\tid=\"slider-60-slide-84-layer-3\" \n\t\t\t\t\t\t\t\tclass=\"small-brown-text\"\n\t\t\t\t\t\t\t\tdata-type=\"text\"\n\t\t\t\t\t\t\t\tdata-color=\"rgba(143,143,143,1)\"\n\t\t\t\t\t\t\t\tdata-rsp_ch=\"on\"\n\t\t\t\t\t\t\t\tdata-xy=\"x:539px;y:172px;\"\n\t\t\t\t\t\t\t\tdata-text=\"s:16;l:20;\"\n\t\t\t\t\t\t\t\tdata-frame_0=\"y:50px;tp:600;\"\n\t\t\t\t\t\t\t\tdata-frame_1=\"tp:600;e:power2.inOut;st:800;sp:500;\"\n\t\t\t\t\t\t\t\tdata-frame_999=\"o:1;tp:600;e:nothing;st:w;\"\n\t\t\t\t\t\t\t\tstyle=\"z-index:7;font-family:'Myriad Pro';letter-spacing:1 !important;font-size:14.4px;line-height:17px;\"\n\t\t\t\t\t\t\t>Compruebe como la integraci\u00f3n de la telem\u00e1tica en<br\/>\nsu negocio puede ahorrarle tiempo y dinero\n \n\t\t\t\t\t\t\t<\/rs-layer><!--\n\n\t\t\t\t\t\t\t--><rs-layer\n\t\t\t\t\t\t\t\tid=\"slider-60-slide-84-layer-4\" \n\t\t\t\t\t\t\t\tdata-type=\"text\"\n\t\t\t\t\t\t\t\tdata-color=\"rgba(255,255,255,1)\"\n\t\t\t\t\t\t\t\tdata-rsp_ch=\"on\"\n\t\t\t\t\t\t\t\tdata-xy=\"x:539px;y:217px;\"\n\t\t\t\t\t\t\t\tdata-text=\"l:22;\"\n\t\t\t\t\t\t\t\tdata-frame_0=\"y:50px;tp:600;\"\n\t\t\t\t\t\t\t\tdata-frame_1=\"tp:600;e:power2.inOut;st:800;sp:500;\"\n\t\t\t\t\t\t\t\tdata-frame_999=\"o:1;tp:600;e:nothing;st:w;\"\n\t\t\t\t\t\t\t\tstyle=\"z-index:8;font-family:'';\"\n\t\t\t\t\t\t\t><a class=\"gl_button_blue\" href=\"\/es\/solucion\/nuestros-servicios\/\">Nuestros servicios<\/a> \n\t\t\t\t\t\t\t<\/rs-layer><!--\n-->\t\t\t\t\t\t<\/rs-slide>\n\t\t\t\t\t<\/rs-slides>\n\t\t\t\t<\/rs-module>\n\t\t\t\t<script>\n\t\t\t\t\tsetREVStartSize({c: 'rev_slider_60_1',rl:[1240,1024,778,480],el:[],gw:[998],gh:[300],type:'standard',justify:'',layout:'fullwidth',mh:\"0\"});if (window.RS_MODULES!==undefined && window.RS_MODULES.modules!==undefined && window.RS_MODULES.modules[\"revslider601\"]!==undefined) {window.RS_MODULES.modules[\"revslider601\"].once = false;window.revapi60 = undefined;if (window.RS_MODULES.checkMinimal!==undefined) window.RS_MODULES.checkMinimal()}\n\t\t\t\t<\/script>\n\t\t\t<\/rs-module-wrap>\n\t\t\t<!-- END REVOLUTION SLIDER -->\n<\/div>\n<div style=\"height:40px;\">&nbsp;<\/div>\n<div class=\"row\">\n<div class=\"col-md-4\"><\/p>\n<p>    <\/p><div class=\"gl_h2big\">Desear\u00eda&#8230;<\/div>\n<p>    <\/p><div class=\"gl_h4big\">comunicaci\u00f3n simple y r\u00e1pida<\/div>\n<p>    <\/p><div class=\"gl_ul_style2\">\n        <ul type=\"square\">\n<li>gesti\u00f3n \u00f3ptima de actividades<\/li>\n<li>env\u00edo r\u00e1pido y f\u00e1cil de instrucciones claras <\/li>\n<li>actualizaciones en tiempo real de hora de llegada y distancia restante<\/li>\n<p>        <\/p><\/ul>\n<p>\t<\/p><\/div>\n<p>    <\/p><div class=\"gl_space_top15\"><\/div>\n<p>    <\/p><div class=\"gl_h4big\">consumo de combustible + reducci\u00f3n de desgaste y aver\u00edas<\/div>\n<p>\t<\/p><div class=\"gl_ul_style2\">\n        <ul type=\"square\">\n<li>ahorro de combustible mediante formaci\u00f3n a conductores y ajustes en veh\u00edculos<\/li>\n<li>menos desgaste y aver\u00edas<\/li>\n<li>reducci\u00f3n de viajes costosos al taller de mantenimiento<\/li>\n<p>        <\/p><\/ul>\n<p>\t<\/p><\/div>\n<p>    <\/p><div class=\"gl_space_top15\"><\/div>\n<p>    <\/p><div class=\"gl_h4big\">contol de consumo de combustible y nivel de gasoil<\/div>\n<p>\t<\/p><div class=\"gl_ul_style2\">\n<p>        <\/p><ul type=\"square\">\n<li>alertas en tiempo real en caso de robo<\/li>\n<li>cuotas en tiempo real de consumo de combustible y nivel del tanque<\/li>\n<li>indicaci\u00f3n de autonom\u00eda restante<\/li>\n<p>        <\/p><\/ul>\n<p>\t<\/p><\/div>\n<p>    <\/p><div class=\"gl_space_top15\"><\/div>\n<p>    <\/p><div class=\"gl_h4big\">monitorizaci\u00f3n de temperatura<\/div>\n<p>\t<\/p><div class=\"gl_ul_style2\">\n<p>        <\/p><ul class=\"gl_space_right15\" type=\"square\">\n<li>medici\u00f3n y registro de temperatura<\/li>\n<li>muestra de la temperatura en tiempo real<\/li>\n<li>alertas cuando la temperatura es inusual<\/li>\n<li>garantiza la gesti\u00f3n ininterrumpida de la cadena de fr\u00edo<\/li>\n<p>        <\/p><\/ul>\n<p>\t<\/p><\/div>\n<p>    <\/p><div class=\"gl_space_top15\"><\/div>\n<p>    <\/p><div class=\"gl_h4big\">monitorizaci\u00f3n de tr\u00e1ilers<\/div>\n<p>\t<\/p><div class=\"gl_ul_style2\">\n        <ul type=\"square\">\n<li>localizaci\u00f3n<\/li>\n<li>rutas<\/li>\n<li>protecci\u00f3n contra robos<\/li>\n<p>        <\/p><\/ul>\n<p>\t<\/p><\/div>\n<p>\t<\/p><div class=\"gl_space_top30\"><\/div>\n<p> <\/p><div class=\"gl_h2big\">Fichas de tema<\/div>\n<p>    <\/div>\n\n\n<div class=\"col-md-4\">\n    <\/p>\n    <div class=\"gl_h2big\">Nuestras soluciones ofrecen<\/div>\n    <div style=\"margin-top:15px;\">\n      <div class=\"gl_industry_image\">\n        <a href=\"https:\/\/www.enaikoon.com\/es\/software-es\/plugins\/messenger\/\" title=\"ENAiKOON messenger\"><img decoding=\"async\" src=\"https:\/\/www.enaikoon.com\/wp-content\/uploads\/2016\/07\/7195d18a3c.jpg\" alt=\"ENAiKOON messenger\" border=\"0\" align=\"left\"><\/a>\n      <\/div>\n      <div class=\"gl_industry_text\">\n        <p class=\"gl_h4big\"><a href=\"https:\/\/www.enaikoon.com\/es\/software-es\/plugins\/messenger\/\">ENAiKOON messenger<\/a><\/p>\n        <p>Aumente su eficiencia configurando, asignando y monitorizando las tareas.   Comun\u00edquese instant\u00e1neamente con todos sus trabajadores <\/p>\n      <\/div>\n    <\/div>\n\n  <div>\n<\/div>\n<p>    <\/p>\n    <div style=\"padding-top:90px;\">\n      <div class=\"gl_industry_image\">\n        <a href=\"https:\/\/www.enaikoon.com\/es\/software-es\/plugins\/can-66\/\" title=\"ENAiKOON can-66\"><img decoding=\"async\" src=\"https:\/\/www.enaikoon.com\/wp-content\/uploads\/2016\/07\/67fa57eeaf.jpg\" alt=\"ENAiKOON can-66\" border=\"0\" align=\"left\"><\/a>\n      <\/div>\n      <div class=\"gl_industry_text\">\n        <p class=\"gl_h4big\"><a href=\"https:\/\/www.enaikoon.com\/es\/software-es\/plugins\/can-66\/\" alt=\"ENAiKOON can-66\">ENAiKOON can-66<\/a><\/p>\n        <p>Mejore la conducci\u00f3n de sus trabajadores con instrucciones a medida<\/p>\n      <\/div>\n<\/div>\n<p>               <\/p><div style=\"padding-top:125px;\">\n                \t<div class=\"gl_industry_image\"><a href=\"https:\/\/www.enaikoon.com\/es\/software-es\/plugins\/fuel-tracker\/\" title=\"ENAiKOON fuel-tracker\"><img decoding=\"async\" src=\"https:\/\/www.enaikoon.com\/wp-content\/uploads\/2016\/07\/dd0eb3c958.jpg\" alt=\"ENAiKOON fuel-tracker\" border=\"0\" align=\"left\"><\/a><\/div>\n<p>                    <\/p><div class=\"gl_industry_text\"><p class=\"gl_h4big\"><a href=\"https:\/\/www.enaikoon.com\/es\/software-es\/plugins\/fuel-tracker\/\">ENAiKOON fuel-tracker<\/a><\/p>\n<p>Ahorre dinero protegi\u00e9ndose contra el robo de gasoil<\/p>\n<\/div>\n<\/div>\n<p>         <\/p><div style=\"padding-top:140px;\">\n                \t<div class=\"gl_industry_image\"><a href=\"https:\/\/www.enaikoon.com\/es\/software-es\/plugins\/temp-checker\/\" title=\"ENAiKOON temp-checker\"><img decoding=\"async\" src=\"https:\/\/www.enaikoon.com\/wp-content\/uploads\/2016\/07\/7b5f6ed7b9.png\" alt=\"ENAiKOON temp-checker eval\u00faa los datos de temperatura medidos y alerta sobre la superaci\u00f3n o la ca\u00edda por debajo del umbral\" border=\"0\" align=\"left\"><\/a><\/div>\n<p>                    <\/p><div class=\"gl_industry_text\"><p class=\"gl_h4big\"><a href=\"https:\/\/www.enaikoon.com\/es\/software-es\/plugins\/temp-checker\/\">ENAiKOON temp-checker<\/a><\/p>\n<p>\n\t\t\t\t\tControl continuo de la temperatura, se env\u00eda una alarma si la temperatura excede o no llega a los par\u00e1metros fijados<\/p>\n<\/div>\n<\/div>\n<p>               <\/p><div style=\"padding-top:160px;\">\n                \t<div class=\"gl_industry_image\"><a href=\"https:\/\/www.enaikoon.com\/es\/dispositivos\/gama-locate\/locate-15\/\" title=\"ENAiKOON locate-15\"><img decoding=\"async\" src=\"https:\/\/www.enaikoon.com\/wp-content\/uploads\/2016\/07\/7195d18a3c.jpg\" alt=\"ENAiKOON locate-15\" border=\"0\" align=\"left\"><\/a><\/div>\n<p>                 <\/p><div class=\"gl_industry_text\"><p class=\"gl_h4big\"><a href=\"https:\/\/www.enaikoon.com\/es\/dispositivos\/gama-locate\/locate-15\/\">ENAiKOON locate-15<\/a><\/p>\n<p>Con una duraci\u00f3n de bater\u00eda de hasta 10 a\u00f1os, <strong>ENAiKOON locate-15<\/strong> es nuestro dispositivo de localizaci\u00f3n GPS m\u00e1s robusto y duradero<\/p>\n<p>                 <\/p><\/div>\n<\/div>\n<p>\t<\/div>\n<div class=\"col-md-4\"><\/p>\n<p>\t <\/p><div class=\"gl_enaikoon_logo\"><img decoding=\"async\" src=\"https:\/\/www.enaikoon.com\/wp-content\/uploads\/2016\/07\/ENAiKOON-frosted-logo.png\" alt=\"\"><\/div>\n<div><a class=\"gl_button_blue\" href=\"https:\/\/www.enaikoon.com\/es\/contacto\/contacto\/\">cont\u00e1ctenos<\/a><\/div>\n<p>                    <\/p>\n                  <div class=\"gl_introduction_contact\">\n                    <img decoding=\"async\" src=\"https:\/\/www.enaikoon.com\/wp-content\/uploads\/2016\/07\/icon_email.png\" alt=\"\">\n                    <p class=\"gl_text_space\"><a rel=\"nofollow\" href=\"mailto:sales@enaikoon.com\">sales@enaikoon.com<\/a><\/p>\n                  <\/div>\n                  \n                  <div class=\"gl_introduction_contact\">\n                    <img decoding=\"async\" src=\"https:\/\/www.enaikoon.com\/wp-content\/uploads\/2016\/07\/icon_phone1.png\" alt=\"\">\n                    <p class=\"gl_text_space\">+49 30 397475-30<\/p>\n                  <\/div>\n<p>                <\/p>\n\n                  <div class=\"gl_introduction_contact\">\n                    <img decoding=\"async\" src=\"https:\/\/www.enaikoon.com\/wp-content\/uploads\/2016\/07\/icon_phone2.png\" alt=\"\">\n                    <p class=\"gl_text_space\">+49 30 397475-40<\/p>\n                  <\/div>\n<p>                 <\/p><div class=\"gl_space_top20\"><\/div>\n<p>                 <\/p><div class=\"gl_space_top20\"><\/div>\n<div><a class=\"gl_button_blue\" href=\"https:\/\/www.enaikoon.com\/es\/solucion\/industrias\/\">volver a industrias<\/a><\/div>\n<p>                  <\/p><div class=\"gl_space_top20\"><\/div>\n<p>                 <\/p><p class=\"gl_space_right20\">Descubra todas las posibilidades y lo sencillo que es de usar nuestro portal web inViu pro, simplemente haga clic en el bot\u00f3n que aparece abajo y en la siguiente pantalla seleccione la opci\u00f3n de demo.  <\/p>\n<div><a class=\"gl_button_yellow\" rel=\"nofollow\" href=\"https:\/\/sso.enaikoon.de\/SSOServer\/?locale=es&amp;demo=1\" target=\"_blank\">inViu pro demo<\/a><\/div><div style=\"height:60px;\"><\/div>\n<div>\n                 <a href=\"https:\/\/www.enaikoon.com\/es\/contacto\/prueba-gratuita\/\" title=\"Try out the app for free!\"><img decoding=\"async\" class=\"gl_space_left30\" src=\"https:\/\/www.enaikoon.com\/wp-content\/uploads\/2016\/07\/Try-n-Buy-icon_11.png\" alt=\"free trial for field service app\" border=\"0\"><\/a><\/div>\n<p>                 <\/p><div class=\"gl_space_top15\"><\/div>\n<p>                 <\/p><div class=\"gl_h4big\"><a href=\"https:\/\/www.enaikoon.com\/es\/contacto\/prueba-gratuita\/\" target=\"_self\">Kit de prueba gratuito<\/a><\/div>\n<p>                 <\/p><p class=\"gl_space_right30\">inViu demo es el primer paso para conseguir una soluci\u00f3n telem\u00e1tica<br>\n<br>\n      de ENAiKOON.<br>\n      <a href=\"https:\/\/www.enaikoon.com\/es\/contacto\/prueba-gratuita\/\">\u00a1Solicite ahora un kit de prueba <br>gratuito!<\/a><\/p>\n<p>\t<\/div>\n<p><\/div><br>\n<!--Branch sheets--><\/p>\n<div class=\"row\"><\/p>\n<p><div class=\"col-md-4\">\n\t<\/p><div class=\"clearfix\">\n        <div class=\"branch_sheet_img\">\n        <a rel=\"nofollow\" href=\"https:\/\/www.enaikoon.com\/uploads\/media\/ENAiKOON_hojas_de_temas_Servicio_de_envio_mensajeria.pdf\" target=\"_blank\"><img decoding=\"async\" src=\"https:\/\/www.enaikoon.com\/wp-content\/uploads\/2016\/07\/Branch_sheets4.jpg\" alt=\"\" border=\"0\"> <\/a>\n        <\/div>\n<p>        <\/p><div class=\"branch_sheet_name\">\n       <a rel=\"nofollow\" href=\"https:\/\/www.enaikoon.com\/uploads\/media\/ENAiKOON_hojas_de_temas_Servicio_de_envio_mensajeria.pdf\" target=\"_blank\">servicio de mensajeria<\/a>\n        <\/div>\n<p>    <\/p><\/div>\n<p><\/div><\/p>\n<p><div class=\"col-md-4\">\n\t<\/p><div class=\"clearfix\">\n        <div class=\"branch_sheet_img\">\n\t\t<a rel=\"nofollow\" href=\"https:\/\/www.enaikoon.com\/uploads\/media\/ENAiKOON_hojas_de_temas_Consumo_de_combustible.pdf\" target=\"_blank\"><img decoding=\"async\" class=\"branch_sheet_img\" src=\"https:\/\/www.enaikoon.com\/wp-content\/uploads\/2016\/07\/Branch_sheets5.jpg\" alt=\"\" border=\"0\"> <\/a>\n      \t<\/div>\n<p>        <\/p><div class=\"branch_sheet_name\">\n       <a rel=\"nofollow\" href=\"https:\/\/www.enaikoon.com\/uploads\/media\/ENAiKOON_hojas_de_temas_Consumo_de_combustible.pdf\" target=\"_blank\">consumo de combustible<\/a>\n\t\t<\/div>\n<\/div>\n<p><\/div><\/p>\n<p><div class=\"col-md-4\">\n\t<\/p><div class=\"clearfix\">\n        <div class=\"branch_sheet_img\">\n\t\t<a rel=\"nofollow\" href=\"https:\/\/www.enaikoon.com\/uploads\/media\/ENAiKOON_hojas_de_temas_Transporte_y_logistica.pdf\" target=\"_blank\"><img decoding=\"async\" class=\"branch_sheet_img\" src=\"https:\/\/www.enaikoon.com\/wp-content\/uploads\/2016\/07\/Branch_sheets6.jpg\" alt=\"\" border=\"0\"> <\/a>\n    \t<\/div>\n<p>        <\/p><div class=\"branch_sheet_name\"><a rel=\"nofollow\" href=\"https:\/\/www.enaikoon.com\/uploads\/media\/ENAiKOON_hojas_de_temas_Transporte_y_logistica.pdf\" target=\"_blank\">transporte <br>\n        y logistica<\/a>\n        <\/div>\n<\/div>\n<p><\/div><\/p>\n<p>\t<\/p><div class=\"gl_row_space\"><\/div>\n<p>\t<\/p><div class=\"gl_line\"><\/div>\n<p><\/div>\n<div class=\"gl_h2big\">C\u00f3mo funciona<\/div>\n<div class=\"row\">\n<div class=\"col-md-4\">\n           <\/p><div class=\"gl_space_top10\"><\/div>\n<p>             \t<\/p><div class=\"gl_h4_fix\"><span style=\"letter-spacing:0px;\">recopilaci\u00f3n y env\u00edo de informaci\u00f3n desde dispositivos de rastreo<\/span><\/div>\n<p>    <\/div>\n<div class=\"col-md-4\">\n           <\/p><div class=\"gl_space_top10\"><\/div>\n<p>           \t\t <\/p><div class=\"gl_h4_fix\">toda la informaci\u00f3n importante disponible en un vistazo<\/div>\n<p>     <\/div>\n<div class=\"col-md-4\">\n           <\/p><div class=\"gl_space_top10\"><\/div>\n<p>           \t\t <\/p><div class=\"gl_h4_fix\">gesti\u00f3n de empleados y acceso a datos m\u00f3viles<\/div>\n<p>     <\/div>\n<p><\/div><br>\n<div class=\"row\"><\/p>\n<div class=\"col-md-4\"><\/p>\n<p>           <\/p><div class=\"gl_space_top15\"><\/div>\n<p>        \t\t<a href=\"https:\/\/www.enaikoon.com\/es\/dispositivos\/gama-locate\/locate-06\/\" title=\"dispositivos de ENAiKOON: la perfecta combinaci\u00f3n de dispositivos de localizaci\u00f3n, pantallas e identificaci\u00f3n de trabajadores\"><img decoding=\"async\" loading=\"lazy\" src=\"https:\/\/www.enaikoon.com\/wp-content\/uploads\/2016\/07\/branch10.png\" alt=\"dispositivos de ENAiKOON: la perfecta combinaci\u00f3n de dispositivos de localizaci\u00f3n, pantallas e identificaci\u00f3n de trabajadores\" width=\"310\" height=\"310\" border=\"0\"><\/a><br>\n    <\/div>\n<div class=\"col-md-4\"><\/p>\n<p>           <\/p><div class=\"gl_space_top15\"><\/div>\n<p>            \t<a href=\"https:\/\/www.enaikoon.com\/es\/software-es\/inviu-pro\/\" title=\"inViu es el portal online de gesti\u00f3n y rastreo de flotas de ENAiKOON\"><img decoding=\"async\" loading=\"lazy\" src=\"https:\/\/www.enaikoon.com\/wp-content\/uploads\/2016\/07\/branch11.png\" alt=\"inViu es el portal online de gesti\u00f3n y rastreo de flotas de ENAiKOON\" width=\"310\" height=\"310\" border=\"0\"><\/a><br>\n     <\/div>\n<div class=\"col-md-4\"><\/p>\n<p>              <\/p><div class=\"gl_space_top15\"><\/div>\n<p>            \t<a href=\"https:\/\/www.enaikoon.com\/es\/movil\/\" title=\"Con nuestra amplia gama de aplicaciones m\u00f3viles puede controlar y gestionar su equipo f\u00e1cilmente, a la vez que protege sus m\u00e1quinas.\"><img decoding=\"async\" loading=\"lazy\" src=\"https:\/\/www.enaikoon.com\/wp-content\/uploads\/2016\/07\/branch12.png\" alt=\"Con nuestra amplia gama de aplicaciones m\u00f3viles puede controlar y gestionar su equipo f\u00e1cilmente, a la vez que protege sus m\u00e1quinas.\" width=\"310\" height=\"310\" border=\"0\"><\/a><br>\n     <\/div>\n<p><\/div><br>\n<div class=\"row\"><\/p>\n<div class=\"col-md-4\"><br>\nLa avanzada tecnolog\u00eda de nuestros dispositivos permite localizar y analizar los datos registrados para una amplia gama de posibilidades de gesti\u00f3n de flotas. El dispositivo ENAiKOON locate-06 se puede optimizar mediante accesorios como el dispositivo de navegaci\u00f3n Garmin, sensores de temperatura y conexi\u00f3n con el CAN-BUS.<br>\n      <\/div>\n<div class=\"col-md-4\"><\/p>\n<p>Control remoto y gesti\u00f3n de sus bienes en cualquier momento, en cualquier sitio, con inViu integrado f\u00e1cilmente en su negocio. Una gran variedad de plugins de software le permite crear soluciones telem\u00e1ticas a medida dise\u00f1adas para sus necesidades.<\/p>\n<p>      <\/div>\n<div class=\"col-md-4\"><br>\nEl software para tel\u00e9fonos m\u00f3viles complementa las soluciones telem\u00e1ticas modernas de ENAiKOON. Por una parte, la app inViu routes env\u00eda la informaci\u00f3n de localizaci\u00f3n de sus conductores al portal online inViu web; por otra parte, muestra la ubicaci\u00f3n de todos sus camiones y equipos de log\u00edstica.<\/p>\n<p>    <\/div>\n<div class=\"gl_space_pagebot\">&nbsp;<\/div>\n<p><\/div><\/p>\n","protected":false},"excerpt":{"rendered":"<p> [&hellip;]<\/p>\n","protected":false},"author":7,"featured_media":0,"parent":6217,"menu_order":0,"comment_status":"closed","ping_status":"closed","template":"","meta":{"footnotes":""},"acf":[],"_links":{"self":[{"href":"https:\/\/www.enaikoon.com\/es\/wp-json\/wp\/v2\/pages\/6226"}],"collection":[{"href":"https:\/\/www.enaikoon.com\/es\/wp-json\/wp\/v2\/pages"}],"about":[{"href":"https:\/\/www.enaikoon.com\/es\/wp-json\/wp\/v2\/types\/page"}],"author":[{"embeddable":true,"href":"https:\/\/www.enaikoon.com\/es\/wp-json\/wp\/v2\/users\/7"}],"replies":[{"embeddable":true,"href":"https:\/\/www.enaikoon.com\/es\/wp-json\/wp\/v2\/comments?post=6226"}],"version-history":[{"count":32,"href":"https:\/\/www.enaikoon.com\/es\/wp-json\/wp\/v2\/pages\/6226\/revisions"}],"predecessor-version":[{"id":17077,"href":"https:\/\/www.enaikoon.com\/es\/wp-json\/wp\/v2\/pages\/6226\/revisions\/17077"}],"up":[{"embeddable":true,"href":"https:\/\/www.enaikoon.com\/es\/wp-json\/wp\/v2\/pages\/6217"}],"wp:attachment":[{"href":"https:\/\/www.enaikoon.com\/es\/wp-json\/wp\/v2\/media?parent=6226"}],"curies":[{"name":"wp","href":"https:\/\/api.w.org\/{rel}","templated":true}]}}