{"id":6221,"date":"2016-08-01T07:43:17","date_gmt":"2016-08-01T07:43:17","guid":{"rendered":"https:\/\/www.enaikoon.com\/?page_id=6221"},"modified":"2019-07-30T15:20:48","modified_gmt":"2019-07-30T15:20:48","slug":"app-rastreo-rutas","status":"publish","type":"page","link":"https:\/\/www.enaikoon.com\/es\/solucion\/industrias\/app-rastreo-rutas\/","title":{"rendered":"app rastreo rutas"},"content":{"rendered":"<div class=\"row row-slider\">\n\t\t\t<!-- START fieldserviceapp_es REVOLUTION SLIDER 6.6.16 --><p class=\"rs-p-wp-fix\"><\/p>\n\t\t\t<rs-module-wrap id=\"rev_slider_58_1_wrapper\" data-source=\"gallery\" style=\"visibility:hidden;background:transparent;padding:0;margin:0px auto;margin-top:0;margin-bottom:0;\">\n\t\t\t\t<rs-module id=\"rev_slider_58_1\" style=\"\" data-version=\"6.6.16\">\n\t\t\t\t\t<rs-slides style=\"overflow: hidden; position: absolute;\">\n\t\t\t\t\t\t<rs-slide style=\"position: absolute;\" data-key=\"rs-82\" data-title=\"banner\" data-anim=\"adpr:false;\">\n\t\t\t\t\t\t\t<img src=\"\/\/www.enaikoon.com\/wp-content\/plugins\/revslider\/public\/assets\/assets\/dummy.png\" alt=\"\" title=\"app rastreo rutas\" class=\"rev-slidebg tp-rs-img rs-lazyload\" data-lazyload=\"\/\/www.enaikoon.com\/wp-content\/uploads\/2016\/08\/Banner_inViu_routes_01.png\" data-no-retina>\n<!--\n\t\t\t\t\t\t\t--><rs-layer\n\t\t\t\t\t\t\t\tid=\"slider-58-slide-82-layer-1\" \n\t\t\t\t\t\t\t\tdata-type=\"image\"\n\t\t\t\t\t\t\t\tdata-rsp_ch=\"on\"\n\t\t\t\t\t\t\t\ttitle=\"La soluci\u00f3n de ENAiKOON para obras de construcci\u00f3n y monitorizaci\u00f3n de maquinaria\"\n\t\t\t\t\t\t\t\tdata-text=\"l:22;\"\n\t\t\t\t\t\t\t\tdata-dim=\"w:998px;h:300px;\"\n\t\t\t\t\t\t\t\tdata-frame_0=\"tp:600;\"\n\t\t\t\t\t\t\t\tdata-frame_1=\"tp:600;e:power2.inOut;st:500;\"\n\t\t\t\t\t\t\t\tdata-frame_999=\"o:0;tp:600;e:nothing;st:w;\"\n\t\t\t\t\t\t\t\tstyle=\"z-index:5;\"\n\t\t\t\t\t\t\t><img src=\"\/\/www.enaikoon.com\/wp-content\/plugins\/revslider\/public\/assets\/assets\/dummy.png\" alt=\"Navegaci\u00f3n de rutas y rastreo f\u00e1cil\" class=\"tp-rs-img rs-lazyload\" data-lazyload=\"\/wp-content\/uploads\/2016\/07\/Banner_inViu_routes_01.png\" data-no-retina> \n\t\t\t\t\t\t\t<\/rs-layer><!--\n\n\t\t\t\t\t\t\t--><rs-layer\n\t\t\t\t\t\t\t\tid=\"slider-58-slide-82-layer-2\" \n\t\t\t\t\t\t\t\tclass=\"medium-blue-text\"\n\t\t\t\t\t\t\t\tdata-type=\"text\"\n\t\t\t\t\t\t\t\tdata-color=\"rgba(70,180,231,1)\"\n\t\t\t\t\t\t\t\tdata-rsp_ch=\"on\"\n\t\t\t\t\t\t\t\tdata-xy=\"x:540px;y:60px;\"\n\t\t\t\t\t\t\t\tdata-text=\"s:32;l:34;fw:700;\"\n\t\t\t\t\t\t\t\tdata-frame_0=\"y:50px;tp:600;\"\n\t\t\t\t\t\t\t\tdata-frame_1=\"tp:600;e:power2.inOut;st:800;sp:500;\"\n\t\t\t\t\t\t\t\tdata-frame_999=\"o:1;tp:600;e:nothing;st:w;\"\n\t\t\t\t\t\t\t\tstyle=\"z-index:6;font-family:'Myriad Pro';color:#12B9FF !important;letter-spacing:0px !important;\"\n\t\t\t\t\t\t\t>inViu routes: instale la app y <br\/>empiece a rastrear\n\n \n\t\t\t\t\t\t\t<\/rs-layer><!--\n\n\t\t\t\t\t\t\t--><rs-layer\n\t\t\t\t\t\t\t\tid=\"slider-58-slide-82-layer-3\" \n\t\t\t\t\t\t\t\tclass=\"small-brown-text\"\n\t\t\t\t\t\t\t\tdata-type=\"text\"\n\t\t\t\t\t\t\t\tdata-color=\"rgba(143,143,143,1)\"\n\t\t\t\t\t\t\t\tdata-rsp_ch=\"on\"\n\t\t\t\t\t\t\t\tdata-xy=\"x:540px;y:144px;\"\n\t\t\t\t\t\t\t\tdata-text=\"s:16;l:20;\"\n\t\t\t\t\t\t\t\tdata-frame_0=\"y:50px;tp:600;\"\n\t\t\t\t\t\t\t\tdata-frame_1=\"tp:600;e:power2.inOut;st:800;sp:500;\"\n\t\t\t\t\t\t\t\tdata-frame_999=\"o:1;tp:600;e:nothing;st:w;\"\n\t\t\t\t\t\t\t\tstyle=\"z-index:7;font-family:'Myriad Pro';letter-spacing:1 !important;font-size:14.4px;line-height:17px;\"\n\t\t\t\t\t\t\t>app Android para monitorizar trabajadores m\u00f3viles<br\/>\ny veh\u00edculos comerciales \n\t\t\t\t\t\t\t<\/rs-layer><!--\n\n\t\t\t\t\t\t\t--><rs-layer\n\t\t\t\t\t\t\t\tid=\"slider-58-slide-82-layer-4\" \n\t\t\t\t\t\t\t\tdata-type=\"text\"\n\t\t\t\t\t\t\t\tdata-color=\"rgba(255,255,255,1)\"\n\t\t\t\t\t\t\t\tdata-rsp_ch=\"on\"\n\t\t\t\t\t\t\t\tdata-xy=\"x:540px;y:188px;\"\n\t\t\t\t\t\t\t\tdata-text=\"l:22;\"\n\t\t\t\t\t\t\t\tdata-frame_0=\"y:50px;tp:600;\"\n\t\t\t\t\t\t\t\tdata-frame_1=\"tp:600;e:power2.inOut;st:800;sp:500;\"\n\t\t\t\t\t\t\t\tdata-frame_999=\"o:1;tp:600;e:nothing;st:w;\"\n\t\t\t\t\t\t\t\tstyle=\"z-index:8;font-family:'';\"\n\t\t\t\t\t\t\t><a class=\"gl_button_blue\" href=\"\/es\/movil\/plugins\/routes\/\">inViu routes<\/a> \n\t\t\t\t\t\t\t<\/rs-layer><!--\n-->\t\t\t\t\t\t<\/rs-slide>\n\t\t\t\t\t<\/rs-slides>\n\t\t\t\t<\/rs-module>\n\t\t\t\t<script>\n\t\t\t\t\tsetREVStartSize({c: 'rev_slider_58_1',rl:[1240,1024,778,480],el:[],gw:[998],gh:[300],type:'standard',justify:'',layout:'fullwidth',mh:\"0\"});if (window.RS_MODULES!==undefined && window.RS_MODULES.modules!==undefined && window.RS_MODULES.modules[\"revslider581\"]!==undefined) {window.RS_MODULES.modules[\"revslider581\"].once = false;window.revapi58 = undefined;if (window.RS_MODULES.checkMinimal!==undefined) window.RS_MODULES.checkMinimal()}\n\t\t\t\t<\/script>\n\t\t\t<\/rs-module-wrap>\n\t\t\t<!-- END REVOLUTION SLIDER -->\n<\/div>\n<div class=\"row\">\n<div class=\"col-md-4\">\n<div class=\"gl_h2big\">Nuestras soluciones ofrecen<\/div>\n<div class=\"gl_h4big\">gesti\u00f3n de flotas y de\ntrabajadores m\u00f3viles<\/div>\n<div class=\"gl_ul_style2\">\n<ul type=\"square\">\n \t<li>rastreo en tiempo real<\/li>\n \t<li>verificaci\u00f3n de tareas realizadas<\/li>\n \t<li>rastrea la direcci\u00f3n, altitud y posici\u00f3n GPS exacta<\/li>\n \t<li>creaci\u00f3n de geofences ilimitadas<\/li>\n \t<li>recepci\u00f3n de alertas cuando veh\u00edculos o trabajadores salen o entran en una geofence<\/li>\n \t<li>informes de actividad exhaustivos<\/li>\n<\/ul>\n<\/div>\n<div class=\"gl_space_top15\"><\/div>\n<div class=\"gl_h4big\">f\u00e1cil de usar<\/div>\n<div class=\"gl_ul_style2\">\n<ul class=\"gl_space_right15\" type=\"square\">\n \t<li>interfaz de usuario simple y atractiva<\/li>\n \t<li>f\u00e1cil comunicaci\u00f3n con trabajadores m\u00f3viles y conductores<\/li>\n \t<li>no requiere instalaci\u00f3n de hardware<\/li>\n \t<li>hace fotos, crea geo-notas y asigna Puntos de Inter\u00e9s<\/li>\n \t<li>no hay l\u00edmite de trackables conectados o geofences<\/li>\n \t<li>se puede rastrear mediante la aplicaci\u00f3n m\u00f3vil y el navegador web<\/li>\n<\/ul>\n<\/div>\n<div class=\"gl_space_top15\"><\/div>\n<div class=\"gl_h4big\">rastreo de rutas y entregas<\/div>\n<div class=\"gl_ul_style2\">\n<ul class=\"gl_space_right10\" type=\"square\">\n \t<li>asigna destinaciones a los conductores<\/li>\n \t<li>comunicaci\u00f3n instant\u00e1nea con los conductores y env\u00eda instrucciones<\/li>\n \t<li>crea un n\u00famero ilimitado de geofences o geocercas<\/li>\n \t<li>usa OpenStreetMap<\/li>\n<\/ul>\n<\/div>\n<\/div>\n\n<div class=\"col-md-4\">\n<div class=\"gl_h2big\">Usos en los\nsectores<\/div>\n<div class=\"gl_h4big\">Industrias<\/div>\n<div class=\"gl_ul_style2\">\n<ul type=\"square\">\n \t<li>flotas comerciales<\/li>\n \t<li>empresas de catering<\/li>\n \t<li>servicio de taxi y limusina<\/li>\n \t<li>trabajo fuera de la oficina<\/li>\n \t<li>enfermeras a domicilio<\/li>\n \t<li>mystery shoppers y rackjobbers<\/li>\n \t<li>empresas de gr\u00faas<\/li>\n<\/ul>\n<\/div>\n<div class=\"gl_space_top20\"><\/div>\n<div class=\"gl_h2big\">Lo que opinan\nnuestros usuarios&#8230;<\/div>\n<div class=\"gl_space_top5\"><\/div>\n<div class=\"gl_industry\">\n<div class=\"gl_industry_image\"><a href=\"https:\/\/www.enaikoon.com\/es\/solucion\/casos-practicos\/app-de-rastreo-gps\/\" title=\"GPS tracking app\"><img decoding=\"async\" src=\"https:\/\/www.enaikoon.com\/wp-content\/uploads\/2016\/07\/industry9.png\" alt=\"GPS tracking app icon\"><\/a><\/div>\n<div class=\"gl_industry_text\">\n<p class=\"gl_h3big\"><a href=\"https:\/\/www.enaikoon.com\/es\/solucion\/casos-practicos\/app-de-rastreo-gps\/\">App rastreo GPS<\/a><\/p>\n\u00abTodo funcion\u00f3 inmediatamente gracias a ENAiKOON: la app Android tiene todas las funciones y caracter\u00edsticas de seguridad importantes y complementadas con un portal web multifunci\u00f3n, inViu pro.\u00bb\n\n<\/div>\n<\/div>\n<div class=\"gl_h2big\">inViu routes en acci\u00f3n<\/div>\n<div class=\"gl_space_top10\"><\/div>\n<iframe loading=\"lazy\" src=\"https:\/\/www.youtube.com\/embed\/EupX-gtRDsc\" allowfullscreen=\"\" width=\"290\" height=\"163\" frameborder=\"0\"><\/iframe>\n\n<\/div>\n\n<div class=\"col-md-4\">\n<div class=\"gl_enaikoon_logo\"><img decoding=\"async\" src=\"https:\/\/www.enaikoon.com\/wp-content\/uploads\/2016\/07\/ENAiKOON-frosted-logo.png\" alt=\"\"><\/div>\n<div><a class=\"gl_button_blue\" href=\"https:\/\/www.enaikoon.com\/es\/contacto\/contacto\/\">cont\u00e1ctenos<\/a><\/div>\n<div class=\"gl_introduction_contact\">\n                    <img decoding=\"async\" src=\"https:\/\/www.enaikoon.com\/wp-content\/uploads\/2016\/07\/icon_email.png\" alt=\"\">\n<p class=\"gl_text_space\"><a rel=\"nofollow\" href=\"mailto:sales@enaikoon.com\">sales@enaikoon.com<\/a><\/p>\n\n\n<\/div>\n<div class=\"gl_introduction_contact\">\n<p class=\"gl_text_space\"><img decoding=\"async\" src=\"https:\/\/www.enaikoon.com\/wp-content\/uploads\/2016\/07\/icon_phone1.png\" alt=\"\">\n+49 30 397475-30\n\n<\/div>\n<div class=\"gl_introduction_contact\">\n<p class=\"gl_text_space\"><img decoding=\"async\" src=\"https:\/\/www.enaikoon.com\/wp-content\/uploads\/2016\/07\/icon_phone2.png\" alt=\"\">\n+49 30 397475-40\n\n<\/div>\n<div class=\"gl_space_top20\"><\/div>\n<div class=\"gl_space_top20\"><\/div>\n<div><a class=\"gl_button_blue\" href=\"https:\/\/www.enaikoon.com\/es\/solucion\/industrias\/\">volver a industrias<\/a><\/div>\n<div class=\"gl_space_top20\"><\/div>\n<p class=\"gl_space_right20\">Descubra todas las posibilidades y lo sencillo que es de usar nuestro   portal web inViu pro, simplemente haga clic en el bot\u00f3n que aparece   abajo y en la siguiente pantalla seleccione la opci\u00f3n de demo.<\/p>\n\n<div><a class=\"gl_button_yellow\" rel=\"nofollow\" href=\"https:\/\/sso.enaikoon.de\/SSOServer\/?locale=es&amp;demo=1\" target=\"_blank\">inViu pro demo<\/a><\/div>\n<div>\n                 <a href=\"https:\/\/www.enaikoon.com\/es\/contacto\/prueba-gratuita\/\" title=\"Try out the app for free!\"><img decoding=\"async\" class=\"gl_space_left30\" src=\"https:\/\/www.enaikoon.com\/wp-content\/uploads\/2016\/07\/Try-n-Buy-icon_11.png\" alt=\"free trial for field service app\" border=\"0\"><\/a><\/div>\n<div class=\"gl_space_top15\"><\/div>\n<div class=\"gl_h4big\"><a href=\"https:\/\/www.enaikoon.com\/es\/contacto\/prueba-gratuita\/\" target=\"_self\">Kit de prueba gratuito<\/a><\/div>\n<p class=\"gl_space_right30\">inViu demo es el primer paso para conseguir una soluci\u00f3n telem\u00e1tica\nde ENAiKOON.\n<a href=\"https:\/\/www.enaikoon.com\/es\/contacto\/prueba-gratuita\/\">\u00a1Solicite ahora un kit de prueba\ngratuito!<\/a>\n\n<\/div>\n<div class=\"gl_row_space\"><\/div>\n<div class=\"gl_line\"><\/div>\n<\/div>\n<div class=\"gl_h2big\">C\u00f3mo funciona<\/div>\n<div class=\"row\">\n\n<div class=\"col-md-4\">\n<div class=\"gl_space_top10\"><\/div>\n<div class=\"gl_h4_fix\"><a href=\"https:\/\/www.enaikoon.com\/es\/dispositivos\/gama-locate\/locate-04\/\">instale inViu routes en su m\u00f3vil Android<\/a><\/div>\n<div class=\"gl_space_top15\"><\/div>\n<a href=\"https:\/\/www.enaikoon.com\/es\/dispositivos\/gama-locate\/locate-04\/\" title=\"inViu routes: localice cualquier trackable y analice sus datos\"><img decoding=\"async\" loading=\"lazy\" src=\"https:\/\/www.enaikoon.com\/wp-content\/uploads\/2016\/07\/branch4.png\" alt=\"empiece a rastrear rutas con inViu routes\" width=\"310\" height=\"310\" border=\"0\"><\/a>\n<\/div>\n<div class=\"col-md-4\">\n<div class=\"gl_space_top10\"><\/div>\n<div class=\"gl_h4_fix\"><a href=\"https:\/\/www.enaikoon.com\/es\/software-es\/inviu-pro\/\">asigne trackables a su cuenta de inViu routes<\/a><\/div>\n<div class=\"gl_space_top15\"><\/div>\n<a href=\"https:\/\/www.enaikoon.com\/es\/software-es\/inviu-pro\/\" title=\"ENAiKOON inViu: un software online potente para gestionar y monitorizar flotas\">\n<img decoding=\"async\" loading=\"lazy\" src=\"https:\/\/www.enaikoon.com\/wp-content\/uploads\/2016\/07\/branch5.png\" alt=\"inViu es el portal online de ENAiKOON para gestionar y rastrear flotas\" width=\"310\" height=\"310\" border=\"0\"><\/a>\n<\/div>\n<div class=\"col-md-4\">\n<div class=\"gl_space_top10\"><\/div>\n<div class=\"gl_h4_fix\"><a href=\"https:\/\/www.enaikoon.com\/es\/movil\/\">empiece a rastrear y a sacar partido de las funciones<\/a><\/div>\n<div class=\"gl_space_top15\"><\/div>\n<a href=\"https:\/\/www.enaikoon.com\/es\/movil\/\" title=\"ENAiKOON mobile: protecci\u00f3n f\u00e1cil de su negocio al hacer un seguimiento de su equipo y bienes mediante nuestras aplicaciones m\u00f3vil para empresas\">\n<img decoding=\"async\" loading=\"lazy\" src=\"https:\/\/www.enaikoon.com\/wp-content\/uploads\/2016\/07\/branch6.png\" alt=\"ENAiKOON mobile: protecci\u00f3n f\u00e1cil de su negocio al hacer un seguimiento de su equipo y bienes mediante nuestras aplicaciones m\u00f3vil para empresas\" width=\"310\" height=\"310\" border=\"0\"><\/a>\n<\/div>\n<div class=\"col-md-4\">\n\n<p class=\"gl_space_top10\">\nsimplemente descargue la aplicaci\u00f3n inViu routes en cada tel\u00e9fono Android que desee rastrear\n\n<\/div>\n<div class=\"col-md-4\">\n\n<p class=\"gl_space_top10\">\nasigne cada tel\u00e9fono a su cuenta y consulte en tiempo real la localizaci\u00f3n de sus empleados\n\n<\/div>\n<div class=\"col-md-4\">\n\n<p class=\"gl_space_top10\">pruebe la amplia gama de funciones de inViu   routes: asigne geofences, cree rutas y destinaciones, contacte con   trabajadores y obtenga una vista general de las actividades de su   empresa<\/p>\n\t<\/div>\n<div class=\"gl_space_pagebot\">&nbsp;<\/div>\n<\/div>","protected":false},"excerpt":{"rendered":"<p> [&hellip;]<\/p>\n","protected":false},"author":7,"featured_media":0,"parent":6217,"menu_order":0,"comment_status":"closed","ping_status":"closed","template":"","meta":{"footnotes":""},"acf":[],"_links":{"self":[{"href":"https:\/\/www.enaikoon.com\/es\/wp-json\/wp\/v2\/pages\/6221"}],"collection":[{"href":"https:\/\/www.enaikoon.com\/es\/wp-json\/wp\/v2\/pages"}],"about":[{"href":"https:\/\/www.enaikoon.com\/es\/wp-json\/wp\/v2\/types\/page"}],"author":[{"embeddable":true,"href":"https:\/\/www.enaikoon.com\/es\/wp-json\/wp\/v2\/users\/7"}],"replies":[{"embeddable":true,"href":"https:\/\/www.enaikoon.com\/es\/wp-json\/wp\/v2\/comments?post=6221"}],"version-history":[{"count":15,"href":"https:\/\/www.enaikoon.com\/es\/wp-json\/wp\/v2\/pages\/6221\/revisions"}],"predecessor-version":[{"id":17033,"href":"https:\/\/www.enaikoon.com\/es\/wp-json\/wp\/v2\/pages\/6221\/revisions\/17033"}],"up":[{"embeddable":true,"href":"https:\/\/www.enaikoon.com\/es\/wp-json\/wp\/v2\/pages\/6217"}],"wp:attachment":[{"href":"https:\/\/www.enaikoon.com\/es\/wp-json\/wp\/v2\/media?parent=6221"}],"curies":[{"name":"wp","href":"https:\/\/api.w.org\/{rel}","templated":true}]}}