{"id":6219,"date":"2016-08-01T07:42:23","date_gmt":"2016-08-01T07:42:23","guid":{"rendered":"https:\/\/www.enaikoon.com\/?page_id=6219"},"modified":"2019-07-30T14:56:48","modified_gmt":"2019-07-30T14:56:48","slug":"construccion","status":"publish","type":"page","link":"https:\/\/www.enaikoon.com\/es\/solucion\/industrias\/construccion\/","title":{"rendered":"construcci\u00f3n"},"content":{"rendered":"<div class=\"row row-slider\">\n\t\t\t<!-- START Construction_es REVOLUTION SLIDER 6.6.16 --><p class=\"rs-p-wp-fix\"><\/p>\n\t\t\t<rs-module-wrap id=\"rev_slider_56_1_wrapper\" data-source=\"gallery\" style=\"visibility:hidden;background:transparent;padding:0;margin:0px auto;margin-top:0;margin-bottom:0;\">\n\t\t\t\t<rs-module id=\"rev_slider_56_1\" style=\"\" data-version=\"6.6.16\">\n\t\t\t\t\t<rs-slides style=\"overflow: hidden; position: absolute;\">\n\t\t\t\t\t\t<rs-slide style=\"position: absolute;\" data-key=\"rs-80\" data-title=\"banner\" data-anim=\"adpr:false;\">\n\t\t\t\t\t\t\t<img src=\"\/\/www.enaikoon.com\/wp-content\/plugins\/revslider\/public\/assets\/assets\/dummy.png\" alt=\"\" title=\"construcci\u00f3n\" class=\"rev-slidebg tp-rs-img rs-lazyload\" data-lazyload=\"\/\/www.enaikoon.com\/wp-content\/uploads\/2016\/08\/Banner_ConstructionMnger_07.png\" data-no-retina>\n<!--\n\t\t\t\t\t\t\t--><rs-layer\n\t\t\t\t\t\t\t\tid=\"slider-56-slide-80-layer-1\" \n\t\t\t\t\t\t\t\tdata-type=\"image\"\n\t\t\t\t\t\t\t\tdata-rsp_ch=\"on\"\n\t\t\t\t\t\t\t\ttitle=\"La soluci\u00f3n de ENAiKOON para las obras de construcci\u00f3n y monitorizaci\u00f3n de maquinaria\"\n\t\t\t\t\t\t\t\tdata-text=\"l:22;\"\n\t\t\t\t\t\t\t\tdata-dim=\"w:998px;h:300px;\"\n\t\t\t\t\t\t\t\tdata-frame_0=\"tp:600;\"\n\t\t\t\t\t\t\t\tdata-frame_1=\"tp:600;e:power2.inOut;st:500;\"\n\t\t\t\t\t\t\t\tdata-frame_999=\"o:0;tp:600;e:nothing;st:w;\"\n\t\t\t\t\t\t\t\tstyle=\"z-index:5;\"\n\t\t\t\t\t\t\t><img src=\"\/\/www.enaikoon.com\/wp-content\/plugins\/revslider\/public\/assets\/assets\/dummy.png\" alt=\"Monitorizaci\u00f3n f\u00e1cil de obras de construcci\u00f3n\" class=\"tp-rs-img rs-lazyload\" data-lazyload=\"\/wp-content\/uploads\/2016\/07\/Banner_ConstructionMnger_01.png\" data-no-retina> \n\t\t\t\t\t\t\t<\/rs-layer><!--\n\n\t\t\t\t\t\t\t--><rs-layer\n\t\t\t\t\t\t\t\tid=\"slider-56-slide-80-layer-2\" \n\t\t\t\t\t\t\t\tclass=\"medium-blue-text\"\n\t\t\t\t\t\t\t\tdata-type=\"text\"\n\t\t\t\t\t\t\t\tdata-color=\"rgba(70,180,231,1)\"\n\t\t\t\t\t\t\t\tdata-rsp_ch=\"on\"\n\t\t\t\t\t\t\t\tdata-xy=\"x:540px;y:50px;\"\n\t\t\t\t\t\t\t\tdata-text=\"s:32;l:34;fw:700;\"\n\t\t\t\t\t\t\t\tdata-frame_0=\"y:50px;tp:600;\"\n\t\t\t\t\t\t\t\tdata-frame_1=\"tp:600;e:power2.inOut;st:800;sp:500;\"\n\t\t\t\t\t\t\t\tdata-frame_999=\"o:1;tp:600;e:nothing;st:w;\"\n\t\t\t\t\t\t\t\tstyle=\"z-index:6;font-family:'Myriad Pro';color:#12B9FF !important;letter-spacing:0px !important;\"\n\t\t\t\t\t\t\t>Localizaci\u00f3n y gesti\u00f3n de <br\/>maquinaria de construcci\u00f3n, <br\/>veh\u00edculos y trabajadores <br\/>m\u00f3viles \n\t\t\t\t\t\t\t<\/rs-layer><!--\n\n\t\t\t\t\t\t\t--><rs-layer\n\t\t\t\t\t\t\t\tid=\"slider-56-slide-80-layer-3\" \n\t\t\t\t\t\t\t\tclass=\"small-brown-text\"\n\t\t\t\t\t\t\t\tdata-type=\"text\"\n\t\t\t\t\t\t\t\tdata-color=\"rgba(143,143,143,1)\"\n\t\t\t\t\t\t\t\tdata-rsp_ch=\"on\"\n\t\t\t\t\t\t\t\tdata-xy=\"x:540px;y:198px;\"\n\t\t\t\t\t\t\t\tdata-text=\"s:16;l:20;\"\n\t\t\t\t\t\t\t\tdata-frame_0=\"y:50px;tp:600;\"\n\t\t\t\t\t\t\t\tdata-frame_1=\"tp:600;e:power2.inOut;st:800;sp:500;\"\n\t\t\t\t\t\t\t\tdata-frame_999=\"o:1;tp:600;e:nothing;st:w;\"\n\t\t\t\t\t\t\t\tstyle=\"z-index:7;font-family:'Myriad Pro';letter-spacing:1 !important;font-size:14.4px;line-height:17px;\"\n\t\t\t\t\t\t\t>Compruebe c\u00f3mo la integraci\u00f3n de telem\u00e1tica en<br\/>\nsu negocio puede ahorrarle tiempo y dinero \n\t\t\t\t\t\t\t<\/rs-layer><!--\n\n\t\t\t\t\t\t\t--><rs-layer\n\t\t\t\t\t\t\t\tid=\"slider-56-slide-80-layer-4\" \n\t\t\t\t\t\t\t\tdata-type=\"text\"\n\t\t\t\t\t\t\t\tdata-color=\"rgba(255,255,255,1)\"\n\t\t\t\t\t\t\t\tdata-rsp_ch=\"on\"\n\t\t\t\t\t\t\t\tdata-xy=\"x:540px;y:244px;\"\n\t\t\t\t\t\t\t\tdata-text=\"l:22;\"\n\t\t\t\t\t\t\t\tdata-frame_0=\"y:50px;tp:600;\"\n\t\t\t\t\t\t\t\tdata-frame_1=\"tp:600;e:power2.inOut;st:800;sp:500;\"\n\t\t\t\t\t\t\t\tdata-frame_999=\"o:1;tp:600;e:nothing;st:w;\"\n\t\t\t\t\t\t\t\tstyle=\"z-index:8;font-family:'';\"\n\t\t\t\t\t\t\t><a class=\"gl_button_blue\" href=\"\/es\/solucion\/nuestros-servicios\/\">Nuestros servicios<\/a> \n\t\t\t\t\t\t\t<\/rs-layer><!--\n-->\t\t\t\t\t\t<\/rs-slide>\n\t\t\t\t\t<\/rs-slides>\n\t\t\t\t<\/rs-module>\n\t\t\t\t<script>\n\t\t\t\t\tsetREVStartSize({c: 'rev_slider_56_1',rl:[1240,1024,778,480],el:[],gw:[998],gh:[300],type:'standard',justify:'',layout:'fullwidth',mh:\"0\"});if (window.RS_MODULES!==undefined && window.RS_MODULES.modules!==undefined && window.RS_MODULES.modules[\"revslider561\"]!==undefined) {window.RS_MODULES.modules[\"revslider561\"].once = false;window.revapi56 = undefined;if (window.RS_MODULES.checkMinimal!==undefined) window.RS_MODULES.checkMinimal()}\n\t\t\t\t<\/script>\n\t\t\t<\/rs-module-wrap>\n\t\t\t<!-- END REVOLUTION SLIDER -->\n<\/div>\n<div class=\"row\">\n\n<div class=\"col-md-4\">\n<div class=\"gl_h2big\">Nuestras soluciones ofrecen<\/div>\n<div class=\"gl_h4big\">gesti\u00f3n de empleados<\/div>\n<div class=\"gl_ul_style2\">\n<ul type=\"square\">\n \t<li>sepa exactamente qu\u00e9 empleado condujo qu\u00e9 veh\u00edculo y durante cu\u00e1nto tiempo<\/li>\n \t<li>an\u00e1lisis del modo de conducci\u00f3n y operatividad de los trabajadores<\/li>\n \t<li>control de accesos: s\u00f3lo los conductores autorizados y con licencia pueden manejar las m\u00e1quinas o equipos de construcci\u00f3n<\/li>\n \t<li>horario de trabajo de empleados<\/li>\n<\/ul>\n<\/div>\n<div class=\"gl_space_top15\"><\/div>\n<div class=\"gl_h4big\">gesti\u00f3n de flotas de construcci\u00f3n<\/div>\n<div class=\"gl_ul_style2\">\n<ul type=\"square\">\n \t<li>suprime el uso innecesario de m\u00e1quinas<\/li>\n \t<li>ahorra en costes de mantenimiento<\/li>\n \t<li>informes exhaustivos<\/li>\n<\/ul>\n<\/div>\n<div class=\"gl_space_top15\"><\/div>\n<div class=\"gl_h4big\">monitorizaci\u00f3n de maquinaria<\/div>\n<div class=\"gl_ul_style2\">\n<ul type=\"square\">\n \t<li>en qu\u00e9 obra de construcci\u00f3n est\u00e1 la maquinaria<\/li>\n \t<li>localizaci\u00f3n exacta de m\u00e1quinas<\/li>\n \t<li>durante cu\u00e1nto tiempo se us\u00f3 la maquinaria<\/li>\n \t<li>asignaci\u00f3n de costes<\/li>\n<\/ul>\n<\/div>\n<div class=\"gl_space_top15\"><\/div>\n<div class=\"gl_h4big\">seguridad en las obras de construcci\u00f3n<\/div>\n<div class=\"gl_ul_style2\">\n<ul type=\"square\">\n \t<li>detecci\u00f3n de robo y fraude<\/li>\n \t<li>recuperaci\u00f3n de maquinaria y veh\u00edculos robados<\/li>\n \t<li>detener el robo y fraude<\/li>\n \t<li>detectar uso no autorizado<\/li>\n<\/ul>\n<\/div>\n<div class=\"gl_space_top15\"><\/div>\n<div class=\"gl_h4big\">gesti\u00f3n de obras de construcci\u00f3n<\/div>\n<div class=\"gl_ul_style2\">\n<ul type=\"square\">\n \t<li>transparencia en las tareas de los trabajadores<\/li>\n \t<li>asignaci\u00f3n de veh\u00edculos, m\u00e1quinas y tareas<\/li>\n \t<li>mejora del rendimiento del trabajo<\/li>\n \t<li>contabilidad sin papeles<\/li>\n<\/ul>\n<\/div>\n<div class=\"gl_space_top20\"><\/div>\n<div class=\"gl_h2big\">Fichas de tema<\/div>\n<\/div>\n\n<div class=\"col-md-4\">\n<div class=\"gl_h2big\">Lo que opinan\nnuestros usuarios&#8230;<\/div>\n<div class=\"gl_space_top20\"><\/div>\n<div class=\"gl_industry\">\n<div class=\"gl_industry_image\"><a href=\"https:\/\/www.enaikoon.com\/es\/solucion\/casos-practicos\/programa-de-mantenimiento\/\" title=\"Programa de mantenimiento\"><img decoding=\"async\" loading=\"lazy\" src=\"https:\/\/www.enaikoon.com\/wp-content\/uploads\/2016\/08\/c53967d2af.jpg\" alt=\"Programa de mantenimiento\" width=\"40\" height=\"64\" border=\"0\"><\/a><\/div>\n<div class=\"gl_industry_text\">\n<p class=\"gl_h4big\"><a href=\"https:\/\/www.enaikoon.com\/es\/solucion\/casos-practicos\/programa-de-mantenimiento\/\">Programa de mantenimiento<\/a><\/p>\n\u00abPodemos planificar cada inspecci\u00f3n y   rutina de mantenimiento incluidas en nuestro plan completo de servicio,   determinado por fechas, horas operativas o distancia recorrida.\u00bb\n\n<\/div>\n<\/div>\n<div class=\"gl_industry\">\n<div class=\"gl_industry_image\"><a href=\"https:\/\/www.enaikoon.com\/es\/solucion\/casos-practicos\/transporte-y-cadena-de-frio\/\" title=\"Gesti\u00f3n construcci\u00f3n\"><img decoding=\"async\" loading=\"lazy\" src=\"https:\/\/www.enaikoon.com\/wp-content\/uploads\/2016\/08\/dfcba8db0e.jpg\" alt=\"Gesti\u00f3n construcci\u00f3n\" width=\"40\" height=\"64\" border=\"0\"><\/a><\/div>\n<div class=\"gl_industry_text\">\n<p class=\"gl_h4big\"><a href=\"https:\/\/www.enaikoon.com\/es\/solucion\/casos-practicos\/transporte-y-cadena-de-frio\/\">Gesti\u00f3n maquinaria de construcci\u00f3n<\/a><\/p>\n\n\t\t\t\t\t\u00abPara nosotros es muy importante tener   todas las m\u00e1quinas de construcci\u00f3n en buen estado, porque as\u00ed podemos   coordinar y controlar los equipos que usamos en cada obra.\u00bb\n\n<\/div>\n<\/div>\n<div class=\"gl_industry\">\n<div class=\"gl_industry_image\"><a href=\"https:\/\/www.enaikoon.com\/es\/solucion\/casos-practicos\/alquiler-para-construccion\/\" title=\"Construction equipment management\"><img decoding=\"async\" loading=\"lazy\" src=\"https:\/\/www.enaikoon.com\/wp-content\/uploads\/2016\/08\/bf2ba5eeb7.png\" alt=\"Construction equipment management\" width=\"40\" height=\"64\" border=\"0\"><\/a><\/div>\n<div class=\"gl_industry_text\">\n<p class=\"gl_h4big\"><a href=\"https:\/\/www.enaikoon.com\/es\/solucion\/casos-practicos\/alquiler-para-construccion\/\" target=\"_self\">Alquiler para\nconstrucci\u00f3n<\/a>\n\n\u00abEs muy importante para nosotros   acceder a los datos de la maquinaria, como horas de trabajo, nivel de la   bater\u00eda, tiempos de carga, etc.\u00bb\n\n<\/div>\n<\/div>\n<\/div>\n\n<div class=\"col-md-4\">\n<div class=\"gl_enaikoon_logo\"><img decoding=\"async\" src=\"https:\/\/www.enaikoon.com\/wp-content\/uploads\/2016\/07\/ENAiKOON-frosted-logo.png\" alt=\"\"><\/div>\n<div><a class=\"gl_button_blue\" href=\"https:\/\/www.enaikoon.com\/es\/contacto\/contacto\/\">cont\u00e1ctenos<\/a><\/div>\n<div class=\"gl_introduction_contact\">\n                    <img decoding=\"async\" src=\"https:\/\/www.enaikoon.com\/wp-content\/uploads\/2016\/07\/icon_email.png\" alt=\"\">\n<p class=\"gl_text_space\"><a rel=\"nofollow\" href=\"mailto:sales@enaikoon.com\">sales@enaikoon.com<\/a><\/p>\n\n\n<\/div>\n<div class=\"gl_introduction_contact\">\n<p class=\"gl_text_space\"><img decoding=\"async\" src=\"https:\/\/www.enaikoon.com\/wp-content\/uploads\/2016\/07\/icon_phone1.png\" alt=\"\">\n+49 30 397475-30\n\n<\/div>\n<div class=\"gl_introduction_contact\">\n<p class=\"gl_text_space\"><img decoding=\"async\" src=\"https:\/\/www.enaikoon.com\/wp-content\/uploads\/2016\/07\/icon_phone2.png\" alt=\"\">\n+49 30 397475-40\n\n<\/div>\n<div class=\"gl_space_top20\"><\/div>\n<div class=\"gl_space_top20\"><\/div>\n<div><a class=\"gl_button_blue\" href=\"https:\/\/www.enaikoon.com\/es\/solucion\/industrias\/\">volver a industrias<\/a><\/div>\n<div class=\"gl_space_top20\"><\/div>\nDescubra todas las posibilidades y lo sencillo que es de usar nuestro portal web inViu pro, simplemente haga clic en el bot\u00f3n que aparece abajo y en la siguiente pantalla seleccione la opci\u00f3n de demo.\n<div><a class=\"gl_button_yellow\" rel=\"nofollow\" href=\"https:\/\/sso.enaikoon.de\/SSOServer\/?locale=es&amp;demo=1\" target=\"_blank\">inViu pro demo<\/a><\/div>\n<a href=\"https:\/\/www.enaikoon.com\/es\/contacto\/prueba-gratuita\/\" title=\"Try out the app for free!\"><img decoding=\"async\" class=\"gl_space_left30\" src=\"https:\/\/www.enaikoon.com\/wp-content\/uploads\/2016\/07\/Try-n-Buy-icon_11.png\" alt=\"free trial for field service app\" border=\"0\"><\/a>\n<div class=\"gl_space_top15\"><\/div>\n<div class=\"gl_h4big\"><a href=\"https:\/\/www.enaikoon.com\/es\/contacto\/prueba-gratuita\/\" target=\"_self\">Kit de prueba gratuito<\/a><\/div>\ninViu demo es el primer paso para conseguir una soluci\u00f3n telem\u00e1tica\nde ENAiKOON.\n<a href=\"https:\/\/www.enaikoon.com\/es\/contacto\/prueba-gratuita\/\">\u00a1Solicite ahora un kit de prueba gratuito!<\/a>\n\n<\/div>\n\n<\/div>\n<!--Branch sheets-->\n\n<div class=\"row\">\n\n<div class=\"col-md-4\">\n<div class=\"clearfix\">\n<div class=\"branch_sheet_img\">\n        <a rel=\"nofollow\" href=\"https:\/\/www.enaikoon.com\/fileadmin\/enaikoon\/Dateien\/pdf\/Branche\/Baumaschinenverm\/englisch\/ENAiKOON_branch_sheet_Construction_Equipment_Rentals.pdf\" target=\"_blank\"><img decoding=\"async\" src=\"https:\/\/www.enaikoon.com\/wp-content\/uploads\/2016\/07\/Branch_sheets1.jpg\" alt=\"\" border=\"0\"> <\/a><\/div>\n<div class=\"branch_sheet_name\"><a rel=\"nofollow\" href=\"https:\/\/www.enaikoon.com\/uploads\/media\/ENAiKOON_hojas_de_aplicaciones_Alquiler_de_equipos_de_construccion.pdf\" target=\"_blank\">alquiler de maquinaria<\/a><\/div>\n<\/div>\n<\/div>\n\n<div class=\"col-md-4\">\n<div class=\"clearfix\">\n<div class=\"branch_sheet_img\">\n\t\t<a rel=\"nofollow\" href=\"https:\/\/www.enaikoon.com\/fileadmin\/enaikoon\/Dateien\/pdf\/Branche\/Bauunternehmung\/englisch\/ENAiKOON_branch_sheet_Construction_Company.pdf\" target=\"_blank\"><img decoding=\"async\" class=\"branch_sheet_img\" src=\"https:\/\/www.enaikoon.com\/wp-content\/uploads\/2016\/07\/Branch_sheets2.jpg\" alt=\"\" border=\"0\"> <\/a><\/div>\n<div class=\"branch_sheet_name\"><a rel=\"nofollow\" href=\"https:\/\/www.enaikoon.com\/uploads\/media\/ENAiKOON_branch_sheet_Construction_Company.pdf\" target=\"_blank\">compa\u00f1\u00eda de construcci\u00f3n<\/a><\/div>\n<\/div>\n<\/div>\n\n<div class=\"col-md-4\">\n<div class=\"clearfix\">\n<div class=\"branch_sheet_img\">\n\t\t<a rel=\"nofollow\" href=\"https:\/\/www.enaikoon.com\/uploads\/media\/ENAiKOON_branch_sheet_Construction_Machine_Manufacturer.pdf\" target=\"_blank\"><img decoding=\"async\" class=\"branch_sheet_img\" src=\"https:\/\/www.enaikoon.com\/wp-content\/uploads\/2016\/07\/Branch_sheets3.jpg\" alt=\"\" border=\"0\"> <\/a><\/div>\n<div class=\"branch_sheet_name\"><a rel=\"nofollow\" href=\"https:\/\/www.enaikoon.com\/uploads\/media\/ENAiKOON_branch_sheet_Construction_Machine_Manufacturer_01.pdf\" target=\"_blank\">construction machine\nindustries<\/a><\/div>\n<\/div>\n<\/div>\n<div class=\"gl_row_space\"><\/div>\n<div class=\"gl_line\"><\/div>\n<\/div>\n<div class=\"gl_h2big\">C\u00f3mo funciona<\/div>\n<div class=\"row\">\n\n<div class=\"col-md-4\">\n<div class=\"gl_space_top10\"><\/div>\n<div class=\"gl_h4_fix2\">recopilaci\u00f3n y env\u00edo de datos desde los dispositivos de rastreo<\/div>\n<div class=\"gl_space_top15\"><\/div>\n<a href=\"https:\/\/www.enaikoon.com\/es\/dispositivos\/gama-locate\/locate-04\/\" title=\"dispositivos GPS de ENAiKOON: localizan cualquier trackable y analizan sus datos\"><img decoding=\"async\" loading=\"lazy\" src=\"https:\/\/www.enaikoon.com\/wp-content\/uploads\/2016\/07\/branch1.png\" alt=\"inViu es el portal online de gesti\u00f3n y rastreo de flotas de ENAiKOON\" width=\"310\" height=\"310\" border=\"0\"><\/a>\n<\/div>\n<div class=\"col-md-4\">\n<div class=\"gl_space_top10\"><\/div>\n<div class=\"gl_h4_fix\">toda la informaci\u00f3n importante disponible en un vistazo<\/div>\n<div class=\"gl_space_top15\"><\/div>\n<a href=\"https:\/\/www.enaikoon.com\/es\/software-es\/inviu-pro\/\" title=\"ENAiKOON inViu: un potente software online de gesti\u00f3n y monitorizaci\u00f3n de flotas\"><img decoding=\"async\" loading=\"lazy\" src=\"https:\/\/www.enaikoon.com\/wp-content\/uploads\/2016\/07\/branch2.png\" alt=\"ENAiKOON mobile: f\u00e1cil protecci\u00f3n de su negocio al mantener el control de su equipo y activos mediante nuestras soluciones empresariales m\u00f3viles.\" width=\"310\" height=\"310\" border=\"0\"><\/a>\n<\/div>\n<div class=\"col-md-4\">\n<div class=\"gl_space_top10\"><\/div>\n<div class=\"gl_h4_fix\">gesti\u00f3n de empleados y acceso a datos m\u00f3viles<\/div>\n<div class=\"gl_space_top15\"><\/div>\n<a href=\"https:\/\/www.enaikoon.com\/es\/movil\/\" title=\"ENAiKOON mobile: f\u00e1cil protecci\u00f3n de su negocio al mantener el control de su equipo y activos mediante nuestras soluciones empresariales m\u00f3viles.\"><img decoding=\"async\" loading=\"lazy\" src=\"https:\/\/www.enaikoon.com\/wp-content\/uploads\/2016\/07\/branch3.png\" alt=\"ENAiKOON mobile: f\u00e1cil protecci\u00f3n de su negocio al mantener el control de su equipo y activos mediante nuestras soluciones empresariales m\u00f3viles.\" width=\"310\" height=\"310\" border=\"0\"><\/a>\n<\/div>\n<div class=\"col-md-4\">\n\n<p class=\"text_space\">\nLas   caracter\u00edsticas avanzadas y t\u00e9cnicas de nuestros dispositivos permiten   localizar y analizar una amplia gama de datos remotos. El dispositivo de   rastreo <a href=\"https:\/\/www.enaikoon.com\/es\/dispositivos\/gama-locate\/locate-04\/\" title=\"Abre el enlace interno en la ventana actual\">ENAiKOON locate-04<\/a> representa la base y se puede optimizar con el accesorio adecuado.\n\n<\/div>\n<div class=\"col-md-4\">\n\n<p class=\"text_space\">\nControl   remoto y gesti\u00f3n de sus bienes en cualquier momento, en cualquier   sitio, con inViu integrado f\u00e1cilmente en su negocio. Una gran variedad   de plugins de software le permite crear soluciones telem\u00e1ticas a medida   dise\u00f1adas para sus necesidades.&nbsp;\n\n<\/div>\n<div class=\"col-md-4\">\n\n<p class=\"text_space\">\n                El   software para tel\u00e9fonos m\u00f3viles&nbsp;complementa las soluciones telem\u00e1ticas   modernas de ENAiKOON. Por una parte, la app inViu routes env\u00eda la   informaci\u00f3n de localizaci\u00f3n de su jefe de obra y capataz al portal   online inViu web; por otra parte, muestra la ubicaci\u00f3n de toda su   maquinaria de construcci\u00f3n y veh\u00edculos.\n\n<\/div>\n<div class=\"gl_space_pagebot\">&nbsp;<\/div>\n<\/div>","protected":false},"excerpt":{"rendered":"<p> [&hellip;]<\/p>\n","protected":false},"author":7,"featured_media":0,"parent":6217,"menu_order":0,"comment_status":"closed","ping_status":"closed","template":"","meta":{"footnotes":""},"acf":[],"_links":{"self":[{"href":"https:\/\/www.enaikoon.com\/es\/wp-json\/wp\/v2\/pages\/6219"}],"collection":[{"href":"https:\/\/www.enaikoon.com\/es\/wp-json\/wp\/v2\/pages"}],"about":[{"href":"https:\/\/www.enaikoon.com\/es\/wp-json\/wp\/v2\/types\/page"}],"author":[{"embeddable":true,"href":"https:\/\/www.enaikoon.com\/es\/wp-json\/wp\/v2\/users\/7"}],"replies":[{"embeddable":true,"href":"https:\/\/www.enaikoon.com\/es\/wp-json\/wp\/v2\/comments?post=6219"}],"version-history":[{"count":20,"href":"https:\/\/www.enaikoon.com\/es\/wp-json\/wp\/v2\/pages\/6219\/revisions"}],"predecessor-version":[{"id":16998,"href":"https:\/\/www.enaikoon.com\/es\/wp-json\/wp\/v2\/pages\/6219\/revisions\/16998"}],"up":[{"embeddable":true,"href":"https:\/\/www.enaikoon.com\/es\/wp-json\/wp\/v2\/pages\/6217"}],"wp:attachment":[{"href":"https:\/\/www.enaikoon.com\/es\/wp-json\/wp\/v2\/media?parent=6219"}],"curies":[{"name":"wp","href":"https:\/\/api.w.org\/{rel}","templated":true}]}}