{"id":6215,"date":"2016-08-01T07:39:47","date_gmt":"2016-08-01T07:39:47","guid":{"rendered":"https:\/\/www.enaikoon.com\/?page_id=6215"},"modified":"2017-06-12T13:50:14","modified_gmt":"2017-06-12T13:50:14","slug":"planificacion-logistica","status":"publish","type":"page","link":"https:\/\/www.enaikoon.com\/es\/solucion\/casos-practicos\/planificacion-logistica\/","title":{"rendered":"Planificaci\u00f3n log\u00edstica"},"content":{"rendered":"<div class=\"gl_slide_scroll_box\">\r\n\t<div class=\"gl_scroll_box\">\r\n <noindex><\/noindex>        <ul>\r\n            <li><a class=\"gl_scroll_link_title\" href=\"https:\/\/www.enaikoon.com\/es\/solucion\/casos-practicos\/alquiler-para-construccion\/\" title=\"Alquiler para construcci\u00f3n\">Alquiler para<br\/>construcci\u00f3n<\/a><br\/>\r\n            <a href=\"https:\/\/www.enaikoon.com\/es\/solucion\/casos-practicos\/alquiler-para-construccion\/\" title=\"Alquiler para construcci\u00f3n\"><img decoding=\"async\" class=\"gl_scroll_link_img\" src=\"https:\/\/www.enaikoon.com\/wp-content\/uploads\/2016\/07\/case_construction_equipment.png\" border=\"0\" alt=\"\"><\/a><\/li>\r\n            \r\n            <li><a class=\"gl_scroll_link_title\" href=\"https:\/\/www.enaikoon.com\/es\/solucion\/casos-practicos\/antirrobo-de-combustible\/\"   title=\"Antirrobo de combustible\">Antirrobo de<br\/>combustible<\/a><br\/>\r\n            <a href=\"https:\/\/www.enaikoon.com\/es\/solucion\/casos-practicos\/antirrobo-de-combustible\/\"  title=\"Antirrobo de combustible\"><img decoding=\"async\" class=\"gl_scroll_link_img\" src=\"https:\/\/www.enaikoon.com\/wp-content\/uploads\/2016\/07\/case_fuel_theft.png\" border=\"0\" alt=\"\"><\/a><\/li>\r\n            \r\n            <li><a class=\"gl_scroll_link_title\" href=\"https:\/\/www.enaikoon.com\/es\/solucion\/casos-practicos\/gestion-de-rondas-de-vigilancia\/\" title=\"Gesti\u00f3n de rondas de vigilancia\">Gesti\u00f3n de rondas<br>de vigilancia<\/a><br\/>\r\n            <a href=\"https:\/\/www.enaikoon.com\/es\/solucion\/casos-practicos\/gestion-de-rondas-de-vigilancia\/\" title=\"Gesti\u00f3n de rondas de vigilancia\"><img decoding=\"async\" class=\"gl_scroll_link_img\" src=\"https:\/\/www.enaikoon.com\/wp-content\/uploads\/2016\/07\/case_guard_tour.png\" border=\"0\" alt=\"\"><\/a><\/li>\r\n            \r\n            <li><a class=\"gl_scroll_link_title\" href=\"https:\/\/www.enaikoon.com\/es\/solucion\/casos-practicos\/app-de-rastreo-gps\/\"  title=\"App de rastreo GPS\">App de rastreo GPS<\/a><br\/>\r\n            <a href=\"https:\/\/www.enaikoon.com\/es\/solucion\/casos-practicos\/app-de-rastreo-gps\/\"  title=\"App de rastreo GPS\"><img decoding=\"async\" class=\"gl_scroll_link_img\" src=\"https:\/\/www.enaikoon.com\/wp-content\/uploads\/2016\/07\/case_mobile.png\" border=\"0\" alt=\"\"><\/a><\/li>\r\n            \r\n            <li><a class=\"gl_scroll_link_title\" href=\"https:\/\/www.enaikoon.com\/es\/solucion\/casos-practicos\/transporte-y-cadena-de-frio\/\" title=\"Transporte y cadena de fr\u00edo\">Transporte y cadena <br\/>de fr\u00edo<\/a><br\/>\r\n            <a href=\"https:\/\/www.enaikoon.com\/es\/solucion\/casos-practicos\/transporte-y-cadena-de-frio\/\" title=\"Transporte y cadena de fr\u00edo\"><img decoding=\"async\" class=\"gl_scroll_link_img\" src=\"https:\/\/www.enaikoon.com\/wp-content\/uploads\/2016\/07\/case_cold_chain.png\" border=\"0\" alt=\"\"><\/a><\/li>\r\n             \r\n              <li><a class=\"gl_scroll_link_title\" href=\"https:\/\/www.enaikoon.com\/es\/solucion\/casos-practicos\/gestion-del-carburante-con-bus-can\/\" title=\"Gesti\u00f3n del carburante con bus CAN\">Gesti\u00f3n del carburante <br\/>con bus CAN<\/a><br\/>\r\n             <a href=\"https:\/\/www.enaikoon.com\/es\/solucion\/casos-practicos\/gestion-del-carburante-con-bus-can\/\" title=\"Gesti\u00f3n del carburante con bus CAN\"><img decoding=\"async\" class=\"gl_scroll_link_img\" src=\"https:\/\/www.enaikoon.com\/wp-content\/uploads\/2016\/07\/case_CAN_bus.png\" border=\"0\" alt=\"\"><\/a><\/li>\r\n             \r\n             <li><a class=\"gl_scroll_link_title\" href=\"https:\/\/www.enaikoon.com\/es\/solucion\/casos-practicos\/gestion-de-maquinaria-de-construccion\/\"  title=\"gesti\u00f3n construcci\u00f3n\">Gesti\u00f3n de maquinaria <br\/>de construcci\u00f3n<\/a><br\/>\r\n             <a href=\"https:\/\/www.enaikoon.com\/es\/solucion\/casos-practicos\/gestion-de-maquinaria-de-construccion\/\" title=\"gesti\u00f3n construcci\u00f3n\"><img decoding=\"async\" class=\"gl_scroll_link_img\" src=\"https:\/\/www.enaikoon.com\/wp-content\/uploads\/2016\/07\/case_construction_asset.png\" border=\"0\" alt=\"\"><\/a><\/li>\r\n             \r\n             <li><a class=\"gl_scroll_link_title\" href=\"https:\/\/www.enaikoon.com\/es\/solucion\/casos-practicos\/planificacion-y-coordinacion\/\" title=\"coordinaci\u00f3n\">Planificaci\u00f3n y<br>coordinaci\u00f3n<\/a><br\/>\r\n\r\n             <a href=\"https:\/\/www.enaikoon.com\/es\/solucion\/casos-practicos\/planificacion-y-coordinacion\/\" title=\"coordinaci\u00f3n\"><img decoding=\"async\" class=\"gl_scroll_link_img\" src=\"https:\/\/www.enaikoon.com\/wp-content\/uploads\/2016\/07\/case_fleet_dispatching.png\" border=\"0\" alt=\"\"><\/a><\/li>\r\n             \r\n             <li><a class=\"gl_scroll_link_title\" href=\"https:\/\/www.enaikoon.com\/es\/solucion\/casos-practicos\/gestion-de-contenedores\/\" title=\"gesti\u00f3n de contenedores\">Gesti\u00f3n de <br>contenedores<\/a><br\/>\r\n\t\t\t<a href=\"https:\/\/www.enaikoon.com\/es\/solucion\/casos-practicos\/gestion-de-contenedores\/\"><img decoding=\"async\" class=\"gl_scroll_link_img\" src=\"https:\/\/www.enaikoon.com\/wp-content\/uploads\/2016\/07\/case_GPS.png\" border=\"0\"  title=\"gesti\u00f3n de contenedores\" alt=\"\"><\/a><\/li>\r\n             \r\n             <li><a class=\"gl_scroll_link_title\" href=\"https:\/\/www.enaikoon.com\/es\/solucion\/casos-practicos\/robo-de-madera\/\" title=\"robo de madera\">Robo de madera<\/a><br\/>\r\n             <a href=\"https:\/\/www.enaikoon.com\/es\/solucion\/casos-practicos\/robo-de-madera\/\" title=\"robo de madera\"><img decoding=\"async\" class=\"gl_scroll_link_img\" src=\"https:\/\/www.enaikoon.com\/wp-content\/uploads\/2016\/07\/case_logistics.png\" border=\"0\" alt=\"\"><\/a><\/li>\r\n             \r\n             <li><a class=\"gl_scroll_link_title\" href=\"https:\/\/www.enaikoon.com\/es\/solucion\/casos-practicos\/programa-de-mantenimiento\/\"  title=\"Programa de mantenimiento\">Programa de <br\/>mantenimiento<\/a><br\/>\r\n             <a href=\"https:\/\/www.enaikoon.com\/es\/solucion\/casos-practicos\/programa-de-mantenimiento\/\"  title=\"Programa de mantenimiento\"><img decoding=\"async\" class=\"gl_scroll_link_img\" src=\"https:\/\/www.enaikoon.com\/wp-content\/uploads\/2016\/07\/case_fleet_maintenance.png\" border=\"0\" alt=\"\"><\/a><\/li>\r\n             \r\n             <li><a class=\"gl_scroll_link_title\" href=\"https:\/\/www.enaikoon.com\/es\/solucion\/casos-practicos\/seguridad-y-antirrobo\/\" title=\"Seguridad y antirrobo\">Seguridad y<br>antirrobo<\/a><br\/>\r\n             <a href=\"https:\/\/www.enaikoon.com\/es\/solucion\/casos-practicos\/seguridad-y-antirrobo\/\" title=\"Seguridad y antirrobo\"><img decoding=\"async\" class=\"gl_scroll_link_img\" src=\"https:\/\/www.enaikoon.com\/wp-content\/uploads\/2016\/07\/case_security.png\" border=\"0\" alt=\"\"><\/a><\/li>\r\n             \r\n            <li><a class=\"gl_scroll_link_title\" href=\"https:\/\/www.enaikoon.com\/es\/solucion\/casos-practicos\/planificacion-logistica\/\"  title=\"planificaci\u00f3n log\u00edstica\">Planificaci\u00f3n<br>log\u00edstica<\/a>\r\n            <br\/><a href=\"https:\/\/www.enaikoon.com\/es\/solucion\/casos-practicos\/planificacion-logistica\/\"   title=\"planificaci\u00f3n log\u00edstica\"><img decoding=\"async\" class=\"gl_scroll_link_img_active\" src=\"https:\/\/www.enaikoon.com\/wp-content\/uploads\/2016\/07\/case_logistics.png\" border=\"0\" alt=\"\"><\/a><\/li>\r\n            \r\n          <\/ul>\r\n\r\n    <\/div>\r\n<\/div>\r\n\r\n\r\n<div class=\"row\">\r\n\r\n<div class=\"gl_border-page\">\r\n\t\t\r\n\t\t\r\n\t\t<div class=\"col-md-4\">\r\n\t<div class=\"gl_h2big\">\r\nPlanificaci\u00f3n\r\nlog\u00edstica\r\n<\/div>\r\n  <img decoding=\"async\" class=\"gl_space_top5\" src=\"https:\/\/www.enaikoon.com\/wp-content\/uploads\/2016\/07\/fleet-management-inactive_04.png\" alt=\"Soluciones telem\u00e1ticas de ENAiKOON para mejorar la planificaci\u00f3n log\u00edstica\" title=\"Soluciones telem\u00e1ticas de ENAiKOON para mejorar la planificaci\u00f3n log\u00edstica\"   >\r\n  <div class=\"gl_space_top15\"><\/div>\r\n <div class=\"gl_h4big\">Empresa<\/div>\r\n    <p>pape Internationale Spedition Duisburg GmbH, Alemania<br \/>\r\n    <em>Frank Schulte, director general<\/em><\/p>\r\n     <div class=\"gl_space_top15\"><\/div>\r\n <div class=\"gl_h4big\">Sector<\/div>\r\n    <p>Log\u00edstica<\/p>\r\n <div class=\"gl_space_top15\"><\/div>\r\n  <div class=\"gl_h4big\">Contexto<\/div>\r\n    <p class=\"gl_space_right5\">pape Internationale Spedition es especialista en la log\u00edstica de entrega de bienes perecederos, como frutas, verduras y flores. Cuentan con una flota de 350 camiones y 500 empleados que realizan entregas a tiempo por toda Alemania.   <\/p>\r\n\t\t\t\r\n\t\t<\/div>\r\n\t\t\r\n\t\t<div class=\"col-md-4\">\r\n\t\t<div class=\"gl_space_right5\">\r\n\t\t <div class=\"gl_h4big\">Problema<\/div>\r\n    <p>Los operadores de la log\u00edstica deben mantener plazos muy cortos y un servicio impecable. La gerencia debe asegurarse que su flota realiza las entregas a tiempo y al cliente correcto, debido a la alta sensibilidad de los productos que entregan. Para lograr una mayor eficiencia, los operadores de log\u00edstica deben minimizar los costes de combustible, asegurar el descanso de los conductores y planificar perfectamente las rutas.\r\n    <\/p>\r\n     <div class=\"gl_space_top15\"><\/div>\r\n    <div class=\"gl_h4big\">Soluci\u00f3n<\/div>\r\n    <p>300 veh\u00edculos de pape Internationale Spedition fueron equipados con dispositivos de ENAiKOON. Solo hubo que configurar r\u00e1pidamente los dispositivos GPS y el portal online inViu pro estaba inmediatamente listo para su uso. \u00ab\u00a1Nunca hab\u00eda usado un servicio tan \u00fatil y r\u00e1pido y f\u00e1cil de implementar!\u00bb Las soluciones telem\u00e1ticas de ENAiKOON facilitan el trabajo de los operadores de log\u00edstica. <\/p>\r\n  <\/div>\r\n\t\t<\/div>\r\n\t\t\r\n\t\t<div class=\"col-md-4\">\r\n\t\t<div class=\"gl_space_left5\">\r\n\t\t <div class=\"gl_h4big\">Conclusi\u00f3n<\/div>\r\n    <p style=\"padding-right:10px;\">La empresa ya no recibe quejas por retrasos y ha conseguido las herramientas necesarias para identificar y resolver problemas r\u00e1pidamente cuando las cosas no fluyen como lo planeado. La planificaci\u00f3n log\u00edstica es m\u00e1s f\u00e1cil que nunca. <\/p>\r\n<div class=\"gl_space_top15\"><\/div>\r\n    <div><a class=\"gl_button_grey\" href=\"https:\/\/www.enaikoon.com\/es\/recursos\/hojas-de-temas-y-aplicaciones\/\">M\u00e1s aplicaciones<\/a> <\/div>\r\n    <div><a class=\"gl_button_blue\" href=\"https:\/\/www.enaikoon.com\/es\/contacto\/contacto\/\">cont\u00e1ctenos<\/a> <\/div>\r\n<div class=\"gl_space_top15\"><\/div>\r\n    <p>Para esta soluci\u00f3n, se utilizaron los siguientes dispositivos, accesorios, aplicaciones y plugins: <\/p>\r\n \r\n    <div class=\"gl_space_top15\"><\/div>\r\n \t <div><a class=\"gl_button_yellow\"  href=\"https:\/\/www.enaikoon.com\/es\/software-es\/inviu-pro\/\">inViu pro<\/a> <\/div>\r\n     <div><a class=\"gl_button_yellow\"  href=\"https:\/\/www.enaikoon.com\/es\/software-es\/plugins\/temp-checker\/\">temp-checker<\/a> <\/div>\r\n     <div><a class=\"gl_button_yellow\"  href=\"https:\/\/www.enaikoon.com\/es\/software-es\/plugins\/tour-checker\/\">tour-checker<\/a> <\/div>\r\n     <div><a class=\"gl_button_yellow\"  href=\"https:\/\/www.enaikoon.com\/es\/dispositivos\/gama-locate\/locate-06\/\">locate-06<\/a> <\/div>\r\n     <div><a class=\"gl_button_yellow\"  href=\"https:\/\/www.enaikoon.com\/es\/dispositivos\/accesorios\/temp-sensor\/\">temp-sensor<\/a> <\/div>\r\n     <div><a class=\"gl_button_yellow\"  href=\"https:\/\/www.enaikoon.com\/es\/dispositivos\/accesorios\/antenna\/\">antenna<\/a> <\/div>\r\n\t <div><a class=\"gl_button_yellow\"  href=\"https:\/\/www.enaikoon.com\/es\/dispositivos\/accesorios\/sim-card\/\">sim-card<\/a> <\/div>\r\n\t\t<\/div>\r\n\t\t<\/div>\r\n\t\t\r\n\t\t<div class=\"gl_row_space\"><\/div>\r\n<\/div>\r\n\r\n<\/div>","protected":false},"excerpt":{"rendered":"<p> [&hellip;]<\/p>\n","protected":false},"author":7,"featured_media":0,"parent":6183,"menu_order":0,"comment_status":"closed","ping_status":"closed","template":"","meta":{"footnotes":""},"acf":[],"_links":{"self":[{"href":"https:\/\/www.enaikoon.com\/es\/wp-json\/wp\/v2\/pages\/6215"}],"collection":[{"href":"https:\/\/www.enaikoon.com\/es\/wp-json\/wp\/v2\/pages"}],"about":[{"href":"https:\/\/www.enaikoon.com\/es\/wp-json\/wp\/v2\/types\/page"}],"author":[{"embeddable":true,"href":"https:\/\/www.enaikoon.com\/es\/wp-json\/wp\/v2\/users\/7"}],"replies":[{"embeddable":true,"href":"https:\/\/www.enaikoon.com\/es\/wp-json\/wp\/v2\/comments?post=6215"}],"version-history":[{"count":7,"href":"https:\/\/www.enaikoon.com\/es\/wp-json\/wp\/v2\/pages\/6215\/revisions"}],"predecessor-version":[{"id":11434,"href":"https:\/\/www.enaikoon.com\/es\/wp-json\/wp\/v2\/pages\/6215\/revisions\/11434"}],"up":[{"embeddable":true,"href":"https:\/\/www.enaikoon.com\/es\/wp-json\/wp\/v2\/pages\/6183"}],"wp:attachment":[{"href":"https:\/\/www.enaikoon.com\/es\/wp-json\/wp\/v2\/media?parent=6215"}],"curies":[{"name":"wp","href":"https:\/\/api.w.org\/{rel}","templated":true}]}}