{"id":6212,"date":"2016-08-01T07:38:37","date_gmt":"2016-08-01T07:38:37","guid":{"rendered":"https:\/\/www.enaikoon.com\/?page_id=6212"},"modified":"2016-08-29T04:25:43","modified_gmt":"2016-08-29T04:25:43","slug":"seguridad-y-antirrobo","status":"publish","type":"page","link":"https:\/\/www.enaikoon.com\/es\/solucion\/casos-practicos\/seguridad-y-antirrobo\/","title":{"rendered":"Seguridad y antirrobo"},"content":{"rendered":"<div class=\"gl_slide_scroll_box\">\r\n\t<div class=\"gl_scroll_box\">\r\n <noindex><\/noindex>        <ul>\r\n            <li><a class=\"gl_scroll_link_title\" href=\"https:\/\/www.enaikoon.com\/es\/solucion\/casos-practicos\/alquiler-para-construccion\/\" title=\"Alquiler para construcci\u00f3n\">Alquiler para<br\/>construcci\u00f3n<\/a><br\/>\r\n            <a href=\"https:\/\/www.enaikoon.com\/es\/solucion\/casos-practicos\/alquiler-para-construccion\/\" title=\"Alquiler para construcci\u00f3n\"><img decoding=\"async\" class=\"gl_scroll_link_img\" src=\"https:\/\/www.enaikoon.com\/wp-content\/uploads\/2016\/07\/case_construction_equipment.png\" border=\"0\" alt=\"\"><\/a><\/li>\r\n            \r\n            <li><a class=\"gl_scroll_link_title\" href=\"https:\/\/www.enaikoon.com\/es\/solucion\/casos-practicos\/antirrobo-de-combustible\/\"   title=\"Antirrobo de combustible\">Antirrobo de<br\/>combustible<\/a><br\/>\r\n            <a href=\"https:\/\/www.enaikoon.com\/es\/solucion\/casos-practicos\/antirrobo-de-combustible\/\"  title=\"Antirrobo de combustible\"><img decoding=\"async\" class=\"gl_scroll_link_img\" src=\"https:\/\/www.enaikoon.com\/wp-content\/uploads\/2016\/07\/case_fuel_theft.png\" border=\"0\" alt=\"\"><\/a><\/li>\r\n            \r\n            <li><a class=\"gl_scroll_link_title\" href=\"https:\/\/www.enaikoon.com\/es\/solucion\/casos-practicos\/gestion-de-rondas-de-vigilancia\/\" title=\"Gesti\u00f3n de rondas de vigilancia\">Gesti\u00f3n de rondas<br>de vigilancia<\/a><br\/>\r\n            <a href=\"https:\/\/www.enaikoon.com\/es\/solucion\/casos-practicos\/gestion-de-rondas-de-vigilancia\/\" title=\"Gesti\u00f3n de rondas de vigilancia\"><img decoding=\"async\" class=\"gl_scroll_link_img\" src=\"https:\/\/www.enaikoon.com\/wp-content\/uploads\/2016\/07\/case_guard_tour.png\" border=\"0\" alt=\"\"><\/a><\/li>\r\n            \r\n            <li><a class=\"gl_scroll_link_title\" href=\"https:\/\/www.enaikoon.com\/es\/solucion\/casos-practicos\/app-de-rastreo-gps\/\"  title=\"App de rastreo GPS\">App de rastreo GPS<\/a><br\/>\r\n            <a href=\"https:\/\/www.enaikoon.com\/es\/solucion\/casos-practicos\/app-de-rastreo-gps\/\"  title=\"App de rastreo GPS\"><img decoding=\"async\" class=\"gl_scroll_link_img\" src=\"https:\/\/www.enaikoon.com\/wp-content\/uploads\/2016\/07\/case_mobile.png\" border=\"0\" alt=\"\"><\/a><\/li>\r\n            \r\n            <li><a class=\"gl_scroll_link_title\" href=\"https:\/\/www.enaikoon.com\/es\/solucion\/casos-practicos\/transporte-y-cadena-de-frio\/\" title=\"Transporte y cadena de fr\u00edo\">Transporte y cadena <br\/>de fr\u00edo<\/a><br\/>\r\n            <a href=\"https:\/\/www.enaikoon.com\/es\/solucion\/casos-practicos\/transporte-y-cadena-de-frio\/\" title=\"Transporte y cadena de fr\u00edo\"><img decoding=\"async\" class=\"gl_scroll_link_img\" src=\"https:\/\/www.enaikoon.com\/wp-content\/uploads\/2016\/07\/case_cold_chain.png\" border=\"0\" alt=\"\"><\/a><\/li>\r\n             \r\n              <li><a class=\"gl_scroll_link_title\" href=\"https:\/\/www.enaikoon.com\/es\/solucion\/casos-practicos\/gestion-del-carburante-con-bus-can\/\" title=\"Gesti\u00f3n del carburante con bus CAN\">Gesti\u00f3n del carburante <br\/>con bus CAN<\/a><br\/>\r\n             <a href=\"https:\/\/www.enaikoon.com\/es\/solucion\/casos-practicos\/gestion-del-carburante-con-bus-can\/\" title=\"Gesti\u00f3n del carburante con bus CAN\"><img decoding=\"async\" class=\"gl_scroll_link_img\" src=\"https:\/\/www.enaikoon.com\/wp-content\/uploads\/2016\/07\/case_CAN_bus.png\" border=\"0\" alt=\"\"><\/a><\/li>\r\n             \r\n             <li><a class=\"gl_scroll_link_title\" href=\"https:\/\/www.enaikoon.com\/es\/solucion\/casos-practicos\/gestion-de-maquinaria-de-construccion\/\"  title=\"gesti\u00f3n construcci\u00f3n\">Gesti\u00f3n de maquinaria <br\/>de construcci\u00f3n<\/a><br\/>\r\n             <a href=\"https:\/\/www.enaikoon.com\/es\/solucion\/casos-practicos\/gestion-de-maquinaria-de-construccion\/\" title=\"gesti\u00f3n construcci\u00f3n\"><img decoding=\"async\" class=\"gl_scroll_link_img\" src=\"https:\/\/www.enaikoon.com\/wp-content\/uploads\/2016\/07\/case_construction_asset.png\" border=\"0\" alt=\"\"><\/a><\/li>\r\n             \r\n             <li><a class=\"gl_scroll_link_title\" href=\"https:\/\/www.enaikoon.com\/es\/solucion\/casos-practicos\/planificacion-y-coordinacion\/\" title=\"coordinaci\u00f3n\">Planificaci\u00f3n y<br>coordinaci\u00f3n<\/a><br\/>\r\n\r\n             <a href=\"https:\/\/www.enaikoon.com\/es\/solucion\/casos-practicos\/planificacion-y-coordinacion\/\" title=\"coordinaci\u00f3n\"><img decoding=\"async\" class=\"gl_scroll_link_img\" src=\"https:\/\/www.enaikoon.com\/wp-content\/uploads\/2016\/07\/case_fleet_dispatching.png\" border=\"0\" alt=\"\"><\/a><\/li>\r\n             \r\n             <li><a class=\"gl_scroll_link_title\" href=\"https:\/\/www.enaikoon.com\/es\/solucion\/casos-practicos\/gestion-de-contenedores\/\" title=\"gesti\u00f3n de contenedores\">Gesti\u00f3n de <br>contenedores<\/a><br\/>\r\n\t\t\t<a href=\"https:\/\/www.enaikoon.com\/es\/solucion\/casos-practicos\/gestion-de-contenedores\/\"><img decoding=\"async\" class=\"gl_scroll_link_img\" src=\"https:\/\/www.enaikoon.com\/wp-content\/uploads\/2016\/07\/case_GPS.png\" border=\"0\"  title=\"gesti\u00f3n de contenedores\" alt=\"\"><\/a><\/li>\r\n             \r\n             <li><a class=\"gl_scroll_link_title\" href=\"https:\/\/www.enaikoon.com\/es\/solucion\/casos-practicos\/robo-de-madera\/\" title=\"robo de madera\">Robo de madera<\/a><br\/>\r\n             <a href=\"https:\/\/www.enaikoon.com\/es\/solucion\/casos-practicos\/robo-de-madera\/\" title=\"robo de madera\"><img decoding=\"async\" class=\"gl_scroll_link_img\" src=\"https:\/\/www.enaikoon.com\/wp-content\/uploads\/2016\/07\/case_logistics.png\" border=\"0\" alt=\"\"><\/a><\/li>\r\n             \r\n             <li><a class=\"gl_scroll_link_title\" href=\"https:\/\/www.enaikoon.com\/es\/solucion\/casos-practicos\/programa-de-mantenimiento\/\"  title=\"Programa de mantenimiento\">Programa de <br\/>mantenimiento<\/a><br\/>\r\n             <a href=\"https:\/\/www.enaikoon.com\/es\/solucion\/casos-practicos\/programa-de-mantenimiento\/\"  title=\"Programa de mantenimiento\"><img decoding=\"async\" class=\"gl_scroll_link_img\" src=\"https:\/\/www.enaikoon.com\/wp-content\/uploads\/2016\/07\/case_fleet_maintenance.png\" border=\"0\" alt=\"\"><\/a><\/li>\r\n             \r\n             <li><a class=\"gl_scroll_link_title\" href=\"https:\/\/www.enaikoon.com\/es\/solucion\/casos-practicos\/seguridad-y-antirrobo\/\" title=\"Seguridad y antirrobo\">Seguridad y<br>antirrobo<\/a><br\/>\r\n             <a href=\"https:\/\/www.enaikoon.com\/es\/solucion\/casos-practicos\/seguridad-y-antirrobo\/\" title=\"Seguridad y antirrobo\"><img decoding=\"async\" class=\"gl_scroll_link_img_active\" src=\"https:\/\/www.enaikoon.com\/wp-content\/uploads\/2016\/07\/case_security.png\" border=\"0\" alt=\"\"><\/a><\/li>\r\n             \r\n            <li><a class=\"gl_scroll_link_title\" href=\"https:\/\/www.enaikoon.com\/es\/solucion\/casos-practicos\/planificacion-logistica\/\"  title=\"planificaci\u00f3n log\u00edstica\">Planificaci\u00f3n<br>log\u00edstica<\/a>\r\n            <br\/><a href=\"https:\/\/www.enaikoon.com\/es\/solucion\/casos-practicos\/planificacion-logistica\/\"   title=\"planificaci\u00f3n log\u00edstica\"><img decoding=\"async\" class=\"gl_scroll_link_img\" src=\"https:\/\/www.enaikoon.com\/wp-content\/uploads\/2016\/07\/case_logistics.png\" border=\"0\" alt=\"\"><\/a><\/li>\r\n            \r\n          <\/ul>\r\n\r\n    <\/div>\r\n<\/div>\r\n\r\n\r\n<div class=\"row\">\r\n\r\n<div class=\"gl_border-page\">\r\n\t\t\r\n\t\t\r\n\t\t<div class=\"col-md-4\">\r\n\t<div class=\"gl_h2big\">\r\nSeguridad y\r\nantirrobo\r\n<\/div>\r\n  <img decoding=\"async\" class=\"gl_space_top5\" src=\"https:\/\/www.enaikoon.com\/wp-content\/uploads\/2016\/07\/security-inactive_11.png\" alt=\"Soluciones telem\u00e1ticas ENAiKOON para mejorar la seguridad de sus bienes\" title=\"ENAiKOON tiene una soluci\u00f3n perfecta para sus necesidades de seguridad\"  >\r\n  <div class=\"gl_space_top15\"><\/div>\r\n <div class=\"gl_h4big\">Empresa<\/div>\r\n    <p>Helene-Spielhallen GmbH <br \/>\r\n      (Vulkan Stern), Berlin, Alemania<br \/>\r\n    <em>Pawel Resser, project manager<\/em><\/p>\r\n <div class=\"gl_space_top15\"><\/div>\r\n  <div class=\"gl_h4big\">Contexto<\/div>\r\n    <p class=\"gl_space_right5\">Helen Spielhallen administra casinos bajo el nombre \u00abVulkan Stern\u00bb en Berl\u00edn y sus alrededores. <\/p>\r\n\t\t\t\r\n\t\t<\/div>\r\n\t\t\r\n\t\t<div class=\"col-md-4\">\r\n\t\t<div class=\"gl_space_right5\">\r\n\t\t <div class=\"gl_h4big\">Problema<\/div>\r\n    <p>Se produjo el robo de cuatro veh\u00edculos de empleados, causando p\u00e9rdidas econ\u00f3micas a la empresa y a los trabajadores.\r\n    <\/p>\r\n     <div class=\"gl_space_top15\"><\/div>\r\n    <div class=\"gl_h4big\">Soluci\u00f3n<\/div>\r\n    <p>\u00abLa empresa decidi\u00f3 instalar un dispositivo GPS ENAiKOON locate-04 en 30 coches y as\u00ed pudieron monitorizar y localizarlos en todo momento a trav\u00e9s del portal web inViu pro cuando se produjeran m\u00e1s robos de veh\u00edculos. Cuando robaron otro coche, el dispositivo mand\u00f3 un mensaje al sistema y la polic\u00eda pudo recuperar f\u00e1cilmente el veh\u00edculo robado. \u00abSin la soluci\u00f3n telem\u00e1tica ENAiKOON, no habr\u00edamos recuperado el coche. Esta inversi\u00f3n nos ha ahorrado much\u00edsimo dinero.\u00bb    <\/p>\r\n  <\/div>\r\n\t\t<\/div>\r\n\t\t\r\n\t\t<div class=\"col-md-4\">\r\n\t\t<div class=\"gl_space_left5\">\r\n\t\t <div class=\"gl_h4big\">Conclusi\u00f3n<\/div>\r\n    <p >El coche est\u00e1 a salvo en manos de la empresa, pero desafortunadamente el ladr\u00f3n sigue sin identificar. Esta inversi\u00f3n se ha amortizado por s\u00ed misma y, mientras tanto, m\u00e1s veh\u00edculos est\u00e1n seguros al estar equipados con los dispositivos de ENAiKOON. El robo de veh\u00edculos es cada d\u00eda m\u00e1s infructuoso gracias a las soluciones telem\u00e1ticas de ENAiKOON.  <\/p>\r\n<div class=\"gl_space_top15\"><\/div>\r\n    <div><a class=\"gl_button_grey\"  href=\"https:\/\/www.enaikoon.com\/es\/recursos\/hojas-de-temas-y-aplicaciones\/\">M\u00e1s aplicaciones<\/a> <\/div>\r\n    <div><a class=\"gl_button_blue\" href=\"https:\/\/www.enaikoon.com\/es\/contacto\/contacto\/\">cont\u00e1ctenos<\/a> <\/div>\r\n<div class=\"gl_space_top15\"><\/div>\r\n    <p>Para esta soluci\u00f3n, se utilizaron los siguientes dispositivos, accesorios, aplicaciones y plugins: <\/p>\r\n \r\n    <div class=\"gl_space_top15\"><\/div>\r\n \t <div><a class=\"gl_button_yellow\"  href=\"https:\/\/www.enaikoon.com\/es\/software-es\/inviu-pro\/\">inViu pro<\/a> <\/div>\r\n     <div><a class=\"gl_button_yellow\"  href=\"https:\/\/www.enaikoon.com\/es\/dispositivos\/gama-locate\/locate-04\/\">locate-04<\/a> <\/div>\r\n     <div><a class=\"gl_button_yellow\"  href=\"https:\/\/www.enaikoon.com\/es\/dispositivos\/accesorios\/antenna\/\">antenna<\/a> <\/div>\r\n\t <div><a class=\"gl_button_yellow\"  href=\"https:\/\/www.enaikoon.com\/es\/dispositivos\/accesorios\/sim-card\/\">sim-card<\/a> <\/div>\r\n\t\t<\/div>\r\n\t\t<\/div>\r\n\t\t\r\n\t\t<div class=\"gl_row_space\"><\/div>\r\n<\/div>\r\n\r\n<\/div>","protected":false},"excerpt":{"rendered":"<p> [&hellip;]<\/p>\n","protected":false},"author":7,"featured_media":0,"parent":6183,"menu_order":0,"comment_status":"closed","ping_status":"closed","template":"","meta":{"footnotes":""},"acf":[],"_links":{"self":[{"href":"https:\/\/www.enaikoon.com\/es\/wp-json\/wp\/v2\/pages\/6212"}],"collection":[{"href":"https:\/\/www.enaikoon.com\/es\/wp-json\/wp\/v2\/pages"}],"about":[{"href":"https:\/\/www.enaikoon.com\/es\/wp-json\/wp\/v2\/types\/page"}],"author":[{"embeddable":true,"href":"https:\/\/www.enaikoon.com\/es\/wp-json\/wp\/v2\/users\/7"}],"replies":[{"embeddable":true,"href":"https:\/\/www.enaikoon.com\/es\/wp-json\/wp\/v2\/comments?post=6212"}],"version-history":[{"count":7,"href":"https:\/\/www.enaikoon.com\/es\/wp-json\/wp\/v2\/pages\/6212\/revisions"}],"predecessor-version":[{"id":10488,"href":"https:\/\/www.enaikoon.com\/es\/wp-json\/wp\/v2\/pages\/6212\/revisions\/10488"}],"up":[{"embeddable":true,"href":"https:\/\/www.enaikoon.com\/es\/wp-json\/wp\/v2\/pages\/6183"}],"wp:attachment":[{"href":"https:\/\/www.enaikoon.com\/es\/wp-json\/wp\/v2\/media?parent=6212"}],"curies":[{"name":"wp","href":"https:\/\/api.w.org\/{rel}","templated":true}]}}