{"id":6207,"date":"2016-08-01T07:35:37","date_gmt":"2016-08-01T07:35:37","guid":{"rendered":"https:\/\/www.enaikoon.com\/?page_id=6207"},"modified":"2017-05-06T07:17:04","modified_gmt":"2017-05-06T07:17:04","slug":"robo-de-madera","status":"publish","type":"page","link":"https:\/\/www.enaikoon.com\/es\/solucion\/casos-practicos\/robo-de-madera\/","title":{"rendered":"Robo de madera"},"content":{"rendered":"<div class=\"gl_slide_scroll_box\">\r\n\t<div class=\"gl_scroll_box\">\r\n <noindex><\/noindex>        <ul>\r\n            <li><a class=\"gl_scroll_link_title\" href=\"https:\/\/www.enaikoon.com\/es\/solucion\/casos-practicos\/alquiler-para-construccion\/\" title=\"Alquiler para construcci\u00f3n\">Alquiler para<br\/>construcci\u00f3n<\/a><br\/>\r\n            <a href=\"https:\/\/www.enaikoon.com\/es\/solucion\/casos-practicos\/alquiler-para-construccion\/\" title=\"Alquiler para construcci\u00f3n\"><img decoding=\"async\" class=\"gl_scroll_link_img\" src=\"https:\/\/www.enaikoon.com\/wp-content\/uploads\/2016\/07\/case_construction_equipment.png\" border=\"0\" alt=\"\"><\/a><\/li>\r\n            \r\n            <li><a class=\"gl_scroll_link_title\" href=\"https:\/\/www.enaikoon.com\/es\/solucion\/casos-practicos\/antirrobo-de-combustible\/\"   title=\"Antirrobo de combustible\">Antirrobo de<br\/>combustible<\/a><br\/>\r\n            <a href=\"https:\/\/www.enaikoon.com\/es\/solucion\/casos-practicos\/antirrobo-de-combustible\/\"  title=\"Antirrobo de combustible\"><img decoding=\"async\" class=\"gl_scroll_link_img\" src=\"https:\/\/www.enaikoon.com\/wp-content\/uploads\/2016\/07\/case_fuel_theft.png\" border=\"0\" alt=\"\"><\/a><\/li>\r\n            \r\n            <li><a class=\"gl_scroll_link_title\" href=\"https:\/\/www.enaikoon.com\/es\/solucion\/casos-practicos\/gestion-de-rondas-de-vigilancia\/\" title=\"Gesti\u00f3n de rondas de vigilancia\">Gesti\u00f3n de rondas<br>de vigilancia<\/a><br\/>\r\n            <a href=\"https:\/\/www.enaikoon.com\/es\/solucion\/casos-practicos\/gestion-de-rondas-de-vigilancia\/\" title=\"Gesti\u00f3n de rondas de vigilancia\"><img decoding=\"async\" class=\"gl_scroll_link_img\" src=\"https:\/\/www.enaikoon.com\/wp-content\/uploads\/2016\/07\/case_guard_tour.png\" border=\"0\" alt=\"\"><\/a><\/li>\r\n            \r\n            <li><a class=\"gl_scroll_link_title\" href=\"https:\/\/www.enaikoon.com\/es\/solucion\/casos-practicos\/app-de-rastreo-gps\/\"  title=\"App de rastreo GPS\">App de rastreo GPS<\/a><br\/>\r\n            <a href=\"https:\/\/www.enaikoon.com\/es\/solucion\/casos-practicos\/app-de-rastreo-gps\/\"  title=\"App de rastreo GPS\"><img decoding=\"async\" class=\"gl_scroll_link_img\" src=\"https:\/\/www.enaikoon.com\/wp-content\/uploads\/2016\/07\/case_mobile.png\" border=\"0\" alt=\"\"><\/a><\/li>\r\n            \r\n            <li><a class=\"gl_scroll_link_title\" href=\"https:\/\/www.enaikoon.com\/es\/solucion\/casos-practicos\/transporte-y-cadena-de-frio\/\" title=\"Transporte y cadena de fr\u00edo\">Transporte y cadena <br\/>de fr\u00edo<\/a><br\/>\r\n            <a href=\"https:\/\/www.enaikoon.com\/es\/solucion\/casos-practicos\/transporte-y-cadena-de-frio\/\" title=\"Transporte y cadena de fr\u00edo\"><img decoding=\"async\" class=\"gl_scroll_link_img\" src=\"https:\/\/www.enaikoon.com\/wp-content\/uploads\/2016\/07\/case_cold_chain.png\" border=\"0\" alt=\"\"><\/a><\/li>\r\n             \r\n              <li><a class=\"gl_scroll_link_title\" href=\"https:\/\/www.enaikoon.com\/es\/solucion\/casos-practicos\/gestion-del-carburante-con-bus-can\/\" title=\"Gesti\u00f3n del carburante con bus CAN\">Gesti\u00f3n del carburante <br\/>con bus CAN<\/a><br\/>\r\n             <a href=\"https:\/\/www.enaikoon.com\/es\/solucion\/casos-practicos\/gestion-del-carburante-con-bus-can\/\" title=\"Gesti\u00f3n del carburante con bus CAN\"><img decoding=\"async\" class=\"gl_scroll_link_img\" src=\"https:\/\/www.enaikoon.com\/wp-content\/uploads\/2016\/07\/case_CAN_bus.png\" border=\"0\" alt=\"\"><\/a><\/li>\r\n             \r\n             <li><a class=\"gl_scroll_link_title\" href=\"https:\/\/www.enaikoon.com\/es\/solucion\/casos-practicos\/gestion-de-maquinaria-de-construccion\/\"  title=\"gesti\u00f3n construcci\u00f3n\">Gesti\u00f3n de maquinaria <br\/>de construcci\u00f3n<\/a><br\/>\r\n             <a href=\"https:\/\/www.enaikoon.com\/es\/solucion\/casos-practicos\/gestion-de-maquinaria-de-construccion\/\" title=\"gesti\u00f3n construcci\u00f3n\"><img decoding=\"async\" class=\"gl_scroll_link_img\" src=\"https:\/\/www.enaikoon.com\/wp-content\/uploads\/2016\/07\/case_construction_asset.png\" border=\"0\" alt=\"\"><\/a><\/li>\r\n             \r\n             <li><a class=\"gl_scroll_link_title\" href=\"https:\/\/www.enaikoon.com\/es\/solucion\/casos-practicos\/planificacion-y-coordinacion\/\" title=\"coordinaci\u00f3n\">Planificaci\u00f3n y<br>coordinaci\u00f3n<\/a><br\/>\r\n\r\n             <a href=\"https:\/\/www.enaikoon.com\/es\/solucion\/casos-practicos\/planificacion-y-coordinacion\/\" title=\"coordinaci\u00f3n\"><img decoding=\"async\" class=\"gl_scroll_link_img\" src=\"https:\/\/www.enaikoon.com\/wp-content\/uploads\/2016\/07\/case_fleet_dispatching.png\" border=\"0\" alt=\"\"><\/a><\/li>\r\n             \r\n             <li><a class=\"gl_scroll_link_title\" href=\"https:\/\/www.enaikoon.com\/es\/solucion\/casos-practicos\/gestion-de-contenedores\/\" title=\"gesti\u00f3n de contenedores\">Gesti\u00f3n de <br>contenedores<\/a><br\/>\r\n\t\t\t<a href=\"https:\/\/www.enaikoon.com\/es\/solucion\/casos-practicos\/gestion-de-contenedores\/\"><img decoding=\"async\" class=\"gl_scroll_link_img\" src=\"https:\/\/www.enaikoon.com\/wp-content\/uploads\/2016\/07\/case_GPS.png\" border=\"0\"  title=\"gesti\u00f3n de contenedores\" alt=\"\"><\/a><\/li>\r\n             \r\n             <li><a class=\"gl_scroll_link_title\" href=\"https:\/\/www.enaikoon.com\/es\/solucion\/casos-practicos\/robo-de-madera\/\" title=\"robo de madera\">Robo de madera<\/a><br\/>\r\n             <a href=\"https:\/\/www.enaikoon.com\/es\/solucion\/casos-practicos\/robo-de-madera\/\" title=\"robo de madera\"><img decoding=\"async\" class=\"gl_scroll_link_img_active\" src=\"https:\/\/www.enaikoon.com\/wp-content\/uploads\/2016\/07\/case_logistics.png\" border=\"0\" alt=\"\"><\/a><\/li>\r\n             \r\n             <li><a class=\"gl_scroll_link_title\" href=\"https:\/\/www.enaikoon.com\/es\/solucion\/casos-practicos\/programa-de-mantenimiento\/\"  title=\"Programa de mantenimiento\">Programa de <br\/>mantenimiento<\/a><br\/>\r\n             <a href=\"https:\/\/www.enaikoon.com\/es\/solucion\/casos-practicos\/programa-de-mantenimiento\/\"  title=\"Programa de mantenimiento\"><img decoding=\"async\" class=\"gl_scroll_link_img\" src=\"https:\/\/www.enaikoon.com\/wp-content\/uploads\/2016\/07\/case_fleet_maintenance.png\" border=\"0\" alt=\"\"><\/a><\/li>\r\n             \r\n             <li><a class=\"gl_scroll_link_title\" href=\"https:\/\/www.enaikoon.com\/es\/solucion\/casos-practicos\/seguridad-y-antirrobo\/\" title=\"Seguridad y antirrobo\">Seguridad y<br>antirrobo<\/a><br\/>\r\n             <a href=\"https:\/\/www.enaikoon.com\/es\/solucion\/casos-practicos\/seguridad-y-antirrobo\/\" title=\"Seguridad y antirrobo\"><img decoding=\"async\" class=\"gl_scroll_link_img\" src=\"https:\/\/www.enaikoon.com\/wp-content\/uploads\/2016\/07\/case_security.png\" border=\"0\" alt=\"\"><\/a><\/li>\r\n             \r\n            <li><a class=\"gl_scroll_link_title\" href=\"https:\/\/www.enaikoon.com\/es\/solucion\/casos-practicos\/planificacion-logistica\/\"  title=\"planificaci\u00f3n log\u00edstica\">Planificaci\u00f3n<br>log\u00edstica<\/a>\r\n            <br\/><a href=\"https:\/\/www.enaikoon.com\/es\/solucion\/casos-practicos\/planificacion-logistica\/\"   title=\"planificaci\u00f3n log\u00edstica\"><img decoding=\"async\" class=\"gl_scroll_link_img\" src=\"https:\/\/www.enaikoon.com\/wp-content\/uploads\/2016\/07\/case_logistics.png\" border=\"0\" alt=\"\"><\/a><\/li>\r\n            \r\n          <\/ul>\r\n\r\n    <\/div>\r\n<\/div>\r\n\r\n\r\n<div class=\"row\">\r\n\r\n<div class=\"gl_border-page\">\r\n\t\t\r\n\t\t\r\n\t\t<div class=\"col-md-4\">\r\n\t<div class=\"gl_h2big\">Robo de madera<\/div>\r\n  <img decoding=\"async\" class=\"gl_space_top5\" src=\"https:\/\/www.enaikoon.com\/wp-content\/uploads\/2016\/07\/ENAiKOON_Timber_theft_A.png\" alt=\"Soluciones telem\u00e1ticas de ENAiKOON para detener el robo de madera\" title=\"Soluciones telem\u00e1ticas de ENAiKOON para detener el robo de madera\" >\r\n  \r\n <div class=\"gl_space_top15\"><\/div>\r\n <div class=\"gl_h4big\">Sector<\/div>\r\n    <p>Gesti\u00f3n Forestal<\/p>\r\n    <div class=\"gl_space_top15\"><\/div>\r\n  <div class=\"gl_h4big\">Problema<\/div>\r\n    <p class=\"gl_space_right5\">En un a\u00f1o, un silvicultor sufri\u00f3 p\u00e9rdidas financieras de siete d\u00edgitos directamente relacionadas con el robo de madera. Contrat\u00f3 a una empresa de seguridad para paliar el problema. La empresa de seguridad monitore\u00f3 el per\u00edmetro del bosque, sin embargo, fueron incapaces de proteger constantemente todas las pilas de troncos de madera del bosque a un precio razonable. As\u00ed pues, una soluci\u00f3n tecnol\u00f3gica fue buscada y a su vez encontrada en ENAiKOON.<\/p>\r\n\t\t\t\r\n\t\t<\/div>\r\n\t\t\r\n\t\t<div class=\"col-md-4\">\r\n\t\t<div class=\"gl_space_right5\">\r\n\t\t <div class=\"gl_h4big\">Soluci\u00f3n<\/div>\r\n    <p>Luego de tan solo tres meses, el dispositivo telem\u00e1tico ENAiKOON locate-18 para monitorear pilas de madera estuvo listo para ser implementado. La soluci\u00f3n est\u00e1 formada por un conjunto de electr\u00f3nica encapsulada, bater\u00edas potentes, un sensor de vibraciones ajustable, un receptor GPS para la localizaci\u00f3n, as\u00ed como tambi\u00e9n una tarjeta SIM para la transmisi\u00f3n GPRS. Todo se encuentra alojado en un tubo de pl\u00e1stico de 17 cm de longitud y 4 cm de di\u00e1metro. Se perforaron agujeros en un tronco de una pila de madera talada para insertar el ENAiKOON locate-18 con un sensor de vibraci\u00f3n activado. Usando un disco de madera delgado previamente aserrado cubrieron los agujeros y los hicieron invisibles. Cada pila de madera del silvicultor recibi\u00f3 este mismo tratamiento. Cuando se mueve uno de los troncos ya preparados, el dispositivo de seguimiento env\u00eda una alerta al servidor y activa el env\u00edo de correos electr\u00f3nicos de alerta a la empresa de auditor\u00eda. Antes de llevar una pila de madera a la serrer\u00eda, se informa a la compa\u00f1\u00eda auditora de este movimiento y se retira el dispositivo.\r\n    <\/p>\r\n  <\/div>\r\n\t\t<\/div>\r\n\t\t\r\n\t\t<div class=\"col-md-4\">\r\n\t\t<div class=\"gl_space_left5\">\r\n\t\t <div class=\"gl_h4big\">Conclusi\u00f3n<\/div>\r\n    <p style=\"padding-right:10px;\">Poco despu\u00e9s de la instalaci\u00f3n de ENAiKOON locate-18, se detect\u00f3 un robo de madera. Los conductores de los camiones contratados por el silvicultor hab\u00edan sustra\u00eddo una carga extra de madera de la que estaba programada. Los ladrones incluso transportaron la madera hasta el aserradero habitual. As\u00ed pues, result\u00f3 ser una buena inversi\u00f3n para el silvicultor: se detuvo el robo de madera y los ladrones y colaboradores en el aserradero fueron declarados culpables en los tribunales. <\/p>\r\n<div class=\"gl_space_top15\"><\/div>\r\n    <div><a class=\"gl_button_grey\"  href=\"https:\/\/www.enaikoon.com\/es\/recursos\/hojas-de-temas-y-aplicaciones\/\">M\u00e1s aplicaciones<\/a> <\/div>\r\n    <div><a class=\"gl_button_blue\" href=\"https:\/\/www.enaikoon.com\/es\/contacto\/contacto\/\">cont\u00e1ctenos<\/a> <\/div>\r\n<div class=\"gl_space_top15\"><\/div>\r\n    <p>Para m\u00e1s informaci\u00f3n sobre el estudio y an\u00e1lisis del robo de madera y las soluciones ofrecidas por ENAiKOON, haga clic en el siguiente bot\u00f3n para leer la tesis \u00abDiebstahlsicherung von Rohholz mittels GPS-gest\u00fctzter Verfahren\u00bb realizada por Tim Eickmann.<\/p>\r\n    <div class=\"gl_space_top15\"><\/div>\r\n    <div><a class=\"gl_button_blue\" href=\"https:\/\/www.enaikoon.com\/es\/contacto\/contacto\/\">Tesis universitaria<\/a> <\/div>\r\n    <div><a class=\"gl_button_grey\" rel=\"nofollow\" href=\"https:\/\/www.enaikoon.com\/fileadmin\/enaikoon\/Dateien\/pdf\/Datenblatt\/treeguard\/englisch\/ENAiKOON_tree-guard.pdf\"  target=\"_blank\">TREE GUARD MANUAL (IN)<\/a> <\/div>\r\n    <div class=\"gl_space_top15\"><\/div>\r\n    <p>Para esta soluci\u00f3n, se utilizaron los siguientes dispositivos, accesorios, aplicaciones y plugins: <\/p>\r\n    <div class=\"gl_space_top15\"><\/div>\r\n \t <div><a class=\"gl_button_yellow\"  href=\"https:\/\/www.enaikoon.com\/es\/software-es\/inviu-pro\/\">inViu pro<\/a> <\/div>\r\n     <div><a class=\"gl_button_yellow\"  href=\"https:\/\/www.enaikoon.com\/es\/dispositivos\/gama-locate\/locate-18\/\">locate-18<\/a> <\/div>\r\n\t <div><a class=\"gl_button_yellow\"  href=\"https:\/\/www.enaikoon.com\/es\/dispositivos\/accesorios\/sim-card\/\">sim-card<\/a> <\/div>\r\n\t\t<\/div>\r\n\t\t<\/div>\r\n\t\t\r\n\t\t<div class=\"gl_row_space\"><\/div>\r\n<\/div>\r\n\r\n<\/div>","protected":false},"excerpt":{"rendered":"<p> [&hellip;]<\/p>\n","protected":false},"author":7,"featured_media":0,"parent":6183,"menu_order":0,"comment_status":"closed","ping_status":"closed","template":"","meta":{"footnotes":""},"acf":[],"_links":{"self":[{"href":"https:\/\/www.enaikoon.com\/es\/wp-json\/wp\/v2\/pages\/6207"}],"collection":[{"href":"https:\/\/www.enaikoon.com\/es\/wp-json\/wp\/v2\/pages"}],"about":[{"href":"https:\/\/www.enaikoon.com\/es\/wp-json\/wp\/v2\/types\/page"}],"author":[{"embeddable":true,"href":"https:\/\/www.enaikoon.com\/es\/wp-json\/wp\/v2\/users\/7"}],"replies":[{"embeddable":true,"href":"https:\/\/www.enaikoon.com\/es\/wp-json\/wp\/v2\/comments?post=6207"}],"version-history":[{"count":11,"href":"https:\/\/www.enaikoon.com\/es\/wp-json\/wp\/v2\/pages\/6207\/revisions"}],"predecessor-version":[{"id":11415,"href":"https:\/\/www.enaikoon.com\/es\/wp-json\/wp\/v2\/pages\/6207\/revisions\/11415"}],"up":[{"embeddable":true,"href":"https:\/\/www.enaikoon.com\/es\/wp-json\/wp\/v2\/pages\/6183"}],"wp:attachment":[{"href":"https:\/\/www.enaikoon.com\/es\/wp-json\/wp\/v2\/media?parent=6207"}],"curies":[{"name":"wp","href":"https:\/\/api.w.org\/{rel}","templated":true}]}}