{"id":6195,"date":"2016-08-01T07:27:03","date_gmt":"2016-08-01T07:27:03","guid":{"rendered":"https:\/\/www.enaikoon.com\/?page_id=6195"},"modified":"2016-08-29T10:27:09","modified_gmt":"2016-08-29T10:27:09","slug":"app-de-rastreo-gps","status":"publish","type":"page","link":"https:\/\/www.enaikoon.com\/es\/solucion\/casos-practicos\/app-de-rastreo-gps\/","title":{"rendered":"App de rastreo GPS"},"content":{"rendered":"<div class=\"gl_slide_scroll_box\">\r\n\t<div class=\"gl_scroll_box\">\r\n <noindex><\/noindex>        <ul>\r\n            <li><a class=\"gl_scroll_link_title\" href=\"https:\/\/www.enaikoon.com\/es\/solucion\/casos-practicos\/alquiler-para-construccion\/\" title=\"Alquiler para construcci\u00f3n\">Alquiler para<br\/>construcci\u00f3n<\/a><br\/>\r\n            <a href=\"https:\/\/www.enaikoon.com\/es\/solucion\/casos-practicos\/alquiler-para-construccion\/\" title=\"Alquiler para construcci\u00f3n\"><img decoding=\"async\" class=\"gl_scroll_link_img\" src=\"https:\/\/www.enaikoon.com\/wp-content\/uploads\/2016\/07\/case_construction_equipment.png\" border=\"0\" alt=\"\"><\/a><\/li>\r\n            \r\n            <li><a class=\"gl_scroll_link_title\" href=\"https:\/\/www.enaikoon.com\/es\/solucion\/casos-practicos\/antirrobo-de-combustible\/\"   title=\"Antirrobo de combustible\">Antirrobo de<br\/>combustible<\/a><br\/>\r\n            <a href=\"https:\/\/www.enaikoon.com\/es\/solucion\/casos-practicos\/antirrobo-de-combustible\/\"  title=\"Antirrobo de combustible\"><img decoding=\"async\" class=\"gl_scroll_link_img\" src=\"https:\/\/www.enaikoon.com\/wp-content\/uploads\/2016\/07\/case_fuel_theft.png\" border=\"0\" alt=\"\"><\/a><\/li>\r\n            \r\n            <li><a class=\"gl_scroll_link_title\" href=\"https:\/\/www.enaikoon.com\/es\/solucion\/casos-practicos\/gestion-de-rondas-de-vigilancia\/\" title=\"Gesti\u00f3n de rondas de vigilancia\">Gesti\u00f3n de rondas<br>de vigilancia<\/a><br\/>\r\n            <a href=\"https:\/\/www.enaikoon.com\/es\/solucion\/casos-practicos\/gestion-de-rondas-de-vigilancia\/\" title=\"Gesti\u00f3n de rondas de vigilancia\"><img decoding=\"async\" class=\"gl_scroll_link_img\" src=\"https:\/\/www.enaikoon.com\/wp-content\/uploads\/2016\/07\/case_guard_tour.png\" border=\"0\" alt=\"\"><\/a><\/li>\r\n            \r\n            <li><a class=\"gl_scroll_link_title\" href=\"https:\/\/www.enaikoon.com\/es\/solucion\/casos-practicos\/app-de-rastreo-gps\/\"  title=\"App de rastreo GPS\">App de rastreo GPS<\/a><br\/>\r\n            <a href=\"https:\/\/www.enaikoon.com\/es\/solucion\/casos-practicos\/app-de-rastreo-gps\/\"  title=\"App de rastreo GPS\"><img decoding=\"async\" class=\"gl_scroll_link_img_active\" src=\"https:\/\/www.enaikoon.com\/wp-content\/uploads\/2016\/07\/case_mobile.png\" border=\"0\" alt=\"\"><\/a><\/li>\r\n            \r\n            <li><a class=\"gl_scroll_link_title\" href=\"https:\/\/www.enaikoon.com\/es\/solucion\/casos-practicos\/transporte-y-cadena-de-frio\/\" title=\"Transporte y cadena de fr\u00edo\">Transporte y cadena <br\/>de fr\u00edo<\/a><br\/>\r\n            <a href=\"https:\/\/www.enaikoon.com\/es\/solucion\/casos-practicos\/transporte-y-cadena-de-frio\/\" title=\"Transporte y cadena de fr\u00edo\"><img decoding=\"async\" class=\"gl_scroll_link_img\" src=\"https:\/\/www.enaikoon.com\/wp-content\/uploads\/2016\/07\/case_cold_chain.png\" border=\"0\" alt=\"\"><\/a><\/li>\r\n             \r\n              <li><a class=\"gl_scroll_link_title\" href=\"https:\/\/www.enaikoon.com\/es\/solucion\/casos-practicos\/gestion-del-carburante-con-bus-can\/\" title=\"Gesti\u00f3n del carburante con bus CAN\">Gesti\u00f3n del carburante <br\/>con bus CAN<\/a><br\/>\r\n             <a href=\"https:\/\/www.enaikoon.com\/es\/solucion\/casos-practicos\/gestion-del-carburante-con-bus-can\/\" title=\"Gesti\u00f3n del carburante con bus CAN\"><img decoding=\"async\" class=\"gl_scroll_link_img\" src=\"https:\/\/www.enaikoon.com\/wp-content\/uploads\/2016\/07\/case_CAN_bus.png\" border=\"0\" alt=\"\"><\/a><\/li>\r\n             \r\n             <li><a class=\"gl_scroll_link_title\" href=\"https:\/\/www.enaikoon.com\/es\/solucion\/casos-practicos\/gestion-de-maquinaria-de-construccion\/\"  title=\"gesti\u00f3n construcci\u00f3n\">Gesti\u00f3n de maquinaria <br\/>de construcci\u00f3n<\/a><br\/>\r\n             <a href=\"https:\/\/www.enaikoon.com\/es\/solucion\/casos-practicos\/gestion-de-maquinaria-de-construccion\/\" title=\"gesti\u00f3n construcci\u00f3n\"><img decoding=\"async\" class=\"gl_scroll_link_img\" src=\"https:\/\/www.enaikoon.com\/wp-content\/uploads\/2016\/07\/case_construction_asset.png\" border=\"0\" alt=\"\"><\/a><\/li>\r\n             \r\n             <li><a class=\"gl_scroll_link_title\" href=\"https:\/\/www.enaikoon.com\/es\/solucion\/casos-practicos\/planificacion-y-coordinacion\/\" title=\"coordinaci\u00f3n\">Planificaci\u00f3n y<br>coordinaci\u00f3n<\/a><br\/>\r\n\r\n             <a href=\"https:\/\/www.enaikoon.com\/es\/solucion\/casos-practicos\/planificacion-y-coordinacion\/\" title=\"coordinaci\u00f3n\"><img decoding=\"async\" class=\"gl_scroll_link_img\" src=\"https:\/\/www.enaikoon.com\/wp-content\/uploads\/2016\/07\/case_fleet_dispatching.png\" border=\"0\" alt=\"\"><\/a><\/li>\r\n             \r\n             <li><a class=\"gl_scroll_link_title\" href=\"https:\/\/www.enaikoon.com\/es\/solucion\/casos-practicos\/gestion-de-contenedores\/\" title=\"gesti\u00f3n de contenedores\">Gesti\u00f3n de <br>contenedores<\/a><br\/>\r\n\t\t\t<a href=\"https:\/\/www.enaikoon.com\/es\/solucion\/casos-practicos\/gestion-de-contenedores\/\"><img decoding=\"async\" class=\"gl_scroll_link_img\" src=\"https:\/\/www.enaikoon.com\/wp-content\/uploads\/2016\/07\/case_GPS.png\" border=\"0\"  title=\"gesti\u00f3n de contenedores\" alt=\"\"><\/a><\/li>\r\n             \r\n             <li><a class=\"gl_scroll_link_title\" href=\"https:\/\/www.enaikoon.com\/es\/solucion\/casos-practicos\/robo-de-madera\/\" title=\"robo de madera\">Robo de madera<\/a><br\/>\r\n             <a href=\"https:\/\/www.enaikoon.com\/es\/solucion\/casos-practicos\/robo-de-madera\/\" title=\"robo de madera\"><img decoding=\"async\" class=\"gl_scroll_link_img\" src=\"https:\/\/www.enaikoon.com\/wp-content\/uploads\/2016\/07\/case_logistics.png\" border=\"0\" alt=\"\"><\/a><\/li>\r\n             \r\n             <li><a class=\"gl_scroll_link_title\" href=\"https:\/\/www.enaikoon.com\/es\/solucion\/casos-practicos\/programa-de-mantenimiento\/\"  title=\"Programa de mantenimiento\">Programa de <br\/>mantenimiento<\/a><br\/>\r\n             <a href=\"https:\/\/www.enaikoon.com\/es\/solucion\/casos-practicos\/programa-de-mantenimiento\/\"  title=\"Programa de mantenimiento\"><img decoding=\"async\" class=\"gl_scroll_link_img\" src=\"https:\/\/www.enaikoon.com\/wp-content\/uploads\/2016\/07\/case_fleet_maintenance.png\" border=\"0\" alt=\"\"><\/a><\/li>\r\n             \r\n             <li><a class=\"gl_scroll_link_title\" href=\"https:\/\/www.enaikoon.com\/es\/solucion\/casos-practicos\/seguridad-y-antirrobo\/\" title=\"Seguridad y antirrobo\">Seguridad y<br>antirrobo<\/a><br\/>\r\n             <a href=\"https:\/\/www.enaikoon.com\/es\/solucion\/casos-practicos\/seguridad-y-antirrobo\/\" title=\"Seguridad y antirrobo\"><img decoding=\"async\" class=\"gl_scroll_link_img\" src=\"https:\/\/www.enaikoon.com\/wp-content\/uploads\/2016\/07\/case_security.png\" border=\"0\" alt=\"\"><\/a><\/li>\r\n             \r\n            <li><a class=\"gl_scroll_link_title\" href=\"https:\/\/www.enaikoon.com\/es\/solucion\/casos-practicos\/planificacion-logistica\/\"  title=\"planificaci\u00f3n log\u00edstica\">Planificaci\u00f3n<br>log\u00edstica<\/a>\r\n            <br\/><a href=\"https:\/\/www.enaikoon.com\/es\/solucion\/casos-practicos\/planificacion-logistica\/\"   title=\"planificaci\u00f3n log\u00edstica\"><img decoding=\"async\" class=\"gl_scroll_link_img\" src=\"https:\/\/www.enaikoon.com\/wp-content\/uploads\/2016\/07\/case_logistics.png\" border=\"0\" alt=\"\"><\/a><\/li>\r\n            \r\n          <\/ul>\r\n\r\n    <\/div>\r\n<\/div>\r\n\r\n\r\n<div class=\"row\">\r\n\r\n<div class=\"gl_border-page\">\r\n\t\t\r\n\t\t\r\n\t\t<div class=\"col-md-4\">\r\n\t<div class=\"gl_h2big\">App Android rastreo GPS<\/div>\r\n  <img decoding=\"async\" class=\"gl_space_top5\" src=\"https:\/\/www.enaikoon.com\/wp-content\/uploads\/2016\/07\/Smartphone_inactive_A_04.png\"  alt=\"gesti&oacute;n de rondas de vigilancia mediante telem&aacute;tica\" title=\"soluciones telem&aacute;ticas de ENAiKOON para incrementar la seguridad de sus activos\" >\r\n  <div class=\"gl_space_top15\"><\/div>\r\n <div class=\"gl_h4big\">Sector<\/div>\r\n    <p>Gesti\u00f3n de instalaciones<\/p>\r\n    <div class=\"gl_space_top15\"><\/div>\r\n  <div class=\"gl_h4big\">Contexto<\/div>\r\n    <p>\r\nNuestro cliente est\u00e1 en la lista de las empresas de gesti\u00f3n de instalaciones m\u00e1s grandes de Alemania. En su haber, han gestionado el departamento de ingenieros responsables del Allianz Arena de M\u00fanich. Actualmente son responsables de la gesti\u00f3n de la construcci\u00f3n de la estaci\u00f3n de tren de Karlsruhe.\r\n<\/p>\r\n\t\t\t\r\n\t\t<\/div>\r\n\t\t\r\n\t\t<div class=\"col-md-4\">\r\n\t\t<div class=\"gl_space_right5\">\r\n\t\t <div class=\"gl_h4big\">Problema<\/div>\r\n    <p style=\"padding-right:5px;\">La estaci\u00f3n de tren de Karlsruhe se est\u00e1 construyendo en el centro de la ciudad, algo normal para una estaci\u00f3n central. No obstante, los camiones que abastecen la obra con materiales no pueden alterar el tr\u00e1fico. Esto implica que nuestro cliente disponga de pocos camiones descargando material a la vez. Adem\u00e1s, muchos residentes se quejaban sobre los atascos y el ruido. Estas quejas se deben refutar mediante pruebas. <\/p>\r\n    <div class=\"gl_space_top15\"><\/div>\r\n     <div class=\"gl_h4big\"> Soluci\u00f3n<\/div>\r\n    <p>Las rutas realizadas por los camiones se deben monitorizar y verificar continuamente. Nuestro cliente nos explica: \u00abbuscamos una soluci\u00f3n pr\u00e1ctica con un dispositivo de rastreo que no se tenga que instalar y desinstalar constantemente. Esta es la soluci\u00f3n que encontramos gracias a ENAiKOON. La nueva aplicaci\u00f3n Android, inViu routes, es justamente lo que necesitamos. La app inicia el registro de la ruta tan pronto como se enciende el tel\u00e9fono. Adem\u00e1s, el registro de las rutas y las funciones de la aplicaci\u00f3n s\u00f3lo se pueden cambiar mediante un n\u00famero PIN. Por otra parte, estamos muy satisfechos con la vista del mapa donde podemos visualizar hasta 20 rutas diferentes al mismo tiempo y tambi\u00e9n los informes detallados con los datos recogidos.\u00bb Las posiciones GPS registradas se transfieren en tiempo real al software online, inViu pro. <\/p>\r\n  <\/div>\r\n\t\t<\/div>\r\n\t\t\r\n\t\t<div class=\"col-md-4\">\r\n\t\t<div class=\"gl_space_left15\">\r\n\t\t <div class=\"gl_h4big\">Conclusi\u00f3n<\/div>\r\n    <p style=\"padding-right:0px;\">La gesti\u00f3n log\u00edstica de las obras de construcci\u00f3n se produjo sin problemas, fueron capaces de monitorizar y dar instrucciones a cada conductor de cami\u00f3n y adem\u00e1s cumplieron su obligaci\u00f3n de no obstaculizar el tr\u00e1fico. Nuestro cliente comenta que \u00abtodo funcion\u00f3 inmediatamente gracias a ENAiKOON: la app Android tiene todas las funciones y caracter\u00edsticas de seguridad importantes, complementadas con el portal web multifunci\u00f3n, inViu pro.\u00bb<\/p>\r\n<div class=\"gl_space_top15\"><\/div>\r\n    <div><a class=\"gl_button_grey\" href=\"https:\/\/www.enaikoon.com\/es\/recursos\/hojas-de-temas-y-aplicaciones\/\">M\u00e1s aplicaciones<\/a> <\/div>\r\n    <div><a class=\"gl_button_blue\" href=\"https:\/\/www.enaikoon.com\/es\/contacto\/contacto\/\">cont\u00e1ctenos<\/a> <\/div>\r\n<div class=\"gl_space_top15\"><\/div>\r\n    <p>Para esta soluci\u00f3n, se utilizaron los siguientes dispositivos, accesorios, aplicaciones y plugins: <\/p>\r\n    \r\n \t <div><a class=\"gl_button_yellow\"  href=\"https:\/\/www.enaikoon.com\/es\/software-es\/inviu-pro\/\">inViu pro<\/a> <\/div>\r\n     <div><a class=\"gl_button_yellow\"  href=\"https:\/\/www.enaikoon.com\/es\/movil\/plugins\/routes\/\">inViu routes<\/a> <\/div>\r\n\r\n\t <div class=\"gl_space_top10\"><span style=\"color:#000000;\">Galaxy Mini 2<\/span><\/div>\r\n\t\t<\/div>\r\n\t\t<\/div>\r\n\t\t\r\n\t\t<div class=\"gl_row_space\"><\/div>\r\n<\/div>\r\n\r\n<\/div>","protected":false},"excerpt":{"rendered":"<p> [&hellip;]<\/p>\n","protected":false},"author":7,"featured_media":0,"parent":6183,"menu_order":0,"comment_status":"closed","ping_status":"closed","template":"","meta":{"footnotes":""},"acf":[],"_links":{"self":[{"href":"https:\/\/www.enaikoon.com\/es\/wp-json\/wp\/v2\/pages\/6195"}],"collection":[{"href":"https:\/\/www.enaikoon.com\/es\/wp-json\/wp\/v2\/pages"}],"about":[{"href":"https:\/\/www.enaikoon.com\/es\/wp-json\/wp\/v2\/types\/page"}],"author":[{"embeddable":true,"href":"https:\/\/www.enaikoon.com\/es\/wp-json\/wp\/v2\/users\/7"}],"replies":[{"embeddable":true,"href":"https:\/\/www.enaikoon.com\/es\/wp-json\/wp\/v2\/comments?post=6195"}],"version-history":[{"count":8,"href":"https:\/\/www.enaikoon.com\/es\/wp-json\/wp\/v2\/pages\/6195\/revisions"}],"predecessor-version":[{"id":10541,"href":"https:\/\/www.enaikoon.com\/es\/wp-json\/wp\/v2\/pages\/6195\/revisions\/10541"}],"up":[{"embeddable":true,"href":"https:\/\/www.enaikoon.com\/es\/wp-json\/wp\/v2\/pages\/6183"}],"wp:attachment":[{"href":"https:\/\/www.enaikoon.com\/es\/wp-json\/wp\/v2\/media?parent=6195"}],"curies":[{"name":"wp","href":"https:\/\/api.w.org\/{rel}","templated":true}]}}