{"id":6183,"date":"2016-08-01T07:04:17","date_gmt":"2016-08-01T07:04:17","guid":{"rendered":"https:\/\/www.enaikoon.com\/?page_id=6183"},"modified":"2016-08-29T10:26:57","modified_gmt":"2016-08-29T10:26:57","slug":"casos-practicos","status":"publish","type":"page","link":"https:\/\/www.enaikoon.com\/es\/solucion\/casos-practicos\/","title":{"rendered":"casos pr\u00e1cticos"},"content":{"rendered":"<div class=\"gl_slide_scroll_box\">\r\n\t<div class=\"gl_scroll_box\">\r\n <noindex><\/noindex>        <ul>\r\n            <li><a class=\"gl_scroll_link_title\" href=\"https:\/\/www.enaikoon.com\/es\/solucion\/casos-practicos\/alquiler-para-construccion\/\" title=\"Alquiler para construcci\u00f3n\">Alquiler para<br\/>construcci\u00f3n<\/a><br\/>\r\n            <a href=\"https:\/\/www.enaikoon.com\/es\/solucion\/casos-practicos\/alquiler-para-construccion\/\" title=\"Alquiler para construcci\u00f3n\"><img decoding=\"async\" class=\"gl_scroll_link_img_active\" src=\"https:\/\/www.enaikoon.com\/wp-content\/uploads\/2016\/07\/case_construction_equipment.png\" border=\"0\" alt=\"\"><\/a><\/li>\r\n            \r\n            <li><a class=\"gl_scroll_link_title\" href=\"https:\/\/www.enaikoon.com\/es\/solucion\/casos-practicos\/antirrobo-de-combustible\/\"   title=\"Antirrobo de combustible\">Antirrobo de<br\/>combustible<\/a><br\/>\r\n            <a href=\"https:\/\/www.enaikoon.com\/es\/solucion\/casos-practicos\/antirrobo-de-combustible\/\"  title=\"Antirrobo de combustible\"><img decoding=\"async\" class=\"gl_scroll_link_img\" src=\"https:\/\/www.enaikoon.com\/wp-content\/uploads\/2016\/07\/case_fuel_theft.png\" border=\"0\" alt=\"\"><\/a><\/li>\r\n            \r\n            <li><a class=\"gl_scroll_link_title\" href=\"https:\/\/www.enaikoon.com\/es\/solucion\/casos-practicos\/gestion-de-rondas-de-vigilancia\/\" title=\"Gesti\u00f3n de rondas de vigilancia\">Gesti\u00f3n de rondas<br>de vigilancia<\/a><br\/>\r\n            <a href=\"https:\/\/www.enaikoon.com\/es\/solucion\/casos-practicos\/gestion-de-rondas-de-vigilancia\/\" title=\"Gesti\u00f3n de rondas de vigilancia\"><img decoding=\"async\" class=\"gl_scroll_link_img\" src=\"https:\/\/www.enaikoon.com\/wp-content\/uploads\/2016\/07\/case_guard_tour.png\" border=\"0\" alt=\"\"><\/a><\/li>\r\n            \r\n            <li><a class=\"gl_scroll_link_title\" href=\"https:\/\/www.enaikoon.com\/es\/solucion\/casos-practicos\/app-de-rastreo-gps\/\"  title=\"App de rastreo GPS\">App de rastreo GPS<\/a><br\/>\r\n            <a href=\"https:\/\/www.enaikoon.com\/es\/solucion\/casos-practicos\/app-de-rastreo-gps\/\"  title=\"App de rastreo GPS\"><img decoding=\"async\" class=\"gl_scroll_link_img\" src=\"https:\/\/www.enaikoon.com\/wp-content\/uploads\/2016\/07\/case_mobile.png\" border=\"0\" alt=\"\"><\/a><\/li>\r\n            \r\n            <li><a class=\"gl_scroll_link_title\" href=\"https:\/\/www.enaikoon.com\/es\/solucion\/casos-practicos\/transporte-y-cadena-de-frio\/\" title=\"Transporte y cadena de fr\u00edo\">Transporte y cadena <br\/>de fr\u00edo<\/a><br\/>\r\n            <a href=\"https:\/\/www.enaikoon.com\/es\/solucion\/casos-practicos\/transporte-y-cadena-de-frio\/\" title=\"Transporte y cadena de fr\u00edo\"><img decoding=\"async\" class=\"gl_scroll_link_img\" src=\"https:\/\/www.enaikoon.com\/wp-content\/uploads\/2016\/07\/case_cold_chain.png\" border=\"0\" alt=\"\"><\/a><\/li>\r\n             \r\n              <li><a class=\"gl_scroll_link_title\" href=\"https:\/\/www.enaikoon.com\/es\/solucion\/casos-practicos\/gestion-del-carburante-con-bus-can\/\" title=\"Gesti\u00f3n del carburante con bus CAN\">Gesti\u00f3n del carburante <br\/>con bus CAN<\/a><br\/>\r\n             <a href=\"https:\/\/www.enaikoon.com\/es\/solucion\/casos-practicos\/gestion-del-carburante-con-bus-can\/\" title=\"Gesti\u00f3n del carburante con bus CAN\"><img decoding=\"async\" class=\"gl_scroll_link_img\" src=\"https:\/\/www.enaikoon.com\/wp-content\/uploads\/2016\/07\/case_CAN_bus.png\" border=\"0\" alt=\"\"><\/a><\/li>\r\n             \r\n             <li><a class=\"gl_scroll_link_title\" href=\"https:\/\/www.enaikoon.com\/es\/solucion\/casos-practicos\/gestion-de-maquinaria-de-construccion\/\"  title=\"gesti\u00f3n construcci\u00f3n\">Gesti\u00f3n de maquinaria <br\/>de construcci\u00f3n<\/a><br\/>\r\n             <a href=\"https:\/\/www.enaikoon.com\/es\/solucion\/casos-practicos\/gestion-de-maquinaria-de-construccion\/\" title=\"gesti\u00f3n construcci\u00f3n\"><img decoding=\"async\" class=\"gl_scroll_link_img\" src=\"https:\/\/www.enaikoon.com\/wp-content\/uploads\/2016\/07\/case_construction_asset.png\" border=\"0\" alt=\"\"><\/a><\/li>\r\n             \r\n             <li><a class=\"gl_scroll_link_title\" href=\"https:\/\/www.enaikoon.com\/es\/solucion\/casos-practicos\/planificacion-y-coordinacion\/\" title=\"coordinaci\u00f3n\">Planificaci\u00f3n y<br>coordinaci\u00f3n<\/a><br\/>\r\n             <a href=\"https:\/\/www.enaikoon.com\/es\/solucion\/casos-practicos\/planificacion-y-coordinacion\/\" title=\"coordinaci\u00f3n\"><img decoding=\"async\" class=\"gl_scroll_link_img\" src=\"https:\/\/www.enaikoon.com\/wp-content\/uploads\/2016\/07\/case_fleet_dispatching.png\" border=\"0\" alt=\"\"><\/a><\/li>\r\n             \r\n             <li><a class=\"gl_scroll_link_title\" href=\"https:\/\/www.enaikoon.com\/es\/solucion\/casos-practicos\/gestion-de-contenedores\/\" title=\"gesti\u00f3n de contenedores\">Gesti\u00f3n de <br>contenedores<\/a><br\/>\r\n\t\t\t<a href=\"https:\/\/www.enaikoon.com\/es\/solucion\/casos-practicos\/gestion-de-contenedores\/\"><img decoding=\"async\" class=\"gl_scroll_link_img\" src=\"https:\/\/www.enaikoon.com\/wp-content\/uploads\/2016\/07\/case_GPS.png\" border=\"0\"  title=\"gesti\u00f3n de contenedores\" alt=\"\"><\/a><\/li>\r\n             \r\n             <li><a class=\"gl_scroll_link_title\" href=\"https:\/\/www.enaikoon.com\/es\/solucion\/casos-practicos\/robo-de-madera\/\" title=\"robo de madera\">Robo de madera<\/a><br\/>\r\n             <a href=\"https:\/\/www.enaikoon.com\/es\/solucion\/casos-practicos\/robo-de-madera\/\" title=\"robo de madera\"><img decoding=\"async\" class=\"gl_scroll_link_img\" src=\"https:\/\/www.enaikoon.com\/wp-content\/uploads\/2016\/07\/case_logistics.png\" border=\"0\" alt=\"\"><\/a><\/li>\r\n             \r\n             <li><a class=\"gl_scroll_link_title\" href=\"https:\/\/www.enaikoon.com\/es\/solucion\/casos-practicos\/programa-de-mantenimiento\/\"  title=\"Programa de mantenimiento\">Programa de <br\/>mantenimiento<\/a><br\/>\r\n             <a href=\"https:\/\/www.enaikoon.com\/es\/solucion\/casos-practicos\/programa-de-mantenimiento\/\"  title=\"Programa de mantenimiento\"><img decoding=\"async\" class=\"gl_scroll_link_img\" src=\"https:\/\/www.enaikoon.com\/wp-content\/uploads\/2016\/07\/case_fleet_maintenance.png\" border=\"0\" alt=\"\"><\/a><\/li>\r\n             \r\n             <li><a class=\"gl_scroll_link_title\" href=\"https:\/\/www.enaikoon.com\/es\/solucion\/casos-practicos\/seguridad-y-antirrobo\/\" title=\"Seguridad y antirrobo\">Seguridad y<br>antirrobo<\/a><br\/>\r\n             <a href=\"https:\/\/www.enaikoon.com\/es\/solucion\/casos-practicos\/seguridad-y-antirrobo\/\" title=\"Seguridad y antirrobo\"><img decoding=\"async\" class=\"gl_scroll_link_img\" src=\"https:\/\/www.enaikoon.com\/wp-content\/uploads\/2016\/07\/case_security.png\" border=\"0\" alt=\"\"><\/a><\/li>\r\n             \r\n            <li><a class=\"gl_scroll_link_title\" href=\"https:\/\/www.enaikoon.com\/es\/solucion\/casos-practicos\/planificacion-logistica\/\"  title=\"planificaci\u00f3n log\u00edstica\">Planificaci\u00f3n<br>log\u00edstica<\/a>\r\n            <br\/><a href=\"https:\/\/www.enaikoon.com\/es\/solucion\/casos-practicos\/planificacion-logistica\/\"   title=\"planificaci\u00f3n log\u00edstica\"><img decoding=\"async\" class=\"gl_scroll_link_img\" src=\"https:\/\/www.enaikoon.com\/wp-content\/uploads\/2016\/07\/case_logistics.png\" border=\"0\" alt=\"\"><\/a><\/li>\r\n            \r\n          <\/ul>\r\n\r\n    <\/div>\r\n<\/div>\r\n\r\n\r\n<div class=\"row\">\r\n\r\n<div class=\"gl_border-page\">\r\n\t\t\r\n\t\t\r\n\t\t<div class=\"col-md-4\">\r\n\t<div class=\"gl_h2big_fix\">Alquiler de maquinaria de construcci\u00f3n<\/div>\r\n  <img decoding=\"async\" class=\"gl_space_top5\" src=\"https:\/\/www.enaikoon.com\/wp-content\/uploads\/2016\/07\/Construction_renting_inactive.png\" alt=\"Rastreo de maquinaria de construcci\u00f3n para empresas de alquiler\" title=\"Soluciones telem\u00e1ticas de ENAiKOON para empresas de alquiler de maquinaria de construcci\u00f3n\">\r\n  <div class=\"gl_h4big\"><br\/>Empresa<\/div>\r\n    <p>Eberle-Hald Handel und <br>Dienstleistungen GmbH &amp; Co. KG, <br>Metzingen, Alemania<br>\r\n    <em>Michael Busch, Gerente de Alquileres<\/em><\/p>\r\n<div class=\"gl_space_top15\"><\/div>\r\n <div class=\"gl_h4big\">Sector<\/div>\r\n    <p>Alquiler de maquinaria para la construcci\u00f3n<\/p>\r\n    <div class=\"gl_space_top15\"><\/div>\r\n  <div class=\"gl_h4big\">Contexto<\/div>\r\n    <p>Eberle-Hald es una de las empresas m\u00e1s importantes de alquiler de   m\u00e1quinas de construcci\u00f3n de Stuttgart, en el sur de Alemania. <br\/>Desde el   2007 emplean dispositivos y soluciones telem\u00e1ticas de ENAiKOON.   Actualmente, m\u00e1s de 100 dispositivos GPS est\u00e1n en funcionamiento para   hacer un seguimiento de las m\u00e1quinas de construcci\u00f3n.<\/p>\r\n\t\t\t\r\n\t\t<\/div>\r\n\t\t\r\n\t\t<div class=\"col-md-4\">\r\n\t\t<div class=\"gl_space_right5\">\r\n\t\t <div class=\"gl_h4big\">Problema<\/div>\r\n    <p style=\"padding-right:5px;\">\u00abEs muy importante para nosotros acceder a los datos de los equipos de   construcci\u00f3n, como horas de trabajo, nivel de bater\u00eda, tiempos de carga,   etc. Si detectamos problemas t\u00e9cnicos, nuestros trabajadores de   mantenimiento lo sabr\u00e1n al instante y podr\u00e1n reparar la m\u00e1quina de   construcci\u00f3n para que vuelva a estar en funcionamiento lo antes posible.   Las soluciones telem\u00e1ticas ENAiKOON nos permiten un control preciso de   los alquileres para construcci\u00f3n para poder saber exactamente qu\u00e9 d\u00eda y a   qu\u00e9 hora nos devolver\u00e1n la maquinaria.\u00bb<\/p>\r\n    <div class=\"gl_space_top15\"><\/div>\r\n     <div class=\"gl_h4big\"> Soluci\u00f3n<\/div>\r\n    <p>Eberle-Hald va un paso m\u00e1s all\u00e1 e integra el software inViu pro con sus   clientes. Es decir, ofrecen a los clientes la opci\u00f3n de ver en todo   momento d\u00f3nde se encuentran los veh\u00edculos y qu\u00e9 m\u00e1quinas de obra se   est\u00e1n usando en ese momento. Adem\u00e1s, los clientes disponen de   informaci\u00f3n detallada en las facturas sobre el alquiler para   construcci\u00f3n. Posteriormente, los clientes de Eberle-Hald pueden usar   estos datos como prueba del trabajo realizado para sus propios clientes.<\/p>\r\n  <\/div>\r\n\t\t<\/div>\r\n\t\t\r\n\t\t<div class=\"col-md-4\">\r\n\t\t<div class=\"gl_space_left15\">\r\n\t\t <div class=\"gl_h4big\">Conclusi\u00f3n<\/div>\r\n    <p style=\"padding-right:0px;\">Con la aplicaci\u00f3n inViu pro, puede consultar f\u00e1cilmente qu\u00e9 m\u00e1quinas de   construcci\u00f3n se usaron en qu\u00e9 obra, durante cu\u00e1nto tiempo estuvieron ah\u00ed   y todo tipo de datos relativos a su uso. De este modo, no puede haber   dudas o falta de informaci\u00f3n sobre alquiler para la construcci\u00f3n.<\/p>\r\n<div class=\"gl_space_top15\"><\/div>\r\n    <div><a class=\"gl_button_grey\" href=\"https:\/\/www.enaikoon.com\/es\/recursos\/hojas-de-temas-y-aplicaciones\/\">M\u00e1s aplicaciones<\/a> <\/div>\r\n    <div><a class=\"gl_button_blue\" href=\"https:\/\/www.enaikoon.com\/es\/contacto\/contacto\/\">cont\u00e1ctenos<\/a> <\/div>\r\n<div class=\"gl_space_top15\"><\/div>\r\n    <p>Para esta soluci\u00f3n, se utilizaron los siguientes dispositivos, accesorios, aplicaciones y plugins: <\/p>\r\n    \r\n \t <div><a class=\"gl_button_yellow\"  href=\"https:\/\/www.enaikoon.com\/es\/software-es\/inviu-pro\/\">inViu pro<\/a> <\/div>\r\n     <div><a class=\"gl_button_yellow\"  href=\"https:\/\/www.enaikoon.com\/es\/software-es\/plugins\/can-66\/\">can-66<\/a> <\/div>\r\n     <div><a class=\"gl_button_yellow\"  href=\"https:\/\/www.enaikoon.com\/es\/software-es\/plugins\/limit-checker\/\">limit-checker<\/a> <\/div>\r\n     <div><a class=\"gl_button_yellow\"  href=\"https:\/\/www.enaikoon.com\/es\/dispositivos\/gama-locate\/locate-06\/\">locate-06<\/a> <\/div>\r\n     <div><a class=\"gl_button_yellow\"  href=\"https:\/\/www.enaikoon.com\/es\/dispositivos\/accesorios\/antenna\/\">antenna<\/a> <\/div>\r\n     <div><a class=\"gl_button_yellow\"  href=\"https:\/\/www.enaikoon.com\/es\/dispositivos\/accesorios\/sim-card\/\">sim-card<\/a> <\/div>\r\n\t\t<\/div>\r\n\t\t<\/div>\r\n\t\t\r\n\t\t<div class=\"gl_row_space\"><\/div>\r\n<\/div>\r\n\r\n<\/div>","protected":false},"excerpt":{"rendered":"<p> [&hellip;]<\/p>\n","protected":false},"author":7,"featured_media":0,"parent":6179,"menu_order":0,"comment_status":"closed","ping_status":"closed","template":"","meta":{"footnotes":""},"acf":[],"_links":{"self":[{"href":"https:\/\/www.enaikoon.com\/es\/wp-json\/wp\/v2\/pages\/6183"}],"collection":[{"href":"https:\/\/www.enaikoon.com\/es\/wp-json\/wp\/v2\/pages"}],"about":[{"href":"https:\/\/www.enaikoon.com\/es\/wp-json\/wp\/v2\/types\/page"}],"author":[{"embeddable":true,"href":"https:\/\/www.enaikoon.com\/es\/wp-json\/wp\/v2\/users\/7"}],"replies":[{"embeddable":true,"href":"https:\/\/www.enaikoon.com\/es\/wp-json\/wp\/v2\/comments?post=6183"}],"version-history":[{"count":13,"href":"https:\/\/www.enaikoon.com\/es\/wp-json\/wp\/v2\/pages\/6183\/revisions"}],"predecessor-version":[{"id":10538,"href":"https:\/\/www.enaikoon.com\/es\/wp-json\/wp\/v2\/pages\/6183\/revisions\/10538"}],"up":[{"embeddable":true,"href":"https:\/\/www.enaikoon.com\/es\/wp-json\/wp\/v2\/pages\/6179"}],"wp:attachment":[{"href":"https:\/\/www.enaikoon.com\/es\/wp-json\/wp\/v2\/media?parent=6183"}],"curies":[{"name":"wp","href":"https:\/\/api.w.org\/{rel}","templated":true}]}}