{"id":6181,"date":"2016-08-01T07:03:11","date_gmt":"2016-08-01T07:03:11","guid":{"rendered":"https:\/\/www.enaikoon.com\/?page_id=6181"},"modified":"2017-11-19T15:18:18","modified_gmt":"2017-11-19T15:18:18","slug":"nuestros-servicios","status":"publish","type":"page","link":"https:\/\/www.enaikoon.com\/es\/solucion\/nuestros-servicios\/","title":{"rendered":"nuestros servicios"},"content":{"rendered":"<div class=\"row row-slider\">\n\t\t\t<!-- START ourservices_es REVOLUTION SLIDER 6.6.16 --><p class=\"rs-p-wp-fix\"><\/p>\n\t\t\t<rs-module-wrap id=\"rev_slider_47_1_wrapper\" data-source=\"gallery\" style=\"visibility:hidden;background:transparent;padding:0;margin:0px auto;margin-top:0;margin-bottom:0;\">\n\t\t\t\t<rs-module id=\"rev_slider_47_1\" style=\"\" data-version=\"6.6.16\">\n\t\t\t\t\t<rs-slides style=\"overflow: hidden; position: absolute;\">\n\t\t\t\t\t\t<rs-slide style=\"position: absolute;\" data-key=\"rs-69\" data-title=\"banner\" data-anim=\"adpr:false;\">\n\t\t\t\t\t\t\t<img src=\"\/\/www.enaikoon.com\/wp-content\/plugins\/revslider\/public\/assets\/assets\/dummy.png\" alt=\"\" title=\"nuestros servicios\" class=\"rev-slidebg tp-rs-img rs-lazyload\" data-lazyload=\"\/\/www.enaikoon.com\/wp-content\/uploads\/2016\/07\/ENK-service-bnnr_02.jpg\" data-no-retina>\n<!--\n\t\t\t\t\t\t\t--><rs-layer\n\t\t\t\t\t\t\t\tid=\"slider-47-slide-69-layer-1\" \n\t\t\t\t\t\t\t\tdata-type=\"image\"\n\t\t\t\t\t\t\t\tdata-rsp_ch=\"on\"\n\t\t\t\t\t\t\t\tdata-text=\"l:22;\"\n\t\t\t\t\t\t\t\tdata-dim=\"w:998px;h:300px;\"\n\t\t\t\t\t\t\t\tdata-frame_0=\"tp:600;\"\n\t\t\t\t\t\t\t\tdata-frame_1=\"tp:600;e:power2.inOut;st:500;\"\n\t\t\t\t\t\t\t\tdata-frame_999=\"o:0;tp:600;e:nothing;st:w;\"\n\t\t\t\t\t\t\t\tstyle=\"z-index:5;\"\n\t\t\t\t\t\t\t><img src=\"\/\/www.enaikoon.com\/wp-content\/plugins\/revslider\/public\/assets\/assets\/dummy.png\" alt=\"\" class=\"tp-rs-img rs-lazyload\" data-lazyload=\"\/wp-content\/uploads\/2016\/07\/ENK-service-bnnr_02.jpg\" data-no-retina> \n\t\t\t\t\t\t\t<\/rs-layer><!--\n\n\t\t\t\t\t\t\t--><rs-layer\n\t\t\t\t\t\t\t\tid=\"slider-47-slide-69-layer-2\" \n\t\t\t\t\t\t\t\tclass=\"medium-black-text\"\n\t\t\t\t\t\t\t\tdata-type=\"text\"\n\t\t\t\t\t\t\t\tdata-color=\"rgba(76,76,76,1)\"\n\t\t\t\t\t\t\t\tdata-rsp_ch=\"on\"\n\t\t\t\t\t\t\t\tdata-xy=\"x:540px;y:68px;\"\n\t\t\t\t\t\t\t\tdata-text=\"s:32;l:34;fw:700;\"\n\t\t\t\t\t\t\t\tdata-frame_0=\"y:50px;tp:600;\"\n\t\t\t\t\t\t\t\tdata-frame_1=\"tp:600;e:power2.inOut;st:800;sp:500;\"\n\t\t\t\t\t\t\t\tdata-frame_999=\"o:1;tp:600;e:nothing;st:w;\"\n\t\t\t\t\t\t\t\tstyle=\"z-index:6;font-family:'Myriad Pro';letter-spacing:0 !important;\"\n\t\t\t\t\t\t\t>Adaptado a<br\/>\nsus necesidades\n \n\t\t\t\t\t\t\t<\/rs-layer><!--\n\n\t\t\t\t\t\t\t--><rs-layer\n\t\t\t\t\t\t\t\tid=\"slider-47-slide-69-layer-3\" \n\t\t\t\t\t\t\t\tclass=\"small-brown-text\"\n\t\t\t\t\t\t\t\tdata-type=\"text\"\n\t\t\t\t\t\t\t\tdata-color=\"rgba(143,143,143,1)\"\n\t\t\t\t\t\t\t\tdata-rsp_ch=\"on\"\n\t\t\t\t\t\t\t\tdata-xy=\"x:540px;y:152px;\"\n\t\t\t\t\t\t\t\tdata-text=\"s:16;l:20;\"\n\t\t\t\t\t\t\t\tdata-frame_0=\"y:50px;tp:600;\"\n\t\t\t\t\t\t\t\tdata-frame_1=\"tp:600;e:power2.inOut;st:800;sp:500;\"\n\t\t\t\t\t\t\t\tdata-frame_999=\"o:1;tp:600;e:nothing;st:w;\"\n\t\t\t\t\t\t\t\tstyle=\"z-index:7;font-family:'Myriad Pro';letter-spacing:1 !important;font-size:14.4px;line-height:17px;\"\n\t\t\t\t\t\t\t>En ENAiKOON entendemos la importancia de la integraci\u00f3n de <br\/>nuestro sistema en su empresa \n\t\t\t\t\t\t\t<\/rs-layer><!--\n\n\t\t\t\t\t\t\t--><rs-layer\n\t\t\t\t\t\t\t\tid=\"slider-47-slide-69-layer-4\" \n\t\t\t\t\t\t\t\tdata-type=\"text\"\n\t\t\t\t\t\t\t\tdata-color=\"rgba(255,255,255,1)\"\n\t\t\t\t\t\t\t\tdata-rsp_ch=\"on\"\n\t\t\t\t\t\t\t\tdata-xy=\"x:540px;y:196px;\"\n\t\t\t\t\t\t\t\tdata-text=\"l:22;\"\n\t\t\t\t\t\t\t\tdata-frame_0=\"y:50px;tp:600;\"\n\t\t\t\t\t\t\t\tdata-frame_1=\"tp:600;e:power2.inOut;st:800;sp:500;\"\n\t\t\t\t\t\t\t\tdata-frame_999=\"o:1;tp:600;e:nothing;st:w;\"\n\t\t\t\t\t\t\t\tstyle=\"z-index:8;font-family:'';\"\n\t\t\t\t\t\t\t><a class=\"gl_button_blue\" href=\"\/es\/contacto\/contacto\/\">Ayuda al instante<\/a> \n\t\t\t\t\t\t\t<\/rs-layer><!--\n-->\t\t\t\t\t\t<\/rs-slide>\n\t\t\t\t\t<\/rs-slides>\n\t\t\t\t<\/rs-module>\n\t\t\t\t<script>\n\t\t\t\t\tsetREVStartSize({c: 'rev_slider_47_1',rl:[1240,1024,778,480],el:[],gw:[998],gh:[300],type:'standard',justify:'',layout:'fullwidth',mh:\"0\"});if (window.RS_MODULES!==undefined && window.RS_MODULES.modules!==undefined && window.RS_MODULES.modules[\"revslider471\"]!==undefined) {window.RS_MODULES.modules[\"revslider471\"].once = false;window.revapi47 = undefined;if (window.RS_MODULES.checkMinimal!==undefined) window.RS_MODULES.checkMinimal()}\n\t\t\t\t<\/script>\n\t\t\t<\/rs-module-wrap>\n\t\t\t<!-- END REVOLUTION SLIDER -->\n<\/div>\r\n<br\/><br\/>\r\n<div class=\"row\">\r\n\t\t<div class=\"col-md-8\">\r\n            <div class=\"gl_h2big\">Nuestros servicios<\/div>\r\n            <p>Las soluciones telem\u00e1ticas de ENAiKOON est\u00e1n dise\u00f1adas para responder efectivamente a sus requerimientos, adapt\u00e1ndose a su empresa sin tener que modificar las estructuras organizacionales ya existentes. Adem\u00e1s, sumado a la buena integraci\u00f3n de la soluci\u00f3n telem\u00e1tica de ENAiKOON en sus actividades, le ofrecemos nuestro servicio de atenci\u00f3n al cliente para que usted contin\u00fae administrando su negocio con tranquilidad. <\/p>\r\n         <div><br\/><\/div>   \r\n            <div class=\"gl_services_4boxs\">\r\n            \t<div class=\"gl_services_box\">\r\n                <div class=\"clearfix\">\r\n             <img decoding=\"async\" src=\"https:\/\/www.enaikoon.com\/wp-content\/uploads\/2016\/07\/analysis-icon-small.png\" alt=\"\"\/><p class=\"gl_h4big\">An\u00e1lisis del entorno<\/p>\r\n                <\/div>\r\n                <p>Una planificaci\u00f3n correcta es la clave del \u00e9xito. ENAiKOON pone a su disposici\u00f3n un experto en telem\u00e1tica que trabajar\u00e1 con usted para entender a la perfecci\u00f3n cu\u00e1les son sus sistemas y procesos de trabajo. Gracias a un completo an\u00e1lisis, le presentaremos la soluci\u00f3n que mejor se adapte a sus necesidades. <\/p>\r\n                <\/div>\r\n                <div class=\"gl_services_box2\">\r\n                <div class=\"clearfix\">\r\n               <img decoding=\"async\" src=\"https:\/\/www.enaikoon.com\/wp-content\/uploads\/2016\/07\/Setup-icon-small.png\" alt=\"\"\/><p class=\"gl_h4big\">Configuraci\u00f3n de los dispositivos<\/p>\r\n                <\/div>\r\n                <p>Adem\u00e1s de la configuraci\u00f3n e integraci\u00f3n de todos los productos, ENAiKOON le ofrece una formaci\u00f3n completa y gratuita para usted y su equipo. As\u00ed podr\u00e1 entender y aprovechar todo el potencial de sus soluciones telem\u00e1ticas. <\/p>\r\n                <\/div>\r\n<\/div><div><br\/><br\/><\/div><div class=\"gl_services_4boxs\">\r\n                <div class=\"gl_services_box\">\r\n                <div class=\"clearfix\">\r\n                <img decoding=\"async\" src=\"https:\/\/www.enaikoon.com\/wp-content\/uploads\/2016\/07\/Tailored-icon-small_01.png\" alt=\"\"\/><p class=\"gl_h4big\">Soluci\u00f3n a medida<\/p>\r\n                <\/div>\r\n                <p>Gracias a su perfil \u00fanico, su experto en telem\u00e1tica ENAiKOON dise\u00f1ar\u00e1 una soluci\u00f3n a medida con la m\u00e1xima seguridad garantizada y que crezca con su negocio adapt\u00e1ndose a sus necesidades y presupuesto. <\/p>\r\n                <\/div>\r\n                <div class=\"gl_services_box2\">\r\n                <div class=\"clearfix\">\r\n                <img decoding=\"async\" src=\"https:\/\/www.enaikoon.com\/wp-content\/uploads\/2016\/07\/support-icon-small.png\" alt=\"\"\/><p class=\"gl_h4big\">Soporte t\u00e9cnico<\/p>\r\n                <\/div>\r\n                <p>Estamos siempre a su disposici\u00f3n. Respondemos a todas sus preguntas y nuestros expertos estar\u00e1n online, al tel\u00e9fono o hasta pueden venir a su empresa, asegurando que su sistema siempre est\u00e9 online.\r\n <\/p>\r\n                <\/div>\r\n            \r\n            <\/div>\r\n\r\n       <\/div>\r\n\t\r\n\t\t<div class=\"col-md-4\">\r\n        <div class=\"gl_services_right\">\r\n        <img decoding=\"async\" class=\"gl_space_top10\" src=\"https:\/\/www.enaikoon.com\/wp-content\/uploads\/2016\/07\/People_web.png\" width=\"275\" alt=\"Contacte con nuestro experto equipo de soporte para responder sus dudas a su conveniencia\" title=\"Ayuda t&eacute;cnica en directo\"\/>            \r\n               <div><a class=\"gl_button_yellow\"  href=\"https:\/\/www.enaikoon.com\/es\/solucion\/casos-practicos\/alquiler-para-construccion\/\">Testimonios<\/a><\/div>\r\n         <\/div>\r\n          <\/div>\r\n\t\r\n\r\n        \r\n\r\n<\/div>\r\n\r\n<hr \/>     <br\/>\r\n <div class=\"row\">\r\n\t\t<div class=\"col-md-4\">\r\n<div class=\"gl_space_right30\">\r\n        <p class=\"gl_h2big\">Nuestras soluciones se pueden integrar en sus servidores:<\/p><\/div>\r\n        \r\n        <\/div> \r\n        <div class=\"col-md-4\">\r\n        <div class=\"gl_h4big\">ENAiKOON M2M commserver<\/div>\r\n        <p>Podemos implementar las funciones de inViu en sus propios servidores.<\/p>\r\n         <div class=\"gl_space_top15\" ><a class=\"gl_button_grey\"  rel=\"nofollow\" href=\"https:\/\/www.enaikoon.com\/fileadmin\/enaikoon\/Dateien\/pdf\/Datenblatt\/M2M-commserver\/spanisch\/ENAiKOON_M2M-commserver_hojas_de_datos.pdf\" target=\"_blank\">Descargar PDF<\/a><\/div>\r\n <div style=\"margin-top:20px;\"><div class=\"gl_h3big\">ENAiKOON DGPS-enabler<\/div><\/div>\r\n\t\t<div>*Caracter\u00edsticas extra: coordenadas GPS precisas, con DGPS \u00a1obtenga una precisi\u00f3n de hasta 2 metros!<\/div>\r\n\t\t <div class=\"gl_space_top15\" ><a class=\"gl_button_grey\"  rel=\"nofollow\" href=\"https:\/\/www.enaikoon.com\/fileadmin\/enaikoon\/Dateien\/pdf\/Datenblatt\/DGPS-enabler\/spanisch\/ENAiKOON_DGPS-enabler_hojas_de_datos.pdf\" target=\"_blank\">Descargar PDF<\/a><\/div>\r\n        \r\n        <\/div> \r\n        <div class=\"col-md-4\">\r\n       <div class=\"gl_h4big\">ENAiKOON data-forwarder<\/div>\r\n      <p>\u00a1Env\u00ede directamente al servidor todos los datos recogidos por sus dispositivos!<\/p>\r\n        <div class=\"gl_space_top15\" ><a class=\"gl_button_grey\" rel=\"nofollow\" href=\"https:\/\/www.enaikoon.com\/fileadmin\/enaikoon\/Dateien\/pdf\/Datenblatt\/data-forwarder\/spanisch\/ENAiKOON_data-forwarder_hojas_de_datos.pdf\" target=\"_blank\">Descargar PDF<\/a><\/div>\r\n         <div class=\"gl_space_top15\" ><a class=\"gl_button_blue\"  href=\"https:\/\/www.enaikoon.com\/es\/contacto\/contacto\/\">cont\u00e1ctenos<\/a><\/div>\r\n        <\/div> \r\n        \r\n   <\/div> <br\/><br\/>","protected":false},"excerpt":{"rendered":"","protected":false},"author":7,"featured_media":0,"parent":6179,"menu_order":0,"comment_status":"closed","ping_status":"closed","template":"","meta":{"footnotes":""},"acf":[],"_links":{"self":[{"href":"https:\/\/www.enaikoon.com\/es\/wp-json\/wp\/v2\/pages\/6181"}],"collection":[{"href":"https:\/\/www.enaikoon.com\/es\/wp-json\/wp\/v2\/pages"}],"about":[{"href":"https:\/\/www.enaikoon.com\/es\/wp-json\/wp\/v2\/types\/page"}],"author":[{"embeddable":true,"href":"https:\/\/www.enaikoon.com\/es\/wp-json\/wp\/v2\/users\/7"}],"replies":[{"embeddable":true,"href":"https:\/\/www.enaikoon.com\/es\/wp-json\/wp\/v2\/comments?post=6181"}],"version-history":[{"count":14,"href":"https:\/\/www.enaikoon.com\/es\/wp-json\/wp\/v2\/pages\/6181\/revisions"}],"predecessor-version":[{"id":11662,"href":"https:\/\/www.enaikoon.com\/es\/wp-json\/wp\/v2\/pages\/6181\/revisions\/11662"}],"up":[{"embeddable":true,"href":"https:\/\/www.enaikoon.com\/es\/wp-json\/wp\/v2\/pages\/6179"}],"wp:attachment":[{"href":"https:\/\/www.enaikoon.com\/es\/wp-json\/wp\/v2\/media?parent=6181"}],"curies":[{"name":"wp","href":"https:\/\/api.w.org\/{rel}","templated":true}]}}