{"id":6177,"date":"2016-08-01T06:58:40","date_gmt":"2016-08-01T06:58:40","guid":{"rendered":"https:\/\/www.enaikoon.com\/?page_id=6177"},"modified":"2019-07-30T12:37:55","modified_gmt":"2019-07-30T12:37:55","slug":"enaikoon-id-informacion","status":"publish","type":"page","link":"https:\/\/www.enaikoon.com\/es\/inicio\/enaikoon-id\/enaikoon-id-informacion\/","title":{"rendered":"ENAiKOON iD informacion"},"content":{"rendered":"<div class=\"gl_space_page\"><\/div>\n<div class=\"row\">\n\n<div class=\"col-md-8\"> <noindex><\/noindex>\n<div class=\"gl_space_pageleft2\">\n<div class=\"gl_h2big\">Nuevo inicio de sesi\u00f3n con ENAiKOON iD<\/div>\n<div class=\"gl_space_top10\"><\/div>\n<div>Con el lanzamiento de nuestra nueva p\u00e1gina web y el software online, inViu, tambi\u00e9n introducimos una nueva p\u00e1gina de inicio de sesi\u00f3n SSO (single sign-on) para acceder a varias aplicaciones de ENAiKOON, como inViu pro e inViu web.\n\nTodas las aplicaciones de ENAiKOON que use est\u00e1n disponibles en un sitio, s\u00f3lo tiene que introducir sus datos de acceso una vez y despu\u00e9s tendr\u00e1 acceso a todas sus aplicaciones de ENAiKOON.\n\n<\/div>\n<\/div>\n<\/div>\n\n<div class=\"col-md-4\">\n<div class=\"gl_space_pageright2\">\n<div class=\"gl_enaikoon_logo\"><img decoding=\"async\" src=\"https:\/\/www.enaikoon.com\/wp-content\/uploads\/2016\/07\/ENAiKOON-frosted-logo.png\"><\/div>\n<div><a class=\"gl_button_yellow\" href=\"https:\/\/www.enaikoon.com\/es\/contacto\/consulte-a-un-experto\/\">Programe una cita<\/a><\/div>\n<div class=\"gl_introduction_contact\">\n                    <img decoding=\"async\" src=\"https:\/\/www.enaikoon.com\/wp-content\/uploads\/2016\/07\/icon_email.png\">\n<p class=\"gl_text_space\"><a rel=\"nofollow\" href=\"mailto:sales@enaikoon.com\">sales@enaikoon.com<\/a><\/p>\n\n\n<\/div>\n<div class=\"gl_introduction_contact\">\n<p class=\"gl_text_space\"><img decoding=\"async\" src=\"https:\/\/www.enaikoon.com\/wp-content\/uploads\/2016\/07\/icon_phone1.png\">\n+49 30 397475-30\n\n<\/div>\n<div class=\"gl_introduction_contact\">\n<p class=\"gl_text_space\"><img decoding=\"async\" src=\"https:\/\/www.enaikoon.com\/wp-content\/uploads\/2016\/07\/icon_phone2.png\">\n+49 30 397475-40\n\n<\/div>\n<\/div>\n<\/div>\n<div class=\"gl_row_space\"><\/div>\n<div class=\"gl_line\"><\/div>\n<\/div>\n<!--3 columns middle-->\n<div class=\"row\">\n\n<div class=\"col-md-4\">\n<div style=\"width:288px;\">\n<div class=\"gl_h4big\"><a rel=\"nofollow\" href=\"https:\/\/sso.enaikoon.de\" target=\"_blank\">Clientes actuales de ENAiKOON<\/a><\/div>\n<div class=\"gl_space_top10\">Si ya tiene una ENAiKOON iD, simplemente inicie sesi\u00f3n con su e-mail y contrase\u00f1a.\n\n<strong>\u00bfYa tiene una cuenta ENAiKOON fleet-control-web?<\/strong>\n\nNing\u00fan problema, el acceso a\u00fan es v\u00e1lido.\n\nPara   acceder con sus datos de ENAiKOON fleet-control-web, simplemente   introduzca su nombre de usuario en la casilla \u00abe-mail\u00bb y su contrase\u00f1a   en la casilla \u00abcontrase\u00f1a\u00bb.\n\n<\/div>\n<div class=\"gl_space_tb_20\"><a rel=\"nofollow\" href=\"https:\/\/www.enaikoon.com\/wp-content\/uploads\/2016\/07\/login-eng_01.png\" target=\"_blank\" title=\"Inicio de sesi\u00f3n con ENAiKOON iD\"><img decoding=\"async\" src=\"https:\/\/www.enaikoon.com\/wp-content\/uploads\/2016\/07\/login-eng_01.png\" alt=\"Inicio de sesi\u00f3n con ENAiKOON iD\" width=\"280\" border=\"0\"><\/a><\/div>\n<div>Despu\u00e9s de hacer clic en \u00abiniciar sesi\u00f3n\u00bb,   aparecer\u00e1 una casilla para introducir su e-mail. Ahora podr\u00e1 iniciar   sesi\u00f3n introduciendo su e-mail y contrase\u00f1a. Una gran ventaja: si ha   olvidado su contrase\u00f1a, simplemente haga clic en \u00ab\u00bfhas olvidado tu   contrase\u00f1a?\u00bb y recibir\u00e1 un e-mail con un link para establecer una nueva   contrase\u00f1a. Si a\u00fan quiere iniciar sesi\u00f3n sin usar una direcci\u00f3n de   e-mail, haga clic en \u00abcerrar\u00bb y estar\u00e1 registrado.<\/div>\n<div class=\"gl_space_tb_20\"><a rel=\"nofollow\" href=\"https:\/\/www.enaikoon.com\/wp-content\/uploads\/2016\/07\/email.png\" target=\"_blank\" title=\"Introduzca una direcci\u00f3n de e-mail para un nuevo acceso\"><img decoding=\"async\" src=\"https:\/\/www.enaikoon.com\/wp-content\/uploads\/2016\/07\/email.png\" alt=\"Introduzca una direcci\u00f3n de e-mail para un nuevo acceso\" width=\"280\" border=\"0\"><\/a><\/div>\n<div><em>*por razones de seguridad se recomienda cambiar frecuentemente la contrase\u00f1a.\n*todos   los trabajadores que deban tener acceso a la cuenta, pueden tener su   subcuenta para acceder usando su e-mail y contrase\u00f1a. Simplemente, cree   una subcuenta para ellos en inViu web o inViu pro.<\/em><\/div>\n<\/div>\n<\/div>\n\n<div class=\"col-md-4\">\n<div style=\"width:288px;\">\n<div class=\"gl_h4big\"><a rel=\"nofollow\" href=\"https:\/\/sso.enaikoon.de\" target=\"_blank\">Cree una nueva ENAiKOON iD<\/a><\/div>\n<div class=\"gl_space_top10\">Para crear una nueva   ENAiKOON iD, haga clic en \u00ab\u00a1reg\u00edstrese!\u00bb Una vez haya hecho clic en   \u00ab\u00a1reg\u00edstrese!\u00bb, complete las casillas con el e-mail, contrase\u00f1a, nombre y   apellidos. Su tel\u00e9fono m\u00f3vil y nombre de empresa son opcionales.   Seleccione el idioma que desee y haga clic en \u00abregistra\u00bb.<\/div>\n<div class=\"gl_space_tb_20\"><a rel=\"nofollow\" href=\"https:\/\/www.enaikoon.com\/wp-content\/uploads\/2016\/07\/register_eng_01.png\" target=\"_blank\" title=\"Registre una ENAiKOON iD\"><img decoding=\"async\" src=\"https:\/\/www.enaikoon.com\/wp-content\/uploads\/2016\/07\/register_eng_01.png\" alt=\"Registre una ENAiKOON iD\" width=\"280\" border=\"0\"><\/a><\/div>\n<div>Una vez se haya registrado con \u00e9xito,   recibir\u00e1 un e-mail de confirmaci\u00f3n con un link para activar su nueva   ENAiKOON. Haga clic en ese link para verificar su registro, \u00a1ahora ya est\u00e1!\n\n<em>*recuerde que una contrase\u00f1a v\u00e1lida   debe contener al menos un n\u00famero, una may\u00fascula, una min\u00fascula y debe   tener un m\u00ednimo de 8 caracteres.<\/em>\n\n<\/div>\n<\/div>\n<\/div>\n\n<div class=\"col-md-4\">\n<div style=\"width:288px;\">\n<div class=\"gl_h4big\"><a rel=\"nofollow\" href=\"https:\/\/sso.enaikoon.de\" target=\"_blank\">Alternativas inicio de sesi\u00f3n<\/a><\/div>\n<div class=\"gl_space_top10\">Tambi\u00e9n puede iniciar sesi\u00f3n usando su cuenta de <a rel=\"nofollow\" href=\"https:\/\/www.facebook.com\/\" target=\"_blank\">Facebook<\/a>, <a rel=\"nofollow\" href=\"https:\/\/www.google.com.vn\/?gfe_rd=cr&amp;ei=b_nAV5XJFPDC8Aew75-4CA\" target=\"_blank\">Google<\/a>, o<a rel=\"nofollow\" href=\"https:\/\/vn.yahoo.com\/?p=us\" target=\"_blank\">Yahoo!<\/a> Para hacerlo, debe tener una cuenta de Facebook, Google o Yahoo!. Haga   clic en el icono que quiera usar para iniciar sesi\u00f3n a sus aplicaciones   ENAiKOON. Se le requerir\u00e1 autorizar a ENAiKOON el acceso a sus datos de   perfil y direcci\u00f3n de e-mail. Garantizando el acceso, habr\u00e1 iniciado   sesi\u00f3n autom\u00e1ticamente y el portal de ENAiKOON mostrar\u00e1 todas sus   aplicaciones ENAiKOON. Recibir\u00e1 un e-mail de confirmaci\u00f3n verificando su   registro.<\/div>\n<div class=\"gl_3btn_social\">\n    <img decoding=\"async\" src=\"https:\/\/www.enaikoon.com\/wp-content\/uploads\/2016\/07\/facebook.png\" alt=\"Facebook\" title=\"Facebook\" border=\"0\">\n<img decoding=\"async\" src=\"https:\/\/www.enaikoon.com\/wp-content\/uploads\/2016\/07\/google.png\" alt=\"Google\" title=\"Google\" border=\"0\">\n<img decoding=\"async\" src=\"https:\/\/www.enaikoon.com\/wp-content\/uploads\/2016\/07\/yahoo.png\" alt=\"Yahoo!\" title=\"Yahoo!\" border=\"0\"><\/div>\n<div><em>*Si   usa Facebook, Google o Yahoo! para registrar su ENAiKOON iD, por favor   contin\u00fae iniciando sesi\u00f3n con la misma cuenta. Si usa estos datos de   acceso en el portal ENAiKOON SSO en la casilla de e-mail y de   contrase\u00f1a, no le iniciar\u00e1 sesi\u00f3n.\n*Una gran ventaja del single   sign-on es usar s\u00f3lo unos detalles de acceso para diferentes sitios. As\u00ed   no tiene que recordar diferentes detalles de acceso. <\/em><\/div>\n<div class=\"gl_h4big\">\nVariedad de portales web<\/div>\n<div>Tras el inicio de sesi\u00f3n ver\u00e1 uno o m\u00e1s de los siguientes iconos:<\/div>\n<div class=\"gl_ul_style2\">\n<ul>\n \t<li><a href=\"https:\/\/www.enaikoon.com\/es\/software-es\/inviu-pro\/\" title=\"inViu pro\">inViu pro<\/a> (versi\u00f3n en negro) &#8211; el antiguo ENAiKOON fleet-control-web en un nuevo color<\/li>\n \t<li><a href=\"https:\/\/www.enaikoon.com\/es\/software-es\/inviu-pro\/\" title=\"inViu pro\">inViu pro<\/a> (cl\u00e1sico) &#8211; el antiguo ENAiKOON fleet-control-web en color naranja<\/li>\n \t<li><a href=\"https:\/\/www.enaikoon.com\/es\/software-es\/inviu-web\/\" title=\"inViu web\">inViu web<\/a> &#8211; el portal r\u00e1pido y f\u00e1cil de usar<\/li>\n<\/ul>\n<\/div>\n<div class=\"gl_space_tb_20\"><a rel=\"nofollow\" href=\"https:\/\/www.enaikoon.com\/wp-content\/uploads\/2016\/07\/Choose-portal-en_01.png\" target=\"_blank\" title=\"Elecci\u00f3n del portal web\"><img decoding=\"async\" src=\"https:\/\/www.enaikoon.com\/wp-content\/uploads\/2016\/07\/Choose-portal-en_01.png\" alt=\"Elecci\u00f3n del portal web\" width=\"280\" border=\"0\"><\/a><\/div>\n<div class=\"gl_space_top15\">Lea m\u00e1s sobre el single sign-on en <a rel=\"nofollow\" href=\"https:\/\/es.wikipedia.org\/wiki\/Single_Sign-On\" target=\"_blank\">Wikipedia<\/a>.<\/div>\n<\/div>\n<div><a class=\"gl_button_yellow\" href=\"https:\/\/www.enaikoon.com\/es\/inicio\/enaikoon-id\/\">Volver a ENAiKOON iD<\/a><\/div>\n<\/div>\n<div class=\"gl_row_space\"><\/div>\n<div class=\"gl_line\"><\/div>\n<\/div>\n\n<div class=\"row\">\n<div class=\"col-md-4\">\n<div class=\"image_center\"><img decoding=\"async\" src=\"https:\/\/www.enaikoon.com\/wp-content\/uploads\/2016\/07\/Anniversary_47.png\" alt=\"aniversario ENAiKOON: 10 a\u00f1os de telem\u00e1tica\" title=\"aniversario ENAiKOON: 10 a\u00f1os de telem\u00e1tica\" border=\"0\"><\/div>\n<div class=\"gl_h4big\">Aniversario de ENAiKOON<\/div>\n<div>ENAiKOON hace un repaso a los 10 exitosos a\u00f1os de soluciones telem\u00e1ticas y ofrece para el futuro grandes ofertas. M\u00e1s informaci\u00f3n.<\/div>\n<\/div>\n\n<div class=\"col-md-4\">\n<div class=\"image_center\"><a href=\"https:\/\/www.enaikoon.com\/es\/blog\/\" title=\"ENAiKOON Blog\"><img decoding=\"async\" src=\"https:\/\/www.enaikoon.com\/wp-content\/uploads\/2016\/07\/blog-icon_6e3a10.png\" alt=\"Read the ENAiKOON Blog to learn more about telematics\" border=\"0\"><\/a><\/div>\n<div class=\"gl_h4big\"><a href=\"https:\/\/www.enaikoon.com\/es\/blog\/\">BLOG<\/a><\/div>\n<div class=\"gl_space_right10\">P\u00f3ngase en contacto con usuarios con experiencia y t\u00e9cnicos de ENAiKOON <a href=\"https:\/\/www.enaikoon.com\/es\/blog\/\">para sacar el m\u00e1ximo partido de inViu y nuestras soluciones telem\u00e1ticas<\/a><\/div>\n<\/div>\n\n<div class=\"col-md-4\">\n<div class=\"image_center\"><a href=\"https:\/\/www.enaikoon.com\/es\/contacto\/prueba-gratuita\/\" title=\"\u00a1Pru\u00e9belo ahora!\"><img decoding=\"async\" src=\"https:\/\/www.enaikoon.com\/wp-content\/uploads\/2016\/07\/Try-n-Buy-icon_11.png\" alt=\"Pruebe nuestro kit de prueba gratuito y descubra los beneficios de los servicios de telem\u00e1tica de ENAiKOON\" border=\"0\"><\/a><\/div>\n<div class=\"gl_h4big\"><a href=\"https:\/\/www.enaikoon.com\/es\/contacto\/prueba-gratuita\/\">Kit de prueba gratuito<\/a><\/div>\n<div class=\"gl_space_right10\">\ninViu demo es el primer paso para\nconseguir una soluci\u00f3n telem\u00e1tica\nde ENAiKOON.\n<a href=\"https:\/\/www.enaikoon.com\/es\/contacto\/prueba-gratuita\/\">\u00a1Solicite ahora un kit de prueba gratuito!<\/a><\/div>\n<\/div>\n<div class=\"gl_space_pagebot\">&nbsp;<\/div>\n<\/div>","protected":false},"excerpt":{"rendered":"","protected":false},"author":7,"featured_media":0,"parent":6175,"menu_order":0,"comment_status":"closed","ping_status":"closed","template":"","meta":{"footnotes":""},"acf":[],"_links":{"self":[{"href":"https:\/\/www.enaikoon.com\/es\/wp-json\/wp\/v2\/pages\/6177"}],"collection":[{"href":"https:\/\/www.enaikoon.com\/es\/wp-json\/wp\/v2\/pages"}],"about":[{"href":"https:\/\/www.enaikoon.com\/es\/wp-json\/wp\/v2\/types\/page"}],"author":[{"embeddable":true,"href":"https:\/\/www.enaikoon.com\/es\/wp-json\/wp\/v2\/users\/7"}],"replies":[{"embeddable":true,"href":"https:\/\/www.enaikoon.com\/es\/wp-json\/wp\/v2\/comments?post=6177"}],"version-history":[{"count":10,"href":"https:\/\/www.enaikoon.com\/es\/wp-json\/wp\/v2\/pages\/6177\/revisions"}],"predecessor-version":[{"id":16863,"href":"https:\/\/www.enaikoon.com\/es\/wp-json\/wp\/v2\/pages\/6177\/revisions\/16863"}],"up":[{"embeddable":true,"href":"https:\/\/www.enaikoon.com\/es\/wp-json\/wp\/v2\/pages\/6175"}],"wp:attachment":[{"href":"https:\/\/www.enaikoon.com\/es\/wp-json\/wp\/v2\/media?parent=6177"}],"curies":[{"name":"wp","href":"https:\/\/api.w.org\/{rel}","templated":true}]}}