{"id":6173,"date":"2016-08-01T06:53:38","date_gmt":"2016-08-01T06:53:38","guid":{"rendered":"https:\/\/www.enaikoon.com\/?page_id=6173"},"modified":"2017-11-19T15:07:13","modified_gmt":"2017-11-19T15:07:13","slug":"inicio","status":"publish","type":"page","link":"https:\/\/www.enaikoon.com\/es\/","title":{"rendered":"Inicio"},"content":{"rendered":"<div class=\"row row-slider\">\n\t\t\t<!-- START homeslideres REVOLUTION SLIDER 6.6.16 --><p class=\"rs-p-wp-fix\"><\/p>\n\t\t\t<rs-module-wrap id=\"rev_slider_42_1_wrapper\" data-source=\"gallery\" style=\"visibility:hidden;background:transparent;padding:0;margin:0px auto;margin-top:0;margin-bottom:0;\">\n\t\t\t\t<rs-module id=\"rev_slider_42_1\" style=\"\" data-version=\"6.6.16\">\n\t\t\t\t\t<rs-slides style=\"overflow: hidden; position: absolute;\">\n\t\t\t\t\t\t<rs-slide style=\"position: absolute;\" data-key=\"rs-61\" data-title=\"inViu\" data-thumb=\"\/\/www.enaikoon.com\/wp-content\/uploads\/2016\/07\/25cf199cc9.png\" data-link=\"\/es\/software-es\/\" data-tag=\"l\" data-target=\"_self\" data-seoz=\"front\" data-anim=\"adpr:false;\">\n\t\t\t\t\t\t\t<img src=\"\/\/www.enaikoon.com\/wp-content\/plugins\/revslider\/public\/assets\/assets\/dummy.png\" alt=\"\" title=\"Inicio\" class=\"rev-slidebg tp-rs-img rs-lazyload\" data-lazyload=\"\/\/www.enaikoon.com\/wp-content\/uploads\/2016\/07\/25cf199cc9.png\" data-no-retina>\n<!--\n\t\t\t\t\t\t\t--><rs-layer\n\t\t\t\t\t\t\t\tid=\"slider-42-slide-61-layer-1\" \n\t\t\t\t\t\t\t\tdata-type=\"image\"\n\t\t\t\t\t\t\t\tdata-rsp_ch=\"on\"\n\t\t\t\t\t\t\t\tdata-text=\"l:22;\"\n\t\t\t\t\t\t\t\tdata-dim=\"w:998px;h:300px;\"\n\t\t\t\t\t\t\t\tdata-frame_0=\"tp:600;\"\n\t\t\t\t\t\t\t\tdata-frame_1=\"tp:600;e:power2.inOut;st:500;\"\n\t\t\t\t\t\t\t\tdata-frame_999=\"o:0;tp:600;e:nothing;st:w;\"\n\t\t\t\t\t\t\t\tstyle=\"z-index:5;\"\n\t\t\t\t\t\t\t><img src=\"\/\/www.enaikoon.com\/wp-content\/plugins\/revslider\/public\/assets\/assets\/dummy.png\" alt=\"\" class=\"tp-rs-img rs-lazyload\" data-lazyload=\"\/wp-content\/uploads\/2016\/07\/25cf199cc9.png\" data-no-retina> \n\t\t\t\t\t\t\t<\/rs-layer><!--\n\n\t\t\t\t\t\t\t--><rs-layer\n\t\t\t\t\t\t\t\tid=\"slider-42-slide-61-layer-2\" \n\t\t\t\t\t\t\t\tclass=\"small-brown-text\"\n\t\t\t\t\t\t\t\tdata-type=\"text\"\n\t\t\t\t\t\t\t\tdata-color=\"rgba(143,143,143,1)\"\n\t\t\t\t\t\t\t\tdata-rsp_ch=\"on\"\n\t\t\t\t\t\t\t\tdata-xy=\"x:596px;y:220px;\"\n\t\t\t\t\t\t\t\tdata-text=\"s:16;l:22;\"\n\t\t\t\t\t\t\t\tdata-frame_0=\"y:50px;tp:600;\"\n\t\t\t\t\t\t\t\tdata-frame_1=\"tp:600;e:power2.inOut;st:1000;\"\n\t\t\t\t\t\t\t\tdata-frame_999=\"o:1;tp:600;e:nothing;st:w;\"\n\t\t\t\t\t\t\t\tstyle=\"z-index:6;font-family:'Myriad Pro';letter-spacing:1 !important;font-size:14.4px;line-height:17px;\"\n\t\t\t\t\t\t\t>El software de localizaci\u00f3n GPS<br>m\u00e1s potente y f\u00e1cil de usar \n\t\t\t\t\t\t\t<\/rs-layer><!--\n-->\t\t\t\t\t\t<\/rs-slide>\n\t\t\t\t\t\t<rs-slide style=\"position: absolute;\" data-key=\"rs-62\" data-title=\"GPS Solution\" data-thumb=\"\/\/www.enaikoon.com\/wp-content\/uploads\/2016\/07\/f3a943f5ab.png\" data-link=\"\/es\/solucion\/\" data-tag=\"l\" data-target=\"_self\" data-seoz=\"front\" data-anim=\"adpr:false;\">\n\t\t\t\t\t\t\t<img src=\"\/\/www.enaikoon.com\/wp-content\/plugins\/revslider\/public\/assets\/assets\/dummy.png\" alt=\"\" title=\"Inicio\" class=\"rev-slidebg tp-rs-img rs-lazyload\" data-lazyload=\"\/\/www.enaikoon.com\/wp-content\/uploads\/2016\/07\/f3a943f5ab.png\" data-no-retina>\n<!--\n\t\t\t\t\t\t\t--><rs-layer\n\t\t\t\t\t\t\t\tid=\"slider-42-slide-62-layer-1\" \n\t\t\t\t\t\t\t\tdata-type=\"image\"\n\t\t\t\t\t\t\t\tdata-rsp_ch=\"on\"\n\t\t\t\t\t\t\t\tdata-text=\"l:22;\"\n\t\t\t\t\t\t\t\tdata-dim=\"w:998px;h:300px;\"\n\t\t\t\t\t\t\t\tdata-frame_0=\"tp:600;\"\n\t\t\t\t\t\t\t\tdata-frame_1=\"tp:600;e:power2.inOut;st:500;\"\n\t\t\t\t\t\t\t\tdata-frame_999=\"o:0;tp:600;e:nothing;st:w;\"\n\t\t\t\t\t\t\t\tstyle=\"z-index:5;\"\n\t\t\t\t\t\t\t><img src=\"\/\/www.enaikoon.com\/wp-content\/plugins\/revslider\/public\/assets\/assets\/dummy.png\" alt=\"\" class=\"tp-rs-img rs-lazyload\" data-lazyload=\"\/wp-content\/uploads\/2016\/07\/f3a943f5ab.png\" data-no-retina> \n\t\t\t\t\t\t\t<\/rs-layer><!--\n\n\t\t\t\t\t\t\t--><rs-layer\n\t\t\t\t\t\t\t\tid=\"slider-42-slide-62-layer-2\" \n\t\t\t\t\t\t\t\tclass=\"big-blue-text\"\n\t\t\t\t\t\t\t\tdata-type=\"text\"\n\t\t\t\t\t\t\t\tdata-color=\"rgba(70,180,231,1)\"\n\t\t\t\t\t\t\t\tdata-rsp_ch=\"on\"\n\t\t\t\t\t\t\t\tdata-xy=\"x:585px;y:60px;\"\n\t\t\t\t\t\t\t\tdata-text=\"s:52;l:60;fw:700;\"\n\t\t\t\t\t\t\t\tdata-frame_0=\"y:50px;tp:600;\"\n\t\t\t\t\t\t\t\tdata-frame_1=\"tp:600;e:power2.inOut;st:800;sp:500;\"\n\t\t\t\t\t\t\t\tdata-frame_999=\"o:1;tp:600;e:nothing;st:w;\"\n\t\t\t\t\t\t\t\tstyle=\"z-index:6;font-family:'Myriad Pro';\"\n\t\t\t\t\t\t\t>Nuestras<br>soluciones GPS \n\t\t\t\t\t\t\t<\/rs-layer><!--\n\n\t\t\t\t\t\t\t--><rs-layer\n\t\t\t\t\t\t\t\tid=\"slider-42-slide-62-layer-3\" \n\t\t\t\t\t\t\t\tclass=\"small-brown-text\"\n\t\t\t\t\t\t\t\tdata-type=\"text\"\n\t\t\t\t\t\t\t\tdata-color=\"rgba(143,143,143,1)\"\n\t\t\t\t\t\t\t\tdata-rsp_ch=\"on\"\n\t\t\t\t\t\t\t\tdata-xy=\"x:586px;y:198px;\"\n\t\t\t\t\t\t\t\tdata-text=\"s:16;l:20;\"\n\t\t\t\t\t\t\t\tdata-frame_0=\"y:50px;tp:600;\"\n\t\t\t\t\t\t\t\tdata-frame_1=\"tp:600;e:power2.inOut;st:800;sp:500;\"\n\t\t\t\t\t\t\t\tdata-frame_999=\"o:1;tp:600;e:nothing;st:w;\"\n\t\t\t\t\t\t\t\tstyle=\"z-index:7;font-family:'Myriad Pro';letter-spacing:1 !important;font-size:14.4px;line-height:17px;\"\n\t\t\t\t\t\t\t>\"Con la soluci\u00f3n telem\u00e1tica de ENAiKOON hemos <br>optimizado el uso de nuestros veh\u00edculos un 40%.\" <br>Karsten Hiehle, CEO de Legend, Dresden  \n\t\t\t\t\t\t\t<\/rs-layer><!--\n-->\t\t\t\t\t\t<\/rs-slide>\n\t\t\t\t\t\t<rs-slide style=\"position: absolute;\" data-key=\"rs-63\" data-title=\"GPS Device\" data-thumb=\"\/\/www.enaikoon.com\/wp-content\/uploads\/2016\/07\/432bc7a132.png\" data-link=\"\/es\/dispositivos\/\" data-tag=\"l\" data-target=\"_self\" data-seoz=\"front\" data-anim=\"adpr:false;\">\n\t\t\t\t\t\t\t<img src=\"\/\/www.enaikoon.com\/wp-content\/plugins\/revslider\/public\/assets\/assets\/dummy.png\" alt=\"\" title=\"Inicio\" class=\"rev-slidebg tp-rs-img rs-lazyload\" data-lazyload=\"\/\/www.enaikoon.com\/wp-content\/uploads\/2016\/07\/432bc7a132.png\" data-no-retina>\n<!--\n\t\t\t\t\t\t\t--><rs-layer\n\t\t\t\t\t\t\t\tid=\"slider-42-slide-63-layer-1\" \n\t\t\t\t\t\t\t\tdata-type=\"image\"\n\t\t\t\t\t\t\t\tdata-rsp_ch=\"on\"\n\t\t\t\t\t\t\t\tdata-text=\"l:22;\"\n\t\t\t\t\t\t\t\tdata-dim=\"w:998px;h:300px;\"\n\t\t\t\t\t\t\t\tdata-frame_0=\"tp:600;\"\n\t\t\t\t\t\t\t\tdata-frame_1=\"tp:600;e:power2.inOut;st:500;\"\n\t\t\t\t\t\t\t\tdata-frame_999=\"o:0;tp:600;e:nothing;st:w;\"\n\t\t\t\t\t\t\t\tstyle=\"z-index:5;\"\n\t\t\t\t\t\t\t><img src=\"\/\/www.enaikoon.com\/wp-content\/plugins\/revslider\/public\/assets\/assets\/dummy.png\" alt=\"\" class=\"tp-rs-img rs-lazyload\" data-lazyload=\"\/wp-content\/uploads\/2016\/07\/432bc7a132.png\" data-no-retina> \n\t\t\t\t\t\t\t<\/rs-layer><!--\n\n\t\t\t\t\t\t\t--><rs-layer\n\t\t\t\t\t\t\t\tid=\"slider-42-slide-63-layer-2\" \n\t\t\t\t\t\t\t\tclass=\"big-blue-text\"\n\t\t\t\t\t\t\t\tdata-type=\"text\"\n\t\t\t\t\t\t\t\tdata-color=\"rgba(70,180,231,1)\"\n\t\t\t\t\t\t\t\tdata-rsp_ch=\"on\"\n\t\t\t\t\t\t\t\tdata-xy=\"x:585px;y:110px;\"\n\t\t\t\t\t\t\t\tdata-text=\"s:30;l:36;fw:700;\"\n\t\t\t\t\t\t\t\tdata-frame_0=\"y:50px;tp:600;\"\n\t\t\t\t\t\t\t\tdata-frame_1=\"tp:600;e:power2.inOut;st:800;sp:500;\"\n\t\t\t\t\t\t\t\tdata-frame_999=\"o:1;tp:600;e:nothing;st:w;\"\n\t\t\t\t\t\t\t\tstyle=\"z-index:6;font-family:'Myriad Pro';\"\n\t\t\t\t\t\t\t>Nuestros dispositivos<br>GPS compactos \n\t\t\t\t\t\t\t<\/rs-layer><!--\n\n\t\t\t\t\t\t\t--><rs-layer\n\t\t\t\t\t\t\t\tid=\"slider-42-slide-63-layer-3\" \n\t\t\t\t\t\t\t\tclass=\"small-brown-text\"\n\t\t\t\t\t\t\t\tdata-type=\"text\"\n\t\t\t\t\t\t\t\tdata-color=\"rgba(143,143,143,1)\"\n\t\t\t\t\t\t\t\tdata-rsp_ch=\"on\"\n\t\t\t\t\t\t\t\tdata-xy=\"x:586px;y:215px;\"\n\t\t\t\t\t\t\t\tdata-text=\"s:16;l:20;\"\n\t\t\t\t\t\t\t\tdata-frame_0=\"y:50px;tp:600;\"\n\t\t\t\t\t\t\t\tdata-frame_1=\"tp:600;e:power2.inOut;st:800;sp:500;\"\n\t\t\t\t\t\t\t\tdata-frame_999=\"o:1;tp:600;e:nothing;st:w;\"\n\t\t\t\t\t\t\t\tstyle=\"z-index:7;font-family:'Myriad Pro';letter-spacing:1 !important;font-size:14.4px;line-height:17px;\"\n\t\t\t\t\t\t\t>La tecnolog\u00eda m\u00e1s avanzada para ofrecer la mejor <br\/>localizaci\u00f3n GPS y monitorizaci\u00f3n de datos. \n\t\t\t\t\t\t\t<\/rs-layer><!--\n-->\t\t\t\t\t\t<\/rs-slide>\n\t\t\t\t\t\t<rs-slide style=\"position: absolute;\" data-key=\"rs-64\" data-title=\"inViu Routes\" data-thumb=\"\/\/www.enaikoon.com\/wp-content\/uploads\/2016\/07\/d1995bd7cd.png\" data-link=\"\/es\/movil\/plugins\/routes\/\" data-tag=\"l\" data-target=\"_self\" data-seoz=\"front\" data-anim=\"adpr:false;\">\n\t\t\t\t\t\t\t<img src=\"\/\/www.enaikoon.com\/wp-content\/plugins\/revslider\/public\/assets\/assets\/dummy.png\" alt=\"\" title=\"Inicio\" class=\"rev-slidebg tp-rs-img rs-lazyload\" data-lazyload=\"\/\/www.enaikoon.com\/wp-content\/uploads\/2016\/07\/d1995bd7cd.png\" data-no-retina>\n<!--\n\t\t\t\t\t\t\t--><rs-layer\n\t\t\t\t\t\t\t\tid=\"slider-42-slide-64-layer-1\" \n\t\t\t\t\t\t\t\tdata-type=\"image\"\n\t\t\t\t\t\t\t\tdata-rsp_ch=\"on\"\n\t\t\t\t\t\t\t\tdata-text=\"l:22;\"\n\t\t\t\t\t\t\t\tdata-dim=\"w:998px;h:300px;\"\n\t\t\t\t\t\t\t\tdata-frame_0=\"tp:600;\"\n\t\t\t\t\t\t\t\tdata-frame_1=\"tp:600;e:power2.inOut;st:500;\"\n\t\t\t\t\t\t\t\tdata-frame_999=\"o:0;tp:600;e:nothing;st:w;\"\n\t\t\t\t\t\t\t\tstyle=\"z-index:5;\"\n\t\t\t\t\t\t\t><img src=\"\/\/www.enaikoon.com\/wp-content\/plugins\/revslider\/public\/assets\/assets\/dummy.png\" alt=\"\" class=\"tp-rs-img rs-lazyload\" data-lazyload=\"\/wp-content\/uploads\/2016\/07\/d1995bd7cd.png\" data-no-retina> \n\t\t\t\t\t\t\t<\/rs-layer><!--\n\n\t\t\t\t\t\t\t--><rs-layer\n\t\t\t\t\t\t\t\tid=\"slider-42-slide-64-layer-2\" \n\t\t\t\t\t\t\t\tclass=\"big-blue-text\"\n\t\t\t\t\t\t\t\tdata-type=\"text\"\n\t\t\t\t\t\t\t\tdata-color=\"rgba(70,180,231,1)\"\n\t\t\t\t\t\t\t\tdata-rsp_ch=\"on\"\n\t\t\t\t\t\t\t\tdata-xy=\"x:585px;y:120px;\"\n\t\t\t\t\t\t\t\tdata-text=\"s:52;l:60;fw:700;\"\n\t\t\t\t\t\t\t\tdata-frame_0=\"y:50px;tp:600;\"\n\t\t\t\t\t\t\t\tdata-frame_1=\"tp:600;e:power2.inOut;st:800;sp:500;\"\n\t\t\t\t\t\t\t\tdata-frame_999=\"o:1;tp:600;e:nothing;st:w;\"\n\t\t\t\t\t\t\t\tstyle=\"z-index:6;font-family:'Myriad Pro';\"\n\t\t\t\t\t\t\t>inViu routes \n\t\t\t\t\t\t\t<\/rs-layer><!--\n\n\t\t\t\t\t\t\t--><rs-layer\n\t\t\t\t\t\t\t\tid=\"slider-42-slide-64-layer-3\" \n\t\t\t\t\t\t\t\tclass=\"small-brown-text\"\n\t\t\t\t\t\t\t\tdata-type=\"text\"\n\t\t\t\t\t\t\t\tdata-color=\"rgba(143,143,143,1)\"\n\t\t\t\t\t\t\t\tdata-rsp_ch=\"on\"\n\t\t\t\t\t\t\t\tdata-xy=\"x:586px;y:202px;\"\n\t\t\t\t\t\t\t\tdata-text=\"s:16;l:20;\"\n\t\t\t\t\t\t\t\tdata-frame_0=\"y:50px;tp:600;\"\n\t\t\t\t\t\t\t\tdata-frame_1=\"tp:600;e:power2.inOut;st:800;sp:500;\"\n\t\t\t\t\t\t\t\tdata-frame_999=\"o:1;tp:600;e:nothing;st:w;\"\n\t\t\t\t\t\t\t\tstyle=\"z-index:7;font-family:'Myriad Pro';letter-spacing:1 !important;font-size:14.4px;line-height:17px;\"\n\t\t\t\t\t\t\t>app de rastreo GPS para registrar las rutas de <br>trabajadores m\u00f3viles y mostrar los trackables<br>en el mapa del smartphone \n\t\t\t\t\t\t\t<\/rs-layer><!--\n-->\t\t\t\t\t\t<\/rs-slide>\n\t\t\t\t\t<\/rs-slides>\n\t\t\t\t<\/rs-module>\n\t\t\t\t<script>\n\t\t\t\t\tsetREVStartSize({c: 'rev_slider_42_1',rl:[1240,1024,778,480],el:[],gw:[998],gh:[300],type:'standard',justify:'',layout:'fullwidth',mh:\"0\"});if (window.RS_MODULES!==undefined && window.RS_MODULES.modules!==undefined && window.RS_MODULES.modules[\"revslider421\"]!==undefined) {window.RS_MODULES.modules[\"revslider421\"].once = false;window.revapi42 = undefined;if (window.RS_MODULES.checkMinimal!==undefined) window.RS_MODULES.checkMinimal()}\n\t\t\t\t<\/script>\n\t\t\t<\/rs-module-wrap>\n\t\t\t<!-- END REVOLUTION SLIDER -->\n<\/div>\r\n<div style=\"height:40px;\"><\/div>\r\n<div class=\"row\">\r\n\t\t<div class=\"col-md-6\">\r\n\t\t\r\n            <div class=\"gl_h1big\">La protecci\u00f3n contra el robo de combustible en camiones<\/div>\r\n            <div class=\"gl_space_right10 gl_space_top10\">El nuevo <a href=\"https:\/\/www.enaikoon.com\/es\/dispositivos\/accesorios\/sensor-ultrasonico\/\" title=\"sensor de combustible ENAiKOON\">ENAiKOON fuel-level sensor<\/a> permite detectar el robo de combustible en tiempo real, generar informes del nivel de gasoil y calcular el rango restante de autonom\u00eda.<br>\r\n              <br>\r\n            Con su tecnolog\u00eda ultras\u00f3nica a prueba de manipulaciones puede ser pegado f\u00e1cilmente debajo del tanque &#8211; sin perforaciones, ni tornillos y sin drenar del tanque de combustible para la instalaci\u00f3n.<\/div>\r\n             <div><a href=\"https:\/\/www.enaikoon.com\/es\/dispositivos\/accesorios\/sensor-ultrasonico\/\" title=\"Fuel-theft protection for trucks with ENAiKOON fuel-level sensor\"><img decoding=\"async\" loading=\"lazy\" src=\"https:\/\/www.enaikoon.com\/wp-content\/uploads\/2016\/08\/275a07e0c7.png\" width=\"400\" height=\"267\" border=\"0\" alt=\"Fuel-theft protection for trucks with ENAiKOON fuel-level sensor\"><\/a><\/div>\r\n\r\n         <\/div>\r\n\r\n\t\t<div class=\"col-md-6\">\r\n            <div class=\"gl_h1big\">Soluciones de localizaci\u00f3n GPS adaptadas a su negocio<\/div>\r\n            <div class=\"gl_ul_style2 gl_space_right10\">\r\n              <ul>\r\n                     <li>Rastreo, identificaci\u00f3n y monitoreo de sus bienes <\/li>\r\n                      <li>Protecci\u00f3n y supervisi\u00f3n antirrobos<\/li>\r\n                      <li>Organizaci\u00f3n y coordinaci\u00f3n eficiente de sus actividades, empleados y veh\u00edculos<\/li>\r\n                      <li>Control y reducci\u00f3n del consumo de combustible<\/li>\r\n                      <li>Creaci\u00f3n de informes para la optimizaci\u00f3n de la comunicaci\u00f3n interna<\/li>\r\n                      <li>La calidad que garantiza la tecnolog\u00eda \u00abhecha en Alemania\u00bb<\/li>\r\n              <\/ul>\r\n         \t<\/div>\r\n            <div class=\"gl_space_top20\"><a class=\"gl_button_blue\" href=\"https:\/\/www.enaikoon.com\/es\/contacto\/contacto\/\">CONT\u00c1CTENOS<\/a>\r\n              <\/div>\r\n            <div><a class=\"gl_button_grey\"  href=\"https:\/\/www.enaikoon.com\/es\/solucion\/\">\u00bfQU\u00c9 HACEMOS?<\/a><\/div>\r\n            <div><br\/>Descubra todas las posibilidades y lo sencillo que es de usar nuestro portal web inViu pro, simplemente haga clic en el bot\u00f3n que aparece abajo y en la siguiente pantalla seleccione la opci\u00f3n de demo.<\/div>\r\n            <div><a class=\"gl_button_yellow\"  rel=\"nofollow\" href=\"https:\/\/sso.enaikoon.de\/SSOServer\/?locale=es&#038;demo=1\" target=\"_blank\">INVIU PRO DEMO<\/a>\r\n              <\/div>\r\n        <\/div> \r\n<\/div>\r\n<div style=\"height:5px;\"><\/div>\r\n<hr \/>\r\n<div style=\"height:40px;\"><\/div>\r\n<div class=\"row\">\r\n<div class=\"col-md-4\">\r\n               <div class=\"gl_space_left30\">\r\n         \t<a href=\"https:\/\/www.enaikoon.com\/es\/software-es\/\" title=\"ENAiKOON\u00b4s software solution\"><img decoding=\"async\" loading=\"lazy\" src=\"https:\/\/www.enaikoon.com\/wp-content\/uploads\/2016\/08\/Screen_inViu_03.png\" width=\"250\" height=\"250\" border=\"0\" alt=\"ENAiKOON\u00b4s software solution\"><\/a>\r\n              <\/div>\r\n                \r\n<\/div>        \r\n<div class=\"col-md-4\">\r\n                <div class=\"gl_space_left30\">\r\n            \t<a href=\"https:\/\/www.enaikoon.com\/es\/dispositivos\/\" title=\"dispositivos GPS ENAiKOON\"><img decoding=\"async\" loading=\"lazy\" src=\"https:\/\/www.enaikoon.com\/wp-content\/uploads\/2016\/08\/l19-hand_04.png\" width=\"250\" height=\"250\" border=\"0\"  alt=\"soluci\u00f3n de software ENAiKOON\" ><\/a>\r\n              <\/div>\r\n<\/div>\r\n<div class=\"col-md-4\">\r\n               <div class=\"gl_space_left30\">\r\n            \t<a href=\"https:\/\/www.enaikoon.com\/es\/movil\/\" title=\"Las app de ENAiKOON permiten rastrear sus activos y conectarse con su equipo usando su tel\u00e9fono m\u00f3vil.\"><img decoding=\"async\" loading=\"lazy\" src=\"https:\/\/www.enaikoon.com\/wp-content\/uploads\/2016\/08\/inViu_trackables_es.png\" width=\"250\" height=\"250\" border=\"0\" alt=\"Las app de ENAiKOON permiten rastrear sus activos y conectarse con su equipo usando su tel\u00e9fono m\u00f3vil.\"><\/a>\r\n              <\/div>\r\n<\/div>\r\n<div class=\"col-md-4\"><div class=\"gl_h4big\"><a href=\"https:\/\/www.enaikoon.com\/es\/software-es\/\">Sistema inViu <\/a><\/div>\r\n              <div class=\"gl_space_right10\">Un software multifuncional y f\u00e1cil de usar &#8211; inViu es <a href=\"https:\/\/www.enaikoon.com\/es\/software-es\/\" title=\"inViu\">una aplicaci\u00f3n web<\/a> muy segura que procesa los datos telem\u00e1ticos con alta precisi\u00f3n.<\/div>\r\n              \r\n<\/div>\r\n<div class=\"col-md-4\">  <div class=\"gl_h4big\"><a href=\"https:\/\/www.enaikoon.com\/es\/dispositivos\/\">Nuestros dispositivos GPS<\/a><\/div>\r\n                <div>La tecnolog\u00eda m\u00e1s avanzada para ofrecer la mejor localizaci\u00f3n GPS y monitorizaci\u00f3n de datos. <a href=\"https:\/\/www.enaikoon.com\/es\/dispositivos\/\" title=\"m\u00f3dulos GPS\">M\u00e1s informaci\u00f3n<\/a><\/div>\r\n  \r\n<\/div>\r\n<div class=\"col-md-4\"><div class=\"gl_h4big\"><a href=\"https:\/\/www.enaikoon.com\/es\/movil\/\">Siempre conectados<\/a><\/div>\r\n              <div class=\"gl_space_right10\">Control remoto, back-up de datos, registre y comparta rutas&#8230; Para Android, Windows Mobile o Blackberry, <a href=\"https:\/\/www.enaikoon.com\/es\/movil\/\" title=\"app m\u00f3vil\">descubra nuestra gama de aplicaciones m\u00f3viles<\/a>.<\/div>\r\n <\/div> \r\n <\/div>\r\n<div class=\"gl_space_top100\"><\/div>","protected":false},"excerpt":{"rendered":"","protected":false},"author":7,"featured_media":0,"parent":0,"menu_order":0,"comment_status":"closed","ping_status":"closed","template":"","meta":{"footnotes":""},"acf":[],"_links":{"self":[{"href":"https:\/\/www.enaikoon.com\/es\/wp-json\/wp\/v2\/pages\/6173"}],"collection":[{"href":"https:\/\/www.enaikoon.com\/es\/wp-json\/wp\/v2\/pages"}],"about":[{"href":"https:\/\/www.enaikoon.com\/es\/wp-json\/wp\/v2\/types\/page"}],"author":[{"embeddable":true,"href":"https:\/\/www.enaikoon.com\/es\/wp-json\/wp\/v2\/users\/7"}],"replies":[{"embeddable":true,"href":"https:\/\/www.enaikoon.com\/es\/wp-json\/wp\/v2\/comments?post=6173"}],"version-history":[{"count":14,"href":"https:\/\/www.enaikoon.com\/es\/wp-json\/wp\/v2\/pages\/6173\/revisions"}],"predecessor-version":[{"id":11653,"href":"https:\/\/www.enaikoon.com\/es\/wp-json\/wp\/v2\/pages\/6173\/revisions\/11653"}],"wp:attachment":[{"href":"https:\/\/www.enaikoon.com\/es\/wp-json\/wp\/v2\/media?parent=6173"}],"curies":[{"name":"wp","href":"https:\/\/api.w.org\/{rel}","templated":true}]}}