{"id":5222,"date":"2016-07-24T10:00:19","date_gmt":"2016-07-24T10:00:19","guid":{"rendered":"https:\/\/www.enaikoon.com\/?page_id=5222"},"modified":"2016-11-15T08:29:36","modified_gmt":"2016-11-15T08:29:36","slug":"buddy-tracker","status":"publish","type":"page","link":"https:\/\/www.enaikoon.com\/de\/apps\/mobile-apps-de\/buddy-tracker\/","title":{"rendered":"buddy-tracker"},"content":{"rendered":"\r\n<div class=\"gl_slide_scroll_box\">\r\n\t<div class=\"gl_scroll_box\">\r\n <noindex><\/noindex>        <ul>\r\n            <li><a class=\"gl_scroll_link_title\" href=\"https:\/\/www.enaikoon.com\/de\/apps\/mobile-apps-de\/buddy-tracker\/\"  title=\"buddy-tracker\">buddy-tracker<\/a><br\/>\r\n            <a href=\"https:\/\/www.enaikoon.com\/de\/apps\/mobile-apps-de\/buddy-tracker\/\"  title=\"buddy-tracker\"><img decoding=\"async\" class=\"gl_scroll_link_img_active\" src=\"https:\/\/www.enaikoon.com\/wp-content\/uploads\/2016\/07\/buddy-tracker.png\" border=\"0\" alt=\"\"><\/a><\/li>\r\n            \r\n \t\t\t<li><a class=\"gl_scroll_link_title\" href=\"https:\/\/www.enaikoon.com\/de\/apps\/mobile-apps-de\/v-locator-mobile\/\"  title=\"v-locator-mobile\">v-locator-mobile<\/a><br\/>\r\n            <a href=\"https:\/\/www.enaikoon.com\/de\/apps\/mobile-apps-de\/v-locator-mobile\/\"  title=\"v-locator-mobile\"><img decoding=\"async\" class=\"gl_scroll_link_img\" src=\"https:\/\/www.enaikoon.com\/wp-content\/uploads\/2016\/07\/v-locator.png\" border=\"0\" alt=\"\"><\/a><\/li>\r\n            \r\n             <li><a class=\"gl_scroll_link_title\" href=\"https:\/\/www.enaikoon.com\/de\/apps\/mobile-apps-de\/rfid-tracker\/\"  title=\"RFID-tracker\">RFID-tracker<\/a><br\/>\r\n            <a href=\"https:\/\/www.enaikoon.com\/de\/apps\/mobile-apps-de\/rfid-tracker\/\"  title=\"RFID-tracker\"><img decoding=\"async\" class=\"gl_scroll_link_img\" src=\"https:\/\/www.enaikoon.com\/wp-content\/uploads\/2016\/07\/RFID-tracker.png\" border=\"0\" alt=\"\"><\/a><\/li>\r\n            \r\n        \r\n        <\/ul>\r\n\r\n    <\/div>\r\n<\/div>\r\n<div class=\"row\">\r\n\r\n\r\n\r\n<div class=\"gl_border-page\">\t\t\r\n\t\t\r\n\t\t<div class=\"col-md-4\">\r\n\t\r\n        <div class=\"gl_h2big\">ENAiKOON<br\/>\r\nbuddy-tracker<\/div>\r\n <div class=\"gl_space_top5\"><\/div>\r\n\t<p><a rel=\"nofollow\" href=\"https:\/\/www.enaikoon.com\/wp-content\/uploads\/2016\/07\/BuddyTracker_inactive.png\" target=\"_blank\" title=\"ENAiKOON buddy-tracker\"><img decoding=\"async\" loading=\"lazy\" src=\"https:\/\/www.enaikoon.com\/wp-content\/uploads\/2016\/07\/BuddyTracker_inactive.png\" border=\"0\" height=\"150\" width=\"184\" alt=\"\"><\/a><\/p>\r\n\r\n   <div class=\"gl_space_top10\"><em><strong>ENAiKOON buddy-tracker<\/strong> ist entwickelt worden, um jedes   Trackable Ihres inViu Benutzerkontos zu orten. Auch au\u00dferhalb des B\u00fcros &#8211;   unabh\u00e4ngig von einem PC &#8211; erhalten Sie einen schnellen \u00dcberblick \u00fcber   Ihre Trackables.<\/em><\/div>\r\n \r\n \r\n <div class=\"gl_space_top10\"><\/div>\r\n <div class=\"gl_h4big\">Anwendungen<\/div>\r\n<div class=\"gl_space_right5\">Transport und Logistik, Lieferservice, Reinigungsdienst, Landwirtschaft, Bauunternehmung, Vermieter&#8230; <\/div>\r\n\t\t\t\r\n\t\t<\/div>\r\n\t\t\r\n\t\t<div class=\"col-md-4\">\r\n  <div class=\"gl_h4big\">Hauptfunktionen<\/div>\r\n    <div class=\"gl_ul_style2\">\r\n        <ul type=\"square\">\r\n      \t  <li class=\"gl_space_right10\">GPS-Ortung von Trackables, wie Fahrzeugen, Mitarbeitern, Baumaschinen und anderen mobilen Objekten <\/li>\r\n          <li class=\"gl_space_right10\">Bewegung oder Leerlauf, der buddy-tracker   zeigt neben dem Status eines Trackables seine aktuelle Adresse und   GPS-Position auf einer Landkarte und die Entfernung zum eigenen   Standpunkt<\/li>\r\n          <li class=\"gl_space_right10\">Weitere Details aus dem Benutzerkonto inviu pro \/ web sind durch einen Klick auf das Trackable sichtbar<\/li>\r\n    \t<\/ul>\r\n    <\/div>\r\n\t\r\n\t<div class=\"gl_space_top10\"><\/div>\r\n        \r\n\t  <div class=\"gl_h4big\">Technical details<\/div>\r\n\t\t <div>&#8211; Kompatibel mit Windows\u00ae Mobile<br\/>&nbsp;&nbsp;&nbsp; 6.5 und Blackberry\u00ae<\/em> \r\n<\/div>\r\n\t\t\t<div class=\"gl_space_top10\"><\/div><div class=\"gl_space_right10\"><em>Bitte <a href=\"https:\/\/www.enaikoon.com\/de\/kontakt\/\" title=\"Kontakt\">sprechen<\/a> Sie uns an, um zu erfahren, ob Ihr Telefon auch wirklich kompatibel ist.<\/em><\/div>\r\n\t\r\n\t\t<\/div>\r\n\t\t\r\n\t\t<div class=\"col-md-4\">\r\n\t<div class=\"gl_h4big\">Kombinationsm\u00f6glichkeiten<\/div>\r\n\t\t\r\n\t\t\t<p  class=\"gl_space_right10\">ENAiKOON buddy-tracker + <a href=\"https:\/\/www.enaikoon.com\/de\/software-de\/inviu-pro\/\">inViu pro<\/a> = jederzeit \u00dcbersicht \u00fcber alle Trackables f\u00fcr mehr Sicherheit und effizientes Arbeiten<\/p>\r\n            <div class=\"gl_space_top15\"><\/div>\r\n\t\t\t <div class=\"gl_space_top10\"><a class=\"gl_button_blue\" href=\"https:\/\/www.enaikoon.com\/de\/kontakt\/kontakt\/\">Sprechen Sie uns an<\/a> <\/div>\r\n\t\t\t  <div class=\"gl_space_top5\"><a class=\"gl_button_grey\" rel=\"nofollow\" href=\"https:\/\/www.enaikoon.com\/fileadmin\/enaikoon\/Dateien\/pdf\/Datenblatt\/buddy-tracker\/deutsch\/ENAiKOON_buddy-tracker_Datenblatt.pdf\" target=\"_blank\">PDF herunterladen<\/a><\/div>\r\n\t\t\t   <div class=\"gl_space_top5\"><a class=\"gl_button_grey\" rel=\"nofollow\" href=\"https:\/\/www.enaikoon.com\/fileadmin\/enaikoon\/Dateien\/pdf\/Benutzerhandbuch\/buddy-tracker\/deutsch\/ENAiKOON%20buddy-tracker%20Benutzerhandbuch_BB_DE.pdf\" target=\"_blank\">Benutzerhandbuch BB<\/a><\/div>\r\n               <div class=\"gl_space_top5\"><a class=\"gl_button_grey\" rel=\"nofollow\" href=\"https:\/\/www.enaikoon.com\/fileadmin\/enaikoon\/Dateien\/pdf\/Benutzerhandbuch\/buddy-tracker\/deutsch\/ENAiKOON%20buddy-tracker%20Benutzerhandbuch_WM_DE.pdf\" target=\"_blank\">Benutzerhandbuch WM<\/a><\/div>\r\n    <div class=\"gl_space_top15\"><\/div><p class=\"gl_space_right10\">Eine vergleichbare App f\u00fcr die Abfrage der Positionsdaten von Trackables aus dem inViu web \/ pro Benutzerkonto f\u00fcr andere Betriebssysteme finden Sie hier: <\/p>\r\n\t\t\t  <div class=\"gl_space_top15\"><a class=\"gl_button_yellow\"  href=\"https:\/\/www.enaikoon.com\/de\/apps\/plugins\/routes\/\">Android<\/a> <\/div>\r\n\t \r\n\r\n\t\t\r\n\t\t<\/div>\r\n\t\r\n\t\t<div class=\"gl_row_space\"><\/div>\r\n\t<\/div>\r\n\r\n<\/div>","protected":false},"excerpt":{"rendered":"<p> [&hellip;]<\/p>\n","protected":false},"author":7,"featured_media":0,"parent":5220,"menu_order":0,"comment_status":"closed","ping_status":"closed","template":"","meta":{"footnotes":""},"acf":[],"_links":{"self":[{"href":"https:\/\/www.enaikoon.com\/de\/wp-json\/wp\/v2\/pages\/5222"}],"collection":[{"href":"https:\/\/www.enaikoon.com\/de\/wp-json\/wp\/v2\/pages"}],"about":[{"href":"https:\/\/www.enaikoon.com\/de\/wp-json\/wp\/v2\/types\/page"}],"author":[{"embeddable":true,"href":"https:\/\/www.enaikoon.com\/de\/wp-json\/wp\/v2\/users\/7"}],"replies":[{"embeddable":true,"href":"https:\/\/www.enaikoon.com\/de\/wp-json\/wp\/v2\/comments?post=5222"}],"version-history":[{"count":11,"href":"https:\/\/www.enaikoon.com\/de\/wp-json\/wp\/v2\/pages\/5222\/revisions"}],"predecessor-version":[{"id":11125,"href":"https:\/\/www.enaikoon.com\/de\/wp-json\/wp\/v2\/pages\/5222\/revisions\/11125"}],"up":[{"embeddable":true,"href":"https:\/\/www.enaikoon.com\/de\/wp-json\/wp\/v2\/pages\/5220"}],"wp:attachment":[{"href":"https:\/\/www.enaikoon.com\/de\/wp-json\/wp\/v2\/media?parent=5222"}],"curies":[{"name":"wp","href":"https:\/\/api.w.org\/{rel}","templated":true}]}}