{"id":5195,"date":"2016-07-24T09:01:13","date_gmt":"2016-07-24T09:01:13","guid":{"rendered":"https:\/\/www.enaikoon.com\/?page_id=5195"},"modified":"2019-07-30T09:06:58","modified_gmt":"2019-07-30T09:06:58","slug":"hauptfunktionen-routes","status":"publish","type":"page","link":"https:\/\/www.enaikoon.com\/de\/apps\/plugins\/routes\/hauptfunktionen-routes\/","title":{"rendered":"Hauptfunktionen routes"},"content":{"rendered":"<div class=\"gl_slide_scroll_box\">\n<div class=\"gl_scroll_box\">\n <noindex><\/noindex>\n<ul>\n \t<li><a class=\"gl_scroll_link_title\" rel=\"nofollow\" href=\"https:\/\/www.enaikoon.com\/mobile\/plugins\/routes\/\" title=\"routes\">routes<\/a>\n<a rel=\"nofollow\" href=\"https:\/\/www.enaikoon.com\/mobile\/plugins\/routes\/\" title=\"routes\"><img decoding=\"async\" class=\"gl_scroll_link_img_active\" src=\"https:\/\/www.enaikoon.com\/wp-content\/uploads\/2016\/07\/mobile_routes.png\" alt=\"\" border=\"0\"><\/a><\/li>\n<!--\n \t<li><a class=\"gl_scroll_link_title\" rel=\"nofollow\" href=\"https:\/\/www.enaikoon.com\/mobile\/plugins\/nfc-tracker\/\" title=\"NFC-tracker\">NFC-tracker<\/a>\n<a rel=\"nofollow\" href=\"https:\/\/www.enaikoon.com\/mobile\/plugins\/nfc-tracker\/\" title=\"NFC-tracker\"><img decoding=\"async\" class=\"gl_scroll_link_img\" src=\"https:\/\/www.enaikoon.com\/wp-content\/uploads\/2016\/07\/mobile_NFC.png\" alt=\"\" border=\"0\"><\/a><\/li>\n \t<li><a class=\"gl_scroll_link_title\" rel=\"nofollow\" href=\"https:\/\/www.enaikoon.com\/mobile\/plugins\/gps-details\/\" title=\"GPS-details\">GPS-details<\/a>\n<a rel=\"nofollow\" href=\"https:\/\/www.enaikoon.com\/mobile\/plugins\/gps-details\/\" title=\"GPS-details\"><img decoding=\"async\" class=\"gl_scroll_link_img\" src=\"https:\/\/www.enaikoon.com\/wp-content\/uploads\/2016\/07\/mobile_GPS.png\" alt=\"\" border=\"0\"><\/a><\/li>\n \t<li><a class=\"gl_scroll_link_title\" rel=\"nofollow\" href=\"https:\/\/www.enaikoon.com\/mobile\/plugins\/keypad-mapper-3\/\" title=\"Keypad-Mapper 3\">Keypad-Mapper 3<\/a>\n<a rel=\"nofollow\" href=\"https:\/\/www.enaikoon.com\/mobile\/plugins\/keypad-mapper-3\/\" title=\"Keypad-Mapper 3\"><img decoding=\"async\" class=\"gl_scroll_link_img\" src=\"https:\/\/www.enaikoon.com\/wp-content\/uploads\/2016\/07\/mobile_keypad.png\" alt=\"\" border=\"0\"><\/a><\/li>\n \t<li><a class=\"gl_scroll_link_title\" rel=\"nofollow\" href=\"https:\/\/www.enaikoon.com\/mobile\/plugins\/traffic-counter\/\" title=\"traffic-counter\">traffic-counter<\/a>\n<a rel=\"nofollow\" href=\"https:\/\/www.enaikoon.com\/mobile\/plugins\/traffic-counter\/\" title=\"traffic-counter\"><img decoding=\"async\" class=\"gl_scroll_link_img\" src=\"https:\/\/www.enaikoon.com\/wp-content\/uploads\/2016\/07\/mobile_traffic.png\" alt=\"\" border=\"0\"><\/a><\/li>\n--><\/ul>\n<\/div>\n<\/div>\n<div class=\"row\">\n<div class=\"gl_border-page\">\n\n\t\t<div class=\"col-md-12\">\n<div class=\"clearfix\">\n    \t<img decoding=\"async\" src=\"https:\/\/www.enaikoon.com\/wp-content\/uploads\/2016\/07\/mobile_plugins1.png\" alt=\"\" align=\"left\">\n<div class=\"gl_h2big\">inViu routes\nHauptfunktionen<\/div>\n<\/div>\n<div class=\"gl_space_top15\"><\/div>\n<\/div>\n\n<div class=\"col-md-4\">\n<div class=\"gl_space_top15\"><\/div>\n<div class=\"gl_h4big\">Positionen anderer Trackables<\/div>\n<div class=\"gl_ul_style2\">\n<ul type=\"square\">\n \t<li>Abfrage von Standort und Zeitpunkt der letzten Positionsmeldung<\/li>\n \t<li>Anzeige der jeweils aktuellen Position auf der Handy-Landkarte<\/li>\n \t<li>Routenplanung zum Trackable von der eigenen Position mit permanenter Aktualisierung<\/li>\n \t<li>Verfolgung von Trackables: Karte verschiebt sich mit automatischer Anpassung des Zoomlevel<\/li>\n \t<li>Anzeige der gefahrenen Routen von Trackables<\/li>\n \t<li>Individuell einstellbares Aktualisierungsintervall<\/li>\n \t<li>Abfrage der Daten aus dem Profiportal inViu pro und\/oder aus dem kostenlosen inViu web<\/li>\n<\/ul>\n<\/div>\n<div class=\"gl_space_top15\"><\/div>\n<div class=\"gl_h4big\">Freizeit Modus<\/div>\n<div class=\"gl_ul_style2\">\n<ul type=\"square\">\n \t<li>Anwendung: mobiler Mitarbeiter nutzt sein Telefon sowohl gesch\u00e4ftlich als auch privat<\/li>\n \t<li>Verwendung der Autostart-Funktion<\/li>\n \t<li>Sicherung der Einstellungen durch PIN-Code<\/li>\n \t<li>Aufzeichnung und \u00dcbermittlung von Routen nicht w\u00e4hrend der Freizeit<\/li>\n \t<li>Routen-Aufzeichnung bei \u00dcberstunden ist durch Mitarbeiter einstellbar<\/li>\n \t<li>Erstellung von Pl\u00e4nen zur Routenaufzeichnung<\/li>\n \t<li>Export erstellter Aufzeichnungspl\u00e4ne und Import auf weiteren Ger\u00e4te<\/li>\n \t<li>Notification vor Beendigung der Aufzeichnung<\/li>\n \t<li>M\u00f6glichkeit zur Verl\u00e4ngerung der Aufzeichnung durch Klick auf Notification oder Widget<\/li>\n<\/ul>\n<\/div>\n<div class=\"gl_space_top15\"><\/div>\n<div class=\"gl_h4big\">Integration von ENAiKOON messenger<\/div>\n<div class=\"gl_ul_style2\">\n<ul type=\"square\">\n \t<li>Benutzer des Webportals inViu pro k\u00f6nnen direkt mit den Mitarbeitern kommunizieren<\/li>\n \t<li>Versand von Nachrichten<\/li>\n \t<li>Lesebest\u00e4tigung wird zur\u00fcck gesandt an Webportal inViu pro<\/li>\n \t<li>Versand von Auftr\u00e4gen mit definiertem Fahrziel<\/li>\n \t<li>Anzeige des Fahrziels auf der Landkarte<\/li>\n \t<li>Annahme des Auftrags in der App<\/li>\n \t<li>Routenberechnung zum Auftragsziel<\/li>\n \t<li>Fahrziel f\u00fcr die Navigation verwenden<\/li>\n \t<li>\u00dcbertragung von Statustexten zur R\u00fcck\u00fcbermittlung als Antwort auf Nachrichten und Auftr\u00e4ge<\/li>\n<\/ul>\n<\/div>\n<div class=\"gl_space_top15\"><\/div>\n<div class=\"gl_h4big\">Geo-notes<\/div>\n<div class=\"gl_ul_style2\">\n<ul type=\"square\">\n \t<li>Erstellung von ortsbezogenen Erinnerungen (Geofence mit Notiz)<\/li>\n \t<li>Erhalt einer Notifikation, wenn man selbst einen Geofence erreicht oder verl\u00e4sst<\/li>\n \t<li>Erhalt einer Notifikation, wenn jemand anders einen Geofence erreicht oder verl\u00e4sst<\/li>\n \t<li>Notifikation als Text- oder Sprachnotiz<\/li>\n<\/ul>\n<\/div>\n<\/div>\n\n<div class=\"col-md-4\">\n<div class=\"gl_space_top15\"><\/div>\n<div class=\"gl_h4big\">Routen<\/div>\n<div class=\"gl_ul_style2\">\n<ul type=\"square\">\n \t<li>Automatische Routenaufzeichnung: bei Telefonstart oder Start der App<\/li>\n \t<li>Manuelle Routenaufzeichnung \u00fcber Start\/Stopp-Icon<\/li>\n \t<li>Jederzeitiger Stopp der Routenaufzeichnung m\u00f6glich<\/li>\n \t<li>Routen benennen und Zusatzinformationen erfassen<\/li>\n \t<li>Routen suchen \u00fcber Name oder Datum<\/li>\n \t<li>Anzeige von Geschwindigkeit und zur\u00fcckgelegter Strecke<\/li>\n \t<li>Geschwindigkeits- und H\u00f6henprofil mit Zoom-Funktion<\/li>\n \t<li>Versand der Routen als *.gpx- und *.kml-Datei<\/li>\n \t<li>Routenfarbe abh\u00e4ngig von der Geschwindigkeit einstellbar<\/li>\n \t<li>Positionsaufzeichnung: zeitabh\u00e4ngig, winkelabh\u00e4ngig, geschwindigkeitsabh\u00e4ngig<\/li>\n \t<li>Anzeige von &#8222;Z\u00fcndung an\/aus&#8220; abh\u00e4ngig von Zeit und Geschwindigkeit<\/li>\n \t<li>Kilometerz\u00e4hler (r\u00fcckstellbar)<\/li>\n<\/ul>\n<\/div>\n<div class=\"gl_space_top15\"><\/div>\n<div class=\"gl_h4big\">Adress-Suche<\/div>\n<div class=\"gl_ul_style2\">\n<ul type=\"square\">\n \t<li>Anzeige der gesuchten Position auf der Landkarte<\/li>\n<\/ul>\n<\/div>\n<div class=\"gl_space_top15\"><\/div>\n<div class=\"gl_h4big\">Routen-Planung<\/div>\n<div class=\"gl_ul_style2\">\n<ul type=\"square\">\n \t<li>Vielf\u00e4ltige Auswahl von Start und Ziel: auf   Landkarte ausw\u00e4hlbar, eigene Position, Position eines POIs, eines   GPS-Fotos, eines Trackables, einer Geo-Notiz, Position eines   Telefonbuchkontaktes<\/li>\n \t<li>Erstellung mehrerer Zwischenziele<\/li>\n \t<li>Individuell einstellbares Aktualisierungsintervall<\/li>\n \t<li>Routing f\u00fcr Fahrzeuge<\/li>\n \t<li>Online-Abruf der Routingdaten vom OSRM Server<\/li>\n \t<li>Anzeige auf Widget 4 x 1: Zieladresse, Entfernung zum Ziel, ben\u00f6tigte Zeit, voraussichtliche Ankunftszeit<\/li>\n<\/ul>\n<\/div>\n<div class=\"gl_space_top15\"><\/div>\n<div class=\"gl_h4big\">Anbindung an Navigation-Software<\/div>\n<div class=\"gl_ul_style2\">\n<ul type=\"square\">\n \t<li>Nutzung aller Positionen als Zieladresse<\/li>\n \t<li>Schnittstelle zu folgenden Navigations-Apps<\/li>\n<\/ul>\n<\/div>\n<div class=\"gl_ul_style3\">\n<ul>\n \t<li>Navigon<\/li>\n \t<li>PTV Navigator Truck Navigation<\/li>\n<\/ul>\n<\/div>\n<div class=\"gl_space_top15\"><\/div>\n<div class=\"gl_h4big\">Fotos, Points of Interest (POI)&#8230;<\/div>\n<div class=\"gl_ul_style2\">\n<ul type=\"square\">\n \t<li>Fotos direkt aus der App heraus schie\u00dfen und benennen<\/li>\n \t<li>POIs erstellen, benennen und suchen<\/li>\n \t<li>Zuordnung von Fotos und POIs zu Routen<\/li>\n \t<li>Gemeinsame Ansicht von Trackables, Routen, Fotos und POIs auf der Handy-Landkarte<\/li>\n \t<li>Adressanzeige bei Routen, Bildern und POIs<\/li>\n \t<li>Postings von Positionen und Bildern<\/li>\n \t<li>Alle Funktionen \u00fcber Klick auf das Icon auf der Landkarte<\/li>\n<\/ul>\n<\/div>\n<\/div>\n\n<div class=\"col-md-4\">\n<div><a class=\"gl_button_blue\" href=\"https:\/\/www.enaikoon.com\/de\/kontakt\/kontakt\/\">Sprechen Sie uns an<\/a><\/div>\n<div><a class=\"gl_button_grey\" rel=\"nofollow\" href=\"https:\/\/www.enaikoon.com\/fileadmin\/enaikoon\/Dateien\/pdf\/Einbauanleitung\/routes-how-to\/deutsch\/ENAiKOON_inViu_routes_Schnellstartanleitung.pdf\" target=\"_blank\">schnellstartanleitung<\/a><\/div>\n<div><a class=\"gl_button_grey\" rel=\"nofollow\" href=\"https:\/\/www.enaikoon.com\/fileadmin\/enaikoon\/Dateien\/pdf\/Einbauanleitung\/routes-in\/deutsch\/inViu_routes_Installation.pdf\" target=\"_blank\">installation<\/a><\/div>\n<div><a class=\"gl_button_grey\" rel=\"nofollow\" href=\"https:\/\/www.enaikoon.com\/fileadmin\/enaikoon\/Dateien\/pdf\/Einbauanleitung\/routes-tr\/deutsch\/inViu_routes_Anzeige_der_Trackables.pdf\" target=\"_blank\">trackables anzeigen<\/a><\/div>\n<div><a class=\"gl_button_yellow\" href=\"https:\/\/www.enaikoon.com\/de\/ressourcen\/medien\/\">Video inViu routes<\/a><\/div>\n<div class=\"gl_space_top15\"><\/div>\n<div class=\"gl_h4big\">Allgemeines<\/div>\n<div class=\"gl_ul_style2\">\n<ul type=\"square\">\n \t<li>Offline-Modus einstellbar: keinerlei inViu routes Daten verlassen das Telefon<\/li>\n \t<li>Daten\u00fcbertragung und Updates auf Wunsch nur bei WLAN-Verbindung<\/li>\n \t<li>Landkarte: OpenStreetMap\u00a9<\/li>\n \t<li>Sprachen: Deutsch, Englisch, Franz\u00f6sisch, Spanisch<\/li>\n \t<li>GPS Stromsparmodus schaltet GPS Empf\u00e4nger aus wenn kein Empfang<\/li>\n \t<li>Einstellung der Ma\u00dfeinheiten: metrisch, angels\u00e4chsisch<\/li>\n \t<li>Hilfefunktion<\/li>\n \t<li>Passwortschutz f\u00fcr alle Einstellungen<\/li>\n<\/ul>\n<\/div>\n<div><a class=\"gl_button_blue\" href=\"https:\/\/www.enaikoon.com\/de\/apps\/plugins\/routes\/\">Zur inViu routes Seite<\/a><\/div>\n<\/div>\n<div class=\"gl_row_space\"><\/div>\n<\/div>\n<\/div>","protected":false},"excerpt":{"rendered":"<p> [&hellip;]<\/p>\n","protected":false},"author":7,"featured_media":0,"parent":3864,"menu_order":0,"comment_status":"closed","ping_status":"closed","template":"","meta":{"footnotes":""},"acf":[],"_links":{"self":[{"href":"https:\/\/www.enaikoon.com\/de\/wp-json\/wp\/v2\/pages\/5195"}],"collection":[{"href":"https:\/\/www.enaikoon.com\/de\/wp-json\/wp\/v2\/pages"}],"about":[{"href":"https:\/\/www.enaikoon.com\/de\/wp-json\/wp\/v2\/types\/page"}],"author":[{"embeddable":true,"href":"https:\/\/www.enaikoon.com\/de\/wp-json\/wp\/v2\/users\/7"}],"replies":[{"embeddable":true,"href":"https:\/\/www.enaikoon.com\/de\/wp-json\/wp\/v2\/comments?post=5195"}],"version-history":[{"count":15,"href":"https:\/\/www.enaikoon.com\/de\/wp-json\/wp\/v2\/pages\/5195\/revisions"}],"predecessor-version":[{"id":16620,"href":"https:\/\/www.enaikoon.com\/de\/wp-json\/wp\/v2\/pages\/5195\/revisions\/16620"}],"up":[{"embeddable":true,"href":"https:\/\/www.enaikoon.com\/de\/wp-json\/wp\/v2\/pages\/3864"}],"wp:attachment":[{"href":"https:\/\/www.enaikoon.com\/de\/wp-json\/wp\/v2\/media?parent=5195"}],"curies":[{"name":"wp","href":"https:\/\/api.w.org\/{rel}","templated":true}]}}