{"id":4815,"date":"2016-07-22T03:04:59","date_gmt":"2016-07-22T03:04:59","guid":{"rendered":"https:\/\/www.enaikoon.com\/?page_id=4815"},"modified":"2019-07-31T11:47:44","modified_gmt":"2019-07-31T11:47:44","slug":"projekte-sozial-gewerblich","status":"publish","type":"page","link":"https:\/\/www.enaikoon.com\/de\/ueber-uns\/openstreetmap\/projekte-sozial-gewerblich\/","title":{"rendered":"Projekte-sozial-gewerblich"},"content":{"rendered":"<div class=\"row\">\n<div class=\"gl_space_page\">\n\n\t<div class=\"col-md-8\">\n<h2>Projekte sozial \/ gewerblich<\/h2>\n<div>&nbsp;<\/div>\n<div>Diese Projekte haben einen gemischten Charakter.\nENAiKOON nutzt z.B. die Mautknoten f\u00fcr seine gesch\u00e4ftliche T\u00e4tigkeit. Die bisherige Datenbasis in OSM ist allerdings nicht ausreichend.\nAlso haben wir uns entschlossen, die Projekte ganzheitlich zu bearbeiten und den Allgemeinnutzen zu erh\u00f6hen.<\/div>\n<div>Unser Engagement geht dabei weit \u00fcber das eigene gesch\u00e4ftliche Interesse hinaus.<\/div>\n<\/div>\n\n<div class=\"col-md-4\">\n<div><img decoding=\"async\" src=\"https:\/\/www.enaikoon.com\/wp-content\/uploads\/2016\/07\/ENAiKOON-frosted-logo.png\" title=\"ENAiKOON logo\" alt=\"ENAiKOON logo\"><\/div>\n<div><a class=\"gl_button_yellow\" href=\"https:\/\/www.enaikoon.com\/de\/kontakt\/unsere-experten\/\">Buchen Sie eine Beratung<\/a><\/div>\n<div>&nbsp;<\/div>\n<div class=\"clearfix\">\n<div><img decoding=\"async\" src=\"https:\/\/www.enaikoon.com\/wp-content\/uploads\/2016\/07\/icon_email.png\" class=\"gl_space_right10\" alt=\"\" align=\"left\"><\/div>\n<div class=\"gl_h12\"><a rel=\"nofollow\" href=\"mailto:vertrieb@enaikoon.de\">vertrieb@enaikoon.de<\/a><\/div>\n<\/div>\n<div>&nbsp;<\/div>\n<div class=\"clearfix\">\n<div><img decoding=\"async\" src=\"https:\/\/www.enaikoon.com\/wp-content\/uploads\/2016\/07\/icon_phone1.png\" class=\"gl_space_right10\" alt=\"\" align=\"left\"><\/div>\n<div class=\"gl_h12\">+49 30 397475-30<\/div>\n<\/div>\n<div>&nbsp;<\/div>\n<div class=\"clearfix\">\n<div><img decoding=\"async\" src=\"https:\/\/www.enaikoon.com\/wp-content\/uploads\/2016\/07\/icon_phone2.png\" class=\"gl_space_right10\" alt=\"\" align=\"left\"><\/div>\n<div class=\"gl_h12\">+49 30 397475-40<\/div>\n<\/div>\n<div>&nbsp;<\/div>\n<div class=\"clearfix\"><img decoding=\"async\" src=\"https:\/\/www.enaikoon.com\/wp-content\/uploads\/2016\/07\/new-osm_logo_16.png\" alt=\"\" align=\"left\"><\/div>\n<div>&nbsp;<\/div>\n<div><a class=\"gl_button_grey\" href=\"https:\/\/www.enaikoon.com\/de\/ueber-uns\/openstreetmap\/\">zur\u00fcck zu openstreetmap<\/a><\/div>\n<\/div>\n<div class=\"gl_row_space\"><\/div>\n<div class=\"gl_line\">&nbsp;<\/div>\n<div class=\"col-md-4\">\n<div class=\"gl_h4big\">Load-Balancing F\u00e4higkeit von\nTile-Servern<\/div>\n<div>&nbsp;<\/div>\n<div>ENAiKOON hat Anfang 2010 bei der Geofabrik <a rel=\"nofollow\" href=\"http:\/\/www.geofabrik.de\/\" target=\"_blank\">www.geofabrik.de<\/a> die Einrichtung von zwei Tile-Servern bestellt, Servern also, die aus den Landkarten-Daten der OSM-Datenbank die Kacheln rechnen, die f\u00fcr die Anzeige einer Landkarte auf einem Bildschirm erforderlich sind.<\/div>\n<div>&nbsp;<\/div>\n<div>Im Rahmen dieses Auftrages wurde von der Geofabrik eine neue Software entwickelt, die das Queue-Management und die Lastverteilung im Rahmen der Tile-Berechnung verbessert und die den bisher bei OpenStreetMap verwendeten &#8222;renderd&#8220; ersetzen kann. Die neue Software, genannt &#8222;Tirex&#8220;, ist flexibler konfigurierbar und passt besser in die anspruchsvolle ENAiKOON-Serverlandschaft.<\/div>\n<div>&nbsp;<\/div>\n<div><strong>Vorteil f\u00fcr das OSM-Projekt:<\/strong>\nDie neue Software ist als &#8222;Open Source&#8220; unter der GPL-Lizenz ver\u00f6ffentlicht und wird bereits von anderen Projektmitgliedern eingesetzt und auch weiterentwickelt.<\/div>\n<div>&nbsp;<\/div>\n<div>Weitere Details zu diesem Projekt finden Sie hier:\n<a rel=\"nofollow\" href=\"http:\/\/wiki.openstreetmap.org\/wiki\/Tirex\" target=\"_blank\">http:\/\/wiki.openstreetmap.org\/wiki\/Tirex<\/a><\/div>\n<\/div>\n\n<div class=\"col-md-4\">\n<div class=\"gl_h4big\">Mautkontrolle\n&nbsp;<\/div>\n<div>&nbsp;<\/div>\n<div>LKWs ab 12 Tonnen, die die deutschen Autobahnen und einige ausgewiesene Strecken befahren, m\u00fcssen f\u00fcr jeden auf diesen Stra\u00dfen gefahrenen Kilometer eine Geb\u00fchr bezahlen. Diese sog. Maut wird in Deutschland von <a rel=\"nofollow\" href=\"https:\/\/www.toll-collect.de\/de\" target=\"_blank\">Tollcollect<\/a> im Auftrag der Bundesregierung erhoben.<\/div>\n<div>&nbsp;<\/div>\n<div>Die f\u00fcr die Mautabrechnung erforderlichen Basisdaten stammen von der Bundesanstalt f\u00fcr Stra\u00dfenverkehr. Sie k\u00f6nnen auf der <a rel=\"nofollow\" href=\"http:\/\/www.mauttabelle.de\/\" target=\"_blank\">Mauttabelle<\/a>eingesehen und geladen werden.<\/div>\n<div>&nbsp;<\/div>\n<div>Die Kunden von ENAiKOON sind daran interessiert, die Mautabrechnungen zu pr\u00fcfen. Daf\u00fcr werden die eingesetzten ENAiKOON Ortungsmodule die f\u00fcr die Maut relevanten \u201eMaut-Knoten\u201c speichern und aus der Bewegung des LKWs die f\u00fcr die Mautkontrolle notwendigen Daten automatisch zu den ENAiKOON Servern senden.<\/div>\n<div>&nbsp;<\/div>\n<div>Voraussetzung f\u00fcr eine korrekte Berechnung der Maut ist das sorgf\u00e4ltige Georeferenzieren der vom Bundesamt f\u00fcr Stra\u00dfenverkehr herausgegebenen Liste mit Maut-Knoten. Damit haben wir im M\u00e4rz 2010 begonnen. Zu diesem Zeitpunkt waren ca. 1.000 Autobahnausfahrten gar nicht in OSM benannt oder falsch getaggt. Derzeit erg\u00e4nzen und korrigieren wir diese Daten, so dass am Ende alle ca. 2.800 Autobahnausfahrten, Autobahnkreuze, Grenz\u00fcberg\u00e4nge etc. richtig in der OSM-Datenbank hinterlegt sind.<\/div>\n<\/div>\n\n<div class=\"col-md-4\">\n\n<\/div>\n<div class=\"gl_row_space\"><\/div>\n<div class=\"gl_line\">&nbsp;<\/div>\n<div class=\"col-md-4\">\n<div class=\"gl_h4big\">Spende der Mautdaten an das\nOSM-Projekt<\/div>\n<div class=\"gl_space_top10\"><strong>Vorteil f\u00fcr das OSM-Projekt:<\/strong>\nENAiKOON hat im Juni 2010 die korrigierten und vollst\u00e4ndig erg\u00e4nzten Daten der deutschen Autobahnausfahrten, Autobahnkreuze, Grenz\u00fcberg\u00e4nge etc. als Datenspende dem OSM Projekt zur Verf\u00fcgung gestellt. Die \u00dcbergabe der Daten fand auf dem OSM-Stand w\u00e4hrend der Linux-Tage in Berlin am 11. Juni 2010 statt.<\/div>\n<\/div>\n\n<div class=\"col-md-4\">\n<div class=\"gl_h4big\">&nbsp;\n&nbsp;<\/div>\n<div class=\"gl_space_top10\">Die offizielle \u00dcbergabe erfolgte an Herrn Lars Lingner, Mitglied der OpenStreetMap-Foundation und des FOSSGIS e.V. Er nahm die Daten stellvertretend f\u00fcr die gesamte OpenStreetMap-Community entgegen.<\/div>\n<\/div>\n\n<div class=\"col-md-4\">\n<div class=\"gl_h4big\">&nbsp;\n&nbsp;<\/div>\n<div class=\"gl_space_top10\"><a rel=\"nofollow\" href=\"https:\/\/www.enaikoon.com\/wp-content\/uploads\/2016\/07\/Markus_Semm_uebergibt_Datenspende_an_OSM_Mitglied_Lars_Lingner_10.jpg\" target=\"_blank\" title=\"Spende der Mautdaten durch ENAiKOON an das OSM-Projekt\"><img decoding=\"async\" src=\"https:\/\/www.enaikoon.com\/wp-content\/uploads\/2016\/07\/388aec785f.jpg\" alt=\"\" border=\"0\" align=\"left\"><\/a><\/div>\n<\/div>\n\n<\/div>\n<div class=\"gl_space_pagebottom\">&nbsp;<\/div>\n<\/div>","protected":false},"excerpt":{"rendered":"","protected":false},"author":7,"featured_media":0,"parent":3906,"menu_order":0,"comment_status":"closed","ping_status":"closed","template":"","meta":{"footnotes":""},"acf":[],"_links":{"self":[{"href":"https:\/\/www.enaikoon.com\/de\/wp-json\/wp\/v2\/pages\/4815"}],"collection":[{"href":"https:\/\/www.enaikoon.com\/de\/wp-json\/wp\/v2\/pages"}],"about":[{"href":"https:\/\/www.enaikoon.com\/de\/wp-json\/wp\/v2\/types\/page"}],"author":[{"embeddable":true,"href":"https:\/\/www.enaikoon.com\/de\/wp-json\/wp\/v2\/users\/7"}],"replies":[{"embeddable":true,"href":"https:\/\/www.enaikoon.com\/de\/wp-json\/wp\/v2\/comments?post=4815"}],"version-history":[{"count":11,"href":"https:\/\/www.enaikoon.com\/de\/wp-json\/wp\/v2\/pages\/4815\/revisions"}],"predecessor-version":[{"id":17154,"href":"https:\/\/www.enaikoon.com\/de\/wp-json\/wp\/v2\/pages\/4815\/revisions\/17154"}],"up":[{"embeddable":true,"href":"https:\/\/www.enaikoon.com\/de\/wp-json\/wp\/v2\/pages\/3906"}],"wp:attachment":[{"href":"https:\/\/www.enaikoon.com\/de\/wp-json\/wp\/v2\/media?parent=4815"}],"curies":[{"name":"wp","href":"https:\/\/api.w.org\/{rel}","templated":true}]}}