{"id":4802,"date":"2016-07-22T02:29:20","date_gmt":"2016-07-22T02:29:20","guid":{"rendered":"https:\/\/www.enaikoon.com\/?page_id=4802"},"modified":"2018-08-13T07:01:08","modified_gmt":"2018-08-13T07:01:08","slug":"markus-semm","status":"publish","type":"page","link":"https:\/\/www.enaikoon.com\/de\/ueber-uns\/unternehmen\/markus-semm\/","title":{"rendered":"Markus Semm"},"content":{"rendered":"<div style=\"height:50px\"><\/div>\r\n<div class=\"row\">\r\n<div class=\"col-md-8\">\r\n<noindex><\/noindex>\t\r\n\t<div class=\"gl_space_pageleft2\">\r\n    \r\n    <div class=\"gl_h2big\">\r\nMarkus Semm<br\/>Gesch\u00e4ftsf. Gesellschafter ENAiKOON GmbH<\/div>\r\n    <div class=\"gl_space_top10\"><\/div>\r\n    <p><strong>Markus Semm geh\u00f6rt zu den leidenschaftlichsten und f\u00e4higsten Entwicklern von Telematik-L\u00f6sungen. <\/strong><br\/>\r\n\r\nNicht nur hat er fr\u00fchzeitig diesen Megatrend erkannt, sondern auch mit all seiner Erfahrung und seinem Wissen ein Zuhause gegeben: die ENAiKOON GmbH, eingebettet in die Ventriga Holding und auf dem Weg zum internationalen Konzern. <br\/><br\/>\r\n\r\nAls Verfechter von Open-Source Projekten ist Semm Mitglied der Community und der <a rel=\"nofollow\" href=\"http:\/\/wiki.osmfoundation.org\/wiki\/Main_Page\" target=\"_blank\">Foundation von OpenStreetMap\u00a9<\/a> (OSM). Sein Beitrag zur Datenbasis ist u.a. die Entwicklung der OSM App <a rel=\"nofollow\" href=\"http:\/\/wiki.openstreetmap.org\/wiki\/DE:Keypad-Mapper_3\" target=\"_blank\">Keypad-Mapper 3<\/a>.<br\/>\r\n<br\/>\r\n\r\nMarkus Semm war vor ENAiKOON als Gr\u00fcndungs-Vorstand (CEO) der InfoGenie Europe AG (M\u00fcnchen) t\u00e4tig, f\u00fcr die er im Jahre 2000 erfolgreich das IPO durchf\u00fchrte.\r\n<br\/><br\/>\r\nZuvor arbeitete er als Gesch\u00e4ftsleitungsmitglied f\u00fcr die miro AG, Braunschweig, wo er den Vertrieb und das Marketing in Europa verantwortete.<br\/><br\/>\r\n\r\n<strong>Weitere Karrierestationen<\/strong><br\/>\r\nGesch\u00e4ftsleitung (Sales\/Marketing) bei der Mensch und Maschine AG, M\u00fcnchen und Turn-around-Gesch\u00e4ftsf\u00fchrer der Formac GmbH, Berlin.\r\n<br\/><br\/>\r\nMarkus Semm hat Elektrotechnik und Informatik an der Fachhochschule Ulm und der Technischen Universit\u00e4t Berlin studiert. <\/p>\r\n\r\n<\/div>\r\n\t<\/div>\r\n\t<div class=\"col-md-4\">\r\n\t<div class=\"gl_space_pageright2\">\r\n\t   <div class=\"gl_enaikoon_logo\"><img decoding=\"async\" src=\"https:\/\/www.enaikoon.com\/wp-content\/uploads\/2016\/07\/ENAiKOON-frosted-logo.png\" alt=\"\"\/><\/div>\r\n                    <div><a class=\"gl_button_yellow\"  href=\"https:\/\/www.enaikoon.com\/de\/kontakt\/unsere-experten\/\">Buchen Sie eine Beratung<\/a><\/div>\r\n               \r\n                    <div class=\"gl_introduction_contact\">\r\n                    <img decoding=\"async\" src=\"https:\/\/www.enaikoon.com\/wp-content\/uploads\/2016\/07\/icon_email.png\" alt=\"\"\/>\r\n                    <p class=\"gl_text_space\"><a rel=\"nofollow\" href=\"mailto:vertrieb@enaikoon.de\">vertrieb@enaikoon.de<\/a><\/p>\r\n                    <\/div>\r\n                <div class=\"gl_introduction_contact\">\r\n                    <p class=\"gl_text_space\"><img decoding=\"async\" src=\"https:\/\/www.enaikoon.com\/wp-content\/uploads\/2016\/07\/icon_phone1.png\" alt=\"\"\/>\r\n                    +49 30 397475-30<\/p><\/div>\r\n                <div class=\"gl_introduction_contact\">\r\n                    <p class=\"gl_text_space\"><img decoding=\"async\" src=\"https:\/\/www.enaikoon.com\/wp-content\/uploads\/2016\/07\/icon_phone2.png\" alt=\"\"\/>\r\n                    +49 30 397475-40<\/p><\/div>\r\n                    \r\n                    <div class=\"gl_space_top85\"><a rel=\"nofollow\" href=\"https:\/\/www.enaikoon.com\/wp-content\/uploads\/2016\/07\/Markus_Semm-ENAiKOON.jpg\" target=\"_blank\"><img decoding=\"async\" src=\"https:\/\/www.enaikoon.com\/wp-content\/uploads\/2016\/07\/Markus_Semm-ENAiKOON.jpg\" width=\"260\" alt=\"\"\/><\/a><\/div>\r\n           \r\n<\/div>\r\n\t<\/div>\r\n\r\n\t<div class=\"gl_row_space\"><\/div>\r\n\t<div class=\"gl_line\"><\/div>\r\n<\/div>\r\n<div class=\"row\">\r\n\t<div class=\"col-md-4\">\r\n\t\r\n\t<div class=\"clearfix\">\r\n\t\t<div class=\"image_center\"><a href=\"https:\/\/www.enaikoon.com\/de\/kontakt\/unsere-experten\/\" title=\"Einen R\u00fcckruf buchen\"><img decoding=\"async\" src=\"https:\/\/www.enaikoon.com\/wp-content\/uploads\/2016\/07\/Callback-icon_23.png\" border=\"0\" alt=\"\"\/><\/a><\/div>\r\n\t<\/div>\r\n\t<div class=\"gl_h4big\"><a href=\"https:\/\/www.enaikoon.com\/de\/kontakt\/unsere-experten\/\">Einen R\u00fcckruf buchen<\/a><\/div>\r\n\t<div>Voller Terminkalender? Unsere Experten rufen Sie gerne zur\u00fcck, <a href=\"https:\/\/www.enaikoon.com\/de\/kontakt\/unsere-experten\/\">wann immer es passt&#8230;<\/a><\/div>\r\n\t\r\n\t<\/div>\r\n\t\r\n\t<div class=\"col-md-4\">\r\n\t\r\n\t<div class=\"clearfix\">\r\n\t\t<div class=\"image_center\"><a href=\"https:\/\/www.enaikoon.com\/de\/ueber-uns\/unternehmen\/historie\/\" title=\"ENAiKOON Historie\"><img decoding=\"async\" src=\"https:\/\/www.enaikoon.com\/wp-content\/uploads\/2016\/07\/Chrono.png\" border=\"0\" alt=\"\"\/><\/a><\/div>\r\n\t<\/div>\r\n\t<div class=\"gl_h4big\"><a href=\"https:\/\/www.enaikoon.com\/de\/ueber-uns\/unternehmen\/historie\/\">Historie<\/a><\/div>\r\n\t<div>Ein <a href=\"https:\/\/www.enaikoon.com\/de\/ueber-uns\/unternehmen\/historie\/\">Blick zur\u00fcck<\/a>, auch wenn\u2019s bei ENAiKOON schon immer um Technik von morgen ging&#8230; <\/div>\r\n\t\r\n\t<\/div>\r\n\t\r\n\t<div class=\"col-md-4\"><div class=\"gl_space_right10\">\r\n\t\r\n\t<div class=\"clearfix\">\r\n\t\t<div class=\"image_center\"><a href=\"https:\/\/www.enaikoon.com\/de\/kontakt\/handelspartner-werden\/\" title=\"Handelspartner werden\"><img decoding=\"async\" src=\"https:\/\/www.enaikoon.com\/wp-content\/uploads\/2016\/07\/Partner.png\" border=\"0\" alt=\"\"\/><\/a><\/div>\r\n\t<\/div>\r\n\t<div class=\"clearfix\">\r\n\t\t<div class=\"gl_h4big\"><a href=\"https:\/\/www.enaikoon.com\/de\/kontakt\/handelspartner-werden\/\">Handelspartner werden<\/a><\/div>\r\n\t\t<div>Erfahren Sie, wie Sie <a href=\"https:\/\/www.enaikoon.com\/de\/kontakt\/handelspartner-werden\/\">ENAiKOON Handelspartner<\/a> werden. Wir bieten attraktive Provisionen auf unsere im Markt etablierten Telematik-L\u00f6sungen.<\/a><\/div>\r\n\t<\/div>\r\n\t\r\n\t<\/div>\r\n\t\r\n\r\n<div class=\"gl_space_pagebot\">&nbsp;<\/div>\r\n\r\n<\/div>","protected":false},"excerpt":{"rendered":"","protected":false},"author":7,"featured_media":0,"parent":3897,"menu_order":0,"comment_status":"closed","ping_status":"closed","template":"","meta":{"footnotes":""},"acf":[],"_links":{"self":[{"href":"https:\/\/www.enaikoon.com\/de\/wp-json\/wp\/v2\/pages\/4802"}],"collection":[{"href":"https:\/\/www.enaikoon.com\/de\/wp-json\/wp\/v2\/pages"}],"about":[{"href":"https:\/\/www.enaikoon.com\/de\/wp-json\/wp\/v2\/types\/page"}],"author":[{"embeddable":true,"href":"https:\/\/www.enaikoon.com\/de\/wp-json\/wp\/v2\/users\/7"}],"replies":[{"embeddable":true,"href":"https:\/\/www.enaikoon.com\/de\/wp-json\/wp\/v2\/comments?post=4802"}],"version-history":[{"count":9,"href":"https:\/\/www.enaikoon.com\/de\/wp-json\/wp\/v2\/pages\/4802\/revisions"}],"predecessor-version":[{"id":16233,"href":"https:\/\/www.enaikoon.com\/de\/wp-json\/wp\/v2\/pages\/4802\/revisions\/16233"}],"up":[{"embeddable":true,"href":"https:\/\/www.enaikoon.com\/de\/wp-json\/wp\/v2\/pages\/3897"}],"wp:attachment":[{"href":"https:\/\/www.enaikoon.com\/de\/wp-json\/wp\/v2\/media?parent=4802"}],"curies":[{"name":"wp","href":"https:\/\/api.w.org\/{rel}","templated":true}]}}