{"id":4799,"date":"2016-07-22T02:27:31","date_gmt":"2016-07-22T02:27:31","guid":{"rendered":"https:\/\/www.enaikoon.com\/?page_id=4799"},"modified":"2018-08-13T06:43:08","modified_gmt":"2018-08-13T06:43:08","slug":"historie","status":"publish","type":"page","link":"https:\/\/www.enaikoon.com\/de\/ueber-uns\/unternehmen\/historie\/","title":{"rendered":"Historie"},"content":{"rendered":"<div style=\"height: 50px;\"><\/div>\r\n<div class=\"row\">\r\n\r\n<div class=\"col-md-8\">\r\n\r\n<div class=\"gl_space_pageleft2\">\r\n<div class=\"gl_h2big\">ENAiKOONs Historie<\/div>\r\n<div class=\"gl_space_top10\"><\/div>\r\n<p class=\"gl_space_right10\"><strong>Ein Blick zur\u00fcck, auch wenn\u2019s bei ENAiKOON schon immer um Technik von morgen ging&#8230;<\/strong>\r\n\r\n<\/p>\r\nEEin Blick zur\u00fcck nach vorn: Seit der Gr\u00fcndung 2002 k\u00fcmmert sich ENAiKOON um \u201edistance under control\u201c &#8211; Entfernung wird beherrschbar.\r\n\r\nDurch sein Studium in technischen F\u00e4chern und die entsprechenden Erfahrungen in Leitungspositionen in Technikunternehmen brachte der ENAiKOON Gr\u00fcnder Markus Semm die theoretische (z.B. Inhaber eines RFID Patent gemeinsam mit Fraunhofer Institut) wie praktische Erfahrung (B\u00f6rsengang mit eigenem Technologie-Unternehmen), Know-how und Kontakte ein, um Telematik im Sinne der Kunden weiterzuentwickeln. Oder in manchen Punkten sogar neu zu erfinden.\r\n\r\n\r\nMarkus Semm begann in der &#8222;Garage&#8220; seines Wohnzimmers, nach dem Verkauf seiner fr\u00fcheren Firma konzentrierte er sich auf ENAiKOON. Mit gro\u00dfem Erfolg, denn dieses Jahr wird ENAiKOON 10 Jahre alt. In der noch jungen Telematikbranche ist ENAiKOON damit fast ein &#8222;Dinosaurier&#8220;.\r\n\r\n\r\nSeit 2002 ist ENAiKOON stetig gewachsen und hat sich weiter internationalisiert. Das zeigt sich nicht nur bei den Mitarbeitern und <a href=\"https:\/\/www.enaikoon.com\/de\/kontakt\/handelspartner-werden\/\">Partnern<\/a>, sondern auch bei Kunden. Unver\u00e4ndert setzt ENAiKOON auf die Entwicklung von perfekten Telematik-L\u00f6sungen sowohl im <a href=\"https:\/\/www.enaikoon.com\/de\/geraete\/\">Bereich Hardware<\/a> (f\u00fcr jede Anforderung das perfekte Produkt) als auch in der Software. <a href=\"https:\/\/www.enaikoon.com\/de\/software-de\/inviu-pro\/\">inViu pro<\/a> ist die ausgefeilte internet-basierende Applikation f\u00fcr die einfache Darstellung aller Auswertungen.\r\n\r\n<\/div>\r\n<\/div>\r\n\r\n<div class=\"col-md-4\">\r\n<div class=\"gl_space_pageright2\">\r\n<div class=\"gl_enaikoon_logo\"><img decoding=\"async\" src=\"https:\/\/www.enaikoon.com\/wp-content\/uploads\/2016\/07\/ENAiKOON-frosted-logo.png\" alt=\"\" \/><\/div>\r\n<div><a class=\"gl_button_yellow\" href=\"https:\/\/www.enaikoon.com\/de\/kontakt\/unsere-experten\/\">Buchen Sie eine Beratung<\/a><\/div>\r\n<div class=\"gl_introduction_contact\"><img decoding=\"async\" src=\"https:\/\/www.enaikoon.com\/wp-content\/uploads\/2016\/07\/icon_email.png\" alt=\"\" \/>\r\n<p class=\"gl_text_space\"><a rel=\"nofollow\" href=\"mailto:vertrieb@enaikoon.de\">vertrieb@enaikoon.de<\/a><\/p>\r\n\r\n<\/div>\r\n<div class=\"gl_introduction_contact\">\r\n<p class=\"gl_text_space\"><img decoding=\"async\" src=\"https:\/\/www.enaikoon.com\/wp-content\/uploads\/2016\/07\/icon_phone1.png\" alt=\"\" \/>\r\n+49 30 397475-30<\/p>\r\n\r\n<\/div>\r\n<div class=\"gl_introduction_contact\">\r\n<p class=\"gl_text_space\"><img decoding=\"async\" src=\"https:\/\/www.enaikoon.com\/wp-content\/uploads\/2016\/07\/icon_phone2.png\" alt=\"\" \/>\r\n+49 30 397475-40<\/p>\r\n\r\n<\/div>\r\n<\/div>\r\n<\/div>\r\n<div class=\"gl_row_space\"><\/div>\r\n<div class=\"gl_line\"><\/div>\r\n<\/div>\r\n\r\n<div class=\"row\">\r\n\r\n<div class=\"col-md-4\">\r\n<div class=\"clearfix\">\r\n<div class=\"image_center\"><a title=\"Einen R\u00fcckruf buchen\" href=\"https:\/\/www.enaikoon.com\/de\/kontakt\/unsere-experten\/\"><img decoding=\"async\" src=\"https:\/\/www.enaikoon.com\/wp-content\/uploads\/2016\/07\/Callback-icon_23.png\" alt=\"\" border=\"0\" \/><\/a><\/div>\r\n<\/div>\r\n<div class=\"gl_h4big\"><a href=\"https:\/\/www.enaikoon.com\/de\/kontakt\/unsere-experten\/\">Einen R\u00fcckruf buchen<\/a><\/div>\r\n<div>Voller Terminkalender? Unsere Experten rufen Sie gerne zur\u00fcck, <a href=\"https:\/\/www.enaikoon.com\/de\/kontakt\/unsere-experten\/\">wann immer es passt&#8230;<\/a><\/div>\r\n<\/div>\r\n\r\n<div class=\"col-md-4\">\r\n<div class=\"clearfix\">\r\n<div class=\"image_center\"><a title=\"Markus Semm, ENAiKOONs Founder\" href=\"https:\/\/www.enaikoon.com\/de\/ueber-uns\/unternehmen\/markus-semm\/\"><img decoding=\"async\" src=\"https:\/\/www.enaikoon.com\/wp-content\/uploads\/2016\/07\/Founder.png\" alt=\"\" border=\"0\" \/><\/a><\/div>\r\n<\/div>\r\n<div class=\"gl_h4big\"><a href=\"https:\/\/www.enaikoon.com\/de\/ueber-uns\/unternehmen\/markus-semm\/\">ENAiKOONs Gr\u00fcnder<\/a><\/div>\r\n<div>ENAiKOON wurde 2002 von <a href=\"https:\/\/www.enaikoon.com\/de\/ueber-uns\/unternehmen\/markus-semm\/\">Markus Semm<\/a> gegr\u00fcndet. Er hat sehr fr\u00fch erkannt, dass Telematik eine Wachstumsbranche ist.<\/div>\r\n<\/div>\r\n\r\n<div class=\"col-md-4\">\r\n<div class=\"gl_space_right10\">\r\n<div class=\"clearfix\">\r\n<div class=\"image_center\"><a title=\"Handelspartner werden\" href=\"https:\/\/www.enaikoon.com\/de\/kontakt\/handelspartner-werden\/\"><img decoding=\"async\" src=\"https:\/\/www.enaikoon.com\/wp-content\/uploads\/2016\/07\/Partner.png\" alt=\"\" border=\"0\" \/><\/a><\/div>\r\n<\/div>\r\n<div class=\"clearfix\">\r\n<div class=\"gl_h4big\"><a href=\"https:\/\/www.enaikoon.com\/de\/kontakt\/handelspartner-werden\/\">Handelspartner werden<\/a><\/div>\r\n<div>Erfahren Sie, wie Sie <a href=\"https:\/\/www.enaikoon.com\/de\/kontakt\/handelspartner-werden\/\">ENAiKOON Handelspartner<\/a> werden. Wir bieten attraktive Provisionen auf unsere im Markt etablierten Telematik-L\u00f6sungen.<\/div>\r\n<\/div>\r\n<\/div>\r\n<div class=\"gl_space_pagebot\"><\/div>\r\n<\/div>\r\n\r\n<\/div>","protected":false},"excerpt":{"rendered":"","protected":false},"author":7,"featured_media":0,"parent":3897,"menu_order":0,"comment_status":"closed","ping_status":"closed","template":"","meta":{"footnotes":""},"acf":[],"_links":{"self":[{"href":"https:\/\/www.enaikoon.com\/de\/wp-json\/wp\/v2\/pages\/4799"}],"collection":[{"href":"https:\/\/www.enaikoon.com\/de\/wp-json\/wp\/v2\/pages"}],"about":[{"href":"https:\/\/www.enaikoon.com\/de\/wp-json\/wp\/v2\/types\/page"}],"author":[{"embeddable":true,"href":"https:\/\/www.enaikoon.com\/de\/wp-json\/wp\/v2\/users\/7"}],"replies":[{"embeddable":true,"href":"https:\/\/www.enaikoon.com\/de\/wp-json\/wp\/v2\/comments?post=4799"}],"version-history":[{"count":5,"href":"https:\/\/www.enaikoon.com\/de\/wp-json\/wp\/v2\/pages\/4799\/revisions"}],"predecessor-version":[{"id":16228,"href":"https:\/\/www.enaikoon.com\/de\/wp-json\/wp\/v2\/pages\/4799\/revisions\/16228"}],"up":[{"embeddable":true,"href":"https:\/\/www.enaikoon.com\/de\/wp-json\/wp\/v2\/pages\/3897"}],"wp:attachment":[{"href":"https:\/\/www.enaikoon.com\/de\/wp-json\/wp\/v2\/media?parent=4799"}],"curies":[{"name":"wp","href":"https:\/\/api.w.org\/{rel}","templated":true}]}}