{"id":3926,"date":"2016-07-18T07:27:30","date_gmt":"2016-07-18T07:27:30","guid":{"rendered":"https:\/\/www.enaikoon.com\/?page_id=3926"},"modified":"2024-01-31T15:52:33","modified_gmt":"2024-01-31T15:52:33","slug":"impressum","status":"publish","type":"page","link":"https:\/\/www.enaikoon.com\/de\/fusszeile\/impressum\/","title":{"rendered":"Impressum"},"content":{"rendered":"<div class=\"row\">\n<div class=\"gl_space_page\">\n\n<div class=\"col-md-7\">\n<h1>Impressum<\/h1>\n<div>&nbsp;<\/div>\n<div class=\"gl_h4big\">Sitz der Gesellschaft und Postanschrift<\/div>\n<div>\n<div>ENAiKOON GmbH<\/div>\n<div>Scheelestr. 1a<\/div>\n<div>59929 Brilon<\/div>\n<\/div>\n<div>&nbsp;<\/div>\n<div class=\"gl_h4big\">Kontaktdaten<\/div>\n<div class=\"gl_introduction_contact\"><img decoding=\"async\" class=\"gl_space_right10\" src=\"https:\/\/www.enaikoon.com\/wp-content\/uploads\/2016\/07\/icon_email.png\" alt=\"\" align=\"left\" \/>\n<p class=\"gl_text_space\"><a rel=\"nofollow\" href=\"mailto:vertrieb@enaikoon.de\">vertrieb@enaikoon.de<\/a><\/p>\n\n<\/div>\n<div class=\"gl_introduction_contact\"><img decoding=\"async\" class=\"gl_space_right10\" src=\"https:\/\/www.enaikoon.com\/wp-content\/uploads\/2016\/07\/icon_phone1.png\" alt=\"\" align=\"left\" \/>\n<p class=\"gl_text_space\">+49 30 397475-30<\/p>\n\n<\/div>\n<div class=\"gl_introduction_contact\"><img decoding=\"async\" class=\"gl_space_right10\" src=\"https:\/\/www.enaikoon.com\/wp-content\/uploads\/2016\/07\/icon_phone2.png\" alt=\"\" align=\"left\" \/>\n<p class=\"gl_text_space\">+49 30 397475-40<\/p>\n\n<\/div>\n<div>&nbsp;<\/div>\n<div class=\"gl_h4big\">Internet<\/div>\n<div><span style=\"font-size: 14pt;\"><a rel=\"nofollow\" href=\"https:\/\/www.enaikoon.com\/\">www.enaikoon.com<\/a><\/span><\/div>\n<div>&nbsp;<\/div>\n<div class=\"gl_h4big\">Vertretungsberechtigter Gesch\u00e4ftsf\u00fchrer<\/div>\n<div>Markus Semm<\/div>\n<div>E-Mail: <span style=\"font-size: 14pt;\"><a rel=\"nofollow\" href=\"mailto:msemm@enaikoon.de\">msemm@enaikoon.de<\/a><\/span><\/div>\n<div>&nbsp;<\/div>\n<div class=\"gl_h4big\">Bankverbindung<\/div>\n<div>Bank: Commerzbank<\/div>\n<div>BIC: DRESDEFF100<\/div>\n<div>IBAN: DE04 1008 0000 0566 1055 00<\/div>\n<div>&nbsp;<\/div>\n<div class=\"gl_h4big\">Handelsregister-Eintragung<\/div>\n<div>HRB 15208\nAmtsgericht Arnsberg<\/div>\n<div>&nbsp;<\/div>\n<div class=\"gl_h4big\">Steuernummer<\/div>\n<div>USt-Id Nr. DE222933329<\/div>\n<\/div>\n\n<div class=\"col-md-5\">\n<div class=\"gl_space_left50right50\">\n<div><img decoding=\"async\" src=\"https:\/\/www.enaikoon.com\/wp-content\/uploads\/2016\/07\/ENAiKOON-frosted-logo.png\" \/><\/div>\n<div>&nbsp;<\/div>\n<div class=\"gl_h4big\">Copyright<\/div>\n<div>ENAiKOON GmbH<\/div>\n<div>&nbsp;<\/div>\n<div>Soweit Texte, Bilder, Grafiken, Sound, Animation oder Videos urheberrechtlich gesch\u00fctzt sind, stehen daran, soweit nicht nachfolgend abweichend angegeben der ENAiKOON GmbH zu.<\/div>\n<div>&nbsp;<\/div>\n<div>\n<div>Copyright \u00a9 2002 &#8211; 2024<\/div>\n<div>ENAiKOON GmbH, 59929 Brilon, Germany<\/div>\n<div>Alle Rechte vorbehalten.<\/div>\n<\/div>\n<div>&nbsp;<\/div>\n<div>ENAiKOON gestattet die Vervielf\u00e4ltigung dieser eigenen urheberrechtlich gesch\u00fctzten Werke und ihrer Kennzeichen ausschlie\u00dflich zum privaten oder internen Gebrauch eines Nutzers. Die Nutzung der Werke und Kennzeichen zu anderen Zwecken, insbesondere jede Art der \u00f6ffentlichen Zug\u00e4nglichmachung, bedarf der schriftlichen Zustimmung der ENAiKOON GmbH.<\/div>\n<div>&nbsp;<\/div>\n<div>Alle hier verwendeten Namen, Begriffe, Zeichen und Grafiken k\u00f6nnen Marken- oder Warenzeichen im Besitze ihrer rechtlichen Eigent\u00fcmer sein. Die Rechte aller erw\u00e4hnten und benutzten Marken- und Warenzeichen liegen ausschlie\u00dflich bei deren Besitzern.<\/div>\n<div>&nbsp;<\/div>\n<div>Bildnachweis: ENAiKOON, Fotolia, iStockphoto\u00ae<\/div>\n<div>&nbsp;<\/div>\n<div>Android ist eine Marke der Google Inc.<\/div>\n<div>&nbsp;<\/div>\n<div>Die Landkartendaten \u00a9OpenStreetMap, unterliegen der <a href=\"http:\/\/opendatacommons.org\/licenses\/odbl\/\" target=\"_blank\" rel=\"nofollow\" noreferrer\">Open Database Lizenz (ODbL) 1.0<\/a>. Eine inoffizielle \u00dcbersetzung der o.g. Lizenz findet sich <a href=\"http:\/\/wiki.openstreetmap.org\/wiki\/DE:Open_Database_Licence_-_Licence_Text\" target=\"_blank\" rel=\"nofollow\" noreferrer\">hier<\/a>.\nDie Kacheln unterliegen der <a href=\"https:\/\/creativecommons.org\/licenses\/by-sa\/2.0\/de\/\" target=\"_blank\" rel=\"nofollow\" noreferrer\">CC-BY-SA 2.0<\/a> Lizenz.<\/div>\n<\/div>\n<\/div>\n<div class=\"gl_row_space\"><\/div>\n<div class=\"gl_line\"><\/div>\n<div class=\"col-md-4\">\n<div class=\"gl_h4big\">Disclaimer<\/div>\n<div>ENAiKOON hat keinen Einfluss auf den Inhalt von Seiten, die auf enaikoon.com verlinkt werden, und macht sich diesen Inhalt nicht zu Eigen.<\/div>\n<\/div>\n\n<div class=\"col-md-4\">\n<div class=\"gl_h4big\">Datenschutz G\u00fctesiegel<\/div>\n<div>Datenschutz wird bei ENAiKOON gro\u00df geschrieben.<\/div>\n<div>&nbsp;<\/div>\n<div class=\"gl_space_right10\">Aufgrund der strengen Einhaltung der deutschen Datenschutzgesetze werden wir regelm\u00e4\u00dfig \u00fcberpr\u00fcft durch einen unabh\u00e4ngigen Datenschutzbeauftragten.<\/div>\n<\/div>\n\n<div class=\"col-md-4\">\n<div class=\"gl_h4big\">Rechtliche Informationen<\/div>\n<div><a class=\"gl_button_grey\" href=\"https:\/\/www.enaikoon.com\/fileadmin\/enaikoon\/Dateien\/pdf\/Kundeninfo\/deutsch\/ENAiKOON_Kundeninformationen.pdf\" target=\"_blank\" rel=\"nofollow\" noreferrer\">Kundeninformation<\/a><\/div>\n<div><a class=\"gl_button_grey\" href=\"https:\/\/www.enaikoon.com\/fileadmin\/enaikoon\/Dateien\/pdf\/Widerrufsbelehrung\/deutsch\/ENAiKOON_Widerrufsbelehrung.pdf\" target=\"_blank\" rel=\"nofollow\" noreferrer\">Widerrufsbelehrung<\/a><\/div>\n<\/div>\n<div class=\"gl_row_space\"><\/div>\n<div class=\"gl_space_pagebottom\"><\/div>\n<\/div>\n\n<\/div>","protected":false},"excerpt":{"rendered":"","protected":false},"author":7,"featured_media":0,"parent":4686,"menu_order":0,"comment_status":"closed","ping_status":"closed","template":"","meta":{"footnotes":""},"acf":[],"_links":{"self":[{"href":"https:\/\/www.enaikoon.com\/de\/wp-json\/wp\/v2\/pages\/3926"}],"collection":[{"href":"https:\/\/www.enaikoon.com\/de\/wp-json\/wp\/v2\/pages"}],"about":[{"href":"https:\/\/www.enaikoon.com\/de\/wp-json\/wp\/v2\/types\/page"}],"author":[{"embeddable":true,"href":"https:\/\/www.enaikoon.com\/de\/wp-json\/wp\/v2\/users\/7"}],"replies":[{"embeddable":true,"href":"https:\/\/www.enaikoon.com\/de\/wp-json\/wp\/v2\/comments?post=3926"}],"version-history":[{"count":79,"href":"https:\/\/www.enaikoon.com\/de\/wp-json\/wp\/v2\/pages\/3926\/revisions"}],"predecessor-version":[{"id":19044,"href":"https:\/\/www.enaikoon.com\/de\/wp-json\/wp\/v2\/pages\/3926\/revisions\/19044"}],"up":[{"embeddable":true,"href":"https:\/\/www.enaikoon.com\/de\/wp-json\/wp\/v2\/pages\/4686"}],"wp:attachment":[{"href":"https:\/\/www.enaikoon.com\/de\/wp-json\/wp\/v2\/media?parent=3926"}],"curies":[{"name":"wp","href":"https:\/\/api.w.org\/{rel}","templated":true}]}}