{"id":3912,"date":"2016-07-18T07:21:31","date_gmt":"2016-07-18T07:21:31","guid":{"rendered":"https:\/\/www.enaikoon.com\/?page_id=3912"},"modified":"2017-11-19T17:01:11","modified_gmt":"2017-11-19T17:01:11","slug":"xml-datenbankstruktur","status":"publish","type":"page","link":"https:\/\/www.enaikoon.com\/de\/werkzeuge\/xml-datenbankstruktur\/","title":{"rendered":"XML Datenbankstruktur"},"content":{"rendered":"<div class=\"row\">\r\n\r\n<div class=\"gl_space_page\">\r\n\r\n\t<div class=\"col-md-12\">\r\n\t\r\n\t<h2>Fernabfrage von Daten eines Fern\u00fcberwachungsmoduls aus dem <br\/>ENAiKOON M2M-commserver<\/h2>\r\n\t<div>&nbsp;<\/div>\r\n\t<div>Sie haben die M\u00f6glichkeit, Positions- und Statusdaten eines beliebigen ENAiKOON Fern\u00fcberwachungsmoduls abzufragen. Im nachfolgenden Bildschirm k\u00f6nnen Sie Ihre Selektionskriterien wahlweise rechts in die vorbereiteten Felder oder links in die XML-Struktur eintragen. Als Ergebnis bekommen Sie in beiden F\u00e4llen eine XML-Struktur angezeigt, welche die angeforderten Daten des ENAiKOON Fern\u00fcberwachungsmoduls enth\u00e4lt.<\/div>\r\n\t<div>&nbsp;<\/div>\r\n\t<div>\r\n\t\t<div class=\"form-table\">\r\n\t\t<form class=\"XML_request\" action=\"https:\/\/www.enaikoon.de\/gps-xml\/gps.jsp\" method=\"get\">\r\n\t\t\t\t\t\t\t\t<table style=\"background-color:#dddddd; height:164px; border: 2px solid #a9a8a7; \" border=\"5\" cellpadding=\"0\" cellspacing=\"0\" width=\"100%\">\r\n\t\t\t\t\t\t\t\t\t<tbody><tr>\r\n\t\t\t\t\t\t\t\t\t\t<td style=\"padding:27px 0px 0px 30px;\" valign=\"top\">\r\n\t\t\t\t\t\t\t\t\t\t\t<\/td><td><\/td>\r\n\t\t\t\t\t\t\t\t\t\t<\/tr>\r\n\t\t\t\t\t\t\t\t\t\t<tr>\r\n\t\t\t\t\t\t\t\t\t\t\t<td width=\"100\">XML&nbsp;&nbsp;&nbsp;<\/td>\r\n\t\t\t\t\t\t\t\t\t\t\t<td>\r\n\t\t\t\t\t\t\t\t\t\t\t\t<textarea cols=\"75\" rows=\"14\" name=\"XML\"> &lt;?xml version=&#8220;1.0&#8243;?&gt;\r\n &lt;!DOCTYPE gps SYSTEM &#8222;GPRSDATA.DTD&#8220;&gt;\r\n &lt;gps&gt;\r\n  &lt;request&gt;\r\n   &lt;customer&gt;test&lt;\/customer&gt;\r\n   &lt;password&gt;Demo&lt;\/password&gt;\r\n   &lt;clientid&gt;&lt;\/clientid&gt;\r\n   &lt;time1&gt;&lt;\/time1&gt;\r\n   &lt;time2&gt;&lt;\/time2&gt;\r\n   &lt;max_ds&gt;&lt;\/max_ds&gt;\r\n   &lt;order&gt;&lt;\/order&gt;\r\n   &lt;noLimit&gt;&lt;\/noLimit&gt;\r\n  &lt;\/request&gt;\r\n &lt;\/gps&gt;<\/textarea>\r\n\t\t\t\t\t\t\t\t\t\t\t<\/td>\r\n\t\t\t\t\t\t\t\t\t\t<\/tr>\r\n\t\t\t\t\t\t\t\t\t\t<tr>\r\n\t\t\t\t\t\t\t\t\t\t\t<td style=\"width:105px;padding-top:12px;\">&nbsp;&nbsp;&nbsp;&nbsp;&nbsp;<\/td>\r\n\t\t\t\t\t\t\t\t\t\t\t<td style=\"padding-top:12px;\">\r\n\t\t\t\t\t\t\t\t\t\t\t\t<div style=\" padding-left: 250px; \"><input class=\"XML_request_submit\" name=\"xml\" value=\"XML\" type=\"submit\"><input class=\"XML_request_submit\" name=\"map\" value=\"Karte\" type=\"submit\"><\/div><\/td>\r\n\t\t\t\t\t\t\t\t\t\t\t<\/tr>\r\n\t\t\t\t\t\t\t\t\t\t\t<tr>\r\n\t\t\t\t\t\t\t\t\t\t\t\t<td>&nbsp;<\/td>\r\n\t\t\t\t\t\t\t\t\t\t\t\t<td>&nbsp;<\/td>\r\n\t\t\t\t\t\t\t\t\t\t\t<\/tr>\r\n\t\t\t\t\t\t\t\t\t\t<\/tbody><\/table>\r\n\t\t\t\t\t\t\t\t\t<\/form>\r\n\t\t<\/div>\r\n\t<\/div>\r\n\t<div>&nbsp;<\/div>\r\n\t<div>\r\n\t\t<div class=\"form-table\">\r\n\t\t<form class=\"XML_request\" action=\"https:\/\/www.enaikoon.de\/gps-xml\/gps.jsp\" method=\"get\">\r\n\t\t\t\t\t\t\t\t\t\t<table style=\"background-color: #dddddd; border: 2px solid #a9a8a7; \" border=\"0\" cellpadding=\"0\" cellspacing=\"0\" width=\"100%\">\r\n\t\t\t\t\t\t\t\t\t\t\t<tbody><tr>\r\n\t\t\t\t\t\t\t\t\t\t\t\t<td>\r\n\t\t\t\t\t\t\t\t\t\t\t\t\t<table style=\"background-color: #dddddd; border: 0px solid #a9a8a7; \" border=\"0\" cellpadding=\"0\" cellspacing=\"0\" width=\"100%\">\r\n\t\t\t\t\t\t\t\t\t\t\t\t\t\t<tbody><tr>\r\n\t\t\t\t\t\t\t\t\t\t\t\t\t\t\t<td style=\"padding:27px 0px 0px 30px;\" valign=\"top\" width=\"450\">\r\n\t\t\t\t\t\t\t\t\t\t\t\t\t\t\t\t<\/td><td><\/td>\r\n\t\t\t\t\t\t\t\t\t\t\t\t\t\t\t<\/tr>\r\n\t\t\t\t\t\t\t\t\t\t\t\t\t\t\t<tr>\r\n\t\t\t\t\t\t\t\t\t\t\t\t\t\t\t\t<td width=\"325\">&nbsp;&nbsp;<\/td>\r\n\t\t\t\t\t\t\t\t\t\t\t\t\t\t\t\t<td>\r\n\t\t\t\t\t\t\t\t\t\t\t\t\t\t\t\t\t<p><i><b> \t\r\n\r\nIhre Zugangsdaten<\/b><\/i><\/p>\r\n\t\t\t\t\t\t\t\t\t\t\t\t\t\t\t\t\t<br><\/td>\r\n\t\t\t\t\t\t\t\t\t\t\t\t\t\t\t<\/tr>\r\n\t\t\t\t\t\t\t\t\t\t\t\t\t\t\t<tr>\r\n\t\t\t\t\t\t\t\t\t\t\t\t\t\t\t\t<td width=\"325\"> Login:<\/td>\r\n\t\t\t\t\t\t\t\t\t\t\t\t\t\t\t\t<td><input name=\"customer\" value=\"test\" type=\"text\"><\/td>\r\n\t\t\t\t\t\t\t\t\t\t\t\t\t\t\t<\/tr>\r\n\t\t\t\t\t\t\t\t\t\t\t\t\t\t\t<tr>\r\n\t\t\t\t\t\t\t\t\t\t\t\t\t\t\t\t<td width=\"325\"> Kennwort:\u00a0<\/td>\r\n\t\t\t\t\t\t\t\t\t\t\t\t\t\t\t\t<td><input name=\"password\" value=\"Demo\" type=\"password\"><br><\/td>\r\n\t\t\t\t\t\t\t\t\t\t\t\t\t\t\t<\/tr>\r\n\t\t\t\t\t\t\t\t\t\t\t\t\t\t\t<tr>\r\n\t\t\t\t\t\t\t\t\t\t\t\t\t\t\t\t<td width=\"325\"> Seriennummer:\u00a0&nbsp;&nbsp;&nbsp;<\/td>\r\n\t\t\t\t\t\t\t\t\t\t\t\t\t\t\t\t<td><input name=\"clientid\" type=\"text\"><br><\/td>\r\n\t\t\t\t\t\t\t\t\t\t\t\t\t\t\t<\/tr>\r\n\t\t\t\t\t\t\t\t\t\t\t\t\t\t\t<tr>\r\n\t\t\t\t\t\t\t\t\t\t\t\t\t\t\t\t<td width=\"325\"> Startzeit:&nbsp;&nbsp;&nbsp;<\/td>\r\n\t\t\t\t\t\t\t\t\t\t\t\t\t\t\t\t<td><input name=\"time1\" type=\"text\"><br><\/td>\r\n\t\t\t\t\t\t\t\t\t\t\t\t\t\t\t<\/tr>\r\n\t\t\t\t\t\t\t\t\t\t\t\t\t\t\t<tr>\r\n\t\t\t\t\t\t\t\t\t\t\t\t\t\t\t\t<td width=\"325\"> Endzeit:\u00a0&nbsp;&nbsp;&nbsp;<\/td>\r\n\t\t\t\t\t\t\t\t\t\t\t\t\t\t\t\t<td><input name=\"time2\" type=\"text\"><\/td>\r\n\t\t\t\t\t\t\t\t\t\t\t\t\t\t\t<\/tr>\r\n\t\t\t\t\t\t\t\t\t\t\t\t\t\t\t<tr>\r\n\t\t\t\t\t\t\t\t\t\t\t\t\t\t\t\t<td width=\"325\"> Maximale Anzahl der Datens\u00e4tze:\u00a0&nbsp;&nbsp;&nbsp;<\/td>\r\n\t\t\t\t\t\t\t\t\t\t\t\t\t\t\t\t<td><input name=\"max_ds\" size=\"3\" type=\"text\"><br><\/td>\r\n\t\t\t\t\t\t\t\t\t\t\t\t\t\t\t<\/tr>\r\n\t\t\t\t\t\t\t\t\t\t\t\t\t\t\t<tr>\r\n\t\t\t\t\t\t\t\t\t\t\t\t\t\t\t\t<td width=\"325\"> Reihenfolge (ASC = aufsteigend, DESC = absteigend):&nbsp;&nbsp;&nbsp;<\/td>\r\n\t\t\t\t\t\t\t\t\t\t\t\t\t\t\t\t<td><input name=\"order\" size=\"3\" type=\"text\"><\/td>\r\n\t\t\t\t\t\t\t\t\t\t\t\t\t\t\t<\/tr>\r\n\t\t\t\t\t\t\t\t\t\t\t\t\t\t\t<tr>\r\n\t\t\t\t\t\t\t\t\t\t\t\t\t\t\t\t<td width=\"325\"> Limitaufhebung (1 = ja, 0 = nein):&nbsp;&nbsp;&nbsp;<\/td>\r\n\t\t\t\t\t\t\t\t\t\t\t\t\t\t\t\t<td><input name=\"noLimit\" size=\"1\" type=\"text\"><\/td>\r\n\t\t\t\t\t\t\t\t\t\t\t\t\t\t\t<\/tr>\r\n\t\t\t\t\t\t\t\t\t\t\t\t\t\t\t<tr>\r\n\t\t\t\t\t\t\t\t\t\t\t\t\t\t\t\t<td width=\"325\">&nbsp;<\/td>\r\n\t\t\t\t\t\t\t\t\t\t\t\t\t\t\t\t<td>&nbsp;<\/td>\r\n\t\t\t\t\t\t\t\t\t\t\t\t\t\t\t<\/tr>\r\n\t\t\t\t\t\t\t\t\t\t\t\t\t\t<\/tbody><\/table>\r\n\t\t\t\t\t\t\t\t\t\t\t\t\t\t<table style=\"background-color: #dddddd; border: 0px solid #a9a8a7; \" border=\"0\" cellpadding=\"0\" cellspacing=\"0\" width=\"100%\">\r\n\t\t\t\t\t\t\t\t\t\t\t\t\t\t\t<tbody><tr>\r\n\t\t\t\t\t\t\t\t\t\t\t\t\t\t\t\t<td width=\"520\">\r\n\t\t\t\t\t\t\t\t\t\t\t\t\t\t\t\t\t<div style=\"padding-left: 3px; font-size:13px; \"> Datumsformat f\u00fcr Eingabe der Zeit: <em>ttmmjj-hhmm<\/em><br>\r\n\t\t\t\t\t\t\t\t\t\t\t\t\t\t\t\t   Wenn Sie bei Startzeit und Endzeit nichts angeben, so wird der zuletzt   f\u00fcr die angegebene Seriennummer gespeicherte Datensatz ausgewertet.<br>\r\n\t\t\t\t\t\t\t\t\t\t\t\t\t\t\t\t   <i><em>Referenz f\u00fcr Positioning Data Markup Language:<\/em> <a rel=\"nofollow\" href=\"https:\/\/www.enaikoon.de\/gps-xml\/GPRSDATA.DTD\">GPRSDATA.DTD<\/a> | <a rel=\"nofollow\" href=\"https:\/\/www.enaikoon.de\/gps-xml\/GPRSDATA.DTD.zip\">GPRSDATA.DTD.zip<\/a><\/i><\/div>\r\n\t\t\t\t\t\t\t\t\t\t\t\t\t\t\t\t<\/td>\r\n\t\t\t\t\t\t\t\t\t\t\t\t\t\t\t<\/tr>\r\n\t\t\t\t\t\t\t\t\t\t\t\t\t\t<\/tbody><\/table>\r\n\t\t\t\t\t\t\t\t\t\t\t\t\t\t<table style=\"background-color: #dddddd; border: 0px solid #a9a8a7; \" border=\"0\" cellpadding=\"0\" cellspacing=\"0\" width=\"100%\">\r\n\t\t\t\t\t\t\t\t\t\t\t\t\t\t\t<tbody><tr>\r\n\t\t\t\t\t\t\t\t\t\t\t\t\t\t\t\t<td style=\"width:100px;padding-top:12px;\">&nbsp;<\/td>\r\n\t\t\t\t\t\t\t\t\t\t\t\t\t\t\t\t<td style=\"padding-top:12px;\">\r\n\t\t\t\t\t\t\t\t\t\t\t\t\t\t\t\t\t<div style=\" padding-left: 30px; \"><input class=\"XML_request_submit\" name=\"xml\" value=\"XML\" type=\"submit\"><input class=\"XML_request_submit\" name=\"map\" value=\"Karte\" type=\"submit\"><\/div>\r\n\t\t\t\t\t\t\t\t\t\t\t\t\t\t\t\t<\/td>\r\n\t\t\t\t\t\t\t\t\t\t\t\t\t\t\t<\/tr>\r\n\t\t\t\t\t\t\t\t\t\t\t\t\t\t\t<tr>\r\n\t\t\t\t\t\t\t\t\t\t\t\t\t\t\t\t<td width=\"320\">&nbsp;<\/td>\r\n\t\t\t\t\t\t\t\t\t\t\t\t\t\t\t\t<td>&nbsp;<\/td>\r\n\t\t\t\t\t\t\t\t\t\t\t\t\t\t\t<\/tr>\r\n\t\t\t\t\t\t\t\t\t\t\t\t\t\t<\/tbody><\/table>\r\n\t\t\t\t\t\t\t\t\t\t\t\t\t<\/td>\r\n\t\t\t\t\t\t\t\t\t\t\t\t<\/tr>\r\n\t\t\t\t\t\t\t\t\t\t\t<\/tbody><\/table>\r\n\t\t\t\t\t\t\t\t\t\t<\/form>\r\n\t\t<\/div>\r\n\t<\/div>\r\n\t\r\n\t<\/div>\r\n\t\r\n\t<div class=\"gl_row_space\"><\/div>\r\n\t<div class=\"gl_line\">&nbsp;<\/div>\r\n\t\r\n<\/div>\t\r\n<div class=\"gl_space_pagebottom\">&nbsp;<\/div>\r\n\r\n<\/div>\t","protected":false},"excerpt":{"rendered":"","protected":false},"author":7,"featured_media":0,"parent":4688,"menu_order":0,"comment_status":"closed","ping_status":"closed","template":"","meta":{"footnotes":""},"acf":[],"_links":{"self":[{"href":"https:\/\/www.enaikoon.com\/de\/wp-json\/wp\/v2\/pages\/3912"}],"collection":[{"href":"https:\/\/www.enaikoon.com\/de\/wp-json\/wp\/v2\/pages"}],"about":[{"href":"https:\/\/www.enaikoon.com\/de\/wp-json\/wp\/v2\/types\/page"}],"author":[{"embeddable":true,"href":"https:\/\/www.enaikoon.com\/de\/wp-json\/wp\/v2\/users\/7"}],"replies":[{"embeddable":true,"href":"https:\/\/www.enaikoon.com\/de\/wp-json\/wp\/v2\/comments?post=3912"}],"version-history":[{"count":8,"href":"https:\/\/www.enaikoon.com\/de\/wp-json\/wp\/v2\/pages\/3912\/revisions"}],"predecessor-version":[{"id":11733,"href":"https:\/\/www.enaikoon.com\/de\/wp-json\/wp\/v2\/pages\/3912\/revisions\/11733"}],"up":[{"embeddable":true,"href":"https:\/\/www.enaikoon.com\/de\/wp-json\/wp\/v2\/pages\/4688"}],"wp:attachment":[{"href":"https:\/\/www.enaikoon.com\/de\/wp-json\/wp\/v2\/media?parent=3912"}],"curies":[{"name":"wp","href":"https:\/\/api.w.org\/{rel}","templated":true}]}}