{"id":3906,"date":"2016-07-18T07:18:12","date_gmt":"2016-07-18T07:18:12","guid":{"rendered":"https:\/\/www.enaikoon.com\/?page_id=3906"},"modified":"2017-11-19T17:00:55","modified_gmt":"2017-11-19T17:00:55","slug":"openstreetmap","status":"publish","type":"page","link":"https:\/\/www.enaikoon.com\/de\/ueber-uns\/openstreetmap\/","title":{"rendered":"OpenStreetMap"},"content":{"rendered":"<div style=\"height:50px;\"><\/div>\r\n<div class=\"row\">\r\n<div class=\"gl_space_page\">\r\n\t<div class=\"col-md-8\">\r\n\t<h2>ENAiKOON unterst\u00fctzt OpenStreetMap\u00a9<\/h2>\r\n\t<div>&nbsp;<\/div>\r\n\t<div>OpenStreetMap\u00a9 (kurz: OSM) ist ein gemeinsames Projekt voan mehr als <a rel=\"nofollow\" href=\"http:\/\/osmstats.neis-one.org\/\" target=\"_blank\">3.000.000<\/a> engagierten, meist ehrenamtlichen Internet-Nutzern mit dem Ziel, eine freie Weltkarte zu erschaffen.<\/div>\r\n  <div>OSM sammelt weltweit Daten \u00fcber Stra\u00dfen, Eisenbahnen, Fl\u00fcsse, W\u00e4lder, H\u00e4user und alles andere, was gemeinhin auf Karten zu sehen ist. Weil die OSM-Aktiven die Daten selbst erheben und nicht aus existierenden Karten abmalen, hat das OSM-Projekt selbst auch alle Rechte daran. Die OpenStreetMap-Daten darf jeder lizenzkostenfrei einsetzen und beliebig weiterverarbeiten.<br>Weitere Details zu OSM finden Sie hier: <a rel=\"nofollow\" href=\"https:\/\/wiki.openstreetmap.org\/wiki\/DE:Hauptseite\" target=\"_blank\">https:\/\/wiki.openstreetmap.org\/wiki\/DE:Hauptseite<\/a><\/div>\r\n\t<div>&nbsp;<\/div>\r\n\t<div>ENAiKOON sch\u00e4tzt den gesellschaftlichen, politischen und kaufm\u00e4nnischen Nutzen des Projekts sehr hoch ein. Die Firma engagiert sich sowohl gewerblich als auch gesellschaftlich gleich mehrfach. Ihr Gesch\u00e4ftsf\u00fchrer, <a href=\"https:\/\/www.enaikoon.com\/de\/ueber-uns\/unternehmen\/markus-semm\/\" title=\"Markus Semm\">Markus Semm<\/a>, ist nun Mitglied der <a rel=\"nofollow\" href=\"http:\/\/wiki.osmfoundation.org\/wiki\/Main_Page\" target=\"_blank\" title=\"OSM Foundation\" >OSM Foundation<\/a> um das Projekt OpenStreetMap weiter zu f\u00f6rdern.<\/div>\r\n\t<div>&nbsp;<\/div>\r\n\t<div>ENAiKOON stellt sich auch im OSM Wiki vor:<\/div>\r\n\t<div>&nbsp;<\/div>\r\n \t<div><a rel=\"nofollow\" href=\"http:\/\/wiki.openstreetmap.org\/wiki\/ENAiKOON_GmbH\" target=\"_blank\">http:\/\/wiki.openstreetmap.org\/wiki\/ENAiKOON_GmbH<\/a><\/div>\r\n\t<\/div>\r\n\t<div class=\"col-md-4\">\r\n\t<div><img decoding=\"async\" src=\"https:\/\/www.enaikoon.com\/wp-content\/uploads\/2016\/07\/ENAiKOON-frosted-logo.png\" alt=\"\"\/><\/div>                               \r\n    <div><a class=\"gl_button_yellow\"  href=\"https:\/\/www.enaikoon.com\/de\/kontakt\/unsere-experten\/\">Buchen Sie eine Beratung<\/a><\/div>\r\n\t<div>&nbsp;<\/div>\r\n\t<div class=\"clearfix\">\r\n\t\t<div><img decoding=\"async\" src=\"https:\/\/www.enaikoon.com\/wp-content\/uploads\/2016\/07\/icon_email.png\" align=\"left\" class=\"gl_space_right10\" alt=\"\"\/><\/div>\r\n        <div class=\"gl_h12\"><a rel=\"nofollow\" href=\"mailto:vertrieb@enaikoon.de\">vertrieb@enaikoon.de<\/a><\/div>\r\n    <\/div>\r\n\t<div>&nbsp;<\/div>\r\n    <div class=\"clearfix\">\r\n        <div><img decoding=\"async\" src=\"https:\/\/www.enaikoon.com\/wp-content\/uploads\/2016\/07\/icon_phone1.png\" align=\"left\" class=\"gl_space_right10\" alt=\"\"\/><\/div>\r\n\t\t<div class=\"gl_h12\">+49 30 397475-30<\/div>\r\n\t<\/div>\r\n\t<div>&nbsp;<\/div>\r\n    <div class=\"clearfix\">\r\n        <div><img decoding=\"async\" src=\"https:\/\/www.enaikoon.com\/wp-content\/uploads\/2016\/07\/icon_phone2.png\" align=\"left\" class=\"gl_space_right10\" alt=\"\"\/><\/div>\r\n\t\t<div class=\"gl_h12\">+49 30 397475-40<\/div>\r\n\t<\/div>\r\n\t<div>&nbsp;<\/div>\r\n\t<div>&nbsp;<\/div>\r\n\t<div class=\"clearfix\"><img decoding=\"async\" src=\"https:\/\/www.enaikoon.com\/wp-content\/uploads\/2016\/07\/new-osm_logo_16.png\" align=\"left\" alt=\"\"\/><\/div>\r\n\t\r\n\t<\/div>\r\n\t\r\n\t<div class=\"gl_row_space\"><\/div>\r\n\t<div class=\"gl_line\">&nbsp;<\/div>\r\n\t\r\n\t<div class=\"col-md-4\">\r\n\t\r\n\t<div class=\"gl_h11\"><a href=\"https:\/\/www.enaikoon.com\/de\/ueber-uns\/openstreetmap\/soziale-projekte\/\">Soziale Projekte<\/a><\/div>\r\n\t<div>&nbsp;<\/div>\r\n\t<div>ENAiKOON engagiert sich f\u00fcr mehrere ganz unterschiedliche Projekte mit uneigenn\u00fctzigem Hintergrund.<\/div>\r\n\t<div>&nbsp;<\/div>\r\n\t<ul type=\"square\" class=\"gl_space_ul2\">\r\n\t\t<li class=\"gl_space_li\"><a href=\"https:\/\/www.enaikoon.com\/de\/ueber-uns\/openstreetmap\/soziale-projekte\/\">Open source App Keypad-Mapper 3 zum Erfassen von Hausnummern f\u00fcr OSM<\/a><\/li>\r\n\t\t<li class=\"gl_space_li\"><a href=\"https:\/\/www.enaikoon.com\/de\/ueber-uns\/openstreetmap\/soziale-projekte\/\">Mapping mit Grundsch\u00fclern<\/a><\/li>\t\t\r\n\t<\/ul>\r\n\t\r\n\t<\/div>\r\n\t\t\r\n\t<div class=\"col-md-4\">\r\n\t\r\n\t<div class=\"gl_h11\"><a href=\"https:\/\/www.enaikoon.com\/de\/ueber-uns\/openstreetmap\/projekte-sozial-gewerblich\/\">Projekte sozial \/ gewerblich<\/a><\/div>\r\n\t<div>&nbsp;<\/div>\r\n\t<div>Diese Projekte haben einen gemischten Charakter.<\/div>\r\n\t<div>Unser Engagement geht dabei weit \u00fcber das eigene gesch\u00e4ftliche Interesse hinaus. <\/div>\r\n\t<div>&nbsp;<\/div>\r\n\t<ul type=\"square\" class=\"gl_space_ul2\">\r\n\t\t<li class=\"gl_space_li\"><a href=\"https:\/\/www.enaikoon.com\/de\/ueber-uns\/openstreetmap\/projekte-sozial-gewerblich\/\">Load-Balancing F\u00e4higkeit von Tile-Servern<\/a><\/li>\r\n\t\t<li class=\"gl_space_li\"><a href=\"https:\/\/www.enaikoon.com\/de\/ueber-uns\/openstreetmap\/projekte-sozial-gewerblich\/\">Maut<\/a><\/li>\r\n\t\t\r\n\t<\/ul>\r\n\t\r\n\t<\/div>\r\n\t\r\n\t<div class=\"col-md-4\">\r\n\t\r\n\t<div class=\"gl_h11\"><a href=\"https:\/\/www.enaikoon.com\/de\/ueber-uns\/openstreetmap\/gewerbliche-projekte\/\">Gewerbliche Projekte<\/a><\/div>\r\n\t<div>&nbsp;<\/div>\r\n\t<div>Die Landkartendaten von OSM sind wichtig f\u00fcr einen Teil unserer Software.<\/div>\r\n\t<div>&nbsp;<\/div>\r\n\t<div>Viele unserer Kunden nutzen t\u00e4glich Landkarten, um Ihre Fahrzeugflotte optimal zu disponieren.<\/div>\r\n\t<div>&nbsp;<\/div>\r\n\t<ul type=\"square\" class=\"gl_space_ul2\">\r\n\t\t<li class=\"gl_space_li\"><a href=\"https:\/\/www.enaikoon.com\/de\/ueber-uns\/openstreetmap\/gewerbliche-projekte\/\">Integration von OSM in inViu<\/a><\/li>\r\n\t\t<li class=\"gl_space_li\"><a href=\"https:\/\/www.enaikoon.com\/de\/ueber-uns\/openstreetmap\/gewerbliche-projekte\/\">Reverse geocoding f\u00fcr ein Fahrtenbuch auf OSM-Daten-Basis<\/a><\/li>\t\t\r\n\t<\/ul>\r\n\t\r\n\t<\/div>\r\n\t\r\n<\/div>\t\r\n<div class=\"gl_space_pagebottom\">&nbsp;<\/div>\r\n\r\n<\/div>\t","protected":false},"excerpt":{"rendered":"","protected":false},"author":7,"featured_media":0,"parent":4684,"menu_order":0,"comment_status":"closed","ping_status":"closed","template":"","meta":{"footnotes":""},"acf":[],"_links":{"self":[{"href":"https:\/\/www.enaikoon.com\/de\/wp-json\/wp\/v2\/pages\/3906"}],"collection":[{"href":"https:\/\/www.enaikoon.com\/de\/wp-json\/wp\/v2\/pages"}],"about":[{"href":"https:\/\/www.enaikoon.com\/de\/wp-json\/wp\/v2\/types\/page"}],"author":[{"embeddable":true,"href":"https:\/\/www.enaikoon.com\/de\/wp-json\/wp\/v2\/users\/7"}],"replies":[{"embeddable":true,"href":"https:\/\/www.enaikoon.com\/de\/wp-json\/wp\/v2\/comments?post=3906"}],"version-history":[{"count":19,"href":"https:\/\/www.enaikoon.com\/de\/wp-json\/wp\/v2\/pages\/3906\/revisions"}],"predecessor-version":[{"id":11732,"href":"https:\/\/www.enaikoon.com\/de\/wp-json\/wp\/v2\/pages\/3906\/revisions\/11732"}],"up":[{"embeddable":true,"href":"https:\/\/www.enaikoon.com\/de\/wp-json\/wp\/v2\/pages\/4684"}],"wp:attachment":[{"href":"https:\/\/www.enaikoon.com\/de\/wp-json\/wp\/v2\/media?parent=3906"}],"curies":[{"name":"wp","href":"https:\/\/api.w.org\/{rel}","templated":true}]}}