{"id":3897,"date":"2016-07-18T07:14:07","date_gmt":"2016-07-18T07:14:07","guid":{"rendered":"https:\/\/www.enaikoon.com\/?page_id=3897"},"modified":"2017-11-19T17:00:10","modified_gmt":"2017-11-19T17:00:10","slug":"unternehmen","status":"publish","type":"page","link":"https:\/\/www.enaikoon.com\/de\/ueber-uns\/unternehmen\/","title":{"rendered":"Unternehmen"},"content":{"rendered":"<div style=\"height:50px\"><\/div>\r\n<div class=\"row\">\r\n\r\n\t<div class=\"col-md-8\">\r\n\t\r\n\t<div class=\"gl_space_pageleft2\">\r\n    \r\n    <div class=\"gl_h2big\">Was wir machen?<\/div>\r\n<div class=\"gl_space_top10\"><\/div>\r\n    <p>ENAiKOON ist einer der f\u00fchrenden Anbieter von Telematikl\u00f6sungen f\u00fcr die Transport- und Baubranche. Mit mehr als 25.000 mobilen Objekten, die mittels der Server von ENAiKOON \u00fcberwacht werden, geh\u00f6rt ENAiKOON zu den gro\u00dfen Anbietern in Deutschland. Mittelst\u00e4ndler wie FLD food logistics, eberle-hald, R\u00fchlmann Bau u.v.a. vertrauen auf ENAiKOON Telematik-L\u00f6sungen. Zu unseren Kunden geh\u00f6ren auch gro\u00dfe Organisationen wie die UNO, die Bahn oder die Post. Der ADAC und ENAiKOON kooperieren um in Deutschland f\u00fcr pr\u00e4zisere Staumeldungen und eine bessere Verkehrssteuerung zu sorgen. <br\/><br\/>\r\n\r\nDie Hardware wird ausschlie\u00dflich in Europa gefertigt, die Software wird von ENAiKOON selbst entwickelt und laufend den Kunden und ihren Anforderungen angepasst.<br>\r\nENAiKOON ist vermutlich der Anbieter mit dem breitesten Sortiment an GPS \/ GPRS Ger\u00e4ten in Europa. Dar\u00fcber hinaus hat ENAiKOON mehrere Ger\u00e4te im Sortiment, die den Funkstandard Inmarsat nutzen. Damit k\u00f6nnen Fahrzeuge und Baumaschinen auch in Gegenden geortet werden, in denen kein Mobilfunk zur Verf\u00fcgung steht. Dar\u00fcber hinaus sind diese Ger\u00e4te unempfindlich gegen sog. GSM-Jammer (St\u00f6rsender), die dazu verwendet werden, mobilfunkgest\u00fctzte Diebstahlsicherungen au\u00dfer Funktion zu setzen.<br\/><br\/>\r\n\r\nWeil ENAiKOON f\u00fcr fast alle Telematik-Anwendungen eine L\u00f6sung parat hat, haben sich namhafte Unternehmen wie Vodafone entschieden, eine intensive Vertriebspartnerschaft mit ENAiKOON einzugehen. So hat Vodafone erst k\u00fcrzlich an ENAiKOON zum wiederholten Male die h\u00f6chste Partnerstufe, den &#34;Vodafone Solution Partner Premium&#34; Status f\u00fcr das Gesch\u00e4ftsjahr 2012 \/ 2013 verliehen.<\/p>\r\n\r\n<\/div>\r\n\t\r\n\t<\/div>\r\n\t\r\n\t<div class=\"col-md-4\">\r\n\t\r\n\t<div class=\"gl_space_pageright2\">\r\n\t\r\n\t   <div class=\"gl_enaikoon_logo\"><img decoding=\"async\" src=\"https:\/\/www.enaikoon.com\/wp-content\/uploads\/2016\/07\/ENAiKOON-frosted-logo.png\" alt=\"\"\/><\/div>\r\n                    <div><a class=\"gl_button_yellow\"  href=\"https:\/\/www.enaikoon.com\/de\/kontakt\/unsere-experten\/\">Buchen Sie eine Beratung<\/a><\/div>\r\n               \r\n                    <div class=\"gl_introduction_contact\">\r\n                    <img decoding=\"async\" src=\"https:\/\/www.enaikoon.com\/wp-content\/uploads\/2016\/07\/icon_email.png\" \/>\r\n                    <p class=\"gl_text_space\"><a rel=\"nofollow\" href=\"mailto:vertrieb@enaikoon.de\">vertrieb@enaikoon.de<\/a><\/p>\r\n                    <\/div>\r\n                <div class=\"gl_introduction_contact\">\r\n                    <p class=\"gl_text_space\"><img decoding=\"async\" src=\"https:\/\/www.enaikoon.com\/wp-content\/uploads\/2016\/07\/icon_phone1.png\" alt=\"\"\/>\r\n                    +49 30 397475-30<\/p><\/div>\r\n                <div class=\"gl_introduction_contact\">\r\n                    <p class=\"gl_text_space\"><img decoding=\"async\" src=\"https:\/\/www.enaikoon.com\/wp-content\/uploads\/2016\/07\/icon_phone2.png\" alt=\"\"\/>\r\n                    +49 30 397475-40<\/p><\/div>\r\n\t\t\t\t\t<div>&nbsp;<\/div>\r\n                <div class=\"gl_space_top85\"> <img decoding=\"async\" src=\"https:\/\/www.enaikoon.com\/wp-content\/uploads\/2016\/07\/about_icon1.jpg\" alt=\"\"\/><\/div>\r\n<\/div>\r\n\t<\/div>\r\n\r\n\t<div class=\"gl_row_space\"><\/div>\r\n\t<div class=\"gl_line\"><\/div>\r\n\t\r\n\r\n<\/div>\r\n\r\n\r\n<div class=\"row\">\r\n\r\n\t\r\n\t<div class=\"col-md-4\">\r\n\t\r\n\t<div class=\"clearfix\">\r\n\t\t<div class=\"image_center\"><a href=\"https:\/\/www.enaikoon.com\/de\/ueber-uns\/unternehmen\/historie\/\" title=\"ENAiKOON Historie\"><img decoding=\"async\" src=\"https:\/\/www.enaikoon.com\/wp-content\/uploads\/2016\/07\/Chrono.png\" border=\"0\" alt=\"\"\/><\/a><\/div>\r\n\t<\/div>\r\n\t<div class=\"gl_h4big\">Historie<\/div>\r\n\t<div>Ein <a href=\"https:\/\/www.enaikoon.com\/de\/ueber-uns\/unternehmen\/historie\/\">Blick zur\u00fcck<\/a>, auch wenn\u2019s bei ENAiKOON schon immer um Technik von morgen ging&#8230; <\/div>\r\n\t\r\n\t<\/div>\r\n\t\r\n\t<div class=\"col-md-4\">\r\n\t\r\n\t<div class=\"clearfix\">\r\n\t\t<div class=\"image_center\"><a href=\"https:\/\/www.enaikoon.com\/de\/ueber-uns\/unternehmen\/markus-semm\/\" title=\"Markus Semm, ENAiKOONs founder\"><img decoding=\"async\" src=\"https:\/\/www.enaikoon.com\/wp-content\/uploads\/2016\/07\/Founder.png\" border=\"0\" alt=\"\"\/><\/a><\/div>\r\n\t<\/div>\r\n\t<div class=\"gl_h4big\">ENAiKOONs Gr\u00fcnder<\/div>\r\n\t<div>ENAiKOON wurde 2002 von <a href=\"https:\/\/www.enaikoon.com\/de\/ueber-uns\/unternehmen\/markus-semm\/\">Markus Semm<\/a> gegr\u00fcndet. Er hat sehr fr\u00fch erkannt, dass Telematik eine Wachstumsbranche ist. <\/div>\r\n\t\r\n\t<\/div>\r\n\t\r\n\t<div class=\"col-md-4\"><div class=\"gl_space_right10\">\r\n\t\r\n\t<div class=\"clearfix\">\r\n\t\t<div class=\"image_center\"><a href=\"https:\/\/www.enaikoon.com\/de\/kontakt\/handelspartner-werden\/\" title=\"Handelspartner werden\"><img decoding=\"async\" src=\"https:\/\/www.enaikoon.com\/wp-content\/uploads\/2016\/07\/Partner.png\" border=\"0\" alt=\"\"\/><\/a><\/div>\r\n\t<\/div>\r\n\t<div class=\"clearfix\">\r\n\t\t<div class=\"gl_h4big\"><a href=\"https:\/\/www.enaikoon.com\/de\/kontakt\/handelspartner-werden\/\">Handelspartner werden<\/a><\/div>\r\n\t\t<div>Erfahren Sie, wie Sie <a href=\"https:\/\/www.enaikoon.com\/de\/kontakt\/handelspartner-werden\/\">ENAiKOON Handelspartner<\/a> werden. Wir bieten attraktive Provisionen auf unsere im Markt etablierten Telematik-L\u00f6sungen.<\/div>\r\n\t<\/div>\r\n\t\r\n\t<\/div>\r\n\t\r\n\r\n<div class=\"gl_space_pagebot\">&nbsp;<\/div>\r\n\r\n<\/div>","protected":false},"excerpt":{"rendered":"","protected":false},"author":7,"featured_media":0,"parent":4684,"menu_order":0,"comment_status":"closed","ping_status":"closed","template":"","meta":{"footnotes":""},"acf":[],"_links":{"self":[{"href":"https:\/\/www.enaikoon.com\/de\/wp-json\/wp\/v2\/pages\/3897"}],"collection":[{"href":"https:\/\/www.enaikoon.com\/de\/wp-json\/wp\/v2\/pages"}],"about":[{"href":"https:\/\/www.enaikoon.com\/de\/wp-json\/wp\/v2\/types\/page"}],"author":[{"embeddable":true,"href":"https:\/\/www.enaikoon.com\/de\/wp-json\/wp\/v2\/users\/7"}],"replies":[{"embeddable":true,"href":"https:\/\/www.enaikoon.com\/de\/wp-json\/wp\/v2\/comments?post=3897"}],"version-history":[{"count":14,"href":"https:\/\/www.enaikoon.com\/de\/wp-json\/wp\/v2\/pages\/3897\/revisions"}],"predecessor-version":[{"id":11729,"href":"https:\/\/www.enaikoon.com\/de\/wp-json\/wp\/v2\/pages\/3897\/revisions\/11729"}],"up":[{"embeddable":true,"href":"https:\/\/www.enaikoon.com\/de\/wp-json\/wp\/v2\/pages\/4684"}],"wp:attachment":[{"href":"https:\/\/www.enaikoon.com\/de\/wp-json\/wp\/v2\/media?parent=3897"}],"curies":[{"name":"wp","href":"https:\/\/api.w.org\/{rel}","templated":true}]}}