{"id":3887,"date":"2016-07-18T07:10:48","date_gmt":"2016-07-18T07:10:48","guid":{"rendered":"https:\/\/www.enaikoon.com\/?page_id=3887"},"modified":"2017-11-19T15:27:12","modified_gmt":"2017-11-19T15:27:12","slug":"testsystem-bestellen","status":"publish","type":"page","link":"https:\/\/www.enaikoon.com\/de\/kontakt\/testsystem-bestellen\/","title":{"rendered":"Testsystem bestellen"},"content":{"rendered":"<div style=\"height:50px;\"><\/div>\r\n<div class=\"row\">\r\n\r\n\t<div class=\"col-md-8\">\r\n\t\r\n\t<div class=\"gl_space_pageleft2\">\r\n    \r\n    <div class=\"gl_h2big\">Fordern Sie Ihr Testsystem an<\/div>\r\n    <div class=\"gl_form_template\">\r\n    \r\n \n<div class=\"wpcf7 no-js\" id=\"wpcf7-f6765-o1\" lang=\"en-US\" dir=\"ltr\">\n<div class=\"screen-reader-response\"><p role=\"status\" aria-live=\"polite\" aria-atomic=\"true\"><\/p> <ul><\/ul><\/div>\n<form action=\"\/de\/wp-json\/wp\/v2\/pages\/3887#wpcf7-f6765-o1\" method=\"post\" class=\"wpcf7-form init\" aria-label=\"Contact form\" novalidate=\"novalidate\" data-status=\"init\">\n<div style=\"display: none;\">\n<input type=\"hidden\" name=\"_wpcf7\" value=\"6765\" \/>\n<input type=\"hidden\" name=\"_wpcf7_version\" value=\"5.9.5\" \/>\n<input type=\"hidden\" name=\"_wpcf7_locale\" value=\"en_US\" \/>\n<input type=\"hidden\" name=\"_wpcf7_unit_tag\" value=\"wpcf7-f6765-o1\" \/>\n<input type=\"hidden\" name=\"_wpcf7_container_post\" value=\"0\" \/>\n<input type=\"hidden\" name=\"_wpcf7_posted_data_hash\" value=\"\" \/>\n<\/div>\n<p><label>Firma<span style=\"color:#12b9ff\">*<\/span><\/label><span class=\"wpcf7-form-control-wrap\" data-name=\"company\"><input size=\"40\" class=\"wpcf7-form-control wpcf7-text wpcf7-validates-as-required\" aria-required=\"true\" aria-invalid=\"false\" value=\"\" type=\"text\" name=\"company\" \/><\/span>\n<\/p>\n<p><label>Vorname<\/label><span class=\"wpcf7-form-control-wrap\" data-name=\"first-name\"><input size=\"40\" class=\"wpcf7-form-control wpcf7-text\" aria-invalid=\"false\" value=\"\" type=\"text\" name=\"first-name\" \/><\/span>\n<\/p>\n<p><label>Nachname<\/label><span class=\"wpcf7-form-control-wrap\" data-name=\"last-name\"><input size=\"40\" class=\"wpcf7-form-control wpcf7-text\" aria-invalid=\"false\" value=\"\" type=\"text\" name=\"last-name\" \/><\/span>\n<\/p>\n<p><label>E-Mail<span style=\"color:#12b9ff\">*<\/span><\/label><span class=\"wpcf7-form-control-wrap\" data-name=\"email\"><input size=\"40\" class=\"wpcf7-form-control wpcf7-email wpcf7-validates-as-required wpcf7-text wpcf7-validates-as-email\" aria-required=\"true\" aria-invalid=\"false\" value=\"\" type=\"email\" name=\"email\" \/><\/span>\n<\/p>\n<p><label>Telefon<span style=\"color:#12b9ff\">*<\/span><\/label><span class=\"wpcf7-form-control-wrap\" data-name=\"phone\"><input size=\"40\" class=\"wpcf7-form-control wpcf7-tel wpcf7-validates-as-required wpcf7-text wpcf7-validates-as-tel\" aria-required=\"true\" aria-invalid=\"false\" value=\"\" type=\"tel\" name=\"phone\" \/><\/span>\n<\/p>\n<p><label>Stra\u00dfe, Hausnummer<span style=\"color:#12b9ff\">*<\/span><\/label><span class=\"wpcf7-form-control-wrap\" data-name=\"street_address\"><input size=\"40\" class=\"wpcf7-form-control wpcf7-text wpcf7-validates-as-required\" aria-required=\"true\" aria-invalid=\"false\" value=\"\" type=\"text\" name=\"street_address\" \/><\/span>\n<\/p>\n<p><label>PLZ<span style=\"color:#12b9ff\">*<\/span><\/label><span class=\"wpcf7-form-control-wrap\" data-name=\"city\"><input size=\"40\" class=\"wpcf7-form-control wpcf7-text wpcf7-validates-as-required\" aria-required=\"true\" aria-invalid=\"false\" value=\"\" type=\"text\" name=\"city\" \/><\/span>\n<\/p>\n<p><label>Ort<span style=\"color:#12b9ff\">*<\/span><\/label><span class=\"wpcf7-form-control-wrap\" data-name=\"postcode\"><input size=\"40\" class=\"wpcf7-form-control wpcf7-text wpcf7-validates-as-required\" aria-required=\"true\" aria-invalid=\"false\" value=\"\" type=\"text\" name=\"postcode\" \/><\/span>\n<\/p>\n<p><label>Branche<\/label><span class=\"wpcf7-form-control-wrap\" data-name=\"industry\"><input size=\"40\" class=\"wpcf7-form-control wpcf7-text\" aria-invalid=\"false\" value=\"\" type=\"text\" name=\"industry\" \/><\/span>\n<\/p>\n<p><label>Land<span style=\"color:#12b9ff\">*<\/span><\/label><span class=\"wpcf7-form-control-wrap\" data-name=\"menu-940\"><select class=\"wpcf7-form-control wpcf7-select\" id=\"country-de\" aria-invalid=\"false\" name=\"menu-940\"><option value=\"\">&#8212;Please choose an option&#8212;<\/option><option value=\"Afghanistan\">Afghanistan<\/option><option value=\"\u00c4gypten\">\u00c4gypten<\/option><option value=\"Albanien\">Albanien<\/option><option value=\"Algerien\">Algerien<\/option><option value=\"Amerikanisch-Ozeanien\">Amerikanisch-Ozeanien<\/option><option value=\"Amerikanische Jungferninseln\">Amerikanische Jungferninseln<\/option><option value=\"Andorra\">Andorra<\/option><option value=\"Angola\">Angola<\/option><option value=\"Anguilla\">Anguilla<\/option><option value=\"Antarktis\">Antarktis<\/option><option value=\"\u00c4quatorialguinea\">\u00c4quatorialguinea<\/option><option value=\"Argentinien\">Argentinien<\/option><option value=\"Armenien\">Armenien<\/option><option value=\"Aruba\">Aruba<\/option><option value=\"\u00c4thiopien\">\u00c4thiopien<\/option><option value=\"Australien\">Australien<\/option><option value=\"Bahamas\">Bahamas<\/option><option value=\"Bahrain\">Bahrain<\/option><option value=\"Bangladesch\">Bangladesch<\/option><option value=\"Barbados\">Barbados<\/option><option value=\"Belgien\">Belgien<\/option><option value=\"Belize\">Belize<\/option><option value=\"Benin\">Benin<\/option><option value=\"Bermuda\">Bermuda<\/option><option value=\"Bhutan\">Bhutan<\/option><option value=\"Bolivien\">Bolivien<\/option><option value=\"Botsuana\">Botsuana<\/option><option value=\"Bouvetinsel\">Bouvetinsel<\/option><option value=\"Brasilien\">Brasilien<\/option><option value=\"Brunei Darussalam\">Brunei Darussalam<\/option><option value=\"Bulgarien\">Bulgarien<\/option><option value=\"Burkina Faso\">Burkina Faso<\/option><option value=\"Burundi\">Burundi<\/option><option value=\"Chile\">Chile<\/option><option value=\"China\">China<\/option><option value=\"Cookinseln\">Cookinseln<\/option><option value=\"Costa Rica\">Costa Rica<\/option><option value=\"D\u00e4nemark\">D\u00e4nemark<\/option><option value=\"Demokratische Republik Kongo\">Demokratische Republik Kongo<\/option><option value=\"Demokratische Volksrepublik Korea\">Demokratische Volksrepublik Korea<\/option><option value=\"Deutschland\">Deutschland<\/option><option value=\"Dominica\">Dominica<\/option><option value=\"Dominikanische Republik\">Dominikanische Republik<\/option><option value=\"Dschibuti\">Dschibuti<\/option><option value=\"Ecuador\">Ecuador<\/option><option value=\"El Salvador\">El Salvador<\/option><option value=\"Elfenbeink\u00fcste\">Elfenbeink\u00fcste<\/option><option value=\"Eritrea\">Eritrea<\/option><option value=\"Estland\">Estland<\/option><option value=\"Falklandinseln\">Falklandinseln<\/option><option value=\"F\u00e4r\u00f6er\">F\u00e4r\u00f6er<\/option><option value=\"Fidschi\">Fidschi<\/option><option value=\"Finnland\">Finnland<\/option><option value=\"Frankreich\">Frankreich<\/option><option value=\"Franz\u00f6sisch-Guayana\">Franz\u00f6sisch-Guayana<\/option><option value=\"Franz\u00f6sisch-Polynesien\">Franz\u00f6sisch-Polynesien<\/option><option value=\"Gabun\">Gabun<\/option><option value=\"Gambia\">Gambia<\/option><option value=\"Georgien\">Georgien<\/option><option value=\"Ghana\">Ghana<\/option><option value=\"Gibraltar\">Gibraltar<\/option><option value=\"Grenada\">Grenada<\/option><option value=\"Griechenland\">Griechenland<\/option><option value=\"Gr\u00f6nland\">Gr\u00f6nland<\/option><option value=\"Gro\u00dfbritannien\">Gro\u00dfbritannien<\/option><option value=\"Guadeloupe\">Guadeloupe<\/option><option value=\"Guam\">Guam<\/option><option value=\"Guatemala\">Guatemala<\/option><option value=\"Guinea\">Guinea<\/option><option value=\"Guinea-Bissau\">Guinea-Bissau<\/option><option value=\"Guyana\">Guyana<\/option><option value=\"Haiti\">Haiti<\/option><option value=\"Heard und McDonaldinseln\">Heard und McDonaldinseln<\/option><option value=\"Honduras\">Honduras<\/option><option value=\"Indien\">Indien<\/option><option value=\"Indonesien\">Indonesien<\/option><option value=\"Irak\">Irak<\/option><option value=\"Iran\">Iran<\/option><option value=\"Irland\">Irland<\/option><option value=\"Island\">Island<\/option><option value=\"Israel\">Israel<\/option><option value=\"Italien\">Italien<\/option><option value=\"Jamaika\">Jamaika<\/option><option value=\"Japan\">Japan<\/option><option value=\"Jemen\">Jemen<\/option><option value=\"Jordanien\">Jordanien<\/option><option value=\"Kaimaninseln\">Kaimaninseln<\/option><option value=\"Kambodscha\">Kambodscha<\/option><option value=\"Kamerun\">Kamerun<\/option><option value=\"Kanada\">Kanada<\/option><option value=\"Kap Verde\">Kap Verde<\/option><option value=\"Kasachstan\">Kasachstan<\/option><option value=\"Katar\">Katar<\/option><option value=\"Kenia\">Kenia<\/option><option value=\"Kirgisistan\">Kirgisistan<\/option><option value=\"Kiribati\">Kiribati<\/option><option value=\"Kolumbien\">Kolumbien<\/option><option value=\"Komoren\">Komoren<\/option><option value=\"Kongo\">Kongo<\/option><option value=\"Kroatien\">Kroatien<\/option><option value=\"Kuba\">Kuba<\/option><option value=\"Kuwait\">Kuwait<\/option><option value=\"Laos\">Laos<\/option><option value=\"Lesotho\">Lesotho<\/option><option value=\"Lettland\">Lettland<\/option><option value=\"Libanon\">Libanon<\/option><option value=\"Liberia\">Liberia<\/option><option value=\"Libyen\">Libyen<\/option><option value=\"Liechtenstein\">Liechtenstein<\/option><option value=\"Litauen\">Litauen<\/option><option value=\"Luxemburg\">Luxemburg<\/option><option value=\"Madagaskar\">Madagaskar<\/option><option value=\"Malawi\">Malawi<\/option><option value=\"Malaysia\">Malaysia<\/option><option value=\"Malediven\">Malediven<\/option><option value=\"Mali\">Mali<\/option><option value=\"Malta\">Malta<\/option><option value=\"Marokko\">Marokko<\/option><option value=\"Marschallinseln\">Marschallinseln<\/option><option value=\"Martinique\">Martinique<\/option><option value=\"Mauretanien\">Mauretanien<\/option><option value=\"Mauritius\">Mauritius<\/option><option value=\"Mayotte\">Mayotte<\/option><option value=\"Mazedonien\">Mazedonien<\/option><option value=\"Mexiko\">Mexiko<\/option><option value=\"Mikronesien\">Mikronesien<\/option><option value=\"Monaco\">Monaco<\/option><option value=\"Mongolei\">Mongolei<\/option><option value=\"Montenegro\">Montenegro<\/option><option value=\"Montserrat\">Montserrat<\/option><option value=\"Mosambik\">Mosambik<\/option><option value=\"Myanmar\">Myanmar<\/option><option value=\"Namibia\">Namibia<\/option><option value=\"Nauru\">Nauru<\/option><option value=\"Nepal\">Nepal<\/option><option value=\"Neukaledonien\">Neukaledonien<\/option><option value=\"Neuseeland\">Neuseeland<\/option><option value=\"Nicaragua\">Nicaragua<\/option><option value=\"Niederlande\">Niederlande<\/option><option value=\"Niger\">Niger<\/option><option value=\"Nigeria\">Nigeria<\/option><option value=\"Niue\">Niue<\/option><option value=\"N\u00f6rdliche Marianen\">N\u00f6rdliche Marianen<\/option><option value=\"Norfolkinsel\">Norfolkinsel<\/option><option value=\"Norwegen\">Norwegen<\/option><option value=\"Oman\">Oman<\/option><option value=\"\u00d6sterreich\">\u00d6sterreich<\/option><option value=\"Osttimor\">Osttimor<\/option><option value=\"Pakistan\">Pakistan<\/option><option value=\"Pal\u00e4stinensische Gebiete\">Pal\u00e4stinensische Gebiete<\/option><option value=\"Palau\">Palau<\/option><option value=\"Panama\">Panama<\/option><option value=\"Paraguay\">Paraguay<\/option><option value=\"Peru\">Peru<\/option><option value=\"Philippinen\">Philippinen<\/option><option value=\"Pitcairn\">Pitcairn<\/option><option value=\"Polen\">Polen<\/option><option value=\"Portugal\">Portugal<\/option><option value=\"Puerto Rico\">Puerto Rico<\/option><option value=\"Republik Korea\">Republik Korea<\/option><option value=\"Republik Moldau\">Republik Moldau<\/option><option value=\"Reunion\">Reunion<\/option><option value=\"Ruanda\">Ruanda<\/option><option value=\"Rum\u00e4nien\">Rum\u00e4nien<\/option><option value=\"Russische F\u00f6deration\">Russische F\u00f6deration<\/option><option value=\"Salomonen\">Salomonen<\/option><option value=\"Sambia\">Sambia<\/option><option value=\"Samoa\">Samoa<\/option><option value=\"San Marino\">San Marino<\/option><option value=\"Saudi-Arabien\">Saudi-Arabien<\/option><option value=\"Schweden\">Schweden<\/option><option value=\"Schweiz\">Schweiz<\/option><option value=\"Senegal\">Senegal<\/option><option value=\"Serbien\">Serbien<\/option><option value=\"Seychellen\">Seychellen<\/option><option value=\"Sierra Leone\">Sierra Leone<\/option><option value=\"Simbabwe\">Simbabwe<\/option><option value=\"Singapur\">Singapur<\/option><option value=\"Slowakei\">Slowakei<\/option><option value=\"Slowenien\">Slowenien<\/option><option value=\"Somalien\">Somalien<\/option><option value=\"Spanien\">Spanien<\/option><option value=\"Sri Lanka\">Sri Lanka<\/option><option value=\"St. Helena\">St. Helena<\/option><option value=\"St. Kitts und Nevis\">St. Kitts und Nevis<\/option><option value=\"St. Lucia\">St. Lucia<\/option><option value=\"St. Vinzent und die Grenadinen\">St. Vinzent und die Grenadinen<\/option><option value=\"S\u00fcdafrika\">S\u00fcdafrika<\/option><option value=\"Sudan\">Sudan<\/option><option value=\"Suriname\">Suriname<\/option><option value=\"Svalbard und Jan Mayen\">Svalbard und Jan Mayen<\/option><option value=\"Swasiland\">Swasiland<\/option><option value=\"Syrien\">Syrien<\/option><option value=\"Tadschikistan\">Tadschikistan<\/option><option value=\"Taiwan\">Taiwan<\/option><option value=\"Tansania\">Tansania<\/option><option value=\"Thailand\">Thailand<\/option><option value=\"Togo\">Togo<\/option><option value=\"Tokelau\">Tokelau<\/option><option value=\"Tonga\">Tonga<\/option><option value=\"Tschad\">Tschad<\/option><option value=\"Tschechische Republik\">Tschechische Republik<\/option><option value=\"Tunesien\">Tunesien<\/option><option value=\"T\u00fcrkei\">T\u00fcrkei<\/option><option value=\"Turkmenistan\">Turkmenistan<\/option><option value=\"Tuvalu\">Tuvalu<\/option><option value=\"Uganda\">Uganda<\/option><option value=\"Ukraine\">Ukraine<\/option><option value=\"Ungarn\">Ungarn<\/option><option value=\"Uruguay\">Uruguay<\/option><option value=\"Usbekistan\">Usbekistan<\/option><option value=\"Vanuatu\">Vanuatu<\/option><option value=\"Vatikanstaat\">Vatikanstaat<\/option><option value=\"Venezuela\">Venezuela<\/option><option value=\"Vereinigte Arabische Emirate\">Vereinigte Arabische Emirate<\/option><option value=\"Vereinigte Staaten von Amerika\">Vereinigte Staaten von Amerika<\/option><option value=\"Vietnam\">Vietnam<\/option><option value=\"Wallis und Futuna\">Wallis und Futuna<\/option><option value=\"Weihnachtsinsel\">Weihnachtsinsel<\/option><option value=\"Wei\u00dfrussland\">Wei\u00dfrussland<\/option><option value=\"Westsahara\">Westsahara<\/option><option value=\"Zypern\">Zypern<\/option><\/select><\/span>\n<\/p>\n<p><label>Fahrzeugtyp<span style=\"color:#12b9ff\">*<\/span><\/label><span class=\"wpcf7-form-control-wrap\" data-name=\"vehicle_type\"><input size=\"40\" class=\"wpcf7-form-control wpcf7-text wpcf7-validates-as-required\" aria-required=\"true\" aria-invalid=\"false\" value=\"\" type=\"text\" name=\"vehicle_type\" \/><\/span>\n<\/p>\n<p><label>Anzahl der Fahrzeuge<span style=\"color:#12b9ff\">*<\/span><\/label><span class=\"wpcf7-form-control-wrap\" data-name=\"number_of_vehicles\"><input size=\"40\" class=\"wpcf7-form-control wpcf7-text wpcf7-validates-as-required\" aria-required=\"true\" aria-invalid=\"false\" value=\"\" type=\"text\" name=\"number_of_vehicles\" \/><\/span>\n<\/p>\n<p><label>Testsystem<span style=\"color:#12b9ff\">*<\/span><\/label><span class=\"wpcf7-form-control-wrap\" data-name=\"solution_package\"><select class=\"wpcf7-form-control wpcf7-select\" aria-invalid=\"false\" name=\"solution_package\"><option value=\"ENAiKOON locate-04\">ENAiKOON locate-04<\/option><option value=\"ENAiKOON locate-04 + staff-tracker\">ENAiKOON locate-04 + staff-tracker<\/option><option value=\"ENAiKOON locate-04 + fuel-tracker\">ENAiKOON locate-04 + fuel-tracker<\/option><option value=\"ENAiKOON locate-06\">ENAiKOON locate-06<\/option><option value=\"ENAiKOON locate-06 + fuel-tracker\">ENAiKOON locate-06 + fuel-tracker<\/option><option value=\"ENAiKOON locate-06 + messenger + Garmin n\u00fcvi\">ENAiKOON locate-06 + messenger + Garmin n\u00fcvi<\/option><option value=\"ENAiKOON locate-06 + staff-tracker\">ENAiKOON locate-06 + staff-tracker<\/option><option value=\"ENAiKOON locate-06 + temp-checker\">ENAiKOON locate-06 + temp-checker<\/option><option value=\"ENAiKOON locate-06 + limit-checker\">ENAiKOON locate-06 + limit-checker<\/option><option value=\"ENAiKOON locate-15\">ENAiKOON locate-15<\/option><option value=\"ENAiKOON locate-17 autark\">ENAiKOON locate-17 autark<\/option><option value=\"ENAiKOON locate-17 offene Kabelenden\">ENAiKOON locate-17 offene Kabelenden<\/option><option value=\"ENAiKOON locate-17 an Bordsteckdose\">ENAiKOON locate-17 an Bordsteckdose<\/option><option value=\"ENAiKOON locate-19\">ENAiKOON locate-19<\/option><option value=\"ENAiKOON locate-60\/61\">ENAiKOON locate-60\/61<\/option><option value=\"ENAiKOON locate-60\/61 plus\">ENAiKOON locate-60\/61 plus<\/option><option value=\"inViu routes\">inViu routes<\/option><option value=\"Andere - bitte im Bemerkungsfeld eintragen\">Andere - bitte im Bemerkungsfeld eintragen<\/option><\/select><\/span>\n<\/p>\n<p><label>Informationen zu Ihrer Anfrage<\/label><span class=\"wpcf7-form-control-wrap\" data-name=\"your-request\"><textarea cols=\"40\" rows=\"10\" class=\"wpcf7-form-control wpcf7-textarea\" aria-invalid=\"false\" name=\"your-request\"><\/textarea><\/span>\n<\/p>\n<p><label>Testbeginn<span style=\"color:#12b9ff\">*<\/span><\/label><span class=\"wpcf7-form-control-wrap\" data-name=\"trial_start_date\"><input size=\"40\" class=\"wpcf7-form-control wpcf7-text wpcf7-validates-as-required\" aria-required=\"true\" aria-invalid=\"false\" value=\"tt-mm-jjjj\" type=\"text\" name=\"trial_start_date\" \/><\/span>\n<\/p>\n<p><label>Ende der Testperiode(max. 2 Wochen)<span style=\"color:#12b9ff\">*<\/span><\/label><span class=\"wpcf7-form-control-wrap\" data-name=\"trial_start_date\"><input size=\"40\" class=\"wpcf7-form-control wpcf7-text wpcf7-validates-as-required\" aria-required=\"true\" aria-invalid=\"false\" value=\"tt-mm-jjjj\" type=\"text\" name=\"trial_start_date\" \/><\/span>\n<\/p>\n<p class=\"sentence\">Das Ger\u00e4t ist mit Ablauf der Testperiode umgehend, d. h. am letzten Tag des Testzeitraums, in einwandfreiem Zustand zur\u00fcckzugeben. Als Nachweis gen\u00fcgt der Einlieferungsbeleg eines Paketdienstes. Bei Fristvers\u00e4umnis beh\u00e4lt sich ENAiKOON vor, den Kaufpreis f\u00fcr die Ger\u00e4te inklusive Zubeh\u00f6r in H\u00f6he von jeweils 398 Euro netto bzw. von 989 Euro netto bei Bestellung inkl. Garmin\u00ae n\u00fcvi\u00ae zzgl. derzeit g\u00fcltiger MwSt. zur sofortigen Zahlung f\u00e4llig zu stellen. Die ENAiKOON GmbH bleibt in diesem Fall bis zur vollst\u00e4ndigen Zahlung Eigent\u00fcmerin der Ger\u00e4te. Au\u00dferdem beh\u00e4lt sich ENAiKOON vor, Wiederherstellungskosten f\u00fcr Testger\u00e4te in Rechnung zu stellen, die bei R\u00fcckgabe erhebliche M\u00e4ngel aufweisen.\n<\/p>\n<p><span class=\"wpcf7-form-control-wrap\" data-name=\"terms_of_evaluation\"><span class=\"wpcf7-form-control wpcf7-checkbox wpcf7-validates-as-required\"><span class=\"wpcf7-list-item first last\"><input type=\"checkbox\" name=\"terms_of_evaluation[]\" value=\"Ich stimme den oben genannten Testbedingungen der ENAiKOON GmbH zu\" \/><span class=\"wpcf7-list-item-label\">Ich stimme den oben genannten Testbedingungen der ENAiKOON GmbH zu<\/span><\/span><\/span><\/span><span  class=\"checkbox-sign\" style=\"color:#12b9ff\">*<\/span>\n<\/p>\n<p><span class=\"wpcf7-form-control-wrap\" data-name=\"read_agree\"><span class=\"wpcf7-form-control wpcf7-checkbox wpcf7-validates-as-required\"><span class=\"wpcf7-list-item first last\"><input type=\"checkbox\" name=\"read_agree[]\" value=\"Ich habe die Allgemeinen Gesch\u00e4ftsbedingungen der ENAiKOON GmbH gelesen und stimme ihnen zu.\" \/><span class=\"wpcf7-list-item-label\">Ich habe die Allgemeinen Gesch\u00e4ftsbedingungen der ENAiKOON GmbH gelesen und stimme ihnen zu.<\/span><\/span><\/span><\/span><span class=\"checkbox-sign\" style=\"color:#12b9ff\">*<\/span>\n<\/p>\n<p><span class=\"wpcf7-form-control-wrap\" data-name=\"acceptance-182\"><span class=\"wpcf7-form-control wpcf7-acceptance\"><span class=\"wpcf7-list-item\"><label><input type=\"checkbox\" name=\"acceptance-182\" value=\"1\" aria-invalid=\"false\" \/><span class=\"wpcf7-list-item-label\">Ich habe die <a href=\"\/de\/fusszeile\/datenschutz\/\">Datenschutzhinweise<\/a> zur Kenntnis genommen und erkl\u00e4re mich durch das Absenden des Formulars.<\/span><\/label><\/span><\/span><\/span>\n<\/p>\n<p><input class=\"wpcf7-form-control wpcf7-submit has-spinner free-trial-button\" type=\"submit\" value=\"BEST\u00c4TIGEN\" \/>\n<\/p><div class=\"frc-captcha \" data-sitekey=\"FCMOAC53TQD3118Q\" data-lang=\"en\" ><\/div>\n\t\t<noscript>You need to enable Javascript for the anti-spam check.<\/noscript><div class=\"wpcf7-response-output\" aria-hidden=\"true\"><\/div>\n<\/form>\n<\/div>\n\r\n    \r\n    <\/div>\r\n\t\r\n<\/div>\r\n\t\r\n\t<\/div>\r\n\t\r\n\t<div class=\"col-md-4\">\r\n\t\r\n\t<div class=\"gl_space_pageright2\">\r\n\t\r\n\t   <div class=\"gl_enaikoon_logo\"><img decoding=\"async\" src=\"https:\/\/www.enaikoon.com\/wp-content\/uploads\/2016\/07\/ENAiKOON-frosted-logo.png\" alt=\"\"\/><\/div>\r\n                    \r\n                    <div class=\"gl_introduction_contact\">\r\n                    <img decoding=\"async\" src=\"https:\/\/www.enaikoon.com\/wp-content\/uploads\/2016\/07\/icon_email.png\" alt=\"\"\/>\r\n                     \r\n                    <p class=\"gl_text_space\"><a rel=\"nofollow\" href=\"mailto:vertrieb@enaikoon.de\">vertrieb@enaikoon.de<\/a><\/p>\r\n                    <\/div>\r\n                   \r\n                <div class=\"gl_introduction_contact\">\r\n                    <p class=\"gl_text_space\"><img decoding=\"async\" src=\"https:\/\/www.enaikoon.com\/wp-content\/uploads\/2016\/07\/icon_phone1.png\" alt=\"\"\/>\r\n                    +49 30 397475-30<\/p><\/div>\r\n                <div class=\"gl_introduction_contact\">\r\n                    <p class=\"gl_text_space\"><img decoding=\"async\" src=\"https:\/\/www.enaikoon.com\/wp-content\/uploads\/2016\/07\/icon_phone2.png\" alt=\"\"\/>\r\n                    +49 30 397475-40<\/p><\/div>\r\n                     <div><a class=\"gl_button_blue\"  href=\"https:\/\/www.enaikoon.com\/de\/kontakt\/kontakt\/\">Sprechen Sie uns an<\/a><\/div>\r\n                     \r\n                      <div class=\"gl_space_top15\"><\/div>\r\n\r\n                        <div class=\"gl_h4big\">So erhalten Sie Ihr Testsystem<\/div>\r\n\r\n                        <div class=\"gl_ul_style1\">\r\n                            <ol start=\"1\">\r\n                              <li class=\"gl_space_top5\">Rufen Sie uns jederzeit an, wenn Sie Probleme mit der Auswahl des richtigen Pakets haben<\/li>\r\n                              <li class=\"gl_space_top5\">F\u00fcllen Sie das Formular mit den n\u00f6tigen Details aus<\/li>\r\n                              <li class=\"gl_space_top5\">Akzeptieren Sie die Allgemeinen Nutzungsbedingungen und best\u00e4tigen Sie ihre Anfrage<\/li>\r\n                            <\/ol>\r\n                        <\/div>\r\n\t\t\t\t\t\t\r\n\t\t\t\t\t\t<div><a class=\"gl_button_grey\"  rel=\"nofollow\" href=\"https:\/\/www.enaikoon.com\/fileadmin\/enaikoon\/Dateien\/pdf\/Vertraege\/deutsch\/ENAiKOON_AGB.pdf\" target=\"_blank\">AGB<\/a><\/div>\r\n\t\t \r\n\t<\/div>\r\n\t<\/div>\r\n\r\n\t<div class=\"gl_row_space\"><\/div>\r\n\t<div class=\"gl_line\"><\/div>\r\n\t\r\n<div class=\"gl_space_pagebot\">&nbsp;<\/div>\r\n\r\n<\/div>","protected":false},"excerpt":{"rendered":"","protected":false},"author":7,"featured_media":0,"parent":3876,"menu_order":0,"comment_status":"closed","ping_status":"closed","template":"","meta":{"footnotes":""},"acf":[],"_links":{"self":[{"href":"https:\/\/www.enaikoon.com\/de\/wp-json\/wp\/v2\/pages\/3887"}],"collection":[{"href":"https:\/\/www.enaikoon.com\/de\/wp-json\/wp\/v2\/pages"}],"about":[{"href":"https:\/\/www.enaikoon.com\/de\/wp-json\/wp\/v2\/types\/page"}],"author":[{"embeddable":true,"href":"https:\/\/www.enaikoon.com\/de\/wp-json\/wp\/v2\/users\/7"}],"replies":[{"embeddable":true,"href":"https:\/\/www.enaikoon.com\/de\/wp-json\/wp\/v2\/comments?post=3887"}],"version-history":[{"count":12,"href":"https:\/\/www.enaikoon.com\/de\/wp-json\/wp\/v2\/pages\/3887\/revisions"}],"predecessor-version":[{"id":11675,"href":"https:\/\/www.enaikoon.com\/de\/wp-json\/wp\/v2\/pages\/3887\/revisions\/11675"}],"up":[{"embeddable":true,"href":"https:\/\/www.enaikoon.com\/de\/wp-json\/wp\/v2\/pages\/3876"}],"wp:attachment":[{"href":"https:\/\/www.enaikoon.com\/de\/wp-json\/wp\/v2\/media?parent=3887"}],"curies":[{"name":"wp","href":"https:\/\/api.w.org\/{rel}","templated":true}]}}