{"id":3884,"date":"2016-07-18T07:10:06","date_gmt":"2016-07-18T07:10:06","guid":{"rendered":"https:\/\/www.enaikoon.com\/?page_id=3884"},"modified":"2016-08-09T07:27:56","modified_gmt":"2016-08-09T07:27:56","slug":"danke2","status":"publish","type":"page","link":"https:\/\/www.enaikoon.com\/de\/kontakt\/unsere-experten\/danke2\/","title":{"rendered":"danke2"},"content":{"rendered":"<div style=\"height:50px;\"><\/div>\r\n<div class=\"row\">\r\n\r\n\t<div class=\"col-md-8\">\r\n\t\r\n\t<div class=\"gl_space_pageleft2\">\r\n    \r\n    <div class=\"gl_h2big\">Vielen Dank f\u00fcr Ihre Kontaktanfrage<\/div>\r\n    <p><br\/>\r\nGuten Tag,<br\/><br\/>\r\n\r\nwir haben Ihre E-Mail erhalten.\r\n<br\/><br\/>\r\nEiner unser Telematikfachberater wird sich schnellstm\u00f6glich bei Ihnen zum gew\u00fcnschten Termin melden und Sie ausf\u00fchrlich beraten.<br\/><br\/>\r\nBeste Gr\u00fc\u00dfe\r\n<br\/>\r\nIhr ENAiKOON Team<\/p>\r\n\r\n\t\r\n<\/div>\r\n\t\r\n\t<\/div>\r\n\t\r\n\t<div class=\"col-md-4\">\r\n\t\r\n\t<div class=\"gl_space_pageright2\">\r\n\t\r\n\t\r\n\t\r\n\t   <div class=\"gl_enaikoon_logo\"><img decoding=\"async\" src=\"https:\/\/www.enaikoon.com\/wp-content\/uploads\/2016\/07\/ENAiKOON-frosted-logo.png\" alt=\"\"\/><\/div>\r\n                    \r\n                <div><a class=\"gl_button_blue\"  href=\"https:\/\/www.enaikoon.com\/de\/kontakt\/kontakt\/\">Sprechen Sie uns an<\/a><\/div>\r\n                    <div class=\"gl_introduction_contact\">\r\n                    <img decoding=\"async\" src=\"https:\/\/www.enaikoon.com\/wp-content\/uploads\/2016\/07\/icon_email.png\" alt=\"\"\/>\r\n                    <p class=\"gl_text_space\"><a rel=\"nofollow\" href=\"mailto:vertrieb@enaikoon.de\">vertrieb@enaikoon.de<\/a><\/p>\r\n                    <\/div>\r\n                <div class=\"gl_introduction_contact\">\r\n                    <p class=\"gl_text_space\"><img decoding=\"async\" src=\"https:\/\/www.enaikoon.com\/wp-content\/uploads\/2016\/07\/icon_phone1.png\" alt=\"\"\/>\r\n                    +49 30 397475-30<\/p><\/div>\r\n                <div class=\"gl_introduction_contact\">\r\n                    <p class=\"gl_text_space\"><img decoding=\"async\" src=\"https:\/\/www.enaikoon.com\/wp-content\/uploads\/2016\/07\/icon_phone2.png\" alt=\"\"\/>\r\n                    +49 30 397475-40<\/p><\/div>\r\n                \r\n               \r\n\t<\/div>\r\n\t<\/div>\r\n\r\n\t<div class=\"gl_row_space\"><\/div>\r\n\t<div class=\"gl_line\"><\/div>\r\n\t\r\n\r\n \r\n\r\n\r\n<div class=\"gl_space_pagebot\">&nbsp;<\/div>\r\n\r\n<\/div>","protected":false},"excerpt":{"rendered":"","protected":false},"author":7,"featured_media":0,"parent":3882,"menu_order":0,"comment_status":"closed","ping_status":"closed","template":"","meta":{"footnotes":""},"acf":[],"_links":{"self":[{"href":"https:\/\/www.enaikoon.com\/de\/wp-json\/wp\/v2\/pages\/3884"}],"collection":[{"href":"https:\/\/www.enaikoon.com\/de\/wp-json\/wp\/v2\/pages"}],"about":[{"href":"https:\/\/www.enaikoon.com\/de\/wp-json\/wp\/v2\/types\/page"}],"author":[{"embeddable":true,"href":"https:\/\/www.enaikoon.com\/de\/wp-json\/wp\/v2\/users\/7"}],"replies":[{"embeddable":true,"href":"https:\/\/www.enaikoon.com\/de\/wp-json\/wp\/v2\/comments?post=3884"}],"version-history":[{"count":3,"href":"https:\/\/www.enaikoon.com\/de\/wp-json\/wp\/v2\/pages\/3884\/revisions"}],"predecessor-version":[{"id":7582,"href":"https:\/\/www.enaikoon.com\/de\/wp-json\/wp\/v2\/pages\/3884\/revisions\/7582"}],"up":[{"embeddable":true,"href":"https:\/\/www.enaikoon.com\/de\/wp-json\/wp\/v2\/pages\/3882"}],"wp:attachment":[{"href":"https:\/\/www.enaikoon.com\/de\/wp-json\/wp\/v2\/media?parent=3884"}],"curies":[{"name":"wp","href":"https:\/\/api.w.org\/{rel}","templated":true}]}}