{"id":3874,"date":"2016-07-18T07:05:06","date_gmt":"2016-07-18T07:05:06","guid":{"rendered":"https:\/\/www.enaikoon.com\/?page_id=3874"},"modified":"2017-03-03T11:01:36","modified_gmt":"2017-03-03T11:01:36","slug":"traffic-counter","status":"publish","type":"page","link":"https:\/\/www.enaikoon.com\/de\/apps\/plugins\/traffic-counter\/","title":{"rendered":"traffic-counter"},"content":{"rendered":"<div class=\"gl_slide_scroll_box\">\r\n\t<div class=\"gl_scroll_box\">\r\n <noindex><\/noindex>        <ul>\r\n            <li><a class=\"gl_scroll_link_title\" href=\"https:\/\/www.enaikoon.com\/de\/apps\/plugins\/routes\/\"  title=\"routes\">routes<\/a><br\/>\r\n            <a href=\"https:\/\/www.enaikoon.com\/de\/apps\/plugins\/routes\/\"  title=\"routes\"><img decoding=\"async\" class=\"gl_scroll_link_img\" src=\"https:\/\/www.enaikoon.com\/wp-content\/uploads\/2016\/07\/mobile_routes.png\" border=\"0\" alt=\"\"><\/span><\/a> <\/li>\r\n            \r\n \t\t\t<li><a class=\"gl_scroll_link_title\" href=\"https:\/\/www.enaikoon.com\/de\/apps\/plugins\/nfc-tracker\/\"  title=\"NFC-tracker\">NFC-tracker<\/a><br\/>\r\n            <a href=\"https:\/\/www.enaikoon.com\/de\/apps\/plugins\/nfc-tracker\/\"  title=\"NFC-tracker\"><img decoding=\"async\" class=\"gl_scroll_link_img\" src=\"https:\/\/www.enaikoon.com\/wp-content\/uploads\/2016\/07\/mobile_NFC.png\" border=\"0\" alt=\"\"><\/span><\/a> <\/li>\r\n            \r\n             <li><a class=\"gl_scroll_link_title\" href=\"https:\/\/www.enaikoon.com\/de\/apps\/plugins\/gps-details\/\"  title=\"GPS-details\">GPS-details<\/a><br\/>\r\n            <a href=\"https:\/\/www.enaikoon.com\/de\/apps\/plugins\/gps-details\/\"  title=\"GPS-details\"><img decoding=\"async\" class=\"gl_scroll_link_img\" src=\"https:\/\/www.enaikoon.com\/wp-content\/uploads\/2016\/07\/mobile_GPS.png\" border=\"0\" alt=\"\"><\/span><\/a> <\/li>\r\n            \r\n             <li><a class=\"gl_scroll_link_title\" href=\"https:\/\/www.enaikoon.com\/de\/apps\/plugins\/keypad-mapper-3\/\"  title=\"Keypad-Mapper 3\">Keypad-Mapper 3<\/a><br\/>\r\n            <a href=\"https:\/\/www.enaikoon.com\/de\/apps\/plugins\/keypad-mapper-3\/\"  title=\"Keypad-Mapper 3\"><img decoding=\"async\" class=\"gl_scroll_link_img\" src=\"https:\/\/www.enaikoon.com\/wp-content\/uploads\/2016\/07\/mobile_keypad.png\" border=\"0\" alt=\"\"><\/span><\/a> <\/li>\r\n            \r\n             <li><a class=\"gl_scroll_link_title\" href=\"https:\/\/www.enaikoon.com\/de\/apps\/plugins\/traffic-counter\/\" title=\"traffic-counter\">traffic-counter<\/a><br\/>\r\n            <a href=\"https:\/\/www.enaikoon.com\/de\/apps\/plugins\/traffic-counter\/\" title=\"traffic-counter\"><img decoding=\"async\" class=\"gl_scroll_link_img_active\" src=\"https:\/\/www.enaikoon.com\/wp-content\/uploads\/2016\/07\/mobile_traffic.png\" border=\"0\" alt=\"\"><\/span><\/a> <\/li>\r\n        <\/ul>\r\n\r\n    <\/div>\r\n<\/div>\r\n<div class=\"row\">\r\n\r\n<div class=\"gl_border-page\">\r\n\t\t\r\n\t\t\r\n\t\t<div class=\"col-md-4\">\r\n\t\r\n    <div class=\"clearfix\">\r\n    \t<img decoding=\"async\" src=\"https:\/\/www.enaikoon.com\/wp-content\/uploads\/2016\/07\/mobile_plugins6.png\" align=\"left\"  alt=\"inViu traffic-counter\" title=\"inViu traffic-counter\" \/><div class=\"gl_h2big\">inViu traffic-<br\/>\r\ncounter<\/div>\r\n    <\/div>\r\n    \r\n   <div class=\"gl_space_right5 gl_space_top10\">\r\n\r\n<em>\r\n<strong>inViu traffic-counter<\/strong> ist das unverzichtbare Tool um Ihren Datenverbrauch im Auge zu behalten. Die \u00fcbersichtliche Anzeige des t\u00e4glichen, monatlichen und gesamt aufgelaufenen Datenverbrauchs \u00fcber das GSM Netz wird erg\u00e4nzt durch eine individuelle Alarmfunktion.<\/em><\/div>\r\n \r\n \r\n <div class=\"gl_space_top20\"><\/div>\r\n\r\n <div class=\"gl_NFC_tracker_features gl_NFC_image_gallery\">\r\n    \t<a href=\"https:\/\/www.enaikoon.com\/wp-content\/uploads\/2016\/07\/5dc05551c6.png\" target=\"_blank\" title=\"inViu traffic-counter\"  rel=\"nofollow\"><img decoding=\"async\" src=\"https:\/\/www.enaikoon.com\/wp-content\/uploads\/2016\/07\/5dc05551c6.png\"   border=\"0\" alt=\"inViu traffic-counter\"\/><\/a>\r\n    \t<a href=\"https:\/\/www.enaikoon.com\/wp-content\/uploads\/2016\/07\/d90a0cd4fa.png\" target=\"_blank\" title=\"inViu traffic-counter\"  rel=\"nofollow\"><img decoding=\"async\" src=\"https:\/\/www.enaikoon.com\/wp-content\/uploads\/2016\/07\/d90a0cd4fa.png\"   border=\"0\" alt=\"inViu traffic-counter\"\/><\/a>\r\n        <a href=\"https:\/\/www.enaikoon.com\/wp-content\/uploads\/2016\/07\/cbe3f7ce6c.png\" target=\"_blank\" title=\"inViu traffic-counter\" rel=\"nofollow\"><img decoding=\"async\" src=\"https:\/\/www.enaikoon.com\/wp-content\/uploads\/2016\/07\/cbe3f7ce6c.png\"  border=\"0\" alt=\"inViu traffic-counter\" \/><\/a>\r\n    \r\n    <\/div>\r\n      <div class=\"gl_NFC_tracker_features\">\r\n    \t<a rel=\"nofollow\" href=\"https:\/\/play.google.com\/store\/apps\/details?id=de.enaikoon.android.inviu.traffic&amp;feature\" target=\"_blank\" title=\"inViu traffic-counter at Google Play\"><img decoding=\"async\" src=\"https:\/\/www.enaikoon.com\/wp-content\/uploads\/2016\/07\/traffic4.png\" width=\"255\"  border=\"0\"  alt=\"inViu traffic-counter at Google Play\" \/><\/a>\r\n\r\n<\/div>\r\n\t\t\t\r\n\t\t<\/div>\r\n\t\t\r\n\t\t<div class=\"col-md-4\">\r\n        <div class=\"gl_space_top85\"><\/div>\r\n\t \r\n\t\t <div class=\"gl_h4big\">Hauptfunktionen<\/div>\r\n\t\t <div class=\"gl_space_top10\"> <strong>GSM traffic-counter<\/strong><\/div>\r\n\t\t\t <div class=\"gl_ul_style2\">\r\n\t\t\t\t\t<ul type=\"disc\">\r\n\t\t\t\t\t\t <li type=\"disc\">Anzeige des Datentraffics \u00fcber das Mobilfunknetz: t\u00e4glich, monatlich, gesamt<\/li>\r\n                        <li type=\"disc\">Anzeige der empfangenen und gesendeten Datenmenge<\/li>\r\n                        <li type=\"disc\">W\u00e4hlbar: B, kB, mB<\/li>\r\n                        <li type=\"disc\">Individuell einstellbares Tageslimit<\/li>\r\n                        <li type=\"disc\">Individuell einstellbares Monatslimit<\/li>\r\n                        <li type=\"disc\">Notification bei Erreichen eines definierbaren Prozentsatzes vom Limit<\/li>\r\n                        <li type=\"disc\">Anzeige der Verbindungsabbr\u00fcche kann ausgeschaltet werden<\/li>\r\n                        <li type=\"disc\">Resetfunktion<\/li>\r\n\t\t\t\t\t<\/ul>\r\n\t\t\t\t<\/div>\r\n\t\r\n\t\t<div class=\"gl_space_top10\"><\/div>\r\n        \r\n\t\t<strong>Allgemeines<\/strong>\r\n\t\t\t\t<div class=\"gl_ul_style2\">\r\n\t\t\t\t\t<ul type=\"disc\">\r\n\t\t\t\t\t\t<li type=\"disc\">Sprachen: Deutsch, Englisch, Franz\u00f6sisch, Spanisch<\/li>\r\n\t\t\t\t\t\t<li type=\"disc\">Hilfefunktion<\/li>\r\n\t\t\t\r\n\t\t\t\t\t<\/ul>\r\n\t\t\t  <\/div>\r\n\t\t\t   \r\n\t\r\n\t\t<\/div>\r\n\t\t\r\n\t\t<div class=\"col-md-4\">\r\n        <div class=\"gl_space_top85\">\r\n\t\t\r\n\t\t \t<div class=\"gl_h4big\">Kombinationsm\u00f6glichkeiten<\/div>\r\n\t\t\r\n\t\t\t<p>traffic-counter + <a href=\"https:\/\/www.enaikoon.com\/de\/apps\/plugins\/gps-details\/\">GPS-details<\/a> + <br\/>mobile-protector + <a href=\"https:\/\/www.enaikoon.com\/de\/apps\/plugins\/routes\/\">routes<\/a> <span style=\"font-size:12px;\">= alle Apps rund um GPS <br\/>erg\u00e4nzen sich perfekt<\/span><\/p>\r\n<div class=\"gl_space_top15\"><\/div>\r\n\t\t\t <div class=\"gl_space_top20\"><a class=\"gl_button_blue\" href=\"https:\/\/www.enaikoon.com\/de\/kontakt\/kontakt\/\">Sprechen Sie uns an<\/a> <\/div>\r\n\t\t\t <p class=\"gl_space_top15\"><strong>Die App inViu traffic-counter ist bei Google Play herunterladbar:<\/strong><\/p>\r\n\t\t\t  <div class=\"gl_space_top15\"><a class=\"gl_button_grey\"  rel=\"nofollow\" href=\"https:\/\/play.google.com\/store\/apps\/details?id=de.enaikoon.android.inviu.traffic&#038;hl=de\" target=\"_blank\">inViu traffic-counter<\/a> <\/div>\r\n\r\n\r\n\r\n<\/div>\r\n \r\n     \r\n\t <\/div>\r\n\t\r\n\t\t<div class=\"gl_row_space\"><\/div>\r\n\t<\/div>\r\n\r\n<\/div>","protected":false},"excerpt":{"rendered":"<p> [&hellip;]<\/p>\n","protected":false},"author":7,"featured_media":0,"parent":3862,"menu_order":0,"comment_status":"closed","ping_status":"closed","template":"","meta":{"footnotes":""},"acf":[],"_links":{"self":[{"href":"https:\/\/www.enaikoon.com\/de\/wp-json\/wp\/v2\/pages\/3874"}],"collection":[{"href":"https:\/\/www.enaikoon.com\/de\/wp-json\/wp\/v2\/pages"}],"about":[{"href":"https:\/\/www.enaikoon.com\/de\/wp-json\/wp\/v2\/types\/page"}],"author":[{"embeddable":true,"href":"https:\/\/www.enaikoon.com\/de\/wp-json\/wp\/v2\/users\/7"}],"replies":[{"embeddable":true,"href":"https:\/\/www.enaikoon.com\/de\/wp-json\/wp\/v2\/comments?post=3874"}],"version-history":[{"count":17,"href":"https:\/\/www.enaikoon.com\/de\/wp-json\/wp\/v2\/pages\/3874\/revisions"}],"predecessor-version":[{"id":11306,"href":"https:\/\/www.enaikoon.com\/de\/wp-json\/wp\/v2\/pages\/3874\/revisions\/11306"}],"up":[{"embeddable":true,"href":"https:\/\/www.enaikoon.com\/de\/wp-json\/wp\/v2\/pages\/3862"}],"wp:attachment":[{"href":"https:\/\/www.enaikoon.com\/de\/wp-json\/wp\/v2\/media?parent=3874"}],"curies":[{"name":"wp","href":"https:\/\/api.w.org\/{rel}","templated":true}]}}