{"id":3870,"date":"2016-07-18T07:04:40","date_gmt":"2016-07-18T07:04:40","guid":{"rendered":"https:\/\/www.enaikoon.com\/?page_id=3870"},"modified":"2017-03-03T10:48:31","modified_gmt":"2017-03-03T10:48:31","slug":"keypad-mapper-3","status":"publish","type":"page","link":"https:\/\/www.enaikoon.com\/de\/apps\/plugins\/keypad-mapper-3\/","title":{"rendered":"Keypad-Mapper 3"},"content":{"rendered":"<div class=\"gl_slide_scroll_box\">\r\n\t<div class=\"gl_scroll_box\">\r\n <noindex><\/noindex>        <ul>\r\n            <li><a class=\"gl_scroll_link_title\" href=\"https:\/\/www.enaikoon.com\/de\/apps\/plugins\/routes\/\"  title=\"routes\">routes<\/a><br\/>\r\n            <a href=\"https:\/\/www.enaikoon.com\/de\/apps\/plugins\/routes\/\"  title=\"routes\"><img decoding=\"async\" class=\"gl_scroll_link_img\" src=\"https:\/\/www.enaikoon.com\/wp-content\/uploads\/2016\/07\/mobile_routes.png\" border=\"0\" alt=\"\"><\/span><\/a> <\/li>\r\n            \r\n \t\t\t<li><a class=\"gl_scroll_link_title\" href=\"https:\/\/www.enaikoon.com\/de\/apps\/plugins\/nfc-tracker\/\"  title=\"NFC-tracker\">NFC-tracker<\/a><br\/>\r\n            <a href=\"https:\/\/www.enaikoon.com\/de\/apps\/plugins\/nfc-tracker\/\"  title=\"NFC-tracker\"><img decoding=\"async\" class=\"gl_scroll_link_img\" src=\"https:\/\/www.enaikoon.com\/wp-content\/uploads\/2016\/07\/mobile_NFC.png\" border=\"0\" alt=\"\"><\/span><\/a> <\/li>\r\n            \r\n             <li><a class=\"gl_scroll_link_title\" href=\"https:\/\/www.enaikoon.com\/de\/apps\/plugins\/gps-details\/\"  title=\"GPS-details\">GPS-details<\/a><br\/>\r\n            <a href=\"https:\/\/www.enaikoon.com\/de\/apps\/plugins\/gps-details\/\"  title=\"GPS-details\"><img decoding=\"async\" class=\"gl_scroll_link_img\" src=\"https:\/\/www.enaikoon.com\/wp-content\/uploads\/2016\/07\/mobile_GPS.png\" border=\"0\" alt=\"\"><\/span><\/a> <\/li>\r\n            \r\n             <li><a class=\"gl_scroll_link_title\" href=\"https:\/\/www.enaikoon.com\/de\/apps\/plugins\/keypad-mapper-3\/\"  title=\"Keypad-Mapper 3\">Keypad-Mapper 3<\/a><br\/>\r\n            <a href=\"https:\/\/www.enaikoon.com\/de\/apps\/plugins\/keypad-mapper-3\/\"  title=\"Keypad-Mapper 3\"><img decoding=\"async\" class=\"gl_scroll_link_img_active\" src=\"https:\/\/www.enaikoon.com\/wp-content\/uploads\/2016\/07\/mobile_keypad.png\" border=\"0\" alt=\"\"><\/span><\/a> <\/li> \r\n            \r\n             <li><a class=\"gl_scroll_link_title\" href=\"https:\/\/www.enaikoon.com\/de\/apps\/plugins\/traffic-counter\/\" title=\"traffic-counter\">traffic-counter<\/a><br\/>\r\n            <a href=\"https:\/\/www.enaikoon.com\/de\/apps\/plugins\/traffic-counter\/\" title=\"traffic-counter\"><img decoding=\"async\" class=\"gl_scroll_link_img\" src=\"https:\/\/www.enaikoon.com\/wp-content\/uploads\/2016\/07\/mobile_traffic.png\" border=\"0\" alt=\"\"><\/span><\/a> <\/li>\r\n        <\/ul>\r\n\r\n    <\/div>\r\n<\/div>\r\n\r\n\r\n<div class=\"row\">\r\n\r\n<div class=\"gl_border-page\">\r\n\t\t\r\n\t\t\r\n\t\t<div class=\"col-md-4\">\r\n\t\r\n    <div class=\"clearfix\">\r\n    \t<img decoding=\"async\" class=\"gl_space_right10\" src=\"https:\/\/www.enaikoon.com\/wp-content\/uploads\/2016\/07\/mobile_plugins4.png\" align=\"left\" alt=\"Keypad-Mapper 3\" title=\"Keypad-Mapper 3\" \/><div class=\"gl_h2big\">Keypad-<br\/>\r\nMapper 3<\/div>\r\n    <\/div>\r\n    \r\n   <div class=\"gl_space_right20 gl_space_top15\" ><em>\r\n<strong>Keypad-Mapper 3<\/strong> ist die ideale App zum effizienten Erfassen von Hausnummern f\u00fcr OpenStreetMap.<br\/>\r\nDie neue Version 3 der in der OpenStreetMap (OSM) Community anerkannten App macht es noch einfacher, die GPS-Koordinaten von Hausnummern aufzuzeichnen, um sie sp\u00e4ter in OSM einzutragen.<\/em>\r\n<div class=\"gl_space_top30\"><\/div>\r\n<div class=\"gl_h4big\">Screenshots<br\/>\r\nKeypad-Mapper 3<\/div>\r\n<div class=\"gl_space_top20\">\r\n<a href=\"https:\/\/www.enaikoon.com\/wp-content\/uploads\/2016\/07\/f633b91e74.png\" target=\"_blank\" title=\"Keypad-Mapper 3 Tastenfeld\"  rel=\"nofollow\" ><img decoding=\"async\" loading=\"lazy\" src=\"https:\/\/www.enaikoon.com\/wp-content\/uploads\/2016\/07\/f633b91e74.png\"  alt=\"keypad mapper\" border=\"0\" height=\"483\" width=\"270\"><\/a>\r\n <div style=\"display:none;\">\r\n<a href=\"https:\/\/www.enaikoon.com\/wp-content\/uploads\/2016\/07\/230aff3fa9.png\" target=\"_blank\"  title=\"Keypad-Mapper 3 Adress-Editor\"  rel=\"nofollow\" ><img decoding=\"async\" loading=\"lazy\" src=\"https:\/\/www.enaikoon.com\/wp-content\/uploads\/2016\/07\/230aff3fa9.png\"  alt=\"keypad mapper\" border=\"0\" height=\"0\" width=\"0\"><\/a>\r\n<a href=\"https:\/\/www.enaikoon.com\/wp-content\/uploads\/2016\/07\/87d7cf1685.png\" target=\"_blank\" title=\"Keypad-Mapper 3 GPS-Genauigkeit\"  rel=\"nofollow\" ><img decoding=\"async\" loading=\"lazy\" src=\"https:\/\/www.enaikoon.com\/wp-content\/uploads\/2016\/07\/87d7cf1685.png\" alt=\"keypad mapper\"  border=\"0\" height=\"0\" width=\"0\"><\/a>\r\n<a href=\"https:\/\/www.enaikoon.com\/wp-content\/uploads\/2016\/07\/9afc469282.png\" target=\"_blank\" title=\"Keypad-Mapper 3 Audio\"  rel=\"nofollow\" ><img decoding=\"async\" loading=\"lazy\" src=\"https:\/\/www.enaikoon.com\/wp-content\/uploads\/2016\/07\/9afc469282.png\" alt=\"keypad mapper\" border=\"0\" height=\"0\" width=\"0\"><\/a>\r\n<a href=\"https:\/\/www.enaikoon.com\/wp-content\/uploads\/2016\/07\/e4d1cad1e9.png\" target=\"_blank\" title=\"Keypad-Mapper 3 Men\u00fc\" rel=\"nofollow\" ><img decoding=\"async\" loading=\"lazy\" src=\"https:\/\/www.enaikoon.com\/wp-content\/uploads\/2016\/07\/e4d1cad1e9.png\" alt=\"keypad mapper\" border=\"0\" height=\"0\" width=\"0\"><\/a>\r\n<a href=\"https:\/\/www.enaikoon.com\/wp-content\/uploads\/2016\/07\/e887c6a98c.png\" target=\"_blank\" title=\"Keypad-Mapper 3 Einstellungen\" rel=\"nofollow\" ><img decoding=\"async\" loading=\"lazy\" src=\"https:\/\/www.enaikoon.com\/wp-content\/uploads\/2016\/07\/e887c6a98c.png\" alt=\"keypad mapper\" border=\"0\" height=\"0\" width=\"0\"><\/a>\r\n<\/div>\r\n<\/div>\r\n\r\n\r\n\r\n<\/div>\r\n\t\t\t\r\n\t\t<\/div>\r\n\t\t\r\n\t\t<div class=\"col-md-4\">\r\n        <div class=\"gl_space_top85\">\r\n\t \r\n\t\t <div class=\"gl_h4big\">Hauptfunktionen<\/div><\/div>\r\n\t\t \r\n\t\t<div class=\"gl_space_right15\">\r\n\t\t\t <div class=\"gl_ul_style2\">\r\n\t\t\t\t\t<ul type=\"disc\">\r\n\t\t\t\t\t\t <li type=\"disc\">Hausnummern erfassen<\/li>\r\n                        <li type=\"disc\">Adressdaten erfassen<\/li>\r\n                        <li type=\"disc\">GPS-Fotos erstellen f\u00fcr JOSM<\/li>\r\n                        <li type=\"disc\">Sprachnotiz aufzeichnen<\/li>\r\n                        <li type=\"disc\" class=\"gl_space_right10_inv\">Start\/Stopp der Datenaufzeichnung<\/li>\r\n                        <li type=\"disc\">Anzeige der Empfangsst\u00e4rke von GPS und GLONASS<\/li>\r\n                        <li type=\"disc\">Versenden der erfassten Daten auf Knopfdruck<\/li>\r\n\t\t\t\t\t<\/ul>\r\n\t\t\t\t<\/div>\r\n\t\t\t<\/div>\r\n\t\t<div class=\"gl_space_top10\"><\/div>\r\n        <div class=\"gl_h4big\">Allgemeines<\/strong><\/div>\r\n\t\t<div class=\"gl_space_right25\">\r\n\t\t\t\t<div class=\"gl_ul_style2\">\r\n\t\t\t\t\t<ul type=\"disc\">\r\n\t\t\t\t\t\t<li type=\"disc\">Sprachen: Deutsch, Englisch, Franz\u00f6sisch, Griechisch, Holl\u00e4ndisch, Italienisch, Polnisch, Russisch und Spanisch<\/li>\r\n                        <li type=\"disc\">Hilfefunktion<\/li>\r\n                        <li type=\"disc\">Einstellung der Ma\u00dfeinheiten: metrisch, angels\u00e4chsisch<\/li>\r\n\t\t\t\t\t<\/ul>\r\n\t\t\t  <\/div>\r\n\t\t\t <\/div>\r\n\t  <div class=\"gl_space_top10\">Mehr Informationen \u00fcber ENAiKOONs Engagement f\u00fcr OpenStreetMap finden sich hier:<\/div>\r\n\t   <div class=\"gl_space_top10\"><a class=\"gl_button_grey\" href=\"https:\/\/www.enaikoon.com\/de\/ueber-uns\/openstreetmap\/\" target=\"_self\">OpenStreetMap<\/a> <\/div>\r\n\t  <p  class=\"gl_space_top20\"><strong>Pr\u00e4sentation des Keypad-Mapper 3 auf der <a rel=\"nofollow\" href=\"http:\/\/www.fossgis-konferenz.de\/2013\/\" target=\"_blank\">FOSSGIS Konferenz<\/a> in Raperswil, Juni 2013<\/strong><\/p>\r\n\t   <div class=\"gl_space_top10\"><a class=\"gl_button_yellow\" rel=\"nofollow\" href=\"https:\/\/www.enaikoon.com\/fileadmin\/enaikoon_2011\/MOBILE\/screenshots\/keypad-mapper-3\/fossgis\/ENAiKOON_Keypad-Mapper-3_FOSSGIS_2013.pdf\" target=\"_blank\">Pr\u00e4sentation FOSSGIS<\/a> <\/div>\r\n\t\t<div class=\"gl_space_top10\"><a class=\"gl_button_yellow\" href=\"https:\/\/www.enaikoon.com\/de\/ressourcen\/medien\/\" target=\"_self\">Video Keypad-Mapper 3<\/a><\/div>\r\n\t\r\n\t\t<\/div>\r\n\t\t\r\n\t\t<div class=\"col-md-4\">\r\n      <div class=\"gl_space_top85\">\r\n\t\t\r\n\t\t \t<div class=\"gl_h4big\">Warum Hausnummern erfassen f\u00fcr OSM?<\/div>\r\n\t\t\r\n\t\t  <p class=\"gl_space_right5\">Kostenlose Navigationsprogramme ben\u00f6tigen kostenlose Landkartendaten.<br \/>\r\n\t\t\t  Die   kostenlosen Landkartendaten von OSM (OpenStreetMap) sind prinzipiell   eine gute Grundlage f\u00fcr Navigationsprogramme, k\u00f6nnen aber nur dann   sinnvoll daf\u00fcr genutzt werden, wenn die Daten mit Hausnummern versehen   sind.<br \/>\r\n\t\t\t  <br \/>\r\n\t\t\t  Mit dieser App kann <strong>jeder ganz einfach<\/strong> mithelfen,   die Hausnummern-Datenbank von OpenStreetMap zu vervollst\u00e4ndigen: App   installieren, loslegen und Spa\u00df haben! So wird der n\u00e4chste Spaziergang   mit dem Hund oder Kinderwagen oder Shopping-Bummel unterhaltsam und   kurzweilig.<br \/>\r\n\t\t\t  <br \/>\r\n\t\t  Die erfassten Daten kannst Du dann selbst in OpenStreetMap eintragen: richte Dir einfach bei <a rel=\"nofollow\" href=\"https:\/\/www.openstreetmap.de\/\" title=\"OpenStreetMap\" target=\"_blank\">www.openstreetmap.de<\/a> ein Benutzerkonto ein, optimiere die erfassten Hausnummern und lade sie   hoch zu OSM. Schon wenige Minuten sp\u00e4ter werden dann weltweit die neu   hinzugekommenen Hausnummern in der OSM-Landkarte angezeigt.<\/p>\r\n\t\t\t <div class=\"gl_space_top30\"><a class=\"gl_button_blue\" rel=\"nofollow\" href=\"http:\/\/wiki.openstreetmap.org\/wiki\/DE:Keypad-Mapper_3\" target=\"_blank\">Weitere Informationen<\/a> <\/div>\r\n\t\t\t <p class=\"gl_space_top15\"><strong>Die App Keypad-Mapper 3 ist bei Google Play herunterladbar:<\/strong><\/p>\r\n\t\t\t  <div class=\"gl_space_top15\"><a class=\"gl_button_yellow\"  rel=\"nofollow\" href=\"https:\/\/play.google.com\/store\/apps\/details?id=de.enaikoon.android.keypadmapper3&#038;feature=search_result&#038;hl=de\" target=\"_blank\">Download Google Play<\/a> <\/div>\r\n              \r\n\r\n\r\n\r\n<\/div>\r\n \r\n     <\/div>\r\n\t\r\n\t\t<div class=\"gl_row_space\"><\/div>\r\n\t<\/div>\r\n\r\n<\/div>","protected":false},"excerpt":{"rendered":"<p> [&hellip;]<\/p>\n","protected":false},"author":7,"featured_media":0,"parent":3862,"menu_order":0,"comment_status":"closed","ping_status":"closed","template":"","meta":{"footnotes":""},"acf":[],"_links":{"self":[{"href":"https:\/\/www.enaikoon.com\/de\/wp-json\/wp\/v2\/pages\/3870"}],"collection":[{"href":"https:\/\/www.enaikoon.com\/de\/wp-json\/wp\/v2\/pages"}],"about":[{"href":"https:\/\/www.enaikoon.com\/de\/wp-json\/wp\/v2\/types\/page"}],"author":[{"embeddable":true,"href":"https:\/\/www.enaikoon.com\/de\/wp-json\/wp\/v2\/users\/7"}],"replies":[{"embeddable":true,"href":"https:\/\/www.enaikoon.com\/de\/wp-json\/wp\/v2\/comments?post=3870"}],"version-history":[{"count":29,"href":"https:\/\/www.enaikoon.com\/de\/wp-json\/wp\/v2\/pages\/3870\/revisions"}],"predecessor-version":[{"id":11293,"href":"https:\/\/www.enaikoon.com\/de\/wp-json\/wp\/v2\/pages\/3870\/revisions\/11293"}],"up":[{"embeddable":true,"href":"https:\/\/www.enaikoon.com\/de\/wp-json\/wp\/v2\/pages\/3862"}],"wp:attachment":[{"href":"https:\/\/www.enaikoon.com\/de\/wp-json\/wp\/v2\/media?parent=3870"}],"curies":[{"name":"wp","href":"https:\/\/api.w.org\/{rel}","templated":true}]}}