{"id":3868,"date":"2016-07-18T07:03:40","date_gmt":"2016-07-18T07:03:40","guid":{"rendered":"https:\/\/www.enaikoon.com\/?page_id=3868"},"modified":"2017-03-03T10:45:30","modified_gmt":"2017-03-03T10:45:30","slug":"gps-details","status":"publish","type":"page","link":"https:\/\/www.enaikoon.com\/de\/apps\/plugins\/gps-details\/","title":{"rendered":"GPS-details"},"content":{"rendered":"<div class=\"gl_slide_scroll_box\">\r\n\t<div class=\"gl_scroll_box\">\r\n <noindex><\/noindex>        <ul>\r\n            <li><a class=\"gl_scroll_link_title\" href=\"https:\/\/www.enaikoon.com\/de\/apps\/plugins\/routes\/\"  title=\"routes\">routes<\/a><br\/>\r\n            <a href=\"https:\/\/www.enaikoon.com\/de\/apps\/plugins\/routes\/\"  title=\"routes\"><img decoding=\"async\" class=\"gl_scroll_link_img\" src=\"https:\/\/www.enaikoon.com\/wp-content\/uploads\/2016\/07\/mobile_routes.png\" border=\"0\" alt=\"\"><\/span><\/a> <\/li>\r\n            \r\n \t\t\t<li><a class=\"gl_scroll_link_title\" href=\"https:\/\/www.enaikoon.com\/de\/apps\/plugins\/nfc-tracker\/\"  title=\"NFC-tracker\">NFC-tracker<\/a><br\/>\r\n            <a href=\"https:\/\/www.enaikoon.com\/de\/apps\/plugins\/nfc-tracker\/\"  title=\"NFC-tracker\"><img decoding=\"async\" class=\"gl_scroll_link_img\" src=\"https:\/\/www.enaikoon.com\/wp-content\/uploads\/2016\/07\/mobile_NFC.png\" border=\"0\" alt=\"\"><\/span><\/a> <\/li>\r\n            \r\n             <li><a class=\"gl_scroll_link_title\" href=\"https:\/\/www.enaikoon.com\/de\/apps\/plugins\/gps-details\/\"  title=\"GPS-details\">GPS-details<\/a><br\/>\r\n            <a href=\"https:\/\/www.enaikoon.com\/de\/apps\/plugins\/gps-details\/\"  title=\"GPS-details\"><img decoding=\"async\" class=\"gl_scroll_link_img_active\" src=\"https:\/\/www.enaikoon.com\/wp-content\/uploads\/2016\/07\/mobile_GPS.png\" border=\"0\" alt=\"\"><\/span><\/a> <\/li>\r\n            \r\n             <li><a class=\"gl_scroll_link_title\" href=\"https:\/\/www.enaikoon.com\/de\/apps\/plugins\/keypad-mapper-3\/\"  title=\"Keypad-Mapper 3\">Keypad-Mapper 3<\/a><br\/>\r\n            <a href=\"https:\/\/www.enaikoon.com\/de\/apps\/plugins\/keypad-mapper-3\/\"  title=\"Keypad-Mapper 3\"><img decoding=\"async\" class=\"gl_scroll_link_img\" src=\"https:\/\/www.enaikoon.com\/wp-content\/uploads\/2016\/07\/mobile_keypad.png\" border=\"0\" alt=\"\"><\/span><\/a> <\/li>\r\n            \r\n             <li><a class=\"gl_scroll_link_title\" href=\"https:\/\/www.enaikoon.com\/de\/apps\/plugins\/traffic-counter\/\" title=\"traffic-counter\">traffic-counter<\/a><br\/>\r\n            <a href=\"https:\/\/www.enaikoon.com\/de\/apps\/plugins\/traffic-counter\/\" title=\"traffic-counter\"><img decoding=\"async\" class=\"gl_scroll_link_img\" src=\"https:\/\/www.enaikoon.com\/wp-content\/uploads\/2016\/07\/mobile_traffic.png\" border=\"0\" alt=\"\"><\/span><\/a> <\/li>\r\n        <\/ul>\r\n\r\n    <\/div>\r\n<\/div>\r\n\r\n\r\n<div class=\"row\">\r\n\r\n<div class=\"gl_border-page\">\r\n\t\t<div class=\"col-md-4\">\r\n\t\r\n    <div class=\"clearfix\">\r\n    \t<img decoding=\"async\" src=\"https:\/\/www.enaikoon.com\/wp-content\/uploads\/2016\/07\/mobile_plugins3.png\" align=\"left\" alt=\"inViu GPS-details\" title=\"inViu GPS-details\"  \/><div class=\"gl_h2big\">inViu<br\/>\r\nGPS-details<\/div>\r\n    <\/div>\r\n    \r\n   <div class=\"gl_space_right5 gl_space_top10\">\r\n\r\n<em>\r\n<strong>inViu GPS-details<\/strong>  bietet \u00fcbersichtlich und optisch ansprechend alle notwendigen Informationen rund um GPS. Die pr\u00e4zise GPS-Koordinate als permanente Statusmeldung zeigt untr\u00fcglich, ob ein GPS-Fix vorliegt.<\/em>\r\n<div class=\"gl_space_top30\"><\/div>\r\n<div class=\"gl_h4_fix\">inViu GPS-details <br\/>Screenshots<\/div>\r\n<div class=\"gl_space_top20\">\r\n\t<a href=\"https:\/\/www.enaikoon.com\/wp-content\/uploads\/2016\/07\/a77794ad67.png\" target=\"_blank\"  rel=\"nofollow\"  title=\"SNR Qualit\u00e4t\"><img decoding=\"async\" loading=\"lazy\" src=\"https:\/\/www.enaikoon.com\/wp-content\/uploads\/2016\/07\/a77794ad67.png\"  alt=\"inViu GPS\" border=\"0\" height=\"481\" width=\"270\"><\/a>\r\n <div style=\"display:none;\">\r\n<a href=\"https:\/\/www.enaikoon.com\/wp-content\/uploads\/2016\/07\/64d0a325b1.png\" target=\"_blank\"  rel=\"nofollow\" title=\"Satelliten\"><img decoding=\"async\" loading=\"lazy\" src=\"https:\/\/www.enaikoon.com\/wp-content\/uploads\/2016\/07\/64d0a325b1.png\" alt=\"inViu GPS\" style=\"display:none;\" border=\"0\" height=\"0\" width=\"0\"><\/a>\r\n\r\n<a href=\"https:\/\/www.enaikoon.com\/wp-content\/uploads\/2016\/07\/8f384f8215.png\" target=\"_blank\"  rel=\"nofollow\" title=\"Geschwindigkeit und Richtung\"><img decoding=\"async\" loading=\"lazy\" src=\"https:\/\/www.enaikoon.com\/wp-content\/uploads\/2016\/07\/8f384f8215.png\" alt=\"inViu GPS\" style=\"display:none;\" border=\"0\" height=\"0\" width=\"0\"><\/a>\r\n\r\n<a href=\"https:\/\/www.enaikoon.com\/wp-content\/uploads\/2016\/07\/a03f384c02.png\" target=\"_blank\"  rel=\"nofollow\"  title=\"Kompass\"><img decoding=\"async\" loading=\"lazy\" src=\"https:\/\/www.enaikoon.com\/wp-content\/uploads\/2016\/07\/a03f384c02.png\" alt=\"inViu GPS\" style=\"display:none;\" border=\"0\" height=\"0\" width=\"0\"><\/a>\r\n\r\n<a href=\"https:\/\/www.enaikoon.com\/wp-content\/uploads\/2016\/07\/150c9417e6.png\" target=\"_blank\"  rel=\"nofollow\" title=\"Digitale Geschwindigkeitsanzeige\"><img decoding=\"async\" loading=\"lazy\" src=\"https:\/\/www.enaikoon.com\/wp-content\/uploads\/2016\/07\/150c9417e6.png\" alt=\"inViu GPS\" style=\"display:none;\" border=\"0\" height=\"0\" width=\"0\"><\/a>\r\n\r\n<a href=\"https:\/\/www.enaikoon.com\/wp-content\/uploads\/2016\/07\/3c3dccc427.png\" target=\"_blank\"  rel=\"nofollow\" title=\"Information\"><img decoding=\"async\" loading=\"lazy\" src=\"https:\/\/www.enaikoon.com\/wp-content\/uploads\/2016\/07\/3c3dccc427.png\" alt=\"inViu GPS\" style=\"display:none;\" border=\"0\" height=\"0\" width=\"0\"><\/a>\r\n\r\n<a href=\"https:\/\/www.enaikoon.com\/wp-content\/uploads\/2016\/07\/31c6556baf.png\" target=\"_blank\"  rel=\"nofollow\" title=\"Einstellungen\"><img decoding=\"async\" loading=\"lazy\" src=\"https:\/\/www.enaikoon.com\/wp-content\/uploads\/2016\/07\/31c6556baf.png\" alt=\"inViu GPS\" style=\"display:none;\" border=\"0\" height=\"0\" width=\"0\"><\/a>\r\n\r\n<a href=\"https:\/\/www.enaikoon.com\/wp-content\/uploads\/2016\/07\/50f4bf17fa.png\" target=\"_blank\"  rel=\"nofollow\" title=\"Einstellungen Geschwindigkeitsskala\"><img decoding=\"async\" loading=\"lazy\" src=\"https:\/\/www.enaikoon.com\/wp-content\/uploads\/2016\/07\/50f4bf17fa.png\" alt=\"inViu GPS\" style=\"display:none;\" border=\"0\" height=\"0\" width=\"0\"><\/a>\r\n<\/div>\r\n<\/div>\r\n\r\n\r\n\r\n\r\n<\/div>\r\n\t\t\t\r\n\t\t<\/div>\r\n\t\t\r\n\t\t<div class=\"col-md-4\">\r\n        <div class=\"gl_space_top85\">\r\n\t \r\n\t\t <div class=\"gl_h4big\">Hauptfunktionen<\/div><\/div>\r\n<div class=\"gl_space_right10\">\r\n\t\t <p class=\"gl_space_top10\"><strong>Alles rund um GPS<\/strong><\/p>\r\n     <div class=\"gl_ul_style2\">\r\n     \r\n        <ul type=\"disc\">\r\n            <li type=\"disc\">GPS Empfangsst\u00e4rke<\/li>\r\n            <li type=\"disc\">GPS Positionsgenauigkeit<\/li>\r\n            <li type=\"disc\">GPS Satellitenpositionen<\/li>\r\n            <li type=\"disc\">Anzeige der Koordinate als Dezimalwert<\/li>\r\n            <li type=\"disc\">GPS-Zeit<\/li>\r\n            <li type=\"disc\">Infoscreen zeigt aktuelle Position, H\u00f6he,   Zeit, Sonnenaufgang\/Sonnenuntergang, Winkel, diverse Qualit\u00e4tsparameter   und Geschwindigkeiten<\/li>\r\n        \r\n        <\/ul>\r\n        <div  class=\"gl_space_top20\"><\/div>\r\n        <strong>Anwendung<\/strong>\r\n        <ul type=\"disc\">\r\n             <li type=\"disc\">Tachometer mit Anzeige bis zu 1.200 km\/h<\/li>\r\n            <li type=\"disc\">Umstellung des Tachometer-Bildschirms: gro\u00dfe Anzeige des Kompass, zus\u00e4tzliche digitale Anzeige der Werte<\/li>\r\n            <li type=\"disc\">individuelle Einstellung der Skalenwerte f\u00fcr die Geschwindigkeit (z.B. f\u00fcr Fu\u00dfg\u00e4nger, Autos, Flugzeuge)<\/li>\r\n            <li type=\"disc\" class=\"gl_space_right10_inv\">Bildschirm mit extra gro\u00dfer Anzeige der   Geschwindigkeit: einstellbare Schriftart, Schriftfarbe,   Hintergrundfarbe, <br\/>Tag-\/Nachtmodus<\/li>\r\n            <li type=\"disc\">Richtungsanzeige<\/li>\r\n            <li type=\"disc\">integrierter Kompass<\/li>\r\n            <li type=\"disc\">Kompass mit beweglicher oder statischer Nadel <\/li>\r\n            <li type=\"disc\">GPS Koordinaten in verschiedenen Ma\u00dfsystemen, Nutzung des Magnetsensors f\u00fcr die Richtung<\/li>\r\n            <li type=\"disc\">Demomodus erlaubt Aufzeichnung und Abspielen von GPS Daten<\/li>\r\n    \t \r\n        <\/ul>\r\n      <\/div>\r\n\t<\/div>\r\n\t\r\n\t\t<\/div>\r\n\t\t\r\n\t\t<div class=\"col-md-4\">\r\n        <div class=\"gl_space_top85\">\r\n\t\t<div class=\"gl_space_left10\">\r\n\t\t <div class=\"gl_h4big\">Kombinationsm\u00f6glichkeiten<\/div>\r\n<div class=\"gl_space_right35\">\r\n    <p><span style=\"font-size:1.0em; \">GPS-details + mobile-protector <br\/>+ <a href=\"https:\/\/www.enaikoon.com\/de\/apps\/plugins\/routes\/\">routes<\/a> + <a href=\"https:\/\/www.enaikoon.com\/de\/apps\/plugins\/traffic-counter\/\">traffic-counter<\/a> = <\/span><span style=\"font-size:0.95em; \">alle Apps rund um GPS erg\u00e4nzen sich perfekt <\/span><\/p>\r\n<\/div>\r\n<div class=\"gl_space_top15\"><\/div>\r\n \r\n    <div class=\"gl_space_top30\"><a class=\"gl_button_blue\" href=\"https:\/\/www.enaikoon.com\/de\/kontakt\/kontakt\/\">Sprechen Sie uns an<\/a> <\/div>\r\n \r\n    \r\n \t \r\n     <p  class=\"gl_space_top15\"><strong>Die App inViu GPS-details ist bei Google Play herunterladbar:<\/strong><\/p>\r\n      <div class=\"gl_space_top15\"><a class=\"gl_button_grey\"  rel=\"nofollow\" href=\"https:\/\/play.google.com\/store\/apps\/details?id=de.enaikoon.android.inviu.gpsdetails&#038;hl=de\" target=\"_blank\">inViu GPS-details<\/a> <\/div>\r\n\r\n<div class=\"gl_space_top20\">\r\n\t<a rel=\"nofollow\" href=\"https:\/\/play.google.com\/store\/apps\/details?id=de.enaikoon.android.inviu.gpsdetails\" target=\"_blank\" title=\"inViu GPS-details auf Google Play\"><img decoding=\"async\" src=\"https:\/\/www.enaikoon.com\/wp-content\/uploads\/2016\/07\/GPS-details2.png\" border=\"0\" alt=\"inViu GPS-details at Google Play\"  \/><\/a>\r\n<\/div>\r\n\r\n     <div class=\"gl_space_top30\"><\/div>\r\n  <strong  class=\"gl_space_top20\">Allgemeines<\/strong>\r\n        <div class=\"gl_ul_style2\">\r\n\t\t<ul  type=\"disc\">\r\n    \t    <li type=\"disc\">Sprachen: Deutsch, Englisch, Franz\u00f6sisch, Russisch, Spanisch<\/li>\r\n            <li type=\"disc\">Einstellung der Ma\u00dfeinheiten: metrisch, angels\u00e4chsisch<\/li>\r\n            <li type=\"disc\" class=\"gl_space_right10_inv\">Rechts- und Linkswischen durch die Bildschirme<\/li>\r\n            <li type=\"disc\">Optimale Darstellung auch im Querformat<\/li>\r\n            <li type=\"disc\">Hilfefunktion<\/li>\r\n\t<\/ul>\r\n<\/div>\r\n\r\n<\/div><\/div>\r\n \r\n     \r\n\t <\/div>\r\n\t\r\n\t\t<div class=\"gl_row_space\"><\/div>\r\n\t<\/div>\r\n\r\n<\/div>","protected":false},"excerpt":{"rendered":"<p> [&hellip;]<\/p>\n","protected":false},"author":7,"featured_media":0,"parent":3862,"menu_order":0,"comment_status":"closed","ping_status":"closed","template":"","meta":{"footnotes":""},"acf":[],"_links":{"self":[{"href":"https:\/\/www.enaikoon.com\/de\/wp-json\/wp\/v2\/pages\/3868"}],"collection":[{"href":"https:\/\/www.enaikoon.com\/de\/wp-json\/wp\/v2\/pages"}],"about":[{"href":"https:\/\/www.enaikoon.com\/de\/wp-json\/wp\/v2\/types\/page"}],"author":[{"embeddable":true,"href":"https:\/\/www.enaikoon.com\/de\/wp-json\/wp\/v2\/users\/7"}],"replies":[{"embeddable":true,"href":"https:\/\/www.enaikoon.com\/de\/wp-json\/wp\/v2\/comments?post=3868"}],"version-history":[{"count":36,"href":"https:\/\/www.enaikoon.com\/de\/wp-json\/wp\/v2\/pages\/3868\/revisions"}],"predecessor-version":[{"id":11289,"href":"https:\/\/www.enaikoon.com\/de\/wp-json\/wp\/v2\/pages\/3868\/revisions\/11289"}],"up":[{"embeddable":true,"href":"https:\/\/www.enaikoon.com\/de\/wp-json\/wp\/v2\/pages\/3862"}],"wp:attachment":[{"href":"https:\/\/www.enaikoon.com\/de\/wp-json\/wp\/v2\/media?parent=3868"}],"curies":[{"name":"wp","href":"https:\/\/api.w.org\/{rel}","templated":true}]}}