{"id":3864,"date":"2016-07-18T07:03:08","date_gmt":"2016-07-18T07:03:08","guid":{"rendered":"https:\/\/www.enaikoon.com\/?page_id=3864"},"modified":"2022-11-04T12:07:26","modified_gmt":"2022-11-04T12:07:26","slug":"routes","status":"publish","type":"page","link":"https:\/\/www.enaikoon.com\/de\/apps\/plugins\/routes\/","title":{"rendered":"routes"},"content":{"rendered":"<div class=\"gl_slide_scroll_box\">\n<div class=\"gl_scroll_box\">\n<ul>\n \t<li style=\"list-style-type: none;\">\n<ul>\n \t<li><a class=\"gl_scroll_link_title\" title=\"routes\" href=\"https:\/\/www.enaikoon.com\/de\/apps\/plugins\/routes\/\">routes<\/a>\n<a title=\"routes\" href=\"https:\/\/www.enaikoon.com\/de\/apps\/plugins\/routes\/\"><img decoding=\"async\" class=\"gl_scroll_link_img_active\" src=\"https:\/\/www.enaikoon.com\/wp-content\/uploads\/2016\/07\/mobile_routes.png\" alt=\"\" border=\"0\"><\/a><\/li>\n<\/ul>\n<\/li>\n<\/ul>\n<!--\n \t<li><a class=\"gl_scroll_link_title\" href=\"https:\/\/www.enaikoon.com\/de\/apps\/plugins\/nfc-tracker\/\" title=\"NFC-tracker\">NFC-tracker<\/a>\n<a href=\"https:\/\/www.enaikoon.com\/de\/apps\/plugins\/nfc-tracker\/\" title=\"NFC-tracker\"><img decoding=\"async\" class=\"gl_scroll_link_img\" src=\"https:\/\/www.enaikoon.com\/wp-content\/uploads\/2016\/07\/mobile_NFC.png\" alt=\"\" border=\"0\"><\/a><\/li>\n \t<li><a class=\"gl_scroll_link_title\" href=\"https:\/\/www.enaikoon.com\/de\/apps\/plugins\/gps-details\/\" title=\"GPS-details\">GPS-details<\/a>\n<a href=\"https:\/\/www.enaikoon.com\/de\/apps\/plugins\/gps-details\/\" title=\"GPS-details\"><img decoding=\"async\" class=\"gl_scroll_link_img\" src=\"https:\/\/www.enaikoon.com\/wp-content\/uploads\/2016\/07\/mobile_GPS.png\" alt=\"\" border=\"0\"><\/a><\/li>\n \t<li><a class=\"gl_scroll_link_title\" href=\"https:\/\/www.enaikoon.com\/de\/apps\/plugins\/keypad-mapper-3\/\" title=\"Keypad-Mapper 3\">Keypad-Mapper 3<\/a>\n<a href=\"https:\/\/www.enaikoon.com\/de\/apps\/plugins\/keypad-mapper-3\/\" title=\"Keypad-Mapper 3\"><img decoding=\"async\" class=\"gl_scroll_link_img\" src=\"https:\/\/www.enaikoon.com\/wp-content\/uploads\/2016\/07\/mobile_keypad.png\" alt=\"\" border=\"0\"><\/a><\/li>\n \t<li><a class=\"gl_scroll_link_title\" href=\"https:\/\/www.enaikoon.com\/de\/apps\/plugins\/traffic-counter\/\" title=\"traffic-counter\">traffic-counter<\/a>\n<a href=\"https:\/\/www.enaikoon.com\/de\/apps\/plugins\/traffic-counter\/\" title=\"traffic-counter\"><img decoding=\"async\" class=\"gl_scroll_link_img\" src=\"https:\/\/www.enaikoon.com\/wp-content\/uploads\/2016\/07\/mobile_traffic.png\" alt=\"\" border=\"0\"><\/a><\/li>\n-->\n\n<\/div>\n<\/div>\n<div class=\"row\">\n<div class=\"gl_border-page\">\n\n<div class=\"col-md-4\">\n<div class=\"clearfix\"><img decoding=\"async\" title=\"inViu routes\" src=\"https:\/\/www.enaikoon.com\/wp-content\/uploads\/2016\/07\/mobile_plugins1.png\" alt=\"inViu routes\" align=\"left\">&nbsp;\n<div class=\"gl_h2big\">inViu routes<\/div>\n<\/div>\n<div class=\"gl_space_top15\">&nbsp;<\/div>\n<div class=\"gl_space_right10\"><em><strong>inViu routes<\/strong> zeichnet die GPS-Positionen Ihrer Routen auf und zeigt sie auf einer <a title=\"OpenStreetMap\" href=\"http:\/\/www.openstreetmap.org\/\" target=\"_blank\" rel=\"nofollow\">OpenStreetMap\u00a9<\/a> Landkarte an.\nDie gesammelten Positionsdaten k\u00f6nnen automatisch an die inViu Server gesendet werden \u2013 sofort oder sp\u00e4ter mit WLAN. <\/em>&nbsp;\n\n<a title=\"Anmeldung bei inViu web\" href=\"https:\/\/www.enaikoon.com\/software\/inviu-web\/\" target=\"_blank\" rel=\"nofollow\">Anmeldung bei inViu web.<\/a> Dort k\u00f6nnen kostenlos bis zu vier Android-Telefone registriert und deren Standorte und Spuren auf einer OpenStreetMap\u00a9 Landkarte angezeigt werden. Die Alarmierung der in unbegrenzter Anzahl einrichtbarer Geofences erfolgt per E-Mail. Das inViu Benutzerkonto kann direkt in der App erstellt werden.\n\n<strong>Datenschutz wird bei ENAiKOON gro\u00dfgeschrieben:<\/strong> es werden ungefragt keine Daten gesammelt oder \u00fcbertragen, die es Dritten erlauben w\u00fcrden, den Nutzer des Telefons zu orten. Damit ist der Schutz der Privatsph\u00e4re optimal gew\u00e4hrleistet. ENAiKOON verwendet die gesammelten Daten nur zur Anzeige in inViu. Es werden <strong>keine weiteren Daten<\/strong> gesammelt und \u00fcbertragen.\n\n<\/div>\n<div class=\"gl_space_top20\">&nbsp;<\/div>\n<div><iframe loading=\"lazy\" src=\"https:\/\/www.youtube-nocookie.com\/embed\/EupX-gtRDsc?rel=0\" width=\"288\" height=\"162\" frameborder=\"0\" allowfullscreen=\"allowfullscreen\"><\/iframe><\/div>\n<\/div>\n\n<div class=\"col-md-4\">\n<div class=\"gl_space_top85\">&nbsp;<\/div>\n<div class=\"gl_h4big\">Hauptfunktionen<\/div>\n<div class=\"gl_ul_style2 gl_space_left10\">\n<ul type=\"square\">\n \t<li><a href=\"https:\/\/www.enaikoon.com\/de\/apps\/plugins\/routes\/hauptfunktionen-routes\/\"><span style=\"color: #8f8f8f;\">Ortung von Trackables<\/span><\/a><\/li>\n \t<li><a href=\"https:\/\/www.enaikoon.com\/de\/apps\/plugins\/routes\/hauptfunktionen-routes\/\"><span style=\"color: #8f8f8f;\">Routen-Aufzeichnung<\/span><\/a><\/li>\n \t<li><a href=\"https:\/\/www.enaikoon.com\/de\/apps\/plugins\/routes\/hauptfunktionen-routes\/\"><span style=\"color: #8f8f8f;\">Routen-Planung<\/span><\/a><\/li>\n \t<li><a href=\"https:\/\/www.enaikoon.com\/de\/apps\/plugins\/routes\/hauptfunktionen-routes\/\"><span style=\"color: #8f8f8f;\">Arbeitszeiten erfassen<\/span><\/a><\/li>\n \t<li><a href=\"https:\/\/www.enaikoon.com\/de\/apps\/plugins\/routes\/hauptfunktionen-routes\/\"><span style=\"color: #8f8f8f;\">Messenger<\/span><\/a><\/li>\n \t<li><a href=\"https:\/\/www.enaikoon.com\/de\/apps\/plugins\/routes\/hauptfunktionen-routes\/\"><span style=\"color: #8f8f8f;\">Bilder hochladen zu inViu pro<\/span><\/a><\/li>\n \t<li><a href=\"https:\/\/www.enaikoon.com\/de\/apps\/plugins\/routes\/hauptfunktionen-routes\/\"><span style=\"color: #8f8f8f;\">Adress-Suche<\/span><\/a><\/li>\n \t<li><a href=\"https:\/\/www.enaikoon.com\/de\/apps\/plugins\/routes\/hauptfunktionen-routes\/\"><span style=\"color: #8f8f8f;\">Geo-Notizen<\/span><\/a><\/li>\n \t<li><a href=\"https:\/\/www.enaikoon.com\/de\/apps\/plugins\/routes\/hauptfunktionen-routes\/\"><span style=\"color: #8f8f8f;\">Fotos<\/span><\/a><\/li>\n \t<li><a href=\"https:\/\/www.enaikoon.com\/de\/apps\/plugins\/routes\/hauptfunktionen-routes\/\"><span style=\"color: #8f8f8f;\">Points of interest (POIs)<\/span><\/a><\/li>\n \t<li><a href=\"https:\/\/www.enaikoon.com\/de\/apps\/plugins\/routes\/hauptfunktionen-routes\/\"><span style=\"color: #8f8f8f;\">Parkposition speichern<\/span><\/a><\/li>\n \t<li><a href=\"https:\/\/www.enaikoon.com\/de\/apps\/plugins\/routes\/hauptfunktionen-routes\/\"><span style=\"color: #8f8f8f;\">Freizeit-Modus<\/span><\/a><\/li>\n \t<li><a href=\"https:\/\/www.enaikoon.com\/de\/apps\/plugins\/routes\/hauptfunktionen-routes\/\"><span style=\"color: #8f8f8f;\">Widgets<\/span><\/a><\/li>\n \t<li><a href=\"https:\/\/www.enaikoon.com\/de\/apps\/plugins\/routes\/hauptfunktionen-routes\/\"><span style=\"color: #8f8f8f;\">Individualisierbare Menuleiste<\/span><\/a><\/li>\n \t<li><a href=\"https:\/\/www.enaikoon.com\/de\/apps\/plugins\/routes\/hauptfunktionen-routes\/\"><span style=\"color: #8f8f8f;\">Allgemeines<\/span><\/a><\/li>\n<\/ul>\n<\/div>\n<div class=\"gl_space_top15\"><a class=\"gl_button_blue\" href=\"https:\/\/www.enaikoon.com\/de\/apps\/plugins\/routes\/hauptfunktionen-routes\/\">Zu Hauptfunktionen<\/a><\/div>\n<div class=\"gl_h4big gl_space_top15\">routes in inViu web<\/div>\n<div class=\"gl_space_top15\"><a title=\"inViu web\" href=\"https:\/\/www.enaikoon.com\/wp-content\/uploads\/2016\/07\/mobile_routes1b.png\" target=\"_blank\" rel=\"nofollow\"><img decoding=\"async\" src=\"https:\/\/www.enaikoon.com\/wp-content\/uploads\/2016\/07\/mobile_routes1.png\" alt=\"inViu web\" border=\"0\"><\/a><\/div>\n<div class=\"gl_space_top20\">&nbsp;<\/div>\n<div class=\"gl_h4big\">Screenshots inViu routes<\/div>\n<div class=\"gl_space_top15\"><a title=\"Karte routes\" href=\"https:\/\/www.enaikoon.com\/wp-content\/uploads\/2016\/07\/829d38094b.png\" target=\"_blank\" rel=\"nofollow\" noopener\"><img decoding=\"async\" loading=\"lazy\" src=\"https:\/\/www.enaikoon.com\/wp-content\/uploads\/2016\/07\/829d38094b.png\" alt=\"\" width=\"260\" height=\"147\" border=\"0\"><\/a>&nbsp;\n<div style=\"display: none;\"><a title=\"Landkarte mit Route und Bildern\" href=\"https:\/\/www.enaikoon.com\/wp-content\/uploads\/2016\/07\/8e8ce94f25.png\" target=\"_blank\" rel=\"nofollow\" noopener\"><img decoding=\"async\" loading=\"lazy\" src=\"https:\/\/www.enaikoon.com\/wp-content\/uploads\/2016\/07\/8e8ce94f25.png\" alt=\"routes on a map\" width=\"0\" height=\"0\" border=\"0\"><\/a>\n<a title=\"Routenliste\" href=\"https:\/\/www.enaikoon.com\/wp-content\/uploads\/2016\/07\/ab323d94bd.png\" target=\"_blank\" rel=\"nofollow\" noopener\"><img decoding=\"async\" loading=\"lazy\" src=\"https:\/\/www.enaikoon.com\/wp-content\/uploads\/2016\/07\/ab323d94bd.png\" alt=\"list of routes\" width=\"0\" height=\"0\" border=\"0\"><\/a>\n<a title=\"Routendetails\" href=\"https:\/\/www.enaikoon.com\/wp-content\/uploads\/2016\/07\/bbbf6222c8.png\" target=\"_blank\" rel=\"nofollow\" noopener\"><img decoding=\"async\" loading=\"lazy\" src=\"https:\/\/www.enaikoon.com\/wp-content\/uploads\/2016\/07\/bbbf6222c8.png\" alt=\"route details\" width=\"0\" height=\"0\" border=\"0\"><\/a>&nbsp;\n\n<a title=\"Geschwindigkeits- \/ H\u00f6hendiagramm\" href=\"https:\/\/www.enaikoon.com\/wp-content\/uploads\/2016\/07\/a251ccc31f.png\" target=\"_blank\" rel=\"nofollow\" noopener\"><img decoding=\"async\" src=\"https:\/\/www.enaikoon.com\/wp-content\/uploads\/2016\/07\/a251ccc31f.png\" alt=\"route speed and altitude\" border=\"0\"><\/a>\n<a title=\"POI Liste\" href=\"https:\/\/www.enaikoon.com\/wp-content\/uploads\/2016\/07\/1810ed15bc.png\" target=\"_blank\" rel=\"nofollow\" noopener\"><img decoding=\"async\" loading=\"lazy\" src=\"https:\/\/www.enaikoon.com\/wp-content\/uploads\/2016\/07\/1810ed15bc.png\" alt=\"list of POIs\" width=\"0\" height=\"0\" border=\"0\"><\/a>\n<a title=\"POI Details\" href=\"https:\/\/www.enaikoon.com\/wp-content\/uploads\/2016\/07\/7ece8cb3f6.png\" target=\"_blank\" rel=\"nofollow\" noopener\"><img decoding=\"async\" loading=\"lazy\" src=\"https:\/\/www.enaikoon.com\/wp-content\/uploads\/2016\/07\/7ece8cb3f6.png\" alt=\"POI details\" width=\"0\" height=\"0\" border=\"0\"><\/a>\n<a title=\"Trackables auf Landkarte\" href=\"https:\/\/www.enaikoon.com\/wp-content\/uploads\/2016\/07\/7832317049.png\" target=\"_blank\" rel=\"nofollow\" noopener\"><img decoding=\"async\" loading=\"lazy\" src=\"https:\/\/www.enaikoon.com\/wp-content\/uploads\/2016\/07\/7832317049.png\" alt=\"geo-note on map\" width=\"0\" height=\"0\" border=\"0\"><\/a>\n<a title=\"Geonotiz auf Landkarte\" href=\"https:\/\/www.enaikoon.com\/wp-content\/uploads\/2016\/07\/30a04d45de.png\" target=\"_blank\" rel=\"nofollow\" noopener\"><img decoding=\"async\" loading=\"lazy\" src=\"https:\/\/www.enaikoon.com\/wp-content\/uploads\/2016\/07\/30a04d45de.png\" alt=\"trackables on map\" width=\"0\" height=\"0\" border=\"0\"><\/a>\n<a title=\"Geonote Details\" href=\"https:\/\/www.enaikoon.com\/wp-content\/uploads\/2016\/07\/1e6b260ff0.png\" target=\"_blank\" rel=\"nofollow\" noopener\"><img decoding=\"async\" loading=\"lazy\" src=\"https:\/\/www.enaikoon.com\/wp-content\/uploads\/2016\/07\/1e6b260ff0.png\" alt=\"geo-note details\" width=\"0\" height=\"0\" border=\"0\"><\/a>\n<a title=\"Pop-up trackables\" href=\"https:\/\/www.enaikoon.com\/wp-content\/uploads\/2016\/07\/f9cd39ff17.png\" target=\"_blank\" rel=\"nofollow\" noopener\"><img decoding=\"async\" loading=\"lazy\" src=\"https:\/\/www.enaikoon.com\/wp-content\/uploads\/2016\/07\/f9cd39ff17.png\" alt=\"trackables pop-up\" width=\"0\" height=\"0\" border=\"0\"><\/a>\n<a title=\"Routenplaner\" href=\"https:\/\/www.enaikoon.com\/wp-content\/uploads\/2016\/07\/6e2a74bfec.png\" target=\"_blank\" rel=\"nofollow\" noopener\"><img decoding=\"async\" loading=\"lazy\" src=\"https:\/\/www.enaikoon.com\/wp-content\/uploads\/2016\/07\/6e2a74bfec.png\" alt=\"geo-note details\" width=\"0\" height=\"0\" border=\"0\"><\/a>\n\n<\/div>\n<\/div>\n<\/div>\n\n<div class=\"col-md-4\">\n<div class=\"gl_space_top85\">&nbsp;<\/div>\n<div class=\"gl_space_left10\">\n<div class=\"gl_h4big\">Kombinationsm\u00f6glichkeiten<\/div>\nroutes + <a href=\"https:\/\/www.enaikoon.com\/de\/apps\/plugins\/gps-details\/\">GPS-details<\/a> + mobile-protector + <a href=\"https:\/\/www.enaikoon.com\/de\/apps\/plugins\/traffic-counter\/\">traffic-counter<\/a> = alle Apps rund um GPS erg\u00e4nzen sich perfekt\n<div class=\"gl_space_top15\">&nbsp;<\/div>\n<div><a class=\"gl_button_blue\" href=\"https:\/\/www.enaikoon.com\/de\/kontakt\/kontakt\/\">Sprechen Sie uns an<\/a><\/div>\n<div><a class=\"gl_button_yellow\" href=\"https:\/\/www.enaikoon.com\/de\/inviu-routes-datenschutzerklaerung\">Datenschutzerkl\u00e4rung<\/a><\/div>\n<div><a class=\"gl_button_grey\" href=\"https:\/\/www.enaikoon.com\/fileadmin\/enaikoon\/Dateien\/pdf\/Einbauanleitung\/routes-how-to\/deutsch\/ENAiKOON_inViu_routes_Schnellstartanleitung.pdf\" target=\"_blank\" rel=\"nofollow\">schnellstartanleitung<\/a><\/div>\n<div><a class=\"gl_button_grey\" href=\"https:\/\/www.enaikoon.com\/fileadmin\/enaikoon\/Dateien\/pdf\/Einbauanleitung\/routes-in\/deutsch\/inViu_routes_Installation.pdf\" target=\"_blank\" rel=\"nofollow\">installation<\/a><\/div>\n<div><a class=\"gl_button_grey\" href=\"https:\/\/www.enaikoon.com\/fileadmin\/enaikoon\/Dateien\/pdf\/Einbauanleitung\/routes-tr\/deutsch\/inViu_routes_Anzeige_der_Trackables.pdf\" target=\"_blank\" rel=\"nofollow\">trackables anzeigen<\/a><\/div>\n<div><a class=\"gl_button_yellow\" href=\"https:\/\/www.enaikoon.com\/de\/ressourcen\/medien\/\">Video inViu routes<\/a><\/div>\n<div class=\"gl_space_top30\"><img decoding=\"async\" loading=\"lazy\" src=\"https:\/\/www.enaikoon.com\/wp-content\/uploads\/2016\/07\/d3bea7a017.png\" alt=\"\" width=\"260\" height=\"290\" border=\"0\"><\/div>\n<div class=\"gl_space_top30\">&nbsp;<\/div>\n<div class=\"gl_h4big\">inViu routes app\nDownload<\/div>\n<div><a class=\"gl_button_grey\" href=\"https:\/\/ota.enaikoon.de\/inViuRoutes\/release\/inViuRoutes.apk\" target=\"_blank\" rel=\"nofollow\">inViu routes app<\/a><\/div>\n<div class=\"gl_space_top15\">&nbsp;<\/div>\n<div>&nbsp;<\/div>\n<\/div>\n<\/div>\n<div class=\"gl_row_space\">&nbsp;<\/div>\n<\/div>\n<\/div>","protected":false},"excerpt":{"rendered":"<p> [&hellip;]<\/p>\n","protected":false},"author":7,"featured_media":0,"parent":3862,"menu_order":0,"comment_status":"closed","ping_status":"closed","template":"","meta":{"footnotes":""},"acf":[],"_links":{"self":[{"href":"https:\/\/www.enaikoon.com\/de\/wp-json\/wp\/v2\/pages\/3864"}],"collection":[{"href":"https:\/\/www.enaikoon.com\/de\/wp-json\/wp\/v2\/pages"}],"about":[{"href":"https:\/\/www.enaikoon.com\/de\/wp-json\/wp\/v2\/types\/page"}],"author":[{"embeddable":true,"href":"https:\/\/www.enaikoon.com\/de\/wp-json\/wp\/v2\/users\/7"}],"replies":[{"embeddable":true,"href":"https:\/\/www.enaikoon.com\/de\/wp-json\/wp\/v2\/comments?post=3864"}],"version-history":[{"count":25,"href":"https:\/\/www.enaikoon.com\/de\/wp-json\/wp\/v2\/pages\/3864\/revisions"}],"predecessor-version":[{"id":18737,"href":"https:\/\/www.enaikoon.com\/de\/wp-json\/wp\/v2\/pages\/3864\/revisions\/18737"}],"up":[{"embeddable":true,"href":"https:\/\/www.enaikoon.com\/de\/wp-json\/wp\/v2\/pages\/3862"}],"wp:attachment":[{"href":"https:\/\/www.enaikoon.com\/de\/wp-json\/wp\/v2\/media?parent=3864"}],"curies":[{"name":"wp","href":"https:\/\/api.w.org\/{rel}","templated":true}]}}