{"id":3858,"date":"2016-07-18T07:01:25","date_gmt":"2016-07-18T07:01:25","guid":{"rendered":"https:\/\/www.enaikoon.com\/?page_id=3858"},"modified":"2023-09-18T14:20:49","modified_gmt":"2023-09-18T14:20:49","slug":"apps","status":"publish","type":"page","link":"https:\/\/www.enaikoon.com\/de\/apps\/","title":{"rendered":"Apps"},"content":{"rendered":"\n\n\t\t\t<!-- START mobile_de REVOLUTION SLIDER 6.6.16 --><p class=\"rs-p-wp-fix\"><\/p>\n\t\t\t<rs-module-wrap id=\"rev_slider_33_1_wrapper\" data-source=\"gallery\" style=\"visibility:hidden;background:transparent;padding:0;margin:0px auto;margin-top:0;margin-bottom:0;\">\n\t\t\t\t<rs-module id=\"rev_slider_33_1\" style=\"\" data-version=\"6.6.16\">\n\t\t\t\t\t<rs-slides style=\"overflow: hidden; position: absolute;\">\n\t\t\t\t\t\t<rs-slide style=\"position: absolute;\" data-key=\"rs-52\" data-title=\"banner\" data-anim=\"adpr:false;\">\n\t\t\t\t\t\t\t<img src=\"\/\/www.enaikoon.com\/wp-content\/plugins\/revslider\/public\/assets\/assets\/dummy.png\" alt=\"\" title=\"Apps\" class=\"rev-slidebg tp-rs-img rs-lazyload\" data-lazyload=\"\/\/www.enaikoon.com\/wp-content\/uploads\/2016\/07\/ENAiKOON_mobile_banner.png\" data-no-retina>\n<!--\n\t\t\t\t\t\t\t--><rs-layer\n\t\t\t\t\t\t\t\tid=\"slider-33-slide-52-layer-1\" \n\t\t\t\t\t\t\t\tdata-type=\"image\"\n\t\t\t\t\t\t\t\tdata-rsp_ch=\"on\"\n\t\t\t\t\t\t\t\tdata-text=\"l:22;\"\n\t\t\t\t\t\t\t\tdata-dim=\"w:998px;h:300px;\"\n\t\t\t\t\t\t\t\tdata-frame_0=\"tp:600;\"\n\t\t\t\t\t\t\t\tdata-frame_1=\"tp:600;e:power2.inOut;st:500;\"\n\t\t\t\t\t\t\t\tdata-frame_999=\"o:0;tp:600;e:nothing;st:w;\"\n\t\t\t\t\t\t\t\tstyle=\"z-index:5;\"\n\t\t\t\t\t\t\t><img src=\"\/\/www.enaikoon.com\/wp-content\/plugins\/revslider\/public\/assets\/assets\/dummy.png\" alt=\"\" class=\"tp-rs-img rs-lazyload\" data-lazyload=\"\/wp-content\/uploads\/2016\/07\/ENAiKOON_mobile_banner.png\" data-no-retina> \n\t\t\t\t\t\t\t<\/rs-layer><!--\n\n\t\t\t\t\t\t\t--><rs-layer\n\t\t\t\t\t\t\t\tid=\"slider-33-slide-52-layer-2\" \n\t\t\t\t\t\t\t\tclass=\"medium-blue-text\"\n\t\t\t\t\t\t\t\tdata-type=\"text\"\n\t\t\t\t\t\t\t\tdata-color=\"rgba(70,180,231,1)\"\n\t\t\t\t\t\t\t\tdata-rsp_ch=\"on\"\n\t\t\t\t\t\t\t\tdata-xy=\"x:540px;y:65px;\"\n\t\t\t\t\t\t\t\tdata-text=\"s:32;l:34;fw:700;\"\n\t\t\t\t\t\t\t\tdata-frame_0=\"y:50px;tp:600;\"\n\t\t\t\t\t\t\t\tdata-frame_1=\"tp:600;e:power2.inOut;st:800;sp:500;\"\n\t\t\t\t\t\t\t\tdata-frame_999=\"o:1;tp:600;e:nothing;st:w;\"\n\t\t\t\t\t\t\t\tstyle=\"z-index:6;font-family:'Myriad Pro';color:#12B9FF !important;letter-spacing:0px !important;\"\n\t\t\t\t\t\t\t>Ortung und Management - <br>jederzeit und \u00fcberall  \n\t\t\t\t\t\t\t<\/rs-layer><!--\n\n\t\t\t\t\t\t\t--><rs-layer\n\t\t\t\t\t\t\t\tid=\"slider-33-slide-52-layer-3\" \n\t\t\t\t\t\t\t\tclass=\"small-brown-text\"\n\t\t\t\t\t\t\t\tdata-type=\"text\"\n\t\t\t\t\t\t\t\tdata-color=\"rgba(143,143,143,1)\"\n\t\t\t\t\t\t\t\tdata-rsp_ch=\"on\"\n\t\t\t\t\t\t\t\tdata-xy=\"x:540px;y:150px;\"\n\t\t\t\t\t\t\t\tdata-text=\"s:16;l:20;\"\n\t\t\t\t\t\t\t\tdata-frame_0=\"y:50px;tp:600;\"\n\t\t\t\t\t\t\t\tdata-frame_1=\"tp:600;e:power2.inOut;st:800;sp:500;\"\n\t\t\t\t\t\t\t\tdata-frame_999=\"o:1;tp:600;e:nothing;st:w;\"\n\t\t\t\t\t\t\t\tstyle=\"z-index:7;font-family:'Myriad Pro';letter-spacing:1 !important;font-size:14.4px;line-height:17px;\"\n\t\t\t\t\t\t\t>ENAiKOON Handy Apps erm\u00f6glichen Ihnen,<br>\nauch unterwegs die volle \u00dcbersicht zu behalten \n\t\t\t\t\t\t\t<\/rs-layer><!--\n\n\t\t\t\t\t\t\t--><rs-layer\n\t\t\t\t\t\t\t\tid=\"slider-33-slide-52-layer-4\" \n\t\t\t\t\t\t\t\tdata-type=\"text\"\n\t\t\t\t\t\t\t\tdata-color=\"rgba(255,255,255,1)\"\n\t\t\t\t\t\t\t\tdata-rsp_ch=\"on\"\n\t\t\t\t\t\t\t\tdata-xy=\"x:540px;y:198px;\"\n\t\t\t\t\t\t\t\tdata-text=\"l:22;\"\n\t\t\t\t\t\t\t\tdata-frame_0=\"y:50px;tp:600;\"\n\t\t\t\t\t\t\t\tdata-frame_1=\"tp:600;e:power2.inOut;st:800;sp:500;\"\n\t\t\t\t\t\t\t\tdata-frame_999=\"o:1;tp:600;e:nothing;st:w;\"\n\t\t\t\t\t\t\t\tstyle=\"z-index:8;font-family:'';\"\n\t\t\t\t\t\t\t><a class=\"gl_button_yellow\" href=\"\/de\/ressourcen\/medien\/\">Video inViu routes<\/a> \n\t\t\t\t\t\t\t<\/rs-layer><!--\n-->\t\t\t\t\t\t<\/rs-slide>\n\t\t\t\t\t<\/rs-slides>\n\t\t\t\t<\/rs-module>\n\t\t\t\t<script>\n\t\t\t\t\tsetREVStartSize({c: 'rev_slider_33_1',rl:[1240,1024,778,480],el:[],gw:[998],gh:[300],type:'standard',justify:'',layout:'fullwidth',mh:\"0\"});if (window.RS_MODULES!==undefined && window.RS_MODULES.modules!==undefined && window.RS_MODULES.modules[\"revslider331\"]!==undefined) {window.RS_MODULES.modules[\"revslider331\"].once = false;window.revapi33 = undefined;if (window.RS_MODULES.checkMinimal!==undefined) window.RS_MODULES.checkMinimal()}\n\t\t\t\t<\/script>\n\t\t\t<\/rs-module-wrap>\n\t\t\t<!-- END REVOLUTION SLIDER -->\n<div style=\"height: 47px;\"><\/div>\n\n<p><div class=\"row\"><br>\n\n<div class=\"col-md-6\">\n<\/p><div class=\"gl_h2big\">inViu Apps<\/div>\n<div class=\"gl_mobile_app_icon\">\n\n<a title=\"routes\" href=\"https:\/\/www.enaikoon.com\/de\/apps\/plugins\/routes\/\"><img decoding=\"async\" loading=\"lazy\" src=\"https:\/\/www.enaikoon.com\/wp-content\/uploads\/2016\/07\/mobile_icon1.jpg\" alt=\"routes\" width=\"54\" height=\"138\" border=\"0\"><\/a><br>\n<!--\n<a title=\"NFC-tracker\" href=\"https:\/\/www.enaikoon.com\/de\/apps\/plugins\/nfc-tracker\/\"><img decoding=\"async\" loading=\"lazy\" src=\"https:\/\/www.enaikoon.com\/wp-content\/uploads\/2016\/07\/mobile_icon2.jpg\" alt=\"NFC-tracker\" width=\"54\" height=\"138\" border=\"0\"><\/a><br>\n<a title=\"GPS-details\" href=\"https:\/\/www.enaikoon.com\/de\/apps\/plugins\/gps-details\/\"><img decoding=\"async\" loading=\"lazy\" src=\"https:\/\/www.enaikoon.com\/wp-content\/uploads\/2016\/07\/mobile_icon3.jpg\" alt=\"GPS-details\" width=\"54\" height=\"138\" border=\"0\"><\/a><br>\n<a title=\"traffic-counter\" href=\"https:\/\/www.enaikoon.com\/de\/apps\/plugins\/traffic-counter\/\"><img decoding=\"async\" loading=\"lazy\" src=\"https:\/\/www.enaikoon.com\/wp-content\/uploads\/2016\/07\/mobile_icon4.jpg\" alt=\"Traffic-counter\" width=\"54\" height=\"138\" border=\"0\"><\/a>\n-->\n<\/div>\n<div class=\"gl_space_top9\">Die GPS Handy-Apps &#8211; f\u00fcr Android<sup>\u2122<\/sup>.<br>\nOrtung, Routen, Sicherheit, Kommunikation und&#8230;.<\/div>\n<div class=\"gl_space_top16\"><a class=\"gl_button_blue\" href=\"https:\/\/www.enaikoon.com\/de\/apps\/plugins\/routes\/\">Jetzt Herunterladen<\/a><\/div>\n<p>&nbsp;<\/p>\n<div class=\"gl_space_top16\">&nbsp;<\/div>\n<p>&nbsp;<\/p>\n<p><\/div><\/p>\n\n<div class=\"col-md-6\">\n<div class=\"gl_space_top16\"><\/div>\n<div class=\"gl_h2big\">Weitere Business Apps<\/div>\n<div class=\"gl_space_top2\">Im <a title=\"ginstr app store\" href=\"https:\/\/www.ginstr.com\/de\/apps-de\/\" target=\"_blank\" rel=\"nofollow\">ginstr app store<\/a> finden Sie viele weitere Business Apps.<br>\n<a title=\"ginstr L\u00f6sungen\" href=\"http:\/\/www.ginstr.com\/de\/\" target=\"_blank\" rel=\"nofollow\">ginstr<\/a> bietet kosteng\u00fcnstige und ma\u00dfgeschneiderte Business-L\u00f6sungen f\u00fcr alle Branchen und Einsatzzwecke.<\/div>\n<div class=\"gl_space_top10\"><img decoding=\"async\" src=\"https:\/\/www.enaikoon.com\/wp-content\/uploads\/2016\/07\/mobile_icon7.png\" alt=\"\"><\/div>\n<div class=\"gl_space_top15\">Interessiert? ENAiKOON entwickelt die ginstr L\u00f6sungen und ber\u00e4t Sie gern hinsichtlich Ihrer Anforderungen. Bitte <a title=\"\u00d6ffnet internen Link im aktuellen Fenster\" href=\"https:\/\/www.enaikoon.com\/de\/kontakt\/\">sprechen Sie uns<\/a> an f\u00fcr weitere Informationen.<\/div>\n<p><\/div><div class=\"gl_row_space\"><\/div>\n<p><\/div> \n\n\n<div class=\"row\"><br>\n\t\t<div class=\"col-md-8\"><\/p><div class=\"gl_space_pageleft\">\n<div class=\"gl_h2big\">inViu apps<\/div>\n<p>die innovative und umfassende Sammlung wichtiger Apps rund um GPS bietet viele interessante Features<\/p>\n<p> <\/p><div class=\"gl_space_top10\"><\/div>\n<p>\t <\/p><div class=\"gl_ul_style2\">\n        <ul type=\"square\">\n<li>Standort, Routen, POIs und Fotos auf einer Landkarte<\/li>\n<li>GPS-Position von Zellmasten sammeln<\/li>\n<li>Satelliten-St\u00e4rke und Anzeige im Orbit<\/li>\n<li>Kompass und Tachometer<\/li>\n<li>Fernsteuerung bei Verlust\/Diebstahl<\/li>\n<li>Anti-Diebstahl-Schutz<\/li>\n<li>\u00dcberblick und Kontrolle des Mobilfunk-Datenverbrauchs<\/li>\n<p>        <\/p><\/ul>\n<p>\t<\/p><\/div>\n<p><a href=\"https:\/\/sso.enaikoon.de\/\" title=\"ANMELDEN mit ENAiKOON iD\" target=\"_blank\" rel=\"nofollow\">Melden Sie sich an <\/a>mit Ihren inViu Zugangsdaten oder registrieren Sie sich neu.<br>\n        Wenn Sie online sind, \u00fcbertr\u00e4gt inViu routes Ihren Standort und Ihre Routen ganz automatisch an <a href=\"https:\/\/www.enaikoon.com\/de\/software-de\/\" title=\"inViu\">inViu<\/a> &#8211; kostenfrei bis zu 4 Trackables pro Nutzerkonto!<\/p>\n<p>\t\t<\/p><\/div>\n<p>       <\/div><\/p>\n<p>\t\t<div class=\"col-md-4\">\n        <\/p><div class=\"gl_space_pageright\">\n   \t\t  <div class=\"gl_h2big\"><a href=\"https:\/\/www.enaikoon.com\/de\/apps\/plugins\/routes\/\" title=\"Kostenlose Version herunter!\">Kostenlose Version herunter!<\/a><\/div>\n<p>            <\/p><div class=\"gl_space_top15\"><\/div>\n<div><a class=\"gl_button_grey\" href=\"https:\/\/ota.enaikoon.de\/inViuRoutes\/release\/inViuRoutes.apk\" target=\"_blank\" rel=\"nofollow\">inViu routes app<\/a><\/div>\n<\/div>\n<p>          <\/div><\/p>\n<p>&nbsp;<\/p>\n<div class=\"gl_row_space\">&nbsp;<\/div>\n<p><\/div>\n\n\n<div class=\"row\">\n<\/p><div class=\"gl_line\"><\/div>\n<div class=\"col-md-4\"><div class=\"image_center\"><a title=\"Einen R\u00fcckruf buchen\" href=\"https:\/\/www.enaikoon.com\/de\/kontakt\/unsere-experten\/\"><img decoding=\"async\" src=\"https:\/\/www.enaikoon.com\/wp-content\/uploads\/2016\/07\/Callback-icon_b28529.png\" alt=\"Einen R\u00fcckruf buchen\" border=\"0\"><\/a><\/div>\n<div class=\"gl_h4big\"><a href=\"https:\/\/www.enaikoon.com\/de\/kontakt\/unsere-experten\/\">Einen R\u00fcckruf buchen<\/a><\/div>\n<div>Voller Terminkalender? Unsere Experten rufen Sie gerne zur\u00fcck, <a href=\"https:\/\/www.enaikoon.com\/de\/kontakt\/unsere-experten\/\">wann immer es passt&#8230;<\/a><\/div>\n<p><\/div><br>\n<div class=\"col-md-4\">\n<\/p><div class=\"image_center\"><a title=\"ENAiKOON Blog\" rel=\"nofollow\" href=\"https:\/\/www.enaikoon.com\/blog\/\"><img decoding=\"async\" src=\"https:\/\/www.enaikoon.com\/wp-content\/uploads\/2016\/07\/blog-icon_6e3a10.png\" alt=\"Read the ENAiKOON Blog to learn more about telematics\" border=\"0\"><\/a><\/div>\n<div class=\"gl_h4big\"><a rel=\"nofollow\" href=\"https:\/\/www.enaikoon.com\/blog\/\">BLOG<\/a><\/div>\n<div>Nehmen <a title=\"\u00d6ffnet internen Link im aktuellen Fenster\" rel=\"nofollow\" href=\"https:\/\/www.enaikoon.com\/blog\/\">Sie <\/a>mit unseren erfahrenen Mitarbeitern Kontakt auf, um <a rel=\"nofollow\" href=\"https:\/\/www.enaikoon.com\/blog\/\">Ihr inViu und Ihre Telematik-L\u00f6sung zu optimieren.<\/a><\/div>\n<p><\/div><\/p>\n<div class=\"col-md-4\">\n<\/p><div class=\"gl_space_right10\">\n<div class=\"image_center\"><a title=\"Fordern Sie Ihre kostenlose Testversion an!\" rel=\"nofollow\" href=\"\/de\/kontakt\/testsystem-bestellen\/\"><img decoding=\"async\" src=\"https:\/\/www.enaikoon.com\/wp-content\/uploads\/2016\/07\/Try-n-Buy-icon_12.png\" alt=\"Fordern Sie Ihre kostenlose Testversion an!\" border=\"0\"><\/a><\/div>\n<div class=\"gl_h4big\"><a rel=\"nofollow\" href=\"\/de\/kontakt\/testsystem-bestellen\/\">Jetzt Testen!<\/a><\/div>\n<div>Unsere inViu Demo ist Ihr erster Schritt zu einer kompletten ENAiKOON-L\u00f6sung. <a rel=\"nofollow\" href=\"\/de\/kontakt\/testsystem-bestellen\/\">Fordern Sie Ihre kostenlose Testversion an!<\/a><\/div>\n<p><\/div><div class=\"gl_space_pagebot\"><\/div>\n<p><\/div><\/p>\n<\/div>\n","protected":false},"excerpt":{"rendered":"","protected":false},"author":7,"featured_media":0,"parent":0,"menu_order":0,"comment_status":"closed","ping_status":"closed","template":"","meta":{"footnotes":""},"acf":[],"_links":{"self":[{"href":"https:\/\/www.enaikoon.com\/de\/wp-json\/wp\/v2\/pages\/3858"}],"collection":[{"href":"https:\/\/www.enaikoon.com\/de\/wp-json\/wp\/v2\/pages"}],"about":[{"href":"https:\/\/www.enaikoon.com\/de\/wp-json\/wp\/v2\/types\/page"}],"author":[{"embeddable":true,"href":"https:\/\/www.enaikoon.com\/de\/wp-json\/wp\/v2\/users\/7"}],"replies":[{"embeddable":true,"href":"https:\/\/www.enaikoon.com\/de\/wp-json\/wp\/v2\/comments?post=3858"}],"version-history":[{"count":45,"href":"https:\/\/www.enaikoon.com\/de\/wp-json\/wp\/v2\/pages\/3858\/revisions"}],"predecessor-version":[{"id":18835,"href":"https:\/\/www.enaikoon.com\/de\/wp-json\/wp\/v2\/pages\/3858\/revisions\/18835"}],"wp:attachment":[{"href":"https:\/\/www.enaikoon.com\/de\/wp-json\/wp\/v2\/media?parent=3858"}],"curies":[{"name":"wp","href":"https:\/\/api.w.org\/{rel}","templated":true}]}}