{"id":3856,"date":"2016-07-18T06:59:17","date_gmt":"2016-07-18T06:59:17","guid":{"rendered":"https:\/\/www.enaikoon.com\/?page_id=3856"},"modified":"2019-10-02T20:22:32","modified_gmt":"2019-10-02T20:22:32","slug":"tour-checker","status":"publish","type":"page","link":"https:\/\/www.enaikoon.com\/de\/software-de\/plugins\/tour-checker\/","title":{"rendered":"tour-checker"},"content":{"rendered":"<div class=\"gl_slide_scroll_box\">\n<div class=\"gl_scroll_box\">\n <noindex><\/noindex>\n<ul>\n \t<li><a class=\"gl_scroll_link_title\" href=\"https:\/\/www.enaikoon.com\/de\/software-de\/plugins\/staff-tracker\/\" title=\"staff-tracker\">staff-tracker<\/a>            <a href=\"https:\/\/www.enaikoon.com\/de\/software-de\/plugins\/staff-tracker\/\" title=\"staff-tracker\"><img decoding=\"async\" class=\"gl_scroll_link_img\" src=\"https:\/\/www.enaikoon.com\/wp-content\/uploads\/2016\/07\/staff-tracker.png\" alt=\"\" border=\"0\"><\/a><\/li>\n \t<li><a class=\"gl_scroll_link_title\" href=\"https:\/\/www.enaikoon.com\/de\/software-de\/plugins\/fuel-tracker\/\" title=\"fuel-tracker\">fuel-tracker<\/a>            <a href=\"https:\/\/www.enaikoon.com\/de\/software-de\/plugins\/fuel-tracker\/\" title=\"fuel-tracker\"><img decoding=\"async\" class=\"gl_scroll_link_img\" src=\"https:\/\/www.enaikoon.com\/wp-content\/uploads\/2016\/07\/fuel-tracker.png\" alt=\"\" border=\"0\"><\/a><\/li>\n \t<li><a class=\"gl_scroll_link_title\" href=\"https:\/\/www.enaikoon.com\/de\/software-de\/plugins\/can-66\/\" title=\"can-66\">can-66<\/a>            <a href=\"https:\/\/www.enaikoon.com\/de\/software-de\/plugins\/can-66\/\" title=\"can-66\"><img decoding=\"async\" class=\"gl_scroll_link_img\" src=\"https:\/\/www.enaikoon.com\/wp-content\/uploads\/2016\/07\/can-66.png\" alt=\"\" border=\"0\"><\/a><\/li>\n \t<li><a class=\"gl_scroll_link_title\" href=\"https:\/\/www.enaikoon.com\/de\/software-de\/plugins\/limit-checker\/\" title=\"limit-checker\">limit-checker<\/a>            <a href=\"https:\/\/www.enaikoon.com\/de\/software-de\/plugins\/limit-checker\/\" title=\"limit-checker\"><img decoding=\"async\" class=\"gl_scroll_link_img\" src=\"https:\/\/www.enaikoon.com\/wp-content\/uploads\/2016\/07\/limit-checker.png\" alt=\"\" border=\"0\"><\/a><\/li>\n \t<li><a class=\"gl_scroll_link_title\" href=\"https:\/\/www.enaikoon.com\/de\/software-de\/plugins\/messenger\/\" title=\"messenger\">messenger<\/a>            <a href=\"https:\/\/www.enaikoon.com\/de\/software-de\/plugins\/messenger\/\" title=\"messenger\"><img decoding=\"async\" class=\"gl_scroll_link_img\" src=\"https:\/\/www.enaikoon.com\/wp-content\/uploads\/2016\/07\/messenger.png\" alt=\"\" border=\"0\"><\/a><\/li>\n \t<li><a class=\"gl_scroll_link_title\" href=\"https:\/\/www.enaikoon.com\/de\/software-de\/plugins\/temp-checker\/\" title=\"temp-checker\">temp-checker<\/a>            <a href=\"https:\/\/www.enaikoon.com\/de\/software-de\/plugins\/temp-checker\/\" title=\"temp-checker\"><img decoding=\"async\" class=\"gl_scroll_link_img\" src=\"https:\/\/www.enaikoon.com\/wp-content\/uploads\/2016\/07\/temp-checker.png\" alt=\"\" border=\"0\"><\/a><\/li>\n \t<li><a class=\"gl_scroll_link_title\" href=\"https:\/\/www.enaikoon.com\/de\/software-de\/plugins\/tour-checker\/\" title=\"tour-checker\">tour-checker<\/a>\n<a href=\"https:\/\/www.enaikoon.com\/de\/software-de\/plugins\/tour-checker\/\" title=\"tour-checker\"><img decoding=\"async\" class=\"gl_scroll_link_img_active\" src=\"https:\/\/www.enaikoon.com\/wp-content\/uploads\/2016\/07\/tour-checker.png\" alt=\"\" border=\"0\"><\/a><\/li>\n<\/ul>\n<\/div>\n<\/div>\n<div class=\"row\">\n<div class=\"gl_border-page\">\n\n\t\t<div class=\"col-md-4\">\n<div><img decoding=\"async\" src=\"https:\/\/www.enaikoon.com\/wp-content\/uploads\/2016\/07\/4081ca9a94.png\" title=\"ENAiKOON tour-checker\" alt=\"ENAiKOON tour-checker\" border=\"0\" align=\"left\"><\/div>\n<h2>&nbsp;ENAiKOON\n&nbsp;tour-checker<\/h2>\n<\/div>\n\n<div class=\"col-md-4\">\n<div>&nbsp;<\/div>\n<\/div>\n\n<div class=\"col-md-4\">\n<div>&nbsp;<\/div>\n<\/div>\n<div class=\"gl_row_space\"><\/div>\n<div class=\"col-md-4\">\n<div class=\"gl_h5-italic\"><strong>ENAiKOON tour-checker<\/strong> ist die Anwendung, die Versp\u00e4tungen w\u00e4hrend Ihrer Flottenfahrten kontrolliert und erkennt \u2013 sie erm\u00f6glicht Ihnen, schnell zu reagieren und so die Auftr\u00e4ge p\u00fcnktlich zu erledigen. Verhindern Sie unn\u00f6tige Zusatzkosten, \u00c4rger mit Kunden oder den Verlust von Auftr\u00e4gen.<\/div>\n<div>&nbsp;<\/div>\n<div class=\"gl_h4big\">Anwendungen<\/div>\n<div>Einsatz in den verschiedensten Branchen wie\nLogistik: Lebensmitteltransporte\nVerwaltung: \u00d6PNV, Winterdienst oder Stra\u00dfenreinigigung\nFacility Management:  Reinigungs-Service, Sicherheitsdienstleistungen,\nGesundheits: Pflegedienst, Organtransporte<\/div>\n<\/div>\n\n<div class=\"col-md-4\">\n<div class=\"gl_h4big\">Hauptfunktionen<\/div>\n<ul class=\"gl_space_ul2\" type=\"square\">\n \t<li class=\"gl_space_li\">Planen Sie regelm\u00e4\u00dfige Touren und legen Sie die Fahrtziele fest<\/li>\n \t<li class=\"gl_space_li\">Definieren Sie Starttermine, Reihenfolge und den zeitlichen Abstand zwischen den Fahrtzielen<\/li>\n \t<li class=\"gl_space_li\">Richten Sie Geofences ein, um einen sofortigen Alarm zu erhalten, wenn eine Abweichung von der geplanten Strecke erfolgt<\/li>\n \t<li class=\"gl_space_li\">Bei Abweichungen k\u00f6nnen Sie direkt angemessen reagieren, z.B. den Kunden anrufen, ein Ersatzfahrzeug bestimmen, eine neue Route festlegen, usw.<\/li>\n \t<li class=\"gl_space_li\">Sie und Ihre Kunden oder Auftraggeber erfahren eine neue Servicequalit\u00e4t<\/li>\n<\/ul>\n<\/div>\n\n<div class=\"col-md-4\">\n<div class=\"gl_h4big\">Kombinationsm\u00f6glichkeiten<\/div>\n<div><a href=\"https:\/\/www.enaikoon.com\/de\/geraete\/locate-serie\/locate-04\/\" title=\"ENAiKOON locate-04\">ENAiKOON locate-04<\/a> oder <a href=\"https:\/\/www.enaikoon.com\/de\/geraete\/locate-serie\/locate-06\/\" title=\"ENAiKOON locate-06\">ENAiKOON locate-06<\/a> + ENAiKOON driver-id + <a href=\"https:\/\/www.enaikoon.com\/de\/software-de\/inviu-pro\/\">inViu pro<\/a> + ENAiKOON tour-checker = Optimale Fahrtorganisation und perfektes Flottenmanagement f\u00fcr den besten Service.<\/div>\n<div><a class=\"gl_button_grey\" href=\"https:\/\/www.enaikoon.com\/fileadmin\/enaikoon\/Dateien\/pdf\/Datenblatt\/tour-checker\/deutsch\/ENAiKOON_tour-checker_Datenblatt.pdf\" target=\"_blank\" rel=\"nofollow\" noreferrer\">DATENBLATT HERUNTERLADEN<\/a><\/div>\n<div><a class=\"gl_button_yellow\" href=\"https:\/\/www.enaikoon.com\/de\/kontakt\/testsystem-bestellen\/\">Testsystem bestellen<\/a><\/div>\n<div><a class=\"gl_button_blue\" href=\"https:\/\/www.enaikoon.com\/de\/kontakt\/kontakt\/\">Sprechen Sie uns an<\/a><\/div>\n<\/div>\n<div class=\"gl_row_space\"><\/div>\n<\/div>\n<\/div>","protected":false},"excerpt":{"rendered":"<p> [&hellip;]<\/p>\n","protected":false},"author":7,"featured_media":0,"parent":3764,"menu_order":0,"comment_status":"closed","ping_status":"closed","template":"","meta":{"footnotes":""},"acf":[],"_links":{"self":[{"href":"https:\/\/www.enaikoon.com\/de\/wp-json\/wp\/v2\/pages\/3856"}],"collection":[{"href":"https:\/\/www.enaikoon.com\/de\/wp-json\/wp\/v2\/pages"}],"about":[{"href":"https:\/\/www.enaikoon.com\/de\/wp-json\/wp\/v2\/types\/page"}],"author":[{"embeddable":true,"href":"https:\/\/www.enaikoon.com\/de\/wp-json\/wp\/v2\/users\/7"}],"replies":[{"embeddable":true,"href":"https:\/\/www.enaikoon.com\/de\/wp-json\/wp\/v2\/comments?post=3856"}],"version-history":[{"count":7,"href":"https:\/\/www.enaikoon.com\/de\/wp-json\/wp\/v2\/pages\/3856\/revisions"}],"predecessor-version":[{"id":17461,"href":"https:\/\/www.enaikoon.com\/de\/wp-json\/wp\/v2\/pages\/3856\/revisions\/17461"}],"up":[{"embeddable":true,"href":"https:\/\/www.enaikoon.com\/de\/wp-json\/wp\/v2\/pages\/3764"}],"wp:attachment":[{"href":"https:\/\/www.enaikoon.com\/de\/wp-json\/wp\/v2\/media?parent=3856"}],"curies":[{"name":"wp","href":"https:\/\/api.w.org\/{rel}","templated":true}]}}