{"id":3854,"date":"2016-07-18T06:58:48","date_gmt":"2016-07-18T06:58:48","guid":{"rendered":"https:\/\/www.enaikoon.com\/?page_id=3854"},"modified":"2019-10-02T20:22:10","modified_gmt":"2019-10-02T20:22:10","slug":"temp-checker","status":"publish","type":"page","link":"https:\/\/www.enaikoon.com\/de\/software-de\/plugins\/temp-checker\/","title":{"rendered":"temp-checker"},"content":{"rendered":"<div class=\"gl_slide_scroll_box\">\n<div class=\"gl_scroll_box\">\n <noindex><\/noindex>\n<ul>\n \t<li><a class=\"gl_scroll_link_title\" href=\"https:\/\/www.enaikoon.com\/de\/software-de\/plugins\/staff-tracker\/\" title=\"staff-tracker\">staff-tracker<\/a>            <a href=\"https:\/\/www.enaikoon.com\/de\/software-de\/plugins\/staff-tracker\/\" title=\"staff-tracker\"><img decoding=\"async\" class=\"gl_scroll_link_img\" src=\"https:\/\/www.enaikoon.com\/wp-content\/uploads\/2016\/07\/staff-tracker.png\" alt=\"\" border=\"0\"><\/a><\/li>\n \t<li><a class=\"gl_scroll_link_title\" href=\"https:\/\/www.enaikoon.com\/de\/software-de\/plugins\/fuel-tracker\/\" title=\"fuel-tracker\">fuel-tracker<\/a>            <a href=\"https:\/\/www.enaikoon.com\/de\/software-de\/plugins\/fuel-tracker\/\" title=\"fuel-tracker\"><img decoding=\"async\" class=\"gl_scroll_link_img\" src=\"https:\/\/www.enaikoon.com\/wp-content\/uploads\/2016\/07\/fuel-tracker.png\" alt=\"\" border=\"0\"><\/a><\/li>\n \t<li><a class=\"gl_scroll_link_title\" href=\"https:\/\/www.enaikoon.com\/de\/software-de\/plugins\/can-66\/\" title=\"can-66\">can-66<\/a>            <a href=\"https:\/\/www.enaikoon.com\/de\/software-de\/plugins\/can-66\/\" title=\"can-66\"><img decoding=\"async\" class=\"gl_scroll_link_img\" src=\"https:\/\/www.enaikoon.com\/wp-content\/uploads\/2016\/07\/can-66.png\" alt=\"\" border=\"0\"><\/a><\/li>\n \t<li><a class=\"gl_scroll_link_title\" href=\"https:\/\/www.enaikoon.com\/de\/software-de\/plugins\/limit-checker\/\" title=\"limit-checker\">limit-checker<\/a>            <a href=\"https:\/\/www.enaikoon.com\/de\/software-de\/plugins\/limit-checker\/\" title=\"limit-checker\"><img decoding=\"async\" class=\"gl_scroll_link_img\" src=\"https:\/\/www.enaikoon.com\/wp-content\/uploads\/2016\/07\/limit-checker.png\" alt=\"\" border=\"0\"><\/a><\/li>\n \t<li><a class=\"gl_scroll_link_title\" href=\"https:\/\/www.enaikoon.com\/de\/software-de\/plugins\/messenger\/\" title=\"messenger\">messenger<\/a>            <a href=\"https:\/\/www.enaikoon.com\/de\/software-de\/plugins\/messenger\/\" title=\"messenger\"><img decoding=\"async\" class=\"gl_scroll_link_img\" src=\"https:\/\/www.enaikoon.com\/wp-content\/uploads\/2016\/07\/messenger.png\" alt=\"\" border=\"0\"><\/a><\/li>\n \t<li><a class=\"gl_scroll_link_title\" href=\"https:\/\/www.enaikoon.com\/de\/software-de\/plugins\/temp-checker\/\" title=\"temp-checker\">temp-checker<\/a>            <a href=\"https:\/\/www.enaikoon.com\/de\/software-de\/plugins\/temp-checker\/\" title=\"temp-checker\"><img decoding=\"async\" class=\"gl_scroll_link_img_active\" src=\"https:\/\/www.enaikoon.com\/wp-content\/uploads\/2016\/07\/temp-checker.png\" alt=\"\" border=\"0\"><\/a><\/li>\n \t<li><a class=\"gl_scroll_link_title\" href=\"https:\/\/www.enaikoon.com\/de\/software-de\/plugins\/tour-checker\/\" title=\"tour-checker\">tour-checker<\/a>\n<a href=\"https:\/\/www.enaikoon.com\/de\/software-de\/plugins\/tour-checker\/\" title=\"tour-checker\"><img decoding=\"async\" class=\"gl_scroll_link_img\" src=\"https:\/\/www.enaikoon.com\/wp-content\/uploads\/2016\/07\/tour-checker.png\" alt=\"\" border=\"0\"><\/a><\/li>\n<\/ul>\n<\/div>\n<\/div>\n<div class=\"row\">\n<div class=\"gl_border-page\">\n\n\t\t<div class=\"col-md-4\">\n<div><img decoding=\"async\" src=\"https:\/\/www.enaikoon.com\/wp-content\/uploads\/2016\/07\/49dd912814.png\" title=\"ENAiKOON temp-checker\" alt=\"ENAiKOON temp-checker\" border=\"0\" align=\"left\"><\/div>\n<h2>&nbsp;ENAiKOON\n&nbsp;temp-checker<\/h2>\n<\/div>\n\n<div class=\"col-md-4\">\n<div>&nbsp;<\/div>\n<\/div>\n\n<div class=\"col-md-4\">\n<div>&nbsp;<\/div>\n<\/div>\n<div class=\"gl_row_space\"><\/div>\n<div class=\"col-md-4\">\n<div class=\"gl_h5-italic\"><strong>ENAiKOON temp-checker<\/strong> kontrolliert die Temperaturen von z.B. K\u00fchlaufliegern, Motor\u00f6l, Hydraulik\u00f6l und K\u00fchlmittel. Bei \u00dcber- oder Unterschreitung von definierten Schwellwerten erfolgt automatisch eine Alarmierung per E-Mail.<\/div>\n<div>&nbsp;<\/div>\n<div class=\"gl_h4big\">Anwendungen<\/div>\n<div>Einsatz in den verschiedensten Branchen wie:\nLogistik f\u00fcr K\u00fchltransporte; Maschinen\u00fcberwachung in der Baumaschinenbranche;\nTransporte von Blutkonserven und Organen;\n\u00dcberwachung von Temperaturen an entfernten Orten, z.B. Wasserleitungen im Ferienhaus<\/div>\n<\/div>\n\n<div class=\"col-md-4\">\n<div class=\"gl_h4big\">Hauptfunktionen<\/div>\n<ul class=\"gl_space_ul2\" type=\"square\">\n \t<li class=\"gl_space_li\">Kontinuierliche Messung und Protokollierung von Temperaturen unterst\u00fctzt den Nachweis einer ununterbrochenen K\u00fchlkette<\/li>\n \t<li class=\"gl_space_li\">Alarmierung per E-Mail bei \u00dcberschreitung von Temperaturen bei z.B. Motor\u00f6l oder K\u00fchltransporten<\/li>\n \t<li class=\"gl_space_li\">Alarmierung per E-Mail bei Unterschreitung von Temperaturen bei z.B. Wasserleitungen<\/li>\n \t<li class=\"gl_space_li\">Bis zu 16 Temperatursensoren k\u00f6nnen an ein ENAiKOON Ortungsmodul angeschlossen und deren Daten getrennt voneinander \u00fcbermittelt werden<\/li>\n<\/ul>\n<\/div>\n\n<div class=\"col-md-4\">\n<div class=\"gl_h4big\">Kombinationsm\u00f6glichkeiten<\/div>\n<div>ENAiKOON temp-checker + <a href=\"https:\/\/www.enaikoon.com\/de\/software-de\/inviu-pro\/\">inViu pro<\/a> + <a href=\"https:\/\/www.enaikoon.com\/de\/geraete\/locate-serie\/locate-06\/\" title=\"ENAiKOON locate-06\">ENAiKOON locate-06<\/a> + <a href=\"https:\/\/www.enaikoon.com\/de\/geraete\/zubehoer\/temp-sensor\/\" title=\"\u00d6ffnet internen Link im aktuellen Fenster\">ENAiKOON temp-sensor<\/a> = Verhinderung von Sch\u00e4den, Nachweis der ununterbrochenen K\u00fchlkette und die Sicherheit, alle Temperaturen jederzeit im Blick zu haben.<\/div>\n<div><a class=\"gl_button_grey\" href=\"https:\/\/www.enaikoon.com\/fileadmin\/enaikoon\/Dateien\/pdf\/Datenblatt\/temp-checker\/deutsch\/ENAiKOON_temp-checker_data_sheet.pdf\" target=\"_blank\" rel=\"nofollow\" noreferrer\">DATENBLATT HERUNTERLADEN<\/a><\/div>\n<div><a class=\"gl_button_yellow\" href=\"https:\/\/www.enaikoon.com\/de\/kontakt\/testsystem-bestellen\/\">Testsystem bestellen<\/a><\/div>\n<div><a class=\"gl_button_blue\" href=\"https:\/\/www.enaikoon.com\/de\/kontakt\/kontakt\/\">Sprechen Sie uns an<\/a><\/div>\n<\/div>\n<div class=\"gl_row_space\"><\/div>\n<\/div>\n<\/div>","protected":false},"excerpt":{"rendered":"<p> [&hellip;]<\/p>\n","protected":false},"author":7,"featured_media":0,"parent":3764,"menu_order":0,"comment_status":"closed","ping_status":"closed","template":"","meta":{"footnotes":""},"acf":[],"_links":{"self":[{"href":"https:\/\/www.enaikoon.com\/de\/wp-json\/wp\/v2\/pages\/3854"}],"collection":[{"href":"https:\/\/www.enaikoon.com\/de\/wp-json\/wp\/v2\/pages"}],"about":[{"href":"https:\/\/www.enaikoon.com\/de\/wp-json\/wp\/v2\/types\/page"}],"author":[{"embeddable":true,"href":"https:\/\/www.enaikoon.com\/de\/wp-json\/wp\/v2\/users\/7"}],"replies":[{"embeddable":true,"href":"https:\/\/www.enaikoon.com\/de\/wp-json\/wp\/v2\/comments?post=3854"}],"version-history":[{"count":8,"href":"https:\/\/www.enaikoon.com\/de\/wp-json\/wp\/v2\/pages\/3854\/revisions"}],"predecessor-version":[{"id":17460,"href":"https:\/\/www.enaikoon.com\/de\/wp-json\/wp\/v2\/pages\/3854\/revisions\/17460"}],"up":[{"embeddable":true,"href":"https:\/\/www.enaikoon.com\/de\/wp-json\/wp\/v2\/pages\/3764"}],"wp:attachment":[{"href":"https:\/\/www.enaikoon.com\/de\/wp-json\/wp\/v2\/media?parent=3854"}],"curies":[{"name":"wp","href":"https:\/\/api.w.org\/{rel}","templated":true}]}}