{"id":3852,"date":"2016-07-18T06:58:23","date_gmt":"2016-07-18T06:58:23","guid":{"rendered":"https:\/\/www.enaikoon.com\/?page_id=3852"},"modified":"2019-10-02T20:21:40","modified_gmt":"2019-10-02T20:21:40","slug":"messenger","status":"publish","type":"page","link":"https:\/\/www.enaikoon.com\/de\/software-de\/plugins\/messenger\/","title":{"rendered":"messenger"},"content":{"rendered":"<div class=\"gl_slide_scroll_box\">\n<div class=\"gl_scroll_box\">\n <noindex><\/noindex>\n<ul>\n \t<li><a class=\"gl_scroll_link_title\" href=\"https:\/\/www.enaikoon.com\/de\/software-de\/plugins\/staff-tracker\/\" title=\"staff-tracker\">staff-tracker<\/a>            <a href=\"https:\/\/www.enaikoon.com\/de\/software-de\/plugins\/staff-tracker\/\" title=\"staff-tracker\"><img decoding=\"async\" class=\"gl_scroll_link_img\" src=\"https:\/\/www.enaikoon.com\/wp-content\/uploads\/2016\/07\/staff-tracker.png\" alt=\"ENAiKOON messenger provides low-cost internal communications between the dispatch and drivers\" title=\"ENAiKOON messenger\" border=\"0\"><\/a><\/li>\n \t<li><a class=\"gl_scroll_link_title\" href=\"https:\/\/www.enaikoon.com\/de\/software-de\/plugins\/fuel-tracker\/\" title=\"fuel-tracker\">fuel-tracker<\/a>            <a href=\"https:\/\/www.enaikoon.com\/de\/software-de\/plugins\/fuel-tracker\/\" title=\"fuel-tracker\"><img decoding=\"async\" class=\"gl_scroll_link_img\" src=\"https:\/\/www.enaikoon.com\/wp-content\/uploads\/2016\/07\/fuel-tracker.png\" alt=\"\" border=\"0\"><\/a><\/li>\n \t<li><a class=\"gl_scroll_link_title\" href=\"https:\/\/www.enaikoon.com\/de\/software-de\/plugins\/can-66\/\" title=\"can-66\">can-66<\/a>            <a href=\"https:\/\/www.enaikoon.com\/de\/software-de\/plugins\/can-66\/\" title=\"can-66\"><img decoding=\"async\" class=\"gl_scroll_link_img\" src=\"https:\/\/www.enaikoon.com\/wp-content\/uploads\/2016\/07\/can-66.png\" alt=\"\" border=\"0\"><\/a><\/li>\n \t<li><a class=\"gl_scroll_link_title\" href=\"https:\/\/www.enaikoon.com\/de\/software-de\/plugins\/limit-checker\/\" title=\"limit-checker\">limit-checker<\/a>            <a href=\"https:\/\/www.enaikoon.com\/de\/software-de\/plugins\/limit-checker\/\" title=\"limit-checker\"><img decoding=\"async\" class=\"gl_scroll_link_img\" src=\"https:\/\/www.enaikoon.com\/wp-content\/uploads\/2016\/07\/limit-checker.png\" alt=\"\" border=\"0\"><\/a><\/li>\n \t<li><a class=\"gl_scroll_link_title\" href=\"https:\/\/www.enaikoon.com\/de\/software-de\/plugins\/messenger\/\" title=\"messenger\">messenger<\/a>            <a href=\"https:\/\/www.enaikoon.com\/de\/software-de\/plugins\/messenger\/\" title=\"messenger\"><img decoding=\"async\" class=\"gl_scroll_link_img_active\" src=\"https:\/\/www.enaikoon.com\/wp-content\/uploads\/2016\/07\/messenger.png\" alt=\"\" border=\"0\"><\/a><\/li>\n \t<li><a class=\"gl_scroll_link_title\" href=\"https:\/\/www.enaikoon.com\/de\/software-de\/plugins\/temp-checker\/\" title=\"temp-checker\">temp-checker<\/a>            <a href=\"https:\/\/www.enaikoon.com\/de\/software-de\/plugins\/temp-checker\/\" title=\"temp-checker\"><img decoding=\"async\" class=\"gl_scroll_link_img\" src=\"https:\/\/www.enaikoon.com\/wp-content\/uploads\/2016\/07\/temp-checker.png\" alt=\"\" border=\"0\"><\/a><\/li>\n \t<li><a class=\"gl_scroll_link_title\" href=\"https:\/\/www.enaikoon.com\/de\/software-de\/plugins\/tour-checker\/\" title=\"tour-checker\">tour-checker<\/a>\n<a href=\"https:\/\/www.enaikoon.com\/de\/software-de\/plugins\/tour-checker\/\" title=\"tour-checker\"><img decoding=\"async\" class=\"gl_scroll_link_img\" src=\"https:\/\/www.enaikoon.com\/wp-content\/uploads\/2016\/07\/tour-checker.png\" alt=\"\" border=\"0\"><\/a><\/li>\n<\/ul>\n<\/div>\n<\/div>\n<div class=\"row\">\n<div class=\"gl_border-page\">\n\n\t\t<div class=\"col-md-4\">\n<div><img decoding=\"async\" src=\"https:\/\/www.enaikoon.com\/wp-content\/uploads\/2016\/07\/50ee34a87d.png\" alt=\"\" border=\"0\" align=\"left\"><\/div>\n<h2>&nbsp;ENAiKOON\n&nbsp;messenger<\/h2>\n<\/div>\n\n<div class=\"col-md-4\">\n<div>&nbsp;<\/div>\n<\/div>\n\n<div class=\"col-md-4\">\n<div>&nbsp;<\/div>\n<\/div>\n<div class=\"gl_row_space\"><\/div>\n<div class=\"col-md-4\">\n<div class=\"gl_h5-italic\"><strong>ENAiKOON messenger<\/strong> ist die Anwendung, die Ihnen dabei hilft Ihre Arbeitsauftr\u00e4ge und Ihren Flotteneinsatz zu optimieren. Er senkt die Kosten f\u00fcr Kommunikations-Systeme und steigert die Produktivit\u00e4t Ihrer Fahrer.<\/div>\n<div>&nbsp;<\/div>\n<div class=\"gl_h4big\">Anwendungen<\/div>\n<div>F\u00fcr jede Branche, die Fahrzeug- und Flottenmanagement ben\u00f6tigt: Transport und Logistik, Taxi-Unternehmen, Lieferservice, Bauindustrie, Verwaltungsorganisationen wie Polizei, Feuerwehr&#8230;<\/div>\n<\/div>\n\n<div class=\"col-md-4\">\n<div class=\"gl_h4big\">Hauptfunktionen<\/div>\n<ul class=\"gl_space_ul2\" type=\"square\">\n \t<li class=\"gl_space_li\">Vereinfachen und verbessern Sie die Kommunikation mit Ihren Fahrern<\/li>\n \t<li class=\"gl_space_li\">Versenden Sie schriftliche Nachrichten und Aufforderungen sicher und nachvollziehbar<\/li>\n \t<li class=\"gl_space_li\">Mit dem ENAiKOON messenger sind Sie immer \u00fcber die aktuellsten Auftragsabwicklungen, Standorte und Ankunftszeiten informiert<\/li>\n \t<li class=\"gl_space_li\">Strukturieren Sie Ihre Logistik zum Vorteil aller: Disponent, Fahrer und Kunden<\/li>\n<\/ul>\n<\/div>\n\n<div class=\"col-md-4\">\n<div class=\"gl_h4big\">Kombinationsm\u00f6glichkeiten<\/div>\n<div>ENAiKOON messenger + <a href=\"https:\/\/www.enaikoon.com\/de\/software-de\/inviu-pro\/\">inViu pro<\/a> + <a href=\"https:\/\/www.enaikoon.com\/de\/geraete\/locate-serie\/locate-06\/\" title=\"ENAiKOON locate-06\">ENAiKOON locate-06<\/a> + <a href=\"https:\/\/www.enaikoon.com\/de\/geraete\/zubehoer\/display\/\" title=\"ENAiKOON display\">ENAiKOON display<\/a> z.B. ein Garmin\u00ae n\u00fcvi\u00ae = optimierte Auftrags\u00fcbermittlung und Kommunikation zur Steigerung der Produktivit\u00e4t und Kosteneinsparung.<\/div>\n<div><a class=\"gl_button_grey\" href=\"https:\/\/www.enaikoon.com\/fileadmin\/enaikoon\/Dateien\/pdf\/Datenblatt\/messenger\/deutsch\/ENAiKOON_messenger_Datenblatt.pdf\" target=\"_blank\" rel=\"nofollow\" noreferrer\">DATENBLATT HERUNTERLADEN<\/a><\/div>\n<div><a class=\"gl_button_yellow\" href=\"https:\/\/www.enaikoon.com\/de\/kontakt\/testsystem-bestellen\/\">Testsystem bestellen<\/a><\/div>\n<div><a class=\"gl_button_blue\" href=\"https:\/\/www.enaikoon.com\/de\/kontakt\/kontakt\/\">Sprechen Sie uns an<\/a><\/div>\n<\/div>\n<div class=\"gl_row_space\"><\/div>\n<\/div>\n<\/div>","protected":false},"excerpt":{"rendered":"<p> [&hellip;]<\/p>\n","protected":false},"author":7,"featured_media":0,"parent":3764,"menu_order":0,"comment_status":"closed","ping_status":"closed","template":"","meta":{"footnotes":""},"acf":[],"_links":{"self":[{"href":"https:\/\/www.enaikoon.com\/de\/wp-json\/wp\/v2\/pages\/3852"}],"collection":[{"href":"https:\/\/www.enaikoon.com\/de\/wp-json\/wp\/v2\/pages"}],"about":[{"href":"https:\/\/www.enaikoon.com\/de\/wp-json\/wp\/v2\/types\/page"}],"author":[{"embeddable":true,"href":"https:\/\/www.enaikoon.com\/de\/wp-json\/wp\/v2\/users\/7"}],"replies":[{"embeddable":true,"href":"https:\/\/www.enaikoon.com\/de\/wp-json\/wp\/v2\/comments?post=3852"}],"version-history":[{"count":8,"href":"https:\/\/www.enaikoon.com\/de\/wp-json\/wp\/v2\/pages\/3852\/revisions"}],"predecessor-version":[{"id":17459,"href":"https:\/\/www.enaikoon.com\/de\/wp-json\/wp\/v2\/pages\/3852\/revisions\/17459"}],"up":[{"embeddable":true,"href":"https:\/\/www.enaikoon.com\/de\/wp-json\/wp\/v2\/pages\/3764"}],"wp:attachment":[{"href":"https:\/\/www.enaikoon.com\/de\/wp-json\/wp\/v2\/media?parent=3852"}],"curies":[{"name":"wp","href":"https:\/\/api.w.org\/{rel}","templated":true}]}}