{"id":3847,"date":"2016-07-18T06:56:56","date_gmt":"2016-07-18T06:56:56","guid":{"rendered":"https:\/\/www.enaikoon.com\/?page_id=3847"},"modified":"2020-02-04T16:02:32","modified_gmt":"2020-02-04T16:02:32","slug":"can-66","status":"publish","type":"page","link":"https:\/\/www.enaikoon.com\/de\/software-de\/plugins\/can-66\/","title":{"rendered":"can-66"},"content":{"rendered":"<div class=\"gl_slide_scroll_box\">\n<div class=\"gl_scroll_box\">\n <noindex><\/noindex>\n<ul>\n \t<li><a class=\"gl_scroll_link_title\" href=\"https:\/\/www.enaikoon.com\/de\/software-de\/plugins\/staff-tracker\/\" title=\"staff-tracker\">staff-tracker<\/a>            <a href=\"https:\/\/www.enaikoon.com\/de\/software-de\/plugins\/staff-tracker\/\" title=\"staff-tracker\"><img decoding=\"async\" class=\"gl_scroll_link_img\" src=\"https:\/\/www.enaikoon.com\/wp-content\/uploads\/2016\/07\/staff-tracker.png\" alt=\"\" border=\"0\"><\/a><\/li>\n \t<li><a class=\"gl_scroll_link_title\" href=\"https:\/\/www.enaikoon.com\/de\/software-de\/plugins\/fuel-tracker\/\" title=\"fuel-tracker\">fuel-tracker<\/a>            <a href=\"https:\/\/www.enaikoon.com\/de\/software-de\/plugins\/fuel-tracker\/\" title=\"fuel-tracker\"><img decoding=\"async\" class=\"gl_scroll_link_img\" src=\"https:\/\/www.enaikoon.com\/wp-content\/uploads\/2016\/07\/fuel-tracker.png\" alt=\"\" border=\"0\"><\/a><\/li>\n \t<li><a class=\"gl_scroll_link_title\" href=\"https:\/\/www.enaikoon.com\/de\/software-de\/plugins\/can-66\/\" title=\"can-66\">can-66<\/a>            <a href=\"https:\/\/www.enaikoon.com\/de\/software-de\/plugins\/can-66\/\" title=\"can-66\"><img decoding=\"async\" class=\"gl_scroll_link_img_active\" src=\"https:\/\/www.enaikoon.com\/wp-content\/uploads\/2016\/07\/can-66.png\" alt=\"\" border=\"0\"><\/a><\/li>\n \t<li><a class=\"gl_scroll_link_title\" href=\"https:\/\/www.enaikoon.com\/de\/software-de\/plugins\/limit-checker\/\" title=\"limit-checker\">limit-checker<\/a>            <a href=\"https:\/\/www.enaikoon.com\/de\/software-de\/plugins\/limit-checker\/\" title=\"limit-checker\"><img decoding=\"async\" class=\"gl_scroll_link_img\" src=\"https:\/\/www.enaikoon.com\/wp-content\/uploads\/2016\/07\/limit-checker.png\" alt=\"\" border=\"0\"><\/a><\/li>\n \t<li><a class=\"gl_scroll_link_title\" href=\"https:\/\/www.enaikoon.com\/de\/software-de\/plugins\/messenger\/\" title=\"messenger\">messenger<\/a>            <a href=\"https:\/\/www.enaikoon.com\/de\/software-de\/plugins\/messenger\/\" title=\"messenger\"><img decoding=\"async\" class=\"gl_scroll_link_img\" src=\"https:\/\/www.enaikoon.com\/wp-content\/uploads\/2016\/07\/messenger.png\" alt=\"\" border=\"0\"><\/a><\/li>\n \t<li><a class=\"gl_scroll_link_title\" href=\"https:\/\/www.enaikoon.com\/de\/software-de\/plugins\/temp-checker\/\" title=\"temp-checker\">temp-checker<\/a>            <a href=\"https:\/\/www.enaikoon.com\/de\/software-de\/plugins\/temp-checker\/\" title=\"temp-checker\"><img decoding=\"async\" class=\"gl_scroll_link_img\" src=\"https:\/\/www.enaikoon.com\/wp-content\/uploads\/2016\/07\/temp-checker.png\" alt=\"\" border=\"0\"><\/a><\/li>\n \t<li><a class=\"gl_scroll_link_title\" href=\"https:\/\/www.enaikoon.com\/de\/software-de\/plugins\/tour-checker\/\" title=\"tour-checker\">tour-checker<\/a>\n<a href=\"https:\/\/www.enaikoon.com\/de\/software-de\/plugins\/tour-checker\/\" title=\"tour-checker\"><img decoding=\"async\" class=\"gl_scroll_link_img\" src=\"https:\/\/www.enaikoon.com\/wp-content\/uploads\/2016\/07\/tour-checker.png\" alt=\"\" border=\"0\"><\/a><\/li>\n<\/ul>\n<\/div>\n<\/div>\n<div class=\"row\">\n<div class=\"gl_border-page\">\n\n\t\t<div class=\"col-md-4\">\n<div><img decoding=\"async\" src=\"https:\/\/www.enaikoon.com\/wp-content\/uploads\/2016\/07\/b1a30d98c0.png\" title=\"ENAiKOON can-66\" alt=\"ENAiKOON can-66 kann Ihnen all CAN-Bus Dateien Ihres Fahrzeugs anzeigen\" border=\"0\" align=\"left\"><\/div>\n<h2>&nbsp;ENAiKOON\n&nbsp;can-66<\/h2>\n<\/div>\n\n<div class=\"col-md-4\">\n<div>&nbsp;<\/div>\n<\/div>\n\n<div class=\"col-md-4\">\n<div>&nbsp;<\/div>\n<\/div>\n<div class=\"gl_row_space\"><\/div>\n<div class=\"col-md-4\">\n<div class=\"gl_h5-italic\"><strong>ENAiKOON can-66<\/strong> liefert eine Vielzahl an Daten aus dem CAN-Bus Ihrer Maschine \/ Ihres Fahrzeugs. Mithilfe dieser Daten senken Sie Ihre Verbrauchskosten und optimieren die Leistungsf\u00e4higkeit.<\/div>\n<div>&nbsp;<\/div>\n<div class=\"gl_h4big\">Anwendungen<\/div>\n<div>F\u00fcr jede Branche, die Fahrzeug- und Flottenmanagement ben\u00f6tigt: Transport und Logistik, Taxi-Unternehmen, Lieferservice, Bauindustrie, Speditionen, Autovermietung&#8230;<\/div>\n<\/div>\n\n<div class=\"col-md-4\">\n<div class=\"gl_h4big\">Hauptfunktionen<\/div>\n<ul class=\"gl_space_ul2\" type=\"square\">\n \t<li class=\"gl_space_li\">Neutrale informative Datenbasis f\u00fcr Fahrertrainings<\/li>\n \t<li class=\"gl_space_li\">CAN-Bus Auswertung unabh\u00e4ngig von einzelnen Fahrzeugherstellern<\/li>\n \t<li class=\"gl_space_li\">Treibstoffersparnis durch optimiertes Fahrverhalten<\/li>\n \t<li class=\"gl_space_li\">Treibstoffersparnis durch optimale Auswahl und Justage der Fahrzeuge<\/li>\n \t<li class=\"gl_space_li\">Weniger Unf\u00e4lle durch angepasste und \u00fcberwachte Fahrweise motivierter Fahrer<\/li>\n \t<li class=\"gl_space_li\">Reduzierte Fahrzeugabnutzung durch optimierte Daten\u00fcberwachung: F\u00fcllstand, Getriebe, Geschwindigkeit, Motor<\/li>\n \t<li class=\"gl_space_li\">\u00dcberwachung von Fahrzeugzust\u00e4nden wie Warnlampen, \u00d6ltemperatur, Motordrehzahl&#8230;<\/li>\n<\/ul>\n<\/div>\n\n<div class=\"col-md-4\">\n<div class=\"gl_h4big\">Kombinationsm\u00f6glichkeiten<\/div>\n<div>ENAiKOON can-66 + <a href=\"https:\/\/www.enaikoon.com\/de\/geraete\/locate-serie\/locate-06\/\">ENAiKOON locate-06<\/a> + <a href=\"https:\/\/www.enaikoon.com\/de\/software-de\/inviu-pro\/\">inViu pro<\/a> + <a href=\"https:\/\/www.enaikoon.com\/de\/software-de\/plugins\/messenger\/\">ENAiKOON messenger<\/a> = beste M\u00f6glichkeit zur Kosteneinsparung bei Kommunikationskosten und Treibstoff um ca. 10%, weniger unplanm\u00e4\u00dfige Werkstattaufenthalte und gezielte Schulung der Mitarbeiter zur treibstoffsparenden Fahrweise.<\/div>\n<div><a class=\"gl_button_grey\" href=\"https:\/\/www.enaikoon.com\/fileadmin\/enaikoon\/Dateien\/pdf\/Datenblatt\/can-66\/deutsch\/ENAiKOON_can-66_Datenblatt.pdf\" target=\"_blank\" rel=\"nofollow\" noreferrer\">DATENBLATT HERUNTERLADEN<\/a><\/div>\n<div><a class=\"gl_button_yellow\" href=\"https:\/\/www.enaikoon.com\/de\/kontakt\/testsystem-bestellen\/\">Testsystem bestellen<\/a><\/div>\n<div><a class=\"gl_button_blue\" href=\"https:\/\/www.enaikoon.com\/de\/kontakt\/kontakt\/\">Sprechen Sie uns an<\/a><\/div>\n<\/div>\n<div class=\"gl_row_space\"><\/div>\n<\/div>\n<\/div>","protected":false},"excerpt":{"rendered":"<p> [&hellip;]<\/p>\n","protected":false},"author":7,"featured_media":0,"parent":3764,"menu_order":0,"comment_status":"closed","ping_status":"closed","template":"","meta":{"footnotes":""},"acf":[],"_links":{"self":[{"href":"https:\/\/www.enaikoon.com\/de\/wp-json\/wp\/v2\/pages\/3847"}],"collection":[{"href":"https:\/\/www.enaikoon.com\/de\/wp-json\/wp\/v2\/pages"}],"about":[{"href":"https:\/\/www.enaikoon.com\/de\/wp-json\/wp\/v2\/types\/page"}],"author":[{"embeddable":true,"href":"https:\/\/www.enaikoon.com\/de\/wp-json\/wp\/v2\/users\/7"}],"replies":[{"embeddable":true,"href":"https:\/\/www.enaikoon.com\/de\/wp-json\/wp\/v2\/comments?post=3847"}],"version-history":[{"count":11,"href":"https:\/\/www.enaikoon.com\/de\/wp-json\/wp\/v2\/pages\/3847\/revisions"}],"predecessor-version":[{"id":17509,"href":"https:\/\/www.enaikoon.com\/de\/wp-json\/wp\/v2\/pages\/3847\/revisions\/17509"}],"up":[{"embeddable":true,"href":"https:\/\/www.enaikoon.com\/de\/wp-json\/wp\/v2\/pages\/3764"}],"wp:attachment":[{"href":"https:\/\/www.enaikoon.com\/de\/wp-json\/wp\/v2\/media?parent=3847"}],"curies":[{"name":"wp","href":"https:\/\/api.w.org\/{rel}","templated":true}]}}