{"id":3841,"date":"2016-07-18T06:44:38","date_gmt":"2016-07-18T06:44:38","guid":{"rendered":"https:\/\/www.enaikoon.com\/?page_id=3841"},"modified":"2022-09-29T15:05:16","modified_gmt":"2022-09-29T15:05:16","slug":"fuel-tracker","status":"publish","type":"page","link":"https:\/\/www.enaikoon.com\/de\/software-de\/plugins\/fuel-tracker\/","title":{"rendered":"fuel-tracker"},"content":{"rendered":"<div class=\"gl_slide_scroll_box\">\n<div class=\"gl_scroll_box\">\n<ul>\n \t<li><a class=\"gl_scroll_link_title\" title=\"staff-tracker\" href=\"https:\/\/www.enaikoon.com\/de\/software-de\/plugins\/staff-tracker\/\">staff-tracker<\/a> <a title=\"staff-tracker\" href=\"https:\/\/www.enaikoon.com\/de\/software-de\/plugins\/staff-tracker\/\"><img decoding=\"async\" class=\"gl_scroll_link_img\" src=\"https:\/\/www.enaikoon.com\/wp-content\/uploads\/2016\/07\/staff-tracker.png\" alt=\"\" border=\"0\" \/><\/a><\/li>\n \t<li><a class=\"gl_scroll_link_title\" title=\"fuel-tracker\" href=\"https:\/\/www.enaikoon.com\/de\/software-de\/plugins\/fuel-tracker\/\">fuel-tracker<\/a> <a title=\"fuel-tracker\" href=\"https:\/\/www.enaikoon.com\/de\/software-de\/plugins\/fuel-tracker\/\"><img decoding=\"async\" class=\"gl_scroll_link_img_active\" src=\"https:\/\/www.enaikoon.com\/wp-content\/uploads\/2016\/07\/fuel-tracker.png\" alt=\"\" border=\"0\" \/><\/a><\/li>\n \t<li><a class=\"gl_scroll_link_title\" title=\"can-66\" href=\"https:\/\/www.enaikoon.com\/de\/software-de\/plugins\/can-66\/\">can-66<\/a> <a title=\"can-66\" href=\"https:\/\/www.enaikoon.com\/de\/software-de\/plugins\/can-66\/\"><img decoding=\"async\" class=\"gl_scroll_link_img\" src=\"https:\/\/www.enaikoon.com\/wp-content\/uploads\/2016\/07\/can-66.png\" alt=\"\" border=\"0\" \/><\/a><\/li>\n \t<li><a class=\"gl_scroll_link_title\" title=\"limit-checker\" href=\"https:\/\/www.enaikoon.com\/de\/software-de\/plugins\/limit-checker\/\">limit-checker<\/a> <a title=\"limit-checker\" href=\"https:\/\/www.enaikoon.com\/de\/software-de\/plugins\/limit-checker\/\"><img decoding=\"async\" class=\"gl_scroll_link_img\" src=\"https:\/\/www.enaikoon.com\/wp-content\/uploads\/2016\/07\/limit-checker.png\" alt=\"\" border=\"0\" \/><\/a><\/li>\n \t<li><a class=\"gl_scroll_link_title\" title=\"messenger\" href=\"https:\/\/www.enaikoon.com\/de\/software-de\/plugins\/messenger\/\">messenger<\/a> <a title=\"messenger\" href=\"https:\/\/www.enaikoon.com\/de\/software-de\/plugins\/messenger\/\"><img decoding=\"async\" class=\"gl_scroll_link_img\" src=\"https:\/\/www.enaikoon.com\/wp-content\/uploads\/2016\/07\/messenger.png\" alt=\"\" border=\"0\" \/><\/a><\/li>\n \t<li><a class=\"gl_scroll_link_title\" title=\"temp-checker\" href=\"https:\/\/www.enaikoon.com\/de\/software-de\/plugins\/temp-checker\/\">temp-checker<\/a> <a title=\"temp-checker\" href=\"https:\/\/www.enaikoon.com\/de\/software-de\/plugins\/temp-checker\/\"><img decoding=\"async\" class=\"gl_scroll_link_img\" src=\"https:\/\/www.enaikoon.com\/wp-content\/uploads\/2016\/07\/temp-checker.png\" alt=\"\" border=\"0\" \/><\/a><\/li>\n \t<li><a class=\"gl_scroll_link_title\" title=\"tour-checker\" href=\"https:\/\/www.enaikoon.com\/de\/software-de\/plugins\/tour-checker\/\">tour-checker<\/a>\n<a title=\"tour-checker\" href=\"https:\/\/www.enaikoon.com\/de\/software-de\/plugins\/tour-checker\/\"><img decoding=\"async\" class=\"gl_scroll_link_img\" src=\"https:\/\/www.enaikoon.com\/wp-content\/uploads\/2016\/07\/tour-checker.png\" alt=\"\" border=\"0\" \/><\/a><\/li>\n<\/ul>\n<\/div>\n<\/div>\n<div class=\"row\">\n<div class=\"gl_border-page\">\n\n<div class=\"col-md-4\">\n<div><a href=\"https:\/\/www.enaikoon.com\/de\/software-de\/plugins\/can-66\/\"><img decoding=\"async\" src=\"https:\/\/www.enaikoon.com\/wp-content\/uploads\/2016\/07\/e3a47ab166.png\" alt=\"\" align=\"left\" border=\"0\" \/><\/a><\/div>\n<h2>\u00a0ENAiKOON\nfuel-tracker<\/h2>\n<\/div>\n\n<div class=\"col-md-4\">\n<div><\/div>\n<\/div>\n\n<div class=\"col-md-4\">\n<div><\/div>\n<\/div>\n<div class=\"gl_row_space\"><\/div>\n<div class=\"col-md-4\">\n<div class=\"gl_h5-italic\"><strong>ENAiKOON fuel-tracker<\/strong> ist das Plugin, um den Treibstoffverbrauch im Auge zu behalten und Kraftstoffdiebstahl zu verhindern. Es \u00fcberwacht den Tankinhalt aller Fahrzeuge Ihres gesamten Fuhrparks.<\/div>\n<div><\/div>\n<div class=\"gl_h4big\">Anwendungen<\/div>\n<div>F\u00fcr jede Branche, die Fahrzeug- und Flottenmanagement ben\u00f6tigt: Transport und Logistik, Taxi-Unternehmen, Lieferservice, Bauindustrie, Speditionen, Autovermietung&#8230;<\/div>\n<\/div>\n\n<div class=\"col-md-4\">\n<div class=\"gl_h4big\">Hauptfunktionen<\/div>\n<ul class=\"gl_space_ul2\" type=\"square\">\n \t<li class=\"gl_space_li\"><strong>Erkennt Kraftstoffdiebstahl:<\/strong> auch wenn die Z\u00fcndung ausgeschaltet ist. Sie k\u00f6nnen automatisch per SMS oder E-Mail informiert werden, sobald das System eine ungew\u00f6hnliche Menge verbrauchten Kraftstoffes verzeichnet.<\/li>\n \t<li class=\"gl_space_li\"><strong>Erkennt die genaue Tankf\u00fcllung:<\/strong> Sie k\u00f6nnen die angezeigten Tankvorg\u00e4nge mit Ihren Tankbelegen vergleichen.<\/li>\n<\/ul>\n<\/div>\n\n<div class=\"col-md-4\">\n<div class=\"gl_h4big\">Kombinationsm\u00f6glichkeiten<\/div>\n<div>ENAiKOON fuel-tracker + <a title=\"ENAiKOON messenger\" href=\"https:\/\/www.enaikoon.com\/de\/software-de\/plugins\/messenger\/\">ENAiKOON messenger<\/a> + <a href=\"https:\/\/www.enaikoon.com\/de\/software-de\/inviu-pro\/\">inViu pro<\/a> + <a title=\"ENAiKOON locate-04\" href=\"https:\/\/www.enaikoon.com\/de\/geraete\/locate-serie\/locate-04\/\">ENAiKOON locate-04<\/a> + <a title=\"ENAiKOON fuel-level sensor\" href=\"https:\/\/www.enaikoon.com\/de\/geraete\/zubehoer\/fuel-level-sensor\/\">ENAiKOON fuel-level sensor<\/a> = bessere \u00dcbersicht \u00fcber Fuhrpark und Mitarbeiter sowie Live-\u00dcberwachung des Tankinhalts von Fahrzeugen und Maschinen und Schutz vor Treibstoffdiebstahl.<\/div>\n<div><a class=\"gl_button_grey\" href=\"https:\/\/www.enaikoon.com\/fileadmin\/enaikoon\/Dateien\/pdf\/Datenblatt\/fuel-tracker\/deutsch\/ENAiKOON_fuel-tracker_Datenblatt.pdf\" target=\"_blank\" rel=\"nofollow\" noreferrer\">Datenblatt herunterladen<\/a><\/div>\n<div><a class=\"gl_button_grey\" href=\"https:\/\/www.enaikoon.com\/fileadmin\/enaikoon\/Dateien\/pdf\/Datenblatt\/fuel-level-manual\/deutsch\/ENAiKOON_fuel-tracker_sensor_manual_with_data_protocol.pdf\" target=\"_blank\" rel=\"nofollow\" noreferrer\">Handbuch herunterladen<\/a><\/div>\n<div><a class=\"gl_button_yellow\" href=\"https:\/\/www.enaikoon.com\/de\/kontakt\/testsystem-bestellen\/\">Testsystem bestellen<\/a><\/div>\n<div><a class=\"gl_button_blue\" href=\"https:\/\/www.enaikoon.com\/de\/kontakt\/kontakt\/\">Sprechen Sie uns an<\/a><\/div>\n<\/div>\n<div class=\"gl_row_space\"><\/div>\n<\/div>\n<\/div>","protected":false},"excerpt":{"rendered":"<p> [&hellip;]<\/p>\n","protected":false},"author":7,"featured_media":0,"parent":3764,"menu_order":0,"comment_status":"closed","ping_status":"closed","template":"","meta":{"footnotes":""},"acf":[],"_links":{"self":[{"href":"https:\/\/www.enaikoon.com\/de\/wp-json\/wp\/v2\/pages\/3841"}],"collection":[{"href":"https:\/\/www.enaikoon.com\/de\/wp-json\/wp\/v2\/pages"}],"about":[{"href":"https:\/\/www.enaikoon.com\/de\/wp-json\/wp\/v2\/types\/page"}],"author":[{"embeddable":true,"href":"https:\/\/www.enaikoon.com\/de\/wp-json\/wp\/v2\/users\/7"}],"replies":[{"embeddable":true,"href":"https:\/\/www.enaikoon.com\/de\/wp-json\/wp\/v2\/comments?post=3841"}],"version-history":[{"count":11,"href":"https:\/\/www.enaikoon.com\/de\/wp-json\/wp\/v2\/pages\/3841\/revisions"}],"predecessor-version":[{"id":18155,"href":"https:\/\/www.enaikoon.com\/de\/wp-json\/wp\/v2\/pages\/3841\/revisions\/18155"}],"up":[{"embeddable":true,"href":"https:\/\/www.enaikoon.com\/de\/wp-json\/wp\/v2\/pages\/3764"}],"wp:attachment":[{"href":"https:\/\/www.enaikoon.com\/de\/wp-json\/wp\/v2\/media?parent=3841"}],"curies":[{"name":"wp","href":"https:\/\/api.w.org\/{rel}","templated":true}]}}