{"id":3829,"date":"2016-07-18T05:18:43","date_gmt":"2016-07-18T05:18:43","guid":{"rendered":"https:\/\/www.enaikoon.com\/?page_id=3829"},"modified":"2016-09-22T07:14:28","modified_gmt":"2016-09-22T07:14:28","slug":"camera","status":"publish","type":"page","link":"https:\/\/www.enaikoon.com\/de\/geraete\/zubehoer\/camera\/","title":{"rendered":"camera"},"content":{"rendered":"<div class=\"gl_slide_scroll_box\">\r\n\t<div class=\"gl_scroll_box\">\r\n <noindex><\/noindex>        <ul>\r\n            <li><a class=\"gl_scroll_link_title\" href=\"https:\/\/www.enaikoon.com\/de\/geraete\/zubehoer\/sim-card\/\" title=\"SIM-card\">SIM-card<\/a><br\/>\r\n            <a href=\"https:\/\/www.enaikoon.com\/de\/geraete\/zubehoer\/sim-card\/\" title=\"SIM-card\"><img decoding=\"async\" class=\"gl_scroll_link_img\" src=\"https:\/\/www.enaikoon.com\/wp-content\/uploads\/2016\/07\/SIM-card.png\" border=\"0\" alt=\"\"><\/a><\/li>\r\n            \r\n          \t<li><a class=\"gl_scroll_link_title\" href=\"https:\/\/www.enaikoon.com\/de\/geraete\/zubehoer\/fuel-level-sensor\/\" title=\"fuel level sensor\">fuel level sensor<\/a><br\/>\r\n            <a href=\"https:\/\/www.enaikoon.com\/de\/geraete\/zubehoer\/fuel-level-sensor\/\" title=\"fuel level sensor\"><img decoding=\"async\" class=\"gl_scroll_link_img\" src=\"https:\/\/www.enaikoon.com\/wp-content\/uploads\/2016\/07\/fuel-level.png\" border=\"0\" alt=\"\"><\/a><\/li>\r\n            \r\n            <li><a class=\"gl_scroll_link_title\" href=\"https:\/\/www.enaikoon.com\/de\/geraete\/zubehoer\/capacitive-sensor\/\" title=\"capacitive sensor\">capacitive sensor<\/a><br\/>\r\n            <a href=\"https:\/\/www.enaikoon.com\/de\/geraete\/zubehoer\/capacitive-sensor\/\" title=\"capacitive sensor\"><img decoding=\"async\" class=\"gl_scroll_link_img\" src=\"https:\/\/www.enaikoon.com\/wp-content\/uploads\/2016\/07\/capacitive.png\" border=\"0\" alt=\"\"><\/a><\/li>\r\n            \r\n            <li><a class=\"gl_scroll_link_title\" href=\"https:\/\/www.enaikoon.com\/de\/geraete\/zubehoer\/temp-sensor\/\" title=\"temp-sensor\">temp-sensor<\/a><br\/>\r\n            <a href=\"https:\/\/www.enaikoon.com\/de\/geraete\/zubehoer\/temp-sensor\/\" title=\"temp-sensor\"><img decoding=\"async\" class=\"gl_scroll_link_img\" src=\"https:\/\/www.enaikoon.com\/wp-content\/uploads\/2016\/07\/temp.png\" border=\"0\" alt=\"\"><\/a><\/li>\r\n            \r\n            <li><a class=\"gl_scroll_link_title\" href=\"https:\/\/www.enaikoon.com\/de\/geraete\/zubehoer\/antenna\/\" title=\"antenna\">antenna<\/a><br\/>\r\n            <a href=\"https:\/\/www.enaikoon.com\/de\/geraete\/zubehoer\/antenna\/\" title=\"antenna\"><img decoding=\"async\" class=\"gl_scroll_link_img\" src=\"https:\/\/www.enaikoon.com\/wp-content\/uploads\/2016\/07\/antenna.png\" border=\"0\" alt=\"\"><\/a><\/li>\r\n            \r\n            <li><a class=\"gl_scroll_link_title\" href=\"https:\/\/www.enaikoon.com\/de\/geraete\/zubehoer\/display\/\" title=\"display\">display<\/a><br\/>\r\n            <a href=\"https:\/\/www.enaikoon.com\/de\/geraete\/zubehoer\/display\/\" title=\"display\"><img decoding=\"async\" class=\"gl_scroll_link_img\" src=\"https:\/\/www.enaikoon.com\/wp-content\/uploads\/2016\/07\/display.png\" border=\"0\" alt=\"\"><\/a><\/li>\r\n            \r\n            <li><a class=\"gl_scroll_link_title\" href=\"https:\/\/www.enaikoon.com\/de\/geraete\/zubehoer\/driver-id\/\" title=\"driver-id\">driver-id<\/a><br\/>\r\n            <a href=\"https:\/\/www.enaikoon.com\/de\/geraete\/zubehoer\/driver-id\/\" title=\"driver-id\"><img decoding=\"async\" class=\"gl_scroll_link_img\" src=\"https:\/\/www.enaikoon.com\/wp-content\/uploads\/2016\/07\/driver-id.png\" border=\"0\" alt=\"\"><\/a><\/li>\r\n            \r\n            <li><a class=\"gl_scroll_link_title\" href=\"https:\/\/www.enaikoon.com\/de\/geraete\/zubehoer\/battery\/\" title=\"battery\">battery<\/a><br\/>\r\n            <a href=\"https:\/\/www.enaikoon.com\/de\/geraete\/zubehoer\/battery\/\" title=\"battery\"><img decoding=\"async\" class=\"gl_scroll_link_img\" src=\"https:\/\/www.enaikoon.com\/wp-content\/uploads\/2016\/07\/battery.png\" border=\"0\" alt=\"\"><\/a><\/li>\r\n            \r\n            <li><a class=\"gl_scroll_link_title\" href=\"https:\/\/www.enaikoon.com\/de\/geraete\/zubehoer\/buzzer\/\" title=\"buzzer\">buzzer<\/a><br\/>\r\n            <a href=\"https:\/\/www.enaikoon.com\/de\/geraete\/zubehoer\/buzzer\/\" title=\"buzzer\"><img decoding=\"async\" class=\"gl_scroll_link_img\" src=\"https:\/\/www.enaikoon.com\/wp-content\/uploads\/2016\/07\/buzzer.png\" border=\"0\" alt=\"\"><\/a><\/li>\r\n            \r\n            <li><a class=\"gl_scroll_link_title\" href=\"https:\/\/www.enaikoon.com\/de\/geraete\/zubehoer\/camera\/\" title=\"camera\">camera<\/a><br\/>\r\n            <a href=\"https:\/\/www.enaikoon.com\/de\/geraete\/zubehoer\/camera\/\" title=\"camera\"><img decoding=\"async\" class=\"gl_scroll_link_img_active\" src=\"https:\/\/www.enaikoon.com\/wp-content\/uploads\/2016\/07\/camera.png\" border=\"0\" alt=\"\"><\/a><\/li>\r\n            \r\n            <li><a class=\"gl_scroll_link_title\" href=\"https:\/\/www.enaikoon.com\/de\/geraete\/zubehoer\/case\/\" title=\"case\">case<\/a><br\/>\r\n            <a href=\"https:\/\/www.enaikoon.com\/de\/geraete\/zubehoer\/case\/\" title=\"case\"><img decoding=\"async\" class=\"gl_scroll_link_img\" src=\"https:\/\/www.enaikoon.com\/wp-content\/uploads\/2016\/07\/case.png\" border=\"0\" alt=\"\"><\/a><\/li>\r\n          \r\n        <\/ul>\r\n\r\n    <\/div>\r\n<\/div>\r\n\r\n<div class=\"row\">\r\n\r\n<div class=\"gl_border-page\">\r\n\t\t\r\n\t\t<div class=\"col-md-4\">\r\n\t\r\n\t\t<h2>ENAiKOON<br>camera<\/h2>\r\n\t\t<div class=\"clearfix\"><a rel=\"nofollow\" href=\"https:\/\/www.enaikoon.com\/wp-content\/uploads\/2016\/07\/ENAiKOON_camera_368x300_A.png\" title=\"ENAiKOON camera\"><img decoding=\"async\" src=\"https:\/\/www.enaikoon.com\/wp-content\/uploads\/2016\/07\/97dcb5da38.png\" border=\"0\" align=\"left\" class=\"gl_space_bottom10\" alt=\"\"\/><\/a><\/div>\r\n\t\t<div class=\"gl_h5-italic\">Das perfekte Accessoire f\u00fcr die ENAiKOON Ortungsmodule.<\/div>\r\n\t\t<div>&nbsp;<\/div>\r\n\t\t<div class=\"gl_h4big\">Anwendungen<\/div>\r\n\t\t<div>Alle Branchen und Anwendungen, bei denen eine besondere visuelle \u00dcberwachung notwendig ist, z.B. in der Sicherheitsbranche, bei Treibstoff- oder <a rel=\"nofollow\" href=\"https:\/\/www.enaikoon.com\/fileadmin\/enaikoon\/Dateien\/pdf\/Presse\/Presseberichte\/2011_07_Forst_%26_Technik_Haltet_den_Dieb.pdf\" target=\"_blank\">Holz-Diebstahl<\/a><\/div>\r\n\t\t\t\r\n\t\t<\/div>\r\n\t\t\r\n\t\t<div class=\"col-md-4\">\r\n\t\t\r\n\t\t<div class=\"gl_h4big\">Hauptfunktionen<\/div>\r\n\t\t<div>Eine extrem kleine Kamera, die bei spezifischen Ereignissen ausl\u00f6st.<br>Die Fotos werden direkt zu inViu web \u00fcbertragen und k\u00f6nnen dort live angesehen werden.<br>\r\nDie Kamera kann so programmiert werden, dass sie Fotos macht, z.B. wenn vergessen wurde, den Motor auszustellen, oder wenn der Beschleunigungssensor eines ENAiKOON Ortungsmoduls anschl\u00e4gt und somit die Kamera ausl\u00f6st&#8230; <\/div>\r\n\t\t<div>&nbsp;<\/div>\r\n\t\t<div class=\"gl_h4big\">Technische Details<\/div>\r\n\t\t<div class=\"gl_ul_style3\">\r\n\t\t<ul>\r\n\t\t\t<li class=\"gl_space_li\">Gr\u00f6\u00dfe: 40 x 30 x 20 mm<\/li>\r\n\t\t\t<li class=\"gl_space_li\">Gewicht: 36 g<\/li>\r\n\t\t\t<li class=\"gl_space_li\">Aufl\u00f6sung 640 x 480 Pixel<\/li>\r\n\t\t\t<li class=\"gl_space_li\">Fotoaufnahmen sind auch im Infrarot-Bereich (Nachtsicht) <br\/>m\u00f6glich<\/li>\t\t\t\r\n\t\t<\/ul><\/div>\r\n\t\t\r\n\t\t<\/div>\r\n\t\t\r\n\t\t<div class=\"col-md-4\">\r\n\t\t\r\n\t\t<div class=\"gl_h4big\">Kombinationsm\u00f6glichkeiten<\/div>\r\n\t\t<div>ENAiKOON camera + <a href=\"https:\/\/www.enaikoon.com\/de\/geraete\/locate-serie\/locate-03\/\">ENAiKOON locate-06<\/a> + <a href=\"https:\/\/www.enaikoon.com\/de\/software-de\/inviu-pro\/\">inViu pro<\/a> = direkter und schneller Sichtkontakt zu den Trackables optimiert das Controlling und spart Zeit und Geld f\u00fcr notwendige \u00dcberpr\u00fcfungen.<\/div>\r\n\t\t<div><a class=\"gl_button_yellow\" rel=\"nofollow\" href=\"https:\/\/www.enaikoon.com\/devices\/locate-series\/locate-03\/\">locate-Serie<\/a><\/div>\r\n\t\t<div><a class=\"gl_button_blue\" href=\"https:\/\/www.enaikoon.com\/de\/kontakt\/kontakt\/\">Sprechen Sie uns an<\/a><\/div>\r\n\t\t\r\n\t\t<\/div>\r\n\t\t\r\n\t\t<div class=\"gl_row_space\"><\/div>\r\n\t\t\r\n\t<\/div>\r\n\r\n<\/div>","protected":false},"excerpt":{"rendered":"<p> [&hellip;]<\/p>\n","protected":false},"author":7,"featured_media":0,"parent":3809,"menu_order":0,"comment_status":"closed","ping_status":"closed","template":"","meta":{"footnotes":""},"acf":[],"_links":{"self":[{"href":"https:\/\/www.enaikoon.com\/de\/wp-json\/wp\/v2\/pages\/3829"}],"collection":[{"href":"https:\/\/www.enaikoon.com\/de\/wp-json\/wp\/v2\/pages"}],"about":[{"href":"https:\/\/www.enaikoon.com\/de\/wp-json\/wp\/v2\/types\/page"}],"author":[{"embeddable":true,"href":"https:\/\/www.enaikoon.com\/de\/wp-json\/wp\/v2\/users\/7"}],"replies":[{"embeddable":true,"href":"https:\/\/www.enaikoon.com\/de\/wp-json\/wp\/v2\/comments?post=3829"}],"version-history":[{"count":11,"href":"https:\/\/www.enaikoon.com\/de\/wp-json\/wp\/v2\/pages\/3829\/revisions"}],"predecessor-version":[{"id":7562,"href":"https:\/\/www.enaikoon.com\/de\/wp-json\/wp\/v2\/pages\/3829\/revisions\/7562"}],"up":[{"embeddable":true,"href":"https:\/\/www.enaikoon.com\/de\/wp-json\/wp\/v2\/pages\/3809"}],"wp:attachment":[{"href":"https:\/\/www.enaikoon.com\/de\/wp-json\/wp\/v2\/media?parent=3829"}],"curies":[{"name":"wp","href":"https:\/\/api.w.org\/{rel}","templated":true}]}}