{"id":3827,"date":"2016-07-18T05:18:03","date_gmt":"2016-07-18T05:18:03","guid":{"rendered":"https:\/\/www.enaikoon.com\/?page_id=3827"},"modified":"2019-07-29T14:13:41","modified_gmt":"2019-07-29T14:13:41","slug":"buzzer","status":"publish","type":"page","link":"https:\/\/www.enaikoon.com\/de\/geraete\/zubehoer\/buzzer\/","title":{"rendered":"buzzer"},"content":{"rendered":"<div class=\"gl_slide_scroll_box\">\n<div class=\"gl_scroll_box\">\n <noindex><\/noindex>\n<ul>\n \t<li><a class=\"gl_scroll_link_title\" href=\"https:\/\/www.enaikoon.com\/de\/geraete\/zubehoer\/sim-card\/\" title=\"SIM-card\">SIM-card<\/a>\n<a href=\"https:\/\/www.enaikoon.com\/de\/geraete\/zubehoer\/sim-card\/\" title=\"SIM-card\"><img decoding=\"async\" class=\"gl_scroll_link_img\" src=\"https:\/\/www.enaikoon.com\/wp-content\/uploads\/2016\/07\/SIM-card.png\" alt=\"\" border=\"0\"><\/a><\/li>\n \t<li><a class=\"gl_scroll_link_title\" href=\"https:\/\/www.enaikoon.com\/de\/geraete\/zubehoer\/fuel-level-sensor\/\" title=\"fuel level sensor\">fuel level sensor<\/a>\n<a href=\"https:\/\/www.enaikoon.com\/de\/geraete\/zubehoer\/fuel-level-sensor\/\" title=\"fuel level sensor\"><img decoding=\"async\" class=\"gl_scroll_link_img\" src=\"https:\/\/www.enaikoon.com\/wp-content\/uploads\/2016\/07\/fuel-level.png\" alt=\"\" border=\"0\"><\/a><\/li>\n \t<li><a class=\"gl_scroll_link_title\" href=\"https:\/\/www.enaikoon.com\/de\/geraete\/zubehoer\/capacitive-sensor\/\" title=\"capacitive sensor\">capacitive sensor<\/a>\n<a href=\"https:\/\/www.enaikoon.com\/de\/geraete\/zubehoer\/capacitive-sensor\/\" title=\"capacitive sensor\"><img decoding=\"async\" class=\"gl_scroll_link_img\" src=\"https:\/\/www.enaikoon.com\/wp-content\/uploads\/2016\/07\/capacitive.png\" alt=\"\" border=\"0\"><\/a><\/li>\n \t<li><a class=\"gl_scroll_link_title\" href=\"https:\/\/www.enaikoon.com\/de\/geraete\/zubehoer\/temp-sensor\/\" title=\"temp-sensor\">temp-sensor<\/a>\n<a href=\"https:\/\/www.enaikoon.com\/de\/geraete\/zubehoer\/temp-sensor\/\" title=\"temp-sensor\"><img decoding=\"async\" class=\"gl_scroll_link_img\" src=\"https:\/\/www.enaikoon.com\/wp-content\/uploads\/2016\/07\/temp.png\" alt=\"\" border=\"0\"><\/a><\/li>\n \t<li><a class=\"gl_scroll_link_title\" href=\"https:\/\/www.enaikoon.com\/de\/geraete\/zubehoer\/antenna\/\" title=\"antenna\">antenna<\/a>\n<a href=\"https:\/\/www.enaikoon.com\/de\/geraete\/zubehoer\/antenna\/\" title=\"antenna\"><img decoding=\"async\" class=\"gl_scroll_link_img\" src=\"https:\/\/www.enaikoon.com\/wp-content\/uploads\/2016\/07\/antenna.png\" alt=\"\" border=\"0\"><\/a><\/li>\n \t<li><a class=\"gl_scroll_link_title\" href=\"https:\/\/www.enaikoon.com\/de\/geraete\/zubehoer\/display\/\" title=\"display\">display<\/a>\n<a href=\"https:\/\/www.enaikoon.com\/de\/geraete\/zubehoer\/display\/\" title=\"display\"><img decoding=\"async\" class=\"gl_scroll_link_img\" src=\"https:\/\/www.enaikoon.com\/wp-content\/uploads\/2016\/07\/display.png\" alt=\"\" border=\"0\"><\/a><\/li>\n \t<li><a class=\"gl_scroll_link_title\" href=\"https:\/\/www.enaikoon.com\/de\/geraete\/zubehoer\/driver-id\/\" title=\"driver-id\">driver-id<\/a>\n<a href=\"https:\/\/www.enaikoon.com\/de\/geraete\/zubehoer\/driver-id\/\" title=\"driver-id\"><img decoding=\"async\" class=\"gl_scroll_link_img\" src=\"https:\/\/www.enaikoon.com\/wp-content\/uploads\/2016\/07\/driver-id.png\" border=\"0\"><\/a><\/li>\n \t<li><a class=\"gl_scroll_link_title\" href=\"https:\/\/www.enaikoon.com\/de\/geraete\/zubehoer\/battery\/\" title=\"battery\">battery<\/a>\n<a href=\"https:\/\/www.enaikoon.com\/de\/geraete\/zubehoer\/battery\/\" title=\"battery\"><img decoding=\"async\" class=\"gl_scroll_link_img\" src=\"https:\/\/www.enaikoon.com\/wp-content\/uploads\/2016\/07\/battery.png\" alt=\"\" border=\"0\"><\/a><\/li>\n \t<li><a class=\"gl_scroll_link_title\" href=\"https:\/\/www.enaikoon.com\/de\/geraete\/zubehoer\/buzzer\/\" title=\"buzzer\">buzzer<\/a>\n<a href=\"https:\/\/www.enaikoon.com\/de\/geraete\/zubehoer\/buzzer\/\" title=\"buzzer\"><img decoding=\"async\" class=\"gl_scroll_link_img_active\" src=\"https:\/\/www.enaikoon.com\/wp-content\/uploads\/2016\/07\/buzzer.png\" alt=\"\" border=\"0\"><\/a><\/li>\n \t<li><a class=\"gl_scroll_link_title\" href=\"https:\/\/www.enaikoon.com\/de\/geraete\/zubehoer\/camera\/\" title=\"camera\">camera<\/a>\n<a href=\"https:\/\/www.enaikoon.com\/de\/geraete\/zubehoer\/camera\/\" title=\"camera\"><img decoding=\"async\" class=\"gl_scroll_link_img\" src=\"https:\/\/www.enaikoon.com\/wp-content\/uploads\/2016\/07\/camera.png\" alt=\"\" border=\"0\"><\/a><\/li>\n \t<li><a class=\"gl_scroll_link_title\" href=\"https:\/\/www.enaikoon.com\/de\/geraete\/zubehoer\/case\/\" title=\"case\">case<\/a>\n<a href=\"https:\/\/www.enaikoon.com\/de\/geraete\/zubehoer\/case\/\" title=\"case\"><img decoding=\"async\" class=\"gl_scroll_link_img\" src=\"https:\/\/www.enaikoon.com\/wp-content\/uploads\/2016\/07\/case.png\" alt=\"\" border=\"0\"><\/a><\/li>\n<\/ul>\n<\/div>\n<\/div>\n<div class=\"row\">\n<div class=\"gl_border-page\">\n\n\t\t<div class=\"col-md-4\">\n<h2>ENAiKOON\nbuzzer<\/h2>\n<div class=\"clearfix\"><a rel=\"nofollow\" href=\"https:\/\/www.enaikoon.com\/wp-content\/uploads\/2016\/07\/ENAiKOON_Buzzer_368x300_A.png\" title=\"ENAiKOON buzzer\"><img decoding=\"async\" src=\"https:\/\/www.enaikoon.com\/wp-content\/uploads\/2016\/07\/d335cdc6bc.png\" class=\"gl_space_bottom10\" alt=\"\" border=\"0\" align=\"left\"><\/a><\/div>\n<div class=\"gl_h5-italic\">Der <strong>ENAiKOON buzzer<\/strong> ist ein kosteng\u00fcnstiger Summer zum Best\u00e4tigen oder Signalisieren von Ereignissen.<\/div>\n<div>&nbsp;<\/div>\n<div class=\"gl_h4big\">Anwendungen<\/div>\n<div>Dieser Signalgeber kann an jeden digitalen Ausgang aller ENAiKOON Ortungsmodule angeschlossen werden. Er kann zur akustischen Signalisierung und Best\u00e4tigung von Ereignissen genutzt werden.<\/div>\n<\/div>\n\n<div class=\"col-md-4\">\n<div class=\"gl_h4big\">Hauptfunktionen<\/div>\n<div>Er ist ideal zur akustischen Best\u00e4tigung von iButton-Buchungen bei der Erfassung der Arbeitszeiten geeignet. Gerade in Arbeitsbereichen mit hoher Umgebungslautst\u00e4rke, z.B. auf Baustellen oder bei lauten Motorenger\u00e4uschen, kann der ENAiKOON buzzer nicht \u00fcberh\u00f6rt werden.<\/div>\n<div>&nbsp;<\/div>\n<div class=\"gl_h4big\">Technische Details<\/div>\n<div>Der ENAiKOON buzzer kann so konfiguriert werden, dass akustische Signale gegeben werden, wenn bestimmte Ereignisse stattfinden:<\/div>\n<ul class=\"gl_space_ul2\" type=\"square\">\n \t<li class=\"gl_space_li\">\u00dcbertretung einer vordefinierten Geschwindigkeit<\/li>\n \t<li class=\"gl_space_li\">Erkennen eines ENAiKOON iButtons<\/li>\n \t<li class=\"gl_space_li\">Erreichen oder Verlassen eines definierten Gebiets (Geofence)<\/li>\n \t<li class=\"gl_space_li\">Erreichen von vordefinierten Schwellwerten (z.B. H\u00f6chsttemperatur bei K\u00fchltransporten)<\/li>\n<\/ul>\n<div>Es gibt vielf\u00e4ltige Einsatzm\u00f6glichkeiten des ENAiKOON buzzers in Kombination mit der <a href=\"https:\/\/www.enaikoon.com\/de\/geraete\/locate-serie\/locate-03\/\">ENAiKOON locate-Serie<\/a>.<\/div>\n<\/div>\n\n<div class=\"col-md-4\">\n<div class=\"gl_h4big\">Kombinationsm\u00f6glichkeiten<\/div>\n<div>ENAiKOON buzzer + ENAiKOON driver-id + <a href=\"https:\/\/www.enaikoon.com\/de\/geraete\/locate-serie\/locate-04\/\">ENAiKOON locate-04<\/a> + <a href=\"https:\/\/www.enaikoon.com\/de\/software-de\/inviu-pro\/\">inViu pro<\/a> = exakte GPS-Positionen und Spuren: Berichte wie Arbeits- und Pausenzeiten, der Aktivit\u00e4ten von Fahrzeugen und Mitarbeitern und der Sicherheit, dass die Arbeitszeiten tats\u00e4chlich gebucht werden, sparen Zeit und Kosten.<\/div>\n<div><a class=\"gl_button_grey\" rel=\"nofollow\" href=\"https:\/\/www.enaikoon.com\/fileadmin\/enaikoon\/Dateien\/pdf\/Datenblatt\/buzzer\/deutsch\/ENAiKOON_buzzer_Datenblatt.pdf\" target=\"_blank\">DATENBLATT HERUNTERLADEN<\/a><\/div>\n<div><a class=\"gl_button_yellow\" href=\"https:\/\/www.enaikoon.com\/de\/geraete\/locate-serie\/locate-03\/\">locate-Serie<\/a><\/div>\n<div><a class=\"gl_button_blue\" href=\"https:\/\/www.enaikoon.com\/de\/kontakt\/kontakt\/\">Sprechen Sie uns an<\/a><\/div>\n<\/div>\n<div class=\"gl_row_space\"><\/div>\n<\/div>\n<\/div>","protected":false},"excerpt":{"rendered":"<p> [&hellip;]<\/p>\n","protected":false},"author":7,"featured_media":0,"parent":3809,"menu_order":0,"comment_status":"closed","ping_status":"closed","template":"","meta":{"footnotes":""},"acf":[],"_links":{"self":[{"href":"https:\/\/www.enaikoon.com\/de\/wp-json\/wp\/v2\/pages\/3827"}],"collection":[{"href":"https:\/\/www.enaikoon.com\/de\/wp-json\/wp\/v2\/pages"}],"about":[{"href":"https:\/\/www.enaikoon.com\/de\/wp-json\/wp\/v2\/types\/page"}],"author":[{"embeddable":true,"href":"https:\/\/www.enaikoon.com\/de\/wp-json\/wp\/v2\/users\/7"}],"replies":[{"embeddable":true,"href":"https:\/\/www.enaikoon.com\/de\/wp-json\/wp\/v2\/comments?post=3827"}],"version-history":[{"count":8,"href":"https:\/\/www.enaikoon.com\/de\/wp-json\/wp\/v2\/pages\/3827\/revisions"}],"predecessor-version":[{"id":16523,"href":"https:\/\/www.enaikoon.com\/de\/wp-json\/wp\/v2\/pages\/3827\/revisions\/16523"}],"up":[{"embeddable":true,"href":"https:\/\/www.enaikoon.com\/de\/wp-json\/wp\/v2\/pages\/3809"}],"wp:attachment":[{"href":"https:\/\/www.enaikoon.com\/de\/wp-json\/wp\/v2\/media?parent=3827"}],"curies":[{"name":"wp","href":"https:\/\/api.w.org\/{rel}","templated":true}]}}