{"id":3825,"date":"2016-07-18T05:17:33","date_gmt":"2016-07-18T05:17:33","guid":{"rendered":"https:\/\/www.enaikoon.com\/?page_id=3825"},"modified":"2016-08-09T07:11:53","modified_gmt":"2016-08-09T07:11:53","slug":"battery","status":"publish","type":"page","link":"https:\/\/www.enaikoon.com\/de\/geraete\/zubehoer\/battery\/","title":{"rendered":"battery"},"content":{"rendered":"<div class=\"gl_slide_scroll_box\">\r\n\t<div class=\"gl_scroll_box\">\r\n <noindex><\/noindex>        <ul>\r\n            <li><a class=\"gl_scroll_link_title\" href=\"https:\/\/www.enaikoon.com\/de\/geraete\/zubehoer\/sim-card\/\" title=\"SIM-card\">SIM-card<\/a><br\/>\r\n            <a href=\"https:\/\/www.enaikoon.com\/de\/geraete\/zubehoer\/sim-card\/\" title=\"SIM-card\"><img decoding=\"async\" class=\"gl_scroll_link_img\" src=\"https:\/\/www.enaikoon.com\/wp-content\/uploads\/2016\/07\/SIM-card.png\" border=\"0\" alt=\"\"><\/a><\/li>\r\n            \r\n          \t<li><a class=\"gl_scroll_link_title\" href=\"https:\/\/www.enaikoon.com\/de\/geraete\/zubehoer\/fuel-level-sensor\/\" title=\"fuel level sensor\">fuel level sensor<\/a><br\/>\r\n            <a href=\"https:\/\/www.enaikoon.com\/de\/geraete\/zubehoer\/fuel-level-sensor\/\" title=\"fuel level sensor\"><img decoding=\"async\" class=\"gl_scroll_link_img\" src=\"https:\/\/www.enaikoon.com\/wp-content\/uploads\/2016\/07\/fuel-level.png\" border=\"0\" alt=\"\"><\/a><\/li>\r\n            \r\n            <li><a class=\"gl_scroll_link_title\" href=\"https:\/\/www.enaikoon.com\/de\/geraete\/zubehoer\/capacitive-sensor\/\" title=\"capacitive sensor\">capacitive sensor<\/a><br\/>\r\n            <a href=\"https:\/\/www.enaikoon.com\/de\/geraete\/zubehoer\/capacitive-sensor\/\" title=\"capacitive sensor\"><img decoding=\"async\" class=\"gl_scroll_link_img\" src=\"https:\/\/www.enaikoon.com\/wp-content\/uploads\/2016\/07\/capacitive.png\" border=\"0\" alt=\"\"><\/a><\/li>\r\n            \r\n            <li><a class=\"gl_scroll_link_title\" href=\"https:\/\/www.enaikoon.com\/de\/geraete\/zubehoer\/temp-sensor\/\" title=\"temp-sensor\">temp-sensor<\/a><br\/>\r\n            <a href=\"https:\/\/www.enaikoon.com\/de\/geraete\/zubehoer\/temp-sensor\/\" title=\"temp-sensor\"><img decoding=\"async\" class=\"gl_scroll_link_img\" src=\"https:\/\/www.enaikoon.com\/wp-content\/uploads\/2016\/07\/temp.png\" border=\"0\" alt=\"\"><\/a><\/li>\r\n            \r\n            <li><a class=\"gl_scroll_link_title\" href=\"https:\/\/www.enaikoon.com\/de\/geraete\/zubehoer\/antenna\/\" title=\"antenna\">antenna<\/a><br\/>\r\n            <a href=\"https:\/\/www.enaikoon.com\/de\/geraete\/zubehoer\/antenna\/\" title=\"antenna\"><img decoding=\"async\" class=\"gl_scroll_link_img\" src=\"https:\/\/www.enaikoon.com\/wp-content\/uploads\/2016\/07\/antenna.png\" border=\"0\" alt=\"\"><\/a><\/li>\r\n            \r\n            <li><a class=\"gl_scroll_link_title\" href=\"https:\/\/www.enaikoon.com\/de\/geraete\/zubehoer\/display\/\" title=\"display\">display<\/a><br\/>\r\n            <a href=\"https:\/\/www.enaikoon.com\/de\/geraete\/zubehoer\/display\/\" title=\"display\"><img decoding=\"async\" class=\"gl_scroll_link_img\" src=\"https:\/\/www.enaikoon.com\/wp-content\/uploads\/2016\/07\/display.png\" border=\"0\" alt=\"\"><\/a><\/li>\r\n            \r\n            <li><a class=\"gl_scroll_link_title\" href=\"https:\/\/www.enaikoon.com\/de\/geraete\/zubehoer\/driver-id\/\" title=\"driver-id\">driver-id<\/a><br\/>\r\n            <a href=\"https:\/\/www.enaikoon.com\/de\/geraete\/zubehoer\/driver-id\/\" title=\"driver-id\"><img decoding=\"async\" class=\"gl_scroll_link_img\" src=\"https:\/\/www.enaikoon.com\/wp-content\/uploads\/2016\/07\/driver-id.png\" border=\"0\" alt=\"\"><\/a><\/li>\r\n            \r\n            <li><a class=\"gl_scroll_link_title\" href=\"https:\/\/www.enaikoon.com\/de\/geraete\/zubehoer\/battery\/\" title=\"battery\">battery<\/a><br\/>\r\n            <a href=\"https:\/\/www.enaikoon.com\/de\/geraete\/zubehoer\/battery\/\" title=\"battery\"><img decoding=\"async\" class=\"gl_scroll_link_img_active\" src=\"https:\/\/www.enaikoon.com\/wp-content\/uploads\/2016\/07\/battery.png\" border=\"0\" alt=\"\"><\/a><\/li>\r\n            \r\n            <li><a class=\"gl_scroll_link_title\" href=\"https:\/\/www.enaikoon.com\/de\/geraete\/zubehoer\/buzzer\/\" title=\"buzzer\">buzzer<\/a><br\/>\r\n            <a href=\"https:\/\/www.enaikoon.com\/de\/geraete\/zubehoer\/buzzer\/\" title=\"buzzer\"><img decoding=\"async\" class=\"gl_scroll_link_img\" src=\"https:\/\/www.enaikoon.com\/wp-content\/uploads\/2016\/07\/buzzer.png\" border=\"0\" alt=\"\"><\/a><\/li>\r\n            \r\n            <li><a class=\"gl_scroll_link_title\" href=\"https:\/\/www.enaikoon.com\/de\/geraete\/zubehoer\/camera\/\" title=\"camera\">camera<\/a><br\/>\r\n            <a href=\"https:\/\/www.enaikoon.com\/de\/geraete\/zubehoer\/camera\/\" title=\"camera\"><img decoding=\"async\" class=\"gl_scroll_link_img\" src=\"https:\/\/www.enaikoon.com\/wp-content\/uploads\/2016\/07\/camera.png\" border=\"0\" alt=\"\"><\/a><\/li>\r\n            \r\n            <li><a class=\"gl_scroll_link_title\" href=\"https:\/\/www.enaikoon.com\/de\/geraete\/zubehoer\/case\/\" title=\"case\">case<\/a><br\/>\r\n            <a href=\"https:\/\/www.enaikoon.com\/de\/geraete\/zubehoer\/case\/\" title=\"case\"><img decoding=\"async\" class=\"gl_scroll_link_img\" src=\"https:\/\/www.enaikoon.com\/wp-content\/uploads\/2016\/07\/case.png\" border=\"0\" alt=\"\"><\/a><\/li>\r\n          \r\n        <\/ul>\r\n\r\n    <\/div>\r\n<\/div>\r\n<div class=\"row\">\r\n<div class=\"gl_border-page\">\r\n\t\t\r\n\t\t<div class=\"col-md-4\">\r\n\t\r\n\t\t<h2>ENAiKOON<br>battery<\/h2>\r\n\t\t<div class=\"clearfix\"><a rel=\"nofollow\" href=\"https:\/\/www.enaikoon.com\/wp-content\/uploads\/2016\/07\/Batteries_inactive_368x300.png\" title=\"ENAiKOON battery\"><img decoding=\"async\" src=\"https:\/\/www.enaikoon.com\/wp-content\/uploads\/2016\/07\/2ca09a78b8.png\" border=\"0\" align=\"left\" class=\"gl_space_bottom10\" alt=\"ENAiKOON battery\"\/><\/a><\/div>\r\n\t\t<div class=\"gl_h5-italic\">Ausdauer f\u00fcr Ihr Ortungsmodul durch Prim\u00e4rbatterien oder wiederaufladbare Akkus.<\/div>\r\n\t\t<div>&nbsp;<\/div>\r\n\t\t<div class=\"gl_h4big\">Anwendungen<\/div>\r\n\t\t<div>Logistikbranche: Auflieger, Wechselbr\u00fccken, Trailer, Container&#8230;<br>\r\nRecyclingunternehmen, Entsorgungsbranche: Container, Abfallpressen&#8230;<br>\r\nBauindustrie: Anbauger\u00e4te, Maschinen ohne eigenen Stromanschluss&#8230;<\/div>\r\n\t\t<div>&nbsp;<\/div>\r\n\t\t<div class=\"gl_h4big\">Hauptfunktionen<\/div>\r\n\t\t<div>Energie f\u00fcr Ortungsmodule ohne externe Stromversorgung.<br>\r\nUnser Ma\u00dfstab f\u00fcr Ausdauer: <strong>bis zu 10 Jahre Laufzeit<\/strong> bei einer Positionsmeldung pro Tag.<br>\r\nDie Laufzeit h\u00e4ngt von der H\u00e4ufigkeit der Positionsmeldungen sowie der Umgebungstemperatur ab.<\/div>\r\n\t\t\t\r\n\t\t<\/div>\r\n\t\t\r\n\t\t<div class=\"col-md-4\">\r\n\t\t\r\n\t\t<div class=\"gl_h4big\">Technische Details<\/div>\r\n\t\t<div>Es gibt verschiedene Versionen:<\/div>\r\n\t\t<div>&nbsp;<\/div>\r\n\t\t<div><strong>Prim\u00e4rbatterien<\/strong><\/div>\r\n\t\t<div class=\"gl_space_top10\"><\/div>\r\n\t\t<div><a rel=\"nofollow\" href=\"https:\/\/www.enaikoon.com\/wp-content\/uploads\/2016\/07\/Battery_1_inactive_200x204.png\" title=\"ENAiKOON primary cell battery\"><img decoding=\"async\" src=\"https:\/\/www.enaikoon.com\/wp-content\/uploads\/2016\/07\/f021d2d98f.png\" border=\"0\" align=\"left\" class=\"gl_space_right10top5\" alt=\"ENAiKOON primary cell battery\"\/><\/a><\/div>\r\n\t\t<div>Diese Hochleistungs-Batterien haben eine Laufzeit von bis zu 10 Jahren. Dies ist besonders vorteilhaft bei schwer zug\u00e4nglichen Ger\u00e4ten und Maschinen, die dauernd unterwegs sind.<br>Die von uns verwendeten Batterien werden u.a. f\u00fcr die Stromversorgung der Blackboxen bei gro\u00dfen Flugzeugen eingesetzt. <\/div>\r\n\t\t<div>&nbsp;<\/div>\r\n\t\t<div><strong>Wiederaufladbarer Akkus<\/strong><\/div>\r\n\t\t<div class=\"gl_space_top10\"><\/div>\r\n\t\t<div><a rel=\"nofollow\" href=\"https:\/\/www.enaikoon.com\/wp-content\/uploads\/2016\/07\/Battery_2_inactive_200x204.png\" title=\"ENAiKOON rechargeable battery\"><img decoding=\"async\" src=\"https:\/\/www.enaikoon.com\/wp-content\/uploads\/2016\/07\/f021d2d98f.png\" border=\"0\" align=\"left\" class=\"gl_space_right10top5\" alt=\"ENAiKOON rechargeable battery\"\/><\/a><\/div>\r\n\t\t<div>Dieser gro\u00dfe Akku hat bei mehreren Positionsmeldungen pro Tag eine Laufzeit von bis zu 8 Monaten. Er bietet sich an, wenn eine regelm\u00e4\u00dfige Wiederaufladung m\u00f6glich ist.<\/div>\r\n\t\t<div>&nbsp;<\/div>\r\n\t\t<div><strong>Wiederaufladbare (Backup-) Akkus<\/strong><\/div>\r\n\t\t<div class=\"gl_space_top10\"><\/div>\r\n\t\t<div class=\"clearfix\">\r\n\t\t\t<div><a rel=\"nofollow\" href=\"https:\/\/www.enaikoon.com\/wp-content\/uploads\/2016\/07\/Battery_3_inactive_200x204.png\" title=\"Wiederaufladbarer ENAiKOON Akku\"><img decoding=\"async\" src=\"https:\/\/www.enaikoon.com\/wp-content\/uploads\/2016\/07\/7aad4aff9b.png\" border=\"0\" align=\"left\" class=\"gl_space_right10top5\" alt=\"Wiederaufladbarer ENAiKOON Akku\"\/><\/a><\/div>\r\n\t\t\t<div>Diese kleinen Akkus werden f\u00fcr den Notfall in Ortungsmodule mit externer Stromversorgung eingesetzt.<\/div>\r\n\t\t<\/div>\r\n\t\t<div class=\"gl_space_top10\"><\/div>\r\n\t\t<div class=\"clearfix\">\r\n\t\t\t<div><a rel=\"nofollow\" href=\"https:\/\/www.enaikoon.com\/wp-content\/uploads\/2016\/07\/Battery_4_inactive_200x204_03.png\" title=\"Wiederaufladbarer ENAiKOON Akku\"><img decoding=\"async\" src=\"https:\/\/www.enaikoon.com\/wp-content\/uploads\/2016\/07\/84c134132c.png\" border=\"0\" align=\"left\" class=\"gl_space_right10top5\" alt=\"Wiederaufladbarer ENAiKOON Akku\"\/><\/a><\/div>\r\n\t\t\t<div>Bei einer Stromunterbrechung, z.B. durch Diebstahl oder Vandalismus k\u00f6nnen die Ortungsmodule weiter senden und Alarm ausl\u00f6sen.<\/div>\r\n\t\t<\/div>\r\n\t\t\r\n\t\t<\/div>\r\n\t\t\r\n\t\t<div class=\"col-md-4\">\r\n\t\t\r\n\t\t<div class=\"gl_h4big\">Kombinationsm\u00f6glichkeiten<\/div>\r\n\t\t<div>Prim\u00e4rbatterie + <a href=\"https:\/\/www.enaikoon.com\/de\/geraete\/locate-serie\/locate-15\/\">ENAiKOON locate-15<\/a> = lange Ausdauer und regelm\u00e4\u00dfige Positionsanzeige. <\/div>\r\n\t\t<div>&nbsp;<\/div>\t\t\r\n\t\t<div>Wiederaufladbarer Akku + <a href=\"https:\/\/www.enaikoon.com\/de\/geraete\/locate-serie\/locate-17\/\">ENAiKOON locate-17<\/a> = macht unabh\u00e4ngig von externer Stromversorgung.<\/div>\r\n\t\t<div>&nbsp;<\/div>\r\n\t\t<div>Backup-Akku + <a href=\"https:\/\/www.enaikoon.com\/de\/geraete\/locate-serie\/locate-04\/\">ENAiKOON locate-04<\/a> oder <a href=\"https:\/\/www.enaikoon.com\/de\/geraete\/locate-serie\/locate-06\/\">ENAiKOON locate-06<\/a> = Positionsanzeige auch nach Unterbrechung der externen Stromversorgung.<\/div>\r\n\t\t<div><a class=\"gl_button_yellow\" href=\"https:\/\/www.enaikoon.com\/de\/geraete\/locate-serie\/locate-03\/\">locate-Serie<\/a><\/div>\r\n\t\t<div><a class=\"gl_button_blue\" href=\"https:\/\/www.enaikoon.com\/de\/kontakt\/kontakt\/\">Sprechen Sie uns an<\/a><\/div>\r\n\t\r\n\t\t\r\n\t\r\n<\/div>\r\n\t\t\r\n\t\t<div class=\"gl_row_space\"><\/div>\r\n<\/div>\r\n<\/div>","protected":false},"excerpt":{"rendered":"<p> [&hellip;]<\/p>\n","protected":false},"author":7,"featured_media":0,"parent":3809,"menu_order":0,"comment_status":"closed","ping_status":"closed","template":"","meta":{"footnotes":""},"acf":[],"_links":{"self":[{"href":"https:\/\/www.enaikoon.com\/de\/wp-json\/wp\/v2\/pages\/3825"}],"collection":[{"href":"https:\/\/www.enaikoon.com\/de\/wp-json\/wp\/v2\/pages"}],"about":[{"href":"https:\/\/www.enaikoon.com\/de\/wp-json\/wp\/v2\/types\/page"}],"author":[{"embeddable":true,"href":"https:\/\/www.enaikoon.com\/de\/wp-json\/wp\/v2\/users\/7"}],"replies":[{"embeddable":true,"href":"https:\/\/www.enaikoon.com\/de\/wp-json\/wp\/v2\/comments?post=3825"}],"version-history":[{"count":15,"href":"https:\/\/www.enaikoon.com\/de\/wp-json\/wp\/v2\/pages\/3825\/revisions"}],"predecessor-version":[{"id":7560,"href":"https:\/\/www.enaikoon.com\/de\/wp-json\/wp\/v2\/pages\/3825\/revisions\/7560"}],"up":[{"embeddable":true,"href":"https:\/\/www.enaikoon.com\/de\/wp-json\/wp\/v2\/pages\/3809"}],"wp:attachment":[{"href":"https:\/\/www.enaikoon.com\/de\/wp-json\/wp\/v2\/media?parent=3825"}],"curies":[{"name":"wp","href":"https:\/\/api.w.org\/{rel}","templated":true}]}}