{"id":3821,"date":"2016-07-18T05:15:49","date_gmt":"2016-07-18T05:15:49","guid":{"rendered":"https:\/\/www.enaikoon.com\/?page_id=3821"},"modified":"2016-08-09T07:16:18","modified_gmt":"2016-08-09T07:16:18","slug":"display","status":"publish","type":"page","link":"https:\/\/www.enaikoon.com\/de\/geraete\/zubehoer\/display\/","title":{"rendered":"display"},"content":{"rendered":"<div class=\"gl_slide_scroll_box\">\r\n\t<div class=\"gl_scroll_box\">\r\n <noindex><\/noindex>        <ul>\r\n            <li><a class=\"gl_scroll_link_title\" href=\"https:\/\/www.enaikoon.com\/de\/geraete\/zubehoer\/sim-card\/\" title=\"SIM-card\">SIM-card<\/a><br\/>\r\n            <a href=\"https:\/\/www.enaikoon.com\/de\/geraete\/zubehoer\/sim-card\/\" title=\"SIM-card\"><img decoding=\"async\" class=\"gl_scroll_link_img\" src=\"https:\/\/www.enaikoon.com\/wp-content\/uploads\/2016\/07\/SIM-card.png\" border=\"0\" alt=\"\"><\/a><\/li>\r\n            \r\n          \t<li><a class=\"gl_scroll_link_title\" href=\"https:\/\/www.enaikoon.com\/de\/geraete\/zubehoer\/fuel-level-sensor\/\" title=\"fuel level sensor\">fuel level sensor<\/a><br\/>\r\n            <a href=\"https:\/\/www.enaikoon.com\/de\/geraete\/zubehoer\/fuel-level-sensor\/\" title=\"fuel level sensor\"><img decoding=\"async\" class=\"gl_scroll_link_img\" src=\"https:\/\/www.enaikoon.com\/wp-content\/uploads\/2016\/07\/fuel-level.png\" border=\"0\" alt=\"\"><\/a><\/li>\r\n            \r\n            <li><a class=\"gl_scroll_link_title\" href=\"https:\/\/www.enaikoon.com\/de\/geraete\/zubehoer\/capacitive-sensor\/\" title=\"capacitive sensor\">capacitive sensor<\/a><br\/>\r\n            <a href=\"https:\/\/www.enaikoon.com\/de\/geraete\/zubehoer\/capacitive-sensor\/\" title=\"capacitive sensor\"><img decoding=\"async\" class=\"gl_scroll_link_img\" src=\"https:\/\/www.enaikoon.com\/wp-content\/uploads\/2016\/07\/capacitive.png\" border=\"0\" alt=\"\"><\/a><\/li>\r\n            \r\n            <li><a class=\"gl_scroll_link_title\" href=\"https:\/\/www.enaikoon.com\/de\/geraete\/zubehoer\/temp-sensor\/\" title=\"temp-sensor\">temp-sensor<\/a><br\/>\r\n            <a href=\"https:\/\/www.enaikoon.com\/de\/geraete\/zubehoer\/temp-sensor\/\" title=\"temp-sensor\"><img decoding=\"async\" class=\"gl_scroll_link_img\" src=\"https:\/\/www.enaikoon.com\/wp-content\/uploads\/2016\/07\/temp.png\" border=\"0\" alt=\"\"><\/a><\/li>\r\n            \r\n            <li><a class=\"gl_scroll_link_title\" href=\"https:\/\/www.enaikoon.com\/de\/geraete\/zubehoer\/antenna\/\" title=\"antenna\">antenna<\/a><br\/>\r\n            <a href=\"https:\/\/www.enaikoon.com\/de\/geraete\/zubehoer\/antenna\/\" title=\"antenna\"><img decoding=\"async\" class=\"gl_scroll_link_img\" src=\"https:\/\/www.enaikoon.com\/wp-content\/uploads\/2016\/07\/antenna.png\" border=\"0\" alt=\"\"><\/a><\/li>\r\n            \r\n            <li><a class=\"gl_scroll_link_title\" href=\"https:\/\/www.enaikoon.com\/de\/geraete\/zubehoer\/display\/\" title=\"display\">display<\/a><br\/>\r\n            <a href=\"https:\/\/www.enaikoon.com\/de\/geraete\/zubehoer\/display\/\" title=\"display\"><img decoding=\"async\" class=\"gl_scroll_link_img_active\" src=\"https:\/\/www.enaikoon.com\/wp-content\/uploads\/2016\/07\/display.png\" border=\"0\" alt=\"\"><\/a><\/li>\r\n            \r\n            <li><a class=\"gl_scroll_link_title\" href=\"https:\/\/www.enaikoon.com\/de\/geraete\/zubehoer\/driver-id\/\" title=\"driver-id\">driver-id<\/a><br\/>\r\n            <a href=\"https:\/\/www.enaikoon.com\/de\/geraete\/zubehoer\/driver-id\/\" title=\"driver-id\"><img decoding=\"async\" class=\"gl_scroll_link_img\" src=\"https:\/\/www.enaikoon.com\/wp-content\/uploads\/2016\/07\/driver-id.png\" border=\"0\" alt=\"\"><\/a><\/li>\r\n            \r\n            <li><a class=\"gl_scroll_link_title\" href=\"https:\/\/www.enaikoon.com\/de\/geraete\/zubehoer\/battery\/\" title=\"battery\">battery<\/a><br\/>\r\n            <a href=\"https:\/\/www.enaikoon.com\/de\/geraete\/zubehoer\/battery\/\" title=\"battery\"><img decoding=\"async\" class=\"gl_scroll_link_img\" src=\"https:\/\/www.enaikoon.com\/wp-content\/uploads\/2016\/07\/battery.png\" border=\"0\" alt=\"\"><\/a><\/li>\r\n            \r\n            <li><a class=\"gl_scroll_link_title\" href=\"https:\/\/www.enaikoon.com\/de\/geraete\/zubehoer\/buzzer\/\" title=\"buzzer\">buzzer<\/a><br\/>\r\n            <a href=\"https:\/\/www.enaikoon.com\/de\/geraete\/zubehoer\/buzzer\/\" title=\"buzzer\"><img decoding=\"async\" class=\"gl_scroll_link_img\" src=\"https:\/\/www.enaikoon.com\/wp-content\/uploads\/2016\/07\/buzzer.png\" border=\"0\" alt=\"\"><\/a><\/li>\r\n            \r\n            <li><a class=\"gl_scroll_link_title\" href=\"https:\/\/www.enaikoon.com\/de\/geraete\/zubehoer\/camera\/\" title=\"camera\">camera<\/a><br\/>\r\n            <a href=\"https:\/\/www.enaikoon.com\/de\/geraete\/zubehoer\/camera\/\" title=\"camera\"><img decoding=\"async\" class=\"gl_scroll_link_img\" src=\"https:\/\/www.enaikoon.com\/wp-content\/uploads\/2016\/07\/camera.png\" border=\"0\" alt=\"\"><\/a><\/li>\r\n            \r\n            <li><a class=\"gl_scroll_link_title\" href=\"https:\/\/www.enaikoon.com\/de\/geraete\/zubehoer\/case\/\" title=\"case\">case<\/a><br\/>\r\n            <a href=\"https:\/\/www.enaikoon.com\/de\/geraete\/zubehoer\/case\/\" title=\"case\"><img decoding=\"async\" class=\"gl_scroll_link_img\" src=\"https:\/\/www.enaikoon.com\/wp-content\/uploads\/2016\/07\/case.png\" border=\"0\" alt=\"\"><\/a><\/li>\r\n          \r\n        <\/ul>\r\n\r\n    <\/div>\r\n<\/div>\r\n\r\n<div class=\"row\">\r\n\r\n<div class=\"gl_border-page\">\r\n\t\t\r\n\t\t<div class=\"col-md-4\">\r\n\t\r\n\t\t<h2>ENAiKOON<br>display<\/h2>\r\n\t\t<div class=\"clearfix\"><a rel=\"nofollow\" href=\"https:\/\/www.enaikoon.com\/wp-content\/uploads\/2016\/07\/Garmi_nuvi_English_368x300_inactive_1.png\" title=\"ENAiKOON display\"><img decoding=\"async\" src=\"https:\/\/www.enaikoon.com\/wp-content\/uploads\/2016\/07\/e15e8045e6.png\" border=\"0\" align=\"left\" class=\"gl_space_bottom10\" alt=\"\"\/><\/a><\/div>\r\n\t\t<div class=\"gl_h5-italic\">F\u00fcr die Kommunikation mit Mitarbeitern ist es von entscheidender Bedeutung, die Arbeitsabl\u00e4ufe zu regeln und zu optimieren. <strong>ENAiKOON display<\/strong> ist entwickelt worden, um Kommunikation klar und effektiv zu machen. Die Ger\u00e4te der ENAiKOON display-Familie sind robuste, fahrzeugtaugliche Displays mit oder ohne Tastatur und mit oder ohne Touchscreen zur schriftlichen Kommunikation zwischen Zentrale und dem Fahrer eines LKWs oder PKWs.<\/div>\r\n\t\t<div>&nbsp;<\/div>\r\n\t\t<div class=\"gl_h4big\">Hauptfunktionen<\/div>\r\n\t\t<ul type=\"square\" class=\"gl_space_ul2\">\r\n\t\t\t<li class=\"gl_space_li\">\u00dcbermittlung von Fahrauftr\u00e4gen und Nachrichten zum Fahrer via GPRS, inklusive einer Empfangsbest\u00e4tigung<\/li>\r\n\t\t\t<li class=\"gl_space_li\">\u00dcbermittlung von bis zu 20 Textvorlagen an das Display<\/li>\r\n\t\t\t<li class=\"gl_space_li\">R\u00fcckmeldung von Stati vom Fahrzeug zur Zentrale (z.B. Verkehr, Ladezeit, Unfall, Pausen etc.)<\/li>\r\n\t\t<\/ul>\r\n\r\n\t\t<\/div>\r\n\t\t\r\n\t\t<div class=\"col-md-4\">\r\n\t\t\r\n\t\t<div class=\"gl_h4big\">Technische Details<\/div>\r\n\t\t<div>&nbsp;<\/div>\r\n\t\t<div class=\"clearfix\">\r\n\t\t\t<div><a rel=\"nofollow\" href=\"https:\/\/www.enaikoon.com\/wp-content\/uploads\/2016\/07\/NewProduct_display_inactive_01.png\" title=\"ENAiKOON display-56\"><img decoding=\"async\" src=\"https:\/\/www.enaikoon.com\/wp-content\/uploads\/2016\/07\/e44e20aa2d.png\" border=\"0\" align=\"left\" class=\"gl_space_right10bottom15\" alt=\"\"\/><\/a><\/div>\r\n\t\t\t<div><strong>display-56<\/strong><\/div>\r\n\t\t<\/div>\r\n\t\t<div class=\"gl_ul_style3\">\r\n\t\t<ul>\r\n\t\t\t<li>LCD-Anzeige mit 4 Zeilen \u00e1 20 Zeichen<\/li>\r\n\t\t\t<li>Ma\u00df des Anzeigefelds: 75 x 25 mm<\/li>\r\n\t\t\t<li>Farbe: Blau<\/li>\r\n\t\t\t<li>Au\u00dfenma\u00dfe: 180 x 57 x 30 mm<\/li>\r\n\t\t\t<li>2 LEDs, frei programmierbar<\/li>\r\n\t\t\t<li>Betriebsspannung 5 &#8211; 31 V DC<\/li>\r\n\t\t\t<li>Stromverbrauch bei 12 V Betrieb: 60 mA (Beleuchtung ein)<\/li>\r\n\t\t\t<li>Stromverbrauch bei 12 V Betrieb: 20 mA (Beleuchtung aus)<\/li>\r\n\t\t\t<li>Eingabe von numerischen\/ alphanumerischen Daten<\/li>\r\n\t\t\t<li>Identifizierung eines Fahrers\/ Maschinenf\u00fchrers etc. \u00fcber integrierten driver-id reader<\/li>\r\n\t\t\t<li>Anzeige von Fahrauftr\u00e4gen, Fahrzeugdaten, Nachrichten etc.<\/li>\r\n\t\t\t<li>Eingebauter Lautsprecher f\u00fcr Warnt\u00f6ne oder als akustisches Zeichen f\u00fcr driver-id Meldung<\/li>\r\n\t\t<\/ul>\r\n\t\t<\/div>\r\n\t\t<div>&nbsp;<\/div>\r\n\t\t<div class=\"clearfix\">\r\n\t\t\t<div><a rel=\"nofollow\" href=\"https:\/\/www.enaikoon.com\/wp-content\/uploads\/2016\/07\/Garmi_nuvi_English_184x150_inactive_1.png\" title=\"Garmin\u00ae n\u00fcvi\u00ae\"><img decoding=\"async\" src=\"https:\/\/www.enaikoon.com\/wp-content\/uploads\/2016\/07\/6e4f81486d.png\" border=\"0\" align=\"left\" class=\"gl_space_right10bottom15\" alt=\"\"\/><\/a><\/div>\r\n\t\t\t<div><strong>Garmin\u00ae dezl\u2122 560LT<\/strong><\/div>\r\n\t\t<\/div>\r\n\t\t<div>Garmin\u00ae n\u00fcvi\u00ae Navigationsger\u00e4te besitzen einen Doppelnutzen:<br>Sie unterst\u00fctzen die volle Funktionalit\u00e4t der Kommunikation zwischen Zentrale und Fahrer eines Fahrzeugs.<br>Zus\u00e4tzlich bieten Sie die normale Routenf\u00fchrung, die auch direkt zu einer von der Zentrale mitgelieferten Zieladresse gestartet werden kann.<br>Eine Besonderheit ist das Garmin\u00ae dezl\u2122 560LT, welches speziell f\u00fcr den Einsatz in LKWs konzipiert wurde.<\/div>\r\n\t\t<div class=\"gl_ul_style3\">\r\n\t\t<ul>\r\n\t\t\t<li>aktuelle Durchfahrtsh\u00f6hen<\/li>\r\n\t\t\t<li>Achsen- und Gesamtgewicht <\/li>\r\n\t\t\t<li>Art der Belastung<\/li>\r\n\t\t\t<li>PhotoReal\u2122 3D-Kreuzungsansicht und Fahrspurassistent<\/li>\r\n\t\t\t<li>NAVTEQ Traffic\u2122 Premium Verkehrsinformation<\/li>\r\n\t\t\t<li>Erstellung von benutzerdefinierten LKW Profilen, wie Fahrzeugtyp und -belastung<\/li>\r\n\t\t\t<li>Anschluss f\u00fcr eine R\u00fcckfahrkamera<\/li>\r\n\t\t\t<li>besonders starke Lautsprecher<\/li>\r\n\t\t\t<li>Bluetooth\u00ae Freisprecheinrichtung und Aktivhalterung<\/li>\r\n\t\t\t<li>Kartenmaterial f\u00fcr 44 L\u00e4nder Europas<\/li>\r\n\t\t<\/ul>\r\n\t\t<\/div>\r\n\r\n\t\t<\/div>\r\n\t\t\r\n\t\t<div class=\"col-md-4\">\r\n\t\t\r\n\t\t<div class=\"gl_h4big\">Kombinationsm\u00f6glichkeiten<\/div>\r\n\t\t<div>ENAiKOON display + <a href=\"https:\/\/www.enaikoon.com\/de\/geraete\/locate-serie\/locate-06\/\">ENAiKOON locate-06<\/a> + <a href=\"https:\/\/www.enaikoon.com\/de\/software-de\/inviu-pro\/\">inViu pro<\/a> + <a href=\"https:\/\/www.enaikoon.com\/de\/software-de\/plugins\/staff-tracker\/\">ENAiKOON staff-tracker<\/a> = exakte GPS-Positionen und Spuren: Berichte wie Arbeits- und Pausenzeiten sowie Landkarten-Anzeige der Aktivit\u00e4ten von Fahrzeugen und Mitarbeitern sparen Zeit und Kosten.<\/div>\r\n\t\t<div>&nbsp;<\/div>\r\n\t\t<div>Garmin\u00ae n\u00fcvi\u00ae + <a href=\"https:\/\/www.enaikoon.com\/de\/geraete\/locate-serie\/locate-06\/\">ENAiKOON locate-06<\/a> + <a href=\"https:\/\/www.enaikoon.com\/de\/software-de\/inviu-pro\/\">inViu pro<\/a> + <a href=\"https:\/\/www.enaikoon.com\/de\/software-de\/plugins\/messenger\/\">ENAiKOON messenger<\/a> = optimierte Auftrags\u00fcbermittlung und Kommunikation zur Steigerung der Produktivit\u00e4t und Kosteneinsparung.<\/div>\r\n\t\t<div><a class=\"gl_button_grey\" rel=\"nofollow\" href=\"https:\/\/www.enaikoon.com\/fileadmin\/enaikoon\/Dateien\/pdf\/Datenblatt\/display56\/deutsch\/ENAiKOON_display-56_Datenblatt.pdf\" target=\"_blank\">display-56.pdf<\/a><\/div>\r\n\t\t<div><a class=\"gl_button_grey\" rel=\"nofollow\" href=\"https:\/\/www.enaikoon.com\/fileadmin\/enaikoon\/Dateien\/pdf\/Datenblatt\/Garmin_nuevi\/deutsch\/Garmin_nuevi_465Tpro_Datenblatt.pdf\" target=\"_blank\">garmin-n\u00fcvi.pdf<\/a><\/div>\r\n\t\t<div><a class=\"gl_button_yellow\" href=\"https:\/\/www.enaikoon.com\/de\/geraete\/locate-serie\/locate-03\/\">locate-Serie<\/a><\/div>\r\n\t\t<div><a class=\"gl_button_blue\" href=\"https:\/\/www.enaikoon.com\/de\/kontakt\/kontakt\/\">Sprechen Sie uns an<\/a><\/div>\r\n\t\t\r\n\t\t<\/div>\r\n\t\t\r\n\t\t<div class=\"gl_row_space\"><\/div>\r\n\t\t\r\n\t<\/div>\r\n\r\n<\/div>","protected":false},"excerpt":{"rendered":"<p> [&hellip;]<\/p>\n","protected":false},"author":7,"featured_media":0,"parent":3809,"menu_order":0,"comment_status":"closed","ping_status":"closed","template":"","meta":{"footnotes":""},"acf":[],"_links":{"self":[{"href":"https:\/\/www.enaikoon.com\/de\/wp-json\/wp\/v2\/pages\/3821"}],"collection":[{"href":"https:\/\/www.enaikoon.com\/de\/wp-json\/wp\/v2\/pages"}],"about":[{"href":"https:\/\/www.enaikoon.com\/de\/wp-json\/wp\/v2\/types\/page"}],"author":[{"embeddable":true,"href":"https:\/\/www.enaikoon.com\/de\/wp-json\/wp\/v2\/users\/7"}],"replies":[{"embeddable":true,"href":"https:\/\/www.enaikoon.com\/de\/wp-json\/wp\/v2\/comments?post=3821"}],"version-history":[{"count":10,"href":"https:\/\/www.enaikoon.com\/de\/wp-json\/wp\/v2\/pages\/3821\/revisions"}],"predecessor-version":[{"id":7565,"href":"https:\/\/www.enaikoon.com\/de\/wp-json\/wp\/v2\/pages\/3821\/revisions\/7565"}],"up":[{"embeddable":true,"href":"https:\/\/www.enaikoon.com\/de\/wp-json\/wp\/v2\/pages\/3809"}],"wp:attachment":[{"href":"https:\/\/www.enaikoon.com\/de\/wp-json\/wp\/v2\/media?parent=3821"}],"curies":[{"name":"wp","href":"https:\/\/api.w.org\/{rel}","templated":true}]}}