{"id":3817,"date":"2016-07-18T05:14:47","date_gmt":"2016-07-18T05:14:47","guid":{"rendered":"https:\/\/www.enaikoon.com\/?page_id=3817"},"modified":"2020-10-08T14:16:31","modified_gmt":"2020-10-08T14:16:31","slug":"temp-sensor","status":"publish","type":"page","link":"https:\/\/www.enaikoon.com\/de\/geraete\/zubehoer\/temp-sensor\/","title":{"rendered":"temp-sensor"},"content":{"rendered":"<div class=\"gl_slide_scroll_box\">\n<div class=\"gl_scroll_box\">\n<ul>\n \t<li style=\"list-style-type: none;\">\n<ul>\n \t<li><a class=\"gl_scroll_link_title\" title=\"SIM-card\" href=\"https:\/\/www.enaikoon.com\/de\/geraete\/zubehoer\/sim-card\/\">SIM-card<\/a>\n<a title=\"SIM-card\" href=\"https:\/\/www.enaikoon.com\/de\/geraete\/zubehoer\/sim-card\/\"><img decoding=\"async\" class=\"gl_scroll_link_img\" src=\"https:\/\/www.enaikoon.com\/wp-content\/uploads\/2016\/07\/SIM-card.png\" alt=\"\" border=\"0\" \/><\/a><\/li>\n \t<li><a class=\"gl_scroll_link_title\" title=\"fuel level sensor\" href=\"https:\/\/www.enaikoon.com\/de\/geraete\/zubehoer\/fuel-level-sensor\/\">fuel level sensor<\/a>\n<a title=\"fuel level sensor\" href=\"https:\/\/www.enaikoon.com\/de\/geraete\/zubehoer\/fuel-level-sensor\/\"><img decoding=\"async\" class=\"gl_scroll_link_img\" src=\"https:\/\/www.enaikoon.com\/wp-content\/uploads\/2016\/07\/fuel-level.png\" alt=\"\" border=\"0\" \/><\/a><\/li>\n \t<li><a class=\"gl_scroll_link_title\" title=\"capacitive sensor\" href=\"https:\/\/www.enaikoon.com\/de\/geraete\/zubehoer\/capacitive-sensor\/\">capacitive sensor<\/a>\n<a title=\"capacitive sensor\" href=\"https:\/\/www.enaikoon.com\/de\/geraete\/zubehoer\/capacitive-sensor\/\"><img decoding=\"async\" class=\"gl_scroll_link_img\" src=\"https:\/\/www.enaikoon.com\/wp-content\/uploads\/2016\/07\/capacitive.png\" alt=\"\" border=\"0\" \/><\/a><\/li>\n \t<li><a class=\"gl_scroll_link_title\" title=\"temp-sensor\" href=\"https:\/\/www.enaikoon.com\/de\/geraete\/zubehoer\/temp-sensor\/\">temp-sensor<\/a>\n<a title=\"temp-sensor\" href=\"https:\/\/www.enaikoon.com\/de\/geraete\/zubehoer\/temp-sensor\/\"><img decoding=\"async\" class=\"gl_scroll_link_img_active\" src=\"https:\/\/www.enaikoon.com\/wp-content\/uploads\/2016\/07\/temp.png\" alt=\"\" border=\"0\" \/><\/a><\/li>\n \t<li><a class=\"gl_scroll_link_title\" title=\"antenna\" href=\"https:\/\/www.enaikoon.com\/de\/geraete\/zubehoer\/antenna\/\">antenna<\/a>\n<a title=\"antenna\" href=\"https:\/\/www.enaikoon.com\/de\/geraete\/zubehoer\/antenna\/\"><img decoding=\"async\" class=\"gl_scroll_link_img\" src=\"https:\/\/www.enaikoon.com\/wp-content\/uploads\/2016\/07\/antenna.png\" alt=\"\" border=\"0\" \/><\/a><\/li>\n \t<li><a class=\"gl_scroll_link_title\" title=\"display\" href=\"https:\/\/www.enaikoon.com\/de\/geraete\/zubehoer\/display\/\">display<\/a>\n<a title=\"display\" href=\"https:\/\/www.enaikoon.com\/de\/geraete\/zubehoer\/display\/\"><img decoding=\"async\" class=\"gl_scroll_link_img\" src=\"https:\/\/www.enaikoon.com\/wp-content\/uploads\/2016\/07\/display.png\" alt=\"\" border=\"0\" \/><\/a><\/li>\n \t<li><a class=\"gl_scroll_link_title\" title=\"driver-id\" href=\"https:\/\/www.enaikoon.com\/de\/geraete\/zubehoer\/driver-id\/\">driver-id<\/a>\n<a title=\"driver-id\" href=\"https:\/\/www.enaikoon.com\/de\/geraete\/zubehoer\/driver-id\/\"><img decoding=\"async\" class=\"gl_scroll_link_img\" src=\"https:\/\/www.enaikoon.com\/wp-content\/uploads\/2016\/07\/driver-id.png\" alt=\"\" border=\"0\" \/><\/a><\/li>\n \t<li><a class=\"gl_scroll_link_title\" title=\"battery\" href=\"https:\/\/www.enaikoon.com\/de\/geraete\/zubehoer\/battery\/\">battery<\/a>\n<a title=\"battery\" href=\"https:\/\/www.enaikoon.com\/de\/geraete\/zubehoer\/battery\/\"><img decoding=\"async\" class=\"gl_scroll_link_img\" src=\"https:\/\/www.enaikoon.com\/wp-content\/uploads\/2016\/07\/battery.png\" alt=\"\" border=\"0\" \/><\/a><\/li>\n \t<li><a class=\"gl_scroll_link_title\" title=\"buzzer\" href=\"https:\/\/www.enaikoon.com\/de\/geraete\/zubehoer\/buzzer\/\">buzzer<\/a>\n<a title=\"buzzer\" href=\"https:\/\/www.enaikoon.com\/de\/geraete\/zubehoer\/buzzer\/\"><img decoding=\"async\" class=\"gl_scroll_link_img\" src=\"https:\/\/www.enaikoon.com\/wp-content\/uploads\/2016\/07\/buzzer.png\" alt=\"\" border=\"0\" \/><\/a><\/li>\n \t<li><a class=\"gl_scroll_link_title\" title=\"camera\" href=\"https:\/\/www.enaikoon.com\/de\/geraete\/zubehoer\/camera\/\">camera<\/a>\n<a title=\"camera\" href=\"https:\/\/www.enaikoon.com\/de\/geraete\/zubehoer\/camera\/\"><img decoding=\"async\" class=\"gl_scroll_link_img\" src=\"https:\/\/www.enaikoon.com\/wp-content\/uploads\/2016\/07\/camera.png\" alt=\"\" border=\"0\" \/><\/a><\/li>\n \t<li><a class=\"gl_scroll_link_title\" title=\"case\" href=\"https:\/\/www.enaikoon.com\/de\/geraete\/zubehoer\/case\/\">case<\/a>\n<a title=\"case\" href=\"https:\/\/www.enaikoon.com\/de\/geraete\/zubehoer\/case\/\"><img decoding=\"async\" class=\"gl_scroll_link_img\" src=\"https:\/\/www.enaikoon.com\/wp-content\/uploads\/2016\/07\/case.png\" alt=\"\" border=\"0\" \/><\/a><\/li>\n<\/ul>\n<\/li>\n<\/ul>\n<\/div>\n<\/div>\n<div class=\"row\">\n<div class=\"gl_border-page\">\n\n<div class=\"col-md-4\">\n<h2>ENAiKOON\ntemp-sensor<\/h2>\n<div class=\"clearfix\"><a title=\"ENAiKOON temp-sensor\" rel=\"nofollow\" href=\"https:\/\/www.enaikoon.com\/wp-content\/uploads\/2016\/07\/ENAiKOON_Temp-Sensor_368x300_A.png\"><img decoding=\"async\" class=\"gl_space_bottom10\" src=\"https:\/\/www.enaikoon.com\/wp-content\/uploads\/2016\/07\/e4289ce3c9.png\" alt=\"\" align=\"left\" border=\"0\" \/><\/a><\/div>\n<div class=\"gl_h5-italic\"><strong>ENAiKOON temp-sensor-03<\/strong> ist ein kabelgebundener Temperaturf\u00fchler auf 1-Wire Basis, welcher an die ENAiKOON locate-06 angeschlossen werden kann.<\/div>\n<div><\/div>\n<div class=\"gl_h4big\">Anwendungen<\/div>\n<div>Einsatz in den verschiedensten Branchen, wie Logistik f\u00fcr K\u00fchltransporte oder der Baumaschinenbranche zur Maschinen\u00fcberwachung; Transporte von Blutkonserven und Organen; \u00dcberwachung von Temperaturen an entfernten Orten, z.B. Wasserleitungen im Ferienhaus<\/div>\n<\/div>\n\n<div class=\"col-md-4\">\n<div class=\"gl_h4big\">Hauptfunktionen<\/div>\n<ul class=\"gl_space_ul2\" type=\"square\">\n \t<li class=\"gl_space_li\">Misst Temperaturen von -55 \u00b0C bis zu +125 \u00b0C mit einer Genauigkeit von 0,5 \u00b0C<\/li>\n \t<li class=\"gl_space_li\">Die regul\u00e4re Funktion der seriellen Schnittstelle steht auch bei angeschlossenem Temperatursensor weiterhin zur Verf\u00fcgung<\/li>\n \t<li class=\"gl_space_li\">Bis zu 16 Temperatursensoren gleichzeitig k\u00f6nnen an ein ENAiKOON locate-06 \u00dcberwachungsger\u00e4t montiert werden<\/li>\n<\/ul>\n<div><\/div>\n<div class=\"gl_h4big\">Technische Details<\/div>\n<ul class=\"gl_space_ul2\" type=\"square\">\n \t<li style=\"list-style-type: none;\">\n<ul class=\"gl_space_ul2\" type=\"square\">\n \t<li class=\"gl_space_li\">Kabell\u00e4nge: bis zu 12 m<\/li>\n<\/ul>\n<\/li>\n<\/ul>\n<\/div>\n\n<div class=\"col-md-4\">\n<div class=\"gl_h4big\">Kombinationsm\u00f6glichkeiten<\/div>\n<div>ENAiKOON temp-sensor + <a href=\"https:\/\/www.enaikoon.com\/de\/geraete\/locate-serie\/locate-06\/\">ENAiKOON locate-06<\/a> + <a href=\"https:\/\/www.enaikoon.com\/de\/software-de\/plugins\/temp-checker\/\">temp-checker<\/a> + <a href=\"https:\/\/www.enaikoon.com\/de\/software-de\/inviu-pro\/\">inViu pro<\/a> = exakte GPS-Positionen und Spuren sowie eine Temperatur\u00fcberwachung bieten ein perfektes Controlling und sch\u00fctzen vor unliebsamen \u00dcberraschungen.<\/div>\n<div><a class=\"gl_button_grey\" href=\"https:\/\/www.enaikoon.com\/fileadmin\/enaikoon\/Dateien\/pdf\/Datenblatt\/temp-sensor\/deutsch\/ENAiKOON_temp-sensor-03_Datenblatt.pdf\" target=\"_blank\" rel=\"nofollow\" noreferrer\">DATENBLATT HERUNTERLADEN<\/a><\/div>\n<div><a class=\"gl_button_grey\" href=\"https:\/\/www.enaikoon.com\/fileadmin\/enaikoon\/Dateien\/pdf\/Benutzerhandbuch\/temp_manual\/deutsch\/ENAiKOON_Temperatur-\u00dcberwachung.pdf\" target=\"_blank\" rel=\"nofollow\" noreferrer\">Handbuch HERUNTERLADEN<\/a><\/div>\n<div><a class=\"gl_button_yellow\" href=\"https:\/\/www.enaikoon.com\/de\/geraete\/locate-serie\/locate-03\/\">locate-Serie<\/a><\/div>\n<div><a class=\"gl_button_blue\" href=\"https:\/\/www.enaikoon.com\/de\/kontakt\/kontakt\/\">Sprechen Sie uns an<\/a><\/div>\n<\/div>\n<div class=\"gl_row_space\"><\/div>\n<\/div>\n<\/div>","protected":false},"excerpt":{"rendered":"<p> [&hellip;]<\/p>\n","protected":false},"author":7,"featured_media":0,"parent":3809,"menu_order":0,"comment_status":"closed","ping_status":"closed","template":"","meta":{"footnotes":""},"acf":[],"_links":{"self":[{"href":"https:\/\/www.enaikoon.com\/de\/wp-json\/wp\/v2\/pages\/3817"}],"collection":[{"href":"https:\/\/www.enaikoon.com\/de\/wp-json\/wp\/v2\/pages"}],"about":[{"href":"https:\/\/www.enaikoon.com\/de\/wp-json\/wp\/v2\/types\/page"}],"author":[{"embeddable":true,"href":"https:\/\/www.enaikoon.com\/de\/wp-json\/wp\/v2\/users\/7"}],"replies":[{"embeddable":true,"href":"https:\/\/www.enaikoon.com\/de\/wp-json\/wp\/v2\/comments?post=3817"}],"version-history":[{"count":13,"href":"https:\/\/www.enaikoon.com\/de\/wp-json\/wp\/v2\/pages\/3817\/revisions"}],"predecessor-version":[{"id":17616,"href":"https:\/\/www.enaikoon.com\/de\/wp-json\/wp\/v2\/pages\/3817\/revisions\/17616"}],"up":[{"embeddable":true,"href":"https:\/\/www.enaikoon.com\/de\/wp-json\/wp\/v2\/pages\/3809"}],"wp:attachment":[{"href":"https:\/\/www.enaikoon.com\/de\/wp-json\/wp\/v2\/media?parent=3817"}],"curies":[{"name":"wp","href":"https:\/\/api.w.org\/{rel}","templated":true}]}}