{"id":3815,"date":"2016-07-18T05:13:49","date_gmt":"2016-07-18T05:13:49","guid":{"rendered":"https:\/\/www.enaikoon.com\/?page_id=3815"},"modified":"2016-08-09T07:14:37","modified_gmt":"2016-08-09T07:14:37","slug":"capacitive-sensor","status":"publish","type":"page","link":"https:\/\/www.enaikoon.com\/de\/geraete\/zubehoer\/capacitive-sensor\/","title":{"rendered":"capacitive sensor"},"content":{"rendered":"<div class=\"gl_slide_scroll_box\">\r\n\t<div class=\"gl_scroll_box\">\r\n <noindex><\/noindex>        <ul>\r\n            <li><a class=\"gl_scroll_link_title\" href=\"https:\/\/www.enaikoon.com\/de\/geraete\/zubehoer\/sim-card\/\" title=\"SIM-card\">SIM-card<\/a><br\/>\r\n            <a href=\"https:\/\/www.enaikoon.com\/de\/geraete\/zubehoer\/sim-card\/\" title=\"SIM-card\"><img decoding=\"async\" class=\"gl_scroll_link_img\" src=\"https:\/\/www.enaikoon.com\/wp-content\/uploads\/2016\/07\/SIM-card.png\" border=\"0\" alt=\"\"><\/a><\/li>\r\n            \r\n          \t<li><a class=\"gl_scroll_link_title\" href=\"https:\/\/www.enaikoon.com\/de\/geraete\/zubehoer\/fuel-level-sensor\/\" title=\"fuel level sensor\">fuel level sensor<\/a><br\/>\r\n            <a href=\"https:\/\/www.enaikoon.com\/de\/geraete\/zubehoer\/fuel-level-sensor\/\" title=\"fuel level sensor\"><img decoding=\"async\" class=\"gl_scroll_link_img\" src=\"https:\/\/www.enaikoon.com\/wp-content\/uploads\/2016\/07\/fuel-level.png\" border=\"0\" alt=\"\"><\/a><\/li>\r\n            \r\n            <li><a class=\"gl_scroll_link_title\" href=\"https:\/\/www.enaikoon.com\/de\/geraete\/zubehoer\/capacitive-sensor\/\" title=\"capacitive sensor\">capacitive sensor<\/a><br\/>\r\n            <a href=\"https:\/\/www.enaikoon.com\/de\/geraete\/zubehoer\/capacitive-sensor\/\" title=\"capacitive sensor\"><img decoding=\"async\" class=\"gl_scroll_link_img_active\" src=\"https:\/\/www.enaikoon.com\/wp-content\/uploads\/2016\/07\/capacitive.png\" border=\"0\" alt=\"\"><\/a><\/li>\r\n            \r\n            <li><a class=\"gl_scroll_link_title\" href=\"https:\/\/www.enaikoon.com\/de\/geraete\/zubehoer\/temp-sensor\/\" title=\"temp-sensor\">temp-sensor<\/a><br\/>\r\n            <a href=\"https:\/\/www.enaikoon.com\/de\/geraete\/zubehoer\/temp-sensor\/\" title=\"temp-sensor\"><img decoding=\"async\" class=\"gl_scroll_link_img\" src=\"https:\/\/www.enaikoon.com\/wp-content\/uploads\/2016\/07\/temp.png\" border=\"0\"v><\/a><\/li>\r\n            \r\n            <li><a class=\"gl_scroll_link_title\" href=\"https:\/\/www.enaikoon.com\/de\/geraete\/zubehoer\/antenna\/\" title=\"antenna\">antenna<\/a><br\/>\r\n            <a href=\"https:\/\/www.enaikoon.com\/de\/geraete\/zubehoer\/antenna\/\" title=\"antenna\"><img decoding=\"async\" class=\"gl_scroll_link_img\" src=\"https:\/\/www.enaikoon.com\/wp-content\/uploads\/2016\/07\/antenna.png\" border=\"0\" alt=\"\"><\/a><\/li>\r\n            \r\n            <li><a class=\"gl_scroll_link_title\" href=\"https:\/\/www.enaikoon.com\/de\/geraete\/zubehoer\/display\/\" title=\"display\">display<\/a><br\/>\r\n            <a href=\"https:\/\/www.enaikoon.com\/de\/geraete\/zubehoer\/display\/\" title=\"display\"><img decoding=\"async\" class=\"gl_scroll_link_img\" src=\"https:\/\/www.enaikoon.com\/wp-content\/uploads\/2016\/07\/display.png\" border=\"0\" alt=\"\"><\/a><\/li>\r\n            \r\n            <li><a class=\"gl_scroll_link_title\" href=\"https:\/\/www.enaikoon.com\/de\/geraete\/zubehoer\/driver-id\/\" title=\"driver-id\">driver-id<\/a><br\/>\r\n            <a href=\"https:\/\/www.enaikoon.com\/de\/geraete\/zubehoer\/driver-id\/\" title=\"driver-id\"><img decoding=\"async\" class=\"gl_scroll_link_img\" src=\"https:\/\/www.enaikoon.com\/wp-content\/uploads\/2016\/07\/driver-id.png\" border=\"0\" alt=\"\"><\/a><\/li>\r\n            \r\n            <li><a class=\"gl_scroll_link_title\" href=\"https:\/\/www.enaikoon.com\/de\/geraete\/zubehoer\/battery\/\" title=\"battery\">battery<\/a><br\/>\r\n            <a href=\"https:\/\/www.enaikoon.com\/de\/geraete\/zubehoer\/battery\/\" title=\"battery\"><img decoding=\"async\" class=\"gl_scroll_link_img\" src=\"https:\/\/www.enaikoon.com\/wp-content\/uploads\/2016\/07\/battery.png\" border=\"0\" alt=\"\"><\/a><\/li>\r\n            \r\n            <li><a class=\"gl_scroll_link_title\" href=\"https:\/\/www.enaikoon.com\/de\/geraete\/zubehoer\/buzzer\/\" title=\"buzzer\">buzzer<\/a><br\/>\r\n            <a href=\"https:\/\/www.enaikoon.com\/de\/geraete\/zubehoer\/buzzer\/\" title=\"buzzer\"><img decoding=\"async\" class=\"gl_scroll_link_img\" src=\"https:\/\/www.enaikoon.com\/wp-content\/uploads\/2016\/07\/buzzer.png\" border=\"0\" alt=\"\"><\/a><\/li>\r\n            \r\n            <li><a class=\"gl_scroll_link_title\" href=\"https:\/\/www.enaikoon.com\/de\/geraete\/zubehoer\/camera\/\" title=\"camera\">camera<\/a><br\/>\r\n            <a href=\"https:\/\/www.enaikoon.com\/de\/geraete\/zubehoer\/camera\/\" title=\"camera\"><img decoding=\"async\" class=\"gl_scroll_link_img\" src=\"https:\/\/www.enaikoon.com\/wp-content\/uploads\/2016\/07\/camera.png\" border=\"0\" alt=\"\"><\/a><\/li>\r\n            \r\n            <li><a class=\"gl_scroll_link_title\" href=\"https:\/\/www.enaikoon.com\/de\/geraete\/zubehoer\/case\/\" title=\"case\">case<\/a><br\/>\r\n            <a href=\"https:\/\/www.enaikoon.com\/de\/geraete\/zubehoer\/case\/\" title=\"case\"><img decoding=\"async\" class=\"gl_scroll_link_img\" src=\"https:\/\/www.enaikoon.com\/wp-content\/uploads\/2016\/07\/case.png\" border=\"0\" alt=\"\"><\/a><\/li>\r\n          \r\n        <\/ul>\r\n\r\n    <\/div>\r\n<\/div>\r\n\r\n<div class=\"row\">\r\n\r\n<div class=\"gl_border-page\">\r\n\t\t\r\n\t\t<div class=\"col-md-4\">\r\n\t\r\n\t\t<h2>ENAiKOON<br>F\u00fcllstandssensor <br>kapazitiv<\/h2>\r\n\t\t<div class=\"clearfix\"><a rel=\"nofollow\" href=\"https:\/\/www.enaikoon.com\/wp-content\/uploads\/2016\/07\/ENAiKOON_fuel_capacitive_sensor_368x300_A_01.png\" title=\"Der kapazitive ENAiKOON Tankf\u00fcllstandssensor wurde speziell f\u00fcr die Messung des Tankf\u00fcllstands sowie des Treibstoffverbrauchs und der Restreichweite von LKWs, Tanklastwagen, Baumaschinen, Generatoren und station\u00e4ren Tanks unabh\u00e4ngig von der Bordelektronik entwickelt.\"><img decoding=\"async\" src=\"https:\/\/www.enaikoon.com\/wp-content\/uploads\/2016\/07\/80ea69bbaa.png\" border=\"0\" align=\"left\" class=\"gl_space_bottom10\" alt=\"\"\/><\/a><\/div>\r\n\t\t<div class=\"gl_h5-italic\">Der <strong>kapazitive ENAiKOON Tankf\u00fcllstandssensor<\/strong> wurde speziell f\u00fcr die Messung des Tankf\u00fcllstands sowie des Treibstoffverbrauchs und der Restreichweite von LKWs, Tanklastwagen, Baumaschinen, Generatoren und station\u00e4ren Tanks unabh\u00e4ngig von der Bordelektronik entwickelt. Mit Hilfe des Sensors kann <strong>Treibstoffdiebstahl auch dann in Echtzeit erkannt und alarmiert<\/strong> werden, wenn die Fahrzeugelektronik ausgeschaltet ist.<\/div>\r\n\t\t<div>&nbsp;<\/div>\r\n\t\t<div>Der kapazitive ENAiKOON Tankf\u00fcllstandssensor besteht aus einem tuben\u00e4hnlichen Sensor und allen erforderlichen Verbindungskabeln. Er arbeitet in Verbindung mit den Telematikeinheiten <a href=\"https:\/\/www.enaikoon.com\/de\/geraete\/locate-serie\/locate-03\/\" title=\"ENAiKOON locate-03\">ENAiKOON locate-03<\/a>, <a href=\"https:\/\/www.enaikoon.com\/de\/geraete\/locate-serie\/locate-04\/\" title=\"ENAiKOON locate-04\">ENAiKOON locate-04<\/a> und <a href=\"https:\/\/www.enaikoon.com\/de\/geraete\/locate-serie\/locate-06\/\" title=\"ENAiKOON locate-06\">ENAiKOON locate-06<\/a> sowie <a href=\"https:\/\/www.enaikoon.com\/de\/software-de\/inviu-pro\/\" title=\"inViu pro\">inViu pro<\/a>, dem bew\u00e4hrten ENAiKOON Web-Portal f\u00fcr Ortung und Flottenmanagement.<\/div>\r\n\t\t<div>&nbsp;<\/div>\r\n\t\t<div>Die Messdaten werden jeweils zusammen mit einer GPS Position zum Portal \u00fcbertragen, so dass jederzeit festgestellt werden kann, wann und wo Tankvorg\u00e4nge bzw. die Entnahme von Treibstoff stattgefunden haben.<\/div>\r\n\t\t<div>&nbsp;<\/div>\r\n\t\t<div class=\"gl_h4big\">Einsatzgebiete<\/div>\r\n\t\t<div>LKWs, Tanklastz\u00fcge, gro\u00dfe Baumaschinen, Generatoren, station\u00e4re Tanks<\/div>\r\n\r\n\t\t<\/div>\r\n\t\t\r\n\t\t<div class=\"col-md-4\">\r\n\t\t\r\n\t\t<div class=\"gl_h4big\">Hauptfunktionen<\/div>\r\n\t\t<div class=\"gl_space_top10\"><strong>Installation<\/strong><\/div>\r\n\t\t<div class=\"gl_ul_style3\">\r\n\t\t<ul>\r\n\t\t\t<li>Durch ein Loch auf der Oberseite des Tanks wird der Tubus des Sensors eingef\u00fchrt und der Sensor dann in den Tank eingeschraubt<\/li>\r\n\t\t\t<li>Kein Entleeren des Tanks f\u00fcr die Installation<\/li>\r\n\t\t\t<li>Keine beweglichen fehleranf\u00e4lligen Teile<\/li>\r\n\t\t\t<li>Es ist keine Kalibrierung des Sensors durch den Benutzer erforderlich<\/li>\t\t\t\r\n\t\t<\/ul>\r\n\t\t<\/div>\r\n\t\t<div>&nbsp;<\/div>\r\n\t\t<div><strong>Betrieb<\/strong><\/div>\r\n\t\t<div class=\"gl_ul_style3\">\r\n\t\t<ul>\r\n\t\t\t<li>Umbau des Sensors in ein anderes Fahrzeug m\u00f6glich<\/li>\r\n\t\t\t<li>Sensor und Verkabelung sind wasserfest<\/li>\r\n\t\t\t<li>Konfigurierbar f\u00fcr verschiedene Typen von fl\u00fcssigem Treibstoff (nicht f\u00fcr Wasser)<\/li>\r\n\t\t\t<li>Filterung der Messwerte<\/li>\r\n\t\t\t<li>Der Tankf\u00fcllstand wird vom Boden bis zur Decke des Tanks gemessen, unter einer H\u00f6he von 20 mm kann nicht gemessen werden<\/li>\t\t\t\r\n\t\t<\/ul>\r\n\t\t<\/div>\r\n\t\t<div>&nbsp;<\/div>\r\n\t\t<div><strong>Anwendung<\/strong><\/div>\r\n\t\t<div class=\"gl_ul_style3\">\r\n\t\t<ul>\r\n\t\t\t<li>Sehr geringe Stromaufnahme<\/li>\r\n\t\t\t<li>Molex Stecker f\u00fcr Stromversorgung und Schnittstellen<\/li>\r\n\t\t\t<li>Verbindungskabel 7 m<\/li>\r\n\t\t\t<li>Robustes Kunststoffgeh\u00e4use<\/li>\t\t\t\r\n\t\t<\/ul>\r\n\t\t<\/div>\r\n\t\t<div>&nbsp;<\/div>\r\n\t\t<div class=\"gl_h4big\">Technische Details<\/div>\r\n\t\t<div class=\"gl_ul_style3\">\r\n\t\t<ul>\r\n\t\t\t<li>Maximaltanktiefe: 200 cm<\/li>\r\n\t\t\t<li>Minimaltanktiefe: 2 cm<\/li>\r\n\t\t\t<li>Absolute Genauigkeit:<br>1 % (f\u00fcr Standard Diesel bei 25 \u00b0C)<\/li>\r\n\t\t\t<li>Messgenauigkeit: 12 bit<\/li>\r\n\t\t\t<li>Messperiode: 1 sek.<\/li>\t\r\n\t\t\t<li>Externe Stromversorgung:<br>7 bis 45 V<\/li>\t\r\n\t\t\t<li>Externer 24 V Versorgungsstrom: 0,6 bis 0,9 W<\/li>\t\r\n\t\t\t<li>Temperaturbereich ohne Akku:<br>-60 \u00b0C bis 85 \u00b0C<\/li>\t\r\n\t\t\t<li>Kabell\u00e4nge: 6 m<\/li>\r\n\t\t\t<li>Sensorl\u00e4nge (k\u00fcrzbar):<br>70 cm<br>100 cm<br>150 cm<br>200 cm<\/li>\t\t\r\n\t\t<\/ul>\r\n\t\t<\/div>\r\n\t\t\r\n\t\t<\/div>\r\n\t\t\r\n\t\t<div class=\"col-md-4\">\r\n\t\t\r\n\t\t<div class=\"gl_h4big\">Kombinationsm\u00f6glichkeiten<\/div>\r\n\t\t<div>ENAiKOON F\u00fcllstandssensor kapazitiv + <a href=\"https:\/\/www.enaikoon.com\/de\/geraete\/locate-serie\/locate-04\/\" title=\"\u00d6ffnet internen Link im aktuellen Fenster\">ENAiKOON locate-06<\/a> + <a href=\"https:\/\/www.enaikoon.com\/de\/software-de\/inviu-pro\/\" title=\"\u00d6ffnet internen Link im aktuellen Fenster\">inViu pro<\/a> + <a href=\"https:\/\/www.enaikoon.com\/de\/software-de\/plugins\/fuel-tracker\/\" title=\"\u00d6ffnet internen Link im aktuellen Fenster\">ENAiKOON fuel-tracker<\/a> + <a href=\"https:\/\/www.enaikoon.com\/de\/geraete\/zubehoer\/display\/\" title=\"\u00d6ffnet internen Link im aktuellen Fenster\">ENAiKOON display<\/a> + <a href=\"https:\/\/www.enaikoon.com\/de\/software-de\/plugins\/messenger\/\" title=\"\u00d6ffnet internen Link im aktuellen Fenster\">ENAiKOON messenger<\/a> = Tankf\u00fcllstand und Durchschnitts-Verbrauch von allen Treibstoffarten sowie Alarmierung bei Diebstahl oder sonstigem \u00fcberm\u00e4\u00dfigem Verbrauch von Treibstoff sowie jederzeitige schriftliche .Kommunikation mit dem Fahrer<\/div>\r\n\t\t<div class=\"gl_space_top15\">+ <a href=\"https:\/\/www.enaikoon.com\/de\/geraete\/inmarsat-serie-de\/inmarsat-600\/\" title=\"ENAiKOON inmarsat Ger\u00e4te\">ENAiKOON inmarsat Ger\u00e4te<\/a> = Ortung, Fernsteuerung und Fern\u00fcberwachung auch au\u00dferhalb der von Mobilfunk versorgten Gebiete, z.B. Ozeane, Regenwald, W\u00fcste, Arktis&#8230;<\/div>\r\n\t\t<div><a class=\"gl_button_grey\" rel=\"nofollow\" href=\"https:\/\/www.enaikoon.com\/fileadmin\/enaikoon\/Dateien\/pdf\/Datenblatt\/capacitive-sensor\/deutsch\/ENAiKOON_Tanksfuellstandssensor_kapazitiv_Datenblatt.pdf\" target=\"_blank\">Datenblatt herunterladen<\/a><\/div>\r\n\t\t<div><a class=\"gl_button_yellow\" href=\"https:\/\/www.enaikoon.com\/de\/geraete\/locate-serie\/locate-03\/\">locate-Serie<\/a><\/div>\r\n\t\t<div><a class=\"gl_button_blue\" href=\"https:\/\/www.enaikoon.com\/de\/kontakt\/kontakt\/\">Sprechen Sie uns an<\/a><\/div>\r\n\t\t\r\n\t\t<\/div>\r\n\t\t\r\n\t\t<div class=\"gl_row_space\"><\/div>\r\n\t\t\r\n\t<\/div>\r\n\r\n<\/div>","protected":false},"excerpt":{"rendered":"<p> [&hellip;]<\/p>\n","protected":false},"author":7,"featured_media":0,"parent":3809,"menu_order":0,"comment_status":"closed","ping_status":"closed","template":"","meta":{"footnotes":""},"acf":[],"_links":{"self":[{"href":"https:\/\/www.enaikoon.com\/de\/wp-json\/wp\/v2\/pages\/3815"}],"collection":[{"href":"https:\/\/www.enaikoon.com\/de\/wp-json\/wp\/v2\/pages"}],"about":[{"href":"https:\/\/www.enaikoon.com\/de\/wp-json\/wp\/v2\/types\/page"}],"author":[{"embeddable":true,"href":"https:\/\/www.enaikoon.com\/de\/wp-json\/wp\/v2\/users\/7"}],"replies":[{"embeddable":true,"href":"https:\/\/www.enaikoon.com\/de\/wp-json\/wp\/v2\/comments?post=3815"}],"version-history":[{"count":12,"href":"https:\/\/www.enaikoon.com\/de\/wp-json\/wp\/v2\/pages\/3815\/revisions"}],"predecessor-version":[{"id":7563,"href":"https:\/\/www.enaikoon.com\/de\/wp-json\/wp\/v2\/pages\/3815\/revisions\/7563"}],"up":[{"embeddable":true,"href":"https:\/\/www.enaikoon.com\/de\/wp-json\/wp\/v2\/pages\/3809"}],"wp:attachment":[{"href":"https:\/\/www.enaikoon.com\/de\/wp-json\/wp\/v2\/media?parent=3815"}],"curies":[{"name":"wp","href":"https:\/\/api.w.org\/{rel}","templated":true}]}}