{"id":3813,"date":"2016-07-18T05:13:22","date_gmt":"2016-07-18T05:13:22","guid":{"rendered":"https:\/\/www.enaikoon.com\/?page_id=3813"},"modified":"2022-09-29T15:04:22","modified_gmt":"2022-09-29T15:04:22","slug":"fuel-level-sensor","status":"publish","type":"page","link":"https:\/\/www.enaikoon.com\/de\/geraete\/zubehoer\/fuel-level-sensor\/","title":{"rendered":"fuel level sensor"},"content":{"rendered":"<div class=\"gl_slide_scroll_box\">\n<div class=\"gl_scroll_box\">\n<ul>\n \t<li><a class=\"gl_scroll_link_title\" title=\"SIM-card\" href=\"https:\/\/www.enaikoon.com\/de\/geraete\/zubehoer\/sim-card\/\">SIM-card<\/a>\n<a title=\"SIM-card\" href=\"https:\/\/www.enaikoon.com\/de\/geraete\/zubehoer\/sim-card\/\"><img decoding=\"async\" class=\"gl_scroll_link_img\" src=\"https:\/\/www.enaikoon.com\/wp-content\/uploads\/2016\/07\/SIM-card.png\" alt=\"\" border=\"0\" \/><\/a><\/li>\n \t<li><a class=\"gl_scroll_link_title\" title=\"fuel level sensor\" href=\"https:\/\/www.enaikoon.com\/de\/geraete\/zubehoer\/fuel-level-sensor\/\">fuel level sensor<\/a>\n<a title=\"fuel level sensor\" href=\"https:\/\/www.enaikoon.com\/de\/geraete\/zubehoer\/fuel-level-sensor\/\"><img decoding=\"async\" class=\"gl_scroll_link_img_active\" src=\"https:\/\/www.enaikoon.com\/wp-content\/uploads\/2016\/07\/fuel-level.png\" alt=\"\" border=\"0\" \/><\/a><\/li>\n \t<li><a class=\"gl_scroll_link_title\" title=\"capacitive sensor\" href=\"https:\/\/www.enaikoon.com\/de\/geraete\/zubehoer\/capacitive-sensor\/\">capacitive sensor<\/a>\n<a title=\"capacitive sensor\" href=\"https:\/\/www.enaikoon.com\/de\/geraete\/zubehoer\/capacitive-sensor\/\"><img decoding=\"async\" class=\"gl_scroll_link_img\" src=\"https:\/\/www.enaikoon.com\/wp-content\/uploads\/2016\/07\/capacitive.png\" alt=\"\" border=\"0\" \/><\/a><\/li>\n \t<li><a class=\"gl_scroll_link_title\" title=\"temp-sensor\" href=\"https:\/\/www.enaikoon.com\/de\/geraete\/zubehoer\/temp-sensor\/\">temp-sensor<\/a>\n<a title=\"temp-sensor\" href=\"https:\/\/www.enaikoon.com\/de\/geraete\/zubehoer\/temp-sensor\/\"><img decoding=\"async\" class=\"gl_scroll_link_img\" src=\"https:\/\/www.enaikoon.com\/wp-content\/uploads\/2016\/07\/temp.png\" alt=\"\" border=\"0\" \/><\/a><\/li>\n \t<li><a class=\"gl_scroll_link_title\" title=\"antenna\" href=\"https:\/\/www.enaikoon.com\/de\/geraete\/zubehoer\/antenna\/\">antenna<\/a>\n<a title=\"antenna\" href=\"https:\/\/www.enaikoon.com\/de\/geraete\/zubehoer\/antenna\/\"><img decoding=\"async\" class=\"gl_scroll_link_img\" src=\"https:\/\/www.enaikoon.com\/wp-content\/uploads\/2016\/07\/antenna.png\" alt=\"\" border=\"0\" \/><\/a><\/li>\n \t<li><a class=\"gl_scroll_link_title\" title=\"display\" href=\"https:\/\/www.enaikoon.com\/de\/geraete\/zubehoer\/display\/\">display<\/a>\n<a title=\"display\" href=\"https:\/\/www.enaikoon.com\/de\/geraete\/zubehoer\/display\/\"><img decoding=\"async\" class=\"gl_scroll_link_img\" src=\"https:\/\/www.enaikoon.com\/wp-content\/uploads\/2016\/07\/display.png\" alt=\"\" border=\"0\" \/><\/a><\/li>\n \t<li><a class=\"gl_scroll_link_title\" title=\"driver-id\" href=\"https:\/\/www.enaikoon.com\/de\/geraete\/zubehoer\/driver-id\/\">driver-id<\/a>\n<a title=\"driver-id\" href=\"https:\/\/www.enaikoon.com\/de\/geraete\/zubehoer\/driver-id\/\"><img decoding=\"async\" class=\"gl_scroll_link_img\" src=\"https:\/\/www.enaikoon.com\/wp-content\/uploads\/2016\/07\/driver-id.png\" alt=\"\" border=\"0\" \/><\/a><\/li>\n \t<li><a class=\"gl_scroll_link_title\" title=\"battery\" href=\"https:\/\/www.enaikoon.com\/de\/geraete\/zubehoer\/battery\/\">battery<\/a>\n<a title=\"battery\" href=\"https:\/\/www.enaikoon.com\/de\/geraete\/zubehoer\/battery\/\"><img decoding=\"async\" class=\"gl_scroll_link_img\" src=\"https:\/\/www.enaikoon.com\/wp-content\/uploads\/2016\/07\/battery.png\" alt=\"\" border=\"0\" \/><\/a><\/li>\n \t<li><a class=\"gl_scroll_link_title\" title=\"buzzer\" href=\"https:\/\/www.enaikoon.com\/de\/geraete\/zubehoer\/buzzer\/\">buzzer<\/a>\n<a title=\"buzzer\" href=\"https:\/\/www.enaikoon.com\/de\/geraete\/zubehoer\/buzzer\/\"><img decoding=\"async\" class=\"gl_scroll_link_img\" src=\"https:\/\/www.enaikoon.com\/wp-content\/uploads\/2016\/07\/buzzer.png\" alt=\"\" border=\"0\" \/><\/a><\/li>\n \t<li><a class=\"gl_scroll_link_title\" title=\"camera\" href=\"https:\/\/www.enaikoon.com\/de\/geraete\/zubehoer\/camera\/\">camera<\/a>\n<a title=\"camera\" href=\"https:\/\/www.enaikoon.com\/de\/geraete\/zubehoer\/camera\/\"><img decoding=\"async\" class=\"gl_scroll_link_img\" src=\"https:\/\/www.enaikoon.com\/wp-content\/uploads\/2016\/07\/camera.png\" alt=\"\" border=\"0\" \/><\/a><\/li>\n \t<li><a class=\"gl_scroll_link_title\" title=\"case\" href=\"https:\/\/www.enaikoon.com\/de\/geraete\/zubehoer\/case\/\">case<\/a>\n<a title=\"case\" href=\"https:\/\/www.enaikoon.com\/de\/geraete\/zubehoer\/case\/\"><img decoding=\"async\" class=\"gl_scroll_link_img\" src=\"https:\/\/www.enaikoon.com\/wp-content\/uploads\/2016\/07\/case.png\" alt=\"\" border=\"0\" \/><\/a><\/li>\n<\/ul>\n<\/div>\n<\/div>\n<div class=\"row\">\n<div class=\"gl_border-page\">\n\n<div class=\"col-md-4\">\n<h2>ENAiKOON\nultrasonic fuel\nlevel sensor<\/h2>\n<div class=\"clearfix\"><a title=\"The ENAiKOON ultrasonic fuel level sensor is the perfect solution for monitoring the fuel consumption and tank contents of vehicles.\" rel=\"nofollow\" href=\"https:\/\/www.enaikoon.com\/wp-content\/uploads\/2016\/07\/ENAiKOON_fuel_sensor_A_368x300_04.png\"><img decoding=\"async\" class=\"gl_space_bottom10\" src=\"https:\/\/www.enaikoon.com\/wp-content\/uploads\/2016\/07\/91222c0576.png\" alt=\"\" align=\"left\" border=\"0\" \/><\/a><\/div>\n<div class=\"gl_h5-italic\">Der <strong>ENAiKOON ultrasonic fuel-level sensor<\/strong> ist die perfekte L\u00f6sung zur \u00dcberwachung des Tankf\u00fcllstands und des Treibstoff-Verbrauchs von LKWs. Der Sensor arbeitet sowohl bei ein- wie auch bei ausgeschalteter Z\u00fcndung. Damit eignet sich der Sensor f\u00fcr die <strong>Alarmierung bei Treibstoff-Diebstahl<\/strong> in Echtzeit genauso wie f\u00fcr die Ermittlung des Treibstoff-Verbrauchs und der Restreichweite.<\/div>\n<div><\/div>\n<div class=\"gl_h5-italic\">Mit Hilfe des im Sensor eingebauten Temperaturf\u00fchlers erfolgt laufend eine temperaturabh\u00e4ngige Kompensation der Messwerte.<\/div>\n<div><\/div>\n<div class=\"gl_h5-italic\">Anders als bei vielen anderen Tankf\u00fcllstandssensoren erfolgt die Montage des ENAiKOON ultrasonic fuel-level sensors ohne Manipulation am Tank: kein Bohren, kein Schrauben, kein Entleeren des Tanks. Damit einhergehend entstehen keine Probleme bei der Stra\u00dfenzulassung, mit der Versicherung oder dem Leasing-\/ Vermietungs-Unternehmen.<\/div>\n<div><\/div>\n<div class=\"gl_h5-italic\">Der ENAiKOON ultrasonic fuel-level sensor besteht aus einem Stethoskop-\u00e4hnlichen Sensor, einer Messelektronik zur Optimierung der Messergebnisse sowie allen erforderlichen Verbindungskabeln. Er arbeitet in Verbindung mit den Telematikeinheiten <a title=\"ENAiKOON locate-04\" href=\"https:\/\/www.enaikoon.com\/de\/geraete\/locate-serie\/locate-04\/\">ENAiKOON locate-04<\/a> und <a title=\"ENAiKOON locate-06\" href=\"https:\/\/www.enaikoon.com\/de\/geraete\/locate-serie\/locate-06\/\">ENAiKOON locate-06<\/a> sowie <a title=\"inViu pro fuel tracker\" href=\"https:\/\/www.enaikoon.com\/de\/software-de\/inviu-pro\/\">inViu pro<\/a>, dem bew\u00e4hrten ENAiKOON Web- Portal f\u00fcr Ortung und Flottenmanagement.<\/div>\n<div><\/div>\n<div class=\"gl_h5-italic\">Die Messdaten werden jeweils zusammen mit einer GPSPosition zum Portal \u00fcbertragen, so dass jederzeit festgestellt werden kann, wann und wo Tankvorg\u00e4nge bzw. die Entnahme von Treibstoff stattgefunden haben.<\/div>\n<div><\/div>\n<div class=\"gl_h4big\">Einsatzgebiete<\/div>\n<div>LKWs, Tanklastz\u00fcge, gro\u00dfe Baumaschinen, Boote, Landmaschinen, Generatoren, feststehende Tanks<\/div>\n<\/div>\n\n<div class=\"col-md-4\">\n<div class=\"gl_h4big\">Hauptfunktionen<\/div>\n<div><\/div>\n<div class=\"gl_h5big\">Installation<\/div>\n<div class=\"gl_ul_style3\">\n<ul>\n \t<li>Einfache Installation durch Ankleben an der Tankunterseite<\/li>\n \t<li>Keine Umbauten am Tank<\/li>\n \t<li>Kein Kontakt mit Treibstoff<\/li>\n \t<li>Keine Tankentleerung notwendig<\/li>\n \t<li>Keine Modifikation der Fahrzeugelektrik ausgenommen Ger\u00e4testromversorgung<\/li>\n \t<li>Keine Kalibrierung erforderlich<\/li>\n \t<li>Erkennung von Trennelementen bei Tanks mit mehreren Kammern<\/li>\n<\/ul>\n<\/div>\n<div><\/div>\n<div class=\"gl_h5big\">Betrieb<\/div>\n<div class=\"gl_ul_style3\">\n<ul>\n \t<li>Bis zu 16 Tanksensoren sind an eine Telematikeinheit anschlie\u00dfbar<\/li>\n \t<li>Die Messwerte von mehreren Tanks k\u00f6nnen zu einem Gesamt-Tankvolumen zusammengefasst werden (z.B. bei LKWs mit Doppeltank)<\/li>\n \t<li>Temperaturkompensation der Messwerte<\/li>\n \t<li>Unempfindlich gegen Wasser im Tank<\/li>\n \t<li>Hohe Messgenauigkeit auch bei schwierigen Messbedingungen (Schwappen, Schr\u00e4glage &#8230;)<\/li>\n<\/ul>\n<\/div>\n<div><\/div>\n<div class=\"gl_h5big\">Anwendung<\/div>\n<div class=\"gl_ul_style3\">\n<ul>\n \t<li>Sensor und Anschl\u00fcsse sind wasserdicht<\/li>\n \t<li>F\u00fcr alle Treibstoffarten geeignet<\/li>\n \t<li>Extrem stromsparender Betrieb<\/li>\n \t<li>Eigene interne Stromversorgung f\u00fcr autarken Betrieb<\/li>\n \t<li>Robustes Aluminium-Geh\u00e4use<\/li>\n \t<li>F\u00fcr verschiedene Tankmaterialien geeignet (Alu, Stahl, Kunststoff &#8230;)<\/li>\n \t<li>F\u00fcr verschiedene Tankformen geeignet (kubisch, zylindrisch, konisch &#8230;)<\/li>\n \t<li>Hohe Messgenauigkeit von 0,1%\n(? 1 l bei einem 1000 l Tank)<\/li>\n<\/ul>\n<\/div>\n<div><\/div>\n<div class=\"gl_h4big\">Technische Details<\/div>\n<div class=\"gl_ul_style3\">\n<ul>\n \t<li>Maximaltanktiefe: 100 cm<\/li>\n \t<li>Minimaltanktiefe: 4 cm<\/li>\n \t<li>Absolute Genauigkeit: 4 mm\n(f\u00fcr Standard Diesel bei 25 \u00b0C)<\/li>\n \t<li>Relative Genauigkeit: 1 mm\n(f\u00fcr Standard Diesel bei 25 \u00b0C)<\/li>\n \t<li>Aufl\u00f6sung: 0,25 mm<\/li>\n \t<li>Max. Stra\u00dfenneigung: 6\u00b0 (10,5%)<\/li>\n \t<li>Externe Stromversorgung: 6-31 V<\/li>\n \t<li>Interne Batterie: 3,7 V, 950 mAh<\/li>\n \t<li>Erwartete Batterielaufzeit: 16 Tage f\u00fcr 950 mAh<\/li>\n \t<li>Batterie Lade-Temperaturbereich zwischen 0 \u00b0C und 50 \u00b0C)<\/li>\n \t<li>Ma\u00dfe der Elektronikbox: 104 x 107 x 37 mm (ohne Anschl\u00fcsse)<\/li>\n \t<li>Sensor Ma\u00dfe: 20 x 40 mm<\/li>\n \t<li>Kabell\u00e4nge: 7 m<\/li>\n<\/ul>\n<\/div>\n<\/div>\n\n<div class=\"col-md-4\">\n<div class=\"gl_h4big\">Kombinationsm\u00f6glichkeiten<\/div>\n<div>ENAiKOON ultrasonic fuel-level sensor + <a href=\"https:\/\/www.enaikoon.com\/de\/geraete\/locate-serie\/locate-04\/\">ENAiKOON locate-04<\/a> + <a href=\"https:\/\/www.enaikoon.com\/de\/software-de\/inviu-pro\/\">inViu pro<\/a> + <a href=\"https:\/\/www.enaikoon.com\/de\/software-de\/plugins\/fuel-tracker\/\">ENAiKOON fuel-tracker<\/a> = Tankf\u00fcllstand und Durchschnitts-Verbrauch von allen Treibstoffarten sowie Alarmierung bei Diebstahl oder sonstigem \u00fcberm\u00e4\u00dfigem Verbrauch von Treibstoff.<\/div>\n<div><\/div>\n<div>ENAiKOON ultrasonic fuel-level sensor + <a href=\"https:\/\/www.enaikoon.com\/de\/geraete\/locate-serie\/locate-06\/\">ENAiKOON locate-06<\/a> + <a href=\"https:\/\/www.enaikoon.com\/de\/software-de\/inviu-pro\/\">inViu pro<\/a> + <a href=\"https:\/\/www.enaikoon.com\/de\/software-de\/plugins\/fuel-tracker\/\">ENAiKOON fuel-tracker<\/a> + <a title=\"\u00d6ffnet internen Link im aktuellen Fenster\" href=\"https:\/\/www.enaikoon.com\/de\/geraete\/zubehoer\/display\/\">ENAiKOON display<\/a> + <a title=\"\u00d6ffnet internen Link im aktuellen Fenster\" href=\"https:\/\/www.enaikoon.com\/de\/software-de\/plugins\/messenger\/\">ENAiKOON messenger<\/a> = Tankf\u00fcllstand und Durchschnitts-Verbrauch von allen Treibstoffarten sowie Alarmierung bei Diebstahl oder sonstigem \u00fcberm\u00e4\u00dfigem Verbrauch von Treibstoff sowie jederzeitige schriftliche Kommunikation mit dem Fahrer.<\/div>\n<div><\/div>\n<div>+ <a href=\"https:\/\/www.enaikoon.com\/de\/geraete\/inmarsat-serie-de\/inmarsat-600\/\">inmarsat Ger\u00e4te<\/a> = Ortung, Fernsteuerung und Fern\u00fcberwachung auch au\u00dferhalb der von Mobilfunk versorgten Gebiete, z.B. Ozeane, Regenwald, W\u00fcste, Arktis&#8230;<\/div>\n<div><a class=\"gl_button_grey\" href=\"https:\/\/www.enaikoon.com\/fileadmin\/enaikoon\/Dateien\/pdf\/Datenblatt\/fuel-level-sensor\/deutsch\/ENAiKOON_fuel-level-sensor_Datenblatt.pdf\" target=\"_blank\" rel=\"nofollow\">Datenblatt herunterladen<\/a><\/div>\n<div><a class=\"gl_button_grey\" href=\"https:\/\/www.enaikoon.com\/fileadmin\/enaikoon\/Dateien\/pdf\/Datenblatt\/fuel-level-manual\/deutsch\/ENAiKOON_fuel-tracker_sensor_manual_with_data_protocol.pdf\" target=\"_blank\" rel=\"nofollow\">fuel-level Handbuch<\/a><\/div>\n<div><a class=\"gl_button_yellow\" href=\"https:\/\/www.enaikoon.com\/de\/geraete\/locate-serie\/locate-03\/\">locate-Serie<\/a><\/div>\n<div><a class=\"gl_button_blue\" href=\"https:\/\/www.enaikoon.com\/de\/kontakt\/kontakt\/\">Sprechen Sie uns an<\/a><\/div>\n<\/div>\n<div class=\"gl_row_space\"><\/div>\n<\/div>\n<\/div>","protected":false},"excerpt":{"rendered":"<p> [&hellip;]<\/p>\n","protected":false},"author":7,"featured_media":0,"parent":3809,"menu_order":0,"comment_status":"closed","ping_status":"closed","template":"","meta":{"footnotes":""},"acf":[],"_links":{"self":[{"href":"https:\/\/www.enaikoon.com\/de\/wp-json\/wp\/v2\/pages\/3813"}],"collection":[{"href":"https:\/\/www.enaikoon.com\/de\/wp-json\/wp\/v2\/pages"}],"about":[{"href":"https:\/\/www.enaikoon.com\/de\/wp-json\/wp\/v2\/types\/page"}],"author":[{"embeddable":true,"href":"https:\/\/www.enaikoon.com\/de\/wp-json\/wp\/v2\/users\/7"}],"replies":[{"embeddable":true,"href":"https:\/\/www.enaikoon.com\/de\/wp-json\/wp\/v2\/comments?post=3813"}],"version-history":[{"count":11,"href":"https:\/\/www.enaikoon.com\/de\/wp-json\/wp\/v2\/pages\/3813\/revisions"}],"predecessor-version":[{"id":18154,"href":"https:\/\/www.enaikoon.com\/de\/wp-json\/wp\/v2\/pages\/3813\/revisions\/18154"}],"up":[{"embeddable":true,"href":"https:\/\/www.enaikoon.com\/de\/wp-json\/wp\/v2\/pages\/3809"}],"wp:attachment":[{"href":"https:\/\/www.enaikoon.com\/de\/wp-json\/wp\/v2\/media?parent=3813"}],"curies":[{"name":"wp","href":"https:\/\/api.w.org\/{rel}","templated":true}]}}