{"id":3809,"date":"2016-07-18T05:10:16","date_gmt":"2016-07-18T05:10:16","guid":{"rendered":"https:\/\/www.enaikoon.com\/?page_id=3809"},"modified":"2016-08-09T03:47:12","modified_gmt":"2016-08-09T03:47:12","slug":"zubehoer","status":"publish","type":"page","link":"https:\/\/www.enaikoon.com\/de\/geraete\/zubehoer\/","title":{"rendered":"Zubeh\u00f6r"},"content":{"rendered":"<div class=\"gl_slide_scroll_box\">\r\n\t<div class=\"gl_scroll_box\">\r\n <noindex><\/noindex>        <ul>\r\n            <li><a class=\"gl_scroll_link_title\" href=\"https:\/\/www.enaikoon.com\/de\/geraete\/zubehoer\/sim-card\/\" title=\"SIM-card\">SIM-card<\/a><br\/>\r\n            <a href=\"https:\/\/www.enaikoon.com\/de\/geraete\/zubehoer\/sim-card\/\" title=\"SIM-card\"><img decoding=\"async\" class=\"gl_scroll_link_img_active\" src=\"https:\/\/www.enaikoon.com\/wp-content\/uploads\/2016\/07\/SIM-card.png\" border=\"0\"><\/a><\/li>\r\n            \r\n          \t<li><a class=\"gl_scroll_link_title\" href=\"https:\/\/www.enaikoon.com\/de\/geraete\/zubehoer\/fuel-level-sensor\/\" title=\"fuel level sensor\">fuel level sensor<\/a><br\/>\r\n            <a href=\"https:\/\/www.enaikoon.com\/de\/geraete\/zubehoer\/fuel-level-sensor\/\" title=\"fuel level sensor\"><img decoding=\"async\" class=\"gl_scroll_link_img\" src=\"https:\/\/www.enaikoon.com\/wp-content\/uploads\/2016\/07\/fuel-level.png\" border=\"0\"><\/a><\/li>\r\n            \r\n            <li><a class=\"gl_scroll_link_title\" href=\"https:\/\/www.enaikoon.com\/de\/geraete\/zubehoer\/capacitive-sensor\/\" title=\"capacitive sensor\">capacitive sensor<\/a><br\/>\r\n            <a href=\"https:\/\/www.enaikoon.com\/de\/geraete\/zubehoer\/capacitive-sensor\/\" title=\"capacitive sensor\"><img decoding=\"async\" class=\"gl_scroll_link_img\" src=\"https:\/\/www.enaikoon.com\/wp-content\/uploads\/2016\/07\/capacitive.png\" border=\"0\"><\/a><\/li>\r\n            \r\n            <li><a class=\"gl_scroll_link_title\" href=\"https:\/\/www.enaikoon.com\/de\/geraete\/zubehoer\/temp-sensor\/\" title=\"temp-sensor\">temp-sensor<\/a><br\/>\r\n            <a href=\"https:\/\/www.enaikoon.com\/de\/geraete\/zubehoer\/temp-sensor\/\" title=\"temp-sensor\"><img decoding=\"async\" class=\"gl_scroll_link_img\" src=\"https:\/\/www.enaikoon.com\/wp-content\/uploads\/2016\/07\/temp.png\" border=\"0\"><\/a><\/li>\r\n            \r\n            <li><a class=\"gl_scroll_link_title\" href=\"https:\/\/www.enaikoon.com\/de\/geraete\/zubehoer\/antenna\/\" title=\"antenna\">antenna<\/a><br\/>\r\n            <a href=\"https:\/\/www.enaikoon.com\/de\/geraete\/zubehoer\/antenna\/\" title=\"antenna\"><img decoding=\"async\" class=\"gl_scroll_link_img\" src=\"https:\/\/www.enaikoon.com\/wp-content\/uploads\/2016\/07\/antenna.png\" border=\"0\"><\/a><\/li>\r\n            \r\n            <li><a class=\"gl_scroll_link_title\" href=\"https:\/\/www.enaikoon.com\/de\/geraete\/zubehoer\/display\/\" title=\"display\">display<\/a><br\/>\r\n            <a href=\"https:\/\/www.enaikoon.com\/de\/geraete\/zubehoer\/display\/\" title=\"display\"><img decoding=\"async\" class=\"gl_scroll_link_img\" src=\"https:\/\/www.enaikoon.com\/wp-content\/uploads\/2016\/07\/display.png\" border=\"0\"><\/a><\/li>\r\n            \r\n            <li><a class=\"gl_scroll_link_title\" href=\"https:\/\/www.enaikoon.com\/de\/geraete\/zubehoer\/driver-id\/\" title=\"driver-id\">driver-id<\/a><br\/>\r\n            <a href=\"https:\/\/www.enaikoon.com\/de\/geraete\/zubehoer\/driver-id\/\" title=\"driver-id\"><img decoding=\"async\" class=\"gl_scroll_link_img\" src=\"https:\/\/www.enaikoon.com\/wp-content\/uploads\/2016\/07\/driver-id.png\" border=\"0\"><\/a><\/li>\r\n            \r\n            <li><a class=\"gl_scroll_link_title\" href=\"https:\/\/www.enaikoon.com\/de\/geraete\/zubehoer\/battery\/\" title=\"battery\">battery<\/a><br\/>\r\n            <a href=\"https:\/\/www.enaikoon.com\/de\/geraete\/zubehoer\/battery\/\" title=\"battery\"><img decoding=\"async\" class=\"gl_scroll_link_img\" src=\"https:\/\/www.enaikoon.com\/wp-content\/uploads\/2016\/07\/battery.png\" border=\"0\"><\/a><\/li>\r\n            \r\n            <li><a class=\"gl_scroll_link_title\" href=\"https:\/\/www.enaikoon.com\/de\/geraete\/zubehoer\/buzzer\/\" title=\"buzzer\">buzzer<\/a><br\/>\r\n            <a href=\"https:\/\/www.enaikoon.com\/de\/geraete\/zubehoer\/buzzer\/\" title=\"buzzer\"><img decoding=\"async\" class=\"gl_scroll_link_img\" src=\"https:\/\/www.enaikoon.com\/wp-content\/uploads\/2016\/07\/buzzer.png\" border=\"0\"><\/a><\/li>\r\n            \r\n            <li><a class=\"gl_scroll_link_title\" href=\"https:\/\/www.enaikoon.com\/de\/geraete\/zubehoer\/camera\/\" title=\"camera\">camera<\/a><br\/>\r\n            <a href=\"https:\/\/www.enaikoon.com\/de\/geraete\/zubehoer\/camera\/\" title=\"camera\"><img decoding=\"async\" class=\"gl_scroll_link_img\" src=\"https:\/\/www.enaikoon.com\/wp-content\/uploads\/2016\/07\/camera.png\" border=\"0\"><\/a><\/li>\r\n            \r\n            <li><a class=\"gl_scroll_link_title\" href=\"https:\/\/www.enaikoon.com\/de\/geraete\/zubehoer\/case\/\" title=\"case\">case<\/a><br\/>\r\n            <a href=\"https:\/\/www.enaikoon.com\/de\/geraete\/zubehoer\/case\/\" title=\"case\"><img decoding=\"async\" class=\"gl_scroll_link_img\" src=\"https:\/\/www.enaikoon.com\/wp-content\/uploads\/2016\/07\/case.png\" border=\"0\"><\/a><\/li>\r\n          \r\n        <\/ul>\r\n\r\n    <\/div>\r\n<\/div>\r\n\r\n<div class=\"row\">\r\n\r\n<div class=\"gl_border-page\">\r\n\t\t\r\n\t\t<div class=\"col-md-4\">\r\n\t\r\n\t\t<h2>ENAiKOON<br>SIM-card<\/h2>\r\n\t\t<div class=\"clearfix\"><a rel=\"nofollow\" href=\"https:\/\/www.enaikoon.com\/wp-content\/uploads\/2016\/07\/SimCard_368x300_inactive.png\" title=\"ENAiKOON SIM-card f\u00fcr alle Telematikanwendungen\"><img decoding=\"async\" src=\"https:\/\/www.enaikoon.com\/wp-content\/uploads\/2016\/07\/03072a3aec.png\" border=\"0\" align=\"left\" class=\"gl_space_bottom10\"\/><\/a><\/div>\r\n\t\t<div class=\"gl_h5-italic\">Einfach, g\u00fcnstig und immer gleichbleibende Mobilfunkgeb\u00fchr.<\/div>\r\n\t\t<div>&nbsp;<\/div>\t\r\n\t\t<div class=\"gl_h4big\">Hauptfunktionen<\/div>\r\n\t\t<div>Mit der ENAiKOON SIM-card sind Anwender von ENAiKOON Ortungsmodulen optimal bedient, denn diese SIM-Karten sind perfekt auf Telematikanwendungen abgestimmt.<\/div>\r\n\t\t<ul type=\"square\" class=\"gl_space_ul2\">\r\n\t\t\t<li class=\"gl_space_li\"><strong>2 Mobilfunknetze gleichzeitig<\/strong><br>\r\nBaumaschinen und andere mobile Objekte, die sich l\u00e4ngere Zeit nicht bewegen, sind durch Verwendung von zwei Mobilfunknetzen gleichzeitig in Deutschland und in vielen anderen L\u00e4ndern gut zu orten &#8211; auch dann, wenn eines der Funknetze am jeweiligen Standort ein Funkloch aufweist<\/li>\r\n\t\t\t<li class=\"gl_space_li\"><strong>Nur 1 Tarif f\u00fcr ganz Europa und dar\u00fcber hinaus<\/strong><\/li>\r\n\t\t\t<li class=\"gl_space_li\"><strong>ENAiKOON garantiert die monatlichen Maximalkosten:<\/strong><br>kein Risiko ungew\u00f6hnlich hoher Mobilfunkgeb\u00fchren!<\/li>\t\t\r\n\t\t<\/ul>\r\n\r\n\t\t<\/div>\r\n\t\t\r\n\t\t<div class=\"col-md-4\">\r\n\t\t\r\n\t\t<div class=\"gl_h4big\">L\u00e4nderabdeckung<\/div>\r\n\t\t<div><strong>Europa<\/strong><br>Albanien, Belgien, Bosnien und Herzegowina, Bulgarien, D\u00e4nemark, Deutschland, Estland, Finnland, Frankreich, Gibraltar, Griechenland, Gro\u00dfbritannien, Italien, Irland, Island, Jersey, Kosovo, Kroatien, Lettland, Liechtenstein, Litauen, Luxemburg, Korea, Malta, Mazedonien, Moldawien, Montenegro, Niederlande, Norwegen, \u00d6sterreich, Polen, Portugal, Rum\u00e4nien, Russland, Schweden, Schweiz, Serbien, Slowakei, Slowenien, Spanien, Tschechien, Ukraine, Ungarn, Wei\u00dfrussland, Zypern<\/div>\r\n\t\t<div>&nbsp;<\/div>\r\n\t\t<div class=\"clearfix\"><a rel=\"nofollow\" href=\"https:\/\/www.enaikoon.com\/wp-content\/uploads\/2016\/07\/Weltkarte_Colored9_Europe.jpg\" title=\"ENAiKOON SIM L\u00e4nderabdeckung Europa\"><img decoding=\"async\" src=\"https:\/\/www.enaikoon.com\/wp-content\/uploads\/2016\/07\/cd8e69d55f.jpg\" border=\"0\" align=\"left\"\/><\/a><\/div>\t\r\n\t\t<div>&nbsp;<\/div>\r\n\t\t<div><strong>Weitere L\u00e4nder<\/strong><br>\u00c4gypten, Argentinien, Armenien, Australien, Bangladesch, Brasilien, Chile, China, Costa Rica, Dominikanische Republik, Ecuador, El Salvador, Georgien, Guatemala, Honduras, Hongkong, Indien, Indonesien, Israel, Japan, Kanada, Kirgisistan, Kolumbien, Macao, Malaysia, Mexiko, Nicaragua, Neuseeland, Panama, Paraguay, Peru, Puerto Rico, Singapur, S\u00fcdafrika, S\u00fcdkorea, Tadschikistan, Tansania, Thailand, T\u00fcrkei und USA<\/div>\t\r\n\t\t<div>&nbsp;<\/div>\r\n\t\t<div class=\"clearfix\"><a rel=\"nofollow\" href=\"https:\/\/www.enaikoon.com\/wp-content\/uploads\/2016\/07\/edc3dad9fc.jpg\" title=\"ENAiKOON SIM L\u00e4nderabdeckung weltweit\"><img decoding=\"async\" src=\"https:\/\/www.enaikoon.com\/wp-content\/uploads\/2016\/07\/d8049dc32d.jpg\" border=\"0\" align=\"left\"\/><\/a><\/div>\t\t\r\n\r\n\t\t<\/div>\r\n\t\t\r\n\t\t<div class=\"col-md-4\">\r\n\t\t\r\n\t\t<div class=\"gl_h4big\">Kombinationsm\u00f6glichkeiten<\/div>\r\n\t\t<div>ENAiKOON SIM-card + <a href=\"https:\/\/www.enaikoon.com\/de\/geraete\/locate-serie\/locate-03\/\">ENAiKOON locate<\/a> = die perfekte Kombination und ma\u00dfgeschneiderte Datentarife f\u00fcr die verschiedenen Anwendungen.<\/div>\r\n\t\t<div><a class=\"gl_button_grey\" rel=\"nofollow\" href=\"https:\/\/www.enaikoon.com\/fileadmin\/enaikoon\/Dateien\/pdf\/Datenblatt\/sim-card\/deutsch\/ENAiKOON_SIM-card_Datenblatt.pdf\" target=\"_blank\">PDF HERUNTERLADEN<\/a><\/div>\r\n\t\t<div><a class=\"gl_button_yellow\" href=\"https:\/\/www.enaikoon.com\/de\/geraete\/locate-serie\/locate-03\/\">locate-Serie<\/a><\/div>\r\n\t\t<div><a class=\"gl_button_blue\" href=\"https:\/\/www.enaikoon.com\/de\/kontakt\/kontakt\/\">Sprechen Sie uns an<\/a><\/div>\r\n\t\t\r\n\t\t<\/div>\r\n\t\t\r\n\t\t<div class=\"gl_row_space\"><\/div>\r\n\t\t\r\n\t<\/div>\r\n\r\n<\/div>","protected":false},"excerpt":{"rendered":"<p> [&hellip;]<\/p>\n","protected":false},"author":7,"featured_media":0,"parent":3766,"menu_order":0,"comment_status":"closed","ping_status":"closed","template":"","meta":{"footnotes":""},"acf":[],"_links":{"self":[{"href":"https:\/\/www.enaikoon.com\/de\/wp-json\/wp\/v2\/pages\/3809"}],"collection":[{"href":"https:\/\/www.enaikoon.com\/de\/wp-json\/wp\/v2\/pages"}],"about":[{"href":"https:\/\/www.enaikoon.com\/de\/wp-json\/wp\/v2\/types\/page"}],"author":[{"embeddable":true,"href":"https:\/\/www.enaikoon.com\/de\/wp-json\/wp\/v2\/users\/7"}],"replies":[{"embeddable":true,"href":"https:\/\/www.enaikoon.com\/de\/wp-json\/wp\/v2\/comments?post=3809"}],"version-history":[{"count":4,"href":"https:\/\/www.enaikoon.com\/de\/wp-json\/wp\/v2\/pages\/3809\/revisions"}],"predecessor-version":[{"id":6913,"href":"https:\/\/www.enaikoon.com\/de\/wp-json\/wp\/v2\/pages\/3809\/revisions\/6913"}],"up":[{"embeddable":true,"href":"https:\/\/www.enaikoon.com\/de\/wp-json\/wp\/v2\/pages\/3766"}],"wp:attachment":[{"href":"https:\/\/www.enaikoon.com\/de\/wp-json\/wp\/v2\/media?parent=3809"}],"curies":[{"name":"wp","href":"https:\/\/api.w.org\/{rel}","templated":true}]}}