{"id":3803,"date":"2016-07-18T05:07:51","date_gmt":"2016-07-18T05:07:51","guid":{"rendered":"https:\/\/www.enaikoon.com\/?page_id=3803"},"modified":"2016-08-12T02:53:18","modified_gmt":"2016-08-12T02:53:18","slug":"rfid-serie-de","status":"publish","type":"page","link":"https:\/\/www.enaikoon.com\/de\/geraete\/rfid-serie-de\/","title":{"rendered":"RFID-Serie"},"content":{"rendered":"<div class=\"gl_slide_scroll_box\">\r\n\t<div class=\"gl_scroll_box\">\r\n <noindex><\/noindex>        <ul>\r\n            <li><a class=\"gl_scroll_link_title\" href=\"https:\/\/www.enaikoon.com\/de\/geraete\/rfid-serie-de\/rfid-tag-de\/\" title=\"rfid-tag\">rfid-tag<\/a><br\/>\r\n            <a href=\"https:\/\/www.enaikoon.com\/de\/geraete\/rfid-serie-de\/rfid-tag-de\/\" title=\"rfid-tag\"><img decoding=\"async\" class=\"gl_scroll_link_img_active\" src=\"https:\/\/www.enaikoon.com\/wp-content\/uploads\/2016\/07\/rfid-tag.png\" border=\"0\"><\/a><\/li>\r\n            \r\n          \t<li><a class=\"gl_scroll_link_title\" href=\"https:\/\/www.enaikoon.com\/de\/geraete\/rfid-serie-de\/time-29-de\/\" title=\"time-29\">time-29<\/a><br\/>\r\n            <a href=\"https:\/\/www.enaikoon.com\/de\/geraete\/rfid-serie-de\/time-29-de\/\" title=\"time-29\"><img decoding=\"async\" class=\"gl_scroll_link_img\" src=\"https:\/\/www.enaikoon.com\/wp-content\/uploads\/2016\/07\/time-29.png\" border=\"0\"><\/a><\/li>\r\n            \r\n\r\n        <\/ul>\r\n\r\n    <\/div>\r\n<\/div>\r\n\r\n<div class=\"row\">\r\n\r\n<div class=\"gl_border-page\">\r\n\t\t\r\n\t\t<div class=\"col-md-4\">\r\n\t\r\n\t\t<h2>ENAiKOON<br>rfid-tag<\/h2>\r\n\t\t<div class=\"clearfix\"><a rel=\"nofollow\" href=\"https:\/\/www.enaikoon.com\/wp-content\/uploads\/2016\/07\/ENAiKOON_NFC-TAGs_PicA_368x300_A_05.png\" title=\"ENAiKOON rfid-tag\"><img decoding=\"async\" src=\"https:\/\/www.enaikoon.com\/wp-content\/uploads\/2016\/07\/3b1a31a0ed.png\" border=\"0\" align=\"left\" class=\"gl_space_bottom10\"\/><\/a><\/div>\r\n\t\t<div class=\"gl_h5-italic\"><strong>ENAiKOON rfid-tag<\/strong> ist in verschiedenen Designs, Gr\u00f6\u00dfen und Formen erh\u00e4ltlich &#8211; abh\u00e4ngig vom Einsatzort. <\/div>\r\n\t\t<div>&nbsp;<\/div>\t\r\n\t\t<div class=\"gl_h5-italic\">Das Wort &#34;TAG&#34; wird im Sinne von &#34;Aufkleber&#34; verwendet.<\/div>\r\n\r\n\t\t<\/div>\r\n\t\t\r\n\t\t<div class=\"col-md-4\">\r\n\t\t\r\n\t\t<div class=\"gl_h4big\">Es gibt zwei Hauptarten von RFID TAGs<\/div>\r\n\t\t<div class=\"gl_space_top10\"><strong>Passive TAGs<\/strong><br>Passive RFID TAGs ben\u00f6tigen keine Batterie, daf\u00fcr bekommen sie ihre Energie von einem Leseger\u00e4t. Das Leseger\u00e4t enth\u00e4lt eine Antenne. In ihr wird ein Magnetfeld erzeugt, das geeignet ist den TAG mit Strom zu versorgen wenn Leseger\u00e4t und TAG dicht genug beieinander sind (typischerweise einige Zentimeter, max. einige Meter).<br>\r\nSo kann der TAG Informationen entgegen nehmen und auf ihm gespeicherte Informationen, z.B. eine weltweit einmalige Nummer, senden.<br>\r\nModerne Smartphones, z.B. Samsung Galaxy Nexus oder Samsung Galaxy Mini 2 haben solch ein Leseger\u00e4t eingebaut. In Verbindung mit Smartphones nennt sich die RFID-Technik <strong>&#34;NFC&#34;<\/strong>.<\/div>\t\r\n\t\t<div class=\"gl_space_top15\"><strong>Nachteile passiver TAGs<\/strong><\/div>\t\r\n\t\t<ul type=\"square\" class=\"gl_space_ul2\">\r\n\t\t\t<li class=\"gl_space_li\">Sie k\u00f6nnen maximal \u00fcber eine Entfernung von einigen Metern ausgelesen werden<\/li>\r\n\t\t\t<li class=\"gl_space_li\">Langsame Daten\u00fcbertragung<\/li>\t\r\n\t\t<\/ul>\r\n\t\t<div class=\"gl_space_top15\"><strong>Vorteile passiver TAGs<\/strong><\/div>\t\r\n\t\t<ul type=\"square\" class=\"gl_space_ul2\">\r\n\t\t\t<li class=\"gl_space_li\">Der Transponder funktioniert ohne Batterie, er h\u00e4lt mehr als 20 Jahre<\/li>\r\n\t\t\t<li class=\"gl_space_li\">Der Transponder ist sehr klein (manche TAGs haben die Gr\u00f6\u00dfe eines Reiskorns)<\/li>\r\n\t\t\t<li class=\"gl_space_li\">Die Transponder bieten nahezu unbegrenzte Einsatzm\u00f6glichkeiten in allen Bereichen<\/li>\t\t\r\n\t\t<\/ul>\r\n\t\t<div class=\"gl_space_top15\"><strong>Empfehlung:<\/strong><br>TAGs von NTAG sind beschreibbar, haben einen ausreichenden Platz zum Speichern von Informationen und k\u00f6nnen gegen \u00dcberschreiben gesichert werden.<\/div>\t\r\n\r\n\t\t<\/div>\r\n\t\t\r\n\t\t<div class=\"col-md-4\">\r\n\t\t\r\n\t\t<div class=\"gl_h4big\">&nbsp;<br>&nbsp;<\/div>\r\n\t\t<div>&nbsp;<\/div>\r\n\t\t<div><strong>Aktive TAGs<\/strong><br>Aktive TRANSPONDER verf\u00fcgen \u00fcber eine Batterie und k\u00f6nnen so \u00fcber eine deutlich gr\u00f6\u00dfere Reichweite ausgelesen werden (z.B. Container auf einem LKW).<br>Erh\u00e4ltlich sind sowohl wasserfest und staubresistent versiegelte Aufkleber, als auch welche mit auswechselbaren Batterien.<br>In den TAGs kann zus\u00e4tzliche Sensorik, z.B. Temperaturf\u00fchler, R\u00fcttelsensoren, Beschleunigungs-sensoren oder Feuchtigkeitssensoren untergebracht werden.<br>Aktive TAGs haben oft einen recht gro\u00dfen Speicher, so dass \u00fcber l\u00e4ngere Zeit Daten aufgezeichnet werden k\u00f6nnen.<\/div>\r\n\t\t<div class=\"gl_space_top15\"><strong>Nachteile aktiver TAGs<\/strong><\/div>\r\n\t\t<ul type=\"square\" class=\"gl_space_ul2\">\r\n\t\t\t<li class=\"gl_space_li\">Deutlich gr\u00f6\u00dfer als passive TAGs<\/li>\r\n\t\t\t<li class=\"gl_space_li\">Nach einiger Zeit muss die Batterie getauscht werden<\/li>\t\r\n\t\t<\/ul>\r\n\t\t<div class=\"gl_space_top15\"><strong>Vorteile aktiver TAGs<\/strong><\/div>\r\n\t\t<ul type=\"square\" class=\"gl_space_ul2\">\r\n\t\t\t<li class=\"gl_space_li\">Gr\u00f6\u00dfte \u00dcbertragungsgeschwindigkeit<\/li>\r\n\t\t\t<li class=\"gl_space_li\">H\u00f6here Datenbandbreite<\/li>\r\n\t\t\t<li class=\"gl_space_li\">Funktion unabh\u00e4ngig von einem Leseger\u00e4t<\/li>\t\r\n\t\t<\/ul>\r\n\t\t<div><a class=\"gl_button_blue\" href=\"https:\/\/www.enaikoon.com\/de\/kontakt\/kontakt\/\">Sprechen Sie uns an<\/a><\/div>\r\n\t\t\r\n\t\t<\/div>\r\n\t\t\r\n\t\t<div class=\"gl_row_space\"><\/div>\r\n\t\t\r\n\t<\/div>\r\n\r\n<\/div>","protected":false},"excerpt":{"rendered":"<p> [&hellip;]<\/p>\n","protected":false},"author":7,"featured_media":0,"parent":3766,"menu_order":0,"comment_status":"closed","ping_status":"closed","template":"","meta":{"footnotes":""},"acf":[],"_links":{"self":[{"href":"https:\/\/www.enaikoon.com\/de\/wp-json\/wp\/v2\/pages\/3803"}],"collection":[{"href":"https:\/\/www.enaikoon.com\/de\/wp-json\/wp\/v2\/pages"}],"about":[{"href":"https:\/\/www.enaikoon.com\/de\/wp-json\/wp\/v2\/types\/page"}],"author":[{"embeddable":true,"href":"https:\/\/www.enaikoon.com\/de\/wp-json\/wp\/v2\/users\/7"}],"replies":[{"embeddable":true,"href":"https:\/\/www.enaikoon.com\/de\/wp-json\/wp\/v2\/comments?post=3803"}],"version-history":[{"count":8,"href":"https:\/\/www.enaikoon.com\/de\/wp-json\/wp\/v2\/pages\/3803\/revisions"}],"predecessor-version":[{"id":8071,"href":"https:\/\/www.enaikoon.com\/de\/wp-json\/wp\/v2\/pages\/3803\/revisions\/8071"}],"up":[{"embeddable":true,"href":"https:\/\/www.enaikoon.com\/de\/wp-json\/wp\/v2\/pages\/3766"}],"wp:attachment":[{"href":"https:\/\/www.enaikoon.com\/de\/wp-json\/wp\/v2\/media?parent=3803"}],"curies":[{"name":"wp","href":"https:\/\/api.w.org\/{rel}","templated":true}]}}