{"id":3801,"date":"2016-07-18T05:06:02","date_gmt":"2016-07-18T05:06:02","guid":{"rendered":"https:\/\/www.enaikoon.com\/?page_id=3801"},"modified":"2019-07-29T14:06:46","modified_gmt":"2019-07-29T14:06:46","slug":"inmarsat-locate-30","status":"publish","type":"page","link":"https:\/\/www.enaikoon.com\/de\/geraete\/inmarsat-serie-de\/inmarsat-locate-30\/","title":{"rendered":"inmarsat-locate-30"},"content":{"rendered":"<div class=\"gl_slide_scroll_box\">\n<div class=\"gl_scroll_box\">\n <noindex><\/noindex>\n<ul>\n \t<li><a class=\"gl_scroll_link_title\" href=\"https:\/\/www.enaikoon.com\/de\/geraete\/inmarsat-serie-de\/inmarsat-600\/\" title=\"inmarsat-locate-600\">inmarsat-600<\/a>\n<a href=\"https:\/\/www.enaikoon.com\/de\/geraete\/inmarsat-serie-de\/inmarsat-600\/\" title=\"inmarsat-locate-600\"><img decoding=\"async\" class=\"gl_scroll_link_img\" src=\"https:\/\/www.enaikoon.com\/wp-content\/uploads\/2016\/07\/inmarsat-600.png\" alt=\"\" border=\"0\"><\/a><\/li>\n \t<li><a class=\"gl_scroll_link_title\" href=\"https:\/\/www.enaikoon.com\/de\/geraete\/inmarsat-serie-de\/inmarsat-locate-30\/\" title=\"inmarsat-locate-30\">inmarsat-locate-30<\/a>\n<a href=\"https:\/\/www.enaikoon.com\/de\/geraete\/inmarsat-serie-de\/inmarsat-locate-30\/\" title=\"inmarsat-locate-30\"><img decoding=\"async\" class=\"gl_scroll_link_img_active\" src=\"https:\/\/www.enaikoon.com\/wp-content\/uploads\/2016\/07\/inmarsat-locate-30.png\" alt=\"\" border=\"0\"><\/a><\/li>\n<\/ul>\n<\/div>\n<\/div>\n<div class=\"row\">\n<div class=\"gl_border-page\">\n\n\t\t<div class=\"col-md-4\">\n<h2>ENAiKOON\ninmarsat locate-30<\/h2>\n<div class=\"clearfix\"><a rel=\"nofollow\" href=\"https:\/\/www.enaikoon.com\/wp-content\/uploads\/2016\/07\/ENAiKOON_inmarsat_locate_03_A_368x300.png\" title=\"ENAiKOON-inmarsat-locate-30\"><img decoding=\"async\" src=\"https:\/\/www.enaikoon.com\/wp-content\/uploads\/2016\/07\/42899d5dc41.png\" class=\"gl_space_bottom10\" alt=\"\" border=\"0\" align=\"left\"><\/a><\/div>\n<div class=\"gl_h5-italic\"><strong>ENAiKOON inmarsat-locate-30<\/strong> ist die erfolgreiche Kombination der folgenden Komponenten: ein Inmarsat Modem, ein GSM \/ GPRS-Modem, ein GPS-Empf\u00e4nger und ein leistungsstarker Computer.<\/div>\n<div>&nbsp;<\/div>\n<div class=\"gl_h4big\">Anwendungen<\/div>\n<div>Anwendungen, bei denen die Sicherheit an erster Stelle steht, und daher zwei Funkkan\u00e4le ben\u00f6tigt werden; Anwendungen, die die sofortige Verf\u00fcgbarkeit von Fahrzeugdaten gew\u00e4hrleisten; Internationale Transporte mit niedrigem Kostenaufwand: je nach Verf\u00fcgbarkeit eines Mobilfunknetzes wird Inmarsat oder Mobilfunk verwendet.<\/div>\n<\/div>\n\n<div class=\"col-md-4\">\n<div class=\"gl_h4big\">Hauptfunktionen<\/div>\n<div class=\"gl_space_top10\"><strong>Inmarsat Modem<\/strong><\/div>\n<ul class=\"gl_space_ul2\" type=\"square\">\n \t<li class=\"gl_space_li\">bidirektionale Daten\u00fcbertragung<\/li>\n \t<li class=\"gl_space_li\">Weltweite Funktion, sogar in entfernten Gebieten (Ozeane, W\u00fcsten, Kriegsgebiete&#8230;)<\/li>\n<\/ul>\n<div class=\"gl_space_top15\"><strong>GSM \/ GPRS-Modem<\/strong><\/div>\n<ul class=\"gl_space_ul2\" type=\"square\">\n \t<li class=\"gl_space_li\">\u00dcbertr\u00e4gt Daten per GSM-Netz<\/li>\n \t<li class=\"gl_space_li\">schnelle und g\u00fcnstige Daten\u00fcbertragung<\/li>\n<\/ul>\n<div class=\"gl_space_top15\"><strong>GPS-Empf\u00e4nger<\/strong><\/div>\n<ul class=\"gl_space_ul2\" type=\"square\">\n \t<li class=\"gl_space_li\">exakte GPS-Positionierung weltweit<\/li>\n<\/ul>\n<div class=\"gl_space_top15\"><strong>Leistungsstarker Computer<\/strong><\/div>\n<ul class=\"gl_space_ul2\" type=\"square\">\n \t<li class=\"gl_space_li\">Sorgt daf\u00fcr, dass sowohl die Verarbeitung diverser Daten als auch die \u00dcbertragung reibungslos funktioniert<\/li>\n \t<li class=\"gl_space_li\">Der Computer w\u00e4hlt in jedem Fall die optimale Daten\u00fcbertragung<\/li>\n<\/ul>\n<div class=\"gl_space_top15\"><\/div>\n<div class=\"gl_h4big\">Technische Details<\/div>\n<div class=\"gl_space_top10\"><strong>Transceiver<\/strong><\/div>\n<div class=\"gl_ul_style3\">\n<ul>\n \t<li>Gr\u00f6\u00dfe: 178 x 113 x 37 mm<\/li>\n \t<li>Gewicht: 244 g<\/li>\n \t<li>Betriebstemperatur:\n-25 \u00b0C bis +85 \u00b0C<\/li>\n<\/ul>\n<\/div>\n<div class=\"gl_space_top15\"><strong>Satellitenantenne<\/strong><\/div>\n<div class=\"gl_ul_style3\">\n<ul>\n \t<li>Gr\u00f6\u00dfe: 126 x 93 x 25 mm<\/li>\n \t<li>Gewicht: 379 g<\/li>\n \t<li>Betriebstemperatur:\n-40 \u00b0C bis +85 \u00b0C<\/li>\n<\/ul>\n<\/div>\n<\/div>\n\n<div class=\"col-md-4\">\n<div class=\"gl_h4big\">Kombinationsm\u00f6glichkeiten<\/div>\n<div>ENAiKOON inmarsat-locate-30 + <a href=\"https:\/\/www.enaikoon.com\/de\/software-de\/inviu-web\/\">inViu web<\/a> oder <a href=\"https:\/\/www.enaikoon.com\/de\/software-de\/inviu-pro\/\">inViu pro<\/a> = Ortung, Fernsteuerung und Fern\u00fcberwachung auch au\u00dferhalb der von Mobilfunk versorgten Gebiete, z.B. Ozeane, Regenwald, W\u00fcste, Arktis&#8230;<\/div>\n<div>&nbsp;<\/div>\n<div>ENAiKOON inmarsat-locate-30 + <a href=\"https:\/\/www.enaikoon.com\/de\/geraete\/zubehoer\/temp-sensor\/\">temp-sensor<\/a> + <a href=\"https:\/\/www.enaikoon.com\/de\/software-de\/plugins\/temp-checker\/\">temp-checker<\/a> + <a href=\"https:\/\/www.enaikoon.com\/de\/software-de\/inviu-pro\/\">inViu pro<\/a> = Ortung, Fernsteuerung und Temperatur\u00fcberwachung auch au\u00dferhalb der von Mobilfunk versorgten Gebiete, z.B. Ozeane, Regenwald, W\u00fcste, Arktis&#8230;<\/div>\n<div>&nbsp;<\/div>\n<div>ENAiKOON inmarsat-locate-30 + <a href=\"https:\/\/www.enaikoon.com\/de\/software-de\/plugins\/fuel-tracker\/\">fuel-tracker<\/a> + <a href=\"https:\/\/www.enaikoon.com\/de\/software-de\/inviu-pro\/\">inViu pro<\/a> = bessere \u00dcbersicht \u00fcber Fuhrpark und Mitarbeiter sowie Live-\u00dcberwachung des Tankinhalts von Fahrzeugen und Maschinen und Schutz vor Treibstoffdiebstahl<\/div>\n<div><a class=\"gl_button_grey\" rel=\"nofollow\" href=\"https:\/\/www.enaikoon.com\/fileadmin\/enaikoon\/Dateien\/pdf\/Datenblatt\/inmarsat-locate-30\/deutsch\/ENAiKOON_inmarsat-locate-30_data_sheet.pdf\" target=\"_blank\">DATENBLATT HERUNTERLADEN<\/a><\/div>\n<div><a class=\"gl_button_blue\" href=\"https:\/\/www.enaikoon.com\/de\/kontakt\/kontakt\/\">Sprechen Sie uns an<\/a><\/div>\n<\/div>\n<div class=\"gl_row_space\"><\/div>\n<\/div>\n<\/div>","protected":false},"excerpt":{"rendered":"<p> [&hellip;]<\/p>\n","protected":false},"author":7,"featured_media":0,"parent":3796,"menu_order":0,"comment_status":"closed","ping_status":"closed","template":"","meta":{"footnotes":""},"acf":[],"_links":{"self":[{"href":"https:\/\/www.enaikoon.com\/de\/wp-json\/wp\/v2\/pages\/3801"}],"collection":[{"href":"https:\/\/www.enaikoon.com\/de\/wp-json\/wp\/v2\/pages"}],"about":[{"href":"https:\/\/www.enaikoon.com\/de\/wp-json\/wp\/v2\/types\/page"}],"author":[{"embeddable":true,"href":"https:\/\/www.enaikoon.com\/de\/wp-json\/wp\/v2\/users\/7"}],"replies":[{"embeddable":true,"href":"https:\/\/www.enaikoon.com\/de\/wp-json\/wp\/v2\/comments?post=3801"}],"version-history":[{"count":13,"href":"https:\/\/www.enaikoon.com\/de\/wp-json\/wp\/v2\/pages\/3801\/revisions"}],"predecessor-version":[{"id":16528,"href":"https:\/\/www.enaikoon.com\/de\/wp-json\/wp\/v2\/pages\/3801\/revisions\/16528"}],"up":[{"embeddable":true,"href":"https:\/\/www.enaikoon.com\/de\/wp-json\/wp\/v2\/pages\/3796"}],"wp:attachment":[{"href":"https:\/\/www.enaikoon.com\/de\/wp-json\/wp\/v2\/media?parent=3801"}],"curies":[{"name":"wp","href":"https:\/\/api.w.org\/{rel}","templated":true}]}}