{"id":3798,"date":"2016-07-18T05:05:09","date_gmt":"2016-07-18T05:05:09","guid":{"rendered":"https:\/\/www.enaikoon.com\/?page_id=3798"},"modified":"2019-07-29T14:16:08","modified_gmt":"2019-07-29T14:16:08","slug":"inmarsat-600","status":"publish","type":"page","link":"https:\/\/www.enaikoon.com\/de\/geraete\/inmarsat-serie-de\/inmarsat-600\/","title":{"rendered":"inmarsat-600"},"content":{"rendered":"<div class=\"gl_slide_scroll_box\">\n<div class=\"gl_scroll_box\">\n <noindex><\/noindex>\n<ul>\n \t<li><a class=\"gl_scroll_link_title\" href=\"https:\/\/www.enaikoon.com\/de\/geraete\/inmarsat-serie-de\/inmarsat-600\/\" title=\"inmarsat-600\">inmarsat-600<\/a>\n<a href=\"https:\/\/www.enaikoon.com\/de\/geraete\/inmarsat-serie-de\/inmarsat-600\/\" title=\"inmarsat-600\"><img decoding=\"async\" class=\"gl_scroll_link_img_active\" src=\"https:\/\/www.enaikoon.com\/wp-content\/uploads\/2016\/07\/inmarsat-600.png\" alt=\"\" border=\"0\"><\/a><\/li>\n \t<li><a class=\"gl_scroll_link_title\" href=\"https:\/\/www.enaikoon.com\/de\/geraete\/inmarsat-serie-de\/inmarsat-locate-30\/\" title=\"inmarsat-locate-30\">inmarsat-locate-30<\/a>\n<a href=\"https:\/\/www.enaikoon.com\/de\/geraete\/inmarsat-serie-de\/inmarsat-locate-30\/\" title=\"inmarsat-locate-30\"><img decoding=\"async\" class=\"gl_scroll_link_img\" src=\"https:\/\/www.enaikoon.com\/wp-content\/uploads\/2016\/07\/inmarsat-locate-30.png\" alt=\"\" border=\"0\"><\/a><\/li>\n<\/ul>\n<\/div>\n<\/div>\n<div class=\"row\">\n<div class=\"gl_border-page\">\n\n\t\t<div class=\"col-md-4\">\n<h2>ENAiKOON\ninmarsat-600<\/h2>\n<div class=\"clearfix\"><a rel=\"nofollow\" href=\"https:\/\/www.enaikoon.com\/wp-content\/uploads\/2016\/07\/ENAiKOON_inmarsat_600_A_368x300.png\" title=\"ENAiKOON-inmarsat-600\"><img decoding=\"async\" src=\"https:\/\/www.enaikoon.com\/wp-content\/uploads\/2016\/07\/cf7a9e6b3a1.png\" class=\"gl_space_bottom10\" alt=\"\" border=\"0\" align=\"left\"><\/a><\/div>\n<div class=\"gl_h5-italic\"><strong>ENAiKOON inmarsat-600<\/strong> ist unser leistungsstarkes \u00dcberwachungsger\u00e4t. Es wurde eigens daf\u00fcr entwickelt, mobile Objekte zu verfolgen und Daten zu sammeln. Weltweit &#8211; auch ohne Mobilfunk-Empfang durch die Nutzung von <a rel=\"nofollow\" href=\"http:\/\/www.inmarsat.com\/\" target=\"_blank\">Inmarsat<\/a>.<\/div>\n<div>&nbsp;<\/div>\n<div class=\"gl_h4big\">Anwendungen<\/div>\n<div>Bauindustrie, Autos, Container, gef\u00e4hrliche Fracht, F\u00e4hren, Fischereiflotten, Hei\u00dfluftballons, Hallen, H\u00e4user, Hubschrauber, Industrie, Pipelines, Polizeifahrzeuge.\nDie M\u00f6glichkeiten sind schier unbegrenzt!<\/div>\n<\/div>\n\n<div class=\"col-md-4\">\n<div class=\"gl_h4big\">Hauptfunktionen<\/div>\n<ul class=\"gl_space_ul2\" type=\"square\">\n \t<li class=\"gl_space_li\">Erlaubt \u00dcberwachung, Kontrolle und Ortung von mobilen Objekten<\/li>\n \t<li class=\"gl_space_li\">Sammelt, analysiert und \u00fcbertragt Daten auch ohne Mobilfunk-Netz<\/li>\n \t<li class=\"gl_space_li\">Die Daten\u00fcbertragungskosten sind dennoch vergleichbar mit den \u00fcblichen Mobilfunkkosten<\/li>\n \t<li class=\"gl_space_li\">Integrierte 2-Wege-Satelliten-\u00dcbertragung f\u00fcr Datenauswertungen wie: Temperatur, Druck, Schalterstellung, Geschwindigkeit, Richtung, H\u00f6he und vieles mehr<\/li>\n<\/ul>\n<div>&nbsp;<\/div>\n<div class=\"gl_h4big\">Technische Details<\/div>\n<div class=\"gl_ul_style3\">\n<ul>\n \t<li>Die aktuell weltweit kleinste 2-Wege-Inmarsat Station: 126&#215;126 mm, H\u00f6he 49 mm<\/li>\n \t<li>Niedriger Energieverbrauch, ideal f\u00fcr batteriebetriebene Ger\u00e4te<\/li>\n \t<li>Gro\u00dfe Temperaturbandbreite:\n-40 \u00b0C bis +85 \u00b0C<\/li>\n \t<li>Wartungsfrei, langlebig<\/li>\n<\/ul>\n<\/div>\n<\/div>\n\n<div class=\"col-md-4\">\n<div class=\"gl_h4big\">Kombinationsm\u00f6glichkeiten<\/div>\n<div>ENAiKOON inmarsat-600 + <a href=\"https:\/\/www.enaikoon.com\/de\/software-de\/inviu-web\/\">inViu web<\/a> oder <a href=\"https:\/\/www.enaikoon.com\/de\/software-de\/inviu-pro\/\">inViu pro<\/a> = Ortung, Fernsteuerung und Fern\u00fcberwachung auch au\u00dferhalb der von Mobilfunk versorgten Gebiete, z.B. Ozeane, Regenwald, W\u00fcste, Arktis&#8230;<\/div>\n<div>&nbsp;<\/div>\n<div>ENAiKOON inmarsat-600 + <a href=\"https:\/\/www.enaikoon.com\/de\/geraete\/zubehoer\/temp-sensor\/\">temp-sensor<\/a> + <a href=\"https:\/\/www.enaikoon.com\/de\/software-de\/plugins\/temp-checker\/\">temp-checker<\/a> + <a href=\"https:\/\/www.enaikoon.com\/de\/software-de\/inviu-pro\/\">inViu pro<\/a> = Ortung, Fernsteuerung und Temperatur\u00fcberwachung auch au\u00dferhalb der von Mobilfunk versorgten Gebiete, z.B. Ozeane, Regenwald, W\u00fcste, Arktis&#8230;<\/div>\n<div>&nbsp;<\/div>\n<div>ENAiKOON inmarsat-600 + <a href=\"https:\/\/www.enaikoon.com\/de\/software-de\/plugins\/fuel-tracker\/\">fuel-tracker<\/a> + <a href=\"https:\/\/www.enaikoon.com\/de\/software-de\/inviu-pro\/\">inViu pro<\/a> = bessere \u00dcbersicht \u00fcber Fuhrpark und Mitarbeiter sowie Live-\u00dcberwachung des Tankinhalts von Fahrzeugen und Maschinen und Schutz vor Treibstoffdiebstahl.<\/div>\n<div><a class=\"gl_button_grey\" rel=\"nofollow\" href=\"https:\/\/www.enaikoon.com\/fileadmin\/enaikoon\/Dateien\/pdf\/Datenblatt\/inmarsat-600\/deutsch\/ENAiKOON_inmarsat-600_data_sheet.pdf\" target=\"_blank\">DATENBLATT HERUNTERLADEN<\/a><\/div>\n<div><a class=\"gl_button_blue\" href=\"https:\/\/www.enaikoon.com\/de\/kontakt\/kontakt\/\">Sprechen Sie uns an<\/a><\/div>\n<\/div>\n<div class=\"gl_row_space\"><\/div>\n<\/div>\n<\/div>","protected":false},"excerpt":{"rendered":"<p> [&hellip;]<\/p>\n","protected":false},"author":7,"featured_media":0,"parent":3796,"menu_order":0,"comment_status":"closed","ping_status":"closed","template":"","meta":{"footnotes":""},"acf":[],"_links":{"self":[{"href":"https:\/\/www.enaikoon.com\/de\/wp-json\/wp\/v2\/pages\/3798"}],"collection":[{"href":"https:\/\/www.enaikoon.com\/de\/wp-json\/wp\/v2\/pages"}],"about":[{"href":"https:\/\/www.enaikoon.com\/de\/wp-json\/wp\/v2\/types\/page"}],"author":[{"embeddable":true,"href":"https:\/\/www.enaikoon.com\/de\/wp-json\/wp\/v2\/users\/7"}],"replies":[{"embeddable":true,"href":"https:\/\/www.enaikoon.com\/de\/wp-json\/wp\/v2\/comments?post=3798"}],"version-history":[{"count":8,"href":"https:\/\/www.enaikoon.com\/de\/wp-json\/wp\/v2\/pages\/3798\/revisions"}],"predecessor-version":[{"id":16527,"href":"https:\/\/www.enaikoon.com\/de\/wp-json\/wp\/v2\/pages\/3798\/revisions\/16527"}],"up":[{"embeddable":true,"href":"https:\/\/www.enaikoon.com\/de\/wp-json\/wp\/v2\/pages\/3796"}],"wp:attachment":[{"href":"https:\/\/www.enaikoon.com\/de\/wp-json\/wp\/v2\/media?parent=3798"}],"curies":[{"name":"wp","href":"https:\/\/api.w.org\/{rel}","templated":true}]}}